{"id":43680,"date":"2024-01-07T06:39:12","date_gmt":"2024-01-07T05:39:12","guid":{"rendered":"https:\/\/kicka.eu\/?post_type=product&#038;p=43680"},"modified":"2026-01-26T16:49:19","modified_gmt":"2026-01-26T15:49:19","slug":"amfetamin-test-multi-use","status":"publish","type":"product","link":"https:\/\/kicka.eu\/sv\/produkt\/amfetamin-test-multi-use\/","title":{"rendered":"Amfetamin Test &#8211; Multi Use"},"content":{"rendered":"","protected":false},"excerpt":{"rendered":"<p>Protest&#8217;s Amfetamin Testkit inkluderar 4 reagenser, b\u00e4st f\u00f6r amfetamin, metamfetamin, 2C-B, MDMA eller MDA, men ocks\u00e5 l\u00e4mpliga f\u00f6r benzofuraner, katjononer, opioider och mer. Det anv\u00e4nds f\u00f6r att positivt identifiera amfetamin, metamfetamin (inklusive 2-FA, 4-FA, 4-FMA etc.) och f\u00f6r att utesluta katjononer, DXM, PMA\/PMMA, eller andra, mindre f\u00f6ruts\u00e4gbara, mindre \u00f6nskv\u00e4rda, mycket giftiga farliga droger. Flera reagenser kr\u00e4vs f\u00f6r att uppt\u00e4cka f\u00f6roreningar och \u00f6ka analysprecisionen.<\/p>\n<p>Amfetamin Reagent Testkit inkluderar 4 reagenser (Marquis, Mecke, Robadope, Simon\u2019s), absorberande vermikulit, en porslinsreaktionsplatta, en spatel, handskar, instruktioner och app f\u00f6r alla testkit och \u00f6ver 800 substanser. Varje flaska inneh\u00e5ller 5 ml (v\u00e4tskor) eller 10 ml (kristaller), totalt 100 tester av varje. H\u00f6gkvalitativ HDPE och brunt b\u00e4rnstensf\u00e4rgat glas skyddar reagenser fr\u00e5n ljus, plast och fukt f\u00f6r att s\u00e4kerst\u00e4lla en f\u00f6rl\u00e4ngd h\u00e5llbarhet. Barns\u00e4kra kapsyler garanterar 0 spill.<\/p>\n","protected":false},"featured_media":43681,"comment_status":"open","ping_status":"closed","template":"","meta":{"_acf_changed":false,"_et_pb_use_builder":"","_et_pb_old_content":"","_et_gb_content_width":"","om_disable_all_campaigns":false,"_monsterinsights_skip_tracking":false,"_monsterinsights_sitenote_active":false,"_monsterinsights_sitenote_note":"","_monsterinsights_sitenote_category":0,"_uf_show_specific_survey":0,"_uf_disable_surveys":false},"product_cat":[30],"product_tag":[85],"class_list":{"0":"post-43680","1":"product","2":"type-product","3":"status-publish","4":"has-post-thumbnail","6":"product_cat-tillbehor","7":"product_tag-testkits","8":"pa_varumarken-protest","10":"first","11":"onbackorder","12":"taxable","13":"shipping-taxable","14":"purchasable","15":"product-type-simple"},"acf":[],"yoast_head":"<!-- This site is optimized with the Yoast SEO plugin v22.8 - https:\/\/yoast.com\/wordpress\/plugins\/seo\/ -->\n<title>Amfetamin Test - Multi Use - Kicka<\/title>\n<meta name=\"robots\" content=\"index, follow, max-snippet:-1, max-image-preview:large, max-video-preview:-1\" \/>\n<link rel=\"canonical\" href=\"https:\/\/kicka.eu\/sv\/produkt\/amfetamin-test-multi-use\/\" \/>\n<meta property=\"og:locale\" content=\"sv_SE\" \/>\n<meta property=\"og:type\" content=\"article\" \/>\n<meta property=\"og:title\" content=\"Amfetamin Test - Multi Use - Kicka\" \/>\n<meta property=\"og:description\" content=\"Protest&#039;s Amfetamin Testkit inkluderar 4 reagenser, b\u00e4st f\u00f6r amfetamin, metamfetamin, 2C-B, MDMA eller MDA, men ocks\u00e5 l\u00e4mpliga f\u00f6r benzofuraner, katjononer, opioider och mer. Det anv\u00e4nds f\u00f6r att positivt identifiera amfetamin, metamfetamin (inklusive 2-FA, 4-FA, 4-FMA etc.) och f\u00f6r att utesluta katjononer, DXM, PMA\/PMMA, eller andra, mindre f\u00f6ruts\u00e4gbara, mindre \u00f6nskv\u00e4rda, mycket giftiga farliga droger. Flera reagenser kr\u00e4vs f\u00f6r att uppt\u00e4cka f\u00f6roreningar och \u00f6ka analysprecisionen.  Amfetamin Reagent Testkit inkluderar 4 reagenser (Marquis, Mecke, Robadope, Simon\u2019s), absorberande vermikulit, en porslinsreaktionsplatta, en spatel, handskar, instruktioner och app f\u00f6r alla testkit och \u00f6ver 800 substanser. Varje flaska inneh\u00e5ller 5 ml (v\u00e4tskor) eller 10 ml (kristaller), totalt 100 tester av varje. H\u00f6gkvalitativ HDPE och brunt b\u00e4rnstensf\u00e4rgat glas skyddar reagenser fr\u00e5n ljus, plast och fukt f\u00f6r att s\u00e4kerst\u00e4lla en f\u00f6rl\u00e4ngd h\u00e5llbarhet. Barns\u00e4kra kapsyler garanterar 0 spill.\" \/>\n<meta property=\"og:url\" content=\"https:\/\/kicka.eu\/sv\/produkt\/amfetamin-test-multi-use\/\" \/>\n<meta property=\"og:site_name\" content=\"Kicka\" \/>\n<meta property=\"article:modified_time\" content=\"2026-01-26T15:49:19+00:00\" \/>\n<meta property=\"og:image\" content=\"https:\/\/kicka.eu\/wp-content\/uploads\/2024\/01\/Amfetamin-Test-Multi-Use.jpg\" \/>\n\t<meta property=\"og:image:width\" content=\"1429\" \/>\n\t<meta property=\"og:image:height\" content=\"1080\" \/>\n\t<meta property=\"og:image:type\" content=\"image\/jpeg\" \/>\n<meta name=\"twitter:card\" content=\"summary_large_image\" \/>\n<meta name=\"twitter:label1\" content=\"Ber\u00e4knad l\u00e4stid\" \/>\n\t<meta name=\"twitter:data1\" content=\"1 minut\" \/>\n<script type=\"application\/ld+json\" class=\"yoast-schema-graph\">{\"@context\":\"https:\/\/schema.org\",\"@graph\":[{\"@type\":\"WebPage\",\"@id\":\"https:\/\/kicka.eu\/sv\/produkt\/amfetamin-test-multi-use\/\",\"url\":\"https:\/\/kicka.eu\/sv\/produkt\/amfetamin-test-multi-use\/\",\"name\":\"Amfetamin Test - Multi Use - Kicka\",\"isPartOf\":{\"@id\":\"https:\/\/kicka.eu\/sv\/#website\"},\"primaryImageOfPage\":{\"@id\":\"https:\/\/kicka.eu\/sv\/produkt\/amfetamin-test-multi-use\/#primaryimage\"},\"image\":{\"@id\":\"https:\/\/kicka.eu\/sv\/produkt\/amfetamin-test-multi-use\/#primaryimage\"},\"thumbnailUrl\":\"https:\/\/kicka.eu\/wp-content\/uploads\/2024\/01\/Amfetamin-Test-Multi-Use.jpg\",\"datePublished\":\"2024-01-07T05:39:12+00:00\",\"dateModified\":\"2026-01-26T15:49:19+00:00\",\"breadcrumb\":{\"@id\":\"https:\/\/kicka.eu\/sv\/produkt\/amfetamin-test-multi-use\/#breadcrumb\"},\"inLanguage\":\"sv-SE\",\"potentialAction\":[{\"@type\":\"ReadAction\",\"target\":[\"https:\/\/kicka.eu\/sv\/produkt\/amfetamin-test-multi-use\/\"]}]},{\"@type\":\"ImageObject\",\"inLanguage\":\"sv-SE\",\"@id\":\"https:\/\/kicka.eu\/sv\/produkt\/amfetamin-test-multi-use\/#primaryimage\",\"url\":\"https:\/\/kicka.eu\/wp-content\/uploads\/2024\/01\/Amfetamin-Test-Multi-Use.jpg\",\"contentUrl\":\"https:\/\/kicka.eu\/wp-content\/uploads\/2024\/01\/Amfetamin-Test-Multi-Use.jpg\",\"width\":1429,\"height\":1080},{\"@type\":\"BreadcrumbList\",\"@id\":\"https:\/\/kicka.eu\/sv\/produkt\/amfetamin-test-multi-use\/#breadcrumb\",\"itemListElement\":[{\"@type\":\"ListItem\",\"position\":1,\"name\":\"Home\",\"item\":\"https:\/\/kicka.eu\/sv\/\"},{\"@type\":\"ListItem\",\"position\":2,\"name\":\"Shop\",\"item\":\"https:\/\/kicka.eu\/sv\/shop\/\"},{\"@type\":\"ListItem\",\"position\":3,\"name\":\"Amfetamin Test &#8211; Multi Use\"}]},{\"@type\":\"WebSite\",\"@id\":\"https:\/\/kicka.eu\/sv\/#website\",\"url\":\"https:\/\/kicka.eu\/sv\/\",\"name\":\"Kicka\",\"description\":\"Online Headshop\",\"publisher\":{\"@id\":\"https:\/\/kicka.eu\/sv\/#organization\"},\"potentialAction\":[{\"@type\":\"SearchAction\",\"target\":{\"@type\":\"EntryPoint\",\"urlTemplate\":\"https:\/\/kicka.eu\/sv\/?s={search_term_string}\"},\"query-input\":\"required name=search_term_string\"}],\"inLanguage\":\"sv-SE\"},{\"@type\":\"Organization\",\"@id\":\"https:\/\/kicka.eu\/sv\/#organization\",\"name\":\"Kicka\",\"url\":\"https:\/\/kicka.eu\/sv\/\",\"logo\":{\"@type\":\"ImageObject\",\"inLanguage\":\"sv-SE\",\"@id\":\"https:\/\/kicka.eu\/sv\/#\/schema\/logo\/image\/\",\"url\":\"https:\/\/kicka.eu\/wp-content\/uploads\/2023\/08\/Kicka-Logo.png\",\"contentUrl\":\"https:\/\/kicka.eu\/wp-content\/uploads\/2023\/08\/Kicka-Logo.png\",\"width\":233,\"height\":233,\"caption\":\"Kicka\"},\"image\":{\"@id\":\"https:\/\/kicka.eu\/sv\/#\/schema\/logo\/image\/\"}}]}<\/script>\n<!-- \/ Yoast SEO plugin. -->","yoast_head_json":{"title":"Amfetamin Test - Multi Use - Kicka","robots":{"index":"index","follow":"follow","max-snippet":"max-snippet:-1","max-image-preview":"max-image-preview:large","max-video-preview":"max-video-preview:-1"},"canonical":"https:\/\/kicka.eu\/sv\/produkt\/amfetamin-test-multi-use\/","og_locale":"sv_SE","og_type":"article","og_title":"Amfetamin Test - Multi Use - Kicka","og_description":"Protest's Amfetamin Testkit inkluderar 4 reagenser, b\u00e4st f\u00f6r amfetamin, metamfetamin, 2C-B, MDMA eller MDA, men ocks\u00e5 l\u00e4mpliga f\u00f6r benzofuraner, katjononer, opioider och mer. Det anv\u00e4nds f\u00f6r att positivt identifiera amfetamin, metamfetamin (inklusive 2-FA, 4-FA, 4-FMA etc.) och f\u00f6r att utesluta katjononer, DXM, PMA\/PMMA, eller andra, mindre f\u00f6ruts\u00e4gbara, mindre \u00f6nskv\u00e4rda, mycket giftiga farliga droger. Flera reagenser kr\u00e4vs f\u00f6r att uppt\u00e4cka f\u00f6roreningar och \u00f6ka analysprecisionen.  Amfetamin Reagent Testkit inkluderar 4 reagenser (Marquis, Mecke, Robadope, Simon\u2019s), absorberande vermikulit, en porslinsreaktionsplatta, en spatel, handskar, instruktioner och app f\u00f6r alla testkit och \u00f6ver 800 substanser. Varje flaska inneh\u00e5ller 5 ml (v\u00e4tskor) eller 10 ml (kristaller), totalt 100 tester av varje. H\u00f6gkvalitativ HDPE och brunt b\u00e4rnstensf\u00e4rgat glas skyddar reagenser fr\u00e5n ljus, plast och fukt f\u00f6r att s\u00e4kerst\u00e4lla en f\u00f6rl\u00e4ngd h\u00e5llbarhet. Barns\u00e4kra kapsyler garanterar 0 spill.","og_url":"https:\/\/kicka.eu\/sv\/produkt\/amfetamin-test-multi-use\/","og_site_name":"Kicka","article_modified_time":"2026-01-26T15:49:19+00:00","og_image":[{"width":1429,"height":1080,"url":"https:\/\/kicka.eu\/wp-content\/uploads\/2024\/01\/Amfetamin-Test-Multi-Use.jpg","type":"image\/jpeg"}],"twitter_card":"summary_large_image","twitter_misc":{"Ber\u00e4knad l\u00e4stid":"1 minut"},"schema":{"@context":"https:\/\/schema.org","@graph":[{"@type":"WebPage","@id":"https:\/\/kicka.eu\/sv\/produkt\/amfetamin-test-multi-use\/","url":"https:\/\/kicka.eu\/sv\/produkt\/amfetamin-test-multi-use\/","name":"Amfetamin Test - Multi Use - Kicka","isPartOf":{"@id":"https:\/\/kicka.eu\/sv\/#website"},"primaryImageOfPage":{"@id":"https:\/\/kicka.eu\/sv\/produkt\/amfetamin-test-multi-use\/#primaryimage"},"image":{"@id":"https:\/\/kicka.eu\/sv\/produkt\/amfetamin-test-multi-use\/#primaryimage"},"thumbnailUrl":"https:\/\/kicka.eu\/wp-content\/uploads\/2024\/01\/Amfetamin-Test-Multi-Use.jpg","datePublished":"2024-01-07T05:39:12+00:00","dateModified":"2026-01-26T15:49:19+00:00","breadcrumb":{"@id":"https:\/\/kicka.eu\/sv\/produkt\/amfetamin-test-multi-use\/#breadcrumb"},"inLanguage":"sv-SE","potentialAction":[{"@type":"ReadAction","target":["https:\/\/kicka.eu\/sv\/produkt\/amfetamin-test-multi-use\/"]}]},{"@type":"ImageObject","inLanguage":"sv-SE","@id":"https:\/\/kicka.eu\/sv\/produkt\/amfetamin-test-multi-use\/#primaryimage","url":"https:\/\/kicka.eu\/wp-content\/uploads\/2024\/01\/Amfetamin-Test-Multi-Use.jpg","contentUrl":"https:\/\/kicka.eu\/wp-content\/uploads\/2024\/01\/Amfetamin-Test-Multi-Use.jpg","width":1429,"height":1080},{"@type":"BreadcrumbList","@id":"https:\/\/kicka.eu\/sv\/produkt\/amfetamin-test-multi-use\/#breadcrumb","itemListElement":[{"@type":"ListItem","position":1,"name":"Home","item":"https:\/\/kicka.eu\/sv\/"},{"@type":"ListItem","position":2,"name":"Shop","item":"https:\/\/kicka.eu\/sv\/shop\/"},{"@type":"ListItem","position":3,"name":"Amfetamin Test &#8211; Multi Use"}]},{"@type":"WebSite","@id":"https:\/\/kicka.eu\/sv\/#website","url":"https:\/\/kicka.eu\/sv\/","name":"Kicka","description":"Online Headshop","publisher":{"@id":"https:\/\/kicka.eu\/sv\/#organization"},"potentialAction":[{"@type":"SearchAction","target":{"@type":"EntryPoint","urlTemplate":"https:\/\/kicka.eu\/sv\/?s={search_term_string}"},"query-input":"required name=search_term_string"}],"inLanguage":"sv-SE"},{"@type":"Organization","@id":"https:\/\/kicka.eu\/sv\/#organization","name":"Kicka","url":"https:\/\/kicka.eu\/sv\/","logo":{"@type":"ImageObject","inLanguage":"sv-SE","@id":"https:\/\/kicka.eu\/sv\/#\/schema\/logo\/image\/","url":"https:\/\/kicka.eu\/wp-content\/uploads\/2023\/08\/Kicka-Logo.png","contentUrl":"https:\/\/kicka.eu\/wp-content\/uploads\/2023\/08\/Kicka-Logo.png","width":233,"height":233,"caption":"Kicka"},"image":{"@id":"https:\/\/kicka.eu\/sv\/#\/schema\/logo\/image\/"}}]}},"_links":{"self":[{"href":"https:\/\/kicka.eu\/sv\/wp-json\/wp\/v2\/product\/43680","targetHints":{"allow":["GET"]}}],"collection":[{"href":"https:\/\/kicka.eu\/sv\/wp-json\/wp\/v2\/product"}],"about":[{"href":"https:\/\/kicka.eu\/sv\/wp-json\/wp\/v2\/types\/product"}],"replies":[{"embeddable":true,"href":"https:\/\/kicka.eu\/sv\/wp-json\/wp\/v2\/comments?post=43680"}],"wp:featuredmedia":[{"embeddable":true,"href":"https:\/\/kicka.eu\/sv\/wp-json\/wp\/v2\/media\/43681"}],"wp:attachment":[{"href":"https:\/\/kicka.eu\/sv\/wp-json\/wp\/v2\/media?parent=43680"}],"wp:term":[{"taxonomy":"product_cat","embeddable":true,"href":"https:\/\/kicka.eu\/sv\/wp-json\/wp\/v2\/product_cat?post=43680"},{"taxonomy":"product_tag","embeddable":true,"href":"https:\/\/kicka.eu\/sv\/wp-json\/wp\/v2\/product_tag?post=43680"}],"curies":[{"name":"wp","href":"https:\/\/api.w.org\/{rel}","templated":true}]}}