{"id":43664,"date":"2024-01-07T05:47:25","date_gmt":"2024-01-07T04:47:25","guid":{"rendered":"https:\/\/kicka.eu\/?post_type=product&#038;p=43664"},"modified":"2026-04-07T20:18:07","modified_gmt":"2026-04-07T18:18:07","slug":"fentanyl-test-strips-single-strips","status":"publish","type":"product","link":"https:\/\/kicka.eu\/sv\/produkt\/fentanyl-test-strips-single-strips\/","title":{"rendered":"Fentanyl Test Strips &#8211; Single Strips"},"content":{"rendered":"","protected":false},"excerpt":{"rendered":"<p>F\u00f6r den erfarna anv\u00e4ndaren, som \u00e4r utrustad med r\u00e4tt verktyg f\u00f6r att v\u00e4ga prover och m\u00e4ta v\u00e4tskevolymer, \u00e4r Dosetest&#8217;s Enskilda Testremsor f\u00f6r Fentanylanalys ett kostnadseffektivt alternativ. Dosetest&#8217;s online-app integreras s\u00f6ml\u00f6st, anpassar sig till din utrustning och det valda \u00e4mnet f\u00f6r att hj\u00e4lpa dig genomf\u00f6ra Fentanyltestet korrekt och effektivt.<\/p>\n<p>F\u00f6r de som f\u00f6redrar en komplett, anv\u00e4ndarv\u00e4nlig l\u00f6sning, \u00e4r Dosetest&#8217;s Allt-i-Ett Kit svaret. Det ger dig allt du beh\u00f6ver f\u00f6r att enkelt testa f\u00f6r Fentanyl.<\/p>\n<ul>\n<li>En anv\u00e4ndning per remsa<\/li>\n<li>Testade av oberoende laboratorier<\/li>\n<li>Reagerar p\u00e5 \u00f6ver 20 olika Fentanylvarianter<\/li>\n<\/ul>\n","protected":false},"featured_media":43665,"comment_status":"open","ping_status":"closed","template":"","meta":{"_acf_changed":false,"_et_pb_use_builder":"","_et_pb_old_content":"","_et_gb_content_width":"","om_disable_all_campaigns":false,"_monsterinsights_skip_tracking":false,"_monsterinsights_sitenote_active":false,"_monsterinsights_sitenote_note":"","_monsterinsights_sitenote_category":0,"_uf_show_specific_survey":0,"_uf_disable_surveys":false},"product_cat":[30],"product_tag":[85],"class_list":{"0":"post-43664","1":"product","2":"type-product","3":"status-publish","4":"has-post-thumbnail","6":"product_cat-tillbehor","7":"product_tag-testkits","8":"pa_varumarken-dosetest","10":"first","11":"onbackorder","12":"taxable","13":"shipping-taxable","14":"purchasable","15":"product-type-simple"},"acf":[],"yoast_head":"<!-- This site is optimized with the Yoast SEO plugin v22.8 - https:\/\/yoast.com\/wordpress\/plugins\/seo\/ -->\n<title>Fentanyl Test Strips - Single Strips - Kicka<\/title>\n<meta name=\"robots\" content=\"index, follow, max-snippet:-1, max-image-preview:large, max-video-preview:-1\" \/>\n<link rel=\"canonical\" href=\"https:\/\/kicka.eu\/sv\/produkt\/fentanyl-test-strips-single-strips\/\" \/>\n<meta property=\"og:locale\" content=\"sv_SE\" \/>\n<meta property=\"og:type\" content=\"article\" \/>\n<meta property=\"og:title\" content=\"Fentanyl Test Strips - Single Strips - Kicka\" \/>\n<meta property=\"og:description\" content=\"F\u00f6r den erfarna anv\u00e4ndaren, som \u00e4r utrustad med r\u00e4tt verktyg f\u00f6r att v\u00e4ga prover och m\u00e4ta v\u00e4tskevolymer, \u00e4r Dosetest&#039;s Enskilda Testremsor f\u00f6r Fentanylanalys ett kostnadseffektivt alternativ. Dosetest&#039;s online-app integreras s\u00f6ml\u00f6st, anpassar sig till din utrustning och det valda \u00e4mnet f\u00f6r att hj\u00e4lpa dig genomf\u00f6ra Fentanyltestet korrekt och effektivt.  F\u00f6r de som f\u00f6redrar en komplett, anv\u00e4ndarv\u00e4nlig l\u00f6sning, \u00e4r Dosetest&#039;s Allt-i-Ett Kit svaret. Det ger dig allt du beh\u00f6ver f\u00f6r att enkelt testa f\u00f6r Fentanyl.   En anv\u00e4ndning per remsa  Testade av oberoende laboratorier  Reagerar p\u00e5 \u00f6ver 20 olika Fentanylvarianter\" \/>\n<meta property=\"og:url\" content=\"https:\/\/kicka.eu\/sv\/produkt\/fentanyl-test-strips-single-strips\/\" \/>\n<meta property=\"og:site_name\" content=\"Kicka\" \/>\n<meta property=\"article:modified_time\" content=\"2026-04-07T18:18:07+00:00\" \/>\n<meta property=\"og:image\" content=\"https:\/\/kicka.eu\/wp-content\/uploads\/2024\/01\/Fentanyl-Test-Strip.jpg\" \/>\n\t<meta property=\"og:image:width\" content=\"650\" \/>\n\t<meta property=\"og:image:height\" content=\"405\" \/>\n\t<meta property=\"og:image:type\" content=\"image\/jpeg\" \/>\n<meta name=\"twitter:card\" content=\"summary_large_image\" \/>\n<meta name=\"twitter:label1\" content=\"Ber\u00e4knad l\u00e4stid\" \/>\n\t<meta name=\"twitter:data1\" content=\"1 minut\" \/>\n<script type=\"application\/ld+json\" class=\"yoast-schema-graph\">{\"@context\":\"https:\/\/schema.org\",\"@graph\":[{\"@type\":\"WebPage\",\"@id\":\"https:\/\/kicka.eu\/sv\/produkt\/fentanyl-test-strips-single-strips\/\",\"url\":\"https:\/\/kicka.eu\/sv\/produkt\/fentanyl-test-strips-single-strips\/\",\"name\":\"Fentanyl Test Strips - Single Strips - Kicka\",\"isPartOf\":{\"@id\":\"https:\/\/kicka.eu\/sv\/#website\"},\"primaryImageOfPage\":{\"@id\":\"https:\/\/kicka.eu\/sv\/produkt\/fentanyl-test-strips-single-strips\/#primaryimage\"},\"image\":{\"@id\":\"https:\/\/kicka.eu\/sv\/produkt\/fentanyl-test-strips-single-strips\/#primaryimage\"},\"thumbnailUrl\":\"https:\/\/kicka.eu\/wp-content\/uploads\/2024\/01\/Fentanyl-Test-Strip.jpg\",\"datePublished\":\"2024-01-07T04:47:25+00:00\",\"dateModified\":\"2026-04-07T18:18:07+00:00\",\"breadcrumb\":{\"@id\":\"https:\/\/kicka.eu\/sv\/produkt\/fentanyl-test-strips-single-strips\/#breadcrumb\"},\"inLanguage\":\"sv-SE\",\"potentialAction\":[{\"@type\":\"ReadAction\",\"target\":[\"https:\/\/kicka.eu\/sv\/produkt\/fentanyl-test-strips-single-strips\/\"]}]},{\"@type\":\"ImageObject\",\"inLanguage\":\"sv-SE\",\"@id\":\"https:\/\/kicka.eu\/sv\/produkt\/fentanyl-test-strips-single-strips\/#primaryimage\",\"url\":\"https:\/\/kicka.eu\/wp-content\/uploads\/2024\/01\/Fentanyl-Test-Strip.jpg\",\"contentUrl\":\"https:\/\/kicka.eu\/wp-content\/uploads\/2024\/01\/Fentanyl-Test-Strip.jpg\",\"width\":650,\"height\":405},{\"@type\":\"BreadcrumbList\",\"@id\":\"https:\/\/kicka.eu\/sv\/produkt\/fentanyl-test-strips-single-strips\/#breadcrumb\",\"itemListElement\":[{\"@type\":\"ListItem\",\"position\":1,\"name\":\"Home\",\"item\":\"https:\/\/kicka.eu\/sv\/\"},{\"@type\":\"ListItem\",\"position\":2,\"name\":\"Shop\",\"item\":\"https:\/\/kicka.eu\/sv\/shop\/\"},{\"@type\":\"ListItem\",\"position\":3,\"name\":\"Fentanyl Test Strips &#8211; Single Strips\"}]},{\"@type\":\"WebSite\",\"@id\":\"https:\/\/kicka.eu\/sv\/#website\",\"url\":\"https:\/\/kicka.eu\/sv\/\",\"name\":\"Kicka\",\"description\":\"Online Headshop\",\"publisher\":{\"@id\":\"https:\/\/kicka.eu\/sv\/#organization\"},\"potentialAction\":[{\"@type\":\"SearchAction\",\"target\":{\"@type\":\"EntryPoint\",\"urlTemplate\":\"https:\/\/kicka.eu\/sv\/?s={search_term_string}\"},\"query-input\":\"required name=search_term_string\"}],\"inLanguage\":\"sv-SE\"},{\"@type\":\"Organization\",\"@id\":\"https:\/\/kicka.eu\/sv\/#organization\",\"name\":\"Kicka\",\"url\":\"https:\/\/kicka.eu\/sv\/\",\"logo\":{\"@type\":\"ImageObject\",\"inLanguage\":\"sv-SE\",\"@id\":\"https:\/\/kicka.eu\/sv\/#\/schema\/logo\/image\/\",\"url\":\"https:\/\/kicka.eu\/wp-content\/uploads\/2023\/08\/Kicka-Logo.png\",\"contentUrl\":\"https:\/\/kicka.eu\/wp-content\/uploads\/2023\/08\/Kicka-Logo.png\",\"width\":233,\"height\":233,\"caption\":\"Kicka\"},\"image\":{\"@id\":\"https:\/\/kicka.eu\/sv\/#\/schema\/logo\/image\/\"}}]}<\/script>\n<!-- \/ Yoast SEO plugin. -->","yoast_head_json":{"title":"Fentanyl Test Strips - Single Strips - Kicka","robots":{"index":"index","follow":"follow","max-snippet":"max-snippet:-1","max-image-preview":"max-image-preview:large","max-video-preview":"max-video-preview:-1"},"canonical":"https:\/\/kicka.eu\/sv\/produkt\/fentanyl-test-strips-single-strips\/","og_locale":"sv_SE","og_type":"article","og_title":"Fentanyl Test Strips - Single Strips - Kicka","og_description":"F\u00f6r den erfarna anv\u00e4ndaren, som \u00e4r utrustad med r\u00e4tt verktyg f\u00f6r att v\u00e4ga prover och m\u00e4ta v\u00e4tskevolymer, \u00e4r Dosetest's Enskilda Testremsor f\u00f6r Fentanylanalys ett kostnadseffektivt alternativ. Dosetest's online-app integreras s\u00f6ml\u00f6st, anpassar sig till din utrustning och det valda \u00e4mnet f\u00f6r att hj\u00e4lpa dig genomf\u00f6ra Fentanyltestet korrekt och effektivt.  F\u00f6r de som f\u00f6redrar en komplett, anv\u00e4ndarv\u00e4nlig l\u00f6sning, \u00e4r Dosetest's Allt-i-Ett Kit svaret. Det ger dig allt du beh\u00f6ver f\u00f6r att enkelt testa f\u00f6r Fentanyl.   En anv\u00e4ndning per remsa  Testade av oberoende laboratorier  Reagerar p\u00e5 \u00f6ver 20 olika Fentanylvarianter","og_url":"https:\/\/kicka.eu\/sv\/produkt\/fentanyl-test-strips-single-strips\/","og_site_name":"Kicka","article_modified_time":"2026-04-07T18:18:07+00:00","og_image":[{"width":650,"height":405,"url":"https:\/\/kicka.eu\/wp-content\/uploads\/2024\/01\/Fentanyl-Test-Strip.jpg","type":"image\/jpeg"}],"twitter_card":"summary_large_image","twitter_misc":{"Ber\u00e4knad l\u00e4stid":"1 minut"},"schema":{"@context":"https:\/\/schema.org","@graph":[{"@type":"WebPage","@id":"https:\/\/kicka.eu\/sv\/produkt\/fentanyl-test-strips-single-strips\/","url":"https:\/\/kicka.eu\/sv\/produkt\/fentanyl-test-strips-single-strips\/","name":"Fentanyl Test Strips - Single Strips - Kicka","isPartOf":{"@id":"https:\/\/kicka.eu\/sv\/#website"},"primaryImageOfPage":{"@id":"https:\/\/kicka.eu\/sv\/produkt\/fentanyl-test-strips-single-strips\/#primaryimage"},"image":{"@id":"https:\/\/kicka.eu\/sv\/produkt\/fentanyl-test-strips-single-strips\/#primaryimage"},"thumbnailUrl":"https:\/\/kicka.eu\/wp-content\/uploads\/2024\/01\/Fentanyl-Test-Strip.jpg","datePublished":"2024-01-07T04:47:25+00:00","dateModified":"2026-04-07T18:18:07+00:00","breadcrumb":{"@id":"https:\/\/kicka.eu\/sv\/produkt\/fentanyl-test-strips-single-strips\/#breadcrumb"},"inLanguage":"sv-SE","potentialAction":[{"@type":"ReadAction","target":["https:\/\/kicka.eu\/sv\/produkt\/fentanyl-test-strips-single-strips\/"]}]},{"@type":"ImageObject","inLanguage":"sv-SE","@id":"https:\/\/kicka.eu\/sv\/produkt\/fentanyl-test-strips-single-strips\/#primaryimage","url":"https:\/\/kicka.eu\/wp-content\/uploads\/2024\/01\/Fentanyl-Test-Strip.jpg","contentUrl":"https:\/\/kicka.eu\/wp-content\/uploads\/2024\/01\/Fentanyl-Test-Strip.jpg","width":650,"height":405},{"@type":"BreadcrumbList","@id":"https:\/\/kicka.eu\/sv\/produkt\/fentanyl-test-strips-single-strips\/#breadcrumb","itemListElement":[{"@type":"ListItem","position":1,"name":"Home","item":"https:\/\/kicka.eu\/sv\/"},{"@type":"ListItem","position":2,"name":"Shop","item":"https:\/\/kicka.eu\/sv\/shop\/"},{"@type":"ListItem","position":3,"name":"Fentanyl Test Strips &#8211; Single Strips"}]},{"@type":"WebSite","@id":"https:\/\/kicka.eu\/sv\/#website","url":"https:\/\/kicka.eu\/sv\/","name":"Kicka","description":"Online Headshop","publisher":{"@id":"https:\/\/kicka.eu\/sv\/#organization"},"potentialAction":[{"@type":"SearchAction","target":{"@type":"EntryPoint","urlTemplate":"https:\/\/kicka.eu\/sv\/?s={search_term_string}"},"query-input":"required name=search_term_string"}],"inLanguage":"sv-SE"},{"@type":"Organization","@id":"https:\/\/kicka.eu\/sv\/#organization","name":"Kicka","url":"https:\/\/kicka.eu\/sv\/","logo":{"@type":"ImageObject","inLanguage":"sv-SE","@id":"https:\/\/kicka.eu\/sv\/#\/schema\/logo\/image\/","url":"https:\/\/kicka.eu\/wp-content\/uploads\/2023\/08\/Kicka-Logo.png","contentUrl":"https:\/\/kicka.eu\/wp-content\/uploads\/2023\/08\/Kicka-Logo.png","width":233,"height":233,"caption":"Kicka"},"image":{"@id":"https:\/\/kicka.eu\/sv\/#\/schema\/logo\/image\/"}}]}},"_links":{"self":[{"href":"https:\/\/kicka.eu\/sv\/wp-json\/wp\/v2\/product\/43664","targetHints":{"allow":["GET"]}}],"collection":[{"href":"https:\/\/kicka.eu\/sv\/wp-json\/wp\/v2\/product"}],"about":[{"href":"https:\/\/kicka.eu\/sv\/wp-json\/wp\/v2\/types\/product"}],"replies":[{"embeddable":true,"href":"https:\/\/kicka.eu\/sv\/wp-json\/wp\/v2\/comments?post=43664"}],"wp:featuredmedia":[{"embeddable":true,"href":"https:\/\/kicka.eu\/sv\/wp-json\/wp\/v2\/media\/43665"}],"wp:attachment":[{"href":"https:\/\/kicka.eu\/sv\/wp-json\/wp\/v2\/media?parent=43664"}],"wp:term":[{"taxonomy":"product_cat","embeddable":true,"href":"https:\/\/kicka.eu\/sv\/wp-json\/wp\/v2\/product_cat?post=43664"},{"taxonomy":"product_tag","embeddable":true,"href":"https:\/\/kicka.eu\/sv\/wp-json\/wp\/v2\/product_tag?post=43664"}],"curies":[{"name":"wp","href":"https:\/\/api.w.org\/{rel}","templated":true}]}}