{"id":41152,"date":"2023-05-18T22:27:26","date_gmt":"2023-05-18T20:27:26","guid":{"rendered":"https:\/\/kicka.eu\/product\/vibes-cubano-cones-hemp\/"},"modified":"2026-01-23T10:31:13","modified_gmt":"2026-01-23T09:31:13","slug":"vibes-cubano-cones-hemp","status":"publish","type":"product","link":"https:\/\/kicka.eu\/sv\/produkt\/vibes-cubano-cones-hemp\/","title":{"rendered":"Cubano Cones Hemp"},"content":{"rendered":"","protected":false},"excerpt":{"rendered":"<p>Njut av 24 av de st\u00f6rsta konerna p\u00e5 marknaden med Cubano Cones-l\u00e5dan. Varje Cubano Cone kan h\u00e5lla \u00f6ver 8 gram torr \u00f6rt, vilket g\u00f6r dessa kottar perfekt f\u00f6r stora sammankomster som festivaler eller campingresor. Finns i HEMP-papper f\u00f6r en traditionell r\u00f6kning. Cubano Cones \u00e4r utformade f\u00f6r att h\u00e5lla sin strukturella integritet intakt under sessionerna, s\u00e5 din j\u00e4tte kotte av torr \u00f6rt kommer inte att sl\u00e4ppa dig ner. Passar \u00f6ver 8 gram per kon. Hamp papper. Naturligt akacia tr\u00e4dgummi. Inget tillsatt kalciumkarbonat<\/p>\n","protected":false},"featured_media":451,"comment_status":"open","ping_status":"closed","template":"","meta":{"_acf_changed":false,"_et_pb_use_builder":"","_et_pb_old_content":"","_et_gb_content_width":"","om_disable_all_campaigns":false,"_monsterinsights_skip_tracking":false,"_monsterinsights_sitenote_active":false,"_monsterinsights_sitenote_note":"","_monsterinsights_sitenote_category":0,"_uf_show_specific_survey":0,"_uf_disable_surveys":false},"product_cat":[32],"product_tag":[35],"class_list":{"0":"post-41152","1":"product","2":"type-product","3":"status-publish","4":"has-post-thumbnail","6":"product_cat-rullning","7":"product_tag-cones","8":"pa_varumarken-vibes","10":"first","11":"instock","12":"taxable","13":"shipping-taxable","14":"purchasable","15":"product-type-simple"},"acf":[],"yoast_head":"<!-- This site is optimized with the Yoast SEO plugin v22.8 - https:\/\/yoast.com\/wordpress\/plugins\/seo\/ -->\n<title>Cubano Cones Hemp - Kicka<\/title>\n<meta name=\"robots\" content=\"index, follow, max-snippet:-1, max-image-preview:large, max-video-preview:-1\" \/>\n<link rel=\"canonical\" href=\"https:\/\/kicka.eu\/sv\/produkt\/vibes-cubano-cones-hemp\/\" \/>\n<meta property=\"og:locale\" content=\"sv_SE\" \/>\n<meta property=\"og:type\" content=\"article\" \/>\n<meta property=\"og:title\" content=\"Cubano Cones Hemp - Kicka\" \/>\n<meta property=\"og:description\" content=\"Njut av 24 av de st\u00f6rsta konerna p\u00e5 marknaden med Cubano Cones-l\u00e5dan. Varje Cubano Cone kan h\u00e5lla \u00f6ver 8 gram torr \u00f6rt, vilket g\u00f6r dessa kottar perfekt f\u00f6r stora sammankomster som festivaler eller campingresor. Finns i HEMP-papper f\u00f6r en traditionell r\u00f6kning. Cubano Cones \u00e4r utformade f\u00f6r att h\u00e5lla sin strukturella integritet intakt under sessionerna, s\u00e5 din j\u00e4tte kotte av torr \u00f6rt kommer inte att sl\u00e4ppa dig ner. Passar \u00f6ver 8 gram per kon. Hamp papper. Naturligt akacia tr\u00e4dgummi. Inget tillsatt kalciumkarbonat\" \/>\n<meta property=\"og:url\" content=\"https:\/\/kicka.eu\/sv\/produkt\/vibes-cubano-cones-hemp\/\" \/>\n<meta property=\"og:site_name\" content=\"Kicka\" \/>\n<meta property=\"article:modified_time\" content=\"2026-01-23T09:31:13+00:00\" \/>\n<meta property=\"og:image\" content=\"https:\/\/kicka.eu\/wp-content\/uploads\/2022\/03\/19910.jpeg\" \/>\n\t<meta property=\"og:image:width\" content=\"800\" \/>\n\t<meta property=\"og:image:height\" content=\"800\" \/>\n\t<meta property=\"og:image:type\" content=\"image\/jpeg\" \/>\n<meta name=\"twitter:card\" content=\"summary_large_image\" \/>\n<script type=\"application\/ld+json\" class=\"yoast-schema-graph\">{\"@context\":\"https:\/\/schema.org\",\"@graph\":[{\"@type\":\"WebPage\",\"@id\":\"https:\/\/kicka.eu\/sv\/produkt\/vibes-cubano-cones-hemp\/\",\"url\":\"https:\/\/kicka.eu\/sv\/produkt\/vibes-cubano-cones-hemp\/\",\"name\":\"Cubano Cones Hemp - Kicka\",\"isPartOf\":{\"@id\":\"https:\/\/kicka.eu\/sv\/#website\"},\"primaryImageOfPage\":{\"@id\":\"https:\/\/kicka.eu\/sv\/produkt\/vibes-cubano-cones-hemp\/#primaryimage\"},\"image\":{\"@id\":\"https:\/\/kicka.eu\/sv\/produkt\/vibes-cubano-cones-hemp\/#primaryimage\"},\"thumbnailUrl\":\"https:\/\/kicka.eu\/wp-content\/uploads\/2022\/03\/19910.jpeg\",\"datePublished\":\"2023-05-18T20:27:26+00:00\",\"dateModified\":\"2026-01-23T09:31:13+00:00\",\"breadcrumb\":{\"@id\":\"https:\/\/kicka.eu\/sv\/produkt\/vibes-cubano-cones-hemp\/#breadcrumb\"},\"inLanguage\":\"sv-SE\",\"potentialAction\":[{\"@type\":\"ReadAction\",\"target\":[\"https:\/\/kicka.eu\/sv\/produkt\/vibes-cubano-cones-hemp\/\"]}]},{\"@type\":\"ImageObject\",\"inLanguage\":\"sv-SE\",\"@id\":\"https:\/\/kicka.eu\/sv\/produkt\/vibes-cubano-cones-hemp\/#primaryimage\",\"url\":\"https:\/\/kicka.eu\/wp-content\/uploads\/2022\/03\/19910.jpeg\",\"contentUrl\":\"https:\/\/kicka.eu\/wp-content\/uploads\/2022\/03\/19910.jpeg\",\"width\":800,\"height\":800},{\"@type\":\"BreadcrumbList\",\"@id\":\"https:\/\/kicka.eu\/sv\/produkt\/vibes-cubano-cones-hemp\/#breadcrumb\",\"itemListElement\":[{\"@type\":\"ListItem\",\"position\":1,\"name\":\"Home\",\"item\":\"https:\/\/kicka.eu\/sv\/\"},{\"@type\":\"ListItem\",\"position\":2,\"name\":\"Shop\",\"item\":\"https:\/\/kicka.eu\/sv\/shop\/\"},{\"@type\":\"ListItem\",\"position\":3,\"name\":\"Cubano Cones Hemp\"}]},{\"@type\":\"WebSite\",\"@id\":\"https:\/\/kicka.eu\/sv\/#website\",\"url\":\"https:\/\/kicka.eu\/sv\/\",\"name\":\"Kicka\",\"description\":\"Online Headshop\",\"publisher\":{\"@id\":\"https:\/\/kicka.eu\/sv\/#organization\"},\"potentialAction\":[{\"@type\":\"SearchAction\",\"target\":{\"@type\":\"EntryPoint\",\"urlTemplate\":\"https:\/\/kicka.eu\/sv\/?s={search_term_string}\"},\"query-input\":\"required name=search_term_string\"}],\"inLanguage\":\"sv-SE\"},{\"@type\":\"Organization\",\"@id\":\"https:\/\/kicka.eu\/sv\/#organization\",\"name\":\"Kicka\",\"url\":\"https:\/\/kicka.eu\/sv\/\",\"logo\":{\"@type\":\"ImageObject\",\"inLanguage\":\"sv-SE\",\"@id\":\"https:\/\/kicka.eu\/sv\/#\/schema\/logo\/image\/\",\"url\":\"https:\/\/kicka.eu\/wp-content\/uploads\/2023\/08\/Kicka-Logo.png\",\"contentUrl\":\"https:\/\/kicka.eu\/wp-content\/uploads\/2023\/08\/Kicka-Logo.png\",\"width\":233,\"height\":233,\"caption\":\"Kicka\"},\"image\":{\"@id\":\"https:\/\/kicka.eu\/sv\/#\/schema\/logo\/image\/\"}}]}<\/script>\n<!-- \/ Yoast SEO plugin. -->","yoast_head_json":{"title":"Cubano Cones Hemp - Kicka","robots":{"index":"index","follow":"follow","max-snippet":"max-snippet:-1","max-image-preview":"max-image-preview:large","max-video-preview":"max-video-preview:-1"},"canonical":"https:\/\/kicka.eu\/sv\/produkt\/vibes-cubano-cones-hemp\/","og_locale":"sv_SE","og_type":"article","og_title":"Cubano Cones Hemp - Kicka","og_description":"Njut av 24 av de st\u00f6rsta konerna p\u00e5 marknaden med Cubano Cones-l\u00e5dan. Varje Cubano Cone kan h\u00e5lla \u00f6ver 8 gram torr \u00f6rt, vilket g\u00f6r dessa kottar perfekt f\u00f6r stora sammankomster som festivaler eller campingresor. Finns i HEMP-papper f\u00f6r en traditionell r\u00f6kning. Cubano Cones \u00e4r utformade f\u00f6r att h\u00e5lla sin strukturella integritet intakt under sessionerna, s\u00e5 din j\u00e4tte kotte av torr \u00f6rt kommer inte att sl\u00e4ppa dig ner. Passar \u00f6ver 8 gram per kon. Hamp papper. Naturligt akacia tr\u00e4dgummi. Inget tillsatt kalciumkarbonat","og_url":"https:\/\/kicka.eu\/sv\/produkt\/vibes-cubano-cones-hemp\/","og_site_name":"Kicka","article_modified_time":"2026-01-23T09:31:13+00:00","og_image":[{"width":800,"height":800,"url":"https:\/\/kicka.eu\/wp-content\/uploads\/2022\/03\/19910.jpeg","type":"image\/jpeg"}],"twitter_card":"summary_large_image","schema":{"@context":"https:\/\/schema.org","@graph":[{"@type":"WebPage","@id":"https:\/\/kicka.eu\/sv\/produkt\/vibes-cubano-cones-hemp\/","url":"https:\/\/kicka.eu\/sv\/produkt\/vibes-cubano-cones-hemp\/","name":"Cubano Cones Hemp - Kicka","isPartOf":{"@id":"https:\/\/kicka.eu\/sv\/#website"},"primaryImageOfPage":{"@id":"https:\/\/kicka.eu\/sv\/produkt\/vibes-cubano-cones-hemp\/#primaryimage"},"image":{"@id":"https:\/\/kicka.eu\/sv\/produkt\/vibes-cubano-cones-hemp\/#primaryimage"},"thumbnailUrl":"https:\/\/kicka.eu\/wp-content\/uploads\/2022\/03\/19910.jpeg","datePublished":"2023-05-18T20:27:26+00:00","dateModified":"2026-01-23T09:31:13+00:00","breadcrumb":{"@id":"https:\/\/kicka.eu\/sv\/produkt\/vibes-cubano-cones-hemp\/#breadcrumb"},"inLanguage":"sv-SE","potentialAction":[{"@type":"ReadAction","target":["https:\/\/kicka.eu\/sv\/produkt\/vibes-cubano-cones-hemp\/"]}]},{"@type":"ImageObject","inLanguage":"sv-SE","@id":"https:\/\/kicka.eu\/sv\/produkt\/vibes-cubano-cones-hemp\/#primaryimage","url":"https:\/\/kicka.eu\/wp-content\/uploads\/2022\/03\/19910.jpeg","contentUrl":"https:\/\/kicka.eu\/wp-content\/uploads\/2022\/03\/19910.jpeg","width":800,"height":800},{"@type":"BreadcrumbList","@id":"https:\/\/kicka.eu\/sv\/produkt\/vibes-cubano-cones-hemp\/#breadcrumb","itemListElement":[{"@type":"ListItem","position":1,"name":"Home","item":"https:\/\/kicka.eu\/sv\/"},{"@type":"ListItem","position":2,"name":"Shop","item":"https:\/\/kicka.eu\/sv\/shop\/"},{"@type":"ListItem","position":3,"name":"Cubano Cones Hemp"}]},{"@type":"WebSite","@id":"https:\/\/kicka.eu\/sv\/#website","url":"https:\/\/kicka.eu\/sv\/","name":"Kicka","description":"Online Headshop","publisher":{"@id":"https:\/\/kicka.eu\/sv\/#organization"},"potentialAction":[{"@type":"SearchAction","target":{"@type":"EntryPoint","urlTemplate":"https:\/\/kicka.eu\/sv\/?s={search_term_string}"},"query-input":"required name=search_term_string"}],"inLanguage":"sv-SE"},{"@type":"Organization","@id":"https:\/\/kicka.eu\/sv\/#organization","name":"Kicka","url":"https:\/\/kicka.eu\/sv\/","logo":{"@type":"ImageObject","inLanguage":"sv-SE","@id":"https:\/\/kicka.eu\/sv\/#\/schema\/logo\/image\/","url":"https:\/\/kicka.eu\/wp-content\/uploads\/2023\/08\/Kicka-Logo.png","contentUrl":"https:\/\/kicka.eu\/wp-content\/uploads\/2023\/08\/Kicka-Logo.png","width":233,"height":233,"caption":"Kicka"},"image":{"@id":"https:\/\/kicka.eu\/sv\/#\/schema\/logo\/image\/"}}]}},"_links":{"self":[{"href":"https:\/\/kicka.eu\/sv\/wp-json\/wp\/v2\/product\/41152","targetHints":{"allow":["GET"]}}],"collection":[{"href":"https:\/\/kicka.eu\/sv\/wp-json\/wp\/v2\/product"}],"about":[{"href":"https:\/\/kicka.eu\/sv\/wp-json\/wp\/v2\/types\/product"}],"replies":[{"embeddable":true,"href":"https:\/\/kicka.eu\/sv\/wp-json\/wp\/v2\/comments?post=41152"}],"wp:featuredmedia":[{"embeddable":true,"href":"https:\/\/kicka.eu\/sv\/wp-json\/wp\/v2\/media\/451"}],"wp:attachment":[{"href":"https:\/\/kicka.eu\/sv\/wp-json\/wp\/v2\/media?parent=41152"}],"wp:term":[{"taxonomy":"product_cat","embeddable":true,"href":"https:\/\/kicka.eu\/sv\/wp-json\/wp\/v2\/product_cat?post=41152"},{"taxonomy":"product_tag","embeddable":true,"href":"https:\/\/kicka.eu\/sv\/wp-json\/wp\/v2\/product_tag?post=41152"}],"curies":[{"name":"wp","href":"https:\/\/api.w.org\/{rel}","templated":true}]}}