{"id":41138,"date":"2023-05-18T22:27:19","date_gmt":"2023-05-18T20:27:19","guid":{"rendered":"https:\/\/kicka.eu\/product\/vibes-papers-king-size-slim-ultra-thin\/"},"modified":"2024-08-27T22:03:33","modified_gmt":"2024-08-27T20:03:33","slug":"vibes-papers-king-size-slim-ultra-thin","status":"publish","type":"product","link":"https:\/\/kicka.eu\/sv\/produkt\/vibes-papers-king-size-slim-ultra-thin\/","title":{"rendered":"Papers King Size Slim Ultra Thin"},"content":{"rendered":"","protected":false},"excerpt":{"rendered":"<p>Vibes Ultra Thin King Size Slim-papper \u00e4r det tunnaste pappret som finns tillg\u00e4ngligt f\u00f6r King Size. Genom att anv\u00e4nda ett s\u00e5 tunt papper kommer dina sessioner inte att bli besudlade av &#8221;pappersr\u00f6k&#8221; som \u00f6verr\u00f6star r\u00f6ken fr\u00e5n dina torra \u00f6rter. Dessa king size slim papers erbjuder den b\u00e4sta smakupplevelsen av de tre alternativen.<\/p>\n","protected":false},"featured_media":389,"comment_status":"open","ping_status":"closed","template":"","meta":{"_acf_changed":false,"_et_pb_use_builder":"","_et_pb_old_content":"","_et_gb_content_width":"","om_disable_all_campaigns":false,"_monsterinsights_skip_tracking":false,"_monsterinsights_sitenote_active":false,"_monsterinsights_sitenote_note":"","_monsterinsights_sitenote_category":0,"_uf_show_specific_survey":0,"_uf_disable_surveys":false},"product_cat":[32],"product_tag":[33],"class_list":{"0":"post-41138","1":"product","2":"type-product","3":"status-publish","4":"has-post-thumbnail","6":"product_cat-rullning","7":"product_tag-rullpapper","8":"pa_varumarken-vibes","10":"first","11":"instock","12":"taxable","13":"shipping-taxable","14":"purchasable","15":"product-type-simple"},"acf":[],"yoast_head":"<!-- This site is optimized with the Yoast SEO plugin v22.8 - https:\/\/yoast.com\/wordpress\/plugins\/seo\/ -->\n<title>Papers King Size Slim Ultra Thin - Kicka<\/title>\n<meta name=\"robots\" content=\"index, follow, max-snippet:-1, max-image-preview:large, max-video-preview:-1\" \/>\n<link rel=\"canonical\" href=\"https:\/\/kicka.eu\/sv\/produkt\/vibes-papers-king-size-slim-ultra-thin\/\" \/>\n<meta property=\"og:locale\" content=\"sv_SE\" \/>\n<meta property=\"og:type\" content=\"article\" \/>\n<meta property=\"og:title\" content=\"Papers King Size Slim Ultra Thin - Kicka\" \/>\n<meta property=\"og:description\" content=\"Vibes Ultra Thin King Size Slim-papper \u00e4r det tunnaste pappret som finns tillg\u00e4ngligt f\u00f6r King Size. Genom att anv\u00e4nda ett s\u00e5 tunt papper kommer dina sessioner inte att bli besudlade av &quot;pappersr\u00f6k&quot; som \u00f6verr\u00f6star r\u00f6ken fr\u00e5n dina torra \u00f6rter. Dessa king size slim papers erbjuder den b\u00e4sta smakupplevelsen av de tre alternativen.\" \/>\n<meta property=\"og:url\" content=\"https:\/\/kicka.eu\/sv\/produkt\/vibes-papers-king-size-slim-ultra-thin\/\" \/>\n<meta property=\"og:site_name\" content=\"Kicka\" \/>\n<meta property=\"article:modified_time\" content=\"2024-08-27T20:03:33+00:00\" \/>\n<meta property=\"og:image\" content=\"https:\/\/kicka.eu\/wp-content\/uploads\/2022\/03\/18751.jpeg\" \/>\n\t<meta property=\"og:image:width\" content=\"800\" \/>\n\t<meta property=\"og:image:height\" content=\"800\" \/>\n\t<meta property=\"og:image:type\" content=\"image\/jpeg\" \/>\n<meta name=\"twitter:card\" content=\"summary_large_image\" \/>\n<script type=\"application\/ld+json\" class=\"yoast-schema-graph\">{\"@context\":\"https:\/\/schema.org\",\"@graph\":[{\"@type\":\"WebPage\",\"@id\":\"https:\/\/kicka.eu\/sv\/produkt\/vibes-papers-king-size-slim-ultra-thin\/\",\"url\":\"https:\/\/kicka.eu\/sv\/produkt\/vibes-papers-king-size-slim-ultra-thin\/\",\"name\":\"Papers King Size Slim Ultra Thin - Kicka\",\"isPartOf\":{\"@id\":\"https:\/\/kicka.eu\/sv\/#website\"},\"primaryImageOfPage\":{\"@id\":\"https:\/\/kicka.eu\/sv\/produkt\/vibes-papers-king-size-slim-ultra-thin\/#primaryimage\"},\"image\":{\"@id\":\"https:\/\/kicka.eu\/sv\/produkt\/vibes-papers-king-size-slim-ultra-thin\/#primaryimage\"},\"thumbnailUrl\":\"https:\/\/kicka.eu\/wp-content\/uploads\/2022\/03\/18751.jpeg\",\"datePublished\":\"2023-05-18T20:27:19+00:00\",\"dateModified\":\"2024-08-27T20:03:33+00:00\",\"breadcrumb\":{\"@id\":\"https:\/\/kicka.eu\/sv\/produkt\/vibes-papers-king-size-slim-ultra-thin\/#breadcrumb\"},\"inLanguage\":\"sv-SE\",\"potentialAction\":[{\"@type\":\"ReadAction\",\"target\":[\"https:\/\/kicka.eu\/sv\/produkt\/vibes-papers-king-size-slim-ultra-thin\/\"]}]},{\"@type\":\"ImageObject\",\"inLanguage\":\"sv-SE\",\"@id\":\"https:\/\/kicka.eu\/sv\/produkt\/vibes-papers-king-size-slim-ultra-thin\/#primaryimage\",\"url\":\"https:\/\/kicka.eu\/wp-content\/uploads\/2022\/03\/18751.jpeg\",\"contentUrl\":\"https:\/\/kicka.eu\/wp-content\/uploads\/2022\/03\/18751.jpeg\",\"width\":800,\"height\":800},{\"@type\":\"BreadcrumbList\",\"@id\":\"https:\/\/kicka.eu\/sv\/produkt\/vibes-papers-king-size-slim-ultra-thin\/#breadcrumb\",\"itemListElement\":[{\"@type\":\"ListItem\",\"position\":1,\"name\":\"Home\",\"item\":\"https:\/\/kicka.eu\/sv\/\"},{\"@type\":\"ListItem\",\"position\":2,\"name\":\"Shop\",\"item\":\"https:\/\/kicka.eu\/sv\/shop\/\"},{\"@type\":\"ListItem\",\"position\":3,\"name\":\"Papers King Size Slim Ultra Thin\"}]},{\"@type\":\"WebSite\",\"@id\":\"https:\/\/kicka.eu\/sv\/#website\",\"url\":\"https:\/\/kicka.eu\/sv\/\",\"name\":\"Kicka\",\"description\":\"Online Headshop\",\"publisher\":{\"@id\":\"https:\/\/kicka.eu\/sv\/#organization\"},\"potentialAction\":[{\"@type\":\"SearchAction\",\"target\":{\"@type\":\"EntryPoint\",\"urlTemplate\":\"https:\/\/kicka.eu\/sv\/?s={search_term_string}\"},\"query-input\":\"required name=search_term_string\"}],\"inLanguage\":\"sv-SE\"},{\"@type\":\"Organization\",\"@id\":\"https:\/\/kicka.eu\/sv\/#organization\",\"name\":\"Kicka\",\"url\":\"https:\/\/kicka.eu\/sv\/\",\"logo\":{\"@type\":\"ImageObject\",\"inLanguage\":\"sv-SE\",\"@id\":\"https:\/\/kicka.eu\/sv\/#\/schema\/logo\/image\/\",\"url\":\"https:\/\/kicka.eu\/wp-content\/uploads\/2023\/08\/Kicka-Logo.png\",\"contentUrl\":\"https:\/\/kicka.eu\/wp-content\/uploads\/2023\/08\/Kicka-Logo.png\",\"width\":233,\"height\":233,\"caption\":\"Kicka\"},\"image\":{\"@id\":\"https:\/\/kicka.eu\/sv\/#\/schema\/logo\/image\/\"}}]}<\/script>\n<!-- \/ Yoast SEO plugin. -->","yoast_head_json":{"title":"Papers King Size Slim Ultra Thin - Kicka","robots":{"index":"index","follow":"follow","max-snippet":"max-snippet:-1","max-image-preview":"max-image-preview:large","max-video-preview":"max-video-preview:-1"},"canonical":"https:\/\/kicka.eu\/sv\/produkt\/vibes-papers-king-size-slim-ultra-thin\/","og_locale":"sv_SE","og_type":"article","og_title":"Papers King Size Slim Ultra Thin - Kicka","og_description":"Vibes Ultra Thin King Size Slim-papper \u00e4r det tunnaste pappret som finns tillg\u00e4ngligt f\u00f6r King Size. Genom att anv\u00e4nda ett s\u00e5 tunt papper kommer dina sessioner inte att bli besudlade av \"pappersr\u00f6k\" som \u00f6verr\u00f6star r\u00f6ken fr\u00e5n dina torra \u00f6rter. Dessa king size slim papers erbjuder den b\u00e4sta smakupplevelsen av de tre alternativen.","og_url":"https:\/\/kicka.eu\/sv\/produkt\/vibes-papers-king-size-slim-ultra-thin\/","og_site_name":"Kicka","article_modified_time":"2024-08-27T20:03:33+00:00","og_image":[{"width":800,"height":800,"url":"https:\/\/kicka.eu\/wp-content\/uploads\/2022\/03\/18751.jpeg","type":"image\/jpeg"}],"twitter_card":"summary_large_image","schema":{"@context":"https:\/\/schema.org","@graph":[{"@type":"WebPage","@id":"https:\/\/kicka.eu\/sv\/produkt\/vibes-papers-king-size-slim-ultra-thin\/","url":"https:\/\/kicka.eu\/sv\/produkt\/vibes-papers-king-size-slim-ultra-thin\/","name":"Papers King Size Slim Ultra Thin - Kicka","isPartOf":{"@id":"https:\/\/kicka.eu\/sv\/#website"},"primaryImageOfPage":{"@id":"https:\/\/kicka.eu\/sv\/produkt\/vibes-papers-king-size-slim-ultra-thin\/#primaryimage"},"image":{"@id":"https:\/\/kicka.eu\/sv\/produkt\/vibes-papers-king-size-slim-ultra-thin\/#primaryimage"},"thumbnailUrl":"https:\/\/kicka.eu\/wp-content\/uploads\/2022\/03\/18751.jpeg","datePublished":"2023-05-18T20:27:19+00:00","dateModified":"2024-08-27T20:03:33+00:00","breadcrumb":{"@id":"https:\/\/kicka.eu\/sv\/produkt\/vibes-papers-king-size-slim-ultra-thin\/#breadcrumb"},"inLanguage":"sv-SE","potentialAction":[{"@type":"ReadAction","target":["https:\/\/kicka.eu\/sv\/produkt\/vibes-papers-king-size-slim-ultra-thin\/"]}]},{"@type":"ImageObject","inLanguage":"sv-SE","@id":"https:\/\/kicka.eu\/sv\/produkt\/vibes-papers-king-size-slim-ultra-thin\/#primaryimage","url":"https:\/\/kicka.eu\/wp-content\/uploads\/2022\/03\/18751.jpeg","contentUrl":"https:\/\/kicka.eu\/wp-content\/uploads\/2022\/03\/18751.jpeg","width":800,"height":800},{"@type":"BreadcrumbList","@id":"https:\/\/kicka.eu\/sv\/produkt\/vibes-papers-king-size-slim-ultra-thin\/#breadcrumb","itemListElement":[{"@type":"ListItem","position":1,"name":"Home","item":"https:\/\/kicka.eu\/sv\/"},{"@type":"ListItem","position":2,"name":"Shop","item":"https:\/\/kicka.eu\/sv\/shop\/"},{"@type":"ListItem","position":3,"name":"Papers King Size Slim Ultra Thin"}]},{"@type":"WebSite","@id":"https:\/\/kicka.eu\/sv\/#website","url":"https:\/\/kicka.eu\/sv\/","name":"Kicka","description":"Online Headshop","publisher":{"@id":"https:\/\/kicka.eu\/sv\/#organization"},"potentialAction":[{"@type":"SearchAction","target":{"@type":"EntryPoint","urlTemplate":"https:\/\/kicka.eu\/sv\/?s={search_term_string}"},"query-input":"required name=search_term_string"}],"inLanguage":"sv-SE"},{"@type":"Organization","@id":"https:\/\/kicka.eu\/sv\/#organization","name":"Kicka","url":"https:\/\/kicka.eu\/sv\/","logo":{"@type":"ImageObject","inLanguage":"sv-SE","@id":"https:\/\/kicka.eu\/sv\/#\/schema\/logo\/image\/","url":"https:\/\/kicka.eu\/wp-content\/uploads\/2023\/08\/Kicka-Logo.png","contentUrl":"https:\/\/kicka.eu\/wp-content\/uploads\/2023\/08\/Kicka-Logo.png","width":233,"height":233,"caption":"Kicka"},"image":{"@id":"https:\/\/kicka.eu\/sv\/#\/schema\/logo\/image\/"}}]}},"_links":{"self":[{"href":"https:\/\/kicka.eu\/sv\/wp-json\/wp\/v2\/product\/41138","targetHints":{"allow":["GET"]}}],"collection":[{"href":"https:\/\/kicka.eu\/sv\/wp-json\/wp\/v2\/product"}],"about":[{"href":"https:\/\/kicka.eu\/sv\/wp-json\/wp\/v2\/types\/product"}],"replies":[{"embeddable":true,"href":"https:\/\/kicka.eu\/sv\/wp-json\/wp\/v2\/comments?post=41138"}],"wp:featuredmedia":[{"embeddable":true,"href":"https:\/\/kicka.eu\/sv\/wp-json\/wp\/v2\/media\/389"}],"wp:attachment":[{"href":"https:\/\/kicka.eu\/sv\/wp-json\/wp\/v2\/media?parent=41138"}],"wp:term":[{"taxonomy":"product_cat","embeddable":true,"href":"https:\/\/kicka.eu\/sv\/wp-json\/wp\/v2\/product_cat?post=41138"},{"taxonomy":"product_tag","embeddable":true,"href":"https:\/\/kicka.eu\/sv\/wp-json\/wp\/v2\/product_tag?post=41138"}],"curies":[{"name":"wp","href":"https:\/\/api.w.org\/{rel}","templated":true}]}}