{"id":41137,"date":"2023-05-18T22:27:19","date_gmt":"2023-05-18T20:27:19","guid":{"rendered":"https:\/\/kicka.eu\/product\/vibes-papers-king-size-slim-rice\/"},"modified":"2024-01-24T20:44:09","modified_gmt":"2024-01-24T19:44:09","slug":"vibes-papers-king-size-slim-rice","status":"publish","type":"product","link":"https:\/\/kicka.eu\/sv\/produkt\/vibes-papers-king-size-slim-rice\/","title":{"rendered":"Papers King Size Slim Rice"},"content":{"rendered":"","protected":false},"excerpt":{"rendered":"<p>Sluta leta efter det perfekta l\u00e5ngsamt brinnande rullande pappret. Vi har den premiumbr\u00e4nning du l\u00e4ngtar efter med Vibes King Size Slim Rice-papper. Att rulla upp \u00e4r den b\u00e4sta delen av att r\u00f6ka blommor eller tobak, men att g\u00f6ra det med ett billigt, tunt papper kan f\u00f6rst\u00f6ra hela upplevelsen. Om du letar efter en l\u00e5ngsammare br\u00e4nning, s\u00e5 att du verkligen kan ta in smakerna och aromerna fr\u00e5n din bud n\u00e4r du r\u00f6ker, \u00e4r Vibes King Size Slim Rice-papper n\u00e5got f\u00f6r dig.<\/p>\n","protected":false},"featured_media":388,"comment_status":"open","ping_status":"closed","template":"","meta":{"_acf_changed":false,"_et_pb_use_builder":"","_et_pb_old_content":"","_et_gb_content_width":"","om_disable_all_campaigns":false,"_monsterinsights_skip_tracking":false,"_monsterinsights_sitenote_active":false,"_monsterinsights_sitenote_note":"","_monsterinsights_sitenote_category":0,"_uf_show_specific_survey":0,"_uf_disable_surveys":false},"product_cat":[32],"product_tag":[33],"class_list":{"0":"post-41137","1":"product","2":"type-product","3":"status-publish","4":"has-post-thumbnail","6":"product_cat-rullning","7":"product_tag-rullpapper","8":"pa_varumarken-vibes","10":"first","11":"instock","12":"taxable","13":"shipping-taxable","14":"purchasable","15":"product-type-simple"},"acf":[],"yoast_head":"<!-- This site is optimized with the Yoast SEO plugin v22.8 - https:\/\/yoast.com\/wordpress\/plugins\/seo\/ -->\n<title>Papers King Size Slim Rice - Kicka<\/title>\n<meta name=\"robots\" content=\"index, follow, max-snippet:-1, max-image-preview:large, max-video-preview:-1\" \/>\n<link rel=\"canonical\" href=\"https:\/\/kicka.eu\/sv\/produkt\/vibes-papers-king-size-slim-rice\/\" \/>\n<meta property=\"og:locale\" content=\"sv_SE\" \/>\n<meta property=\"og:type\" content=\"article\" \/>\n<meta property=\"og:title\" content=\"Papers King Size Slim Rice - Kicka\" \/>\n<meta property=\"og:description\" content=\"Sluta leta efter det perfekta l\u00e5ngsamt brinnande rullande pappret. Vi har den premiumbr\u00e4nning du l\u00e4ngtar efter med Vibes King Size Slim Rice-papper. Att rulla upp \u00e4r den b\u00e4sta delen av att r\u00f6ka blommor eller tobak, men att g\u00f6ra det med ett billigt, tunt papper kan f\u00f6rst\u00f6ra hela upplevelsen. Om du letar efter en l\u00e5ngsammare br\u00e4nning, s\u00e5 att du verkligen kan ta in smakerna och aromerna fr\u00e5n din bud n\u00e4r du r\u00f6ker, \u00e4r Vibes King Size Slim Rice-papper n\u00e5got f\u00f6r dig.\" \/>\n<meta property=\"og:url\" content=\"https:\/\/kicka.eu\/sv\/produkt\/vibes-papers-king-size-slim-rice\/\" \/>\n<meta property=\"og:site_name\" content=\"Kicka\" \/>\n<meta property=\"article:modified_time\" content=\"2024-01-24T19:44:09+00:00\" \/>\n<meta property=\"og:image\" content=\"https:\/\/kicka.eu\/wp-content\/uploads\/2022\/03\/18750.jpeg\" \/>\n\t<meta property=\"og:image:width\" content=\"800\" \/>\n\t<meta property=\"og:image:height\" content=\"800\" \/>\n\t<meta property=\"og:image:type\" content=\"image\/jpeg\" \/>\n<meta name=\"twitter:card\" content=\"summary_large_image\" \/>\n<script type=\"application\/ld+json\" class=\"yoast-schema-graph\">{\"@context\":\"https:\/\/schema.org\",\"@graph\":[{\"@type\":\"WebPage\",\"@id\":\"https:\/\/kicka.eu\/sv\/produkt\/vibes-papers-king-size-slim-rice\/\",\"url\":\"https:\/\/kicka.eu\/sv\/produkt\/vibes-papers-king-size-slim-rice\/\",\"name\":\"Papers King Size Slim Rice - Kicka\",\"isPartOf\":{\"@id\":\"https:\/\/kicka.eu\/sv\/#website\"},\"primaryImageOfPage\":{\"@id\":\"https:\/\/kicka.eu\/sv\/produkt\/vibes-papers-king-size-slim-rice\/#primaryimage\"},\"image\":{\"@id\":\"https:\/\/kicka.eu\/sv\/produkt\/vibes-papers-king-size-slim-rice\/#primaryimage\"},\"thumbnailUrl\":\"https:\/\/kicka.eu\/wp-content\/uploads\/2022\/03\/18750.jpeg\",\"datePublished\":\"2023-05-18T20:27:19+00:00\",\"dateModified\":\"2024-01-24T19:44:09+00:00\",\"breadcrumb\":{\"@id\":\"https:\/\/kicka.eu\/sv\/produkt\/vibes-papers-king-size-slim-rice\/#breadcrumb\"},\"inLanguage\":\"sv-SE\",\"potentialAction\":[{\"@type\":\"ReadAction\",\"target\":[\"https:\/\/kicka.eu\/sv\/produkt\/vibes-papers-king-size-slim-rice\/\"]}]},{\"@type\":\"ImageObject\",\"inLanguage\":\"sv-SE\",\"@id\":\"https:\/\/kicka.eu\/sv\/produkt\/vibes-papers-king-size-slim-rice\/#primaryimage\",\"url\":\"https:\/\/kicka.eu\/wp-content\/uploads\/2022\/03\/18750.jpeg\",\"contentUrl\":\"https:\/\/kicka.eu\/wp-content\/uploads\/2022\/03\/18750.jpeg\",\"width\":800,\"height\":800},{\"@type\":\"BreadcrumbList\",\"@id\":\"https:\/\/kicka.eu\/sv\/produkt\/vibes-papers-king-size-slim-rice\/#breadcrumb\",\"itemListElement\":[{\"@type\":\"ListItem\",\"position\":1,\"name\":\"Home\",\"item\":\"https:\/\/kicka.eu\/sv\/\"},{\"@type\":\"ListItem\",\"position\":2,\"name\":\"Shop\",\"item\":\"https:\/\/kicka.eu\/sv\/shop\/\"},{\"@type\":\"ListItem\",\"position\":3,\"name\":\"Papers King Size Slim Rice\"}]},{\"@type\":\"WebSite\",\"@id\":\"https:\/\/kicka.eu\/sv\/#website\",\"url\":\"https:\/\/kicka.eu\/sv\/\",\"name\":\"Kicka\",\"description\":\"Online Headshop\",\"publisher\":{\"@id\":\"https:\/\/kicka.eu\/sv\/#organization\"},\"potentialAction\":[{\"@type\":\"SearchAction\",\"target\":{\"@type\":\"EntryPoint\",\"urlTemplate\":\"https:\/\/kicka.eu\/sv\/?s={search_term_string}\"},\"query-input\":\"required name=search_term_string\"}],\"inLanguage\":\"sv-SE\"},{\"@type\":\"Organization\",\"@id\":\"https:\/\/kicka.eu\/sv\/#organization\",\"name\":\"Kicka\",\"url\":\"https:\/\/kicka.eu\/sv\/\",\"logo\":{\"@type\":\"ImageObject\",\"inLanguage\":\"sv-SE\",\"@id\":\"https:\/\/kicka.eu\/sv\/#\/schema\/logo\/image\/\",\"url\":\"https:\/\/kicka.eu\/wp-content\/uploads\/2023\/08\/Kicka-Logo.png\",\"contentUrl\":\"https:\/\/kicka.eu\/wp-content\/uploads\/2023\/08\/Kicka-Logo.png\",\"width\":233,\"height\":233,\"caption\":\"Kicka\"},\"image\":{\"@id\":\"https:\/\/kicka.eu\/sv\/#\/schema\/logo\/image\/\"}}]}<\/script>\n<!-- \/ Yoast SEO plugin. -->","yoast_head_json":{"title":"Papers King Size Slim Rice - Kicka","robots":{"index":"index","follow":"follow","max-snippet":"max-snippet:-1","max-image-preview":"max-image-preview:large","max-video-preview":"max-video-preview:-1"},"canonical":"https:\/\/kicka.eu\/sv\/produkt\/vibes-papers-king-size-slim-rice\/","og_locale":"sv_SE","og_type":"article","og_title":"Papers King Size Slim Rice - Kicka","og_description":"Sluta leta efter det perfekta l\u00e5ngsamt brinnande rullande pappret. Vi har den premiumbr\u00e4nning du l\u00e4ngtar efter med Vibes King Size Slim Rice-papper. Att rulla upp \u00e4r den b\u00e4sta delen av att r\u00f6ka blommor eller tobak, men att g\u00f6ra det med ett billigt, tunt papper kan f\u00f6rst\u00f6ra hela upplevelsen. Om du letar efter en l\u00e5ngsammare br\u00e4nning, s\u00e5 att du verkligen kan ta in smakerna och aromerna fr\u00e5n din bud n\u00e4r du r\u00f6ker, \u00e4r Vibes King Size Slim Rice-papper n\u00e5got f\u00f6r dig.","og_url":"https:\/\/kicka.eu\/sv\/produkt\/vibes-papers-king-size-slim-rice\/","og_site_name":"Kicka","article_modified_time":"2024-01-24T19:44:09+00:00","og_image":[{"width":800,"height":800,"url":"https:\/\/kicka.eu\/wp-content\/uploads\/2022\/03\/18750.jpeg","type":"image\/jpeg"}],"twitter_card":"summary_large_image","schema":{"@context":"https:\/\/schema.org","@graph":[{"@type":"WebPage","@id":"https:\/\/kicka.eu\/sv\/produkt\/vibes-papers-king-size-slim-rice\/","url":"https:\/\/kicka.eu\/sv\/produkt\/vibes-papers-king-size-slim-rice\/","name":"Papers King Size Slim Rice - Kicka","isPartOf":{"@id":"https:\/\/kicka.eu\/sv\/#website"},"primaryImageOfPage":{"@id":"https:\/\/kicka.eu\/sv\/produkt\/vibes-papers-king-size-slim-rice\/#primaryimage"},"image":{"@id":"https:\/\/kicka.eu\/sv\/produkt\/vibes-papers-king-size-slim-rice\/#primaryimage"},"thumbnailUrl":"https:\/\/kicka.eu\/wp-content\/uploads\/2022\/03\/18750.jpeg","datePublished":"2023-05-18T20:27:19+00:00","dateModified":"2024-01-24T19:44:09+00:00","breadcrumb":{"@id":"https:\/\/kicka.eu\/sv\/produkt\/vibes-papers-king-size-slim-rice\/#breadcrumb"},"inLanguage":"sv-SE","potentialAction":[{"@type":"ReadAction","target":["https:\/\/kicka.eu\/sv\/produkt\/vibes-papers-king-size-slim-rice\/"]}]},{"@type":"ImageObject","inLanguage":"sv-SE","@id":"https:\/\/kicka.eu\/sv\/produkt\/vibes-papers-king-size-slim-rice\/#primaryimage","url":"https:\/\/kicka.eu\/wp-content\/uploads\/2022\/03\/18750.jpeg","contentUrl":"https:\/\/kicka.eu\/wp-content\/uploads\/2022\/03\/18750.jpeg","width":800,"height":800},{"@type":"BreadcrumbList","@id":"https:\/\/kicka.eu\/sv\/produkt\/vibes-papers-king-size-slim-rice\/#breadcrumb","itemListElement":[{"@type":"ListItem","position":1,"name":"Home","item":"https:\/\/kicka.eu\/sv\/"},{"@type":"ListItem","position":2,"name":"Shop","item":"https:\/\/kicka.eu\/sv\/shop\/"},{"@type":"ListItem","position":3,"name":"Papers King Size Slim Rice"}]},{"@type":"WebSite","@id":"https:\/\/kicka.eu\/sv\/#website","url":"https:\/\/kicka.eu\/sv\/","name":"Kicka","description":"Online Headshop","publisher":{"@id":"https:\/\/kicka.eu\/sv\/#organization"},"potentialAction":[{"@type":"SearchAction","target":{"@type":"EntryPoint","urlTemplate":"https:\/\/kicka.eu\/sv\/?s={search_term_string}"},"query-input":"required name=search_term_string"}],"inLanguage":"sv-SE"},{"@type":"Organization","@id":"https:\/\/kicka.eu\/sv\/#organization","name":"Kicka","url":"https:\/\/kicka.eu\/sv\/","logo":{"@type":"ImageObject","inLanguage":"sv-SE","@id":"https:\/\/kicka.eu\/sv\/#\/schema\/logo\/image\/","url":"https:\/\/kicka.eu\/wp-content\/uploads\/2023\/08\/Kicka-Logo.png","contentUrl":"https:\/\/kicka.eu\/wp-content\/uploads\/2023\/08\/Kicka-Logo.png","width":233,"height":233,"caption":"Kicka"},"image":{"@id":"https:\/\/kicka.eu\/sv\/#\/schema\/logo\/image\/"}}]}},"_links":{"self":[{"href":"https:\/\/kicka.eu\/sv\/wp-json\/wp\/v2\/product\/41137","targetHints":{"allow":["GET"]}}],"collection":[{"href":"https:\/\/kicka.eu\/sv\/wp-json\/wp\/v2\/product"}],"about":[{"href":"https:\/\/kicka.eu\/sv\/wp-json\/wp\/v2\/types\/product"}],"replies":[{"embeddable":true,"href":"https:\/\/kicka.eu\/sv\/wp-json\/wp\/v2\/comments?post=41137"}],"wp:featuredmedia":[{"embeddable":true,"href":"https:\/\/kicka.eu\/sv\/wp-json\/wp\/v2\/media\/388"}],"wp:attachment":[{"href":"https:\/\/kicka.eu\/sv\/wp-json\/wp\/v2\/media?parent=41137"}],"wp:term":[{"taxonomy":"product_cat","embeddable":true,"href":"https:\/\/kicka.eu\/sv\/wp-json\/wp\/v2\/product_cat?post=41137"},{"taxonomy":"product_tag","embeddable":true,"href":"https:\/\/kicka.eu\/sv\/wp-json\/wp\/v2\/product_tag?post=41137"}],"curies":[{"name":"wp","href":"https:\/\/api.w.org\/{rel}","templated":true}]}}