{"id":41113,"date":"2023-05-18T22:27:14","date_gmt":"2023-05-18T20:27:14","guid":{"rendered":"https:\/\/kicka.eu\/product\/raw-kingpin-mafioso-stor-plastic\/"},"modified":"2024-01-24T20:49:46","modified_gmt":"2024-01-24T19:49:46","slug":"raw-kingpin-mafioso-stor-plastic","status":"publish","type":"product","link":"https:\/\/kicka.eu\/sv\/produkt\/raw-kingpin-mafioso-stor-plastic\/","title":{"rendered":"Mafioso Stor Plastic"},"content":{"rendered":"","protected":false},"excerpt":{"rendered":"<p>R\u00e5 och kingpin har samarbetat f\u00f6r att ta med dig den r\u00e5a x Kingpin Mafioso-rullande brickan. Denna nifty 10 &#8221;x 8&#8221; -fack har tre avtagbara komponenter som g\u00f6r rullande upp en bris. Anv\u00e4nd f\u00f6rst det magnetiska locket f\u00f6r att bryta upp r\u00f6kningsmaterial och borsta det genom \u00f6ppningen i den nedre kammaren. Ta sedan bort locket och s\u00e4tt upp din rullande station med de inbyggda utrymmena f\u00f6r koner, tips, papper, kvarn, l\u00e4ttare och mer! Nu \u00e4r du redo att rulla upp och fylla kottar!<\/p>\n","protected":false},"featured_media":522,"comment_status":"open","ping_status":"closed","template":"","meta":{"_acf_changed":false,"_et_pb_use_builder":"","_et_pb_old_content":"","_et_gb_content_width":"","om_disable_all_campaigns":false,"_monsterinsights_skip_tracking":false,"_monsterinsights_sitenote_active":false,"_monsterinsights_sitenote_note":"","_monsterinsights_sitenote_category":0,"_uf_show_specific_survey":0,"_uf_disable_surveys":false},"product_cat":[30],"product_tag":[40],"class_list":{"0":"post-41113","1":"product","2":"type-product","3":"status-publish","4":"has-post-thumbnail","6":"product_cat-tillbehor","7":"product_tag-rullbrickor","8":"pa_varumarken-raw","10":"first","11":"instock","12":"taxable","13":"shipping-taxable","14":"purchasable","15":"product-type-simple"},"acf":[],"yoast_head":"<!-- This site is optimized with the Yoast SEO plugin v22.8 - https:\/\/yoast.com\/wordpress\/plugins\/seo\/ -->\n<title>Mafioso Stor Plastic - Kicka<\/title>\n<meta name=\"robots\" content=\"index, follow, max-snippet:-1, max-image-preview:large, max-video-preview:-1\" \/>\n<link rel=\"canonical\" href=\"https:\/\/kicka.eu\/sv\/produkt\/raw-kingpin-mafioso-stor-plastic\/\" \/>\n<meta property=\"og:locale\" content=\"sv_SE\" \/>\n<meta property=\"og:type\" content=\"article\" \/>\n<meta property=\"og:title\" content=\"Mafioso Stor Plastic - Kicka\" \/>\n<meta property=\"og:description\" content=\"R\u00e5 och kingpin har samarbetat f\u00f6r att ta med dig den r\u00e5a x Kingpin Mafioso-rullande brickan. Denna nifty 10 &quot;x 8&quot; -fack har tre avtagbara komponenter som g\u00f6r rullande upp en bris. Anv\u00e4nd f\u00f6rst det magnetiska locket f\u00f6r att bryta upp r\u00f6kningsmaterial och borsta det genom \u00f6ppningen i den nedre kammaren. Ta sedan bort locket och s\u00e4tt upp din rullande station med de inbyggda utrymmena f\u00f6r koner, tips, papper, kvarn, l\u00e4ttare och mer! Nu \u00e4r du redo att rulla upp och fylla kottar!\" \/>\n<meta property=\"og:url\" content=\"https:\/\/kicka.eu\/sv\/produkt\/raw-kingpin-mafioso-stor-plastic\/\" \/>\n<meta property=\"og:site_name\" content=\"Kicka\" \/>\n<meta property=\"article:modified_time\" content=\"2024-01-24T19:49:46+00:00\" \/>\n<meta property=\"og:image\" content=\"https:\/\/kicka.eu\/wp-content\/uploads\/2022\/03\/32759.jpeg\" \/>\n\t<meta property=\"og:image:width\" content=\"850\" \/>\n\t<meta property=\"og:image:height\" content=\"850\" \/>\n\t<meta property=\"og:image:type\" content=\"image\/jpeg\" \/>\n<meta name=\"twitter:card\" content=\"summary_large_image\" \/>\n<script type=\"application\/ld+json\" class=\"yoast-schema-graph\">{\"@context\":\"https:\/\/schema.org\",\"@graph\":[{\"@type\":\"WebPage\",\"@id\":\"https:\/\/kicka.eu\/sv\/produkt\/raw-kingpin-mafioso-stor-plastic\/\",\"url\":\"https:\/\/kicka.eu\/sv\/produkt\/raw-kingpin-mafioso-stor-plastic\/\",\"name\":\"Mafioso Stor Plastic - Kicka\",\"isPartOf\":{\"@id\":\"https:\/\/kicka.eu\/sv\/#website\"},\"primaryImageOfPage\":{\"@id\":\"https:\/\/kicka.eu\/sv\/produkt\/raw-kingpin-mafioso-stor-plastic\/#primaryimage\"},\"image\":{\"@id\":\"https:\/\/kicka.eu\/sv\/produkt\/raw-kingpin-mafioso-stor-plastic\/#primaryimage\"},\"thumbnailUrl\":\"https:\/\/kicka.eu\/wp-content\/uploads\/2022\/03\/32759.jpeg\",\"datePublished\":\"2023-05-18T20:27:14+00:00\",\"dateModified\":\"2024-01-24T19:49:46+00:00\",\"breadcrumb\":{\"@id\":\"https:\/\/kicka.eu\/sv\/produkt\/raw-kingpin-mafioso-stor-plastic\/#breadcrumb\"},\"inLanguage\":\"sv-SE\",\"potentialAction\":[{\"@type\":\"ReadAction\",\"target\":[\"https:\/\/kicka.eu\/sv\/produkt\/raw-kingpin-mafioso-stor-plastic\/\"]}]},{\"@type\":\"ImageObject\",\"inLanguage\":\"sv-SE\",\"@id\":\"https:\/\/kicka.eu\/sv\/produkt\/raw-kingpin-mafioso-stor-plastic\/#primaryimage\",\"url\":\"https:\/\/kicka.eu\/wp-content\/uploads\/2022\/03\/32759.jpeg\",\"contentUrl\":\"https:\/\/kicka.eu\/wp-content\/uploads\/2022\/03\/32759.jpeg\",\"width\":850,\"height\":850},{\"@type\":\"BreadcrumbList\",\"@id\":\"https:\/\/kicka.eu\/sv\/produkt\/raw-kingpin-mafioso-stor-plastic\/#breadcrumb\",\"itemListElement\":[{\"@type\":\"ListItem\",\"position\":1,\"name\":\"Home\",\"item\":\"https:\/\/kicka.eu\/sv\/\"},{\"@type\":\"ListItem\",\"position\":2,\"name\":\"Shop\",\"item\":\"https:\/\/kicka.eu\/sv\/shop\/\"},{\"@type\":\"ListItem\",\"position\":3,\"name\":\"Mafioso Stor Plastic\"}]},{\"@type\":\"WebSite\",\"@id\":\"https:\/\/kicka.eu\/sv\/#website\",\"url\":\"https:\/\/kicka.eu\/sv\/\",\"name\":\"Kicka\",\"description\":\"Online Headshop\",\"publisher\":{\"@id\":\"https:\/\/kicka.eu\/sv\/#organization\"},\"potentialAction\":[{\"@type\":\"SearchAction\",\"target\":{\"@type\":\"EntryPoint\",\"urlTemplate\":\"https:\/\/kicka.eu\/sv\/?s={search_term_string}\"},\"query-input\":\"required name=search_term_string\"}],\"inLanguage\":\"sv-SE\"},{\"@type\":\"Organization\",\"@id\":\"https:\/\/kicka.eu\/sv\/#organization\",\"name\":\"Kicka\",\"url\":\"https:\/\/kicka.eu\/sv\/\",\"logo\":{\"@type\":\"ImageObject\",\"inLanguage\":\"sv-SE\",\"@id\":\"https:\/\/kicka.eu\/sv\/#\/schema\/logo\/image\/\",\"url\":\"https:\/\/kicka.eu\/wp-content\/uploads\/2023\/08\/Kicka-Logo.png\",\"contentUrl\":\"https:\/\/kicka.eu\/wp-content\/uploads\/2023\/08\/Kicka-Logo.png\",\"width\":233,\"height\":233,\"caption\":\"Kicka\"},\"image\":{\"@id\":\"https:\/\/kicka.eu\/sv\/#\/schema\/logo\/image\/\"}}]}<\/script>\n<!-- \/ Yoast SEO plugin. -->","yoast_head_json":{"title":"Mafioso Stor Plastic - Kicka","robots":{"index":"index","follow":"follow","max-snippet":"max-snippet:-1","max-image-preview":"max-image-preview:large","max-video-preview":"max-video-preview:-1"},"canonical":"https:\/\/kicka.eu\/sv\/produkt\/raw-kingpin-mafioso-stor-plastic\/","og_locale":"sv_SE","og_type":"article","og_title":"Mafioso Stor Plastic - Kicka","og_description":"R\u00e5 och kingpin har samarbetat f\u00f6r att ta med dig den r\u00e5a x Kingpin Mafioso-rullande brickan. Denna nifty 10 \"x 8\" -fack har tre avtagbara komponenter som g\u00f6r rullande upp en bris. Anv\u00e4nd f\u00f6rst det magnetiska locket f\u00f6r att bryta upp r\u00f6kningsmaterial och borsta det genom \u00f6ppningen i den nedre kammaren. Ta sedan bort locket och s\u00e4tt upp din rullande station med de inbyggda utrymmena f\u00f6r koner, tips, papper, kvarn, l\u00e4ttare och mer! Nu \u00e4r du redo att rulla upp och fylla kottar!","og_url":"https:\/\/kicka.eu\/sv\/produkt\/raw-kingpin-mafioso-stor-plastic\/","og_site_name":"Kicka","article_modified_time":"2024-01-24T19:49:46+00:00","og_image":[{"width":850,"height":850,"url":"https:\/\/kicka.eu\/wp-content\/uploads\/2022\/03\/32759.jpeg","type":"image\/jpeg"}],"twitter_card":"summary_large_image","schema":{"@context":"https:\/\/schema.org","@graph":[{"@type":"WebPage","@id":"https:\/\/kicka.eu\/sv\/produkt\/raw-kingpin-mafioso-stor-plastic\/","url":"https:\/\/kicka.eu\/sv\/produkt\/raw-kingpin-mafioso-stor-plastic\/","name":"Mafioso Stor Plastic - Kicka","isPartOf":{"@id":"https:\/\/kicka.eu\/sv\/#website"},"primaryImageOfPage":{"@id":"https:\/\/kicka.eu\/sv\/produkt\/raw-kingpin-mafioso-stor-plastic\/#primaryimage"},"image":{"@id":"https:\/\/kicka.eu\/sv\/produkt\/raw-kingpin-mafioso-stor-plastic\/#primaryimage"},"thumbnailUrl":"https:\/\/kicka.eu\/wp-content\/uploads\/2022\/03\/32759.jpeg","datePublished":"2023-05-18T20:27:14+00:00","dateModified":"2024-01-24T19:49:46+00:00","breadcrumb":{"@id":"https:\/\/kicka.eu\/sv\/produkt\/raw-kingpin-mafioso-stor-plastic\/#breadcrumb"},"inLanguage":"sv-SE","potentialAction":[{"@type":"ReadAction","target":["https:\/\/kicka.eu\/sv\/produkt\/raw-kingpin-mafioso-stor-plastic\/"]}]},{"@type":"ImageObject","inLanguage":"sv-SE","@id":"https:\/\/kicka.eu\/sv\/produkt\/raw-kingpin-mafioso-stor-plastic\/#primaryimage","url":"https:\/\/kicka.eu\/wp-content\/uploads\/2022\/03\/32759.jpeg","contentUrl":"https:\/\/kicka.eu\/wp-content\/uploads\/2022\/03\/32759.jpeg","width":850,"height":850},{"@type":"BreadcrumbList","@id":"https:\/\/kicka.eu\/sv\/produkt\/raw-kingpin-mafioso-stor-plastic\/#breadcrumb","itemListElement":[{"@type":"ListItem","position":1,"name":"Home","item":"https:\/\/kicka.eu\/sv\/"},{"@type":"ListItem","position":2,"name":"Shop","item":"https:\/\/kicka.eu\/sv\/shop\/"},{"@type":"ListItem","position":3,"name":"Mafioso Stor Plastic"}]},{"@type":"WebSite","@id":"https:\/\/kicka.eu\/sv\/#website","url":"https:\/\/kicka.eu\/sv\/","name":"Kicka","description":"Online Headshop","publisher":{"@id":"https:\/\/kicka.eu\/sv\/#organization"},"potentialAction":[{"@type":"SearchAction","target":{"@type":"EntryPoint","urlTemplate":"https:\/\/kicka.eu\/sv\/?s={search_term_string}"},"query-input":"required name=search_term_string"}],"inLanguage":"sv-SE"},{"@type":"Organization","@id":"https:\/\/kicka.eu\/sv\/#organization","name":"Kicka","url":"https:\/\/kicka.eu\/sv\/","logo":{"@type":"ImageObject","inLanguage":"sv-SE","@id":"https:\/\/kicka.eu\/sv\/#\/schema\/logo\/image\/","url":"https:\/\/kicka.eu\/wp-content\/uploads\/2023\/08\/Kicka-Logo.png","contentUrl":"https:\/\/kicka.eu\/wp-content\/uploads\/2023\/08\/Kicka-Logo.png","width":233,"height":233,"caption":"Kicka"},"image":{"@id":"https:\/\/kicka.eu\/sv\/#\/schema\/logo\/image\/"}}]}},"_links":{"self":[{"href":"https:\/\/kicka.eu\/sv\/wp-json\/wp\/v2\/product\/41113","targetHints":{"allow":["GET"]}}],"collection":[{"href":"https:\/\/kicka.eu\/sv\/wp-json\/wp\/v2\/product"}],"about":[{"href":"https:\/\/kicka.eu\/sv\/wp-json\/wp\/v2\/types\/product"}],"replies":[{"embeddable":true,"href":"https:\/\/kicka.eu\/sv\/wp-json\/wp\/v2\/comments?post=41113"}],"wp:featuredmedia":[{"embeddable":true,"href":"https:\/\/kicka.eu\/sv\/wp-json\/wp\/v2\/media\/522"}],"wp:attachment":[{"href":"https:\/\/kicka.eu\/sv\/wp-json\/wp\/v2\/media?parent=41113"}],"wp:term":[{"taxonomy":"product_cat","embeddable":true,"href":"https:\/\/kicka.eu\/sv\/wp-json\/wp\/v2\/product_cat?post=41113"},{"taxonomy":"product_tag","embeddable":true,"href":"https:\/\/kicka.eu\/sv\/wp-json\/wp\/v2\/product_tag?post=41113"}],"curies":[{"name":"wp","href":"https:\/\/api.w.org\/{rel}","templated":true}]}}