{"id":41111,"date":"2023-05-18T22:27:13","date_gmt":"2023-05-18T20:27:13","guid":{"rendered":"https:\/\/kicka.eu\/product\/raw-natural-rolling-box-in-wood\/"},"modified":"2024-01-24T20:50:46","modified_gmt":"2024-01-24T19:50:46","slug":"raw-natural-rolling-box-in-wood","status":"publish","type":"product","link":"https:\/\/kicka.eu\/sv\/produkt\/raw-natural-rolling-box-in-wood\/","title":{"rendered":"Raw Natural Rolling Box In Wood"},"content":{"rendered":"","protected":false},"excerpt":{"rendered":"<p>Denna h\u00e4rliga RAW RYO-box \u00e4r det perfekta lagringstillbeh\u00f6ret f\u00f6r alla dina r\u00f6kverktyg och tillbeh\u00f6r. Varje tr\u00e4l\u00e5da \u00e4r fixerad med ett magnetiskt lock som m\u00f6jligg\u00f6r s\u00e4ker st\u00e4ngning. Dessa l\u00e5dor \u00e4r ocks\u00e5 justerbara och anpassningsbara med sina medf\u00f6ljande tr\u00e4delare s\u00e5 att du kan passa alla tillbeh\u00f6r inuti med enkel organisation! De enkla men eleganta tr\u00e4sniderierna i dessa r\u00e5a l\u00e5dor ger varje beh\u00e5llare en enkel men elegant k\u00e4nsla samtidigt som du skryter med den ikoniska r\u00e5logotypen p\u00e5 toppen!<\/p>\n","protected":false},"featured_media":554,"comment_status":"open","ping_status":"closed","template":"","meta":{"_acf_changed":false,"_et_pb_use_builder":"","_et_pb_old_content":"","_et_gb_content_width":"","om_disable_all_campaigns":false,"_monsterinsights_skip_tracking":false,"_monsterinsights_sitenote_active":false,"_monsterinsights_sitenote_note":"","_monsterinsights_sitenote_category":0,"_uf_show_specific_survey":0,"_uf_disable_surveys":false},"product_cat":[30],"product_tag":[36],"class_list":{"0":"post-41111","1":"product","2":"type-product","3":"status-publish","4":"has-post-thumbnail","6":"product_cat-tillbehor","7":"product_tag-forvaring","8":"pa_varumarken-raw","10":"first","11":"instock","12":"taxable","13":"shipping-taxable","14":"purchasable","15":"product-type-simple"},"acf":[],"yoast_head":"<!-- This site is optimized with the Yoast SEO plugin v22.8 - https:\/\/yoast.com\/wordpress\/plugins\/seo\/ -->\n<title>Raw Natural Rolling Box In Wood - Kicka<\/title>\n<meta name=\"robots\" content=\"index, follow, max-snippet:-1, max-image-preview:large, max-video-preview:-1\" \/>\n<link rel=\"canonical\" href=\"https:\/\/kicka.eu\/sv\/produkt\/raw-natural-rolling-box-in-wood\/\" \/>\n<meta property=\"og:locale\" content=\"sv_SE\" \/>\n<meta property=\"og:type\" content=\"article\" \/>\n<meta property=\"og:title\" content=\"Raw Natural Rolling Box In Wood - Kicka\" \/>\n<meta property=\"og:description\" content=\"Denna h\u00e4rliga RAW RYO-box \u00e4r det perfekta lagringstillbeh\u00f6ret f\u00f6r alla dina r\u00f6kverktyg och tillbeh\u00f6r. Varje tr\u00e4l\u00e5da \u00e4r fixerad med ett magnetiskt lock som m\u00f6jligg\u00f6r s\u00e4ker st\u00e4ngning. Dessa l\u00e5dor \u00e4r ocks\u00e5 justerbara och anpassningsbara med sina medf\u00f6ljande tr\u00e4delare s\u00e5 att du kan passa alla tillbeh\u00f6r inuti med enkel organisation! De enkla men eleganta tr\u00e4sniderierna i dessa r\u00e5a l\u00e5dor ger varje beh\u00e5llare en enkel men elegant k\u00e4nsla samtidigt som du skryter med den ikoniska r\u00e5logotypen p\u00e5 toppen!\" \/>\n<meta property=\"og:url\" content=\"https:\/\/kicka.eu\/sv\/produkt\/raw-natural-rolling-box-in-wood\/\" \/>\n<meta property=\"og:site_name\" content=\"Kicka\" \/>\n<meta property=\"article:modified_time\" content=\"2024-01-24T19:50:46+00:00\" \/>\n<meta property=\"og:image\" content=\"https:\/\/kicka.eu\/wp-content\/uploads\/2022\/03\/46951.jpeg\" \/>\n\t<meta property=\"og:image:width\" content=\"850\" \/>\n\t<meta property=\"og:image:height\" content=\"850\" \/>\n\t<meta property=\"og:image:type\" content=\"image\/jpeg\" \/>\n<meta name=\"twitter:card\" content=\"summary_large_image\" \/>\n<script type=\"application\/ld+json\" class=\"yoast-schema-graph\">{\"@context\":\"https:\/\/schema.org\",\"@graph\":[{\"@type\":\"WebPage\",\"@id\":\"https:\/\/kicka.eu\/sv\/produkt\/raw-natural-rolling-box-in-wood\/\",\"url\":\"https:\/\/kicka.eu\/sv\/produkt\/raw-natural-rolling-box-in-wood\/\",\"name\":\"Raw Natural Rolling Box In Wood - Kicka\",\"isPartOf\":{\"@id\":\"https:\/\/kicka.eu\/sv\/#website\"},\"primaryImageOfPage\":{\"@id\":\"https:\/\/kicka.eu\/sv\/produkt\/raw-natural-rolling-box-in-wood\/#primaryimage\"},\"image\":{\"@id\":\"https:\/\/kicka.eu\/sv\/produkt\/raw-natural-rolling-box-in-wood\/#primaryimage\"},\"thumbnailUrl\":\"https:\/\/kicka.eu\/wp-content\/uploads\/2022\/03\/46951.jpeg\",\"datePublished\":\"2023-05-18T20:27:13+00:00\",\"dateModified\":\"2024-01-24T19:50:46+00:00\",\"breadcrumb\":{\"@id\":\"https:\/\/kicka.eu\/sv\/produkt\/raw-natural-rolling-box-in-wood\/#breadcrumb\"},\"inLanguage\":\"sv-SE\",\"potentialAction\":[{\"@type\":\"ReadAction\",\"target\":[\"https:\/\/kicka.eu\/sv\/produkt\/raw-natural-rolling-box-in-wood\/\"]}]},{\"@type\":\"ImageObject\",\"inLanguage\":\"sv-SE\",\"@id\":\"https:\/\/kicka.eu\/sv\/produkt\/raw-natural-rolling-box-in-wood\/#primaryimage\",\"url\":\"https:\/\/kicka.eu\/wp-content\/uploads\/2022\/03\/46951.jpeg\",\"contentUrl\":\"https:\/\/kicka.eu\/wp-content\/uploads\/2022\/03\/46951.jpeg\",\"width\":850,\"height\":850},{\"@type\":\"BreadcrumbList\",\"@id\":\"https:\/\/kicka.eu\/sv\/produkt\/raw-natural-rolling-box-in-wood\/#breadcrumb\",\"itemListElement\":[{\"@type\":\"ListItem\",\"position\":1,\"name\":\"Home\",\"item\":\"https:\/\/kicka.eu\/sv\/\"},{\"@type\":\"ListItem\",\"position\":2,\"name\":\"Shop\",\"item\":\"https:\/\/kicka.eu\/sv\/shop\/\"},{\"@type\":\"ListItem\",\"position\":3,\"name\":\"Raw Natural Rolling Box In Wood\"}]},{\"@type\":\"WebSite\",\"@id\":\"https:\/\/kicka.eu\/sv\/#website\",\"url\":\"https:\/\/kicka.eu\/sv\/\",\"name\":\"Kicka\",\"description\":\"Online Headshop\",\"publisher\":{\"@id\":\"https:\/\/kicka.eu\/sv\/#organization\"},\"potentialAction\":[{\"@type\":\"SearchAction\",\"target\":{\"@type\":\"EntryPoint\",\"urlTemplate\":\"https:\/\/kicka.eu\/sv\/?s={search_term_string}\"},\"query-input\":\"required name=search_term_string\"}],\"inLanguage\":\"sv-SE\"},{\"@type\":\"Organization\",\"@id\":\"https:\/\/kicka.eu\/sv\/#organization\",\"name\":\"Kicka\",\"url\":\"https:\/\/kicka.eu\/sv\/\",\"logo\":{\"@type\":\"ImageObject\",\"inLanguage\":\"sv-SE\",\"@id\":\"https:\/\/kicka.eu\/sv\/#\/schema\/logo\/image\/\",\"url\":\"https:\/\/kicka.eu\/wp-content\/uploads\/2023\/08\/Kicka-Logo.png\",\"contentUrl\":\"https:\/\/kicka.eu\/wp-content\/uploads\/2023\/08\/Kicka-Logo.png\",\"width\":233,\"height\":233,\"caption\":\"Kicka\"},\"image\":{\"@id\":\"https:\/\/kicka.eu\/sv\/#\/schema\/logo\/image\/\"}}]}<\/script>\n<!-- \/ Yoast SEO plugin. -->","yoast_head_json":{"title":"Raw Natural Rolling Box In Wood - Kicka","robots":{"index":"index","follow":"follow","max-snippet":"max-snippet:-1","max-image-preview":"max-image-preview:large","max-video-preview":"max-video-preview:-1"},"canonical":"https:\/\/kicka.eu\/sv\/produkt\/raw-natural-rolling-box-in-wood\/","og_locale":"sv_SE","og_type":"article","og_title":"Raw Natural Rolling Box In Wood - Kicka","og_description":"Denna h\u00e4rliga RAW RYO-box \u00e4r det perfekta lagringstillbeh\u00f6ret f\u00f6r alla dina r\u00f6kverktyg och tillbeh\u00f6r. Varje tr\u00e4l\u00e5da \u00e4r fixerad med ett magnetiskt lock som m\u00f6jligg\u00f6r s\u00e4ker st\u00e4ngning. Dessa l\u00e5dor \u00e4r ocks\u00e5 justerbara och anpassningsbara med sina medf\u00f6ljande tr\u00e4delare s\u00e5 att du kan passa alla tillbeh\u00f6r inuti med enkel organisation! De enkla men eleganta tr\u00e4sniderierna i dessa r\u00e5a l\u00e5dor ger varje beh\u00e5llare en enkel men elegant k\u00e4nsla samtidigt som du skryter med den ikoniska r\u00e5logotypen p\u00e5 toppen!","og_url":"https:\/\/kicka.eu\/sv\/produkt\/raw-natural-rolling-box-in-wood\/","og_site_name":"Kicka","article_modified_time":"2024-01-24T19:50:46+00:00","og_image":[{"width":850,"height":850,"url":"https:\/\/kicka.eu\/wp-content\/uploads\/2022\/03\/46951.jpeg","type":"image\/jpeg"}],"twitter_card":"summary_large_image","schema":{"@context":"https:\/\/schema.org","@graph":[{"@type":"WebPage","@id":"https:\/\/kicka.eu\/sv\/produkt\/raw-natural-rolling-box-in-wood\/","url":"https:\/\/kicka.eu\/sv\/produkt\/raw-natural-rolling-box-in-wood\/","name":"Raw Natural Rolling Box In Wood - Kicka","isPartOf":{"@id":"https:\/\/kicka.eu\/sv\/#website"},"primaryImageOfPage":{"@id":"https:\/\/kicka.eu\/sv\/produkt\/raw-natural-rolling-box-in-wood\/#primaryimage"},"image":{"@id":"https:\/\/kicka.eu\/sv\/produkt\/raw-natural-rolling-box-in-wood\/#primaryimage"},"thumbnailUrl":"https:\/\/kicka.eu\/wp-content\/uploads\/2022\/03\/46951.jpeg","datePublished":"2023-05-18T20:27:13+00:00","dateModified":"2024-01-24T19:50:46+00:00","breadcrumb":{"@id":"https:\/\/kicka.eu\/sv\/produkt\/raw-natural-rolling-box-in-wood\/#breadcrumb"},"inLanguage":"sv-SE","potentialAction":[{"@type":"ReadAction","target":["https:\/\/kicka.eu\/sv\/produkt\/raw-natural-rolling-box-in-wood\/"]}]},{"@type":"ImageObject","inLanguage":"sv-SE","@id":"https:\/\/kicka.eu\/sv\/produkt\/raw-natural-rolling-box-in-wood\/#primaryimage","url":"https:\/\/kicka.eu\/wp-content\/uploads\/2022\/03\/46951.jpeg","contentUrl":"https:\/\/kicka.eu\/wp-content\/uploads\/2022\/03\/46951.jpeg","width":850,"height":850},{"@type":"BreadcrumbList","@id":"https:\/\/kicka.eu\/sv\/produkt\/raw-natural-rolling-box-in-wood\/#breadcrumb","itemListElement":[{"@type":"ListItem","position":1,"name":"Home","item":"https:\/\/kicka.eu\/sv\/"},{"@type":"ListItem","position":2,"name":"Shop","item":"https:\/\/kicka.eu\/sv\/shop\/"},{"@type":"ListItem","position":3,"name":"Raw Natural Rolling Box In Wood"}]},{"@type":"WebSite","@id":"https:\/\/kicka.eu\/sv\/#website","url":"https:\/\/kicka.eu\/sv\/","name":"Kicka","description":"Online Headshop","publisher":{"@id":"https:\/\/kicka.eu\/sv\/#organization"},"potentialAction":[{"@type":"SearchAction","target":{"@type":"EntryPoint","urlTemplate":"https:\/\/kicka.eu\/sv\/?s={search_term_string}"},"query-input":"required name=search_term_string"}],"inLanguage":"sv-SE"},{"@type":"Organization","@id":"https:\/\/kicka.eu\/sv\/#organization","name":"Kicka","url":"https:\/\/kicka.eu\/sv\/","logo":{"@type":"ImageObject","inLanguage":"sv-SE","@id":"https:\/\/kicka.eu\/sv\/#\/schema\/logo\/image\/","url":"https:\/\/kicka.eu\/wp-content\/uploads\/2023\/08\/Kicka-Logo.png","contentUrl":"https:\/\/kicka.eu\/wp-content\/uploads\/2023\/08\/Kicka-Logo.png","width":233,"height":233,"caption":"Kicka"},"image":{"@id":"https:\/\/kicka.eu\/sv\/#\/schema\/logo\/image\/"}}]}},"_links":{"self":[{"href":"https:\/\/kicka.eu\/sv\/wp-json\/wp\/v2\/product\/41111","targetHints":{"allow":["GET"]}}],"collection":[{"href":"https:\/\/kicka.eu\/sv\/wp-json\/wp\/v2\/product"}],"about":[{"href":"https:\/\/kicka.eu\/sv\/wp-json\/wp\/v2\/types\/product"}],"replies":[{"embeddable":true,"href":"https:\/\/kicka.eu\/sv\/wp-json\/wp\/v2\/comments?post=41111"}],"wp:featuredmedia":[{"embeddable":true,"href":"https:\/\/kicka.eu\/sv\/wp-json\/wp\/v2\/media\/554"}],"wp:attachment":[{"href":"https:\/\/kicka.eu\/sv\/wp-json\/wp\/v2\/media?parent=41111"}],"wp:term":[{"taxonomy":"product_cat","embeddable":true,"href":"https:\/\/kicka.eu\/sv\/wp-json\/wp\/v2\/product_cat?post=41111"},{"taxonomy":"product_tag","embeddable":true,"href":"https:\/\/kicka.eu\/sv\/wp-json\/wp\/v2\/product_tag?post=41111"}],"curies":[{"name":"wp","href":"https:\/\/api.w.org\/{rel}","templated":true}]}}