{"id":41105,"date":"2023-05-18T22:27:12","date_gmt":"2023-05-18T20:27:12","guid":{"rendered":"https:\/\/kicka.eu\/product\/raw-pocket-portable\/"},"modified":"2024-01-24T20:54:02","modified_gmt":"2024-01-24T19:54:02","slug":"raw-pocket-portable","status":"publish","type":"product","link":"https:\/\/kicka.eu\/sv\/produkt\/raw-pocket-portable\/","title":{"rendered":"Raw Pocket Portable"},"content":{"rendered":"","protected":false},"excerpt":{"rendered":"<p>Denna b\u00e4rbara ficka askkoppen var ursprungligen gjord f\u00f6r Japan (d\u00e4r ask p\u00e5 gatan \u00e4r olaglig). Vi skapade en enkel men magnifik l\u00f6sning &#8211; Raw Pocket Ashtray! Sm\u00e5 nog att passa i fickan s\u00e5 att du kan g\u00e5 n\u00e5gonstans med den, den r\u00e5a ficka Ashtray har en v\u00e4rmebest\u00e4ndig inre folie f\u00f6r att sl\u00e4cka din rumpa direkt n\u00e4r klaffen \u00e4r f\u00f6rseglad. Det har ocks\u00e5 en sn\u00e4ppknappsl\u00e5s s\u00e5 det \u00f6ppnas inte och spillas i fickan. R\u00e5ficka Ashtray: 3 &#8221;x 3 \u00bd&#8221; (n\u00e4r den \u00e4r st\u00e4ngd)<\/p>\n","protected":false},"featured_media":537,"comment_status":"open","ping_status":"closed","template":"","meta":{"_acf_changed":false,"_et_pb_use_builder":"","_et_pb_old_content":"","_et_gb_content_width":"","om_disable_all_campaigns":false,"_monsterinsights_skip_tracking":false,"_monsterinsights_sitenote_active":false,"_monsterinsights_sitenote_note":"","_monsterinsights_sitenote_category":0,"_uf_show_specific_survey":0,"_uf_disable_surveys":false},"product_cat":[30],"product_tag":[49],"class_list":{"0":"post-41105","1":"product","2":"type-product","3":"status-publish","4":"has-post-thumbnail","6":"product_cat-tillbehor","7":"product_tag-askfat","8":"pa_varumarken-raw","10":"first","11":"instock","12":"taxable","13":"shipping-taxable","14":"purchasable","15":"product-type-simple"},"acf":[],"yoast_head":"<!-- This site is optimized with the Yoast SEO plugin v22.8 - https:\/\/yoast.com\/wordpress\/plugins\/seo\/ -->\n<title>Raw Pocket Portable - Kicka<\/title>\n<meta name=\"robots\" content=\"index, follow, max-snippet:-1, max-image-preview:large, max-video-preview:-1\" \/>\n<link rel=\"canonical\" href=\"https:\/\/kicka.eu\/sv\/produkt\/raw-pocket-portable\/\" \/>\n<meta property=\"og:locale\" content=\"sv_SE\" \/>\n<meta property=\"og:type\" content=\"article\" \/>\n<meta property=\"og:title\" content=\"Raw Pocket Portable - Kicka\" \/>\n<meta property=\"og:description\" content=\"Denna b\u00e4rbara ficka askkoppen var ursprungligen gjord f\u00f6r Japan (d\u00e4r ask p\u00e5 gatan \u00e4r olaglig). Vi skapade en enkel men magnifik l\u00f6sning - Raw Pocket Ashtray! Sm\u00e5 nog att passa i fickan s\u00e5 att du kan g\u00e5 n\u00e5gonstans med den, den r\u00e5a ficka Ashtray har en v\u00e4rmebest\u00e4ndig inre folie f\u00f6r att sl\u00e4cka din rumpa direkt n\u00e4r klaffen \u00e4r f\u00f6rseglad. Det har ocks\u00e5 en sn\u00e4ppknappsl\u00e5s s\u00e5 det \u00f6ppnas inte och spillas i fickan. R\u00e5ficka Ashtray: 3 &quot;x 3 \u00bd&quot; (n\u00e4r den \u00e4r st\u00e4ngd)\" \/>\n<meta property=\"og:url\" content=\"https:\/\/kicka.eu\/sv\/produkt\/raw-pocket-portable\/\" \/>\n<meta property=\"og:site_name\" content=\"Kicka\" \/>\n<meta property=\"article:modified_time\" content=\"2024-01-24T19:54:02+00:00\" \/>\n<meta property=\"og:image\" content=\"https:\/\/kicka.eu\/wp-content\/uploads\/2022\/03\/36490.jpeg\" \/>\n\t<meta property=\"og:image:width\" content=\"850\" \/>\n\t<meta property=\"og:image:height\" content=\"850\" \/>\n\t<meta property=\"og:image:type\" content=\"image\/jpeg\" \/>\n<meta name=\"twitter:card\" content=\"summary_large_image\" \/>\n<script type=\"application\/ld+json\" class=\"yoast-schema-graph\">{\"@context\":\"https:\/\/schema.org\",\"@graph\":[{\"@type\":\"WebPage\",\"@id\":\"https:\/\/kicka.eu\/sv\/produkt\/raw-pocket-portable\/\",\"url\":\"https:\/\/kicka.eu\/sv\/produkt\/raw-pocket-portable\/\",\"name\":\"Raw Pocket Portable - Kicka\",\"isPartOf\":{\"@id\":\"https:\/\/kicka.eu\/sv\/#website\"},\"primaryImageOfPage\":{\"@id\":\"https:\/\/kicka.eu\/sv\/produkt\/raw-pocket-portable\/#primaryimage\"},\"image\":{\"@id\":\"https:\/\/kicka.eu\/sv\/produkt\/raw-pocket-portable\/#primaryimage\"},\"thumbnailUrl\":\"https:\/\/kicka.eu\/wp-content\/uploads\/2022\/03\/36490.jpeg\",\"datePublished\":\"2023-05-18T20:27:12+00:00\",\"dateModified\":\"2024-01-24T19:54:02+00:00\",\"breadcrumb\":{\"@id\":\"https:\/\/kicka.eu\/sv\/produkt\/raw-pocket-portable\/#breadcrumb\"},\"inLanguage\":\"sv-SE\",\"potentialAction\":[{\"@type\":\"ReadAction\",\"target\":[\"https:\/\/kicka.eu\/sv\/produkt\/raw-pocket-portable\/\"]}]},{\"@type\":\"ImageObject\",\"inLanguage\":\"sv-SE\",\"@id\":\"https:\/\/kicka.eu\/sv\/produkt\/raw-pocket-portable\/#primaryimage\",\"url\":\"https:\/\/kicka.eu\/wp-content\/uploads\/2022\/03\/36490.jpeg\",\"contentUrl\":\"https:\/\/kicka.eu\/wp-content\/uploads\/2022\/03\/36490.jpeg\",\"width\":850,\"height\":850},{\"@type\":\"BreadcrumbList\",\"@id\":\"https:\/\/kicka.eu\/sv\/produkt\/raw-pocket-portable\/#breadcrumb\",\"itemListElement\":[{\"@type\":\"ListItem\",\"position\":1,\"name\":\"Home\",\"item\":\"https:\/\/kicka.eu\/sv\/\"},{\"@type\":\"ListItem\",\"position\":2,\"name\":\"Shop\",\"item\":\"https:\/\/kicka.eu\/sv\/shop\/\"},{\"@type\":\"ListItem\",\"position\":3,\"name\":\"Raw Pocket Portable\"}]},{\"@type\":\"WebSite\",\"@id\":\"https:\/\/kicka.eu\/sv\/#website\",\"url\":\"https:\/\/kicka.eu\/sv\/\",\"name\":\"Kicka\",\"description\":\"Online Headshop\",\"publisher\":{\"@id\":\"https:\/\/kicka.eu\/sv\/#organization\"},\"potentialAction\":[{\"@type\":\"SearchAction\",\"target\":{\"@type\":\"EntryPoint\",\"urlTemplate\":\"https:\/\/kicka.eu\/sv\/?s={search_term_string}\"},\"query-input\":\"required name=search_term_string\"}],\"inLanguage\":\"sv-SE\"},{\"@type\":\"Organization\",\"@id\":\"https:\/\/kicka.eu\/sv\/#organization\",\"name\":\"Kicka\",\"url\":\"https:\/\/kicka.eu\/sv\/\",\"logo\":{\"@type\":\"ImageObject\",\"inLanguage\":\"sv-SE\",\"@id\":\"https:\/\/kicka.eu\/sv\/#\/schema\/logo\/image\/\",\"url\":\"https:\/\/kicka.eu\/wp-content\/uploads\/2023\/08\/Kicka-Logo.png\",\"contentUrl\":\"https:\/\/kicka.eu\/wp-content\/uploads\/2023\/08\/Kicka-Logo.png\",\"width\":233,\"height\":233,\"caption\":\"Kicka\"},\"image\":{\"@id\":\"https:\/\/kicka.eu\/sv\/#\/schema\/logo\/image\/\"}}]}<\/script>\n<!-- \/ Yoast SEO plugin. -->","yoast_head_json":{"title":"Raw Pocket Portable - Kicka","robots":{"index":"index","follow":"follow","max-snippet":"max-snippet:-1","max-image-preview":"max-image-preview:large","max-video-preview":"max-video-preview:-1"},"canonical":"https:\/\/kicka.eu\/sv\/produkt\/raw-pocket-portable\/","og_locale":"sv_SE","og_type":"article","og_title":"Raw Pocket Portable - Kicka","og_description":"Denna b\u00e4rbara ficka askkoppen var ursprungligen gjord f\u00f6r Japan (d\u00e4r ask p\u00e5 gatan \u00e4r olaglig). Vi skapade en enkel men magnifik l\u00f6sning - Raw Pocket Ashtray! Sm\u00e5 nog att passa i fickan s\u00e5 att du kan g\u00e5 n\u00e5gonstans med den, den r\u00e5a ficka Ashtray har en v\u00e4rmebest\u00e4ndig inre folie f\u00f6r att sl\u00e4cka din rumpa direkt n\u00e4r klaffen \u00e4r f\u00f6rseglad. Det har ocks\u00e5 en sn\u00e4ppknappsl\u00e5s s\u00e5 det \u00f6ppnas inte och spillas i fickan. R\u00e5ficka Ashtray: 3 \"x 3 \u00bd\" (n\u00e4r den \u00e4r st\u00e4ngd)","og_url":"https:\/\/kicka.eu\/sv\/produkt\/raw-pocket-portable\/","og_site_name":"Kicka","article_modified_time":"2024-01-24T19:54:02+00:00","og_image":[{"width":850,"height":850,"url":"https:\/\/kicka.eu\/wp-content\/uploads\/2022\/03\/36490.jpeg","type":"image\/jpeg"}],"twitter_card":"summary_large_image","schema":{"@context":"https:\/\/schema.org","@graph":[{"@type":"WebPage","@id":"https:\/\/kicka.eu\/sv\/produkt\/raw-pocket-portable\/","url":"https:\/\/kicka.eu\/sv\/produkt\/raw-pocket-portable\/","name":"Raw Pocket Portable - Kicka","isPartOf":{"@id":"https:\/\/kicka.eu\/sv\/#website"},"primaryImageOfPage":{"@id":"https:\/\/kicka.eu\/sv\/produkt\/raw-pocket-portable\/#primaryimage"},"image":{"@id":"https:\/\/kicka.eu\/sv\/produkt\/raw-pocket-portable\/#primaryimage"},"thumbnailUrl":"https:\/\/kicka.eu\/wp-content\/uploads\/2022\/03\/36490.jpeg","datePublished":"2023-05-18T20:27:12+00:00","dateModified":"2024-01-24T19:54:02+00:00","breadcrumb":{"@id":"https:\/\/kicka.eu\/sv\/produkt\/raw-pocket-portable\/#breadcrumb"},"inLanguage":"sv-SE","potentialAction":[{"@type":"ReadAction","target":["https:\/\/kicka.eu\/sv\/produkt\/raw-pocket-portable\/"]}]},{"@type":"ImageObject","inLanguage":"sv-SE","@id":"https:\/\/kicka.eu\/sv\/produkt\/raw-pocket-portable\/#primaryimage","url":"https:\/\/kicka.eu\/wp-content\/uploads\/2022\/03\/36490.jpeg","contentUrl":"https:\/\/kicka.eu\/wp-content\/uploads\/2022\/03\/36490.jpeg","width":850,"height":850},{"@type":"BreadcrumbList","@id":"https:\/\/kicka.eu\/sv\/produkt\/raw-pocket-portable\/#breadcrumb","itemListElement":[{"@type":"ListItem","position":1,"name":"Home","item":"https:\/\/kicka.eu\/sv\/"},{"@type":"ListItem","position":2,"name":"Shop","item":"https:\/\/kicka.eu\/sv\/shop\/"},{"@type":"ListItem","position":3,"name":"Raw Pocket Portable"}]},{"@type":"WebSite","@id":"https:\/\/kicka.eu\/sv\/#website","url":"https:\/\/kicka.eu\/sv\/","name":"Kicka","description":"Online Headshop","publisher":{"@id":"https:\/\/kicka.eu\/sv\/#organization"},"potentialAction":[{"@type":"SearchAction","target":{"@type":"EntryPoint","urlTemplate":"https:\/\/kicka.eu\/sv\/?s={search_term_string}"},"query-input":"required name=search_term_string"}],"inLanguage":"sv-SE"},{"@type":"Organization","@id":"https:\/\/kicka.eu\/sv\/#organization","name":"Kicka","url":"https:\/\/kicka.eu\/sv\/","logo":{"@type":"ImageObject","inLanguage":"sv-SE","@id":"https:\/\/kicka.eu\/sv\/#\/schema\/logo\/image\/","url":"https:\/\/kicka.eu\/wp-content\/uploads\/2023\/08\/Kicka-Logo.png","contentUrl":"https:\/\/kicka.eu\/wp-content\/uploads\/2023\/08\/Kicka-Logo.png","width":233,"height":233,"caption":"Kicka"},"image":{"@id":"https:\/\/kicka.eu\/sv\/#\/schema\/logo\/image\/"}}]}},"_links":{"self":[{"href":"https:\/\/kicka.eu\/sv\/wp-json\/wp\/v2\/product\/41105","targetHints":{"allow":["GET"]}}],"collection":[{"href":"https:\/\/kicka.eu\/sv\/wp-json\/wp\/v2\/product"}],"about":[{"href":"https:\/\/kicka.eu\/sv\/wp-json\/wp\/v2\/types\/product"}],"replies":[{"embeddable":true,"href":"https:\/\/kicka.eu\/sv\/wp-json\/wp\/v2\/comments?post=41105"}],"wp:featuredmedia":[{"embeddable":true,"href":"https:\/\/kicka.eu\/sv\/wp-json\/wp\/v2\/media\/537"}],"wp:attachment":[{"href":"https:\/\/kicka.eu\/sv\/wp-json\/wp\/v2\/media?parent=41105"}],"wp:term":[{"taxonomy":"product_cat","embeddable":true,"href":"https:\/\/kicka.eu\/sv\/wp-json\/wp\/v2\/product_cat?post=41105"},{"taxonomy":"product_tag","embeddable":true,"href":"https:\/\/kicka.eu\/sv\/wp-json\/wp\/v2\/product_tag?post=41105"}],"curies":[{"name":"wp","href":"https:\/\/api.w.org\/{rel}","templated":true}]}}