{"id":41088,"date":"2023-05-18T22:27:08","date_gmt":"2023-05-18T20:27:08","guid":{"rendered":"https:\/\/kicka.eu\/product\/raw-rawsome-giftset-12-delar\/"},"modified":"2024-01-24T21:02:44","modified_gmt":"2024-01-24T20:02:44","slug":"raw-rawsome-giftset-12-delar","status":"publish","type":"product","link":"https:\/\/kicka.eu\/sv\/produkt\/raw-rawsome-giftset-12-delar\/","title":{"rendered":"Raw Rawsome Giftset 12-Delar"},"content":{"rendered":"","protected":false},"excerpt":{"rendered":"<p>En fantastisk r\u00e5l\u00e5da som inneh\u00e5ller:<\/p>\n<p>1 x R\u00e5bricka (M)<\/p>\n<p>1 x R\u00e5 magnetisk brickk\u00e5pa (m)<\/p>\n<p>1 x Raw Round Pop Tin<\/p>\n<p>1 x RAW-spelkort (svart)<\/p>\n<p>1 x RAW KS PAPER TIN<\/p>\n<p>1 x RAW HEMP WICK (3 meter)<\/p>\n<p>1 x R\u00e5a f\u00f6rrullade tips<\/p>\n<p>1 x RAW TIPS<\/p>\n<p>1 x RAW Organic Hemp KS Slim<\/p>\n<p>1 x RAW Black KS Slim<\/p>\n<p>1 x RAW CLASSIC KS Slim<\/p>\n<p>32 x RAW Organic Hemp F\u00f6rrullade kottar<\/p>\n","protected":false},"featured_media":552,"comment_status":"open","ping_status":"closed","template":"","meta":{"_acf_changed":false,"_et_pb_use_builder":"","_et_pb_old_content":"","_et_gb_content_width":"","om_disable_all_campaigns":false,"_monsterinsights_skip_tracking":false,"_monsterinsights_sitenote_active":false,"_monsterinsights_sitenote_note":"","_monsterinsights_sitenote_category":0,"_uf_show_specific_survey":0,"_uf_disable_surveys":false},"product_cat":[32],"product_tag":[56],"class_list":{"0":"post-41088","1":"product","2":"type-product","3":"status-publish","4":"has-post-thumbnail","6":"product_cat-rullning","7":"product_tag-set","8":"pa_varumarken-raw","10":"first","11":"instock","12":"taxable","13":"shipping-taxable","14":"purchasable","15":"product-type-simple"},"acf":[],"yoast_head":"<!-- This site is optimized with the Yoast SEO plugin v22.8 - https:\/\/yoast.com\/wordpress\/plugins\/seo\/ -->\n<title>Raw Rawsome Giftset 12-Delar - Kicka<\/title>\n<meta name=\"robots\" content=\"index, follow, max-snippet:-1, max-image-preview:large, max-video-preview:-1\" \/>\n<link rel=\"canonical\" href=\"https:\/\/kicka.eu\/sv\/produkt\/raw-rawsome-giftset-12-delar\/\" \/>\n<meta property=\"og:locale\" content=\"sv_SE\" \/>\n<meta property=\"og:type\" content=\"article\" \/>\n<meta property=\"og:title\" content=\"Raw Rawsome Giftset 12-Delar - Kicka\" \/>\n<meta property=\"og:description\" content=\"En fantastisk r\u00e5l\u00e5da som inneh\u00e5ller:  1 x R\u00e5bricka (M)  1 x R\u00e5 magnetisk brickk\u00e5pa (m)  1 x Raw Round Pop Tin  1 x RAW-spelkort (svart)  1 x RAW KS PAPER TIN  1 x RAW HEMP WICK (3 meter)  1 x R\u00e5a f\u00f6rrullade tips  1 x RAW TIPS  1 x RAW Organic Hemp KS Slim  1 x RAW Black KS Slim  1 x RAW CLASSIC KS Slim  32 x RAW Organic Hemp F\u00f6rrullade kottar\" \/>\n<meta property=\"og:url\" content=\"https:\/\/kicka.eu\/sv\/produkt\/raw-rawsome-giftset-12-delar\/\" \/>\n<meta property=\"og:site_name\" content=\"Kicka\" \/>\n<meta property=\"article:modified_time\" content=\"2024-01-24T20:02:44+00:00\" \/>\n<meta property=\"og:image\" content=\"https:\/\/kicka.eu\/wp-content\/uploads\/2022\/03\/42902.jpeg\" \/>\n\t<meta property=\"og:image:width\" content=\"850\" \/>\n\t<meta property=\"og:image:height\" content=\"850\" \/>\n\t<meta property=\"og:image:type\" content=\"image\/jpeg\" \/>\n<meta name=\"twitter:card\" content=\"summary_large_image\" \/>\n<script type=\"application\/ld+json\" class=\"yoast-schema-graph\">{\"@context\":\"https:\/\/schema.org\",\"@graph\":[{\"@type\":\"WebPage\",\"@id\":\"https:\/\/kicka.eu\/sv\/produkt\/raw-rawsome-giftset-12-delar\/\",\"url\":\"https:\/\/kicka.eu\/sv\/produkt\/raw-rawsome-giftset-12-delar\/\",\"name\":\"Raw Rawsome Giftset 12-Delar - Kicka\",\"isPartOf\":{\"@id\":\"https:\/\/kicka.eu\/sv\/#website\"},\"primaryImageOfPage\":{\"@id\":\"https:\/\/kicka.eu\/sv\/produkt\/raw-rawsome-giftset-12-delar\/#primaryimage\"},\"image\":{\"@id\":\"https:\/\/kicka.eu\/sv\/produkt\/raw-rawsome-giftset-12-delar\/#primaryimage\"},\"thumbnailUrl\":\"https:\/\/kicka.eu\/wp-content\/uploads\/2022\/03\/42902.jpeg\",\"datePublished\":\"2023-05-18T20:27:08+00:00\",\"dateModified\":\"2024-01-24T20:02:44+00:00\",\"breadcrumb\":{\"@id\":\"https:\/\/kicka.eu\/sv\/produkt\/raw-rawsome-giftset-12-delar\/#breadcrumb\"},\"inLanguage\":\"sv-SE\",\"potentialAction\":[{\"@type\":\"ReadAction\",\"target\":[\"https:\/\/kicka.eu\/sv\/produkt\/raw-rawsome-giftset-12-delar\/\"]}]},{\"@type\":\"ImageObject\",\"inLanguage\":\"sv-SE\",\"@id\":\"https:\/\/kicka.eu\/sv\/produkt\/raw-rawsome-giftset-12-delar\/#primaryimage\",\"url\":\"https:\/\/kicka.eu\/wp-content\/uploads\/2022\/03\/42902.jpeg\",\"contentUrl\":\"https:\/\/kicka.eu\/wp-content\/uploads\/2022\/03\/42902.jpeg\",\"width\":850,\"height\":850},{\"@type\":\"BreadcrumbList\",\"@id\":\"https:\/\/kicka.eu\/sv\/produkt\/raw-rawsome-giftset-12-delar\/#breadcrumb\",\"itemListElement\":[{\"@type\":\"ListItem\",\"position\":1,\"name\":\"Home\",\"item\":\"https:\/\/kicka.eu\/sv\/\"},{\"@type\":\"ListItem\",\"position\":2,\"name\":\"Shop\",\"item\":\"https:\/\/kicka.eu\/sv\/shop\/\"},{\"@type\":\"ListItem\",\"position\":3,\"name\":\"Raw Rawsome Giftset 12-Delar\"}]},{\"@type\":\"WebSite\",\"@id\":\"https:\/\/kicka.eu\/sv\/#website\",\"url\":\"https:\/\/kicka.eu\/sv\/\",\"name\":\"Kicka\",\"description\":\"Online Headshop\",\"publisher\":{\"@id\":\"https:\/\/kicka.eu\/sv\/#organization\"},\"potentialAction\":[{\"@type\":\"SearchAction\",\"target\":{\"@type\":\"EntryPoint\",\"urlTemplate\":\"https:\/\/kicka.eu\/sv\/?s={search_term_string}\"},\"query-input\":\"required name=search_term_string\"}],\"inLanguage\":\"sv-SE\"},{\"@type\":\"Organization\",\"@id\":\"https:\/\/kicka.eu\/sv\/#organization\",\"name\":\"Kicka\",\"url\":\"https:\/\/kicka.eu\/sv\/\",\"logo\":{\"@type\":\"ImageObject\",\"inLanguage\":\"sv-SE\",\"@id\":\"https:\/\/kicka.eu\/sv\/#\/schema\/logo\/image\/\",\"url\":\"https:\/\/kicka.eu\/wp-content\/uploads\/2023\/08\/Kicka-Logo.png\",\"contentUrl\":\"https:\/\/kicka.eu\/wp-content\/uploads\/2023\/08\/Kicka-Logo.png\",\"width\":233,\"height\":233,\"caption\":\"Kicka\"},\"image\":{\"@id\":\"https:\/\/kicka.eu\/sv\/#\/schema\/logo\/image\/\"}}]}<\/script>\n<!-- \/ Yoast SEO plugin. -->","yoast_head_json":{"title":"Raw Rawsome Giftset 12-Delar - Kicka","robots":{"index":"index","follow":"follow","max-snippet":"max-snippet:-1","max-image-preview":"max-image-preview:large","max-video-preview":"max-video-preview:-1"},"canonical":"https:\/\/kicka.eu\/sv\/produkt\/raw-rawsome-giftset-12-delar\/","og_locale":"sv_SE","og_type":"article","og_title":"Raw Rawsome Giftset 12-Delar - Kicka","og_description":"En fantastisk r\u00e5l\u00e5da som inneh\u00e5ller:  1 x R\u00e5bricka (M)  1 x R\u00e5 magnetisk brickk\u00e5pa (m)  1 x Raw Round Pop Tin  1 x RAW-spelkort (svart)  1 x RAW KS PAPER TIN  1 x RAW HEMP WICK (3 meter)  1 x R\u00e5a f\u00f6rrullade tips  1 x RAW TIPS  1 x RAW Organic Hemp KS Slim  1 x RAW Black KS Slim  1 x RAW CLASSIC KS Slim  32 x RAW Organic Hemp F\u00f6rrullade kottar","og_url":"https:\/\/kicka.eu\/sv\/produkt\/raw-rawsome-giftset-12-delar\/","og_site_name":"Kicka","article_modified_time":"2024-01-24T20:02:44+00:00","og_image":[{"width":850,"height":850,"url":"https:\/\/kicka.eu\/wp-content\/uploads\/2022\/03\/42902.jpeg","type":"image\/jpeg"}],"twitter_card":"summary_large_image","schema":{"@context":"https:\/\/schema.org","@graph":[{"@type":"WebPage","@id":"https:\/\/kicka.eu\/sv\/produkt\/raw-rawsome-giftset-12-delar\/","url":"https:\/\/kicka.eu\/sv\/produkt\/raw-rawsome-giftset-12-delar\/","name":"Raw Rawsome Giftset 12-Delar - Kicka","isPartOf":{"@id":"https:\/\/kicka.eu\/sv\/#website"},"primaryImageOfPage":{"@id":"https:\/\/kicka.eu\/sv\/produkt\/raw-rawsome-giftset-12-delar\/#primaryimage"},"image":{"@id":"https:\/\/kicka.eu\/sv\/produkt\/raw-rawsome-giftset-12-delar\/#primaryimage"},"thumbnailUrl":"https:\/\/kicka.eu\/wp-content\/uploads\/2022\/03\/42902.jpeg","datePublished":"2023-05-18T20:27:08+00:00","dateModified":"2024-01-24T20:02:44+00:00","breadcrumb":{"@id":"https:\/\/kicka.eu\/sv\/produkt\/raw-rawsome-giftset-12-delar\/#breadcrumb"},"inLanguage":"sv-SE","potentialAction":[{"@type":"ReadAction","target":["https:\/\/kicka.eu\/sv\/produkt\/raw-rawsome-giftset-12-delar\/"]}]},{"@type":"ImageObject","inLanguage":"sv-SE","@id":"https:\/\/kicka.eu\/sv\/produkt\/raw-rawsome-giftset-12-delar\/#primaryimage","url":"https:\/\/kicka.eu\/wp-content\/uploads\/2022\/03\/42902.jpeg","contentUrl":"https:\/\/kicka.eu\/wp-content\/uploads\/2022\/03\/42902.jpeg","width":850,"height":850},{"@type":"BreadcrumbList","@id":"https:\/\/kicka.eu\/sv\/produkt\/raw-rawsome-giftset-12-delar\/#breadcrumb","itemListElement":[{"@type":"ListItem","position":1,"name":"Home","item":"https:\/\/kicka.eu\/sv\/"},{"@type":"ListItem","position":2,"name":"Shop","item":"https:\/\/kicka.eu\/sv\/shop\/"},{"@type":"ListItem","position":3,"name":"Raw Rawsome Giftset 12-Delar"}]},{"@type":"WebSite","@id":"https:\/\/kicka.eu\/sv\/#website","url":"https:\/\/kicka.eu\/sv\/","name":"Kicka","description":"Online Headshop","publisher":{"@id":"https:\/\/kicka.eu\/sv\/#organization"},"potentialAction":[{"@type":"SearchAction","target":{"@type":"EntryPoint","urlTemplate":"https:\/\/kicka.eu\/sv\/?s={search_term_string}"},"query-input":"required name=search_term_string"}],"inLanguage":"sv-SE"},{"@type":"Organization","@id":"https:\/\/kicka.eu\/sv\/#organization","name":"Kicka","url":"https:\/\/kicka.eu\/sv\/","logo":{"@type":"ImageObject","inLanguage":"sv-SE","@id":"https:\/\/kicka.eu\/sv\/#\/schema\/logo\/image\/","url":"https:\/\/kicka.eu\/wp-content\/uploads\/2023\/08\/Kicka-Logo.png","contentUrl":"https:\/\/kicka.eu\/wp-content\/uploads\/2023\/08\/Kicka-Logo.png","width":233,"height":233,"caption":"Kicka"},"image":{"@id":"https:\/\/kicka.eu\/sv\/#\/schema\/logo\/image\/"}}]}},"_links":{"self":[{"href":"https:\/\/kicka.eu\/sv\/wp-json\/wp\/v2\/product\/41088","targetHints":{"allow":["GET"]}}],"collection":[{"href":"https:\/\/kicka.eu\/sv\/wp-json\/wp\/v2\/product"}],"about":[{"href":"https:\/\/kicka.eu\/sv\/wp-json\/wp\/v2\/types\/product"}],"replies":[{"embeddable":true,"href":"https:\/\/kicka.eu\/sv\/wp-json\/wp\/v2\/comments?post=41088"}],"wp:featuredmedia":[{"embeddable":true,"href":"https:\/\/kicka.eu\/sv\/wp-json\/wp\/v2\/media\/552"}],"wp:attachment":[{"href":"https:\/\/kicka.eu\/sv\/wp-json\/wp\/v2\/media?parent=41088"}],"wp:term":[{"taxonomy":"product_cat","embeddable":true,"href":"https:\/\/kicka.eu\/sv\/wp-json\/wp\/v2\/product_cat?post=41088"},{"taxonomy":"product_tag","embeddable":true,"href":"https:\/\/kicka.eu\/sv\/wp-json\/wp\/v2\/product_tag?post=41088"}],"curies":[{"name":"wp","href":"https:\/\/api.w.org\/{rel}","templated":true}]}}