{"id":41087,"date":"2023-05-18T22:27:08","date_gmt":"2023-05-18T20:27:08","guid":{"rendered":"https:\/\/kicka.eu\/product\/raw-rawlbook-420-natural-unrefined-tips-i-en-bok\/"},"modified":"2024-01-30T22:52:08","modified_gmt":"2024-01-30T21:52:08","slug":"raw-rawlbook-420-natural-unrefined-tips-i-en-bok","status":"publish","type":"product","link":"https:\/\/kicka.eu\/sv\/produkt\/raw-rawlbook-420-natural-unrefined-tips-i-en-bok\/","title":{"rendered":"Raw Rawlbook 420 Natural Unrefined Tips I En Bok"},"content":{"rendered":"","protected":false},"excerpt":{"rendered":"<p>Gjord f\u00f6r endast n\u00e5gra vansinniga sanna r\u00f6kare! Rawlbook skapades f\u00f6r en liten grupp av mycket likasinnade r\u00f6kare som anv\u00e4nder m\u00e5nga tips och njut av varje r\u00f6k. Rawlbook \u00e4r fylld med v\u00e5rt klassiska ursprungliga r\u00e5spetspapperslagd i t\u00e5rbara ark precision gjord av naturligt oraffinerat, klorfri papper och f\u00f6rsiktigt klippt med kornet f\u00f6r att s\u00e4kerst\u00e4lla att varje spets rullar smidigt utan &#8221;kvadrering&#8221;.<\/p>\n","protected":false},"featured_media":540,"comment_status":"open","ping_status":"closed","template":"","meta":{"_acf_changed":false,"_et_pb_use_builder":"","_et_pb_old_content":"","_et_gb_content_width":"","om_disable_all_campaigns":false,"_monsterinsights_skip_tracking":false,"_monsterinsights_sitenote_active":false,"_monsterinsights_sitenote_note":"","_monsterinsights_sitenote_category":0,"_uf_show_specific_survey":0,"_uf_disable_surveys":false},"product_cat":[32],"product_tag":[55],"class_list":{"0":"post-41087","1":"product","2":"type-product","3":"status-publish","4":"has-post-thumbnail","6":"product_cat-rullning","7":"product_tag-filter","8":"pa_varumarken-raw","10":"first","11":"onbackorder","12":"taxable","13":"shipping-taxable","14":"purchasable","15":"product-type-simple"},"acf":[],"yoast_head":"<!-- This site is optimized with the Yoast SEO plugin v22.8 - https:\/\/yoast.com\/wordpress\/plugins\/seo\/ -->\n<title>Raw Rawlbook 420 Natural Unrefined Tips I En Bok - Kicka<\/title>\n<meta name=\"robots\" content=\"index, follow, max-snippet:-1, max-image-preview:large, max-video-preview:-1\" \/>\n<link rel=\"canonical\" href=\"https:\/\/kicka.eu\/sv\/produkt\/raw-rawlbook-420-natural-unrefined-tips-i-en-bok\/\" \/>\n<meta property=\"og:locale\" content=\"sv_SE\" \/>\n<meta property=\"og:type\" content=\"article\" \/>\n<meta property=\"og:title\" content=\"Raw Rawlbook 420 Natural Unrefined Tips I En Bok - Kicka\" \/>\n<meta property=\"og:description\" content=\"Gjord f\u00f6r endast n\u00e5gra vansinniga sanna r\u00f6kare! Rawlbook skapades f\u00f6r en liten grupp av mycket likasinnade r\u00f6kare som anv\u00e4nder m\u00e5nga tips och njut av varje r\u00f6k. Rawlbook \u00e4r fylld med v\u00e5rt klassiska ursprungliga r\u00e5spetspapperslagd i t\u00e5rbara ark precision gjord av naturligt oraffinerat, klorfri papper och f\u00f6rsiktigt klippt med kornet f\u00f6r att s\u00e4kerst\u00e4lla att varje spets rullar smidigt utan &quot;kvadrering&quot;.\" \/>\n<meta property=\"og:url\" content=\"https:\/\/kicka.eu\/sv\/produkt\/raw-rawlbook-420-natural-unrefined-tips-i-en-bok\/\" \/>\n<meta property=\"og:site_name\" content=\"Kicka\" \/>\n<meta property=\"article:modified_time\" content=\"2024-01-30T21:52:08+00:00\" \/>\n<meta property=\"og:image\" content=\"https:\/\/kicka.eu\/wp-content\/uploads\/2022\/03\/37407.jpeg\" \/>\n\t<meta property=\"og:image:width\" content=\"850\" \/>\n\t<meta property=\"og:image:height\" content=\"850\" \/>\n\t<meta property=\"og:image:type\" content=\"image\/jpeg\" \/>\n<meta name=\"twitter:card\" content=\"summary_large_image\" \/>\n<script type=\"application\/ld+json\" class=\"yoast-schema-graph\">{\"@context\":\"https:\/\/schema.org\",\"@graph\":[{\"@type\":\"WebPage\",\"@id\":\"https:\/\/kicka.eu\/sv\/produkt\/raw-rawlbook-420-natural-unrefined-tips-i-en-bok\/\",\"url\":\"https:\/\/kicka.eu\/sv\/produkt\/raw-rawlbook-420-natural-unrefined-tips-i-en-bok\/\",\"name\":\"Raw Rawlbook 420 Natural Unrefined Tips I En Bok - Kicka\",\"isPartOf\":{\"@id\":\"https:\/\/kicka.eu\/sv\/#website\"},\"primaryImageOfPage\":{\"@id\":\"https:\/\/kicka.eu\/sv\/produkt\/raw-rawlbook-420-natural-unrefined-tips-i-en-bok\/#primaryimage\"},\"image\":{\"@id\":\"https:\/\/kicka.eu\/sv\/produkt\/raw-rawlbook-420-natural-unrefined-tips-i-en-bok\/#primaryimage\"},\"thumbnailUrl\":\"https:\/\/kicka.eu\/wp-content\/uploads\/2022\/03\/37407.jpeg\",\"datePublished\":\"2023-05-18T20:27:08+00:00\",\"dateModified\":\"2024-01-30T21:52:08+00:00\",\"breadcrumb\":{\"@id\":\"https:\/\/kicka.eu\/sv\/produkt\/raw-rawlbook-420-natural-unrefined-tips-i-en-bok\/#breadcrumb\"},\"inLanguage\":\"sv-SE\",\"potentialAction\":[{\"@type\":\"ReadAction\",\"target\":[\"https:\/\/kicka.eu\/sv\/produkt\/raw-rawlbook-420-natural-unrefined-tips-i-en-bok\/\"]}]},{\"@type\":\"ImageObject\",\"inLanguage\":\"sv-SE\",\"@id\":\"https:\/\/kicka.eu\/sv\/produkt\/raw-rawlbook-420-natural-unrefined-tips-i-en-bok\/#primaryimage\",\"url\":\"https:\/\/kicka.eu\/wp-content\/uploads\/2022\/03\/37407.jpeg\",\"contentUrl\":\"https:\/\/kicka.eu\/wp-content\/uploads\/2022\/03\/37407.jpeg\",\"width\":850,\"height\":850},{\"@type\":\"BreadcrumbList\",\"@id\":\"https:\/\/kicka.eu\/sv\/produkt\/raw-rawlbook-420-natural-unrefined-tips-i-en-bok\/#breadcrumb\",\"itemListElement\":[{\"@type\":\"ListItem\",\"position\":1,\"name\":\"Home\",\"item\":\"https:\/\/kicka.eu\/sv\/\"},{\"@type\":\"ListItem\",\"position\":2,\"name\":\"Shop\",\"item\":\"https:\/\/kicka.eu\/sv\/shop\/\"},{\"@type\":\"ListItem\",\"position\":3,\"name\":\"Raw Rawlbook 420 Natural Unrefined Tips I En Bok\"}]},{\"@type\":\"WebSite\",\"@id\":\"https:\/\/kicka.eu\/sv\/#website\",\"url\":\"https:\/\/kicka.eu\/sv\/\",\"name\":\"Kicka\",\"description\":\"Online Headshop\",\"publisher\":{\"@id\":\"https:\/\/kicka.eu\/sv\/#organization\"},\"potentialAction\":[{\"@type\":\"SearchAction\",\"target\":{\"@type\":\"EntryPoint\",\"urlTemplate\":\"https:\/\/kicka.eu\/sv\/?s={search_term_string}\"},\"query-input\":\"required name=search_term_string\"}],\"inLanguage\":\"sv-SE\"},{\"@type\":\"Organization\",\"@id\":\"https:\/\/kicka.eu\/sv\/#organization\",\"name\":\"Kicka\",\"url\":\"https:\/\/kicka.eu\/sv\/\",\"logo\":{\"@type\":\"ImageObject\",\"inLanguage\":\"sv-SE\",\"@id\":\"https:\/\/kicka.eu\/sv\/#\/schema\/logo\/image\/\",\"url\":\"https:\/\/kicka.eu\/wp-content\/uploads\/2023\/08\/Kicka-Logo.png\",\"contentUrl\":\"https:\/\/kicka.eu\/wp-content\/uploads\/2023\/08\/Kicka-Logo.png\",\"width\":233,\"height\":233,\"caption\":\"Kicka\"},\"image\":{\"@id\":\"https:\/\/kicka.eu\/sv\/#\/schema\/logo\/image\/\"}}]}<\/script>\n<!-- \/ Yoast SEO plugin. -->","yoast_head_json":{"title":"Raw Rawlbook 420 Natural Unrefined Tips I En Bok - Kicka","robots":{"index":"index","follow":"follow","max-snippet":"max-snippet:-1","max-image-preview":"max-image-preview:large","max-video-preview":"max-video-preview:-1"},"canonical":"https:\/\/kicka.eu\/sv\/produkt\/raw-rawlbook-420-natural-unrefined-tips-i-en-bok\/","og_locale":"sv_SE","og_type":"article","og_title":"Raw Rawlbook 420 Natural Unrefined Tips I En Bok - Kicka","og_description":"Gjord f\u00f6r endast n\u00e5gra vansinniga sanna r\u00f6kare! Rawlbook skapades f\u00f6r en liten grupp av mycket likasinnade r\u00f6kare som anv\u00e4nder m\u00e5nga tips och njut av varje r\u00f6k. Rawlbook \u00e4r fylld med v\u00e5rt klassiska ursprungliga r\u00e5spetspapperslagd i t\u00e5rbara ark precision gjord av naturligt oraffinerat, klorfri papper och f\u00f6rsiktigt klippt med kornet f\u00f6r att s\u00e4kerst\u00e4lla att varje spets rullar smidigt utan \"kvadrering\".","og_url":"https:\/\/kicka.eu\/sv\/produkt\/raw-rawlbook-420-natural-unrefined-tips-i-en-bok\/","og_site_name":"Kicka","article_modified_time":"2024-01-30T21:52:08+00:00","og_image":[{"width":850,"height":850,"url":"https:\/\/kicka.eu\/wp-content\/uploads\/2022\/03\/37407.jpeg","type":"image\/jpeg"}],"twitter_card":"summary_large_image","schema":{"@context":"https:\/\/schema.org","@graph":[{"@type":"WebPage","@id":"https:\/\/kicka.eu\/sv\/produkt\/raw-rawlbook-420-natural-unrefined-tips-i-en-bok\/","url":"https:\/\/kicka.eu\/sv\/produkt\/raw-rawlbook-420-natural-unrefined-tips-i-en-bok\/","name":"Raw Rawlbook 420 Natural Unrefined Tips I En Bok - Kicka","isPartOf":{"@id":"https:\/\/kicka.eu\/sv\/#website"},"primaryImageOfPage":{"@id":"https:\/\/kicka.eu\/sv\/produkt\/raw-rawlbook-420-natural-unrefined-tips-i-en-bok\/#primaryimage"},"image":{"@id":"https:\/\/kicka.eu\/sv\/produkt\/raw-rawlbook-420-natural-unrefined-tips-i-en-bok\/#primaryimage"},"thumbnailUrl":"https:\/\/kicka.eu\/wp-content\/uploads\/2022\/03\/37407.jpeg","datePublished":"2023-05-18T20:27:08+00:00","dateModified":"2024-01-30T21:52:08+00:00","breadcrumb":{"@id":"https:\/\/kicka.eu\/sv\/produkt\/raw-rawlbook-420-natural-unrefined-tips-i-en-bok\/#breadcrumb"},"inLanguage":"sv-SE","potentialAction":[{"@type":"ReadAction","target":["https:\/\/kicka.eu\/sv\/produkt\/raw-rawlbook-420-natural-unrefined-tips-i-en-bok\/"]}]},{"@type":"ImageObject","inLanguage":"sv-SE","@id":"https:\/\/kicka.eu\/sv\/produkt\/raw-rawlbook-420-natural-unrefined-tips-i-en-bok\/#primaryimage","url":"https:\/\/kicka.eu\/wp-content\/uploads\/2022\/03\/37407.jpeg","contentUrl":"https:\/\/kicka.eu\/wp-content\/uploads\/2022\/03\/37407.jpeg","width":850,"height":850},{"@type":"BreadcrumbList","@id":"https:\/\/kicka.eu\/sv\/produkt\/raw-rawlbook-420-natural-unrefined-tips-i-en-bok\/#breadcrumb","itemListElement":[{"@type":"ListItem","position":1,"name":"Home","item":"https:\/\/kicka.eu\/sv\/"},{"@type":"ListItem","position":2,"name":"Shop","item":"https:\/\/kicka.eu\/sv\/shop\/"},{"@type":"ListItem","position":3,"name":"Raw Rawlbook 420 Natural Unrefined Tips I En Bok"}]},{"@type":"WebSite","@id":"https:\/\/kicka.eu\/sv\/#website","url":"https:\/\/kicka.eu\/sv\/","name":"Kicka","description":"Online Headshop","publisher":{"@id":"https:\/\/kicka.eu\/sv\/#organization"},"potentialAction":[{"@type":"SearchAction","target":{"@type":"EntryPoint","urlTemplate":"https:\/\/kicka.eu\/sv\/?s={search_term_string}"},"query-input":"required name=search_term_string"}],"inLanguage":"sv-SE"},{"@type":"Organization","@id":"https:\/\/kicka.eu\/sv\/#organization","name":"Kicka","url":"https:\/\/kicka.eu\/sv\/","logo":{"@type":"ImageObject","inLanguage":"sv-SE","@id":"https:\/\/kicka.eu\/sv\/#\/schema\/logo\/image\/","url":"https:\/\/kicka.eu\/wp-content\/uploads\/2023\/08\/Kicka-Logo.png","contentUrl":"https:\/\/kicka.eu\/wp-content\/uploads\/2023\/08\/Kicka-Logo.png","width":233,"height":233,"caption":"Kicka"},"image":{"@id":"https:\/\/kicka.eu\/sv\/#\/schema\/logo\/image\/"}}]}},"_links":{"self":[{"href":"https:\/\/kicka.eu\/sv\/wp-json\/wp\/v2\/product\/41087","targetHints":{"allow":["GET"]}}],"collection":[{"href":"https:\/\/kicka.eu\/sv\/wp-json\/wp\/v2\/product"}],"about":[{"href":"https:\/\/kicka.eu\/sv\/wp-json\/wp\/v2\/types\/product"}],"replies":[{"embeddable":true,"href":"https:\/\/kicka.eu\/sv\/wp-json\/wp\/v2\/comments?post=41087"}],"wp:featuredmedia":[{"embeddable":true,"href":"https:\/\/kicka.eu\/sv\/wp-json\/wp\/v2\/media\/540"}],"wp:attachment":[{"href":"https:\/\/kicka.eu\/sv\/wp-json\/wp\/v2\/media?parent=41087"}],"wp:term":[{"taxonomy":"product_cat","embeddable":true,"href":"https:\/\/kicka.eu\/sv\/wp-json\/wp\/v2\/product_cat?post=41087"},{"taxonomy":"product_tag","embeddable":true,"href":"https:\/\/kicka.eu\/sv\/wp-json\/wp\/v2\/product_tag?post=41087"}],"curies":[{"name":"wp","href":"https:\/\/api.w.org\/{rel}","templated":true}]}}