{"id":41086,"date":"2023-05-18T22:27:08","date_gmt":"2023-05-18T20:27:08","guid":{"rendered":"https:\/\/kicka.eu\/product\/raw-cone-curved-tips\/"},"modified":"2025-11-02T02:15:55","modified_gmt":"2025-11-02T01:15:55","slug":"raw-cone-curved-tips","status":"publish","type":"product","link":"https:\/\/kicka.eu\/sv\/produkt\/raw-cone-curved-tips\/","title":{"rendered":"Raw Cone Curved Tips"},"content":{"rendered":"","protected":false},"excerpt":{"rendered":"<p>Raw Perfecto konformade roach tips, precis som alla andra r\u00e5varor \u00e4r gjorda av alla naturliga material och anv\u00e4nder klorfri papper. Den h\u00e4r praktiska tipsboken har en kr\u00f6kt form som hj\u00e4lper dig att rulla den perfekta konullen. B\u00e4st av allt \u00e4r var och en av de r\u00e5a tipsen gjord av de renaste naturfibrerna, kemiska fria klorfria och veganv\u00e4nliga.<\/p>\n<p>Specifikationer<\/p>\n<p>    1 h\u00e4fte inneh\u00e5ller 32 r\u00e5 kottips<br \/>\n    75 mm x 25 mm<br \/>\n    B\u00f6jd form f\u00f6r konullning<br \/>\n    Alla naturliga, additivfri<br \/>\n    100% vegan<br \/>\n    100% klorfri<br \/>\n    Naturligt ljusbrunt i f\u00e4rg<\/p>\n","protected":false},"featured_media":567,"comment_status":"open","ping_status":"closed","template":"","meta":{"_acf_changed":false,"_et_pb_use_builder":"","_et_pb_old_content":"","_et_gb_content_width":"","om_disable_all_campaigns":false,"_monsterinsights_skip_tracking":false,"_monsterinsights_sitenote_active":false,"_monsterinsights_sitenote_note":"","_monsterinsights_sitenote_category":0,"_uf_show_specific_survey":0,"_uf_disable_surveys":false},"product_cat":[32],"product_tag":[55],"class_list":{"0":"post-41086","1":"product","2":"type-product","3":"status-publish","4":"has-post-thumbnail","6":"product_cat-rullning","7":"product_tag-filter","8":"pa_varumarken-raw","10":"first","11":"instock","12":"taxable","13":"shipping-taxable","14":"purchasable","15":"product-type-simple"},"acf":[],"yoast_head":"<!-- This site is optimized with the Yoast SEO plugin v22.8 - https:\/\/yoast.com\/wordpress\/plugins\/seo\/ -->\n<title>Raw Cone Curved Tips - Kicka<\/title>\n<meta name=\"robots\" content=\"index, follow, max-snippet:-1, max-image-preview:large, max-video-preview:-1\" \/>\n<link rel=\"canonical\" href=\"https:\/\/kicka.eu\/sv\/produkt\/raw-cone-curved-tips\/\" \/>\n<meta property=\"og:locale\" content=\"sv_SE\" \/>\n<meta property=\"og:type\" content=\"article\" \/>\n<meta property=\"og:title\" content=\"Raw Cone Curved Tips - Kicka\" \/>\n<meta property=\"og:description\" content=\"Raw Perfecto konformade roach tips, precis som alla andra r\u00e5varor \u00e4r gjorda av alla naturliga material och anv\u00e4nder klorfri papper. Den h\u00e4r praktiska tipsboken har en kr\u00f6kt form som hj\u00e4lper dig att rulla den perfekta konullen. B\u00e4st av allt \u00e4r var och en av de r\u00e5a tipsen gjord av de renaste naturfibrerna, kemiska fria klorfria och veganv\u00e4nliga.  Specifikationer    1 h\u00e4fte inneh\u00e5ller 32 r\u00e5 kottips   75 mm x 25 mm   B\u00f6jd form f\u00f6r konullning   Alla naturliga, additivfri   100% vegan   100% klorfri   Naturligt ljusbrunt i f\u00e4rg\" \/>\n<meta property=\"og:url\" content=\"https:\/\/kicka.eu\/sv\/produkt\/raw-cone-curved-tips\/\" \/>\n<meta property=\"og:site_name\" content=\"Kicka\" \/>\n<meta property=\"article:modified_time\" content=\"2025-11-02T01:15:55+00:00\" \/>\n<meta property=\"og:image\" content=\"https:\/\/kicka.eu\/wp-content\/uploads\/2022\/03\/RL1864.jpeg\" \/>\n\t<meta property=\"og:image:width\" content=\"920\" \/>\n\t<meta property=\"og:image:height\" content=\"698\" \/>\n\t<meta property=\"og:image:type\" content=\"image\/jpeg\" \/>\n<meta name=\"twitter:card\" content=\"summary_large_image\" \/>\n<script type=\"application\/ld+json\" class=\"yoast-schema-graph\">{\"@context\":\"https:\/\/schema.org\",\"@graph\":[{\"@type\":\"WebPage\",\"@id\":\"https:\/\/kicka.eu\/sv\/produkt\/raw-cone-curved-tips\/\",\"url\":\"https:\/\/kicka.eu\/sv\/produkt\/raw-cone-curved-tips\/\",\"name\":\"Raw Cone Curved Tips - Kicka\",\"isPartOf\":{\"@id\":\"https:\/\/kicka.eu\/sv\/#website\"},\"primaryImageOfPage\":{\"@id\":\"https:\/\/kicka.eu\/sv\/produkt\/raw-cone-curved-tips\/#primaryimage\"},\"image\":{\"@id\":\"https:\/\/kicka.eu\/sv\/produkt\/raw-cone-curved-tips\/#primaryimage\"},\"thumbnailUrl\":\"https:\/\/kicka.eu\/wp-content\/uploads\/2022\/03\/RL1864.jpeg\",\"datePublished\":\"2023-05-18T20:27:08+00:00\",\"dateModified\":\"2025-11-02T01:15:55+00:00\",\"breadcrumb\":{\"@id\":\"https:\/\/kicka.eu\/sv\/produkt\/raw-cone-curved-tips\/#breadcrumb\"},\"inLanguage\":\"sv-SE\",\"potentialAction\":[{\"@type\":\"ReadAction\",\"target\":[\"https:\/\/kicka.eu\/sv\/produkt\/raw-cone-curved-tips\/\"]}]},{\"@type\":\"ImageObject\",\"inLanguage\":\"sv-SE\",\"@id\":\"https:\/\/kicka.eu\/sv\/produkt\/raw-cone-curved-tips\/#primaryimage\",\"url\":\"https:\/\/kicka.eu\/wp-content\/uploads\/2022\/03\/RL1864.jpeg\",\"contentUrl\":\"https:\/\/kicka.eu\/wp-content\/uploads\/2022\/03\/RL1864.jpeg\",\"width\":920,\"height\":698},{\"@type\":\"BreadcrumbList\",\"@id\":\"https:\/\/kicka.eu\/sv\/produkt\/raw-cone-curved-tips\/#breadcrumb\",\"itemListElement\":[{\"@type\":\"ListItem\",\"position\":1,\"name\":\"Home\",\"item\":\"https:\/\/kicka.eu\/sv\/\"},{\"@type\":\"ListItem\",\"position\":2,\"name\":\"Shop\",\"item\":\"https:\/\/kicka.eu\/sv\/shop\/\"},{\"@type\":\"ListItem\",\"position\":3,\"name\":\"Raw Cone Curved Tips\"}]},{\"@type\":\"WebSite\",\"@id\":\"https:\/\/kicka.eu\/sv\/#website\",\"url\":\"https:\/\/kicka.eu\/sv\/\",\"name\":\"Kicka\",\"description\":\"Online Headshop\",\"publisher\":{\"@id\":\"https:\/\/kicka.eu\/sv\/#organization\"},\"potentialAction\":[{\"@type\":\"SearchAction\",\"target\":{\"@type\":\"EntryPoint\",\"urlTemplate\":\"https:\/\/kicka.eu\/sv\/?s={search_term_string}\"},\"query-input\":\"required name=search_term_string\"}],\"inLanguage\":\"sv-SE\"},{\"@type\":\"Organization\",\"@id\":\"https:\/\/kicka.eu\/sv\/#organization\",\"name\":\"Kicka\",\"url\":\"https:\/\/kicka.eu\/sv\/\",\"logo\":{\"@type\":\"ImageObject\",\"inLanguage\":\"sv-SE\",\"@id\":\"https:\/\/kicka.eu\/sv\/#\/schema\/logo\/image\/\",\"url\":\"https:\/\/kicka.eu\/wp-content\/uploads\/2023\/08\/Kicka-Logo.png\",\"contentUrl\":\"https:\/\/kicka.eu\/wp-content\/uploads\/2023\/08\/Kicka-Logo.png\",\"width\":233,\"height\":233,\"caption\":\"Kicka\"},\"image\":{\"@id\":\"https:\/\/kicka.eu\/sv\/#\/schema\/logo\/image\/\"}}]}<\/script>\n<!-- \/ Yoast SEO plugin. -->","yoast_head_json":{"title":"Raw Cone Curved Tips - Kicka","robots":{"index":"index","follow":"follow","max-snippet":"max-snippet:-1","max-image-preview":"max-image-preview:large","max-video-preview":"max-video-preview:-1"},"canonical":"https:\/\/kicka.eu\/sv\/produkt\/raw-cone-curved-tips\/","og_locale":"sv_SE","og_type":"article","og_title":"Raw Cone Curved Tips - Kicka","og_description":"Raw Perfecto konformade roach tips, precis som alla andra r\u00e5varor \u00e4r gjorda av alla naturliga material och anv\u00e4nder klorfri papper. Den h\u00e4r praktiska tipsboken har en kr\u00f6kt form som hj\u00e4lper dig att rulla den perfekta konullen. B\u00e4st av allt \u00e4r var och en av de r\u00e5a tipsen gjord av de renaste naturfibrerna, kemiska fria klorfria och veganv\u00e4nliga.  Specifikationer    1 h\u00e4fte inneh\u00e5ller 32 r\u00e5 kottips   75 mm x 25 mm   B\u00f6jd form f\u00f6r konullning   Alla naturliga, additivfri   100% vegan   100% klorfri   Naturligt ljusbrunt i f\u00e4rg","og_url":"https:\/\/kicka.eu\/sv\/produkt\/raw-cone-curved-tips\/","og_site_name":"Kicka","article_modified_time":"2025-11-02T01:15:55+00:00","og_image":[{"width":920,"height":698,"url":"https:\/\/kicka.eu\/wp-content\/uploads\/2022\/03\/RL1864.jpeg","type":"image\/jpeg"}],"twitter_card":"summary_large_image","schema":{"@context":"https:\/\/schema.org","@graph":[{"@type":"WebPage","@id":"https:\/\/kicka.eu\/sv\/produkt\/raw-cone-curved-tips\/","url":"https:\/\/kicka.eu\/sv\/produkt\/raw-cone-curved-tips\/","name":"Raw Cone Curved Tips - Kicka","isPartOf":{"@id":"https:\/\/kicka.eu\/sv\/#website"},"primaryImageOfPage":{"@id":"https:\/\/kicka.eu\/sv\/produkt\/raw-cone-curved-tips\/#primaryimage"},"image":{"@id":"https:\/\/kicka.eu\/sv\/produkt\/raw-cone-curved-tips\/#primaryimage"},"thumbnailUrl":"https:\/\/kicka.eu\/wp-content\/uploads\/2022\/03\/RL1864.jpeg","datePublished":"2023-05-18T20:27:08+00:00","dateModified":"2025-11-02T01:15:55+00:00","breadcrumb":{"@id":"https:\/\/kicka.eu\/sv\/produkt\/raw-cone-curved-tips\/#breadcrumb"},"inLanguage":"sv-SE","potentialAction":[{"@type":"ReadAction","target":["https:\/\/kicka.eu\/sv\/produkt\/raw-cone-curved-tips\/"]}]},{"@type":"ImageObject","inLanguage":"sv-SE","@id":"https:\/\/kicka.eu\/sv\/produkt\/raw-cone-curved-tips\/#primaryimage","url":"https:\/\/kicka.eu\/wp-content\/uploads\/2022\/03\/RL1864.jpeg","contentUrl":"https:\/\/kicka.eu\/wp-content\/uploads\/2022\/03\/RL1864.jpeg","width":920,"height":698},{"@type":"BreadcrumbList","@id":"https:\/\/kicka.eu\/sv\/produkt\/raw-cone-curved-tips\/#breadcrumb","itemListElement":[{"@type":"ListItem","position":1,"name":"Home","item":"https:\/\/kicka.eu\/sv\/"},{"@type":"ListItem","position":2,"name":"Shop","item":"https:\/\/kicka.eu\/sv\/shop\/"},{"@type":"ListItem","position":3,"name":"Raw Cone Curved Tips"}]},{"@type":"WebSite","@id":"https:\/\/kicka.eu\/sv\/#website","url":"https:\/\/kicka.eu\/sv\/","name":"Kicka","description":"Online Headshop","publisher":{"@id":"https:\/\/kicka.eu\/sv\/#organization"},"potentialAction":[{"@type":"SearchAction","target":{"@type":"EntryPoint","urlTemplate":"https:\/\/kicka.eu\/sv\/?s={search_term_string}"},"query-input":"required name=search_term_string"}],"inLanguage":"sv-SE"},{"@type":"Organization","@id":"https:\/\/kicka.eu\/sv\/#organization","name":"Kicka","url":"https:\/\/kicka.eu\/sv\/","logo":{"@type":"ImageObject","inLanguage":"sv-SE","@id":"https:\/\/kicka.eu\/sv\/#\/schema\/logo\/image\/","url":"https:\/\/kicka.eu\/wp-content\/uploads\/2023\/08\/Kicka-Logo.png","contentUrl":"https:\/\/kicka.eu\/wp-content\/uploads\/2023\/08\/Kicka-Logo.png","width":233,"height":233,"caption":"Kicka"},"image":{"@id":"https:\/\/kicka.eu\/sv\/#\/schema\/logo\/image\/"}}]}},"_links":{"self":[{"href":"https:\/\/kicka.eu\/sv\/wp-json\/wp\/v2\/product\/41086","targetHints":{"allow":["GET"]}}],"collection":[{"href":"https:\/\/kicka.eu\/sv\/wp-json\/wp\/v2\/product"}],"about":[{"href":"https:\/\/kicka.eu\/sv\/wp-json\/wp\/v2\/types\/product"}],"replies":[{"embeddable":true,"href":"https:\/\/kicka.eu\/sv\/wp-json\/wp\/v2\/comments?post=41086"}],"wp:featuredmedia":[{"embeddable":true,"href":"https:\/\/kicka.eu\/sv\/wp-json\/wp\/v2\/media\/567"}],"wp:attachment":[{"href":"https:\/\/kicka.eu\/sv\/wp-json\/wp\/v2\/media?parent=41086"}],"wp:term":[{"taxonomy":"product_cat","embeddable":true,"href":"https:\/\/kicka.eu\/sv\/wp-json\/wp\/v2\/product_cat?post=41086"},{"taxonomy":"product_tag","embeddable":true,"href":"https:\/\/kicka.eu\/sv\/wp-json\/wp\/v2\/product_tag?post=41086"}],"curies":[{"name":"wp","href":"https:\/\/api.w.org\/{rel}","templated":true}]}}