{"id":41065,"date":"2023-05-18T22:27:03","date_gmt":"2023-05-18T20:27:03","guid":{"rendered":"https:\/\/kicka.eu\/product\/ocb-organic-hemp-kingsize\/"},"modified":"2024-09-08T14:23:10","modified_gmt":"2024-09-08T12:23:10","slug":"ocb-organic-hemp-kingsize","status":"publish","type":"product","link":"https:\/\/kicka.eu\/sv\/produkt\/ocb-organic-hemp-kingsize\/","title":{"rendered":"Ocb Organic Hemp Kingsize"},"content":{"rendered":"","protected":false},"excerpt":{"rendered":"<p>OCB organiska hamppapper \u00e4r det b\u00e4sta s\u00e4ttet att uppleva den sl\u00e4ta, or\u00f6rda smaken av 100% rena hamppapper. Aldrig blekt eller bearbetad av andra kemikalier, dessa papper \u00e4r verkligen naturliga. De stora kungstorleken smala papper m\u00f6jligg\u00f6r en l\u00e5ngvarig, tillfredsst\u00e4llande r\u00f6k. Varje f\u00f6rpackning inneh\u00e5ller 32 papper, och om du s\u00e5 v\u00e4ljer 32 f\u00f6rklippta tips.<\/p>\n","protected":false},"featured_media":574,"comment_status":"open","ping_status":"closed","template":"","meta":{"_acf_changed":false,"_et_pb_use_builder":"","_et_pb_old_content":"","_et_gb_content_width":"","om_disable_all_campaigns":false,"_monsterinsights_skip_tracking":false,"_monsterinsights_sitenote_active":false,"_monsterinsights_sitenote_note":"","_monsterinsights_sitenote_category":0,"_uf_show_specific_survey":0,"_uf_disable_surveys":false},"product_cat":[32],"product_tag":[33],"class_list":{"0":"post-41065","1":"product","2":"type-product","3":"status-publish","4":"has-post-thumbnail","6":"product_cat-rullning","7":"product_tag-rullpapper","8":"pa_varumarken-ocb","10":"first","11":"instock","12":"taxable","13":"shipping-taxable","14":"purchasable","15":"product-type-simple"},"acf":[],"yoast_head":"<!-- This site is optimized with the Yoast SEO plugin v22.8 - https:\/\/yoast.com\/wordpress\/plugins\/seo\/ -->\n<title>Ocb Organic Hemp Kingsize - Kicka<\/title>\n<meta name=\"robots\" content=\"index, follow, max-snippet:-1, max-image-preview:large, max-video-preview:-1\" \/>\n<link rel=\"canonical\" href=\"https:\/\/kicka.eu\/sv\/produkt\/ocb-organic-hemp-kingsize\/\" \/>\n<meta property=\"og:locale\" content=\"sv_SE\" \/>\n<meta property=\"og:type\" content=\"article\" \/>\n<meta property=\"og:title\" content=\"Ocb Organic Hemp Kingsize - Kicka\" \/>\n<meta property=\"og:description\" content=\"OCB organiska hamppapper \u00e4r det b\u00e4sta s\u00e4ttet att uppleva den sl\u00e4ta, or\u00f6rda smaken av 100% rena hamppapper. Aldrig blekt eller bearbetad av andra kemikalier, dessa papper \u00e4r verkligen naturliga. De stora kungstorleken smala papper m\u00f6jligg\u00f6r en l\u00e5ngvarig, tillfredsst\u00e4llande r\u00f6k. Varje f\u00f6rpackning inneh\u00e5ller 32 papper, och om du s\u00e5 v\u00e4ljer 32 f\u00f6rklippta tips.\" \/>\n<meta property=\"og:url\" content=\"https:\/\/kicka.eu\/sv\/produkt\/ocb-organic-hemp-kingsize\/\" \/>\n<meta property=\"og:site_name\" content=\"Kicka\" \/>\n<meta property=\"article:modified_time\" content=\"2024-09-08T12:23:10+00:00\" \/>\n<meta property=\"og:image\" content=\"https:\/\/kicka.eu\/wp-content\/uploads\/2022\/03\/RL2225.jpeg\" \/>\n\t<meta property=\"og:image:width\" content=\"850\" \/>\n\t<meta property=\"og:image:height\" content=\"850\" \/>\n\t<meta property=\"og:image:type\" content=\"image\/jpeg\" \/>\n<meta name=\"twitter:card\" content=\"summary_large_image\" \/>\n<script type=\"application\/ld+json\" class=\"yoast-schema-graph\">{\"@context\":\"https:\/\/schema.org\",\"@graph\":[{\"@type\":\"WebPage\",\"@id\":\"https:\/\/kicka.eu\/sv\/produkt\/ocb-organic-hemp-kingsize\/\",\"url\":\"https:\/\/kicka.eu\/sv\/produkt\/ocb-organic-hemp-kingsize\/\",\"name\":\"Ocb Organic Hemp Kingsize - Kicka\",\"isPartOf\":{\"@id\":\"https:\/\/kicka.eu\/sv\/#website\"},\"primaryImageOfPage\":{\"@id\":\"https:\/\/kicka.eu\/sv\/produkt\/ocb-organic-hemp-kingsize\/#primaryimage\"},\"image\":{\"@id\":\"https:\/\/kicka.eu\/sv\/produkt\/ocb-organic-hemp-kingsize\/#primaryimage\"},\"thumbnailUrl\":\"https:\/\/kicka.eu\/wp-content\/uploads\/2022\/03\/RL2225.jpeg\",\"datePublished\":\"2023-05-18T20:27:03+00:00\",\"dateModified\":\"2024-09-08T12:23:10+00:00\",\"breadcrumb\":{\"@id\":\"https:\/\/kicka.eu\/sv\/produkt\/ocb-organic-hemp-kingsize\/#breadcrumb\"},\"inLanguage\":\"sv-SE\",\"potentialAction\":[{\"@type\":\"ReadAction\",\"target\":[\"https:\/\/kicka.eu\/sv\/produkt\/ocb-organic-hemp-kingsize\/\"]}]},{\"@type\":\"ImageObject\",\"inLanguage\":\"sv-SE\",\"@id\":\"https:\/\/kicka.eu\/sv\/produkt\/ocb-organic-hemp-kingsize\/#primaryimage\",\"url\":\"https:\/\/kicka.eu\/wp-content\/uploads\/2022\/03\/RL2225.jpeg\",\"contentUrl\":\"https:\/\/kicka.eu\/wp-content\/uploads\/2022\/03\/RL2225.jpeg\",\"width\":850,\"height\":850},{\"@type\":\"BreadcrumbList\",\"@id\":\"https:\/\/kicka.eu\/sv\/produkt\/ocb-organic-hemp-kingsize\/#breadcrumb\",\"itemListElement\":[{\"@type\":\"ListItem\",\"position\":1,\"name\":\"Home\",\"item\":\"https:\/\/kicka.eu\/sv\/\"},{\"@type\":\"ListItem\",\"position\":2,\"name\":\"Shop\",\"item\":\"https:\/\/kicka.eu\/sv\/shop\/\"},{\"@type\":\"ListItem\",\"position\":3,\"name\":\"Ocb Organic Hemp Kingsize\"}]},{\"@type\":\"WebSite\",\"@id\":\"https:\/\/kicka.eu\/sv\/#website\",\"url\":\"https:\/\/kicka.eu\/sv\/\",\"name\":\"Kicka\",\"description\":\"Online Headshop\",\"publisher\":{\"@id\":\"https:\/\/kicka.eu\/sv\/#organization\"},\"potentialAction\":[{\"@type\":\"SearchAction\",\"target\":{\"@type\":\"EntryPoint\",\"urlTemplate\":\"https:\/\/kicka.eu\/sv\/?s={search_term_string}\"},\"query-input\":\"required name=search_term_string\"}],\"inLanguage\":\"sv-SE\"},{\"@type\":\"Organization\",\"@id\":\"https:\/\/kicka.eu\/sv\/#organization\",\"name\":\"Kicka\",\"url\":\"https:\/\/kicka.eu\/sv\/\",\"logo\":{\"@type\":\"ImageObject\",\"inLanguage\":\"sv-SE\",\"@id\":\"https:\/\/kicka.eu\/sv\/#\/schema\/logo\/image\/\",\"url\":\"https:\/\/kicka.eu\/wp-content\/uploads\/2023\/08\/Kicka-Logo.png\",\"contentUrl\":\"https:\/\/kicka.eu\/wp-content\/uploads\/2023\/08\/Kicka-Logo.png\",\"width\":233,\"height\":233,\"caption\":\"Kicka\"},\"image\":{\"@id\":\"https:\/\/kicka.eu\/sv\/#\/schema\/logo\/image\/\"}}]}<\/script>\n<!-- \/ Yoast SEO plugin. -->","yoast_head_json":{"title":"Ocb Organic Hemp Kingsize - Kicka","robots":{"index":"index","follow":"follow","max-snippet":"max-snippet:-1","max-image-preview":"max-image-preview:large","max-video-preview":"max-video-preview:-1"},"canonical":"https:\/\/kicka.eu\/sv\/produkt\/ocb-organic-hemp-kingsize\/","og_locale":"sv_SE","og_type":"article","og_title":"Ocb Organic Hemp Kingsize - Kicka","og_description":"OCB organiska hamppapper \u00e4r det b\u00e4sta s\u00e4ttet att uppleva den sl\u00e4ta, or\u00f6rda smaken av 100% rena hamppapper. Aldrig blekt eller bearbetad av andra kemikalier, dessa papper \u00e4r verkligen naturliga. De stora kungstorleken smala papper m\u00f6jligg\u00f6r en l\u00e5ngvarig, tillfredsst\u00e4llande r\u00f6k. Varje f\u00f6rpackning inneh\u00e5ller 32 papper, och om du s\u00e5 v\u00e4ljer 32 f\u00f6rklippta tips.","og_url":"https:\/\/kicka.eu\/sv\/produkt\/ocb-organic-hemp-kingsize\/","og_site_name":"Kicka","article_modified_time":"2024-09-08T12:23:10+00:00","og_image":[{"width":850,"height":850,"url":"https:\/\/kicka.eu\/wp-content\/uploads\/2022\/03\/RL2225.jpeg","type":"image\/jpeg"}],"twitter_card":"summary_large_image","schema":{"@context":"https:\/\/schema.org","@graph":[{"@type":"WebPage","@id":"https:\/\/kicka.eu\/sv\/produkt\/ocb-organic-hemp-kingsize\/","url":"https:\/\/kicka.eu\/sv\/produkt\/ocb-organic-hemp-kingsize\/","name":"Ocb Organic Hemp Kingsize - Kicka","isPartOf":{"@id":"https:\/\/kicka.eu\/sv\/#website"},"primaryImageOfPage":{"@id":"https:\/\/kicka.eu\/sv\/produkt\/ocb-organic-hemp-kingsize\/#primaryimage"},"image":{"@id":"https:\/\/kicka.eu\/sv\/produkt\/ocb-organic-hemp-kingsize\/#primaryimage"},"thumbnailUrl":"https:\/\/kicka.eu\/wp-content\/uploads\/2022\/03\/RL2225.jpeg","datePublished":"2023-05-18T20:27:03+00:00","dateModified":"2024-09-08T12:23:10+00:00","breadcrumb":{"@id":"https:\/\/kicka.eu\/sv\/produkt\/ocb-organic-hemp-kingsize\/#breadcrumb"},"inLanguage":"sv-SE","potentialAction":[{"@type":"ReadAction","target":["https:\/\/kicka.eu\/sv\/produkt\/ocb-organic-hemp-kingsize\/"]}]},{"@type":"ImageObject","inLanguage":"sv-SE","@id":"https:\/\/kicka.eu\/sv\/produkt\/ocb-organic-hemp-kingsize\/#primaryimage","url":"https:\/\/kicka.eu\/wp-content\/uploads\/2022\/03\/RL2225.jpeg","contentUrl":"https:\/\/kicka.eu\/wp-content\/uploads\/2022\/03\/RL2225.jpeg","width":850,"height":850},{"@type":"BreadcrumbList","@id":"https:\/\/kicka.eu\/sv\/produkt\/ocb-organic-hemp-kingsize\/#breadcrumb","itemListElement":[{"@type":"ListItem","position":1,"name":"Home","item":"https:\/\/kicka.eu\/sv\/"},{"@type":"ListItem","position":2,"name":"Shop","item":"https:\/\/kicka.eu\/sv\/shop\/"},{"@type":"ListItem","position":3,"name":"Ocb Organic Hemp Kingsize"}]},{"@type":"WebSite","@id":"https:\/\/kicka.eu\/sv\/#website","url":"https:\/\/kicka.eu\/sv\/","name":"Kicka","description":"Online Headshop","publisher":{"@id":"https:\/\/kicka.eu\/sv\/#organization"},"potentialAction":[{"@type":"SearchAction","target":{"@type":"EntryPoint","urlTemplate":"https:\/\/kicka.eu\/sv\/?s={search_term_string}"},"query-input":"required name=search_term_string"}],"inLanguage":"sv-SE"},{"@type":"Organization","@id":"https:\/\/kicka.eu\/sv\/#organization","name":"Kicka","url":"https:\/\/kicka.eu\/sv\/","logo":{"@type":"ImageObject","inLanguage":"sv-SE","@id":"https:\/\/kicka.eu\/sv\/#\/schema\/logo\/image\/","url":"https:\/\/kicka.eu\/wp-content\/uploads\/2023\/08\/Kicka-Logo.png","contentUrl":"https:\/\/kicka.eu\/wp-content\/uploads\/2023\/08\/Kicka-Logo.png","width":233,"height":233,"caption":"Kicka"},"image":{"@id":"https:\/\/kicka.eu\/sv\/#\/schema\/logo\/image\/"}}]}},"_links":{"self":[{"href":"https:\/\/kicka.eu\/sv\/wp-json\/wp\/v2\/product\/41065","targetHints":{"allow":["GET"]}}],"collection":[{"href":"https:\/\/kicka.eu\/sv\/wp-json\/wp\/v2\/product"}],"about":[{"href":"https:\/\/kicka.eu\/sv\/wp-json\/wp\/v2\/types\/product"}],"replies":[{"embeddable":true,"href":"https:\/\/kicka.eu\/sv\/wp-json\/wp\/v2\/comments?post=41065"}],"wp:featuredmedia":[{"embeddable":true,"href":"https:\/\/kicka.eu\/sv\/wp-json\/wp\/v2\/media\/574"}],"wp:attachment":[{"href":"https:\/\/kicka.eu\/sv\/wp-json\/wp\/v2\/media?parent=41065"}],"wp:term":[{"taxonomy":"product_cat","embeddable":true,"href":"https:\/\/kicka.eu\/sv\/wp-json\/wp\/v2\/product_cat?post=41065"},{"taxonomy":"product_tag","embeddable":true,"href":"https:\/\/kicka.eu\/sv\/wp-json\/wp\/v2\/product_tag?post=41065"}],"curies":[{"name":"wp","href":"https:\/\/api.w.org\/{rel}","templated":true}]}}