{"id":41060,"date":"2023-05-18T22:27:02","date_gmt":"2023-05-18T20:27:02","guid":{"rendered":"https:\/\/kicka.eu\/product\/marley-natural-storage-lock-box\/"},"modified":"2024-01-24T21:06:10","modified_gmt":"2024-01-24T20:06:10","slug":"marley-natural-storage-lock-box","status":"publish","type":"product","link":"https:\/\/kicka.eu\/sv\/produkt\/marley-natural-storage-lock-box\/","title":{"rendered":"Marley Natural Storage Lock Box"},"content":{"rendered":"","protected":false},"excerpt":{"rendered":"<p>Walnut Wood Storage Lock Box av Marley Natural \u00e4r ett fantastiskt utseende som kommer att l\u00f6sa alla dina lagringsproblem. De unikt konstruerade glidborrningarna som ett integrerat bricka, perfekt f\u00f6r framst\u00e4llning av leder eller fyllning av f\u00f6r\u00e5ngaren, medan inredningen har avtagbara akryldelare f\u00f6r bekv\u00e4m lagring. Det st\u00f6rre facket \u00e4r idealiskt f\u00f6r att lagra dina r\u00f6kningstillbeh\u00f6r eller f\u00f6r\u00e5ngare. F\u00f6r att reng\u00f6ra, tv\u00e4tta bara i varmt tv\u00e5lvatten med en mjuk svamp och torka noggrant.<br \/>\nMarley Natural Storage Lock Box M\u00e5tt<\/p>\n<p>L\u00e4ngd: 28 cm<br \/>\nBredd: 18 cm<br \/>\nH\u00f6jd: 11 cm<\/p>\n","protected":false},"featured_media":41839,"comment_status":"open","ping_status":"closed","template":"","meta":{"_acf_changed":false,"_et_pb_use_builder":"","_et_pb_old_content":"","_et_gb_content_width":"","om_disable_all_campaigns":false,"_monsterinsights_skip_tracking":false,"_monsterinsights_sitenote_active":false,"_monsterinsights_sitenote_note":"","_monsterinsights_sitenote_category":0,"_uf_show_specific_survey":0,"_uf_disable_surveys":false},"product_cat":[30],"product_tag":[36],"class_list":{"0":"post-41060","1":"product","2":"type-product","3":"status-publish","4":"has-post-thumbnail","6":"product_cat-tillbehor","7":"product_tag-forvaring","8":"pa_varumarken-marley","10":"first","11":"instock","12":"taxable","13":"shipping-taxable","14":"purchasable","15":"product-type-simple"},"acf":[],"yoast_head":"<!-- This site is optimized with the Yoast SEO plugin v22.8 - https:\/\/yoast.com\/wordpress\/plugins\/seo\/ -->\n<title>Marley Natural Storage Lock Box - Kicka<\/title>\n<meta name=\"robots\" content=\"index, follow, max-snippet:-1, max-image-preview:large, max-video-preview:-1\" \/>\n<link rel=\"canonical\" href=\"https:\/\/kicka.eu\/sv\/produkt\/marley-natural-storage-lock-box\/\" \/>\n<meta property=\"og:locale\" content=\"sv_SE\" \/>\n<meta property=\"og:type\" content=\"article\" \/>\n<meta property=\"og:title\" content=\"Marley Natural Storage Lock Box - Kicka\" \/>\n<meta property=\"og:description\" content=\"Walnut Wood Storage Lock Box av Marley Natural \u00e4r ett fantastiskt utseende som kommer att l\u00f6sa alla dina lagringsproblem. De unikt konstruerade glidborrningarna som ett integrerat bricka, perfekt f\u00f6r framst\u00e4llning av leder eller fyllning av f\u00f6r\u00e5ngaren, medan inredningen har avtagbara akryldelare f\u00f6r bekv\u00e4m lagring. Det st\u00f6rre facket \u00e4r idealiskt f\u00f6r att lagra dina r\u00f6kningstillbeh\u00f6r eller f\u00f6r\u00e5ngare. F\u00f6r att reng\u00f6ra, tv\u00e4tta bara i varmt tv\u00e5lvatten med en mjuk svamp och torka noggrant. Marley Natural Storage Lock Box M\u00e5tt  L\u00e4ngd: 28 cm Bredd: 18 cm H\u00f6jd: 11 cm\" \/>\n<meta property=\"og:url\" content=\"https:\/\/kicka.eu\/sv\/produkt\/marley-natural-storage-lock-box\/\" \/>\n<meta property=\"og:site_name\" content=\"Kicka\" \/>\n<meta property=\"article:modified_time\" content=\"2024-01-24T20:06:10+00:00\" \/>\n<meta property=\"og:image\" content=\"https:\/\/kicka.eu\/wp-content\/uploads\/2023\/05\/16924-removebg-preview.png\" \/>\n\t<meta property=\"og:image:width\" content=\"500\" \/>\n\t<meta property=\"og:image:height\" content=\"500\" \/>\n\t<meta property=\"og:image:type\" content=\"image\/png\" \/>\n<meta name=\"twitter:card\" content=\"summary_large_image\" \/>\n<script type=\"application\/ld+json\" class=\"yoast-schema-graph\">{\"@context\":\"https:\/\/schema.org\",\"@graph\":[{\"@type\":\"WebPage\",\"@id\":\"https:\/\/kicka.eu\/sv\/produkt\/marley-natural-storage-lock-box\/\",\"url\":\"https:\/\/kicka.eu\/sv\/produkt\/marley-natural-storage-lock-box\/\",\"name\":\"Marley Natural Storage Lock Box - Kicka\",\"isPartOf\":{\"@id\":\"https:\/\/kicka.eu\/sv\/#website\"},\"primaryImageOfPage\":{\"@id\":\"https:\/\/kicka.eu\/sv\/produkt\/marley-natural-storage-lock-box\/#primaryimage\"},\"image\":{\"@id\":\"https:\/\/kicka.eu\/sv\/produkt\/marley-natural-storage-lock-box\/#primaryimage\"},\"thumbnailUrl\":\"https:\/\/kicka.eu\/wp-content\/uploads\/2023\/05\/16924-removebg-preview.png\",\"datePublished\":\"2023-05-18T20:27:02+00:00\",\"dateModified\":\"2024-01-24T20:06:10+00:00\",\"breadcrumb\":{\"@id\":\"https:\/\/kicka.eu\/sv\/produkt\/marley-natural-storage-lock-box\/#breadcrumb\"},\"inLanguage\":\"sv-SE\",\"potentialAction\":[{\"@type\":\"ReadAction\",\"target\":[\"https:\/\/kicka.eu\/sv\/produkt\/marley-natural-storage-lock-box\/\"]}]},{\"@type\":\"ImageObject\",\"inLanguage\":\"sv-SE\",\"@id\":\"https:\/\/kicka.eu\/sv\/produkt\/marley-natural-storage-lock-box\/#primaryimage\",\"url\":\"https:\/\/kicka.eu\/wp-content\/uploads\/2023\/05\/16924-removebg-preview.png\",\"contentUrl\":\"https:\/\/kicka.eu\/wp-content\/uploads\/2023\/05\/16924-removebg-preview.png\",\"width\":500,\"height\":500},{\"@type\":\"BreadcrumbList\",\"@id\":\"https:\/\/kicka.eu\/sv\/produkt\/marley-natural-storage-lock-box\/#breadcrumb\",\"itemListElement\":[{\"@type\":\"ListItem\",\"position\":1,\"name\":\"Home\",\"item\":\"https:\/\/kicka.eu\/sv\/\"},{\"@type\":\"ListItem\",\"position\":2,\"name\":\"Shop\",\"item\":\"https:\/\/kicka.eu\/sv\/shop\/\"},{\"@type\":\"ListItem\",\"position\":3,\"name\":\"Marley Natural Storage Lock Box\"}]},{\"@type\":\"WebSite\",\"@id\":\"https:\/\/kicka.eu\/sv\/#website\",\"url\":\"https:\/\/kicka.eu\/sv\/\",\"name\":\"Kicka\",\"description\":\"Online Headshop\",\"publisher\":{\"@id\":\"https:\/\/kicka.eu\/sv\/#organization\"},\"potentialAction\":[{\"@type\":\"SearchAction\",\"target\":{\"@type\":\"EntryPoint\",\"urlTemplate\":\"https:\/\/kicka.eu\/sv\/?s={search_term_string}\"},\"query-input\":\"required name=search_term_string\"}],\"inLanguage\":\"sv-SE\"},{\"@type\":\"Organization\",\"@id\":\"https:\/\/kicka.eu\/sv\/#organization\",\"name\":\"Kicka\",\"url\":\"https:\/\/kicka.eu\/sv\/\",\"logo\":{\"@type\":\"ImageObject\",\"inLanguage\":\"sv-SE\",\"@id\":\"https:\/\/kicka.eu\/sv\/#\/schema\/logo\/image\/\",\"url\":\"https:\/\/kicka.eu\/wp-content\/uploads\/2023\/08\/Kicka-Logo.png\",\"contentUrl\":\"https:\/\/kicka.eu\/wp-content\/uploads\/2023\/08\/Kicka-Logo.png\",\"width\":233,\"height\":233,\"caption\":\"Kicka\"},\"image\":{\"@id\":\"https:\/\/kicka.eu\/sv\/#\/schema\/logo\/image\/\"}}]}<\/script>\n<!-- \/ Yoast SEO plugin. -->","yoast_head_json":{"title":"Marley Natural Storage Lock Box - Kicka","robots":{"index":"index","follow":"follow","max-snippet":"max-snippet:-1","max-image-preview":"max-image-preview:large","max-video-preview":"max-video-preview:-1"},"canonical":"https:\/\/kicka.eu\/sv\/produkt\/marley-natural-storage-lock-box\/","og_locale":"sv_SE","og_type":"article","og_title":"Marley Natural Storage Lock Box - Kicka","og_description":"Walnut Wood Storage Lock Box av Marley Natural \u00e4r ett fantastiskt utseende som kommer att l\u00f6sa alla dina lagringsproblem. De unikt konstruerade glidborrningarna som ett integrerat bricka, perfekt f\u00f6r framst\u00e4llning av leder eller fyllning av f\u00f6r\u00e5ngaren, medan inredningen har avtagbara akryldelare f\u00f6r bekv\u00e4m lagring. Det st\u00f6rre facket \u00e4r idealiskt f\u00f6r att lagra dina r\u00f6kningstillbeh\u00f6r eller f\u00f6r\u00e5ngare. F\u00f6r att reng\u00f6ra, tv\u00e4tta bara i varmt tv\u00e5lvatten med en mjuk svamp och torka noggrant. Marley Natural Storage Lock Box M\u00e5tt  L\u00e4ngd: 28 cm Bredd: 18 cm H\u00f6jd: 11 cm","og_url":"https:\/\/kicka.eu\/sv\/produkt\/marley-natural-storage-lock-box\/","og_site_name":"Kicka","article_modified_time":"2024-01-24T20:06:10+00:00","og_image":[{"width":500,"height":500,"url":"https:\/\/kicka.eu\/wp-content\/uploads\/2023\/05\/16924-removebg-preview.png","type":"image\/png"}],"twitter_card":"summary_large_image","schema":{"@context":"https:\/\/schema.org","@graph":[{"@type":"WebPage","@id":"https:\/\/kicka.eu\/sv\/produkt\/marley-natural-storage-lock-box\/","url":"https:\/\/kicka.eu\/sv\/produkt\/marley-natural-storage-lock-box\/","name":"Marley Natural Storage Lock Box - Kicka","isPartOf":{"@id":"https:\/\/kicka.eu\/sv\/#website"},"primaryImageOfPage":{"@id":"https:\/\/kicka.eu\/sv\/produkt\/marley-natural-storage-lock-box\/#primaryimage"},"image":{"@id":"https:\/\/kicka.eu\/sv\/produkt\/marley-natural-storage-lock-box\/#primaryimage"},"thumbnailUrl":"https:\/\/kicka.eu\/wp-content\/uploads\/2023\/05\/16924-removebg-preview.png","datePublished":"2023-05-18T20:27:02+00:00","dateModified":"2024-01-24T20:06:10+00:00","breadcrumb":{"@id":"https:\/\/kicka.eu\/sv\/produkt\/marley-natural-storage-lock-box\/#breadcrumb"},"inLanguage":"sv-SE","potentialAction":[{"@type":"ReadAction","target":["https:\/\/kicka.eu\/sv\/produkt\/marley-natural-storage-lock-box\/"]}]},{"@type":"ImageObject","inLanguage":"sv-SE","@id":"https:\/\/kicka.eu\/sv\/produkt\/marley-natural-storage-lock-box\/#primaryimage","url":"https:\/\/kicka.eu\/wp-content\/uploads\/2023\/05\/16924-removebg-preview.png","contentUrl":"https:\/\/kicka.eu\/wp-content\/uploads\/2023\/05\/16924-removebg-preview.png","width":500,"height":500},{"@type":"BreadcrumbList","@id":"https:\/\/kicka.eu\/sv\/produkt\/marley-natural-storage-lock-box\/#breadcrumb","itemListElement":[{"@type":"ListItem","position":1,"name":"Home","item":"https:\/\/kicka.eu\/sv\/"},{"@type":"ListItem","position":2,"name":"Shop","item":"https:\/\/kicka.eu\/sv\/shop\/"},{"@type":"ListItem","position":3,"name":"Marley Natural Storage Lock Box"}]},{"@type":"WebSite","@id":"https:\/\/kicka.eu\/sv\/#website","url":"https:\/\/kicka.eu\/sv\/","name":"Kicka","description":"Online Headshop","publisher":{"@id":"https:\/\/kicka.eu\/sv\/#organization"},"potentialAction":[{"@type":"SearchAction","target":{"@type":"EntryPoint","urlTemplate":"https:\/\/kicka.eu\/sv\/?s={search_term_string}"},"query-input":"required name=search_term_string"}],"inLanguage":"sv-SE"},{"@type":"Organization","@id":"https:\/\/kicka.eu\/sv\/#organization","name":"Kicka","url":"https:\/\/kicka.eu\/sv\/","logo":{"@type":"ImageObject","inLanguage":"sv-SE","@id":"https:\/\/kicka.eu\/sv\/#\/schema\/logo\/image\/","url":"https:\/\/kicka.eu\/wp-content\/uploads\/2023\/08\/Kicka-Logo.png","contentUrl":"https:\/\/kicka.eu\/wp-content\/uploads\/2023\/08\/Kicka-Logo.png","width":233,"height":233,"caption":"Kicka"},"image":{"@id":"https:\/\/kicka.eu\/sv\/#\/schema\/logo\/image\/"}}]}},"_links":{"self":[{"href":"https:\/\/kicka.eu\/sv\/wp-json\/wp\/v2\/product\/41060","targetHints":{"allow":["GET"]}}],"collection":[{"href":"https:\/\/kicka.eu\/sv\/wp-json\/wp\/v2\/product"}],"about":[{"href":"https:\/\/kicka.eu\/sv\/wp-json\/wp\/v2\/types\/product"}],"replies":[{"embeddable":true,"href":"https:\/\/kicka.eu\/sv\/wp-json\/wp\/v2\/comments?post=41060"}],"wp:featuredmedia":[{"embeddable":true,"href":"https:\/\/kicka.eu\/sv\/wp-json\/wp\/v2\/media\/41839"}],"wp:attachment":[{"href":"https:\/\/kicka.eu\/sv\/wp-json\/wp\/v2\/media?parent=41060"}],"wp:term":[{"taxonomy":"product_cat","embeddable":true,"href":"https:\/\/kicka.eu\/sv\/wp-json\/wp\/v2\/product_cat?post=41060"},{"taxonomy":"product_tag","embeddable":true,"href":"https:\/\/kicka.eu\/sv\/wp-json\/wp\/v2\/product_tag?post=41060"}],"curies":[{"name":"wp","href":"https:\/\/api.w.org\/{rel}","templated":true}]}}