{"id":41058,"date":"2023-05-18T22:27:01","date_gmt":"2023-05-18T20:27:01","guid":{"rendered":"https:\/\/kicka.eu\/product\/marley-natural-wooden-walnut-grinder-stor\/"},"modified":"2024-01-24T21:07:11","modified_gmt":"2024-01-24T20:07:11","slug":"marley-natural-wooden-walnut-grinder-stor","status":"publish","type":"product","link":"https:\/\/kicka.eu\/sv\/produkt\/marley-natural-wooden-walnut-grinder-stor\/","title":{"rendered":"Marley Natural Wooden Walnut Grinder Stor"},"content":{"rendered":"","protected":false},"excerpt":{"rendered":"<p>Denna fyrdelande kvarn av Marley Natural Blandar Sk\u00f6nhet och anv\u00e4ndbarhet genom anv\u00e4ndning av h\u00e5llbart suddiga Black Walnut och h\u00f6gkvalitativa anodiserade aluminiumkomponenter. Den magnetiska toppen och dess 27 skr\u00e4ddarsydda t\u00e4nder kan v\u00e4ndas kontinuerligt f\u00f6r att producera volym och konsistens eller roteras fram och tillbaka f\u00f6r att ge en finare slipning. Ett tydligt, splittr\u00f6st polykarbonatf\u00f6nster l\u00e5ter dig se dina framsteg, och din pollen samlar nedan i en avtagbar magnetisk samlare med en skrapa av rostfritt st\u00e5l.<br \/>\nMarley Natural Wooden Walnut Grinder (stora) dimensioner<\/p>\n<p>Diameter: 8 cm<br \/>\nH\u00f6jd: 7 cm<\/p>\n","protected":false},"featured_media":370,"comment_status":"open","ping_status":"closed","template":"","meta":{"_acf_changed":false,"_et_pb_use_builder":"","_et_pb_old_content":"","_et_gb_content_width":"","om_disable_all_campaigns":false,"_monsterinsights_skip_tracking":false,"_monsterinsights_sitenote_active":false,"_monsterinsights_sitenote_note":"","_monsterinsights_sitenote_category":0,"_uf_show_specific_survey":0,"_uf_disable_surveys":false},"product_cat":[30],"product_tag":[39],"class_list":{"0":"post-41058","1":"product","2":"type-product","3":"status-publish","4":"has-post-thumbnail","6":"product_cat-tillbehor","7":"product_tag-grinders","8":"pa_varumarken-marley","10":"first","11":"instock","12":"taxable","13":"shipping-taxable","14":"purchasable","15":"product-type-simple"},"acf":[],"yoast_head":"<!-- This site is optimized with the Yoast SEO plugin v22.8 - https:\/\/yoast.com\/wordpress\/plugins\/seo\/ -->\n<title>Marley Natural Wooden Walnut Grinder Stor - Kicka<\/title>\n<meta name=\"robots\" content=\"index, follow, max-snippet:-1, max-image-preview:large, max-video-preview:-1\" \/>\n<link rel=\"canonical\" href=\"https:\/\/kicka.eu\/sv\/produkt\/marley-natural-wooden-walnut-grinder-stor\/\" \/>\n<meta property=\"og:locale\" content=\"sv_SE\" \/>\n<meta property=\"og:type\" content=\"article\" \/>\n<meta property=\"og:title\" content=\"Marley Natural Wooden Walnut Grinder Stor - Kicka\" \/>\n<meta property=\"og:description\" content=\"Denna fyrdelande kvarn av Marley Natural Blandar Sk\u00f6nhet och anv\u00e4ndbarhet genom anv\u00e4ndning av h\u00e5llbart suddiga Black Walnut och h\u00f6gkvalitativa anodiserade aluminiumkomponenter. Den magnetiska toppen och dess 27 skr\u00e4ddarsydda t\u00e4nder kan v\u00e4ndas kontinuerligt f\u00f6r att producera volym och konsistens eller roteras fram och tillbaka f\u00f6r att ge en finare slipning. Ett tydligt, splittr\u00f6st polykarbonatf\u00f6nster l\u00e5ter dig se dina framsteg, och din pollen samlar nedan i en avtagbar magnetisk samlare med en skrapa av rostfritt st\u00e5l. Marley Natural Wooden Walnut Grinder (stora) dimensioner  Diameter: 8 cm H\u00f6jd: 7 cm\" \/>\n<meta property=\"og:url\" content=\"https:\/\/kicka.eu\/sv\/produkt\/marley-natural-wooden-walnut-grinder-stor\/\" \/>\n<meta property=\"og:site_name\" content=\"Kicka\" \/>\n<meta property=\"article:modified_time\" content=\"2024-01-24T20:07:11+00:00\" \/>\n<meta property=\"og:image\" content=\"https:\/\/kicka.eu\/wp-content\/uploads\/2022\/03\/16922.jpeg\" \/>\n\t<meta property=\"og:image:width\" content=\"800\" \/>\n\t<meta property=\"og:image:height\" content=\"800\" \/>\n\t<meta property=\"og:image:type\" content=\"image\/jpeg\" \/>\n<meta name=\"twitter:card\" content=\"summary_large_image\" \/>\n<script type=\"application\/ld+json\" class=\"yoast-schema-graph\">{\"@context\":\"https:\/\/schema.org\",\"@graph\":[{\"@type\":\"WebPage\",\"@id\":\"https:\/\/kicka.eu\/sv\/produkt\/marley-natural-wooden-walnut-grinder-stor\/\",\"url\":\"https:\/\/kicka.eu\/sv\/produkt\/marley-natural-wooden-walnut-grinder-stor\/\",\"name\":\"Marley Natural Wooden Walnut Grinder Stor - Kicka\",\"isPartOf\":{\"@id\":\"https:\/\/kicka.eu\/sv\/#website\"},\"primaryImageOfPage\":{\"@id\":\"https:\/\/kicka.eu\/sv\/produkt\/marley-natural-wooden-walnut-grinder-stor\/#primaryimage\"},\"image\":{\"@id\":\"https:\/\/kicka.eu\/sv\/produkt\/marley-natural-wooden-walnut-grinder-stor\/#primaryimage\"},\"thumbnailUrl\":\"https:\/\/kicka.eu\/wp-content\/uploads\/2022\/03\/16922.jpeg\",\"datePublished\":\"2023-05-18T20:27:01+00:00\",\"dateModified\":\"2024-01-24T20:07:11+00:00\",\"breadcrumb\":{\"@id\":\"https:\/\/kicka.eu\/sv\/produkt\/marley-natural-wooden-walnut-grinder-stor\/#breadcrumb\"},\"inLanguage\":\"sv-SE\",\"potentialAction\":[{\"@type\":\"ReadAction\",\"target\":[\"https:\/\/kicka.eu\/sv\/produkt\/marley-natural-wooden-walnut-grinder-stor\/\"]}]},{\"@type\":\"ImageObject\",\"inLanguage\":\"sv-SE\",\"@id\":\"https:\/\/kicka.eu\/sv\/produkt\/marley-natural-wooden-walnut-grinder-stor\/#primaryimage\",\"url\":\"https:\/\/kicka.eu\/wp-content\/uploads\/2022\/03\/16922.jpeg\",\"contentUrl\":\"https:\/\/kicka.eu\/wp-content\/uploads\/2022\/03\/16922.jpeg\",\"width\":800,\"height\":800},{\"@type\":\"BreadcrumbList\",\"@id\":\"https:\/\/kicka.eu\/sv\/produkt\/marley-natural-wooden-walnut-grinder-stor\/#breadcrumb\",\"itemListElement\":[{\"@type\":\"ListItem\",\"position\":1,\"name\":\"Home\",\"item\":\"https:\/\/kicka.eu\/sv\/\"},{\"@type\":\"ListItem\",\"position\":2,\"name\":\"Shop\",\"item\":\"https:\/\/kicka.eu\/sv\/shop\/\"},{\"@type\":\"ListItem\",\"position\":3,\"name\":\"Marley Natural Wooden Walnut Grinder Stor\"}]},{\"@type\":\"WebSite\",\"@id\":\"https:\/\/kicka.eu\/sv\/#website\",\"url\":\"https:\/\/kicka.eu\/sv\/\",\"name\":\"Kicka\",\"description\":\"Online Headshop\",\"publisher\":{\"@id\":\"https:\/\/kicka.eu\/sv\/#organization\"},\"potentialAction\":[{\"@type\":\"SearchAction\",\"target\":{\"@type\":\"EntryPoint\",\"urlTemplate\":\"https:\/\/kicka.eu\/sv\/?s={search_term_string}\"},\"query-input\":\"required name=search_term_string\"}],\"inLanguage\":\"sv-SE\"},{\"@type\":\"Organization\",\"@id\":\"https:\/\/kicka.eu\/sv\/#organization\",\"name\":\"Kicka\",\"url\":\"https:\/\/kicka.eu\/sv\/\",\"logo\":{\"@type\":\"ImageObject\",\"inLanguage\":\"sv-SE\",\"@id\":\"https:\/\/kicka.eu\/sv\/#\/schema\/logo\/image\/\",\"url\":\"https:\/\/kicka.eu\/wp-content\/uploads\/2023\/08\/Kicka-Logo.png\",\"contentUrl\":\"https:\/\/kicka.eu\/wp-content\/uploads\/2023\/08\/Kicka-Logo.png\",\"width\":233,\"height\":233,\"caption\":\"Kicka\"},\"image\":{\"@id\":\"https:\/\/kicka.eu\/sv\/#\/schema\/logo\/image\/\"}}]}<\/script>\n<!-- \/ Yoast SEO plugin. -->","yoast_head_json":{"title":"Marley Natural Wooden Walnut Grinder Stor - Kicka","robots":{"index":"index","follow":"follow","max-snippet":"max-snippet:-1","max-image-preview":"max-image-preview:large","max-video-preview":"max-video-preview:-1"},"canonical":"https:\/\/kicka.eu\/sv\/produkt\/marley-natural-wooden-walnut-grinder-stor\/","og_locale":"sv_SE","og_type":"article","og_title":"Marley Natural Wooden Walnut Grinder Stor - Kicka","og_description":"Denna fyrdelande kvarn av Marley Natural Blandar Sk\u00f6nhet och anv\u00e4ndbarhet genom anv\u00e4ndning av h\u00e5llbart suddiga Black Walnut och h\u00f6gkvalitativa anodiserade aluminiumkomponenter. Den magnetiska toppen och dess 27 skr\u00e4ddarsydda t\u00e4nder kan v\u00e4ndas kontinuerligt f\u00f6r att producera volym och konsistens eller roteras fram och tillbaka f\u00f6r att ge en finare slipning. Ett tydligt, splittr\u00f6st polykarbonatf\u00f6nster l\u00e5ter dig se dina framsteg, och din pollen samlar nedan i en avtagbar magnetisk samlare med en skrapa av rostfritt st\u00e5l. Marley Natural Wooden Walnut Grinder (stora) dimensioner  Diameter: 8 cm H\u00f6jd: 7 cm","og_url":"https:\/\/kicka.eu\/sv\/produkt\/marley-natural-wooden-walnut-grinder-stor\/","og_site_name":"Kicka","article_modified_time":"2024-01-24T20:07:11+00:00","og_image":[{"width":800,"height":800,"url":"https:\/\/kicka.eu\/wp-content\/uploads\/2022\/03\/16922.jpeg","type":"image\/jpeg"}],"twitter_card":"summary_large_image","schema":{"@context":"https:\/\/schema.org","@graph":[{"@type":"WebPage","@id":"https:\/\/kicka.eu\/sv\/produkt\/marley-natural-wooden-walnut-grinder-stor\/","url":"https:\/\/kicka.eu\/sv\/produkt\/marley-natural-wooden-walnut-grinder-stor\/","name":"Marley Natural Wooden Walnut Grinder Stor - Kicka","isPartOf":{"@id":"https:\/\/kicka.eu\/sv\/#website"},"primaryImageOfPage":{"@id":"https:\/\/kicka.eu\/sv\/produkt\/marley-natural-wooden-walnut-grinder-stor\/#primaryimage"},"image":{"@id":"https:\/\/kicka.eu\/sv\/produkt\/marley-natural-wooden-walnut-grinder-stor\/#primaryimage"},"thumbnailUrl":"https:\/\/kicka.eu\/wp-content\/uploads\/2022\/03\/16922.jpeg","datePublished":"2023-05-18T20:27:01+00:00","dateModified":"2024-01-24T20:07:11+00:00","breadcrumb":{"@id":"https:\/\/kicka.eu\/sv\/produkt\/marley-natural-wooden-walnut-grinder-stor\/#breadcrumb"},"inLanguage":"sv-SE","potentialAction":[{"@type":"ReadAction","target":["https:\/\/kicka.eu\/sv\/produkt\/marley-natural-wooden-walnut-grinder-stor\/"]}]},{"@type":"ImageObject","inLanguage":"sv-SE","@id":"https:\/\/kicka.eu\/sv\/produkt\/marley-natural-wooden-walnut-grinder-stor\/#primaryimage","url":"https:\/\/kicka.eu\/wp-content\/uploads\/2022\/03\/16922.jpeg","contentUrl":"https:\/\/kicka.eu\/wp-content\/uploads\/2022\/03\/16922.jpeg","width":800,"height":800},{"@type":"BreadcrumbList","@id":"https:\/\/kicka.eu\/sv\/produkt\/marley-natural-wooden-walnut-grinder-stor\/#breadcrumb","itemListElement":[{"@type":"ListItem","position":1,"name":"Home","item":"https:\/\/kicka.eu\/sv\/"},{"@type":"ListItem","position":2,"name":"Shop","item":"https:\/\/kicka.eu\/sv\/shop\/"},{"@type":"ListItem","position":3,"name":"Marley Natural Wooden Walnut Grinder Stor"}]},{"@type":"WebSite","@id":"https:\/\/kicka.eu\/sv\/#website","url":"https:\/\/kicka.eu\/sv\/","name":"Kicka","description":"Online Headshop","publisher":{"@id":"https:\/\/kicka.eu\/sv\/#organization"},"potentialAction":[{"@type":"SearchAction","target":{"@type":"EntryPoint","urlTemplate":"https:\/\/kicka.eu\/sv\/?s={search_term_string}"},"query-input":"required name=search_term_string"}],"inLanguage":"sv-SE"},{"@type":"Organization","@id":"https:\/\/kicka.eu\/sv\/#organization","name":"Kicka","url":"https:\/\/kicka.eu\/sv\/","logo":{"@type":"ImageObject","inLanguage":"sv-SE","@id":"https:\/\/kicka.eu\/sv\/#\/schema\/logo\/image\/","url":"https:\/\/kicka.eu\/wp-content\/uploads\/2023\/08\/Kicka-Logo.png","contentUrl":"https:\/\/kicka.eu\/wp-content\/uploads\/2023\/08\/Kicka-Logo.png","width":233,"height":233,"caption":"Kicka"},"image":{"@id":"https:\/\/kicka.eu\/sv\/#\/schema\/logo\/image\/"}}]}},"_links":{"self":[{"href":"https:\/\/kicka.eu\/sv\/wp-json\/wp\/v2\/product\/41058","targetHints":{"allow":["GET"]}}],"collection":[{"href":"https:\/\/kicka.eu\/sv\/wp-json\/wp\/v2\/product"}],"about":[{"href":"https:\/\/kicka.eu\/sv\/wp-json\/wp\/v2\/types\/product"}],"replies":[{"embeddable":true,"href":"https:\/\/kicka.eu\/sv\/wp-json\/wp\/v2\/comments?post=41058"}],"wp:featuredmedia":[{"embeddable":true,"href":"https:\/\/kicka.eu\/sv\/wp-json\/wp\/v2\/media\/370"}],"wp:attachment":[{"href":"https:\/\/kicka.eu\/sv\/wp-json\/wp\/v2\/media?parent=41058"}],"wp:term":[{"taxonomy":"product_cat","embeddable":true,"href":"https:\/\/kicka.eu\/sv\/wp-json\/wp\/v2\/product_cat?post=41058"},{"taxonomy":"product_tag","embeddable":true,"href":"https:\/\/kicka.eu\/sv\/wp-json\/wp\/v2\/product_tag?post=41058"}],"curies":[{"name":"wp","href":"https:\/\/api.w.org\/{rel}","templated":true}]}}