{"id":41052,"date":"2023-05-18T22:27:00","date_gmt":"2023-05-18T20:27:00","guid":{"rendered":"https:\/\/kicka.eu\/product\/marley-natural-tray-med-scraper-liten\/"},"modified":"2024-01-24T21:07:53","modified_gmt":"2024-01-24T20:07:53","slug":"marley-natural-tray-med-scraper-liten","status":"publish","type":"product","link":"https:\/\/kicka.eu\/sv\/produkt\/marley-natural-tray-med-scraper-liten\/","title":{"rendered":"Marley Natural Tray Med Scraper Liten"},"content":{"rendered":"","protected":false},"excerpt":{"rendered":"<p>Marley Natural Tray \u00e4r ett premium, multi-use prep bricka. Den tunga svarta valn\u00f6tbasen \u00e4r f\u00e4rdig i teakolja och har ett speciellt konturerat cutout-h\u00f6rn f\u00f6r bekv\u00e4m h\u00e4llning. En tr\u00e4skrapa, med inbyggd magnet skapad f\u00f6r att passa brickans dimensioner, m\u00f6jligg\u00f6r en integrerad f\u00f6rberedelse av cannabis att komplettera din r\u00f6kningsritual.<\/p>\n<p>Finns i tv\u00e5 storlekar.<\/p>\n","protected":false},"featured_media":368,"comment_status":"open","ping_status":"closed","template":"","meta":{"_acf_changed":false,"_et_pb_use_builder":"","_et_pb_old_content":"","_et_gb_content_width":"","om_disable_all_campaigns":false,"_monsterinsights_skip_tracking":false,"_monsterinsights_sitenote_active":false,"_monsterinsights_sitenote_note":"","_monsterinsights_sitenote_category":0,"_uf_show_specific_survey":0,"_uf_disable_surveys":false},"product_cat":[32],"product_tag":[40],"class_list":{"0":"post-41052","1":"product","2":"type-product","3":"status-publish","4":"has-post-thumbnail","6":"product_cat-rullning","7":"product_tag-rullbrickor","8":"pa_varumarken-marley","10":"first","11":"instock","12":"taxable","13":"shipping-taxable","14":"purchasable","15":"product-type-simple"},"acf":[],"yoast_head":"<!-- This site is optimized with the Yoast SEO plugin v22.8 - https:\/\/yoast.com\/wordpress\/plugins\/seo\/ -->\n<title>Marley Natural Tray Med Scraper Liten - Kicka<\/title>\n<meta name=\"robots\" content=\"index, follow, max-snippet:-1, max-image-preview:large, max-video-preview:-1\" \/>\n<link rel=\"canonical\" href=\"https:\/\/kicka.eu\/sv\/produkt\/marley-natural-tray-med-scraper-liten\/\" \/>\n<meta property=\"og:locale\" content=\"sv_SE\" \/>\n<meta property=\"og:type\" content=\"article\" \/>\n<meta property=\"og:title\" content=\"Marley Natural Tray Med Scraper Liten - Kicka\" \/>\n<meta property=\"og:description\" content=\"Marley Natural Tray \u00e4r ett premium, multi-use prep bricka. Den tunga svarta valn\u00f6tbasen \u00e4r f\u00e4rdig i teakolja och har ett speciellt konturerat cutout-h\u00f6rn f\u00f6r bekv\u00e4m h\u00e4llning. En tr\u00e4skrapa, med inbyggd magnet skapad f\u00f6r att passa brickans dimensioner, m\u00f6jligg\u00f6r en integrerad f\u00f6rberedelse av cannabis att komplettera din r\u00f6kningsritual.  Finns i tv\u00e5 storlekar.\" \/>\n<meta property=\"og:url\" content=\"https:\/\/kicka.eu\/sv\/produkt\/marley-natural-tray-med-scraper-liten\/\" \/>\n<meta property=\"og:site_name\" content=\"Kicka\" \/>\n<meta property=\"article:modified_time\" content=\"2024-01-24T20:07:53+00:00\" \/>\n<meta property=\"og:image\" content=\"https:\/\/kicka.eu\/wp-content\/uploads\/2022\/03\/16920.jpeg\" \/>\n\t<meta property=\"og:image:width\" content=\"800\" \/>\n\t<meta property=\"og:image:height\" content=\"800\" \/>\n\t<meta property=\"og:image:type\" content=\"image\/jpeg\" \/>\n<meta name=\"twitter:card\" content=\"summary_large_image\" \/>\n<script type=\"application\/ld+json\" class=\"yoast-schema-graph\">{\"@context\":\"https:\/\/schema.org\",\"@graph\":[{\"@type\":\"WebPage\",\"@id\":\"https:\/\/kicka.eu\/sv\/produkt\/marley-natural-tray-med-scraper-liten\/\",\"url\":\"https:\/\/kicka.eu\/sv\/produkt\/marley-natural-tray-med-scraper-liten\/\",\"name\":\"Marley Natural Tray Med Scraper Liten - Kicka\",\"isPartOf\":{\"@id\":\"https:\/\/kicka.eu\/sv\/#website\"},\"primaryImageOfPage\":{\"@id\":\"https:\/\/kicka.eu\/sv\/produkt\/marley-natural-tray-med-scraper-liten\/#primaryimage\"},\"image\":{\"@id\":\"https:\/\/kicka.eu\/sv\/produkt\/marley-natural-tray-med-scraper-liten\/#primaryimage\"},\"thumbnailUrl\":\"https:\/\/kicka.eu\/wp-content\/uploads\/2022\/03\/16920.jpeg\",\"datePublished\":\"2023-05-18T20:27:00+00:00\",\"dateModified\":\"2024-01-24T20:07:53+00:00\",\"breadcrumb\":{\"@id\":\"https:\/\/kicka.eu\/sv\/produkt\/marley-natural-tray-med-scraper-liten\/#breadcrumb\"},\"inLanguage\":\"sv-SE\",\"potentialAction\":[{\"@type\":\"ReadAction\",\"target\":[\"https:\/\/kicka.eu\/sv\/produkt\/marley-natural-tray-med-scraper-liten\/\"]}]},{\"@type\":\"ImageObject\",\"inLanguage\":\"sv-SE\",\"@id\":\"https:\/\/kicka.eu\/sv\/produkt\/marley-natural-tray-med-scraper-liten\/#primaryimage\",\"url\":\"https:\/\/kicka.eu\/wp-content\/uploads\/2022\/03\/16920.jpeg\",\"contentUrl\":\"https:\/\/kicka.eu\/wp-content\/uploads\/2022\/03\/16920.jpeg\",\"width\":800,\"height\":800},{\"@type\":\"BreadcrumbList\",\"@id\":\"https:\/\/kicka.eu\/sv\/produkt\/marley-natural-tray-med-scraper-liten\/#breadcrumb\",\"itemListElement\":[{\"@type\":\"ListItem\",\"position\":1,\"name\":\"Home\",\"item\":\"https:\/\/kicka.eu\/sv\/\"},{\"@type\":\"ListItem\",\"position\":2,\"name\":\"Shop\",\"item\":\"https:\/\/kicka.eu\/sv\/shop\/\"},{\"@type\":\"ListItem\",\"position\":3,\"name\":\"Marley Natural Tray Med Scraper Liten\"}]},{\"@type\":\"WebSite\",\"@id\":\"https:\/\/kicka.eu\/sv\/#website\",\"url\":\"https:\/\/kicka.eu\/sv\/\",\"name\":\"Kicka\",\"description\":\"Online Headshop\",\"publisher\":{\"@id\":\"https:\/\/kicka.eu\/sv\/#organization\"},\"potentialAction\":[{\"@type\":\"SearchAction\",\"target\":{\"@type\":\"EntryPoint\",\"urlTemplate\":\"https:\/\/kicka.eu\/sv\/?s={search_term_string}\"},\"query-input\":\"required name=search_term_string\"}],\"inLanguage\":\"sv-SE\"},{\"@type\":\"Organization\",\"@id\":\"https:\/\/kicka.eu\/sv\/#organization\",\"name\":\"Kicka\",\"url\":\"https:\/\/kicka.eu\/sv\/\",\"logo\":{\"@type\":\"ImageObject\",\"inLanguage\":\"sv-SE\",\"@id\":\"https:\/\/kicka.eu\/sv\/#\/schema\/logo\/image\/\",\"url\":\"https:\/\/kicka.eu\/wp-content\/uploads\/2023\/08\/Kicka-Logo.png\",\"contentUrl\":\"https:\/\/kicka.eu\/wp-content\/uploads\/2023\/08\/Kicka-Logo.png\",\"width\":233,\"height\":233,\"caption\":\"Kicka\"},\"image\":{\"@id\":\"https:\/\/kicka.eu\/sv\/#\/schema\/logo\/image\/\"}}]}<\/script>\n<!-- \/ Yoast SEO plugin. -->","yoast_head_json":{"title":"Marley Natural Tray Med Scraper Liten - Kicka","robots":{"index":"index","follow":"follow","max-snippet":"max-snippet:-1","max-image-preview":"max-image-preview:large","max-video-preview":"max-video-preview:-1"},"canonical":"https:\/\/kicka.eu\/sv\/produkt\/marley-natural-tray-med-scraper-liten\/","og_locale":"sv_SE","og_type":"article","og_title":"Marley Natural Tray Med Scraper Liten - Kicka","og_description":"Marley Natural Tray \u00e4r ett premium, multi-use prep bricka. Den tunga svarta valn\u00f6tbasen \u00e4r f\u00e4rdig i teakolja och har ett speciellt konturerat cutout-h\u00f6rn f\u00f6r bekv\u00e4m h\u00e4llning. En tr\u00e4skrapa, med inbyggd magnet skapad f\u00f6r att passa brickans dimensioner, m\u00f6jligg\u00f6r en integrerad f\u00f6rberedelse av cannabis att komplettera din r\u00f6kningsritual.  Finns i tv\u00e5 storlekar.","og_url":"https:\/\/kicka.eu\/sv\/produkt\/marley-natural-tray-med-scraper-liten\/","og_site_name":"Kicka","article_modified_time":"2024-01-24T20:07:53+00:00","og_image":[{"width":800,"height":800,"url":"https:\/\/kicka.eu\/wp-content\/uploads\/2022\/03\/16920.jpeg","type":"image\/jpeg"}],"twitter_card":"summary_large_image","schema":{"@context":"https:\/\/schema.org","@graph":[{"@type":"WebPage","@id":"https:\/\/kicka.eu\/sv\/produkt\/marley-natural-tray-med-scraper-liten\/","url":"https:\/\/kicka.eu\/sv\/produkt\/marley-natural-tray-med-scraper-liten\/","name":"Marley Natural Tray Med Scraper Liten - Kicka","isPartOf":{"@id":"https:\/\/kicka.eu\/sv\/#website"},"primaryImageOfPage":{"@id":"https:\/\/kicka.eu\/sv\/produkt\/marley-natural-tray-med-scraper-liten\/#primaryimage"},"image":{"@id":"https:\/\/kicka.eu\/sv\/produkt\/marley-natural-tray-med-scraper-liten\/#primaryimage"},"thumbnailUrl":"https:\/\/kicka.eu\/wp-content\/uploads\/2022\/03\/16920.jpeg","datePublished":"2023-05-18T20:27:00+00:00","dateModified":"2024-01-24T20:07:53+00:00","breadcrumb":{"@id":"https:\/\/kicka.eu\/sv\/produkt\/marley-natural-tray-med-scraper-liten\/#breadcrumb"},"inLanguage":"sv-SE","potentialAction":[{"@type":"ReadAction","target":["https:\/\/kicka.eu\/sv\/produkt\/marley-natural-tray-med-scraper-liten\/"]}]},{"@type":"ImageObject","inLanguage":"sv-SE","@id":"https:\/\/kicka.eu\/sv\/produkt\/marley-natural-tray-med-scraper-liten\/#primaryimage","url":"https:\/\/kicka.eu\/wp-content\/uploads\/2022\/03\/16920.jpeg","contentUrl":"https:\/\/kicka.eu\/wp-content\/uploads\/2022\/03\/16920.jpeg","width":800,"height":800},{"@type":"BreadcrumbList","@id":"https:\/\/kicka.eu\/sv\/produkt\/marley-natural-tray-med-scraper-liten\/#breadcrumb","itemListElement":[{"@type":"ListItem","position":1,"name":"Home","item":"https:\/\/kicka.eu\/sv\/"},{"@type":"ListItem","position":2,"name":"Shop","item":"https:\/\/kicka.eu\/sv\/shop\/"},{"@type":"ListItem","position":3,"name":"Marley Natural Tray Med Scraper Liten"}]},{"@type":"WebSite","@id":"https:\/\/kicka.eu\/sv\/#website","url":"https:\/\/kicka.eu\/sv\/","name":"Kicka","description":"Online Headshop","publisher":{"@id":"https:\/\/kicka.eu\/sv\/#organization"},"potentialAction":[{"@type":"SearchAction","target":{"@type":"EntryPoint","urlTemplate":"https:\/\/kicka.eu\/sv\/?s={search_term_string}"},"query-input":"required name=search_term_string"}],"inLanguage":"sv-SE"},{"@type":"Organization","@id":"https:\/\/kicka.eu\/sv\/#organization","name":"Kicka","url":"https:\/\/kicka.eu\/sv\/","logo":{"@type":"ImageObject","inLanguage":"sv-SE","@id":"https:\/\/kicka.eu\/sv\/#\/schema\/logo\/image\/","url":"https:\/\/kicka.eu\/wp-content\/uploads\/2023\/08\/Kicka-Logo.png","contentUrl":"https:\/\/kicka.eu\/wp-content\/uploads\/2023\/08\/Kicka-Logo.png","width":233,"height":233,"caption":"Kicka"},"image":{"@id":"https:\/\/kicka.eu\/sv\/#\/schema\/logo\/image\/"}}]}},"_links":{"self":[{"href":"https:\/\/kicka.eu\/sv\/wp-json\/wp\/v2\/product\/41052","targetHints":{"allow":["GET"]}}],"collection":[{"href":"https:\/\/kicka.eu\/sv\/wp-json\/wp\/v2\/product"}],"about":[{"href":"https:\/\/kicka.eu\/sv\/wp-json\/wp\/v2\/types\/product"}],"replies":[{"embeddable":true,"href":"https:\/\/kicka.eu\/sv\/wp-json\/wp\/v2\/comments?post=41052"}],"wp:featuredmedia":[{"embeddable":true,"href":"https:\/\/kicka.eu\/sv\/wp-json\/wp\/v2\/media\/368"}],"wp:attachment":[{"href":"https:\/\/kicka.eu\/sv\/wp-json\/wp\/v2\/media?parent=41052"}],"wp:term":[{"taxonomy":"product_cat","embeddable":true,"href":"https:\/\/kicka.eu\/sv\/wp-json\/wp\/v2\/product_cat?post=41052"},{"taxonomy":"product_tag","embeddable":true,"href":"https:\/\/kicka.eu\/sv\/wp-json\/wp\/v2\/product_tag?post=41052"}],"curies":[{"name":"wp","href":"https:\/\/api.w.org\/{rel}","templated":true}]}}