{"id":41036,"date":"2023-05-18T22:26:57","date_gmt":"2023-05-18T20:26:57","guid":{"rendered":"https:\/\/kicka.eu\/product\/k-haring-water-pipe-multi\/"},"modified":"2024-01-24T21:11:11","modified_gmt":"2024-01-24T20:11:11","slug":"k-haring-water-pipe-multi","status":"publish","type":"product","link":"https:\/\/kicka.eu\/sv\/produkt\/k-haring-water-pipe-multi\/","title":{"rendered":"K. Haring Water Pipe Multi"},"content":{"rendered":"","protected":false},"excerpt":{"rendered":"<p>Firande det globala inflytandet av den ber\u00f6mda konstn\u00e4ren, Keith Haring, har K.Haring vattenr\u00f6ret konstn\u00e4rens ikoniska konstverk medan du levererar en vattenfiltrerad r\u00f6kning. St\u00e5ende vid 31,5 cm l\u00e5ng, vattenr\u00f6ret \u00e4r precisionsgjorda fr\u00e5n tjockt borosilikatglas som motst\u00e5r extrem v\u00e4rme. Dess avtagbara diffunderade downstems sitter en rymlig sk\u00e5l med en luftt\u00e4t, jordglasanslutning. En sju-slits duschhuvuden Percolator producerar fina bubblor f\u00f6r att fukta, rena och kyla din r\u00f6k. Vattenr\u00f6ret \u00e4r utformat med ett fettlippat munstycke, inbyggt isf\u00e5ngare och splashguard f\u00f6r bekv\u00e4ma drag.<\/p>\n<p>Keith Haring&#8217;s scintillating tillv\u00e4gag\u00e5ngss\u00e4tt f\u00f6r att bilda och figur \u00f6verstiger vattenr\u00f6rets handfilter. Nacken och basens dj\u00e4rva linjer och kontrasterande f\u00e4rger uppvisar hans livliga estetiska. Denna gripstycke \u00e4r klar med Harings signatur.<\/p>\n<p>Vattenr\u00f6ret \u00e4r f\u00f6rpackat i en h\u00e5llbar l\u00e5da med skuminsatser. De tjocka ytterv\u00e4ggarna i l\u00e5dan \u00e4r prydda med Harings konstverk och signatur.<br \/>\nK. Haring Water Pipe Charcteristics<\/p>\n<p>    15 x 15 x 31,5 cm<br \/>\n    Ikonisk keith haring konstverk<br \/>\n    Hand applicerade, v\u00e4rmebest\u00e4ndiga m\u00f6nster<br \/>\n    7-slit duschhuvudet perkolator<br \/>\n    Tjock borosilikatglas<br \/>\n    Avtagbar diffunderst\u00f6d<br \/>\n    Jordglasanslutning<br \/>\n    Ice Catcher &#038; Splashguard<br \/>\n    Fettlippad munstycke<br \/>\n    Bred &#038; robust bas<\/p>\n","protected":false},"featured_media":410,"comment_status":"open","ping_status":"closed","template":"","meta":{"_acf_changed":false,"_et_pb_use_builder":"","_et_pb_old_content":"","_et_gb_content_width":"","om_disable_all_campaigns":false,"_monsterinsights_skip_tracking":false,"_monsterinsights_sitenote_active":false,"_monsterinsights_sitenote_note":"","_monsterinsights_sitenote_category":0,"_uf_show_specific_survey":0,"_uf_disable_surveys":false},"product_cat":[41],"product_tag":[53],"class_list":{"0":"post-41036","1":"product","2":"type-product","3":"status-publish","4":"has-post-thumbnail","6":"product_cat-glas","7":"product_tag-water-pipe","8":"pa_varumarken-k-haring","10":"first","11":"instock","12":"taxable","13":"shipping-taxable","14":"purchasable","15":"product-type-simple"},"acf":[],"yoast_head":"<!-- This site is optimized with the Yoast SEO plugin v22.8 - https:\/\/yoast.com\/wordpress\/plugins\/seo\/ -->\n<title>K. Haring Water Pipe Multi - Kicka<\/title>\n<meta name=\"robots\" content=\"index, follow, max-snippet:-1, max-image-preview:large, max-video-preview:-1\" \/>\n<link rel=\"canonical\" href=\"https:\/\/kicka.eu\/sv\/produkt\/k-haring-water-pipe-multi\/\" \/>\n<meta property=\"og:locale\" content=\"sv_SE\" \/>\n<meta property=\"og:type\" content=\"article\" \/>\n<meta property=\"og:title\" content=\"K. Haring Water Pipe Multi - Kicka\" \/>\n<meta property=\"og:description\" content=\"Firande det globala inflytandet av den ber\u00f6mda konstn\u00e4ren, Keith Haring, har K.Haring vattenr\u00f6ret konstn\u00e4rens ikoniska konstverk medan du levererar en vattenfiltrerad r\u00f6kning. St\u00e5ende vid 31,5 cm l\u00e5ng, vattenr\u00f6ret \u00e4r precisionsgjorda fr\u00e5n tjockt borosilikatglas som motst\u00e5r extrem v\u00e4rme. Dess avtagbara diffunderade downstems sitter en rymlig sk\u00e5l med en luftt\u00e4t, jordglasanslutning. En sju-slits duschhuvuden Percolator producerar fina bubblor f\u00f6r att fukta, rena och kyla din r\u00f6k. Vattenr\u00f6ret \u00e4r utformat med ett fettlippat munstycke, inbyggt isf\u00e5ngare och splashguard f\u00f6r bekv\u00e4ma drag.  Keith Haring&#039;s scintillating tillv\u00e4gag\u00e5ngss\u00e4tt f\u00f6r att bilda och figur \u00f6verstiger vattenr\u00f6rets handfilter. Nacken och basens dj\u00e4rva linjer och kontrasterande f\u00e4rger uppvisar hans livliga estetiska. Denna gripstycke \u00e4r klar med Harings signatur.  Vattenr\u00f6ret \u00e4r f\u00f6rpackat i en h\u00e5llbar l\u00e5da med skuminsatser. De tjocka ytterv\u00e4ggarna i l\u00e5dan \u00e4r prydda med Harings konstverk och signatur. K. Haring Water Pipe Charcteristics    15 x 15 x 31,5 cm   Ikonisk keith haring konstverk   Hand applicerade, v\u00e4rmebest\u00e4ndiga m\u00f6nster   7-slit duschhuvudet perkolator   Tjock borosilikatglas   Avtagbar diffunderst\u00f6d   Jordglasanslutning   Ice Catcher &amp; Splashguard   Fettlippad munstycke   Bred &amp; robust bas\" \/>\n<meta property=\"og:url\" content=\"https:\/\/kicka.eu\/sv\/produkt\/k-haring-water-pipe-multi\/\" \/>\n<meta property=\"og:site_name\" content=\"Kicka\" \/>\n<meta property=\"article:modified_time\" content=\"2024-01-24T20:11:11+00:00\" \/>\n<meta property=\"og:image\" content=\"https:\/\/kicka.eu\/wp-content\/uploads\/2022\/03\/18829.jpeg\" \/>\n\t<meta property=\"og:image:width\" content=\"800\" \/>\n\t<meta property=\"og:image:height\" content=\"800\" \/>\n\t<meta property=\"og:image:type\" content=\"image\/jpeg\" \/>\n<meta name=\"twitter:card\" content=\"summary_large_image\" \/>\n<script type=\"application\/ld+json\" class=\"yoast-schema-graph\">{\"@context\":\"https:\/\/schema.org\",\"@graph\":[{\"@type\":\"WebPage\",\"@id\":\"https:\/\/kicka.eu\/sv\/produkt\/k-haring-water-pipe-multi\/\",\"url\":\"https:\/\/kicka.eu\/sv\/produkt\/k-haring-water-pipe-multi\/\",\"name\":\"K. Haring Water Pipe Multi - Kicka\",\"isPartOf\":{\"@id\":\"https:\/\/kicka.eu\/sv\/#website\"},\"primaryImageOfPage\":{\"@id\":\"https:\/\/kicka.eu\/sv\/produkt\/k-haring-water-pipe-multi\/#primaryimage\"},\"image\":{\"@id\":\"https:\/\/kicka.eu\/sv\/produkt\/k-haring-water-pipe-multi\/#primaryimage\"},\"thumbnailUrl\":\"https:\/\/kicka.eu\/wp-content\/uploads\/2022\/03\/18829.jpeg\",\"datePublished\":\"2023-05-18T20:26:57+00:00\",\"dateModified\":\"2024-01-24T20:11:11+00:00\",\"breadcrumb\":{\"@id\":\"https:\/\/kicka.eu\/sv\/produkt\/k-haring-water-pipe-multi\/#breadcrumb\"},\"inLanguage\":\"sv-SE\",\"potentialAction\":[{\"@type\":\"ReadAction\",\"target\":[\"https:\/\/kicka.eu\/sv\/produkt\/k-haring-water-pipe-multi\/\"]}]},{\"@type\":\"ImageObject\",\"inLanguage\":\"sv-SE\",\"@id\":\"https:\/\/kicka.eu\/sv\/produkt\/k-haring-water-pipe-multi\/#primaryimage\",\"url\":\"https:\/\/kicka.eu\/wp-content\/uploads\/2022\/03\/18829.jpeg\",\"contentUrl\":\"https:\/\/kicka.eu\/wp-content\/uploads\/2022\/03\/18829.jpeg\",\"width\":800,\"height\":800},{\"@type\":\"BreadcrumbList\",\"@id\":\"https:\/\/kicka.eu\/sv\/produkt\/k-haring-water-pipe-multi\/#breadcrumb\",\"itemListElement\":[{\"@type\":\"ListItem\",\"position\":1,\"name\":\"Home\",\"item\":\"https:\/\/kicka.eu\/sv\/\"},{\"@type\":\"ListItem\",\"position\":2,\"name\":\"Shop\",\"item\":\"https:\/\/kicka.eu\/sv\/shop\/\"},{\"@type\":\"ListItem\",\"position\":3,\"name\":\"K. Haring Water Pipe Multi\"}]},{\"@type\":\"WebSite\",\"@id\":\"https:\/\/kicka.eu\/sv\/#website\",\"url\":\"https:\/\/kicka.eu\/sv\/\",\"name\":\"Kicka\",\"description\":\"Online Headshop\",\"publisher\":{\"@id\":\"https:\/\/kicka.eu\/sv\/#organization\"},\"potentialAction\":[{\"@type\":\"SearchAction\",\"target\":{\"@type\":\"EntryPoint\",\"urlTemplate\":\"https:\/\/kicka.eu\/sv\/?s={search_term_string}\"},\"query-input\":\"required name=search_term_string\"}],\"inLanguage\":\"sv-SE\"},{\"@type\":\"Organization\",\"@id\":\"https:\/\/kicka.eu\/sv\/#organization\",\"name\":\"Kicka\",\"url\":\"https:\/\/kicka.eu\/sv\/\",\"logo\":{\"@type\":\"ImageObject\",\"inLanguage\":\"sv-SE\",\"@id\":\"https:\/\/kicka.eu\/sv\/#\/schema\/logo\/image\/\",\"url\":\"https:\/\/kicka.eu\/wp-content\/uploads\/2023\/08\/Kicka-Logo.png\",\"contentUrl\":\"https:\/\/kicka.eu\/wp-content\/uploads\/2023\/08\/Kicka-Logo.png\",\"width\":233,\"height\":233,\"caption\":\"Kicka\"},\"image\":{\"@id\":\"https:\/\/kicka.eu\/sv\/#\/schema\/logo\/image\/\"}}]}<\/script>\n<!-- \/ Yoast SEO plugin. -->","yoast_head_json":{"title":"K. Haring Water Pipe Multi - Kicka","robots":{"index":"index","follow":"follow","max-snippet":"max-snippet:-1","max-image-preview":"max-image-preview:large","max-video-preview":"max-video-preview:-1"},"canonical":"https:\/\/kicka.eu\/sv\/produkt\/k-haring-water-pipe-multi\/","og_locale":"sv_SE","og_type":"article","og_title":"K. Haring Water Pipe Multi - Kicka","og_description":"Firande det globala inflytandet av den ber\u00f6mda konstn\u00e4ren, Keith Haring, har K.Haring vattenr\u00f6ret konstn\u00e4rens ikoniska konstverk medan du levererar en vattenfiltrerad r\u00f6kning. St\u00e5ende vid 31,5 cm l\u00e5ng, vattenr\u00f6ret \u00e4r precisionsgjorda fr\u00e5n tjockt borosilikatglas som motst\u00e5r extrem v\u00e4rme. Dess avtagbara diffunderade downstems sitter en rymlig sk\u00e5l med en luftt\u00e4t, jordglasanslutning. En sju-slits duschhuvuden Percolator producerar fina bubblor f\u00f6r att fukta, rena och kyla din r\u00f6k. Vattenr\u00f6ret \u00e4r utformat med ett fettlippat munstycke, inbyggt isf\u00e5ngare och splashguard f\u00f6r bekv\u00e4ma drag.  Keith Haring's scintillating tillv\u00e4gag\u00e5ngss\u00e4tt f\u00f6r att bilda och figur \u00f6verstiger vattenr\u00f6rets handfilter. Nacken och basens dj\u00e4rva linjer och kontrasterande f\u00e4rger uppvisar hans livliga estetiska. Denna gripstycke \u00e4r klar med Harings signatur.  Vattenr\u00f6ret \u00e4r f\u00f6rpackat i en h\u00e5llbar l\u00e5da med skuminsatser. De tjocka ytterv\u00e4ggarna i l\u00e5dan \u00e4r prydda med Harings konstverk och signatur. K. Haring Water Pipe Charcteristics    15 x 15 x 31,5 cm   Ikonisk keith haring konstverk   Hand applicerade, v\u00e4rmebest\u00e4ndiga m\u00f6nster   7-slit duschhuvudet perkolator   Tjock borosilikatglas   Avtagbar diffunderst\u00f6d   Jordglasanslutning   Ice Catcher & Splashguard   Fettlippad munstycke   Bred & robust bas","og_url":"https:\/\/kicka.eu\/sv\/produkt\/k-haring-water-pipe-multi\/","og_site_name":"Kicka","article_modified_time":"2024-01-24T20:11:11+00:00","og_image":[{"width":800,"height":800,"url":"https:\/\/kicka.eu\/wp-content\/uploads\/2022\/03\/18829.jpeg","type":"image\/jpeg"}],"twitter_card":"summary_large_image","schema":{"@context":"https:\/\/schema.org","@graph":[{"@type":"WebPage","@id":"https:\/\/kicka.eu\/sv\/produkt\/k-haring-water-pipe-multi\/","url":"https:\/\/kicka.eu\/sv\/produkt\/k-haring-water-pipe-multi\/","name":"K. Haring Water Pipe Multi - Kicka","isPartOf":{"@id":"https:\/\/kicka.eu\/sv\/#website"},"primaryImageOfPage":{"@id":"https:\/\/kicka.eu\/sv\/produkt\/k-haring-water-pipe-multi\/#primaryimage"},"image":{"@id":"https:\/\/kicka.eu\/sv\/produkt\/k-haring-water-pipe-multi\/#primaryimage"},"thumbnailUrl":"https:\/\/kicka.eu\/wp-content\/uploads\/2022\/03\/18829.jpeg","datePublished":"2023-05-18T20:26:57+00:00","dateModified":"2024-01-24T20:11:11+00:00","breadcrumb":{"@id":"https:\/\/kicka.eu\/sv\/produkt\/k-haring-water-pipe-multi\/#breadcrumb"},"inLanguage":"sv-SE","potentialAction":[{"@type":"ReadAction","target":["https:\/\/kicka.eu\/sv\/produkt\/k-haring-water-pipe-multi\/"]}]},{"@type":"ImageObject","inLanguage":"sv-SE","@id":"https:\/\/kicka.eu\/sv\/produkt\/k-haring-water-pipe-multi\/#primaryimage","url":"https:\/\/kicka.eu\/wp-content\/uploads\/2022\/03\/18829.jpeg","contentUrl":"https:\/\/kicka.eu\/wp-content\/uploads\/2022\/03\/18829.jpeg","width":800,"height":800},{"@type":"BreadcrumbList","@id":"https:\/\/kicka.eu\/sv\/produkt\/k-haring-water-pipe-multi\/#breadcrumb","itemListElement":[{"@type":"ListItem","position":1,"name":"Home","item":"https:\/\/kicka.eu\/sv\/"},{"@type":"ListItem","position":2,"name":"Shop","item":"https:\/\/kicka.eu\/sv\/shop\/"},{"@type":"ListItem","position":3,"name":"K. Haring Water Pipe Multi"}]},{"@type":"WebSite","@id":"https:\/\/kicka.eu\/sv\/#website","url":"https:\/\/kicka.eu\/sv\/","name":"Kicka","description":"Online Headshop","publisher":{"@id":"https:\/\/kicka.eu\/sv\/#organization"},"potentialAction":[{"@type":"SearchAction","target":{"@type":"EntryPoint","urlTemplate":"https:\/\/kicka.eu\/sv\/?s={search_term_string}"},"query-input":"required name=search_term_string"}],"inLanguage":"sv-SE"},{"@type":"Organization","@id":"https:\/\/kicka.eu\/sv\/#organization","name":"Kicka","url":"https:\/\/kicka.eu\/sv\/","logo":{"@type":"ImageObject","inLanguage":"sv-SE","@id":"https:\/\/kicka.eu\/sv\/#\/schema\/logo\/image\/","url":"https:\/\/kicka.eu\/wp-content\/uploads\/2023\/08\/Kicka-Logo.png","contentUrl":"https:\/\/kicka.eu\/wp-content\/uploads\/2023\/08\/Kicka-Logo.png","width":233,"height":233,"caption":"Kicka"},"image":{"@id":"https:\/\/kicka.eu\/sv\/#\/schema\/logo\/image\/"}}]}},"_links":{"self":[{"href":"https:\/\/kicka.eu\/sv\/wp-json\/wp\/v2\/product\/41036","targetHints":{"allow":["GET"]}}],"collection":[{"href":"https:\/\/kicka.eu\/sv\/wp-json\/wp\/v2\/product"}],"about":[{"href":"https:\/\/kicka.eu\/sv\/wp-json\/wp\/v2\/types\/product"}],"replies":[{"embeddable":true,"href":"https:\/\/kicka.eu\/sv\/wp-json\/wp\/v2\/comments?post=41036"}],"wp:featuredmedia":[{"embeddable":true,"href":"https:\/\/kicka.eu\/sv\/wp-json\/wp\/v2\/media\/410"}],"wp:attachment":[{"href":"https:\/\/kicka.eu\/sv\/wp-json\/wp\/v2\/media?parent=41036"}],"wp:term":[{"taxonomy":"product_cat","embeddable":true,"href":"https:\/\/kicka.eu\/sv\/wp-json\/wp\/v2\/product_cat?post=41036"},{"taxonomy":"product_tag","embeddable":true,"href":"https:\/\/kicka.eu\/sv\/wp-json\/wp\/v2\/product_tag?post=41036"}],"curies":[{"name":"wp","href":"https:\/\/api.w.org\/{rel}","templated":true}]}}