{"id":41032,"date":"2023-05-18T22:26:55","date_gmt":"2023-05-18T20:26:55","guid":{"rendered":"https:\/\/kicka.eu\/product\/k-haring-rig-bla\/"},"modified":"2024-01-24T21:22:38","modified_gmt":"2024-01-24T20:22:38","slug":"k-haring-rig-bla","status":"publish","type":"product","link":"https:\/\/kicka.eu\/sv\/produkt\/k-haring-rig-bla\/","title":{"rendered":"K. Haring Rig Bl\u00e5"},"content":{"rendered":"","protected":false},"excerpt":{"rendered":"<p>P\u00e5verkad av popkonstikonen, Keith Haring, K.Haring Rigpar avancerad vattenfiltrering med o\u00f6vertr\u00e4ffad artistry. Denna del rymmer en turbinperkolator som genererar en fuktgivande cyklon av vatten f\u00f6r anm\u00e4rkningsv\u00e4rt coola drag. F\u00f6rutom ett inbyggt st\u00e4nkskydd \u00e4r riggen utrustad med 90-graders downstems och riktad carb-keps som ger dig fullst\u00e4ndig kontroll \u00f6ver luftfl\u00f6det.<\/p>\n<p>V\u00e4rmebest\u00e4ndiga m\u00f6nster \u00e4r hand applicerade p\u00e5 borosilikatglaskonstruktionen; Motsatta f\u00e4rger och svarta, dj\u00e4rva linjer ordnar harlings livliga estetiska. Den sp\u00e4nnande riggen \u00e4r klar med Keith Harings signatur.<\/p>\n<p>Harings signatur och briljant konstverk forts\u00e4tter p\u00e5 rigens l\u00e5da. F\u00f6rpackningens tjocka v\u00e4ggar och skuminsatser ger s\u00e4ker och s\u00e4ker lagring.<br \/>\nK. Haring Rig egenskaper<\/p>\n<p>    10,8 x 8,4 x 23,9 cm<br \/>\n    Ikonisk keith haring konstverk<br \/>\n    Hand applicerade, v\u00e4rmebest\u00e4ndiga m\u00f6nster<br \/>\n    90 \u00b0 downstem<br \/>\n    Turbinperkolator<br \/>\n    Ufo-stil riktad carb cap<br \/>\n    Flared hink<br \/>\n    Inbyggd st\u00e4nkskydd<br \/>\n    Borsilikatglas<\/p>\n","protected":false},"featured_media":408,"comment_status":"open","ping_status":"closed","template":"","meta":{"_acf_changed":false,"_et_pb_use_builder":"","_et_pb_old_content":"","_et_gb_content_width":"","om_disable_all_campaigns":false,"_monsterinsights_skip_tracking":false,"_monsterinsights_sitenote_active":false,"_monsterinsights_sitenote_note":"","_monsterinsights_sitenote_category":0,"_uf_show_specific_survey":0,"_uf_disable_surveys":false},"product_cat":[41],"product_tag":[54],"class_list":{"0":"post-41032","1":"product","2":"type-product","3":"status-publish","4":"has-post-thumbnail","6":"product_cat-glas","7":"product_tag-rig","8":"pa_varumarken-k-haring","10":"first","11":"instock","12":"taxable","13":"shipping-taxable","14":"purchasable","15":"product-type-simple"},"acf":[],"yoast_head":"<!-- This site is optimized with the Yoast SEO plugin v22.8 - https:\/\/yoast.com\/wordpress\/plugins\/seo\/ -->\n<title>K. Haring Rig Bl\u00e5 - Kicka<\/title>\n<meta name=\"robots\" content=\"index, follow, max-snippet:-1, max-image-preview:large, max-video-preview:-1\" \/>\n<link rel=\"canonical\" href=\"https:\/\/kicka.eu\/sv\/produkt\/k-haring-rig-bla\/\" \/>\n<meta property=\"og:locale\" content=\"sv_SE\" \/>\n<meta property=\"og:type\" content=\"article\" \/>\n<meta property=\"og:title\" content=\"K. Haring Rig Bl\u00e5 - Kicka\" \/>\n<meta property=\"og:description\" content=\"P\u00e5verkad av popkonstikonen, Keith Haring, K.Haring Rigpar avancerad vattenfiltrering med o\u00f6vertr\u00e4ffad artistry. Denna del rymmer en turbinperkolator som genererar en fuktgivande cyklon av vatten f\u00f6r anm\u00e4rkningsv\u00e4rt coola drag. F\u00f6rutom ett inbyggt st\u00e4nkskydd \u00e4r riggen utrustad med 90-graders downstems och riktad carb-keps som ger dig fullst\u00e4ndig kontroll \u00f6ver luftfl\u00f6det.  V\u00e4rmebest\u00e4ndiga m\u00f6nster \u00e4r hand applicerade p\u00e5 borosilikatglaskonstruktionen; Motsatta f\u00e4rger och svarta, dj\u00e4rva linjer ordnar harlings livliga estetiska. Den sp\u00e4nnande riggen \u00e4r klar med Keith Harings signatur.  Harings signatur och briljant konstverk forts\u00e4tter p\u00e5 rigens l\u00e5da. F\u00f6rpackningens tjocka v\u00e4ggar och skuminsatser ger s\u00e4ker och s\u00e4ker lagring. K. Haring Rig egenskaper    10,8 x 8,4 x 23,9 cm   Ikonisk keith haring konstverk   Hand applicerade, v\u00e4rmebest\u00e4ndiga m\u00f6nster   90 \u00b0 downstem   Turbinperkolator   Ufo-stil riktad carb cap   Flared hink   Inbyggd st\u00e4nkskydd   Borsilikatglas\" \/>\n<meta property=\"og:url\" content=\"https:\/\/kicka.eu\/sv\/produkt\/k-haring-rig-bla\/\" \/>\n<meta property=\"og:site_name\" content=\"Kicka\" \/>\n<meta property=\"article:modified_time\" content=\"2024-01-24T20:22:38+00:00\" \/>\n<meta property=\"og:image\" content=\"https:\/\/kicka.eu\/wp-content\/uploads\/2022\/03\/18826.jpeg\" \/>\n\t<meta property=\"og:image:width\" content=\"800\" \/>\n\t<meta property=\"og:image:height\" content=\"800\" \/>\n\t<meta property=\"og:image:type\" content=\"image\/jpeg\" \/>\n<meta name=\"twitter:card\" content=\"summary_large_image\" \/>\n<script type=\"application\/ld+json\" class=\"yoast-schema-graph\">{\"@context\":\"https:\/\/schema.org\",\"@graph\":[{\"@type\":\"WebPage\",\"@id\":\"https:\/\/kicka.eu\/sv\/produkt\/k-haring-rig-bla\/\",\"url\":\"https:\/\/kicka.eu\/sv\/produkt\/k-haring-rig-bla\/\",\"name\":\"K. Haring Rig Bl\u00e5 - Kicka\",\"isPartOf\":{\"@id\":\"https:\/\/kicka.eu\/sv\/#website\"},\"primaryImageOfPage\":{\"@id\":\"https:\/\/kicka.eu\/sv\/produkt\/k-haring-rig-bla\/#primaryimage\"},\"image\":{\"@id\":\"https:\/\/kicka.eu\/sv\/produkt\/k-haring-rig-bla\/#primaryimage\"},\"thumbnailUrl\":\"https:\/\/kicka.eu\/wp-content\/uploads\/2022\/03\/18826.jpeg\",\"datePublished\":\"2023-05-18T20:26:55+00:00\",\"dateModified\":\"2024-01-24T20:22:38+00:00\",\"breadcrumb\":{\"@id\":\"https:\/\/kicka.eu\/sv\/produkt\/k-haring-rig-bla\/#breadcrumb\"},\"inLanguage\":\"sv-SE\",\"potentialAction\":[{\"@type\":\"ReadAction\",\"target\":[\"https:\/\/kicka.eu\/sv\/produkt\/k-haring-rig-bla\/\"]}]},{\"@type\":\"ImageObject\",\"inLanguage\":\"sv-SE\",\"@id\":\"https:\/\/kicka.eu\/sv\/produkt\/k-haring-rig-bla\/#primaryimage\",\"url\":\"https:\/\/kicka.eu\/wp-content\/uploads\/2022\/03\/18826.jpeg\",\"contentUrl\":\"https:\/\/kicka.eu\/wp-content\/uploads\/2022\/03\/18826.jpeg\",\"width\":800,\"height\":800},{\"@type\":\"BreadcrumbList\",\"@id\":\"https:\/\/kicka.eu\/sv\/produkt\/k-haring-rig-bla\/#breadcrumb\",\"itemListElement\":[{\"@type\":\"ListItem\",\"position\":1,\"name\":\"Home\",\"item\":\"https:\/\/kicka.eu\/sv\/\"},{\"@type\":\"ListItem\",\"position\":2,\"name\":\"Shop\",\"item\":\"https:\/\/kicka.eu\/sv\/shop\/\"},{\"@type\":\"ListItem\",\"position\":3,\"name\":\"K. Haring Rig Bl\u00e5\"}]},{\"@type\":\"WebSite\",\"@id\":\"https:\/\/kicka.eu\/sv\/#website\",\"url\":\"https:\/\/kicka.eu\/sv\/\",\"name\":\"Kicka\",\"description\":\"Online Headshop\",\"publisher\":{\"@id\":\"https:\/\/kicka.eu\/sv\/#organization\"},\"potentialAction\":[{\"@type\":\"SearchAction\",\"target\":{\"@type\":\"EntryPoint\",\"urlTemplate\":\"https:\/\/kicka.eu\/sv\/?s={search_term_string}\"},\"query-input\":\"required name=search_term_string\"}],\"inLanguage\":\"sv-SE\"},{\"@type\":\"Organization\",\"@id\":\"https:\/\/kicka.eu\/sv\/#organization\",\"name\":\"Kicka\",\"url\":\"https:\/\/kicka.eu\/sv\/\",\"logo\":{\"@type\":\"ImageObject\",\"inLanguage\":\"sv-SE\",\"@id\":\"https:\/\/kicka.eu\/sv\/#\/schema\/logo\/image\/\",\"url\":\"https:\/\/kicka.eu\/wp-content\/uploads\/2023\/08\/Kicka-Logo.png\",\"contentUrl\":\"https:\/\/kicka.eu\/wp-content\/uploads\/2023\/08\/Kicka-Logo.png\",\"width\":233,\"height\":233,\"caption\":\"Kicka\"},\"image\":{\"@id\":\"https:\/\/kicka.eu\/sv\/#\/schema\/logo\/image\/\"}}]}<\/script>\n<!-- \/ Yoast SEO plugin. -->","yoast_head_json":{"title":"K. Haring Rig Bl\u00e5 - Kicka","robots":{"index":"index","follow":"follow","max-snippet":"max-snippet:-1","max-image-preview":"max-image-preview:large","max-video-preview":"max-video-preview:-1"},"canonical":"https:\/\/kicka.eu\/sv\/produkt\/k-haring-rig-bla\/","og_locale":"sv_SE","og_type":"article","og_title":"K. Haring Rig Bl\u00e5 - Kicka","og_description":"P\u00e5verkad av popkonstikonen, Keith Haring, K.Haring Rigpar avancerad vattenfiltrering med o\u00f6vertr\u00e4ffad artistry. Denna del rymmer en turbinperkolator som genererar en fuktgivande cyklon av vatten f\u00f6r anm\u00e4rkningsv\u00e4rt coola drag. F\u00f6rutom ett inbyggt st\u00e4nkskydd \u00e4r riggen utrustad med 90-graders downstems och riktad carb-keps som ger dig fullst\u00e4ndig kontroll \u00f6ver luftfl\u00f6det.  V\u00e4rmebest\u00e4ndiga m\u00f6nster \u00e4r hand applicerade p\u00e5 borosilikatglaskonstruktionen; Motsatta f\u00e4rger och svarta, dj\u00e4rva linjer ordnar harlings livliga estetiska. Den sp\u00e4nnande riggen \u00e4r klar med Keith Harings signatur.  Harings signatur och briljant konstverk forts\u00e4tter p\u00e5 rigens l\u00e5da. F\u00f6rpackningens tjocka v\u00e4ggar och skuminsatser ger s\u00e4ker och s\u00e4ker lagring. K. Haring Rig egenskaper    10,8 x 8,4 x 23,9 cm   Ikonisk keith haring konstverk   Hand applicerade, v\u00e4rmebest\u00e4ndiga m\u00f6nster   90 \u00b0 downstem   Turbinperkolator   Ufo-stil riktad carb cap   Flared hink   Inbyggd st\u00e4nkskydd   Borsilikatglas","og_url":"https:\/\/kicka.eu\/sv\/produkt\/k-haring-rig-bla\/","og_site_name":"Kicka","article_modified_time":"2024-01-24T20:22:38+00:00","og_image":[{"width":800,"height":800,"url":"https:\/\/kicka.eu\/wp-content\/uploads\/2022\/03\/18826.jpeg","type":"image\/jpeg"}],"twitter_card":"summary_large_image","schema":{"@context":"https:\/\/schema.org","@graph":[{"@type":"WebPage","@id":"https:\/\/kicka.eu\/sv\/produkt\/k-haring-rig-bla\/","url":"https:\/\/kicka.eu\/sv\/produkt\/k-haring-rig-bla\/","name":"K. Haring Rig Bl\u00e5 - Kicka","isPartOf":{"@id":"https:\/\/kicka.eu\/sv\/#website"},"primaryImageOfPage":{"@id":"https:\/\/kicka.eu\/sv\/produkt\/k-haring-rig-bla\/#primaryimage"},"image":{"@id":"https:\/\/kicka.eu\/sv\/produkt\/k-haring-rig-bla\/#primaryimage"},"thumbnailUrl":"https:\/\/kicka.eu\/wp-content\/uploads\/2022\/03\/18826.jpeg","datePublished":"2023-05-18T20:26:55+00:00","dateModified":"2024-01-24T20:22:38+00:00","breadcrumb":{"@id":"https:\/\/kicka.eu\/sv\/produkt\/k-haring-rig-bla\/#breadcrumb"},"inLanguage":"sv-SE","potentialAction":[{"@type":"ReadAction","target":["https:\/\/kicka.eu\/sv\/produkt\/k-haring-rig-bla\/"]}]},{"@type":"ImageObject","inLanguage":"sv-SE","@id":"https:\/\/kicka.eu\/sv\/produkt\/k-haring-rig-bla\/#primaryimage","url":"https:\/\/kicka.eu\/wp-content\/uploads\/2022\/03\/18826.jpeg","contentUrl":"https:\/\/kicka.eu\/wp-content\/uploads\/2022\/03\/18826.jpeg","width":800,"height":800},{"@type":"BreadcrumbList","@id":"https:\/\/kicka.eu\/sv\/produkt\/k-haring-rig-bla\/#breadcrumb","itemListElement":[{"@type":"ListItem","position":1,"name":"Home","item":"https:\/\/kicka.eu\/sv\/"},{"@type":"ListItem","position":2,"name":"Shop","item":"https:\/\/kicka.eu\/sv\/shop\/"},{"@type":"ListItem","position":3,"name":"K. Haring Rig Bl\u00e5"}]},{"@type":"WebSite","@id":"https:\/\/kicka.eu\/sv\/#website","url":"https:\/\/kicka.eu\/sv\/","name":"Kicka","description":"Online Headshop","publisher":{"@id":"https:\/\/kicka.eu\/sv\/#organization"},"potentialAction":[{"@type":"SearchAction","target":{"@type":"EntryPoint","urlTemplate":"https:\/\/kicka.eu\/sv\/?s={search_term_string}"},"query-input":"required name=search_term_string"}],"inLanguage":"sv-SE"},{"@type":"Organization","@id":"https:\/\/kicka.eu\/sv\/#organization","name":"Kicka","url":"https:\/\/kicka.eu\/sv\/","logo":{"@type":"ImageObject","inLanguage":"sv-SE","@id":"https:\/\/kicka.eu\/sv\/#\/schema\/logo\/image\/","url":"https:\/\/kicka.eu\/wp-content\/uploads\/2023\/08\/Kicka-Logo.png","contentUrl":"https:\/\/kicka.eu\/wp-content\/uploads\/2023\/08\/Kicka-Logo.png","width":233,"height":233,"caption":"Kicka"},"image":{"@id":"https:\/\/kicka.eu\/sv\/#\/schema\/logo\/image\/"}}]}},"_links":{"self":[{"href":"https:\/\/kicka.eu\/sv\/wp-json\/wp\/v2\/product\/41032","targetHints":{"allow":["GET"]}}],"collection":[{"href":"https:\/\/kicka.eu\/sv\/wp-json\/wp\/v2\/product"}],"about":[{"href":"https:\/\/kicka.eu\/sv\/wp-json\/wp\/v2\/types\/product"}],"replies":[{"embeddable":true,"href":"https:\/\/kicka.eu\/sv\/wp-json\/wp\/v2\/comments?post=41032"}],"wp:featuredmedia":[{"embeddable":true,"href":"https:\/\/kicka.eu\/sv\/wp-json\/wp\/v2\/media\/408"}],"wp:attachment":[{"href":"https:\/\/kicka.eu\/sv\/wp-json\/wp\/v2\/media?parent=41032"}],"wp:term":[{"taxonomy":"product_cat","embeddable":true,"href":"https:\/\/kicka.eu\/sv\/wp-json\/wp\/v2\/product_cat?post=41032"},{"taxonomy":"product_tag","embeddable":true,"href":"https:\/\/kicka.eu\/sv\/wp-json\/wp\/v2\/product_tag?post=41032"}],"curies":[{"name":"wp","href":"https:\/\/api.w.org\/{rel}","templated":true}]}}