{"id":41021,"date":"2023-05-18T22:26:53","date_gmt":"2023-05-18T20:26:53","guid":{"rendered":"https:\/\/kicka.eu\/product\/k-haring-catchall-angel\/"},"modified":"2024-01-24T21:27:43","modified_gmt":"2024-01-24T20:27:43","slug":"k-haring-catchall-angel","status":"publish","type":"product","link":"https:\/\/kicka.eu\/sv\/produkt\/k-haring-catchall-angel\/","title":{"rendered":"K. Haring Catchall Angel"},"content":{"rendered":"","protected":false},"excerpt":{"rendered":"<p>Keith Haring&#8217;s enorma inflytande p\u00e5 popkonst och gatukonstkultur str\u00e4cker sig till den f\u00e4ngslande K.Haring Angel Catchall. Harings omedelbart igenk\u00e4nnliga &#8221;\u00e4ngel&#8221; -symbol pressas i kristallglaskonstruktionen och inramad med branta, v\u00e5giga v\u00e4ggar som \u00e4r perfekta f\u00f6r boende med r\u00f6kare och sm\u00e5 f\u00f6rem\u00e5l. Detta handpolerade catchall \u00e4r f\u00e4rdig med Haring&#8217;s laser-graverade signatur.<\/p>\n<p>Angel Catchall \u00e4r f\u00f6rpackad i en l\u00e5da som \u00e4r berikad med Haring&#8217;s Artistry och signatur.<br \/>\nK. Haring Angel CatchAlla egenskaper<\/p>\n<p>    10 x 12,7 x 3,5 cm<br \/>\n    Ikonisk keith haring konstverk<br \/>\n    Pressformad design<br \/>\n    6 mm tjockt kristallglas<br \/>\n    Laser-graverad logotyp<br \/>\n    V\u00e4rmebest\u00e4ndig konstruktion<br \/>\n    Handpolerad<\/p>\n","protected":false},"featured_media":416,"comment_status":"open","ping_status":"closed","template":"","meta":{"_acf_changed":false,"_et_pb_use_builder":"","_et_pb_old_content":"","_et_gb_content_width":"","om_disable_all_campaigns":false,"_monsterinsights_skip_tracking":false,"_monsterinsights_sitenote_active":false,"_monsterinsights_sitenote_note":"","_monsterinsights_sitenote_category":0,"_uf_show_specific_survey":0,"_uf_disable_surveys":false},"product_cat":[30],"product_tag":[36],"class_list":{"0":"post-41021","1":"product","2":"type-product","3":"status-publish","4":"has-post-thumbnail","6":"product_cat-tillbehor","7":"product_tag-forvaring","8":"pa_varumarken-k-haring","10":"first","11":"instock","12":"taxable","13":"shipping-taxable","14":"purchasable","15":"product-type-simple"},"acf":[],"yoast_head":"<!-- This site is optimized with the Yoast SEO plugin v22.8 - https:\/\/yoast.com\/wordpress\/plugins\/seo\/ -->\n<title>K. Haring Catchall Angel - Kicka<\/title>\n<meta name=\"robots\" content=\"index, follow, max-snippet:-1, max-image-preview:large, max-video-preview:-1\" \/>\n<link rel=\"canonical\" href=\"https:\/\/kicka.eu\/sv\/produkt\/k-haring-catchall-angel\/\" \/>\n<meta property=\"og:locale\" content=\"sv_SE\" \/>\n<meta property=\"og:type\" content=\"article\" \/>\n<meta property=\"og:title\" content=\"K. Haring Catchall Angel - Kicka\" \/>\n<meta property=\"og:description\" content=\"Keith Haring&#039;s enorma inflytande p\u00e5 popkonst och gatukonstkultur str\u00e4cker sig till den f\u00e4ngslande K.Haring Angel Catchall. Harings omedelbart igenk\u00e4nnliga &quot;\u00e4ngel&quot; -symbol pressas i kristallglaskonstruktionen och inramad med branta, v\u00e5giga v\u00e4ggar som \u00e4r perfekta f\u00f6r boende med r\u00f6kare och sm\u00e5 f\u00f6rem\u00e5l. Detta handpolerade catchall \u00e4r f\u00e4rdig med Haring&#039;s laser-graverade signatur.  Angel Catchall \u00e4r f\u00f6rpackad i en l\u00e5da som \u00e4r berikad med Haring&#039;s Artistry och signatur. K. Haring Angel CatchAlla egenskaper    10 x 12,7 x 3,5 cm   Ikonisk keith haring konstverk   Pressformad design   6 mm tjockt kristallglas   Laser-graverad logotyp   V\u00e4rmebest\u00e4ndig konstruktion   Handpolerad\" \/>\n<meta property=\"og:url\" content=\"https:\/\/kicka.eu\/sv\/produkt\/k-haring-catchall-angel\/\" \/>\n<meta property=\"og:site_name\" content=\"Kicka\" \/>\n<meta property=\"article:modified_time\" content=\"2024-01-24T20:27:43+00:00\" \/>\n<meta property=\"og:image\" content=\"https:\/\/kicka.eu\/wp-content\/uploads\/2022\/03\/18835.jpeg\" \/>\n\t<meta property=\"og:image:width\" content=\"800\" \/>\n\t<meta property=\"og:image:height\" content=\"800\" \/>\n\t<meta property=\"og:image:type\" content=\"image\/jpeg\" \/>\n<meta name=\"twitter:card\" content=\"summary_large_image\" \/>\n<script type=\"application\/ld+json\" class=\"yoast-schema-graph\">{\"@context\":\"https:\/\/schema.org\",\"@graph\":[{\"@type\":\"WebPage\",\"@id\":\"https:\/\/kicka.eu\/sv\/produkt\/k-haring-catchall-angel\/\",\"url\":\"https:\/\/kicka.eu\/sv\/produkt\/k-haring-catchall-angel\/\",\"name\":\"K. Haring Catchall Angel - Kicka\",\"isPartOf\":{\"@id\":\"https:\/\/kicka.eu\/sv\/#website\"},\"primaryImageOfPage\":{\"@id\":\"https:\/\/kicka.eu\/sv\/produkt\/k-haring-catchall-angel\/#primaryimage\"},\"image\":{\"@id\":\"https:\/\/kicka.eu\/sv\/produkt\/k-haring-catchall-angel\/#primaryimage\"},\"thumbnailUrl\":\"https:\/\/kicka.eu\/wp-content\/uploads\/2022\/03\/18835.jpeg\",\"datePublished\":\"2023-05-18T20:26:53+00:00\",\"dateModified\":\"2024-01-24T20:27:43+00:00\",\"breadcrumb\":{\"@id\":\"https:\/\/kicka.eu\/sv\/produkt\/k-haring-catchall-angel\/#breadcrumb\"},\"inLanguage\":\"sv-SE\",\"potentialAction\":[{\"@type\":\"ReadAction\",\"target\":[\"https:\/\/kicka.eu\/sv\/produkt\/k-haring-catchall-angel\/\"]}]},{\"@type\":\"ImageObject\",\"inLanguage\":\"sv-SE\",\"@id\":\"https:\/\/kicka.eu\/sv\/produkt\/k-haring-catchall-angel\/#primaryimage\",\"url\":\"https:\/\/kicka.eu\/wp-content\/uploads\/2022\/03\/18835.jpeg\",\"contentUrl\":\"https:\/\/kicka.eu\/wp-content\/uploads\/2022\/03\/18835.jpeg\",\"width\":800,\"height\":800},{\"@type\":\"BreadcrumbList\",\"@id\":\"https:\/\/kicka.eu\/sv\/produkt\/k-haring-catchall-angel\/#breadcrumb\",\"itemListElement\":[{\"@type\":\"ListItem\",\"position\":1,\"name\":\"Home\",\"item\":\"https:\/\/kicka.eu\/sv\/\"},{\"@type\":\"ListItem\",\"position\":2,\"name\":\"Shop\",\"item\":\"https:\/\/kicka.eu\/sv\/shop\/\"},{\"@type\":\"ListItem\",\"position\":3,\"name\":\"K. Haring Catchall Angel\"}]},{\"@type\":\"WebSite\",\"@id\":\"https:\/\/kicka.eu\/sv\/#website\",\"url\":\"https:\/\/kicka.eu\/sv\/\",\"name\":\"Kicka\",\"description\":\"Online Headshop\",\"publisher\":{\"@id\":\"https:\/\/kicka.eu\/sv\/#organization\"},\"potentialAction\":[{\"@type\":\"SearchAction\",\"target\":{\"@type\":\"EntryPoint\",\"urlTemplate\":\"https:\/\/kicka.eu\/sv\/?s={search_term_string}\"},\"query-input\":\"required name=search_term_string\"}],\"inLanguage\":\"sv-SE\"},{\"@type\":\"Organization\",\"@id\":\"https:\/\/kicka.eu\/sv\/#organization\",\"name\":\"Kicka\",\"url\":\"https:\/\/kicka.eu\/sv\/\",\"logo\":{\"@type\":\"ImageObject\",\"inLanguage\":\"sv-SE\",\"@id\":\"https:\/\/kicka.eu\/sv\/#\/schema\/logo\/image\/\",\"url\":\"https:\/\/kicka.eu\/wp-content\/uploads\/2023\/08\/Kicka-Logo.png\",\"contentUrl\":\"https:\/\/kicka.eu\/wp-content\/uploads\/2023\/08\/Kicka-Logo.png\",\"width\":233,\"height\":233,\"caption\":\"Kicka\"},\"image\":{\"@id\":\"https:\/\/kicka.eu\/sv\/#\/schema\/logo\/image\/\"}}]}<\/script>\n<!-- \/ Yoast SEO plugin. -->","yoast_head_json":{"title":"K. Haring Catchall Angel - Kicka","robots":{"index":"index","follow":"follow","max-snippet":"max-snippet:-1","max-image-preview":"max-image-preview:large","max-video-preview":"max-video-preview:-1"},"canonical":"https:\/\/kicka.eu\/sv\/produkt\/k-haring-catchall-angel\/","og_locale":"sv_SE","og_type":"article","og_title":"K. Haring Catchall Angel - Kicka","og_description":"Keith Haring's enorma inflytande p\u00e5 popkonst och gatukonstkultur str\u00e4cker sig till den f\u00e4ngslande K.Haring Angel Catchall. Harings omedelbart igenk\u00e4nnliga \"\u00e4ngel\" -symbol pressas i kristallglaskonstruktionen och inramad med branta, v\u00e5giga v\u00e4ggar som \u00e4r perfekta f\u00f6r boende med r\u00f6kare och sm\u00e5 f\u00f6rem\u00e5l. Detta handpolerade catchall \u00e4r f\u00e4rdig med Haring's laser-graverade signatur.  Angel Catchall \u00e4r f\u00f6rpackad i en l\u00e5da som \u00e4r berikad med Haring's Artistry och signatur. K. Haring Angel CatchAlla egenskaper    10 x 12,7 x 3,5 cm   Ikonisk keith haring konstverk   Pressformad design   6 mm tjockt kristallglas   Laser-graverad logotyp   V\u00e4rmebest\u00e4ndig konstruktion   Handpolerad","og_url":"https:\/\/kicka.eu\/sv\/produkt\/k-haring-catchall-angel\/","og_site_name":"Kicka","article_modified_time":"2024-01-24T20:27:43+00:00","og_image":[{"width":800,"height":800,"url":"https:\/\/kicka.eu\/wp-content\/uploads\/2022\/03\/18835.jpeg","type":"image\/jpeg"}],"twitter_card":"summary_large_image","schema":{"@context":"https:\/\/schema.org","@graph":[{"@type":"WebPage","@id":"https:\/\/kicka.eu\/sv\/produkt\/k-haring-catchall-angel\/","url":"https:\/\/kicka.eu\/sv\/produkt\/k-haring-catchall-angel\/","name":"K. Haring Catchall Angel - Kicka","isPartOf":{"@id":"https:\/\/kicka.eu\/sv\/#website"},"primaryImageOfPage":{"@id":"https:\/\/kicka.eu\/sv\/produkt\/k-haring-catchall-angel\/#primaryimage"},"image":{"@id":"https:\/\/kicka.eu\/sv\/produkt\/k-haring-catchall-angel\/#primaryimage"},"thumbnailUrl":"https:\/\/kicka.eu\/wp-content\/uploads\/2022\/03\/18835.jpeg","datePublished":"2023-05-18T20:26:53+00:00","dateModified":"2024-01-24T20:27:43+00:00","breadcrumb":{"@id":"https:\/\/kicka.eu\/sv\/produkt\/k-haring-catchall-angel\/#breadcrumb"},"inLanguage":"sv-SE","potentialAction":[{"@type":"ReadAction","target":["https:\/\/kicka.eu\/sv\/produkt\/k-haring-catchall-angel\/"]}]},{"@type":"ImageObject","inLanguage":"sv-SE","@id":"https:\/\/kicka.eu\/sv\/produkt\/k-haring-catchall-angel\/#primaryimage","url":"https:\/\/kicka.eu\/wp-content\/uploads\/2022\/03\/18835.jpeg","contentUrl":"https:\/\/kicka.eu\/wp-content\/uploads\/2022\/03\/18835.jpeg","width":800,"height":800},{"@type":"BreadcrumbList","@id":"https:\/\/kicka.eu\/sv\/produkt\/k-haring-catchall-angel\/#breadcrumb","itemListElement":[{"@type":"ListItem","position":1,"name":"Home","item":"https:\/\/kicka.eu\/sv\/"},{"@type":"ListItem","position":2,"name":"Shop","item":"https:\/\/kicka.eu\/sv\/shop\/"},{"@type":"ListItem","position":3,"name":"K. Haring Catchall Angel"}]},{"@type":"WebSite","@id":"https:\/\/kicka.eu\/sv\/#website","url":"https:\/\/kicka.eu\/sv\/","name":"Kicka","description":"Online Headshop","publisher":{"@id":"https:\/\/kicka.eu\/sv\/#organization"},"potentialAction":[{"@type":"SearchAction","target":{"@type":"EntryPoint","urlTemplate":"https:\/\/kicka.eu\/sv\/?s={search_term_string}"},"query-input":"required name=search_term_string"}],"inLanguage":"sv-SE"},{"@type":"Organization","@id":"https:\/\/kicka.eu\/sv\/#organization","name":"Kicka","url":"https:\/\/kicka.eu\/sv\/","logo":{"@type":"ImageObject","inLanguage":"sv-SE","@id":"https:\/\/kicka.eu\/sv\/#\/schema\/logo\/image\/","url":"https:\/\/kicka.eu\/wp-content\/uploads\/2023\/08\/Kicka-Logo.png","contentUrl":"https:\/\/kicka.eu\/wp-content\/uploads\/2023\/08\/Kicka-Logo.png","width":233,"height":233,"caption":"Kicka"},"image":{"@id":"https:\/\/kicka.eu\/sv\/#\/schema\/logo\/image\/"}}]}},"_links":{"self":[{"href":"https:\/\/kicka.eu\/sv\/wp-json\/wp\/v2\/product\/41021","targetHints":{"allow":["GET"]}}],"collection":[{"href":"https:\/\/kicka.eu\/sv\/wp-json\/wp\/v2\/product"}],"about":[{"href":"https:\/\/kicka.eu\/sv\/wp-json\/wp\/v2\/types\/product"}],"replies":[{"embeddable":true,"href":"https:\/\/kicka.eu\/sv\/wp-json\/wp\/v2\/comments?post=41021"}],"wp:featuredmedia":[{"embeddable":true,"href":"https:\/\/kicka.eu\/sv\/wp-json\/wp\/v2\/media\/416"}],"wp:attachment":[{"href":"https:\/\/kicka.eu\/sv\/wp-json\/wp\/v2\/media?parent=41021"}],"wp:term":[{"taxonomy":"product_cat","embeddable":true,"href":"https:\/\/kicka.eu\/sv\/wp-json\/wp\/v2\/product_cat?post=41021"},{"taxonomy":"product_tag","embeddable":true,"href":"https:\/\/kicka.eu\/sv\/wp-json\/wp\/v2\/product_tag?post=41021"}],"curies":[{"name":"wp","href":"https:\/\/api.w.org\/{rel}","templated":true}]}}