{"id":41012,"date":"2023-05-18T22:26:51","date_gmt":"2023-05-18T20:26:51","guid":{"rendered":"https:\/\/kicka.eu\/product\/juicy-jays-kingsize-bubblegum\/"},"modified":"2024-01-24T21:32:55","modified_gmt":"2024-01-24T20:32:55","slug":"juicy-jays-kingsize-bubblegum","status":"publish","type":"product","link":"https:\/\/kicka.eu\/sv\/produkt\/juicy-jays-kingsize-bubblegum\/","title":{"rendered":"Juicy Jay&#8217;s Kingsize Bubblegum"},"content":{"rendered":"","protected":false},"excerpt":{"rendered":"<p>Juicy Jay&#8217;s KingSize Slim Bubblegum Flavored Rolling Papers \u00e4r ett bra s\u00e4tt jazz upp din r\u00f6k. Juicy Jay har beh\u00e4rskat ett &#8221;triple dip&#8221; -system som producerar ett king size smal rullande papper som infunderas med en munvatten bl\u00e5b\u00e4rsmak. Med hj\u00e4lp av sojabaserad bl\u00e4ck f\u00f6r att ge papperet ett attraktivt pulserande utseende och naturlig sockergummi, saftiga JAYs KingSize Slim-papper l\u00e4mnar en s\u00f6t smak p\u00e5 dina l\u00e4ppar och producerar en flavorsome r\u00f6k.<\/p>\n","protected":false},"featured_media":590,"comment_status":"open","ping_status":"closed","template":"","meta":{"_acf_changed":false,"_et_pb_use_builder":"","_et_pb_old_content":"","_et_gb_content_width":"","om_disable_all_campaigns":false,"_monsterinsights_skip_tracking":false,"_monsterinsights_sitenote_active":false,"_monsterinsights_sitenote_note":"","_monsterinsights_sitenote_category":0,"_uf_show_specific_survey":0,"_uf_disable_surveys":false},"product_cat":[32],"product_tag":[33],"class_list":{"0":"post-41012","1":"product","2":"type-product","3":"status-publish","4":"has-post-thumbnail","6":"product_cat-rullning","7":"product_tag-rullpapper","8":"pa_varumarken-juicy-jays","10":"first","11":"instock","12":"taxable","13":"shipping-taxable","14":"purchasable","15":"product-type-simple"},"acf":[],"yoast_head":"<!-- This site is optimized with the Yoast SEO plugin v22.8 - https:\/\/yoast.com\/wordpress\/plugins\/seo\/ -->\n<title>Juicy Jay&#039;s Kingsize Bubblegum - Kicka<\/title>\n<meta name=\"robots\" content=\"index, follow, max-snippet:-1, max-image-preview:large, max-video-preview:-1\" \/>\n<link rel=\"canonical\" href=\"https:\/\/kicka.eu\/sv\/produkt\/juicy-jays-kingsize-bubblegum\/\" \/>\n<meta property=\"og:locale\" content=\"sv_SE\" \/>\n<meta property=\"og:type\" content=\"article\" \/>\n<meta property=\"og:title\" content=\"Juicy Jay&#039;s Kingsize Bubblegum - Kicka\" \/>\n<meta property=\"og:description\" content=\"Juicy Jay&#039;s KingSize Slim Bubblegum Flavored Rolling Papers \u00e4r ett bra s\u00e4tt jazz upp din r\u00f6k. Juicy Jay har beh\u00e4rskat ett &quot;triple dip&quot; -system som producerar ett king size smal rullande papper som infunderas med en munvatten bl\u00e5b\u00e4rsmak. Med hj\u00e4lp av sojabaserad bl\u00e4ck f\u00f6r att ge papperet ett attraktivt pulserande utseende och naturlig sockergummi, saftiga JAYs KingSize Slim-papper l\u00e4mnar en s\u00f6t smak p\u00e5 dina l\u00e4ppar och producerar en flavorsome r\u00f6k.\" \/>\n<meta property=\"og:url\" content=\"https:\/\/kicka.eu\/sv\/produkt\/juicy-jays-kingsize-bubblegum\/\" \/>\n<meta property=\"og:site_name\" content=\"Kicka\" \/>\n<meta property=\"article:modified_time\" content=\"2024-01-24T20:32:55+00:00\" \/>\n<meta property=\"og:image\" content=\"https:\/\/kicka.eu\/wp-content\/uploads\/2022\/03\/RL2449.jpeg\" \/>\n\t<meta property=\"og:image:width\" content=\"850\" \/>\n\t<meta property=\"og:image:height\" content=\"850\" \/>\n\t<meta property=\"og:image:type\" content=\"image\/jpeg\" \/>\n<meta name=\"twitter:card\" content=\"summary_large_image\" \/>\n<script type=\"application\/ld+json\" class=\"yoast-schema-graph\">{\"@context\":\"https:\/\/schema.org\",\"@graph\":[{\"@type\":\"WebPage\",\"@id\":\"https:\/\/kicka.eu\/sv\/produkt\/juicy-jays-kingsize-bubblegum\/\",\"url\":\"https:\/\/kicka.eu\/sv\/produkt\/juicy-jays-kingsize-bubblegum\/\",\"name\":\"Juicy Jay's Kingsize Bubblegum - Kicka\",\"isPartOf\":{\"@id\":\"https:\/\/kicka.eu\/sv\/#website\"},\"primaryImageOfPage\":{\"@id\":\"https:\/\/kicka.eu\/sv\/produkt\/juicy-jays-kingsize-bubblegum\/#primaryimage\"},\"image\":{\"@id\":\"https:\/\/kicka.eu\/sv\/produkt\/juicy-jays-kingsize-bubblegum\/#primaryimage\"},\"thumbnailUrl\":\"https:\/\/kicka.eu\/wp-content\/uploads\/2022\/03\/RL2449.jpeg\",\"datePublished\":\"2023-05-18T20:26:51+00:00\",\"dateModified\":\"2024-01-24T20:32:55+00:00\",\"breadcrumb\":{\"@id\":\"https:\/\/kicka.eu\/sv\/produkt\/juicy-jays-kingsize-bubblegum\/#breadcrumb\"},\"inLanguage\":\"sv-SE\",\"potentialAction\":[{\"@type\":\"ReadAction\",\"target\":[\"https:\/\/kicka.eu\/sv\/produkt\/juicy-jays-kingsize-bubblegum\/\"]}]},{\"@type\":\"ImageObject\",\"inLanguage\":\"sv-SE\",\"@id\":\"https:\/\/kicka.eu\/sv\/produkt\/juicy-jays-kingsize-bubblegum\/#primaryimage\",\"url\":\"https:\/\/kicka.eu\/wp-content\/uploads\/2022\/03\/RL2449.jpeg\",\"contentUrl\":\"https:\/\/kicka.eu\/wp-content\/uploads\/2022\/03\/RL2449.jpeg\",\"width\":850,\"height\":850},{\"@type\":\"BreadcrumbList\",\"@id\":\"https:\/\/kicka.eu\/sv\/produkt\/juicy-jays-kingsize-bubblegum\/#breadcrumb\",\"itemListElement\":[{\"@type\":\"ListItem\",\"position\":1,\"name\":\"Home\",\"item\":\"https:\/\/kicka.eu\/sv\/\"},{\"@type\":\"ListItem\",\"position\":2,\"name\":\"Shop\",\"item\":\"https:\/\/kicka.eu\/sv\/shop\/\"},{\"@type\":\"ListItem\",\"position\":3,\"name\":\"Juicy Jay&#8217;s Kingsize Bubblegum\"}]},{\"@type\":\"WebSite\",\"@id\":\"https:\/\/kicka.eu\/sv\/#website\",\"url\":\"https:\/\/kicka.eu\/sv\/\",\"name\":\"Kicka\",\"description\":\"Online Headshop\",\"publisher\":{\"@id\":\"https:\/\/kicka.eu\/sv\/#organization\"},\"potentialAction\":[{\"@type\":\"SearchAction\",\"target\":{\"@type\":\"EntryPoint\",\"urlTemplate\":\"https:\/\/kicka.eu\/sv\/?s={search_term_string}\"},\"query-input\":\"required name=search_term_string\"}],\"inLanguage\":\"sv-SE\"},{\"@type\":\"Organization\",\"@id\":\"https:\/\/kicka.eu\/sv\/#organization\",\"name\":\"Kicka\",\"url\":\"https:\/\/kicka.eu\/sv\/\",\"logo\":{\"@type\":\"ImageObject\",\"inLanguage\":\"sv-SE\",\"@id\":\"https:\/\/kicka.eu\/sv\/#\/schema\/logo\/image\/\",\"url\":\"https:\/\/kicka.eu\/wp-content\/uploads\/2023\/08\/Kicka-Logo.png\",\"contentUrl\":\"https:\/\/kicka.eu\/wp-content\/uploads\/2023\/08\/Kicka-Logo.png\",\"width\":233,\"height\":233,\"caption\":\"Kicka\"},\"image\":{\"@id\":\"https:\/\/kicka.eu\/sv\/#\/schema\/logo\/image\/\"}}]}<\/script>\n<!-- \/ Yoast SEO plugin. -->","yoast_head_json":{"title":"Juicy Jay's Kingsize Bubblegum - Kicka","robots":{"index":"index","follow":"follow","max-snippet":"max-snippet:-1","max-image-preview":"max-image-preview:large","max-video-preview":"max-video-preview:-1"},"canonical":"https:\/\/kicka.eu\/sv\/produkt\/juicy-jays-kingsize-bubblegum\/","og_locale":"sv_SE","og_type":"article","og_title":"Juicy Jay's Kingsize Bubblegum - Kicka","og_description":"Juicy Jay's KingSize Slim Bubblegum Flavored Rolling Papers \u00e4r ett bra s\u00e4tt jazz upp din r\u00f6k. Juicy Jay har beh\u00e4rskat ett \"triple dip\" -system som producerar ett king size smal rullande papper som infunderas med en munvatten bl\u00e5b\u00e4rsmak. Med hj\u00e4lp av sojabaserad bl\u00e4ck f\u00f6r att ge papperet ett attraktivt pulserande utseende och naturlig sockergummi, saftiga JAYs KingSize Slim-papper l\u00e4mnar en s\u00f6t smak p\u00e5 dina l\u00e4ppar och producerar en flavorsome r\u00f6k.","og_url":"https:\/\/kicka.eu\/sv\/produkt\/juicy-jays-kingsize-bubblegum\/","og_site_name":"Kicka","article_modified_time":"2024-01-24T20:32:55+00:00","og_image":[{"width":850,"height":850,"url":"https:\/\/kicka.eu\/wp-content\/uploads\/2022\/03\/RL2449.jpeg","type":"image\/jpeg"}],"twitter_card":"summary_large_image","schema":{"@context":"https:\/\/schema.org","@graph":[{"@type":"WebPage","@id":"https:\/\/kicka.eu\/sv\/produkt\/juicy-jays-kingsize-bubblegum\/","url":"https:\/\/kicka.eu\/sv\/produkt\/juicy-jays-kingsize-bubblegum\/","name":"Juicy Jay's Kingsize Bubblegum - Kicka","isPartOf":{"@id":"https:\/\/kicka.eu\/sv\/#website"},"primaryImageOfPage":{"@id":"https:\/\/kicka.eu\/sv\/produkt\/juicy-jays-kingsize-bubblegum\/#primaryimage"},"image":{"@id":"https:\/\/kicka.eu\/sv\/produkt\/juicy-jays-kingsize-bubblegum\/#primaryimage"},"thumbnailUrl":"https:\/\/kicka.eu\/wp-content\/uploads\/2022\/03\/RL2449.jpeg","datePublished":"2023-05-18T20:26:51+00:00","dateModified":"2024-01-24T20:32:55+00:00","breadcrumb":{"@id":"https:\/\/kicka.eu\/sv\/produkt\/juicy-jays-kingsize-bubblegum\/#breadcrumb"},"inLanguage":"sv-SE","potentialAction":[{"@type":"ReadAction","target":["https:\/\/kicka.eu\/sv\/produkt\/juicy-jays-kingsize-bubblegum\/"]}]},{"@type":"ImageObject","inLanguage":"sv-SE","@id":"https:\/\/kicka.eu\/sv\/produkt\/juicy-jays-kingsize-bubblegum\/#primaryimage","url":"https:\/\/kicka.eu\/wp-content\/uploads\/2022\/03\/RL2449.jpeg","contentUrl":"https:\/\/kicka.eu\/wp-content\/uploads\/2022\/03\/RL2449.jpeg","width":850,"height":850},{"@type":"BreadcrumbList","@id":"https:\/\/kicka.eu\/sv\/produkt\/juicy-jays-kingsize-bubblegum\/#breadcrumb","itemListElement":[{"@type":"ListItem","position":1,"name":"Home","item":"https:\/\/kicka.eu\/sv\/"},{"@type":"ListItem","position":2,"name":"Shop","item":"https:\/\/kicka.eu\/sv\/shop\/"},{"@type":"ListItem","position":3,"name":"Juicy Jay&#8217;s Kingsize Bubblegum"}]},{"@type":"WebSite","@id":"https:\/\/kicka.eu\/sv\/#website","url":"https:\/\/kicka.eu\/sv\/","name":"Kicka","description":"Online Headshop","publisher":{"@id":"https:\/\/kicka.eu\/sv\/#organization"},"potentialAction":[{"@type":"SearchAction","target":{"@type":"EntryPoint","urlTemplate":"https:\/\/kicka.eu\/sv\/?s={search_term_string}"},"query-input":"required name=search_term_string"}],"inLanguage":"sv-SE"},{"@type":"Organization","@id":"https:\/\/kicka.eu\/sv\/#organization","name":"Kicka","url":"https:\/\/kicka.eu\/sv\/","logo":{"@type":"ImageObject","inLanguage":"sv-SE","@id":"https:\/\/kicka.eu\/sv\/#\/schema\/logo\/image\/","url":"https:\/\/kicka.eu\/wp-content\/uploads\/2023\/08\/Kicka-Logo.png","contentUrl":"https:\/\/kicka.eu\/wp-content\/uploads\/2023\/08\/Kicka-Logo.png","width":233,"height":233,"caption":"Kicka"},"image":{"@id":"https:\/\/kicka.eu\/sv\/#\/schema\/logo\/image\/"}}]}},"_links":{"self":[{"href":"https:\/\/kicka.eu\/sv\/wp-json\/wp\/v2\/product\/41012","targetHints":{"allow":["GET"]}}],"collection":[{"href":"https:\/\/kicka.eu\/sv\/wp-json\/wp\/v2\/product"}],"about":[{"href":"https:\/\/kicka.eu\/sv\/wp-json\/wp\/v2\/types\/product"}],"replies":[{"embeddable":true,"href":"https:\/\/kicka.eu\/sv\/wp-json\/wp\/v2\/comments?post=41012"}],"wp:featuredmedia":[{"embeddable":true,"href":"https:\/\/kicka.eu\/sv\/wp-json\/wp\/v2\/media\/590"}],"wp:attachment":[{"href":"https:\/\/kicka.eu\/sv\/wp-json\/wp\/v2\/media?parent=41012"}],"wp:term":[{"taxonomy":"product_cat","embeddable":true,"href":"https:\/\/kicka.eu\/sv\/wp-json\/wp\/v2\/product_cat?post=41012"},{"taxonomy":"product_tag","embeddable":true,"href":"https:\/\/kicka.eu\/sv\/wp-json\/wp\/v2\/product_tag?post=41012"}],"curies":[{"name":"wp","href":"https:\/\/api.w.org\/{rel}","templated":true}]}}