{"id":41010,"date":"2023-05-18T22:26:51","date_gmt":"2023-05-18T20:26:51","guid":{"rendered":"https:\/\/kicka.eu\/product\/juicy-jays-kingsize-watermelon\/"},"modified":"2024-06-30T14:43:53","modified_gmt":"2024-06-30T12:43:53","slug":"juicy-jays-kingsize-watermelon","status":"publish","type":"product","link":"https:\/\/kicka.eu\/sv\/produkt\/juicy-jays-kingsize-watermelon\/","title":{"rendered":"Juicy Jay&#8217;s Kingsize Watermelon"},"content":{"rendered":"","protected":false},"excerpt":{"rendered":"<p>Oavsett om du vill \u00e5teruppleva minnen av familjen picknick runt parken, eller du bara vill k\u00e4nna som ett barn igen, \u00e4r dessa saftiga jays vattenmelon smakade rullande papper perfekta. Rulla upp n\u00e5gra juridiska r\u00f6knings \u00f6rter inuti dessa rullande papper och ha dig sj\u00e4lv en bra tid. Ta v\u00e5rt ord f\u00f6r det. Finns i ett 1 1\/4 och kung storlekspaket med 32 blad per f\u00f6rpackning och 24 f\u00f6rpackningar f\u00f6r en fullst\u00e4ndig l\u00e5da.<\/p>\n","protected":false},"featured_media":592,"comment_status":"open","ping_status":"closed","template":"","meta":{"_acf_changed":false,"_et_pb_use_builder":"","_et_pb_old_content":"","_et_gb_content_width":"","om_disable_all_campaigns":false,"_monsterinsights_skip_tracking":false,"_monsterinsights_sitenote_active":false,"_monsterinsights_sitenote_note":"","_monsterinsights_sitenote_category":0,"_uf_show_specific_survey":0,"_uf_disable_surveys":false},"product_cat":[32],"product_tag":[33],"class_list":{"0":"post-41010","1":"product","2":"type-product","3":"status-publish","4":"has-post-thumbnail","6":"product_cat-rullning","7":"product_tag-rullpapper","8":"pa_varumarken-juicy-jays","10":"first","11":"instock","12":"taxable","13":"shipping-taxable","14":"purchasable","15":"product-type-simple"},"acf":[],"yoast_head":"<!-- This site is optimized with the Yoast SEO plugin v22.8 - https:\/\/yoast.com\/wordpress\/plugins\/seo\/ -->\n<title>Juicy Jay&#039;s Kingsize Watermelon - Kicka<\/title>\n<meta name=\"robots\" content=\"index, follow, max-snippet:-1, max-image-preview:large, max-video-preview:-1\" \/>\n<link rel=\"canonical\" href=\"https:\/\/kicka.eu\/sv\/produkt\/juicy-jays-kingsize-watermelon\/\" \/>\n<meta property=\"og:locale\" content=\"sv_SE\" \/>\n<meta property=\"og:type\" content=\"article\" \/>\n<meta property=\"og:title\" content=\"Juicy Jay&#039;s Kingsize Watermelon - Kicka\" \/>\n<meta property=\"og:description\" content=\"Oavsett om du vill \u00e5teruppleva minnen av familjen picknick runt parken, eller du bara vill k\u00e4nna som ett barn igen, \u00e4r dessa saftiga jays vattenmelon smakade rullande papper perfekta. Rulla upp n\u00e5gra juridiska r\u00f6knings \u00f6rter inuti dessa rullande papper och ha dig sj\u00e4lv en bra tid. Ta v\u00e5rt ord f\u00f6r det. Finns i ett 1 1\/4 och kung storlekspaket med 32 blad per f\u00f6rpackning och 24 f\u00f6rpackningar f\u00f6r en fullst\u00e4ndig l\u00e5da.\" \/>\n<meta property=\"og:url\" content=\"https:\/\/kicka.eu\/sv\/produkt\/juicy-jays-kingsize-watermelon\/\" \/>\n<meta property=\"og:site_name\" content=\"Kicka\" \/>\n<meta property=\"article:modified_time\" content=\"2024-06-30T12:43:53+00:00\" \/>\n<meta property=\"og:image\" content=\"https:\/\/kicka.eu\/wp-content\/uploads\/2022\/03\/RL2451.jpeg\" \/>\n\t<meta property=\"og:image:width\" content=\"850\" \/>\n\t<meta property=\"og:image:height\" content=\"850\" \/>\n\t<meta property=\"og:image:type\" content=\"image\/jpeg\" \/>\n<meta name=\"twitter:card\" content=\"summary_large_image\" \/>\n<script type=\"application\/ld+json\" class=\"yoast-schema-graph\">{\"@context\":\"https:\/\/schema.org\",\"@graph\":[{\"@type\":\"WebPage\",\"@id\":\"https:\/\/kicka.eu\/sv\/produkt\/juicy-jays-kingsize-watermelon\/\",\"url\":\"https:\/\/kicka.eu\/sv\/produkt\/juicy-jays-kingsize-watermelon\/\",\"name\":\"Juicy Jay's Kingsize Watermelon - Kicka\",\"isPartOf\":{\"@id\":\"https:\/\/kicka.eu\/sv\/#website\"},\"primaryImageOfPage\":{\"@id\":\"https:\/\/kicka.eu\/sv\/produkt\/juicy-jays-kingsize-watermelon\/#primaryimage\"},\"image\":{\"@id\":\"https:\/\/kicka.eu\/sv\/produkt\/juicy-jays-kingsize-watermelon\/#primaryimage\"},\"thumbnailUrl\":\"https:\/\/kicka.eu\/wp-content\/uploads\/2022\/03\/RL2451.jpeg\",\"datePublished\":\"2023-05-18T20:26:51+00:00\",\"dateModified\":\"2024-06-30T12:43:53+00:00\",\"breadcrumb\":{\"@id\":\"https:\/\/kicka.eu\/sv\/produkt\/juicy-jays-kingsize-watermelon\/#breadcrumb\"},\"inLanguage\":\"sv-SE\",\"potentialAction\":[{\"@type\":\"ReadAction\",\"target\":[\"https:\/\/kicka.eu\/sv\/produkt\/juicy-jays-kingsize-watermelon\/\"]}]},{\"@type\":\"ImageObject\",\"inLanguage\":\"sv-SE\",\"@id\":\"https:\/\/kicka.eu\/sv\/produkt\/juicy-jays-kingsize-watermelon\/#primaryimage\",\"url\":\"https:\/\/kicka.eu\/wp-content\/uploads\/2022\/03\/RL2451.jpeg\",\"contentUrl\":\"https:\/\/kicka.eu\/wp-content\/uploads\/2022\/03\/RL2451.jpeg\",\"width\":850,\"height\":850},{\"@type\":\"BreadcrumbList\",\"@id\":\"https:\/\/kicka.eu\/sv\/produkt\/juicy-jays-kingsize-watermelon\/#breadcrumb\",\"itemListElement\":[{\"@type\":\"ListItem\",\"position\":1,\"name\":\"Home\",\"item\":\"https:\/\/kicka.eu\/sv\/\"},{\"@type\":\"ListItem\",\"position\":2,\"name\":\"Shop\",\"item\":\"https:\/\/kicka.eu\/sv\/shop\/\"},{\"@type\":\"ListItem\",\"position\":3,\"name\":\"Juicy Jay&#8217;s Kingsize Watermelon\"}]},{\"@type\":\"WebSite\",\"@id\":\"https:\/\/kicka.eu\/sv\/#website\",\"url\":\"https:\/\/kicka.eu\/sv\/\",\"name\":\"Kicka\",\"description\":\"Online Headshop\",\"publisher\":{\"@id\":\"https:\/\/kicka.eu\/sv\/#organization\"},\"potentialAction\":[{\"@type\":\"SearchAction\",\"target\":{\"@type\":\"EntryPoint\",\"urlTemplate\":\"https:\/\/kicka.eu\/sv\/?s={search_term_string}\"},\"query-input\":\"required name=search_term_string\"}],\"inLanguage\":\"sv-SE\"},{\"@type\":\"Organization\",\"@id\":\"https:\/\/kicka.eu\/sv\/#organization\",\"name\":\"Kicka\",\"url\":\"https:\/\/kicka.eu\/sv\/\",\"logo\":{\"@type\":\"ImageObject\",\"inLanguage\":\"sv-SE\",\"@id\":\"https:\/\/kicka.eu\/sv\/#\/schema\/logo\/image\/\",\"url\":\"https:\/\/kicka.eu\/wp-content\/uploads\/2023\/08\/Kicka-Logo.png\",\"contentUrl\":\"https:\/\/kicka.eu\/wp-content\/uploads\/2023\/08\/Kicka-Logo.png\",\"width\":233,\"height\":233,\"caption\":\"Kicka\"},\"image\":{\"@id\":\"https:\/\/kicka.eu\/sv\/#\/schema\/logo\/image\/\"}}]}<\/script>\n<!-- \/ Yoast SEO plugin. -->","yoast_head_json":{"title":"Juicy Jay's Kingsize Watermelon - Kicka","robots":{"index":"index","follow":"follow","max-snippet":"max-snippet:-1","max-image-preview":"max-image-preview:large","max-video-preview":"max-video-preview:-1"},"canonical":"https:\/\/kicka.eu\/sv\/produkt\/juicy-jays-kingsize-watermelon\/","og_locale":"sv_SE","og_type":"article","og_title":"Juicy Jay's Kingsize Watermelon - Kicka","og_description":"Oavsett om du vill \u00e5teruppleva minnen av familjen picknick runt parken, eller du bara vill k\u00e4nna som ett barn igen, \u00e4r dessa saftiga jays vattenmelon smakade rullande papper perfekta. Rulla upp n\u00e5gra juridiska r\u00f6knings \u00f6rter inuti dessa rullande papper och ha dig sj\u00e4lv en bra tid. Ta v\u00e5rt ord f\u00f6r det. Finns i ett 1 1\/4 och kung storlekspaket med 32 blad per f\u00f6rpackning och 24 f\u00f6rpackningar f\u00f6r en fullst\u00e4ndig l\u00e5da.","og_url":"https:\/\/kicka.eu\/sv\/produkt\/juicy-jays-kingsize-watermelon\/","og_site_name":"Kicka","article_modified_time":"2024-06-30T12:43:53+00:00","og_image":[{"width":850,"height":850,"url":"https:\/\/kicka.eu\/wp-content\/uploads\/2022\/03\/RL2451.jpeg","type":"image\/jpeg"}],"twitter_card":"summary_large_image","schema":{"@context":"https:\/\/schema.org","@graph":[{"@type":"WebPage","@id":"https:\/\/kicka.eu\/sv\/produkt\/juicy-jays-kingsize-watermelon\/","url":"https:\/\/kicka.eu\/sv\/produkt\/juicy-jays-kingsize-watermelon\/","name":"Juicy Jay's Kingsize Watermelon - Kicka","isPartOf":{"@id":"https:\/\/kicka.eu\/sv\/#website"},"primaryImageOfPage":{"@id":"https:\/\/kicka.eu\/sv\/produkt\/juicy-jays-kingsize-watermelon\/#primaryimage"},"image":{"@id":"https:\/\/kicka.eu\/sv\/produkt\/juicy-jays-kingsize-watermelon\/#primaryimage"},"thumbnailUrl":"https:\/\/kicka.eu\/wp-content\/uploads\/2022\/03\/RL2451.jpeg","datePublished":"2023-05-18T20:26:51+00:00","dateModified":"2024-06-30T12:43:53+00:00","breadcrumb":{"@id":"https:\/\/kicka.eu\/sv\/produkt\/juicy-jays-kingsize-watermelon\/#breadcrumb"},"inLanguage":"sv-SE","potentialAction":[{"@type":"ReadAction","target":["https:\/\/kicka.eu\/sv\/produkt\/juicy-jays-kingsize-watermelon\/"]}]},{"@type":"ImageObject","inLanguage":"sv-SE","@id":"https:\/\/kicka.eu\/sv\/produkt\/juicy-jays-kingsize-watermelon\/#primaryimage","url":"https:\/\/kicka.eu\/wp-content\/uploads\/2022\/03\/RL2451.jpeg","contentUrl":"https:\/\/kicka.eu\/wp-content\/uploads\/2022\/03\/RL2451.jpeg","width":850,"height":850},{"@type":"BreadcrumbList","@id":"https:\/\/kicka.eu\/sv\/produkt\/juicy-jays-kingsize-watermelon\/#breadcrumb","itemListElement":[{"@type":"ListItem","position":1,"name":"Home","item":"https:\/\/kicka.eu\/sv\/"},{"@type":"ListItem","position":2,"name":"Shop","item":"https:\/\/kicka.eu\/sv\/shop\/"},{"@type":"ListItem","position":3,"name":"Juicy Jay&#8217;s Kingsize Watermelon"}]},{"@type":"WebSite","@id":"https:\/\/kicka.eu\/sv\/#website","url":"https:\/\/kicka.eu\/sv\/","name":"Kicka","description":"Online Headshop","publisher":{"@id":"https:\/\/kicka.eu\/sv\/#organization"},"potentialAction":[{"@type":"SearchAction","target":{"@type":"EntryPoint","urlTemplate":"https:\/\/kicka.eu\/sv\/?s={search_term_string}"},"query-input":"required name=search_term_string"}],"inLanguage":"sv-SE"},{"@type":"Organization","@id":"https:\/\/kicka.eu\/sv\/#organization","name":"Kicka","url":"https:\/\/kicka.eu\/sv\/","logo":{"@type":"ImageObject","inLanguage":"sv-SE","@id":"https:\/\/kicka.eu\/sv\/#\/schema\/logo\/image\/","url":"https:\/\/kicka.eu\/wp-content\/uploads\/2023\/08\/Kicka-Logo.png","contentUrl":"https:\/\/kicka.eu\/wp-content\/uploads\/2023\/08\/Kicka-Logo.png","width":233,"height":233,"caption":"Kicka"},"image":{"@id":"https:\/\/kicka.eu\/sv\/#\/schema\/logo\/image\/"}}]}},"_links":{"self":[{"href":"https:\/\/kicka.eu\/sv\/wp-json\/wp\/v2\/product\/41010","targetHints":{"allow":["GET"]}}],"collection":[{"href":"https:\/\/kicka.eu\/sv\/wp-json\/wp\/v2\/product"}],"about":[{"href":"https:\/\/kicka.eu\/sv\/wp-json\/wp\/v2\/types\/product"}],"replies":[{"embeddable":true,"href":"https:\/\/kicka.eu\/sv\/wp-json\/wp\/v2\/comments?post=41010"}],"wp:featuredmedia":[{"embeddable":true,"href":"https:\/\/kicka.eu\/sv\/wp-json\/wp\/v2\/media\/592"}],"wp:attachment":[{"href":"https:\/\/kicka.eu\/sv\/wp-json\/wp\/v2\/media?parent=41010"}],"wp:term":[{"taxonomy":"product_cat","embeddable":true,"href":"https:\/\/kicka.eu\/sv\/wp-json\/wp\/v2\/product_cat?post=41010"},{"taxonomy":"product_tag","embeddable":true,"href":"https:\/\/kicka.eu\/sv\/wp-json\/wp\/v2\/product_tag?post=41010"}],"curies":[{"name":"wp","href":"https:\/\/api.w.org\/{rel}","templated":true}]}}