{"id":41007,"date":"2023-05-18T22:26:50","date_gmt":"2023-05-18T20:26:50","guid":{"rendered":"https:\/\/kicka.eu\/product\/juicy-jays-kingsize-cotton-candy\/"},"modified":"2024-01-24T21:33:23","modified_gmt":"2024-01-24T20:33:23","slug":"juicy-jays-kingsize-cotton-candy","status":"publish","type":"product","link":"https:\/\/kicka.eu\/sv\/produkt\/juicy-jays-kingsize-cotton-candy\/","title":{"rendered":"Juicy Jay&#8217;s Kingsize Cotton Candy"},"content":{"rendered":"","protected":false},"excerpt":{"rendered":"<p>Bomull godis king size-papper har en fantastisk smak av riktigt godis, direkt fr\u00e5n din lokala butik. En s\u00f6t provsmakning papper, idealisk f\u00f6r alla anv\u00e4nda som \u00e4lskar det smakade av godis. F\u00f6r att beh\u00e5lla smaken i hela papperet anv\u00e4nder de ett triple-doppat smaksystem och sojabaserad bl\u00e4ck med naturligt sockergummi f\u00f6r att g\u00f6ra papper s\u00e5 munvatten. Ett enda paket inneh\u00e5ller 32 rullande papper.<\/p>\n","protected":false},"featured_media":538,"comment_status":"open","ping_status":"closed","template":"","meta":{"_acf_changed":false,"_et_pb_use_builder":"","_et_pb_old_content":"","_et_gb_content_width":"","om_disable_all_campaigns":false,"_monsterinsights_skip_tracking":false,"_monsterinsights_sitenote_active":false,"_monsterinsights_sitenote_note":"","_monsterinsights_sitenote_category":0,"_uf_show_specific_survey":0,"_uf_disable_surveys":false},"product_cat":[32],"product_tag":[33],"class_list":{"0":"post-41007","1":"product","2":"type-product","3":"status-publish","4":"has-post-thumbnail","6":"product_cat-rullning","7":"product_tag-rullpapper","8":"pa_varumarken-juicy-jays","10":"first","11":"instock","12":"taxable","13":"shipping-taxable","14":"purchasable","15":"product-type-simple"},"acf":[],"yoast_head":"<!-- This site is optimized with the Yoast SEO plugin v22.8 - https:\/\/yoast.com\/wordpress\/plugins\/seo\/ -->\n<title>Juicy Jay&#039;s Kingsize Cotton Candy - Kicka<\/title>\n<meta name=\"robots\" content=\"index, follow, max-snippet:-1, max-image-preview:large, max-video-preview:-1\" \/>\n<link rel=\"canonical\" href=\"https:\/\/kicka.eu\/sv\/produkt\/juicy-jays-kingsize-cotton-candy\/\" \/>\n<meta property=\"og:locale\" content=\"sv_SE\" \/>\n<meta property=\"og:type\" content=\"article\" \/>\n<meta property=\"og:title\" content=\"Juicy Jay&#039;s Kingsize Cotton Candy - Kicka\" \/>\n<meta property=\"og:description\" content=\"Bomull godis king size-papper har en fantastisk smak av riktigt godis, direkt fr\u00e5n din lokala butik. En s\u00f6t provsmakning papper, idealisk f\u00f6r alla anv\u00e4nda som \u00e4lskar det smakade av godis. F\u00f6r att beh\u00e5lla smaken i hela papperet anv\u00e4nder de ett triple-doppat smaksystem och sojabaserad bl\u00e4ck med naturligt sockergummi f\u00f6r att g\u00f6ra papper s\u00e5 munvatten. Ett enda paket inneh\u00e5ller 32 rullande papper.\" \/>\n<meta property=\"og:url\" content=\"https:\/\/kicka.eu\/sv\/produkt\/juicy-jays-kingsize-cotton-candy\/\" \/>\n<meta property=\"og:site_name\" content=\"Kicka\" \/>\n<meta property=\"article:modified_time\" content=\"2024-01-24T20:33:23+00:00\" \/>\n<meta property=\"og:image\" content=\"https:\/\/kicka.eu\/wp-content\/uploads\/2022\/03\/36760.jpeg\" \/>\n\t<meta property=\"og:image:width\" content=\"850\" \/>\n\t<meta property=\"og:image:height\" content=\"850\" \/>\n\t<meta property=\"og:image:type\" content=\"image\/jpeg\" \/>\n<meta name=\"twitter:card\" content=\"summary_large_image\" \/>\n<script type=\"application\/ld+json\" class=\"yoast-schema-graph\">{\"@context\":\"https:\/\/schema.org\",\"@graph\":[{\"@type\":\"WebPage\",\"@id\":\"https:\/\/kicka.eu\/sv\/produkt\/juicy-jays-kingsize-cotton-candy\/\",\"url\":\"https:\/\/kicka.eu\/sv\/produkt\/juicy-jays-kingsize-cotton-candy\/\",\"name\":\"Juicy Jay's Kingsize Cotton Candy - Kicka\",\"isPartOf\":{\"@id\":\"https:\/\/kicka.eu\/sv\/#website\"},\"primaryImageOfPage\":{\"@id\":\"https:\/\/kicka.eu\/sv\/produkt\/juicy-jays-kingsize-cotton-candy\/#primaryimage\"},\"image\":{\"@id\":\"https:\/\/kicka.eu\/sv\/produkt\/juicy-jays-kingsize-cotton-candy\/#primaryimage\"},\"thumbnailUrl\":\"https:\/\/kicka.eu\/wp-content\/uploads\/2022\/03\/36760.jpeg\",\"datePublished\":\"2023-05-18T20:26:50+00:00\",\"dateModified\":\"2024-01-24T20:33:23+00:00\",\"breadcrumb\":{\"@id\":\"https:\/\/kicka.eu\/sv\/produkt\/juicy-jays-kingsize-cotton-candy\/#breadcrumb\"},\"inLanguage\":\"sv-SE\",\"potentialAction\":[{\"@type\":\"ReadAction\",\"target\":[\"https:\/\/kicka.eu\/sv\/produkt\/juicy-jays-kingsize-cotton-candy\/\"]}]},{\"@type\":\"ImageObject\",\"inLanguage\":\"sv-SE\",\"@id\":\"https:\/\/kicka.eu\/sv\/produkt\/juicy-jays-kingsize-cotton-candy\/#primaryimage\",\"url\":\"https:\/\/kicka.eu\/wp-content\/uploads\/2022\/03\/36760.jpeg\",\"contentUrl\":\"https:\/\/kicka.eu\/wp-content\/uploads\/2022\/03\/36760.jpeg\",\"width\":850,\"height\":850},{\"@type\":\"BreadcrumbList\",\"@id\":\"https:\/\/kicka.eu\/sv\/produkt\/juicy-jays-kingsize-cotton-candy\/#breadcrumb\",\"itemListElement\":[{\"@type\":\"ListItem\",\"position\":1,\"name\":\"Home\",\"item\":\"https:\/\/kicka.eu\/sv\/\"},{\"@type\":\"ListItem\",\"position\":2,\"name\":\"Shop\",\"item\":\"https:\/\/kicka.eu\/sv\/shop\/\"},{\"@type\":\"ListItem\",\"position\":3,\"name\":\"Juicy Jay&#8217;s Kingsize Cotton Candy\"}]},{\"@type\":\"WebSite\",\"@id\":\"https:\/\/kicka.eu\/sv\/#website\",\"url\":\"https:\/\/kicka.eu\/sv\/\",\"name\":\"Kicka\",\"description\":\"Online Headshop\",\"publisher\":{\"@id\":\"https:\/\/kicka.eu\/sv\/#organization\"},\"potentialAction\":[{\"@type\":\"SearchAction\",\"target\":{\"@type\":\"EntryPoint\",\"urlTemplate\":\"https:\/\/kicka.eu\/sv\/?s={search_term_string}\"},\"query-input\":\"required name=search_term_string\"}],\"inLanguage\":\"sv-SE\"},{\"@type\":\"Organization\",\"@id\":\"https:\/\/kicka.eu\/sv\/#organization\",\"name\":\"Kicka\",\"url\":\"https:\/\/kicka.eu\/sv\/\",\"logo\":{\"@type\":\"ImageObject\",\"inLanguage\":\"sv-SE\",\"@id\":\"https:\/\/kicka.eu\/sv\/#\/schema\/logo\/image\/\",\"url\":\"https:\/\/kicka.eu\/wp-content\/uploads\/2023\/08\/Kicka-Logo.png\",\"contentUrl\":\"https:\/\/kicka.eu\/wp-content\/uploads\/2023\/08\/Kicka-Logo.png\",\"width\":233,\"height\":233,\"caption\":\"Kicka\"},\"image\":{\"@id\":\"https:\/\/kicka.eu\/sv\/#\/schema\/logo\/image\/\"}}]}<\/script>\n<!-- \/ Yoast SEO plugin. -->","yoast_head_json":{"title":"Juicy Jay's Kingsize Cotton Candy - Kicka","robots":{"index":"index","follow":"follow","max-snippet":"max-snippet:-1","max-image-preview":"max-image-preview:large","max-video-preview":"max-video-preview:-1"},"canonical":"https:\/\/kicka.eu\/sv\/produkt\/juicy-jays-kingsize-cotton-candy\/","og_locale":"sv_SE","og_type":"article","og_title":"Juicy Jay's Kingsize Cotton Candy - Kicka","og_description":"Bomull godis king size-papper har en fantastisk smak av riktigt godis, direkt fr\u00e5n din lokala butik. En s\u00f6t provsmakning papper, idealisk f\u00f6r alla anv\u00e4nda som \u00e4lskar det smakade av godis. F\u00f6r att beh\u00e5lla smaken i hela papperet anv\u00e4nder de ett triple-doppat smaksystem och sojabaserad bl\u00e4ck med naturligt sockergummi f\u00f6r att g\u00f6ra papper s\u00e5 munvatten. Ett enda paket inneh\u00e5ller 32 rullande papper.","og_url":"https:\/\/kicka.eu\/sv\/produkt\/juicy-jays-kingsize-cotton-candy\/","og_site_name":"Kicka","article_modified_time":"2024-01-24T20:33:23+00:00","og_image":[{"width":850,"height":850,"url":"https:\/\/kicka.eu\/wp-content\/uploads\/2022\/03\/36760.jpeg","type":"image\/jpeg"}],"twitter_card":"summary_large_image","schema":{"@context":"https:\/\/schema.org","@graph":[{"@type":"WebPage","@id":"https:\/\/kicka.eu\/sv\/produkt\/juicy-jays-kingsize-cotton-candy\/","url":"https:\/\/kicka.eu\/sv\/produkt\/juicy-jays-kingsize-cotton-candy\/","name":"Juicy Jay's Kingsize Cotton Candy - Kicka","isPartOf":{"@id":"https:\/\/kicka.eu\/sv\/#website"},"primaryImageOfPage":{"@id":"https:\/\/kicka.eu\/sv\/produkt\/juicy-jays-kingsize-cotton-candy\/#primaryimage"},"image":{"@id":"https:\/\/kicka.eu\/sv\/produkt\/juicy-jays-kingsize-cotton-candy\/#primaryimage"},"thumbnailUrl":"https:\/\/kicka.eu\/wp-content\/uploads\/2022\/03\/36760.jpeg","datePublished":"2023-05-18T20:26:50+00:00","dateModified":"2024-01-24T20:33:23+00:00","breadcrumb":{"@id":"https:\/\/kicka.eu\/sv\/produkt\/juicy-jays-kingsize-cotton-candy\/#breadcrumb"},"inLanguage":"sv-SE","potentialAction":[{"@type":"ReadAction","target":["https:\/\/kicka.eu\/sv\/produkt\/juicy-jays-kingsize-cotton-candy\/"]}]},{"@type":"ImageObject","inLanguage":"sv-SE","@id":"https:\/\/kicka.eu\/sv\/produkt\/juicy-jays-kingsize-cotton-candy\/#primaryimage","url":"https:\/\/kicka.eu\/wp-content\/uploads\/2022\/03\/36760.jpeg","contentUrl":"https:\/\/kicka.eu\/wp-content\/uploads\/2022\/03\/36760.jpeg","width":850,"height":850},{"@type":"BreadcrumbList","@id":"https:\/\/kicka.eu\/sv\/produkt\/juicy-jays-kingsize-cotton-candy\/#breadcrumb","itemListElement":[{"@type":"ListItem","position":1,"name":"Home","item":"https:\/\/kicka.eu\/sv\/"},{"@type":"ListItem","position":2,"name":"Shop","item":"https:\/\/kicka.eu\/sv\/shop\/"},{"@type":"ListItem","position":3,"name":"Juicy Jay&#8217;s Kingsize Cotton Candy"}]},{"@type":"WebSite","@id":"https:\/\/kicka.eu\/sv\/#website","url":"https:\/\/kicka.eu\/sv\/","name":"Kicka","description":"Online Headshop","publisher":{"@id":"https:\/\/kicka.eu\/sv\/#organization"},"potentialAction":[{"@type":"SearchAction","target":{"@type":"EntryPoint","urlTemplate":"https:\/\/kicka.eu\/sv\/?s={search_term_string}"},"query-input":"required name=search_term_string"}],"inLanguage":"sv-SE"},{"@type":"Organization","@id":"https:\/\/kicka.eu\/sv\/#organization","name":"Kicka","url":"https:\/\/kicka.eu\/sv\/","logo":{"@type":"ImageObject","inLanguage":"sv-SE","@id":"https:\/\/kicka.eu\/sv\/#\/schema\/logo\/image\/","url":"https:\/\/kicka.eu\/wp-content\/uploads\/2023\/08\/Kicka-Logo.png","contentUrl":"https:\/\/kicka.eu\/wp-content\/uploads\/2023\/08\/Kicka-Logo.png","width":233,"height":233,"caption":"Kicka"},"image":{"@id":"https:\/\/kicka.eu\/sv\/#\/schema\/logo\/image\/"}}]}},"_links":{"self":[{"href":"https:\/\/kicka.eu\/sv\/wp-json\/wp\/v2\/product\/41007","targetHints":{"allow":["GET"]}}],"collection":[{"href":"https:\/\/kicka.eu\/sv\/wp-json\/wp\/v2\/product"}],"about":[{"href":"https:\/\/kicka.eu\/sv\/wp-json\/wp\/v2\/types\/product"}],"replies":[{"embeddable":true,"href":"https:\/\/kicka.eu\/sv\/wp-json\/wp\/v2\/comments?post=41007"}],"wp:featuredmedia":[{"embeddable":true,"href":"https:\/\/kicka.eu\/sv\/wp-json\/wp\/v2\/media\/538"}],"wp:attachment":[{"href":"https:\/\/kicka.eu\/sv\/wp-json\/wp\/v2\/media?parent=41007"}],"wp:term":[{"taxonomy":"product_cat","embeddable":true,"href":"https:\/\/kicka.eu\/sv\/wp-json\/wp\/v2\/product_cat?post=41007"},{"taxonomy":"product_tag","embeddable":true,"href":"https:\/\/kicka.eu\/sv\/wp-json\/wp\/v2\/product_tag?post=41007"}],"curies":[{"name":"wp","href":"https:\/\/api.w.org\/{rel}","templated":true}]}}