{"id":40995,"date":"2023-05-18T22:26:47","date_gmt":"2023-05-18T20:26:47","guid":{"rendered":"https:\/\/kicka.eu\/product\/jonathan-adler-x-higher-standards-smolder-catchall\/"},"modified":"2024-01-24T21:36:22","modified_gmt":"2024-01-24T20:36:22","slug":"jonathan-adler-x-higher-standards-smolder-catchall","status":"publish","type":"product","link":"https:\/\/kicka.eu\/sv\/produkt\/jonathan-adler-x-higher-standards-smolder-catchall\/","title":{"rendered":"Jonathan Adler X Higher Standards Smolder Catchall"},"content":{"rendered":"","protected":false},"excerpt":{"rendered":"<p>Porslin Catchall med retro r\u00f6kning l\u00e4ppar design av Jonathan Adler f\u00f6r h\u00f6gre standarder. Denna eleganta catchall ser bra ut p\u00e5 n\u00e5got bord och kan anv\u00e4ndas f\u00f6r att h\u00e5lla sm\u00e5 f\u00f6rem\u00e5l eller som askkopp. Funktioner Diameter: 10,2 cm H\u00f6jd: 3.2 cm H\u00f6gfyrade porslin Handgjorda On-Glaze Design Slitstarkt och v\u00e4rmebest\u00e4ndig handtv\u00e4tt<\/p>\n","protected":false},"featured_media":346,"comment_status":"open","ping_status":"closed","template":"","meta":{"_acf_changed":false,"_et_pb_use_builder":"","_et_pb_old_content":"","_et_gb_content_width":"","om_disable_all_campaigns":false,"_monsterinsights_skip_tracking":false,"_monsterinsights_sitenote_active":false,"_monsterinsights_sitenote_note":"","_monsterinsights_sitenote_category":0,"_uf_show_specific_survey":0,"_uf_disable_surveys":false},"product_cat":[30],"product_tag":[49],"class_list":{"0":"post-40995","1":"product","2":"type-product","3":"status-publish","4":"has-post-thumbnail","6":"product_cat-tillbehor","7":"product_tag-askfat","8":"pa_varumarken-higher-standards","10":"first","11":"onbackorder","12":"taxable","13":"shipping-taxable","14":"purchasable","15":"product-type-simple"},"acf":[],"yoast_head":"<!-- This site is optimized with the Yoast SEO plugin v22.8 - https:\/\/yoast.com\/wordpress\/plugins\/seo\/ -->\n<title>Jonathan Adler X Higher Standards Smolder Catchall - Kicka<\/title>\n<meta name=\"robots\" content=\"index, follow, max-snippet:-1, max-image-preview:large, max-video-preview:-1\" \/>\n<link rel=\"canonical\" href=\"https:\/\/kicka.eu\/sv\/produkt\/jonathan-adler-x-higher-standards-smolder-catchall\/\" \/>\n<meta property=\"og:locale\" content=\"sv_SE\" \/>\n<meta property=\"og:type\" content=\"article\" \/>\n<meta property=\"og:title\" content=\"Jonathan Adler X Higher Standards Smolder Catchall - Kicka\" \/>\n<meta property=\"og:description\" content=\"Porslin Catchall med retro r\u00f6kning l\u00e4ppar design av Jonathan Adler f\u00f6r h\u00f6gre standarder. Denna eleganta catchall ser bra ut p\u00e5 n\u00e5got bord och kan anv\u00e4ndas f\u00f6r att h\u00e5lla sm\u00e5 f\u00f6rem\u00e5l eller som askkopp. Funktioner Diameter: 10,2 cm H\u00f6jd: 3.2 cm H\u00f6gfyrade porslin Handgjorda On-Glaze Design Slitstarkt och v\u00e4rmebest\u00e4ndig handtv\u00e4tt\" \/>\n<meta property=\"og:url\" content=\"https:\/\/kicka.eu\/sv\/produkt\/jonathan-adler-x-higher-standards-smolder-catchall\/\" \/>\n<meta property=\"og:site_name\" content=\"Kicka\" \/>\n<meta property=\"article:modified_time\" content=\"2024-01-24T20:36:22+00:00\" \/>\n<meta property=\"og:image\" content=\"https:\/\/kicka.eu\/wp-content\/uploads\/2022\/03\/16730.jpeg\" \/>\n\t<meta property=\"og:image:width\" content=\"800\" \/>\n\t<meta property=\"og:image:height\" content=\"800\" \/>\n\t<meta property=\"og:image:type\" content=\"image\/jpeg\" \/>\n<meta name=\"twitter:card\" content=\"summary_large_image\" \/>\n<script type=\"application\/ld+json\" class=\"yoast-schema-graph\">{\"@context\":\"https:\/\/schema.org\",\"@graph\":[{\"@type\":\"WebPage\",\"@id\":\"https:\/\/kicka.eu\/sv\/produkt\/jonathan-adler-x-higher-standards-smolder-catchall\/\",\"url\":\"https:\/\/kicka.eu\/sv\/produkt\/jonathan-adler-x-higher-standards-smolder-catchall\/\",\"name\":\"Jonathan Adler X Higher Standards Smolder Catchall - Kicka\",\"isPartOf\":{\"@id\":\"https:\/\/kicka.eu\/sv\/#website\"},\"primaryImageOfPage\":{\"@id\":\"https:\/\/kicka.eu\/sv\/produkt\/jonathan-adler-x-higher-standards-smolder-catchall\/#primaryimage\"},\"image\":{\"@id\":\"https:\/\/kicka.eu\/sv\/produkt\/jonathan-adler-x-higher-standards-smolder-catchall\/#primaryimage\"},\"thumbnailUrl\":\"https:\/\/kicka.eu\/wp-content\/uploads\/2022\/03\/16730.jpeg\",\"datePublished\":\"2023-05-18T20:26:47+00:00\",\"dateModified\":\"2024-01-24T20:36:22+00:00\",\"breadcrumb\":{\"@id\":\"https:\/\/kicka.eu\/sv\/produkt\/jonathan-adler-x-higher-standards-smolder-catchall\/#breadcrumb\"},\"inLanguage\":\"sv-SE\",\"potentialAction\":[{\"@type\":\"ReadAction\",\"target\":[\"https:\/\/kicka.eu\/sv\/produkt\/jonathan-adler-x-higher-standards-smolder-catchall\/\"]}]},{\"@type\":\"ImageObject\",\"inLanguage\":\"sv-SE\",\"@id\":\"https:\/\/kicka.eu\/sv\/produkt\/jonathan-adler-x-higher-standards-smolder-catchall\/#primaryimage\",\"url\":\"https:\/\/kicka.eu\/wp-content\/uploads\/2022\/03\/16730.jpeg\",\"contentUrl\":\"https:\/\/kicka.eu\/wp-content\/uploads\/2022\/03\/16730.jpeg\",\"width\":800,\"height\":800},{\"@type\":\"BreadcrumbList\",\"@id\":\"https:\/\/kicka.eu\/sv\/produkt\/jonathan-adler-x-higher-standards-smolder-catchall\/#breadcrumb\",\"itemListElement\":[{\"@type\":\"ListItem\",\"position\":1,\"name\":\"Home\",\"item\":\"https:\/\/kicka.eu\/sv\/\"},{\"@type\":\"ListItem\",\"position\":2,\"name\":\"Shop\",\"item\":\"https:\/\/kicka.eu\/sv\/shop\/\"},{\"@type\":\"ListItem\",\"position\":3,\"name\":\"Jonathan Adler X Higher Standards Smolder Catchall\"}]},{\"@type\":\"WebSite\",\"@id\":\"https:\/\/kicka.eu\/sv\/#website\",\"url\":\"https:\/\/kicka.eu\/sv\/\",\"name\":\"Kicka\",\"description\":\"Online Headshop\",\"publisher\":{\"@id\":\"https:\/\/kicka.eu\/sv\/#organization\"},\"potentialAction\":[{\"@type\":\"SearchAction\",\"target\":{\"@type\":\"EntryPoint\",\"urlTemplate\":\"https:\/\/kicka.eu\/sv\/?s={search_term_string}\"},\"query-input\":\"required name=search_term_string\"}],\"inLanguage\":\"sv-SE\"},{\"@type\":\"Organization\",\"@id\":\"https:\/\/kicka.eu\/sv\/#organization\",\"name\":\"Kicka\",\"url\":\"https:\/\/kicka.eu\/sv\/\",\"logo\":{\"@type\":\"ImageObject\",\"inLanguage\":\"sv-SE\",\"@id\":\"https:\/\/kicka.eu\/sv\/#\/schema\/logo\/image\/\",\"url\":\"https:\/\/kicka.eu\/wp-content\/uploads\/2023\/08\/Kicka-Logo.png\",\"contentUrl\":\"https:\/\/kicka.eu\/wp-content\/uploads\/2023\/08\/Kicka-Logo.png\",\"width\":233,\"height\":233,\"caption\":\"Kicka\"},\"image\":{\"@id\":\"https:\/\/kicka.eu\/sv\/#\/schema\/logo\/image\/\"}}]}<\/script>\n<!-- \/ Yoast SEO plugin. -->","yoast_head_json":{"title":"Jonathan Adler X Higher Standards Smolder Catchall - Kicka","robots":{"index":"index","follow":"follow","max-snippet":"max-snippet:-1","max-image-preview":"max-image-preview:large","max-video-preview":"max-video-preview:-1"},"canonical":"https:\/\/kicka.eu\/sv\/produkt\/jonathan-adler-x-higher-standards-smolder-catchall\/","og_locale":"sv_SE","og_type":"article","og_title":"Jonathan Adler X Higher Standards Smolder Catchall - Kicka","og_description":"Porslin Catchall med retro r\u00f6kning l\u00e4ppar design av Jonathan Adler f\u00f6r h\u00f6gre standarder. Denna eleganta catchall ser bra ut p\u00e5 n\u00e5got bord och kan anv\u00e4ndas f\u00f6r att h\u00e5lla sm\u00e5 f\u00f6rem\u00e5l eller som askkopp. Funktioner Diameter: 10,2 cm H\u00f6jd: 3.2 cm H\u00f6gfyrade porslin Handgjorda On-Glaze Design Slitstarkt och v\u00e4rmebest\u00e4ndig handtv\u00e4tt","og_url":"https:\/\/kicka.eu\/sv\/produkt\/jonathan-adler-x-higher-standards-smolder-catchall\/","og_site_name":"Kicka","article_modified_time":"2024-01-24T20:36:22+00:00","og_image":[{"width":800,"height":800,"url":"https:\/\/kicka.eu\/wp-content\/uploads\/2022\/03\/16730.jpeg","type":"image\/jpeg"}],"twitter_card":"summary_large_image","schema":{"@context":"https:\/\/schema.org","@graph":[{"@type":"WebPage","@id":"https:\/\/kicka.eu\/sv\/produkt\/jonathan-adler-x-higher-standards-smolder-catchall\/","url":"https:\/\/kicka.eu\/sv\/produkt\/jonathan-adler-x-higher-standards-smolder-catchall\/","name":"Jonathan Adler X Higher Standards Smolder Catchall - Kicka","isPartOf":{"@id":"https:\/\/kicka.eu\/sv\/#website"},"primaryImageOfPage":{"@id":"https:\/\/kicka.eu\/sv\/produkt\/jonathan-adler-x-higher-standards-smolder-catchall\/#primaryimage"},"image":{"@id":"https:\/\/kicka.eu\/sv\/produkt\/jonathan-adler-x-higher-standards-smolder-catchall\/#primaryimage"},"thumbnailUrl":"https:\/\/kicka.eu\/wp-content\/uploads\/2022\/03\/16730.jpeg","datePublished":"2023-05-18T20:26:47+00:00","dateModified":"2024-01-24T20:36:22+00:00","breadcrumb":{"@id":"https:\/\/kicka.eu\/sv\/produkt\/jonathan-adler-x-higher-standards-smolder-catchall\/#breadcrumb"},"inLanguage":"sv-SE","potentialAction":[{"@type":"ReadAction","target":["https:\/\/kicka.eu\/sv\/produkt\/jonathan-adler-x-higher-standards-smolder-catchall\/"]}]},{"@type":"ImageObject","inLanguage":"sv-SE","@id":"https:\/\/kicka.eu\/sv\/produkt\/jonathan-adler-x-higher-standards-smolder-catchall\/#primaryimage","url":"https:\/\/kicka.eu\/wp-content\/uploads\/2022\/03\/16730.jpeg","contentUrl":"https:\/\/kicka.eu\/wp-content\/uploads\/2022\/03\/16730.jpeg","width":800,"height":800},{"@type":"BreadcrumbList","@id":"https:\/\/kicka.eu\/sv\/produkt\/jonathan-adler-x-higher-standards-smolder-catchall\/#breadcrumb","itemListElement":[{"@type":"ListItem","position":1,"name":"Home","item":"https:\/\/kicka.eu\/sv\/"},{"@type":"ListItem","position":2,"name":"Shop","item":"https:\/\/kicka.eu\/sv\/shop\/"},{"@type":"ListItem","position":3,"name":"Jonathan Adler X Higher Standards Smolder Catchall"}]},{"@type":"WebSite","@id":"https:\/\/kicka.eu\/sv\/#website","url":"https:\/\/kicka.eu\/sv\/","name":"Kicka","description":"Online Headshop","publisher":{"@id":"https:\/\/kicka.eu\/sv\/#organization"},"potentialAction":[{"@type":"SearchAction","target":{"@type":"EntryPoint","urlTemplate":"https:\/\/kicka.eu\/sv\/?s={search_term_string}"},"query-input":"required name=search_term_string"}],"inLanguage":"sv-SE"},{"@type":"Organization","@id":"https:\/\/kicka.eu\/sv\/#organization","name":"Kicka","url":"https:\/\/kicka.eu\/sv\/","logo":{"@type":"ImageObject","inLanguage":"sv-SE","@id":"https:\/\/kicka.eu\/sv\/#\/schema\/logo\/image\/","url":"https:\/\/kicka.eu\/wp-content\/uploads\/2023\/08\/Kicka-Logo.png","contentUrl":"https:\/\/kicka.eu\/wp-content\/uploads\/2023\/08\/Kicka-Logo.png","width":233,"height":233,"caption":"Kicka"},"image":{"@id":"https:\/\/kicka.eu\/sv\/#\/schema\/logo\/image\/"}}]}},"_links":{"self":[{"href":"https:\/\/kicka.eu\/sv\/wp-json\/wp\/v2\/product\/40995","targetHints":{"allow":["GET"]}}],"collection":[{"href":"https:\/\/kicka.eu\/sv\/wp-json\/wp\/v2\/product"}],"about":[{"href":"https:\/\/kicka.eu\/sv\/wp-json\/wp\/v2\/types\/product"}],"replies":[{"embeddable":true,"href":"https:\/\/kicka.eu\/sv\/wp-json\/wp\/v2\/comments?post=40995"}],"wp:featuredmedia":[{"embeddable":true,"href":"https:\/\/kicka.eu\/sv\/wp-json\/wp\/v2\/media\/346"}],"wp:attachment":[{"href":"https:\/\/kicka.eu\/sv\/wp-json\/wp\/v2\/media?parent=40995"}],"wp:term":[{"taxonomy":"product_cat","embeddable":true,"href":"https:\/\/kicka.eu\/sv\/wp-json\/wp\/v2\/product_cat?post=40995"},{"taxonomy":"product_tag","embeddable":true,"href":"https:\/\/kicka.eu\/sv\/wp-json\/wp\/v2\/product_tag?post=40995"}],"curies":[{"name":"wp","href":"https:\/\/api.w.org\/{rel}","templated":true}]}}