{"id":40990,"date":"2023-05-18T22:26:46","date_gmt":"2023-05-18T20:26:46","guid":{"rendered":"https:\/\/kicka.eu\/product\/aerospaced-by-higher-standards-4-delar-toothless-grinder-63-mm-stor-svart\/"},"modified":"2024-01-24T21:41:57","modified_gmt":"2024-01-24T20:41:57","slug":"aerospaced-by-higher-standards-4-delar-toothless-grinder-63-mm-stor-svart","status":"publish","type":"product","link":"https:\/\/kicka.eu\/sv\/produkt\/aerospaced-by-higher-standards-4-delar-toothless-grinder-63-mm-stor-svart\/","title":{"rendered":"Aerospaced by Higher Standards 4-Delar Toothless Grinder 63 Mm Stor Svart"},"content":{"rendered":"","protected":false},"excerpt":{"rendered":"<p>Aerosced av h\u00f6gre standarder 4-bitars tandl\u00f6sa kvarn har skarpa knivar som skiva material fint och effektivt. Konsistensen kommer att vara pulveriserad (och vapa v\u00e4nlig), s\u00e5 att du kan f\u00e5 ut det mesta av ditt material. Denna nya slipningsteknik g\u00f6r det \u00e4nnu enklare att slipa blommor: det kr\u00e4ver ingen f\u00f6rberedelse av ditt material, som att bryta det f\u00f6r hand innan du placerar det i kvarnen. Aerosced av h\u00f6gre standarder erbjuder en rad kvalitetsslinken, konstruerad med h\u00f6g precision fr\u00e5n slitstarka material. Alla sina slipmaskiner \u00e4r gjorda av ett solidt block av aluminium f\u00f6r luftfartygsklass f\u00f6r tillf\u00f6rlitlig robusthet. Den anodiserade finishen s\u00e4kerst\u00e4ller att bel\u00e4ggningen inte kommer att flinga i dina dyrbara \u00f6rter, eller repa bort som billigt gjorda slipmaskiner. Alla 4-bitars slipmaskiner har en integrerad pollenf\u00e5ngare f\u00f6r att f\u00e5nga de minsta partiklarna fr\u00e5n din markv\u00e4xter. Den medf\u00f6ljande skrapan hj\u00e4lper dig att samla alla fina partiklar som f\u00e5ngas i bottenkammaren, s\u00e5 du kan f\u00e5 ut det mesta av ditt material.<\/p>\n","protected":false},"featured_media":498,"comment_status":"open","ping_status":"closed","template":"","meta":{"_acf_changed":false,"_et_pb_use_builder":"","_et_pb_old_content":"","_et_gb_content_width":"","om_disable_all_campaigns":false,"_monsterinsights_skip_tracking":false,"_monsterinsights_sitenote_active":false,"_monsterinsights_sitenote_note":"","_monsterinsights_sitenote_category":0,"_uf_show_specific_survey":0,"_uf_disable_surveys":false},"product_cat":[30],"product_tag":[39],"class_list":{"0":"post-40990","1":"product","2":"type-product","3":"status-publish","4":"has-post-thumbnail","6":"product_cat-tillbehor","7":"product_tag-grinders","8":"pa_varumarken-higher-standards","10":"first","11":"onbackorder","12":"taxable","13":"shipping-taxable","14":"purchasable","15":"product-type-simple"},"acf":[],"yoast_head":"<!-- This site is optimized with the Yoast SEO plugin v22.8 - https:\/\/yoast.com\/wordpress\/plugins\/seo\/ -->\n<title>Aerospaced by Higher Standards 4-Delar Toothless Grinder 63 Mm Stor Svart - Kicka<\/title>\n<meta name=\"robots\" content=\"index, follow, max-snippet:-1, max-image-preview:large, max-video-preview:-1\" \/>\n<link rel=\"canonical\" href=\"https:\/\/kicka.eu\/sv\/produkt\/aerospaced-by-higher-standards-4-delar-toothless-grinder-63-mm-stor-svart\/\" \/>\n<meta property=\"og:locale\" content=\"sv_SE\" \/>\n<meta property=\"og:type\" content=\"article\" \/>\n<meta property=\"og:title\" content=\"Aerospaced by Higher Standards 4-Delar Toothless Grinder 63 Mm Stor Svart - Kicka\" \/>\n<meta property=\"og:description\" content=\"Aerosced av h\u00f6gre standarder 4-bitars tandl\u00f6sa kvarn har skarpa knivar som skiva material fint och effektivt. Konsistensen kommer att vara pulveriserad (och vapa v\u00e4nlig), s\u00e5 att du kan f\u00e5 ut det mesta av ditt material. Denna nya slipningsteknik g\u00f6r det \u00e4nnu enklare att slipa blommor: det kr\u00e4ver ingen f\u00f6rberedelse av ditt material, som att bryta det f\u00f6r hand innan du placerar det i kvarnen. Aerosced av h\u00f6gre standarder erbjuder en rad kvalitetsslinken, konstruerad med h\u00f6g precision fr\u00e5n slitstarka material. Alla sina slipmaskiner \u00e4r gjorda av ett solidt block av aluminium f\u00f6r luftfartygsklass f\u00f6r tillf\u00f6rlitlig robusthet. Den anodiserade finishen s\u00e4kerst\u00e4ller att bel\u00e4ggningen inte kommer att flinga i dina dyrbara \u00f6rter, eller repa bort som billigt gjorda slipmaskiner. Alla 4-bitars slipmaskiner har en integrerad pollenf\u00e5ngare f\u00f6r att f\u00e5nga de minsta partiklarna fr\u00e5n din markv\u00e4xter. Den medf\u00f6ljande skrapan hj\u00e4lper dig att samla alla fina partiklar som f\u00e5ngas i bottenkammaren, s\u00e5 du kan f\u00e5 ut det mesta av ditt material.\" \/>\n<meta property=\"og:url\" content=\"https:\/\/kicka.eu\/sv\/produkt\/aerospaced-by-higher-standards-4-delar-toothless-grinder-63-mm-stor-svart\/\" \/>\n<meta property=\"og:site_name\" content=\"Kicka\" \/>\n<meta property=\"article:modified_time\" content=\"2024-01-24T20:41:57+00:00\" \/>\n<meta property=\"og:image\" content=\"https:\/\/kicka.eu\/wp-content\/uploads\/2022\/03\/20042.jpeg\" \/>\n\t<meta property=\"og:image:width\" content=\"800\" \/>\n\t<meta property=\"og:image:height\" content=\"800\" \/>\n\t<meta property=\"og:image:type\" content=\"image\/jpeg\" \/>\n<meta name=\"twitter:card\" content=\"summary_large_image\" \/>\n<script type=\"application\/ld+json\" class=\"yoast-schema-graph\">{\"@context\":\"https:\/\/schema.org\",\"@graph\":[{\"@type\":\"WebPage\",\"@id\":\"https:\/\/kicka.eu\/sv\/produkt\/aerospaced-by-higher-standards-4-delar-toothless-grinder-63-mm-stor-svart\/\",\"url\":\"https:\/\/kicka.eu\/sv\/produkt\/aerospaced-by-higher-standards-4-delar-toothless-grinder-63-mm-stor-svart\/\",\"name\":\"Aerospaced by Higher Standards 4-Delar Toothless Grinder 63 Mm Stor Svart - Kicka\",\"isPartOf\":{\"@id\":\"https:\/\/kicka.eu\/sv\/#website\"},\"primaryImageOfPage\":{\"@id\":\"https:\/\/kicka.eu\/sv\/produkt\/aerospaced-by-higher-standards-4-delar-toothless-grinder-63-mm-stor-svart\/#primaryimage\"},\"image\":{\"@id\":\"https:\/\/kicka.eu\/sv\/produkt\/aerospaced-by-higher-standards-4-delar-toothless-grinder-63-mm-stor-svart\/#primaryimage\"},\"thumbnailUrl\":\"https:\/\/kicka.eu\/wp-content\/uploads\/2022\/03\/20042.jpeg\",\"datePublished\":\"2023-05-18T20:26:46+00:00\",\"dateModified\":\"2024-01-24T20:41:57+00:00\",\"breadcrumb\":{\"@id\":\"https:\/\/kicka.eu\/sv\/produkt\/aerospaced-by-higher-standards-4-delar-toothless-grinder-63-mm-stor-svart\/#breadcrumb\"},\"inLanguage\":\"sv-SE\",\"potentialAction\":[{\"@type\":\"ReadAction\",\"target\":[\"https:\/\/kicka.eu\/sv\/produkt\/aerospaced-by-higher-standards-4-delar-toothless-grinder-63-mm-stor-svart\/\"]}]},{\"@type\":\"ImageObject\",\"inLanguage\":\"sv-SE\",\"@id\":\"https:\/\/kicka.eu\/sv\/produkt\/aerospaced-by-higher-standards-4-delar-toothless-grinder-63-mm-stor-svart\/#primaryimage\",\"url\":\"https:\/\/kicka.eu\/wp-content\/uploads\/2022\/03\/20042.jpeg\",\"contentUrl\":\"https:\/\/kicka.eu\/wp-content\/uploads\/2022\/03\/20042.jpeg\",\"width\":800,\"height\":800},{\"@type\":\"BreadcrumbList\",\"@id\":\"https:\/\/kicka.eu\/sv\/produkt\/aerospaced-by-higher-standards-4-delar-toothless-grinder-63-mm-stor-svart\/#breadcrumb\",\"itemListElement\":[{\"@type\":\"ListItem\",\"position\":1,\"name\":\"Home\",\"item\":\"https:\/\/kicka.eu\/sv\/\"},{\"@type\":\"ListItem\",\"position\":2,\"name\":\"Shop\",\"item\":\"https:\/\/kicka.eu\/sv\/shop\/\"},{\"@type\":\"ListItem\",\"position\":3,\"name\":\"Aerospaced by Higher Standards 4-Delar Toothless Grinder 63 Mm Stor Svart\"}]},{\"@type\":\"WebSite\",\"@id\":\"https:\/\/kicka.eu\/sv\/#website\",\"url\":\"https:\/\/kicka.eu\/sv\/\",\"name\":\"Kicka\",\"description\":\"Online Headshop\",\"publisher\":{\"@id\":\"https:\/\/kicka.eu\/sv\/#organization\"},\"potentialAction\":[{\"@type\":\"SearchAction\",\"target\":{\"@type\":\"EntryPoint\",\"urlTemplate\":\"https:\/\/kicka.eu\/sv\/?s={search_term_string}\"},\"query-input\":\"required name=search_term_string\"}],\"inLanguage\":\"sv-SE\"},{\"@type\":\"Organization\",\"@id\":\"https:\/\/kicka.eu\/sv\/#organization\",\"name\":\"Kicka\",\"url\":\"https:\/\/kicka.eu\/sv\/\",\"logo\":{\"@type\":\"ImageObject\",\"inLanguage\":\"sv-SE\",\"@id\":\"https:\/\/kicka.eu\/sv\/#\/schema\/logo\/image\/\",\"url\":\"https:\/\/kicka.eu\/wp-content\/uploads\/2023\/08\/Kicka-Logo.png\",\"contentUrl\":\"https:\/\/kicka.eu\/wp-content\/uploads\/2023\/08\/Kicka-Logo.png\",\"width\":233,\"height\":233,\"caption\":\"Kicka\"},\"image\":{\"@id\":\"https:\/\/kicka.eu\/sv\/#\/schema\/logo\/image\/\"}}]}<\/script>\n<!-- \/ Yoast SEO plugin. -->","yoast_head_json":{"title":"Aerospaced by Higher Standards 4-Delar Toothless Grinder 63 Mm Stor Svart - Kicka","robots":{"index":"index","follow":"follow","max-snippet":"max-snippet:-1","max-image-preview":"max-image-preview:large","max-video-preview":"max-video-preview:-1"},"canonical":"https:\/\/kicka.eu\/sv\/produkt\/aerospaced-by-higher-standards-4-delar-toothless-grinder-63-mm-stor-svart\/","og_locale":"sv_SE","og_type":"article","og_title":"Aerospaced by Higher Standards 4-Delar Toothless Grinder 63 Mm Stor Svart - Kicka","og_description":"Aerosced av h\u00f6gre standarder 4-bitars tandl\u00f6sa kvarn har skarpa knivar som skiva material fint och effektivt. Konsistensen kommer att vara pulveriserad (och vapa v\u00e4nlig), s\u00e5 att du kan f\u00e5 ut det mesta av ditt material. Denna nya slipningsteknik g\u00f6r det \u00e4nnu enklare att slipa blommor: det kr\u00e4ver ingen f\u00f6rberedelse av ditt material, som att bryta det f\u00f6r hand innan du placerar det i kvarnen. Aerosced av h\u00f6gre standarder erbjuder en rad kvalitetsslinken, konstruerad med h\u00f6g precision fr\u00e5n slitstarka material. Alla sina slipmaskiner \u00e4r gjorda av ett solidt block av aluminium f\u00f6r luftfartygsklass f\u00f6r tillf\u00f6rlitlig robusthet. Den anodiserade finishen s\u00e4kerst\u00e4ller att bel\u00e4ggningen inte kommer att flinga i dina dyrbara \u00f6rter, eller repa bort som billigt gjorda slipmaskiner. Alla 4-bitars slipmaskiner har en integrerad pollenf\u00e5ngare f\u00f6r att f\u00e5nga de minsta partiklarna fr\u00e5n din markv\u00e4xter. Den medf\u00f6ljande skrapan hj\u00e4lper dig att samla alla fina partiklar som f\u00e5ngas i bottenkammaren, s\u00e5 du kan f\u00e5 ut det mesta av ditt material.","og_url":"https:\/\/kicka.eu\/sv\/produkt\/aerospaced-by-higher-standards-4-delar-toothless-grinder-63-mm-stor-svart\/","og_site_name":"Kicka","article_modified_time":"2024-01-24T20:41:57+00:00","og_image":[{"width":800,"height":800,"url":"https:\/\/kicka.eu\/wp-content\/uploads\/2022\/03\/20042.jpeg","type":"image\/jpeg"}],"twitter_card":"summary_large_image","schema":{"@context":"https:\/\/schema.org","@graph":[{"@type":"WebPage","@id":"https:\/\/kicka.eu\/sv\/produkt\/aerospaced-by-higher-standards-4-delar-toothless-grinder-63-mm-stor-svart\/","url":"https:\/\/kicka.eu\/sv\/produkt\/aerospaced-by-higher-standards-4-delar-toothless-grinder-63-mm-stor-svart\/","name":"Aerospaced by Higher Standards 4-Delar Toothless Grinder 63 Mm Stor Svart - Kicka","isPartOf":{"@id":"https:\/\/kicka.eu\/sv\/#website"},"primaryImageOfPage":{"@id":"https:\/\/kicka.eu\/sv\/produkt\/aerospaced-by-higher-standards-4-delar-toothless-grinder-63-mm-stor-svart\/#primaryimage"},"image":{"@id":"https:\/\/kicka.eu\/sv\/produkt\/aerospaced-by-higher-standards-4-delar-toothless-grinder-63-mm-stor-svart\/#primaryimage"},"thumbnailUrl":"https:\/\/kicka.eu\/wp-content\/uploads\/2022\/03\/20042.jpeg","datePublished":"2023-05-18T20:26:46+00:00","dateModified":"2024-01-24T20:41:57+00:00","breadcrumb":{"@id":"https:\/\/kicka.eu\/sv\/produkt\/aerospaced-by-higher-standards-4-delar-toothless-grinder-63-mm-stor-svart\/#breadcrumb"},"inLanguage":"sv-SE","potentialAction":[{"@type":"ReadAction","target":["https:\/\/kicka.eu\/sv\/produkt\/aerospaced-by-higher-standards-4-delar-toothless-grinder-63-mm-stor-svart\/"]}]},{"@type":"ImageObject","inLanguage":"sv-SE","@id":"https:\/\/kicka.eu\/sv\/produkt\/aerospaced-by-higher-standards-4-delar-toothless-grinder-63-mm-stor-svart\/#primaryimage","url":"https:\/\/kicka.eu\/wp-content\/uploads\/2022\/03\/20042.jpeg","contentUrl":"https:\/\/kicka.eu\/wp-content\/uploads\/2022\/03\/20042.jpeg","width":800,"height":800},{"@type":"BreadcrumbList","@id":"https:\/\/kicka.eu\/sv\/produkt\/aerospaced-by-higher-standards-4-delar-toothless-grinder-63-mm-stor-svart\/#breadcrumb","itemListElement":[{"@type":"ListItem","position":1,"name":"Home","item":"https:\/\/kicka.eu\/sv\/"},{"@type":"ListItem","position":2,"name":"Shop","item":"https:\/\/kicka.eu\/sv\/shop\/"},{"@type":"ListItem","position":3,"name":"Aerospaced by Higher Standards 4-Delar Toothless Grinder 63 Mm Stor Svart"}]},{"@type":"WebSite","@id":"https:\/\/kicka.eu\/sv\/#website","url":"https:\/\/kicka.eu\/sv\/","name":"Kicka","description":"Online Headshop","publisher":{"@id":"https:\/\/kicka.eu\/sv\/#organization"},"potentialAction":[{"@type":"SearchAction","target":{"@type":"EntryPoint","urlTemplate":"https:\/\/kicka.eu\/sv\/?s={search_term_string}"},"query-input":"required name=search_term_string"}],"inLanguage":"sv-SE"},{"@type":"Organization","@id":"https:\/\/kicka.eu\/sv\/#organization","name":"Kicka","url":"https:\/\/kicka.eu\/sv\/","logo":{"@type":"ImageObject","inLanguage":"sv-SE","@id":"https:\/\/kicka.eu\/sv\/#\/schema\/logo\/image\/","url":"https:\/\/kicka.eu\/wp-content\/uploads\/2023\/08\/Kicka-Logo.png","contentUrl":"https:\/\/kicka.eu\/wp-content\/uploads\/2023\/08\/Kicka-Logo.png","width":233,"height":233,"caption":"Kicka"},"image":{"@id":"https:\/\/kicka.eu\/sv\/#\/schema\/logo\/image\/"}}]}},"_links":{"self":[{"href":"https:\/\/kicka.eu\/sv\/wp-json\/wp\/v2\/product\/40990","targetHints":{"allow":["GET"]}}],"collection":[{"href":"https:\/\/kicka.eu\/sv\/wp-json\/wp\/v2\/product"}],"about":[{"href":"https:\/\/kicka.eu\/sv\/wp-json\/wp\/v2\/types\/product"}],"replies":[{"embeddable":true,"href":"https:\/\/kicka.eu\/sv\/wp-json\/wp\/v2\/comments?post=40990"}],"wp:featuredmedia":[{"embeddable":true,"href":"https:\/\/kicka.eu\/sv\/wp-json\/wp\/v2\/media\/498"}],"wp:attachment":[{"href":"https:\/\/kicka.eu\/sv\/wp-json\/wp\/v2\/media?parent=40990"}],"wp:term":[{"taxonomy":"product_cat","embeddable":true,"href":"https:\/\/kicka.eu\/sv\/wp-json\/wp\/v2\/product_cat?post=40990"},{"taxonomy":"product_tag","embeddable":true,"href":"https:\/\/kicka.eu\/sv\/wp-json\/wp\/v2\/product_tag?post=40990"}],"curies":[{"name":"wp","href":"https:\/\/api.w.org\/{rel}","templated":true}]}}