{"id":40982,"date":"2023-05-18T22:26:45","date_gmt":"2023-05-18T20:26:45","guid":{"rendered":"https:\/\/kicka.eu\/product\/higher-standards-heavy-duty-rig\/"},"modified":"2023-11-03T16:56:52","modified_gmt":"2023-11-03T15:56:52","slug":"higher-standards-heavy-duty-rig","status":"publish","type":"product","link":"https:\/\/kicka.eu\/sv\/produkt\/higher-standards-heavy-duty-rig\/","title":{"rendered":"Heavy Duty Rig"},"content":{"rendered":"","protected":false},"excerpt":{"rendered":"<p>Tillverkad fr\u00e5n 100% medicinskt borosilikatglas, k\u00e4nnetecknas den h\u00f6gre standardstyrkan av tydlighet, h\u00e5llbarhet, v\u00e4rmebest\u00e4ndighet och en l\u00e4ttanv\u00e4nt design. Dess rena, tydliga utseende ger en vackert genomskinlig utsikt \u00f6ver vad som h\u00e4nder inom r\u00f6ret. Den tunga riggens icke-por\u00f6sa ytor \u00e4r l\u00e4tta att reng\u00f6ra, vilket f\u00f6rhindrar uppbyggnad f\u00f6r att s\u00e4kerst\u00e4lla optimal prestanda. Med en medicinsk design \u00e4r denna premiumrigg resistent mot h\u00f6ga temperaturer, vilket bevarar de v\u00e4sentliga smakerna av koncentrat utan o\u00f6nskade smaker eller lukt. Byggd h\u00e5rd, den kompakta men soliga tunga riggen levererar ren smak varje session.<br \/>\n100% kvartspik<\/p>\n<p>F\u00f6r maximal smaksutvinning har de h\u00f6gre standarderna tunga riggen en extra tjock banger gjord av 100% ren kvarts kristall. KOMPABLE att motst\u00e5 extrema temperaturer, drar kvartspiket intensiv smak fr\u00e5n koncentrat vid l\u00e4gre temperaturer, vilket ger smidiga, kraftfulla rips. Designad med r\u00e4tt tjocklek, kommer Banger inte l\u00e4tt att spricka eller bryta, vilket garanterar l\u00e5ngvarig prestanda. Djupsk\u00e5len minimerar st\u00e4nk medan du introducerar kall luft f\u00f6r bekv\u00e4ma rips. Med en stabil arm och luftt\u00e4t jordglasanslutning, stannar bantaren s\u00e4kert p\u00e5 den tunga riggen under anv\u00e4ndning, vilket minimerar stressen till fogen. Med en ren Quartz Banger visar v\u00e5r premiumrigg ett brett utbud av smaknoter samtidigt som det uppr\u00e4tth\u00e5ller konsekvent potens i varje rip.<br \/>\nLuftt\u00e4t kammare<\/p>\n<p>Fr\u00e5n den snygga jordglasanslutningen till dess ergonomiska munstycke har den tunga riggen en f\u00f6rseglad v\u00e4g som ger direkt och smakrika tr\u00e4ffar. Ett flared munstycke skapar en luftt\u00e4t t\u00e4tning mellan mun och glas som optimerar sug. Genom att minimera dragmotst\u00e5ndet ger den tunga riggen varje tr\u00e4ff inte tid att avl\u00e4gsna i styrka eller smak f\u00f6re inandning. Precision-konstruerad F\u00f6r att extrahera den optimala niv\u00e5n av smak fr\u00e5n koncentrat, presenterar den tunga riggen den skarpa, komplexa smaken som k\u00e4nnetecknas.<br \/>\nDiffused downstem<\/p>\n<p>Konstruerad f\u00f6r maximal vattenfiltrering, har den h\u00f6gre standarderna tunga riggen ett diffunderat understems med extra smala slitsar. Denna unika design producerar finare bubblor, \u00f6kande kontakt mellan r\u00f6k och fukt. N\u00e4r varje tr\u00e4ff reser genom vattenkammaren renas den, fuktas och kyles f\u00f6r bekv\u00e4ma inhalationer.<br \/>\nReversibel samlarens fall<\/p>\n<p>Designad f\u00f6r finsmakare, de h\u00f6gre standarderna tunga riggarna skeppar i en sl\u00e4t och reversibel kollektorfall med alla de verktyg du beh\u00f6ver. Satsen inneh\u00e5ller tv\u00e5 premiummetallverktyg med silikongrepp, en quad-compartment vaxbeh\u00e5llare f\u00f6r att lagra olika koncentrat separat och en 100% kvarts kristallb\u00e4r. Samlaren \u00e4r s\u00e4kert lagrar din tunga rigg och tillbeh\u00f6r f\u00f6r diskreta, s\u00e4kra resor.<\/p>\n","protected":false},"featured_media":461,"comment_status":"open","ping_status":"closed","template":"","meta":{"_acf_changed":false,"_et_pb_use_builder":"","_et_pb_old_content":"","_et_gb_content_width":"","om_disable_all_campaigns":false,"_monsterinsights_skip_tracking":false,"_monsterinsights_sitenote_active":false,"_monsterinsights_sitenote_note":"","_monsterinsights_sitenote_category":0,"_uf_show_specific_survey":0,"_uf_disable_surveys":false},"product_cat":[41],"product_tag":[54],"class_list":{"0":"post-40982","1":"product","2":"type-product","3":"status-publish","4":"has-post-thumbnail","6":"product_cat-glas","7":"product_tag-rig","8":"pa_varumarken-higher-standards","10":"first","11":"instock","12":"taxable","13":"shipping-taxable","14":"purchasable","15":"product-type-simple"},"acf":[],"yoast_head":"<!-- This site is optimized with the Yoast SEO plugin v22.8 - https:\/\/yoast.com\/wordpress\/plugins\/seo\/ -->\n<title>Heavy Duty Rig - Kicka<\/title>\n<meta name=\"robots\" content=\"index, follow, max-snippet:-1, max-image-preview:large, max-video-preview:-1\" \/>\n<link rel=\"canonical\" href=\"https:\/\/kicka.eu\/sv\/produkt\/higher-standards-heavy-duty-rig\/\" \/>\n<meta property=\"og:locale\" content=\"sv_SE\" \/>\n<meta property=\"og:type\" content=\"article\" \/>\n<meta property=\"og:title\" content=\"Heavy Duty Rig - Kicka\" \/>\n<meta property=\"og:description\" content=\"Tillverkad fr\u00e5n 100% medicinskt borosilikatglas, k\u00e4nnetecknas den h\u00f6gre standardstyrkan av tydlighet, h\u00e5llbarhet, v\u00e4rmebest\u00e4ndighet och en l\u00e4ttanv\u00e4nt design. Dess rena, tydliga utseende ger en vackert genomskinlig utsikt \u00f6ver vad som h\u00e4nder inom r\u00f6ret. Den tunga riggens icke-por\u00f6sa ytor \u00e4r l\u00e4tta att reng\u00f6ra, vilket f\u00f6rhindrar uppbyggnad f\u00f6r att s\u00e4kerst\u00e4lla optimal prestanda. Med en medicinsk design \u00e4r denna premiumrigg resistent mot h\u00f6ga temperaturer, vilket bevarar de v\u00e4sentliga smakerna av koncentrat utan o\u00f6nskade smaker eller lukt. Byggd h\u00e5rd, den kompakta men soliga tunga riggen levererar ren smak varje session. 100% kvartspik  F\u00f6r maximal smaksutvinning har de h\u00f6gre standarderna tunga riggen en extra tjock banger gjord av 100% ren kvarts kristall. KOMPABLE att motst\u00e5 extrema temperaturer, drar kvartspiket intensiv smak fr\u00e5n koncentrat vid l\u00e4gre temperaturer, vilket ger smidiga, kraftfulla rips. Designad med r\u00e4tt tjocklek, kommer Banger inte l\u00e4tt att spricka eller bryta, vilket garanterar l\u00e5ngvarig prestanda. Djupsk\u00e5len minimerar st\u00e4nk medan du introducerar kall luft f\u00f6r bekv\u00e4ma rips. Med en stabil arm och luftt\u00e4t jordglasanslutning, stannar bantaren s\u00e4kert p\u00e5 den tunga riggen under anv\u00e4ndning, vilket minimerar stressen till fogen. Med en ren Quartz Banger visar v\u00e5r premiumrigg ett brett utbud av smaknoter samtidigt som det uppr\u00e4tth\u00e5ller konsekvent potens i varje rip. Luftt\u00e4t kammare  Fr\u00e5n den snygga jordglasanslutningen till dess ergonomiska munstycke har den tunga riggen en f\u00f6rseglad v\u00e4g som ger direkt och smakrika tr\u00e4ffar. Ett flared munstycke skapar en luftt\u00e4t t\u00e4tning mellan mun och glas som optimerar sug. Genom att minimera dragmotst\u00e5ndet ger den tunga riggen varje tr\u00e4ff inte tid att avl\u00e4gsna i styrka eller smak f\u00f6re inandning. Precision-konstruerad F\u00f6r att extrahera den optimala niv\u00e5n av smak fr\u00e5n koncentrat, presenterar den tunga riggen den skarpa, komplexa smaken som k\u00e4nnetecknas. Diffused downstem  Konstruerad f\u00f6r maximal vattenfiltrering, har den h\u00f6gre standarderna tunga riggen ett diffunderat understems med extra smala slitsar. Denna unika design producerar finare bubblor, \u00f6kande kontakt mellan r\u00f6k och fukt. N\u00e4r varje tr\u00e4ff reser genom vattenkammaren renas den, fuktas och kyles f\u00f6r bekv\u00e4ma inhalationer. Reversibel samlarens fall  Designad f\u00f6r finsmakare, de h\u00f6gre standarderna tunga riggarna skeppar i en sl\u00e4t och reversibel kollektorfall med alla de verktyg du beh\u00f6ver. Satsen inneh\u00e5ller tv\u00e5 premiummetallverktyg med silikongrepp, en quad-compartment vaxbeh\u00e5llare f\u00f6r att lagra olika koncentrat separat och en 100% kvarts kristallb\u00e4r. Samlaren \u00e4r s\u00e4kert lagrar din tunga rigg och tillbeh\u00f6r f\u00f6r diskreta, s\u00e4kra resor.\" \/>\n<meta property=\"og:url\" content=\"https:\/\/kicka.eu\/sv\/produkt\/higher-standards-heavy-duty-rig\/\" \/>\n<meta property=\"og:site_name\" content=\"Kicka\" \/>\n<meta property=\"article:modified_time\" content=\"2023-11-03T15:56:52+00:00\" \/>\n<meta property=\"og:image\" content=\"https:\/\/kicka.eu\/wp-content\/uploads\/2022\/03\/19951.jpeg\" \/>\n\t<meta property=\"og:image:width\" content=\"800\" \/>\n\t<meta property=\"og:image:height\" content=\"800\" \/>\n\t<meta property=\"og:image:type\" content=\"image\/jpeg\" \/>\n<meta name=\"twitter:card\" content=\"summary_large_image\" \/>\n<script type=\"application\/ld+json\" class=\"yoast-schema-graph\">{\"@context\":\"https:\/\/schema.org\",\"@graph\":[{\"@type\":\"WebPage\",\"@id\":\"https:\/\/kicka.eu\/sv\/produkt\/higher-standards-heavy-duty-rig\/\",\"url\":\"https:\/\/kicka.eu\/sv\/produkt\/higher-standards-heavy-duty-rig\/\",\"name\":\"Heavy Duty Rig - Kicka\",\"isPartOf\":{\"@id\":\"https:\/\/kicka.eu\/sv\/#website\"},\"primaryImageOfPage\":{\"@id\":\"https:\/\/kicka.eu\/sv\/produkt\/higher-standards-heavy-duty-rig\/#primaryimage\"},\"image\":{\"@id\":\"https:\/\/kicka.eu\/sv\/produkt\/higher-standards-heavy-duty-rig\/#primaryimage\"},\"thumbnailUrl\":\"https:\/\/kicka.eu\/wp-content\/uploads\/2022\/03\/19951.jpeg\",\"datePublished\":\"2023-05-18T20:26:45+00:00\",\"dateModified\":\"2023-11-03T15:56:52+00:00\",\"breadcrumb\":{\"@id\":\"https:\/\/kicka.eu\/sv\/produkt\/higher-standards-heavy-duty-rig\/#breadcrumb\"},\"inLanguage\":\"sv-SE\",\"potentialAction\":[{\"@type\":\"ReadAction\",\"target\":[\"https:\/\/kicka.eu\/sv\/produkt\/higher-standards-heavy-duty-rig\/\"]}]},{\"@type\":\"ImageObject\",\"inLanguage\":\"sv-SE\",\"@id\":\"https:\/\/kicka.eu\/sv\/produkt\/higher-standards-heavy-duty-rig\/#primaryimage\",\"url\":\"https:\/\/kicka.eu\/wp-content\/uploads\/2022\/03\/19951.jpeg\",\"contentUrl\":\"https:\/\/kicka.eu\/wp-content\/uploads\/2022\/03\/19951.jpeg\",\"width\":800,\"height\":800},{\"@type\":\"BreadcrumbList\",\"@id\":\"https:\/\/kicka.eu\/sv\/produkt\/higher-standards-heavy-duty-rig\/#breadcrumb\",\"itemListElement\":[{\"@type\":\"ListItem\",\"position\":1,\"name\":\"Home\",\"item\":\"https:\/\/kicka.eu\/sv\/\"},{\"@type\":\"ListItem\",\"position\":2,\"name\":\"Shop\",\"item\":\"https:\/\/kicka.eu\/sv\/shop\/\"},{\"@type\":\"ListItem\",\"position\":3,\"name\":\"Heavy Duty Rig\"}]},{\"@type\":\"WebSite\",\"@id\":\"https:\/\/kicka.eu\/sv\/#website\",\"url\":\"https:\/\/kicka.eu\/sv\/\",\"name\":\"Kicka\",\"description\":\"Online Headshop\",\"publisher\":{\"@id\":\"https:\/\/kicka.eu\/sv\/#organization\"},\"potentialAction\":[{\"@type\":\"SearchAction\",\"target\":{\"@type\":\"EntryPoint\",\"urlTemplate\":\"https:\/\/kicka.eu\/sv\/?s={search_term_string}\"},\"query-input\":\"required name=search_term_string\"}],\"inLanguage\":\"sv-SE\"},{\"@type\":\"Organization\",\"@id\":\"https:\/\/kicka.eu\/sv\/#organization\",\"name\":\"Kicka\",\"url\":\"https:\/\/kicka.eu\/sv\/\",\"logo\":{\"@type\":\"ImageObject\",\"inLanguage\":\"sv-SE\",\"@id\":\"https:\/\/kicka.eu\/sv\/#\/schema\/logo\/image\/\",\"url\":\"https:\/\/kicka.eu\/wp-content\/uploads\/2023\/08\/Kicka-Logo.png\",\"contentUrl\":\"https:\/\/kicka.eu\/wp-content\/uploads\/2023\/08\/Kicka-Logo.png\",\"width\":233,\"height\":233,\"caption\":\"Kicka\"},\"image\":{\"@id\":\"https:\/\/kicka.eu\/sv\/#\/schema\/logo\/image\/\"}}]}<\/script>\n<!-- \/ Yoast SEO plugin. -->","yoast_head_json":{"title":"Heavy Duty Rig - Kicka","robots":{"index":"index","follow":"follow","max-snippet":"max-snippet:-1","max-image-preview":"max-image-preview:large","max-video-preview":"max-video-preview:-1"},"canonical":"https:\/\/kicka.eu\/sv\/produkt\/higher-standards-heavy-duty-rig\/","og_locale":"sv_SE","og_type":"article","og_title":"Heavy Duty Rig - Kicka","og_description":"Tillverkad fr\u00e5n 100% medicinskt borosilikatglas, k\u00e4nnetecknas den h\u00f6gre standardstyrkan av tydlighet, h\u00e5llbarhet, v\u00e4rmebest\u00e4ndighet och en l\u00e4ttanv\u00e4nt design. Dess rena, tydliga utseende ger en vackert genomskinlig utsikt \u00f6ver vad som h\u00e4nder inom r\u00f6ret. Den tunga riggens icke-por\u00f6sa ytor \u00e4r l\u00e4tta att reng\u00f6ra, vilket f\u00f6rhindrar uppbyggnad f\u00f6r att s\u00e4kerst\u00e4lla optimal prestanda. Med en medicinsk design \u00e4r denna premiumrigg resistent mot h\u00f6ga temperaturer, vilket bevarar de v\u00e4sentliga smakerna av koncentrat utan o\u00f6nskade smaker eller lukt. Byggd h\u00e5rd, den kompakta men soliga tunga riggen levererar ren smak varje session. 100% kvartspik  F\u00f6r maximal smaksutvinning har de h\u00f6gre standarderna tunga riggen en extra tjock banger gjord av 100% ren kvarts kristall. KOMPABLE att motst\u00e5 extrema temperaturer, drar kvartspiket intensiv smak fr\u00e5n koncentrat vid l\u00e4gre temperaturer, vilket ger smidiga, kraftfulla rips. Designad med r\u00e4tt tjocklek, kommer Banger inte l\u00e4tt att spricka eller bryta, vilket garanterar l\u00e5ngvarig prestanda. Djupsk\u00e5len minimerar st\u00e4nk medan du introducerar kall luft f\u00f6r bekv\u00e4ma rips. Med en stabil arm och luftt\u00e4t jordglasanslutning, stannar bantaren s\u00e4kert p\u00e5 den tunga riggen under anv\u00e4ndning, vilket minimerar stressen till fogen. Med en ren Quartz Banger visar v\u00e5r premiumrigg ett brett utbud av smaknoter samtidigt som det uppr\u00e4tth\u00e5ller konsekvent potens i varje rip. Luftt\u00e4t kammare  Fr\u00e5n den snygga jordglasanslutningen till dess ergonomiska munstycke har den tunga riggen en f\u00f6rseglad v\u00e4g som ger direkt och smakrika tr\u00e4ffar. Ett flared munstycke skapar en luftt\u00e4t t\u00e4tning mellan mun och glas som optimerar sug. Genom att minimera dragmotst\u00e5ndet ger den tunga riggen varje tr\u00e4ff inte tid att avl\u00e4gsna i styrka eller smak f\u00f6re inandning. Precision-konstruerad F\u00f6r att extrahera den optimala niv\u00e5n av smak fr\u00e5n koncentrat, presenterar den tunga riggen den skarpa, komplexa smaken som k\u00e4nnetecknas. Diffused downstem  Konstruerad f\u00f6r maximal vattenfiltrering, har den h\u00f6gre standarderna tunga riggen ett diffunderat understems med extra smala slitsar. Denna unika design producerar finare bubblor, \u00f6kande kontakt mellan r\u00f6k och fukt. N\u00e4r varje tr\u00e4ff reser genom vattenkammaren renas den, fuktas och kyles f\u00f6r bekv\u00e4ma inhalationer. Reversibel samlarens fall  Designad f\u00f6r finsmakare, de h\u00f6gre standarderna tunga riggarna skeppar i en sl\u00e4t och reversibel kollektorfall med alla de verktyg du beh\u00f6ver. Satsen inneh\u00e5ller tv\u00e5 premiummetallverktyg med silikongrepp, en quad-compartment vaxbeh\u00e5llare f\u00f6r att lagra olika koncentrat separat och en 100% kvarts kristallb\u00e4r. Samlaren \u00e4r s\u00e4kert lagrar din tunga rigg och tillbeh\u00f6r f\u00f6r diskreta, s\u00e4kra resor.","og_url":"https:\/\/kicka.eu\/sv\/produkt\/higher-standards-heavy-duty-rig\/","og_site_name":"Kicka","article_modified_time":"2023-11-03T15:56:52+00:00","og_image":[{"width":800,"height":800,"url":"https:\/\/kicka.eu\/wp-content\/uploads\/2022\/03\/19951.jpeg","type":"image\/jpeg"}],"twitter_card":"summary_large_image","schema":{"@context":"https:\/\/schema.org","@graph":[{"@type":"WebPage","@id":"https:\/\/kicka.eu\/sv\/produkt\/higher-standards-heavy-duty-rig\/","url":"https:\/\/kicka.eu\/sv\/produkt\/higher-standards-heavy-duty-rig\/","name":"Heavy Duty Rig - Kicka","isPartOf":{"@id":"https:\/\/kicka.eu\/sv\/#website"},"primaryImageOfPage":{"@id":"https:\/\/kicka.eu\/sv\/produkt\/higher-standards-heavy-duty-rig\/#primaryimage"},"image":{"@id":"https:\/\/kicka.eu\/sv\/produkt\/higher-standards-heavy-duty-rig\/#primaryimage"},"thumbnailUrl":"https:\/\/kicka.eu\/wp-content\/uploads\/2022\/03\/19951.jpeg","datePublished":"2023-05-18T20:26:45+00:00","dateModified":"2023-11-03T15:56:52+00:00","breadcrumb":{"@id":"https:\/\/kicka.eu\/sv\/produkt\/higher-standards-heavy-duty-rig\/#breadcrumb"},"inLanguage":"sv-SE","potentialAction":[{"@type":"ReadAction","target":["https:\/\/kicka.eu\/sv\/produkt\/higher-standards-heavy-duty-rig\/"]}]},{"@type":"ImageObject","inLanguage":"sv-SE","@id":"https:\/\/kicka.eu\/sv\/produkt\/higher-standards-heavy-duty-rig\/#primaryimage","url":"https:\/\/kicka.eu\/wp-content\/uploads\/2022\/03\/19951.jpeg","contentUrl":"https:\/\/kicka.eu\/wp-content\/uploads\/2022\/03\/19951.jpeg","width":800,"height":800},{"@type":"BreadcrumbList","@id":"https:\/\/kicka.eu\/sv\/produkt\/higher-standards-heavy-duty-rig\/#breadcrumb","itemListElement":[{"@type":"ListItem","position":1,"name":"Home","item":"https:\/\/kicka.eu\/sv\/"},{"@type":"ListItem","position":2,"name":"Shop","item":"https:\/\/kicka.eu\/sv\/shop\/"},{"@type":"ListItem","position":3,"name":"Heavy Duty Rig"}]},{"@type":"WebSite","@id":"https:\/\/kicka.eu\/sv\/#website","url":"https:\/\/kicka.eu\/sv\/","name":"Kicka","description":"Online Headshop","publisher":{"@id":"https:\/\/kicka.eu\/sv\/#organization"},"potentialAction":[{"@type":"SearchAction","target":{"@type":"EntryPoint","urlTemplate":"https:\/\/kicka.eu\/sv\/?s={search_term_string}"},"query-input":"required name=search_term_string"}],"inLanguage":"sv-SE"},{"@type":"Organization","@id":"https:\/\/kicka.eu\/sv\/#organization","name":"Kicka","url":"https:\/\/kicka.eu\/sv\/","logo":{"@type":"ImageObject","inLanguage":"sv-SE","@id":"https:\/\/kicka.eu\/sv\/#\/schema\/logo\/image\/","url":"https:\/\/kicka.eu\/wp-content\/uploads\/2023\/08\/Kicka-Logo.png","contentUrl":"https:\/\/kicka.eu\/wp-content\/uploads\/2023\/08\/Kicka-Logo.png","width":233,"height":233,"caption":"Kicka"},"image":{"@id":"https:\/\/kicka.eu\/sv\/#\/schema\/logo\/image\/"}}]}},"_links":{"self":[{"href":"https:\/\/kicka.eu\/sv\/wp-json\/wp\/v2\/product\/40982","targetHints":{"allow":["GET"]}}],"collection":[{"href":"https:\/\/kicka.eu\/sv\/wp-json\/wp\/v2\/product"}],"about":[{"href":"https:\/\/kicka.eu\/sv\/wp-json\/wp\/v2\/types\/product"}],"replies":[{"embeddable":true,"href":"https:\/\/kicka.eu\/sv\/wp-json\/wp\/v2\/comments?post=40982"}],"wp:featuredmedia":[{"embeddable":true,"href":"https:\/\/kicka.eu\/sv\/wp-json\/wp\/v2\/media\/461"}],"wp:attachment":[{"href":"https:\/\/kicka.eu\/sv\/wp-json\/wp\/v2\/media?parent=40982"}],"wp:term":[{"taxonomy":"product_cat","embeddable":true,"href":"https:\/\/kicka.eu\/sv\/wp-json\/wp\/v2\/product_cat?post=40982"},{"taxonomy":"product_tag","embeddable":true,"href":"https:\/\/kicka.eu\/sv\/wp-json\/wp\/v2\/product_tag?post=40982"}],"curies":[{"name":"wp","href":"https:\/\/api.w.org\/{rel}","templated":true}]}}