{"id":40981,"date":"2023-05-18T22:26:45","date_gmt":"2023-05-18T20:26:45","guid":{"rendered":"https:\/\/kicka.eu\/product\/higher-standards-heavy-duty-riggler\/"},"modified":"2023-08-17T03:26:21","modified_gmt":"2023-08-17T01:26:21","slug":"higher-standards-heavy-duty-riggler","status":"publish","type":"product","link":"https:\/\/kicka.eu\/sv\/produkt\/higher-standards-heavy-duty-riggler\/","title":{"rendered":"Higher Standards Heavy Duty Riggler"},"content":{"rendered":"","protected":false},"excerpt":{"rendered":"<p>Den h\u00f6gre standarderna tunga riggler \u00e4r konstruerad f\u00f6r avancerad, b\u00e4rbar vattenfiltrering av din ogr\u00e4s och koncentrat. Denna innovation med dubbla anv\u00e4ndningsomr\u00e5den har en 7 mm tjock, medicinskt borsilikatglasbyggnad. Designad med ett fast diffunderst\u00f6d, skapar Riggler fina bubblor och fr\u00e4mjar \u00f6verl\u00e4gset luftfl\u00f6de f\u00f6r fuktrika och t\u00e4ta drag.<\/p>\n<p>Rigglaren \u00e4r utrustad med en kvarts banger och glassk\u00e5l f\u00f6r optimal smak\u00f6verf\u00f6ring. Denna revolution\u00e4ra stycke inneh\u00e5ller en carb cap f\u00f6r en luftt\u00e4t t\u00e4tning och ett dubbelsidigt koncentratverktyg med silikongrepp f\u00f6r bekv\u00e4m och exakt hantering av ditt material. Den tunga rigglaren har ocks\u00e5 en robust bas f\u00f6r h\u00f6gsta stabilitet.<br \/>\nFunktioner<\/p>\n<p>    Gjord i USA<br \/>\n    Dual-anv\u00e4ndningsdesign<br \/>\n    Fast diffused downstem<br \/>\n    Carb cap<br \/>\n    7 mm tjockt borosilikatglas<br \/>\n    100% QUARTZ BANGER<br \/>\n    Optimal smak\u00f6verf\u00f6ring<br \/>\n    Koncentratverktyg<br \/>\n    Robust bas<\/p>\n<p>Vad finns i boxen<\/p>\n<p>1x RIGGLER<br \/>\n1x carb cap<br \/>\n1x Quartz Banger, 14 mm Man<br \/>\n1x sk\u00e5l, 14 mm manlig<br \/>\n1x verktyg<\/p>\n","protected":false},"featured_media":364,"comment_status":"open","ping_status":"closed","template":"","meta":{"_acf_changed":false,"_et_pb_use_builder":"","_et_pb_old_content":"","_et_gb_content_width":"","om_disable_all_campaigns":false,"_monsterinsights_skip_tracking":false,"_monsterinsights_sitenote_active":false,"_monsterinsights_sitenote_note":"","_monsterinsights_sitenote_category":0,"_uf_show_specific_survey":0,"_uf_disable_surveys":false},"product_cat":[41],"product_tag":[54],"class_list":{"0":"post-40981","1":"product","2":"type-product","3":"status-publish","4":"has-post-thumbnail","6":"product_cat-glas","7":"product_tag-rig","8":"pa_varumarken-higher-standards","10":"first","11":"instock","12":"taxable","13":"shipping-taxable","14":"purchasable","15":"product-type-simple"},"acf":[],"yoast_head":"<!-- This site is optimized with the Yoast SEO plugin v22.8 - https:\/\/yoast.com\/wordpress\/plugins\/seo\/ -->\n<title>Higher Standards Heavy Duty Riggler - Kicka<\/title>\n<meta name=\"robots\" content=\"index, follow, max-snippet:-1, max-image-preview:large, max-video-preview:-1\" \/>\n<link rel=\"canonical\" href=\"https:\/\/kicka.eu\/sv\/produkt\/higher-standards-heavy-duty-riggler\/\" \/>\n<meta property=\"og:locale\" content=\"sv_SE\" \/>\n<meta property=\"og:type\" content=\"article\" \/>\n<meta property=\"og:title\" content=\"Higher Standards Heavy Duty Riggler - Kicka\" \/>\n<meta property=\"og:description\" content=\"Den h\u00f6gre standarderna tunga riggler \u00e4r konstruerad f\u00f6r avancerad, b\u00e4rbar vattenfiltrering av din ogr\u00e4s och koncentrat. Denna innovation med dubbla anv\u00e4ndningsomr\u00e5den har en 7 mm tjock, medicinskt borsilikatglasbyggnad. Designad med ett fast diffunderst\u00f6d, skapar Riggler fina bubblor och fr\u00e4mjar \u00f6verl\u00e4gset luftfl\u00f6de f\u00f6r fuktrika och t\u00e4ta drag.  Rigglaren \u00e4r utrustad med en kvarts banger och glassk\u00e5l f\u00f6r optimal smak\u00f6verf\u00f6ring. Denna revolution\u00e4ra stycke inneh\u00e5ller en carb cap f\u00f6r en luftt\u00e4t t\u00e4tning och ett dubbelsidigt koncentratverktyg med silikongrepp f\u00f6r bekv\u00e4m och exakt hantering av ditt material. Den tunga rigglaren har ocks\u00e5 en robust bas f\u00f6r h\u00f6gsta stabilitet. Funktioner    Gjord i USA   Dual-anv\u00e4ndningsdesign   Fast diffused downstem   Carb cap   7 mm tjockt borosilikatglas   100% QUARTZ BANGER   Optimal smak\u00f6verf\u00f6ring   Koncentratverktyg   Robust bas  Vad finns i boxen  1x RIGGLER 1x carb cap 1x Quartz Banger, 14 mm Man 1x sk\u00e5l, 14 mm manlig 1x verktyg\" \/>\n<meta property=\"og:url\" content=\"https:\/\/kicka.eu\/sv\/produkt\/higher-standards-heavy-duty-riggler\/\" \/>\n<meta property=\"og:site_name\" content=\"Kicka\" \/>\n<meta property=\"article:modified_time\" content=\"2023-08-17T01:26:21+00:00\" \/>\n<meta property=\"og:image\" content=\"https:\/\/kicka.eu\/wp-content\/uploads\/2022\/03\/16838.jpeg\" \/>\n\t<meta property=\"og:image:width\" content=\"800\" \/>\n\t<meta property=\"og:image:height\" content=\"800\" \/>\n\t<meta property=\"og:image:type\" content=\"image\/jpeg\" \/>\n<meta name=\"twitter:card\" content=\"summary_large_image\" \/>\n<script type=\"application\/ld+json\" class=\"yoast-schema-graph\">{\"@context\":\"https:\/\/schema.org\",\"@graph\":[{\"@type\":\"WebPage\",\"@id\":\"https:\/\/kicka.eu\/sv\/produkt\/higher-standards-heavy-duty-riggler\/\",\"url\":\"https:\/\/kicka.eu\/sv\/produkt\/higher-standards-heavy-duty-riggler\/\",\"name\":\"Higher Standards Heavy Duty Riggler - Kicka\",\"isPartOf\":{\"@id\":\"https:\/\/kicka.eu\/sv\/#website\"},\"primaryImageOfPage\":{\"@id\":\"https:\/\/kicka.eu\/sv\/produkt\/higher-standards-heavy-duty-riggler\/#primaryimage\"},\"image\":{\"@id\":\"https:\/\/kicka.eu\/sv\/produkt\/higher-standards-heavy-duty-riggler\/#primaryimage\"},\"thumbnailUrl\":\"https:\/\/kicka.eu\/wp-content\/uploads\/2022\/03\/16838.jpeg\",\"datePublished\":\"2023-05-18T20:26:45+00:00\",\"dateModified\":\"2023-08-17T01:26:21+00:00\",\"breadcrumb\":{\"@id\":\"https:\/\/kicka.eu\/sv\/produkt\/higher-standards-heavy-duty-riggler\/#breadcrumb\"},\"inLanguage\":\"sv-SE\",\"potentialAction\":[{\"@type\":\"ReadAction\",\"target\":[\"https:\/\/kicka.eu\/sv\/produkt\/higher-standards-heavy-duty-riggler\/\"]}]},{\"@type\":\"ImageObject\",\"inLanguage\":\"sv-SE\",\"@id\":\"https:\/\/kicka.eu\/sv\/produkt\/higher-standards-heavy-duty-riggler\/#primaryimage\",\"url\":\"https:\/\/kicka.eu\/wp-content\/uploads\/2022\/03\/16838.jpeg\",\"contentUrl\":\"https:\/\/kicka.eu\/wp-content\/uploads\/2022\/03\/16838.jpeg\",\"width\":800,\"height\":800},{\"@type\":\"BreadcrumbList\",\"@id\":\"https:\/\/kicka.eu\/sv\/produkt\/higher-standards-heavy-duty-riggler\/#breadcrumb\",\"itemListElement\":[{\"@type\":\"ListItem\",\"position\":1,\"name\":\"Home\",\"item\":\"https:\/\/kicka.eu\/sv\/\"},{\"@type\":\"ListItem\",\"position\":2,\"name\":\"Shop\",\"item\":\"https:\/\/kicka.eu\/sv\/shop\/\"},{\"@type\":\"ListItem\",\"position\":3,\"name\":\"Higher Standards Heavy Duty Riggler\"}]},{\"@type\":\"WebSite\",\"@id\":\"https:\/\/kicka.eu\/sv\/#website\",\"url\":\"https:\/\/kicka.eu\/sv\/\",\"name\":\"Kicka\",\"description\":\"Online Headshop\",\"publisher\":{\"@id\":\"https:\/\/kicka.eu\/sv\/#organization\"},\"potentialAction\":[{\"@type\":\"SearchAction\",\"target\":{\"@type\":\"EntryPoint\",\"urlTemplate\":\"https:\/\/kicka.eu\/sv\/?s={search_term_string}\"},\"query-input\":\"required name=search_term_string\"}],\"inLanguage\":\"sv-SE\"},{\"@type\":\"Organization\",\"@id\":\"https:\/\/kicka.eu\/sv\/#organization\",\"name\":\"Kicka\",\"url\":\"https:\/\/kicka.eu\/sv\/\",\"logo\":{\"@type\":\"ImageObject\",\"inLanguage\":\"sv-SE\",\"@id\":\"https:\/\/kicka.eu\/sv\/#\/schema\/logo\/image\/\",\"url\":\"https:\/\/kicka.eu\/wp-content\/uploads\/2023\/08\/Kicka-Logo.png\",\"contentUrl\":\"https:\/\/kicka.eu\/wp-content\/uploads\/2023\/08\/Kicka-Logo.png\",\"width\":233,\"height\":233,\"caption\":\"Kicka\"},\"image\":{\"@id\":\"https:\/\/kicka.eu\/sv\/#\/schema\/logo\/image\/\"}}]}<\/script>\n<!-- \/ Yoast SEO plugin. -->","yoast_head_json":{"title":"Higher Standards Heavy Duty Riggler - Kicka","robots":{"index":"index","follow":"follow","max-snippet":"max-snippet:-1","max-image-preview":"max-image-preview:large","max-video-preview":"max-video-preview:-1"},"canonical":"https:\/\/kicka.eu\/sv\/produkt\/higher-standards-heavy-duty-riggler\/","og_locale":"sv_SE","og_type":"article","og_title":"Higher Standards Heavy Duty Riggler - Kicka","og_description":"Den h\u00f6gre standarderna tunga riggler \u00e4r konstruerad f\u00f6r avancerad, b\u00e4rbar vattenfiltrering av din ogr\u00e4s och koncentrat. Denna innovation med dubbla anv\u00e4ndningsomr\u00e5den har en 7 mm tjock, medicinskt borsilikatglasbyggnad. Designad med ett fast diffunderst\u00f6d, skapar Riggler fina bubblor och fr\u00e4mjar \u00f6verl\u00e4gset luftfl\u00f6de f\u00f6r fuktrika och t\u00e4ta drag.  Rigglaren \u00e4r utrustad med en kvarts banger och glassk\u00e5l f\u00f6r optimal smak\u00f6verf\u00f6ring. Denna revolution\u00e4ra stycke inneh\u00e5ller en carb cap f\u00f6r en luftt\u00e4t t\u00e4tning och ett dubbelsidigt koncentratverktyg med silikongrepp f\u00f6r bekv\u00e4m och exakt hantering av ditt material. Den tunga rigglaren har ocks\u00e5 en robust bas f\u00f6r h\u00f6gsta stabilitet. Funktioner    Gjord i USA   Dual-anv\u00e4ndningsdesign   Fast diffused downstem   Carb cap   7 mm tjockt borosilikatglas   100% QUARTZ BANGER   Optimal smak\u00f6verf\u00f6ring   Koncentratverktyg   Robust bas  Vad finns i boxen  1x RIGGLER 1x carb cap 1x Quartz Banger, 14 mm Man 1x sk\u00e5l, 14 mm manlig 1x verktyg","og_url":"https:\/\/kicka.eu\/sv\/produkt\/higher-standards-heavy-duty-riggler\/","og_site_name":"Kicka","article_modified_time":"2023-08-17T01:26:21+00:00","og_image":[{"width":800,"height":800,"url":"https:\/\/kicka.eu\/wp-content\/uploads\/2022\/03\/16838.jpeg","type":"image\/jpeg"}],"twitter_card":"summary_large_image","schema":{"@context":"https:\/\/schema.org","@graph":[{"@type":"WebPage","@id":"https:\/\/kicka.eu\/sv\/produkt\/higher-standards-heavy-duty-riggler\/","url":"https:\/\/kicka.eu\/sv\/produkt\/higher-standards-heavy-duty-riggler\/","name":"Higher Standards Heavy Duty Riggler - Kicka","isPartOf":{"@id":"https:\/\/kicka.eu\/sv\/#website"},"primaryImageOfPage":{"@id":"https:\/\/kicka.eu\/sv\/produkt\/higher-standards-heavy-duty-riggler\/#primaryimage"},"image":{"@id":"https:\/\/kicka.eu\/sv\/produkt\/higher-standards-heavy-duty-riggler\/#primaryimage"},"thumbnailUrl":"https:\/\/kicka.eu\/wp-content\/uploads\/2022\/03\/16838.jpeg","datePublished":"2023-05-18T20:26:45+00:00","dateModified":"2023-08-17T01:26:21+00:00","breadcrumb":{"@id":"https:\/\/kicka.eu\/sv\/produkt\/higher-standards-heavy-duty-riggler\/#breadcrumb"},"inLanguage":"sv-SE","potentialAction":[{"@type":"ReadAction","target":["https:\/\/kicka.eu\/sv\/produkt\/higher-standards-heavy-duty-riggler\/"]}]},{"@type":"ImageObject","inLanguage":"sv-SE","@id":"https:\/\/kicka.eu\/sv\/produkt\/higher-standards-heavy-duty-riggler\/#primaryimage","url":"https:\/\/kicka.eu\/wp-content\/uploads\/2022\/03\/16838.jpeg","contentUrl":"https:\/\/kicka.eu\/wp-content\/uploads\/2022\/03\/16838.jpeg","width":800,"height":800},{"@type":"BreadcrumbList","@id":"https:\/\/kicka.eu\/sv\/produkt\/higher-standards-heavy-duty-riggler\/#breadcrumb","itemListElement":[{"@type":"ListItem","position":1,"name":"Home","item":"https:\/\/kicka.eu\/sv\/"},{"@type":"ListItem","position":2,"name":"Shop","item":"https:\/\/kicka.eu\/sv\/shop\/"},{"@type":"ListItem","position":3,"name":"Higher Standards Heavy Duty Riggler"}]},{"@type":"WebSite","@id":"https:\/\/kicka.eu\/sv\/#website","url":"https:\/\/kicka.eu\/sv\/","name":"Kicka","description":"Online Headshop","publisher":{"@id":"https:\/\/kicka.eu\/sv\/#organization"},"potentialAction":[{"@type":"SearchAction","target":{"@type":"EntryPoint","urlTemplate":"https:\/\/kicka.eu\/sv\/?s={search_term_string}"},"query-input":"required name=search_term_string"}],"inLanguage":"sv-SE"},{"@type":"Organization","@id":"https:\/\/kicka.eu\/sv\/#organization","name":"Kicka","url":"https:\/\/kicka.eu\/sv\/","logo":{"@type":"ImageObject","inLanguage":"sv-SE","@id":"https:\/\/kicka.eu\/sv\/#\/schema\/logo\/image\/","url":"https:\/\/kicka.eu\/wp-content\/uploads\/2023\/08\/Kicka-Logo.png","contentUrl":"https:\/\/kicka.eu\/wp-content\/uploads\/2023\/08\/Kicka-Logo.png","width":233,"height":233,"caption":"Kicka"},"image":{"@id":"https:\/\/kicka.eu\/sv\/#\/schema\/logo\/image\/"}}]}},"_links":{"self":[{"href":"https:\/\/kicka.eu\/sv\/wp-json\/wp\/v2\/product\/40981","targetHints":{"allow":["GET"]}}],"collection":[{"href":"https:\/\/kicka.eu\/sv\/wp-json\/wp\/v2\/product"}],"about":[{"href":"https:\/\/kicka.eu\/sv\/wp-json\/wp\/v2\/types\/product"}],"replies":[{"embeddable":true,"href":"https:\/\/kicka.eu\/sv\/wp-json\/wp\/v2\/comments?post=40981"}],"wp:featuredmedia":[{"embeddable":true,"href":"https:\/\/kicka.eu\/sv\/wp-json\/wp\/v2\/media\/364"}],"wp:attachment":[{"href":"https:\/\/kicka.eu\/sv\/wp-json\/wp\/v2\/media?parent=40981"}],"wp:term":[{"taxonomy":"product_cat","embeddable":true,"href":"https:\/\/kicka.eu\/sv\/wp-json\/wp\/v2\/product_cat?post=40981"},{"taxonomy":"product_tag","embeddable":true,"href":"https:\/\/kicka.eu\/sv\/wp-json\/wp\/v2\/product_tag?post=40981"}],"curies":[{"name":"wp","href":"https:\/\/api.w.org\/{rel}","templated":true}]}}