{"id":40974,"date":"2023-05-18T22:26:43","date_gmt":"2023-05-18T20:26:43","guid":{"rendered":"https:\/\/kicka.eu\/product\/higher-standards-glass-bowl\/"},"modified":"2023-11-03T16:56:19","modified_gmt":"2023-11-03T15:56:19","slug":"higher-standards-glass-bowl","status":"publish","type":"product","link":"https:\/\/kicka.eu\/sv\/produkt\/higher-standards-glass-bowl\/","title":{"rendered":"Glass Bowl"},"content":{"rendered":"","protected":false},"excerpt":{"rendered":"<p>Den h\u00f6gre standardglassk\u00e5len har en 14mm manlig downstem anslutning och \u00e4r handgjord fr\u00e5n borosilikatglas. Det \u00e4r samma sk\u00e5l som kommer med den h\u00f6gre standard tungb\u00e4garen och riggler. Klokt utformad med en v\u00e4rmebest\u00e4ndig greppkrage f\u00f6r s\u00e4ker borttagning f\u00f6re inandning. H\u00f6gre Standarder Glassk\u00e5l Egenskaper Byte Blomsk\u00e5l 14 mm Anslutning Borosilikat Glas V\u00e4rmebest\u00e4ndig greppkrage Groundglasanslutning Luftt\u00e4tningst\u00e4tning gjord i USA<\/p>\n","protected":false},"featured_media":453,"comment_status":"open","ping_status":"closed","template":"","meta":{"_acf_changed":false,"_et_pb_use_builder":"","_et_pb_old_content":"","_et_gb_content_width":"","om_disable_all_campaigns":false,"_monsterinsights_skip_tracking":false,"_monsterinsights_sitenote_active":false,"_monsterinsights_sitenote_note":"","_monsterinsights_sitenote_category":0,"_uf_show_specific_survey":0,"_uf_disable_surveys":false},"product_cat":[41],"product_tag":[43],"class_list":{"0":"post-40974","1":"product","2":"type-product","3":"status-publish","4":"has-post-thumbnail","6":"product_cat-glas","7":"product_tag-bongtillbehor","8":"pa_varumarken-higher-standards","10":"first","11":"instock","12":"taxable","13":"shipping-taxable","14":"purchasable","15":"product-type-simple"},"acf":[],"yoast_head":"<!-- This site is optimized with the Yoast SEO plugin v22.8 - https:\/\/yoast.com\/wordpress\/plugins\/seo\/ -->\n<title>Glass Bowl - Kicka<\/title>\n<meta name=\"robots\" content=\"index, follow, max-snippet:-1, max-image-preview:large, max-video-preview:-1\" \/>\n<link rel=\"canonical\" href=\"https:\/\/kicka.eu\/sv\/produkt\/higher-standards-glass-bowl\/\" \/>\n<meta property=\"og:locale\" content=\"sv_SE\" \/>\n<meta property=\"og:type\" content=\"article\" \/>\n<meta property=\"og:title\" content=\"Glass Bowl - Kicka\" \/>\n<meta property=\"og:description\" content=\"Den h\u00f6gre standardglassk\u00e5len har en 14mm manlig downstem anslutning och \u00e4r handgjord fr\u00e5n borosilikatglas. Det \u00e4r samma sk\u00e5l som kommer med den h\u00f6gre standard tungb\u00e4garen och riggler. Klokt utformad med en v\u00e4rmebest\u00e4ndig greppkrage f\u00f6r s\u00e4ker borttagning f\u00f6re inandning. H\u00f6gre Standarder Glassk\u00e5l Egenskaper Byte Blomsk\u00e5l 14 mm Anslutning Borosilikat Glas V\u00e4rmebest\u00e4ndig greppkrage Groundglasanslutning Luftt\u00e4tningst\u00e4tning gjord i USA\" \/>\n<meta property=\"og:url\" content=\"https:\/\/kicka.eu\/sv\/produkt\/higher-standards-glass-bowl\/\" \/>\n<meta property=\"og:site_name\" content=\"Kicka\" \/>\n<meta property=\"article:modified_time\" content=\"2023-11-03T15:56:19+00:00\" \/>\n<meta property=\"og:image\" content=\"https:\/\/kicka.eu\/wp-content\/uploads\/2022\/03\/19925.jpeg\" \/>\n\t<meta property=\"og:image:width\" content=\"800\" \/>\n\t<meta property=\"og:image:height\" content=\"800\" \/>\n\t<meta property=\"og:image:type\" content=\"image\/jpeg\" \/>\n<meta name=\"twitter:card\" content=\"summary_large_image\" \/>\n<script type=\"application\/ld+json\" class=\"yoast-schema-graph\">{\"@context\":\"https:\/\/schema.org\",\"@graph\":[{\"@type\":\"WebPage\",\"@id\":\"https:\/\/kicka.eu\/sv\/produkt\/higher-standards-glass-bowl\/\",\"url\":\"https:\/\/kicka.eu\/sv\/produkt\/higher-standards-glass-bowl\/\",\"name\":\"Glass Bowl - Kicka\",\"isPartOf\":{\"@id\":\"https:\/\/kicka.eu\/sv\/#website\"},\"primaryImageOfPage\":{\"@id\":\"https:\/\/kicka.eu\/sv\/produkt\/higher-standards-glass-bowl\/#primaryimage\"},\"image\":{\"@id\":\"https:\/\/kicka.eu\/sv\/produkt\/higher-standards-glass-bowl\/#primaryimage\"},\"thumbnailUrl\":\"https:\/\/kicka.eu\/wp-content\/uploads\/2022\/03\/19925.jpeg\",\"datePublished\":\"2023-05-18T20:26:43+00:00\",\"dateModified\":\"2023-11-03T15:56:19+00:00\",\"breadcrumb\":{\"@id\":\"https:\/\/kicka.eu\/sv\/produkt\/higher-standards-glass-bowl\/#breadcrumb\"},\"inLanguage\":\"sv-SE\",\"potentialAction\":[{\"@type\":\"ReadAction\",\"target\":[\"https:\/\/kicka.eu\/sv\/produkt\/higher-standards-glass-bowl\/\"]}]},{\"@type\":\"ImageObject\",\"inLanguage\":\"sv-SE\",\"@id\":\"https:\/\/kicka.eu\/sv\/produkt\/higher-standards-glass-bowl\/#primaryimage\",\"url\":\"https:\/\/kicka.eu\/wp-content\/uploads\/2022\/03\/19925.jpeg\",\"contentUrl\":\"https:\/\/kicka.eu\/wp-content\/uploads\/2022\/03\/19925.jpeg\",\"width\":800,\"height\":800},{\"@type\":\"BreadcrumbList\",\"@id\":\"https:\/\/kicka.eu\/sv\/produkt\/higher-standards-glass-bowl\/#breadcrumb\",\"itemListElement\":[{\"@type\":\"ListItem\",\"position\":1,\"name\":\"Home\",\"item\":\"https:\/\/kicka.eu\/sv\/\"},{\"@type\":\"ListItem\",\"position\":2,\"name\":\"Shop\",\"item\":\"https:\/\/kicka.eu\/sv\/shop\/\"},{\"@type\":\"ListItem\",\"position\":3,\"name\":\"Glass Bowl\"}]},{\"@type\":\"WebSite\",\"@id\":\"https:\/\/kicka.eu\/sv\/#website\",\"url\":\"https:\/\/kicka.eu\/sv\/\",\"name\":\"Kicka\",\"description\":\"Online Headshop\",\"publisher\":{\"@id\":\"https:\/\/kicka.eu\/sv\/#organization\"},\"potentialAction\":[{\"@type\":\"SearchAction\",\"target\":{\"@type\":\"EntryPoint\",\"urlTemplate\":\"https:\/\/kicka.eu\/sv\/?s={search_term_string}\"},\"query-input\":\"required name=search_term_string\"}],\"inLanguage\":\"sv-SE\"},{\"@type\":\"Organization\",\"@id\":\"https:\/\/kicka.eu\/sv\/#organization\",\"name\":\"Kicka\",\"url\":\"https:\/\/kicka.eu\/sv\/\",\"logo\":{\"@type\":\"ImageObject\",\"inLanguage\":\"sv-SE\",\"@id\":\"https:\/\/kicka.eu\/sv\/#\/schema\/logo\/image\/\",\"url\":\"https:\/\/kicka.eu\/wp-content\/uploads\/2023\/08\/Kicka-Logo.png\",\"contentUrl\":\"https:\/\/kicka.eu\/wp-content\/uploads\/2023\/08\/Kicka-Logo.png\",\"width\":233,\"height\":233,\"caption\":\"Kicka\"},\"image\":{\"@id\":\"https:\/\/kicka.eu\/sv\/#\/schema\/logo\/image\/\"}}]}<\/script>\n<!-- \/ Yoast SEO plugin. -->","yoast_head_json":{"title":"Glass Bowl - Kicka","robots":{"index":"index","follow":"follow","max-snippet":"max-snippet:-1","max-image-preview":"max-image-preview:large","max-video-preview":"max-video-preview:-1"},"canonical":"https:\/\/kicka.eu\/sv\/produkt\/higher-standards-glass-bowl\/","og_locale":"sv_SE","og_type":"article","og_title":"Glass Bowl - Kicka","og_description":"Den h\u00f6gre standardglassk\u00e5len har en 14mm manlig downstem anslutning och \u00e4r handgjord fr\u00e5n borosilikatglas. Det \u00e4r samma sk\u00e5l som kommer med den h\u00f6gre standard tungb\u00e4garen och riggler. Klokt utformad med en v\u00e4rmebest\u00e4ndig greppkrage f\u00f6r s\u00e4ker borttagning f\u00f6re inandning. H\u00f6gre Standarder Glassk\u00e5l Egenskaper Byte Blomsk\u00e5l 14 mm Anslutning Borosilikat Glas V\u00e4rmebest\u00e4ndig greppkrage Groundglasanslutning Luftt\u00e4tningst\u00e4tning gjord i USA","og_url":"https:\/\/kicka.eu\/sv\/produkt\/higher-standards-glass-bowl\/","og_site_name":"Kicka","article_modified_time":"2023-11-03T15:56:19+00:00","og_image":[{"width":800,"height":800,"url":"https:\/\/kicka.eu\/wp-content\/uploads\/2022\/03\/19925.jpeg","type":"image\/jpeg"}],"twitter_card":"summary_large_image","schema":{"@context":"https:\/\/schema.org","@graph":[{"@type":"WebPage","@id":"https:\/\/kicka.eu\/sv\/produkt\/higher-standards-glass-bowl\/","url":"https:\/\/kicka.eu\/sv\/produkt\/higher-standards-glass-bowl\/","name":"Glass Bowl - Kicka","isPartOf":{"@id":"https:\/\/kicka.eu\/sv\/#website"},"primaryImageOfPage":{"@id":"https:\/\/kicka.eu\/sv\/produkt\/higher-standards-glass-bowl\/#primaryimage"},"image":{"@id":"https:\/\/kicka.eu\/sv\/produkt\/higher-standards-glass-bowl\/#primaryimage"},"thumbnailUrl":"https:\/\/kicka.eu\/wp-content\/uploads\/2022\/03\/19925.jpeg","datePublished":"2023-05-18T20:26:43+00:00","dateModified":"2023-11-03T15:56:19+00:00","breadcrumb":{"@id":"https:\/\/kicka.eu\/sv\/produkt\/higher-standards-glass-bowl\/#breadcrumb"},"inLanguage":"sv-SE","potentialAction":[{"@type":"ReadAction","target":["https:\/\/kicka.eu\/sv\/produkt\/higher-standards-glass-bowl\/"]}]},{"@type":"ImageObject","inLanguage":"sv-SE","@id":"https:\/\/kicka.eu\/sv\/produkt\/higher-standards-glass-bowl\/#primaryimage","url":"https:\/\/kicka.eu\/wp-content\/uploads\/2022\/03\/19925.jpeg","contentUrl":"https:\/\/kicka.eu\/wp-content\/uploads\/2022\/03\/19925.jpeg","width":800,"height":800},{"@type":"BreadcrumbList","@id":"https:\/\/kicka.eu\/sv\/produkt\/higher-standards-glass-bowl\/#breadcrumb","itemListElement":[{"@type":"ListItem","position":1,"name":"Home","item":"https:\/\/kicka.eu\/sv\/"},{"@type":"ListItem","position":2,"name":"Shop","item":"https:\/\/kicka.eu\/sv\/shop\/"},{"@type":"ListItem","position":3,"name":"Glass Bowl"}]},{"@type":"WebSite","@id":"https:\/\/kicka.eu\/sv\/#website","url":"https:\/\/kicka.eu\/sv\/","name":"Kicka","description":"Online Headshop","publisher":{"@id":"https:\/\/kicka.eu\/sv\/#organization"},"potentialAction":[{"@type":"SearchAction","target":{"@type":"EntryPoint","urlTemplate":"https:\/\/kicka.eu\/sv\/?s={search_term_string}"},"query-input":"required name=search_term_string"}],"inLanguage":"sv-SE"},{"@type":"Organization","@id":"https:\/\/kicka.eu\/sv\/#organization","name":"Kicka","url":"https:\/\/kicka.eu\/sv\/","logo":{"@type":"ImageObject","inLanguage":"sv-SE","@id":"https:\/\/kicka.eu\/sv\/#\/schema\/logo\/image\/","url":"https:\/\/kicka.eu\/wp-content\/uploads\/2023\/08\/Kicka-Logo.png","contentUrl":"https:\/\/kicka.eu\/wp-content\/uploads\/2023\/08\/Kicka-Logo.png","width":233,"height":233,"caption":"Kicka"},"image":{"@id":"https:\/\/kicka.eu\/sv\/#\/schema\/logo\/image\/"}}]}},"_links":{"self":[{"href":"https:\/\/kicka.eu\/sv\/wp-json\/wp\/v2\/product\/40974","targetHints":{"allow":["GET"]}}],"collection":[{"href":"https:\/\/kicka.eu\/sv\/wp-json\/wp\/v2\/product"}],"about":[{"href":"https:\/\/kicka.eu\/sv\/wp-json\/wp\/v2\/types\/product"}],"replies":[{"embeddable":true,"href":"https:\/\/kicka.eu\/sv\/wp-json\/wp\/v2\/comments?post=40974"}],"wp:featuredmedia":[{"embeddable":true,"href":"https:\/\/kicka.eu\/sv\/wp-json\/wp\/v2\/media\/453"}],"wp:attachment":[{"href":"https:\/\/kicka.eu\/sv\/wp-json\/wp\/v2\/media?parent=40974"}],"wp:term":[{"taxonomy":"product_cat","embeddable":true,"href":"https:\/\/kicka.eu\/sv\/wp-json\/wp\/v2\/product_cat?post=40974"},{"taxonomy":"product_tag","embeddable":true,"href":"https:\/\/kicka.eu\/sv\/wp-json\/wp\/v2\/product_tag?post=40974"}],"curies":[{"name":"wp","href":"https:\/\/api.w.org\/{rel}","templated":true}]}}