{"id":40966,"date":"2023-05-18T22:26:41","date_gmt":"2023-05-18T20:26:41","guid":{"rendered":"https:\/\/kicka.eu\/product\/grinder-vibes-x-aerospaced-4-delar-svart\/"},"modified":"2023-06-25T17:00:30","modified_gmt":"2023-06-25T15:00:30","slug":"grinder-vibes-x-aerospaced-4-delar-svart","status":"publish","type":"product","link":"https:\/\/kicka.eu\/sv\/produkt\/grinder-vibes-x-aerospaced-4-delar-svart\/","title":{"rendered":"Grinder Vibes X Aerospaced 4-Delar Svart"},"content":{"rendered":"","protected":false},"excerpt":{"rendered":"<p>Maled fr\u00e5n 6061 Aircraft-aluminium, den l\u00e4tta och slitstarka viberna X-aerospaced 4-bitars kvarn har varit precision-konstruerad f\u00f6r en s\u00f6ml\u00f6s slipupplevelse. Funktioner Razor-Sharp, Diamantformade t\u00e4nder Anodiserad Sl\u00e4t Finish Integrated Pollen Catcher &#038; Scraper Optimerad Dubbel ledning Growing Magnetic Lock Precision-Balanced Head H\u00f6gh\u00e5llfast Neodym Magnets Dimensioner M\u00e5tt: 5,1 x 5,1 x 6,35 cm Diameter: 6,3 cm<\/p>\n","protected":false},"featured_media":337,"comment_status":"open","ping_status":"closed","template":"","meta":{"_acf_changed":false,"_et_pb_use_builder":"","_et_pb_old_content":"","_et_gb_content_width":"","om_disable_all_campaigns":false,"_monsterinsights_skip_tracking":false,"_monsterinsights_sitenote_active":false,"_monsterinsights_sitenote_note":"","_monsterinsights_sitenote_category":0,"_uf_show_specific_survey":0,"_uf_disable_surveys":false},"product_cat":[30],"product_tag":[39],"class_list":{"0":"post-40966","1":"product","2":"type-product","3":"status-publish","4":"has-post-thumbnail","6":"product_cat-tillbehor","7":"product_tag-grinders","8":"pa_varumarken-higher-standards","9":"pa_varumarken-vibes","11":"first","12":"instock","13":"taxable","14":"shipping-taxable","15":"purchasable","16":"product-type-simple"},"acf":[],"yoast_head":"<!-- This site is optimized with the Yoast SEO plugin v22.8 - https:\/\/yoast.com\/wordpress\/plugins\/seo\/ -->\n<title>Grinder Vibes X Aerospaced 4-Delar Svart - Kicka<\/title>\n<meta name=\"robots\" content=\"index, follow, max-snippet:-1, max-image-preview:large, max-video-preview:-1\" \/>\n<link rel=\"canonical\" href=\"https:\/\/kicka.eu\/sv\/produkt\/grinder-vibes-x-aerospaced-4-delar-svart\/\" \/>\n<meta property=\"og:locale\" content=\"sv_SE\" \/>\n<meta property=\"og:type\" content=\"article\" \/>\n<meta property=\"og:title\" content=\"Grinder Vibes X Aerospaced 4-Delar Svart - Kicka\" \/>\n<meta property=\"og:description\" content=\"Maled fr\u00e5n 6061 Aircraft-aluminium, den l\u00e4tta och slitstarka viberna X-aerospaced 4-bitars kvarn har varit precision-konstruerad f\u00f6r en s\u00f6ml\u00f6s slipupplevelse. Funktioner Razor-Sharp, Diamantformade t\u00e4nder Anodiserad Sl\u00e4t Finish Integrated Pollen Catcher &amp; Scraper Optimerad Dubbel ledning Growing Magnetic Lock Precision-Balanced Head H\u00f6gh\u00e5llfast Neodym Magnets Dimensioner M\u00e5tt: 5,1 x 5,1 x 6,35 cm Diameter: 6,3 cm\" \/>\n<meta property=\"og:url\" content=\"https:\/\/kicka.eu\/sv\/produkt\/grinder-vibes-x-aerospaced-4-delar-svart\/\" \/>\n<meta property=\"og:site_name\" content=\"Kicka\" \/>\n<meta property=\"article:modified_time\" content=\"2023-06-25T15:00:30+00:00\" \/>\n<meta property=\"og:image\" content=\"https:\/\/kicka.eu\/wp-content\/uploads\/2022\/03\/16719.jpeg\" \/>\n\t<meta property=\"og:image:width\" content=\"400\" \/>\n\t<meta property=\"og:image:height\" content=\"320\" \/>\n\t<meta property=\"og:image:type\" content=\"image\/jpeg\" \/>\n<meta name=\"twitter:card\" content=\"summary_large_image\" \/>\n<script type=\"application\/ld+json\" class=\"yoast-schema-graph\">{\"@context\":\"https:\/\/schema.org\",\"@graph\":[{\"@type\":\"WebPage\",\"@id\":\"https:\/\/kicka.eu\/sv\/produkt\/grinder-vibes-x-aerospaced-4-delar-svart\/\",\"url\":\"https:\/\/kicka.eu\/sv\/produkt\/grinder-vibes-x-aerospaced-4-delar-svart\/\",\"name\":\"Grinder Vibes X Aerospaced 4-Delar Svart - Kicka\",\"isPartOf\":{\"@id\":\"https:\/\/kicka.eu\/sv\/#website\"},\"primaryImageOfPage\":{\"@id\":\"https:\/\/kicka.eu\/sv\/produkt\/grinder-vibes-x-aerospaced-4-delar-svart\/#primaryimage\"},\"image\":{\"@id\":\"https:\/\/kicka.eu\/sv\/produkt\/grinder-vibes-x-aerospaced-4-delar-svart\/#primaryimage\"},\"thumbnailUrl\":\"https:\/\/kicka.eu\/wp-content\/uploads\/2022\/03\/16719.jpeg\",\"datePublished\":\"2023-05-18T20:26:41+00:00\",\"dateModified\":\"2023-06-25T15:00:30+00:00\",\"breadcrumb\":{\"@id\":\"https:\/\/kicka.eu\/sv\/produkt\/grinder-vibes-x-aerospaced-4-delar-svart\/#breadcrumb\"},\"inLanguage\":\"sv-SE\",\"potentialAction\":[{\"@type\":\"ReadAction\",\"target\":[\"https:\/\/kicka.eu\/sv\/produkt\/grinder-vibes-x-aerospaced-4-delar-svart\/\"]}]},{\"@type\":\"ImageObject\",\"inLanguage\":\"sv-SE\",\"@id\":\"https:\/\/kicka.eu\/sv\/produkt\/grinder-vibes-x-aerospaced-4-delar-svart\/#primaryimage\",\"url\":\"https:\/\/kicka.eu\/wp-content\/uploads\/2022\/03\/16719.jpeg\",\"contentUrl\":\"https:\/\/kicka.eu\/wp-content\/uploads\/2022\/03\/16719.jpeg\",\"width\":400,\"height\":320},{\"@type\":\"BreadcrumbList\",\"@id\":\"https:\/\/kicka.eu\/sv\/produkt\/grinder-vibes-x-aerospaced-4-delar-svart\/#breadcrumb\",\"itemListElement\":[{\"@type\":\"ListItem\",\"position\":1,\"name\":\"Home\",\"item\":\"https:\/\/kicka.eu\/sv\/\"},{\"@type\":\"ListItem\",\"position\":2,\"name\":\"Shop\",\"item\":\"https:\/\/kicka.eu\/sv\/shop\/\"},{\"@type\":\"ListItem\",\"position\":3,\"name\":\"Grinder Vibes X Aerospaced 4-Delar Svart\"}]},{\"@type\":\"WebSite\",\"@id\":\"https:\/\/kicka.eu\/sv\/#website\",\"url\":\"https:\/\/kicka.eu\/sv\/\",\"name\":\"Kicka\",\"description\":\"Online Headshop\",\"publisher\":{\"@id\":\"https:\/\/kicka.eu\/sv\/#organization\"},\"potentialAction\":[{\"@type\":\"SearchAction\",\"target\":{\"@type\":\"EntryPoint\",\"urlTemplate\":\"https:\/\/kicka.eu\/sv\/?s={search_term_string}\"},\"query-input\":\"required name=search_term_string\"}],\"inLanguage\":\"sv-SE\"},{\"@type\":\"Organization\",\"@id\":\"https:\/\/kicka.eu\/sv\/#organization\",\"name\":\"Kicka\",\"url\":\"https:\/\/kicka.eu\/sv\/\",\"logo\":{\"@type\":\"ImageObject\",\"inLanguage\":\"sv-SE\",\"@id\":\"https:\/\/kicka.eu\/sv\/#\/schema\/logo\/image\/\",\"url\":\"https:\/\/kicka.eu\/wp-content\/uploads\/2023\/08\/Kicka-Logo.png\",\"contentUrl\":\"https:\/\/kicka.eu\/wp-content\/uploads\/2023\/08\/Kicka-Logo.png\",\"width\":233,\"height\":233,\"caption\":\"Kicka\"},\"image\":{\"@id\":\"https:\/\/kicka.eu\/sv\/#\/schema\/logo\/image\/\"}}]}<\/script>\n<!-- \/ Yoast SEO plugin. -->","yoast_head_json":{"title":"Grinder Vibes X Aerospaced 4-Delar Svart - Kicka","robots":{"index":"index","follow":"follow","max-snippet":"max-snippet:-1","max-image-preview":"max-image-preview:large","max-video-preview":"max-video-preview:-1"},"canonical":"https:\/\/kicka.eu\/sv\/produkt\/grinder-vibes-x-aerospaced-4-delar-svart\/","og_locale":"sv_SE","og_type":"article","og_title":"Grinder Vibes X Aerospaced 4-Delar Svart - Kicka","og_description":"Maled fr\u00e5n 6061 Aircraft-aluminium, den l\u00e4tta och slitstarka viberna X-aerospaced 4-bitars kvarn har varit precision-konstruerad f\u00f6r en s\u00f6ml\u00f6s slipupplevelse. Funktioner Razor-Sharp, Diamantformade t\u00e4nder Anodiserad Sl\u00e4t Finish Integrated Pollen Catcher & Scraper Optimerad Dubbel ledning Growing Magnetic Lock Precision-Balanced Head H\u00f6gh\u00e5llfast Neodym Magnets Dimensioner M\u00e5tt: 5,1 x 5,1 x 6,35 cm Diameter: 6,3 cm","og_url":"https:\/\/kicka.eu\/sv\/produkt\/grinder-vibes-x-aerospaced-4-delar-svart\/","og_site_name":"Kicka","article_modified_time":"2023-06-25T15:00:30+00:00","og_image":[{"width":400,"height":320,"url":"https:\/\/kicka.eu\/wp-content\/uploads\/2022\/03\/16719.jpeg","type":"image\/jpeg"}],"twitter_card":"summary_large_image","schema":{"@context":"https:\/\/schema.org","@graph":[{"@type":"WebPage","@id":"https:\/\/kicka.eu\/sv\/produkt\/grinder-vibes-x-aerospaced-4-delar-svart\/","url":"https:\/\/kicka.eu\/sv\/produkt\/grinder-vibes-x-aerospaced-4-delar-svart\/","name":"Grinder Vibes X Aerospaced 4-Delar Svart - Kicka","isPartOf":{"@id":"https:\/\/kicka.eu\/sv\/#website"},"primaryImageOfPage":{"@id":"https:\/\/kicka.eu\/sv\/produkt\/grinder-vibes-x-aerospaced-4-delar-svart\/#primaryimage"},"image":{"@id":"https:\/\/kicka.eu\/sv\/produkt\/grinder-vibes-x-aerospaced-4-delar-svart\/#primaryimage"},"thumbnailUrl":"https:\/\/kicka.eu\/wp-content\/uploads\/2022\/03\/16719.jpeg","datePublished":"2023-05-18T20:26:41+00:00","dateModified":"2023-06-25T15:00:30+00:00","breadcrumb":{"@id":"https:\/\/kicka.eu\/sv\/produkt\/grinder-vibes-x-aerospaced-4-delar-svart\/#breadcrumb"},"inLanguage":"sv-SE","potentialAction":[{"@type":"ReadAction","target":["https:\/\/kicka.eu\/sv\/produkt\/grinder-vibes-x-aerospaced-4-delar-svart\/"]}]},{"@type":"ImageObject","inLanguage":"sv-SE","@id":"https:\/\/kicka.eu\/sv\/produkt\/grinder-vibes-x-aerospaced-4-delar-svart\/#primaryimage","url":"https:\/\/kicka.eu\/wp-content\/uploads\/2022\/03\/16719.jpeg","contentUrl":"https:\/\/kicka.eu\/wp-content\/uploads\/2022\/03\/16719.jpeg","width":400,"height":320},{"@type":"BreadcrumbList","@id":"https:\/\/kicka.eu\/sv\/produkt\/grinder-vibes-x-aerospaced-4-delar-svart\/#breadcrumb","itemListElement":[{"@type":"ListItem","position":1,"name":"Home","item":"https:\/\/kicka.eu\/sv\/"},{"@type":"ListItem","position":2,"name":"Shop","item":"https:\/\/kicka.eu\/sv\/shop\/"},{"@type":"ListItem","position":3,"name":"Grinder Vibes X Aerospaced 4-Delar Svart"}]},{"@type":"WebSite","@id":"https:\/\/kicka.eu\/sv\/#website","url":"https:\/\/kicka.eu\/sv\/","name":"Kicka","description":"Online Headshop","publisher":{"@id":"https:\/\/kicka.eu\/sv\/#organization"},"potentialAction":[{"@type":"SearchAction","target":{"@type":"EntryPoint","urlTemplate":"https:\/\/kicka.eu\/sv\/?s={search_term_string}"},"query-input":"required name=search_term_string"}],"inLanguage":"sv-SE"},{"@type":"Organization","@id":"https:\/\/kicka.eu\/sv\/#organization","name":"Kicka","url":"https:\/\/kicka.eu\/sv\/","logo":{"@type":"ImageObject","inLanguage":"sv-SE","@id":"https:\/\/kicka.eu\/sv\/#\/schema\/logo\/image\/","url":"https:\/\/kicka.eu\/wp-content\/uploads\/2023\/08\/Kicka-Logo.png","contentUrl":"https:\/\/kicka.eu\/wp-content\/uploads\/2023\/08\/Kicka-Logo.png","width":233,"height":233,"caption":"Kicka"},"image":{"@id":"https:\/\/kicka.eu\/sv\/#\/schema\/logo\/image\/"}}]}},"_links":{"self":[{"href":"https:\/\/kicka.eu\/sv\/wp-json\/wp\/v2\/product\/40966","targetHints":{"allow":["GET"]}}],"collection":[{"href":"https:\/\/kicka.eu\/sv\/wp-json\/wp\/v2\/product"}],"about":[{"href":"https:\/\/kicka.eu\/sv\/wp-json\/wp\/v2\/types\/product"}],"replies":[{"embeddable":true,"href":"https:\/\/kicka.eu\/sv\/wp-json\/wp\/v2\/comments?post=40966"}],"wp:featuredmedia":[{"embeddable":true,"href":"https:\/\/kicka.eu\/sv\/wp-json\/wp\/v2\/media\/337"}],"wp:attachment":[{"href":"https:\/\/kicka.eu\/sv\/wp-json\/wp\/v2\/media?parent=40966"}],"wp:term":[{"taxonomy":"product_cat","embeddable":true,"href":"https:\/\/kicka.eu\/sv\/wp-json\/wp\/v2\/product_cat?post=40966"},{"taxonomy":"product_tag","embeddable":true,"href":"https:\/\/kicka.eu\/sv\/wp-json\/wp\/v2\/product_tag?post=40966"}],"curies":[{"name":"wp","href":"https:\/\/api.w.org\/{rel}","templated":true}]}}