{"id":40958,"date":"2023-05-18T22:26:39","date_gmt":"2023-05-18T20:26:39","guid":{"rendered":"https:\/\/kicka.eu\/product\/glow-tray-x-vibes-guld\/"},"modified":"2023-11-11T21:47:58","modified_gmt":"2023-11-11T20:47:58","slug":"glow-tray-x-vibes-guld","status":"publish","type":"product","link":"https:\/\/kicka.eu\/sv\/produkt\/glow-tray-x-vibes-guld\/","title":{"rendered":"Glow Tray X Vibes Guld"},"content":{"rendered":"","protected":false},"excerpt":{"rendered":"<p>Glow Tray \u00e4r den ultimata rullbrickan f\u00f6r entusiaster av torra \u00f6rter, men den \u00e4r mycket mer \u00e4n bara en rullbricka. Med en stor yta och upph\u00f6jda kanter f\u00f6r att h\u00e5lla dina torra \u00f6rter och rullande produkter rena och s\u00e4kert inneslutna. Den h\u00e4r rullbrickan \u00e4r utformad med kraftfulla, uppladdningsbara, 6 timmars 1800 mAh-batterier och har &#8221;Double Battery Life&#8221;-kapacitet f\u00f6r att se till att du aldrig mer beh\u00f6ver rulla i m\u00f6rkret igen.<\/p>\n","protected":false},"featured_media":483,"comment_status":"open","ping_status":"closed","template":"","meta":{"_acf_changed":false,"_et_pb_use_builder":"","_et_pb_old_content":"","_et_gb_content_width":"","om_disable_all_campaigns":false,"_monsterinsights_skip_tracking":false,"_monsterinsights_sitenote_active":false,"_monsterinsights_sitenote_note":"","_monsterinsights_sitenote_category":0,"_uf_show_specific_survey":0,"_uf_disable_surveys":false},"product_cat":[32],"product_tag":[40],"class_list":{"0":"post-40958","1":"product","2":"type-product","3":"status-publish","4":"has-post-thumbnail","6":"product_cat-rullning","7":"product_tag-rullbrickor","8":"pa_varumarken-glow-tray","10":"first","11":"instock","12":"taxable","13":"shipping-taxable","14":"purchasable","15":"product-type-simple"},"acf":[],"yoast_head":"<!-- This site is optimized with the Yoast SEO plugin v22.8 - https:\/\/yoast.com\/wordpress\/plugins\/seo\/ -->\n<title>Glow Tray X Vibes Guld - Kicka<\/title>\n<meta name=\"robots\" content=\"index, follow, max-snippet:-1, max-image-preview:large, max-video-preview:-1\" \/>\n<link rel=\"canonical\" href=\"https:\/\/kicka.eu\/sv\/produkt\/glow-tray-x-vibes-guld\/\" \/>\n<meta property=\"og:locale\" content=\"sv_SE\" \/>\n<meta property=\"og:type\" content=\"article\" \/>\n<meta property=\"og:title\" content=\"Glow Tray X Vibes Guld - Kicka\" \/>\n<meta property=\"og:description\" content=\"Glow Tray \u00e4r den ultimata rullbrickan f\u00f6r entusiaster av torra \u00f6rter, men den \u00e4r mycket mer \u00e4n bara en rullbricka. Med en stor yta och upph\u00f6jda kanter f\u00f6r att h\u00e5lla dina torra \u00f6rter och rullande produkter rena och s\u00e4kert inneslutna. Den h\u00e4r rullbrickan \u00e4r utformad med kraftfulla, uppladdningsbara, 6 timmars 1800 mAh-batterier och har &quot;Double Battery Life&quot;-kapacitet f\u00f6r att se till att du aldrig mer beh\u00f6ver rulla i m\u00f6rkret igen.\" \/>\n<meta property=\"og:url\" content=\"https:\/\/kicka.eu\/sv\/produkt\/glow-tray-x-vibes-guld\/\" \/>\n<meta property=\"og:site_name\" content=\"Kicka\" \/>\n<meta property=\"article:modified_time\" content=\"2023-11-11T20:47:58+00:00\" \/>\n<meta property=\"og:image\" content=\"https:\/\/kicka.eu\/wp-content\/uploads\/2022\/03\/20009.jpeg\" \/>\n\t<meta property=\"og:image:width\" content=\"800\" \/>\n\t<meta property=\"og:image:height\" content=\"800\" \/>\n\t<meta property=\"og:image:type\" content=\"image\/jpeg\" \/>\n<meta name=\"twitter:card\" content=\"summary_large_image\" \/>\n<script type=\"application\/ld+json\" class=\"yoast-schema-graph\">{\"@context\":\"https:\/\/schema.org\",\"@graph\":[{\"@type\":\"WebPage\",\"@id\":\"https:\/\/kicka.eu\/sv\/produkt\/glow-tray-x-vibes-guld\/\",\"url\":\"https:\/\/kicka.eu\/sv\/produkt\/glow-tray-x-vibes-guld\/\",\"name\":\"Glow Tray X Vibes Guld - Kicka\",\"isPartOf\":{\"@id\":\"https:\/\/kicka.eu\/sv\/#website\"},\"primaryImageOfPage\":{\"@id\":\"https:\/\/kicka.eu\/sv\/produkt\/glow-tray-x-vibes-guld\/#primaryimage\"},\"image\":{\"@id\":\"https:\/\/kicka.eu\/sv\/produkt\/glow-tray-x-vibes-guld\/#primaryimage\"},\"thumbnailUrl\":\"https:\/\/kicka.eu\/wp-content\/uploads\/2022\/03\/20009.jpeg\",\"datePublished\":\"2023-05-18T20:26:39+00:00\",\"dateModified\":\"2023-11-11T20:47:58+00:00\",\"breadcrumb\":{\"@id\":\"https:\/\/kicka.eu\/sv\/produkt\/glow-tray-x-vibes-guld\/#breadcrumb\"},\"inLanguage\":\"sv-SE\",\"potentialAction\":[{\"@type\":\"ReadAction\",\"target\":[\"https:\/\/kicka.eu\/sv\/produkt\/glow-tray-x-vibes-guld\/\"]}]},{\"@type\":\"ImageObject\",\"inLanguage\":\"sv-SE\",\"@id\":\"https:\/\/kicka.eu\/sv\/produkt\/glow-tray-x-vibes-guld\/#primaryimage\",\"url\":\"https:\/\/kicka.eu\/wp-content\/uploads\/2022\/03\/20009.jpeg\",\"contentUrl\":\"https:\/\/kicka.eu\/wp-content\/uploads\/2022\/03\/20009.jpeg\",\"width\":800,\"height\":800},{\"@type\":\"BreadcrumbList\",\"@id\":\"https:\/\/kicka.eu\/sv\/produkt\/glow-tray-x-vibes-guld\/#breadcrumb\",\"itemListElement\":[{\"@type\":\"ListItem\",\"position\":1,\"name\":\"Home\",\"item\":\"https:\/\/kicka.eu\/sv\/\"},{\"@type\":\"ListItem\",\"position\":2,\"name\":\"Shop\",\"item\":\"https:\/\/kicka.eu\/sv\/shop\/\"},{\"@type\":\"ListItem\",\"position\":3,\"name\":\"Glow Tray X Vibes Guld\"}]},{\"@type\":\"WebSite\",\"@id\":\"https:\/\/kicka.eu\/sv\/#website\",\"url\":\"https:\/\/kicka.eu\/sv\/\",\"name\":\"Kicka\",\"description\":\"Online Headshop\",\"publisher\":{\"@id\":\"https:\/\/kicka.eu\/sv\/#organization\"},\"potentialAction\":[{\"@type\":\"SearchAction\",\"target\":{\"@type\":\"EntryPoint\",\"urlTemplate\":\"https:\/\/kicka.eu\/sv\/?s={search_term_string}\"},\"query-input\":\"required name=search_term_string\"}],\"inLanguage\":\"sv-SE\"},{\"@type\":\"Organization\",\"@id\":\"https:\/\/kicka.eu\/sv\/#organization\",\"name\":\"Kicka\",\"url\":\"https:\/\/kicka.eu\/sv\/\",\"logo\":{\"@type\":\"ImageObject\",\"inLanguage\":\"sv-SE\",\"@id\":\"https:\/\/kicka.eu\/sv\/#\/schema\/logo\/image\/\",\"url\":\"https:\/\/kicka.eu\/wp-content\/uploads\/2023\/08\/Kicka-Logo.png\",\"contentUrl\":\"https:\/\/kicka.eu\/wp-content\/uploads\/2023\/08\/Kicka-Logo.png\",\"width\":233,\"height\":233,\"caption\":\"Kicka\"},\"image\":{\"@id\":\"https:\/\/kicka.eu\/sv\/#\/schema\/logo\/image\/\"}}]}<\/script>\n<!-- \/ Yoast SEO plugin. -->","yoast_head_json":{"title":"Glow Tray X Vibes Guld - Kicka","robots":{"index":"index","follow":"follow","max-snippet":"max-snippet:-1","max-image-preview":"max-image-preview:large","max-video-preview":"max-video-preview:-1"},"canonical":"https:\/\/kicka.eu\/sv\/produkt\/glow-tray-x-vibes-guld\/","og_locale":"sv_SE","og_type":"article","og_title":"Glow Tray X Vibes Guld - Kicka","og_description":"Glow Tray \u00e4r den ultimata rullbrickan f\u00f6r entusiaster av torra \u00f6rter, men den \u00e4r mycket mer \u00e4n bara en rullbricka. Med en stor yta och upph\u00f6jda kanter f\u00f6r att h\u00e5lla dina torra \u00f6rter och rullande produkter rena och s\u00e4kert inneslutna. Den h\u00e4r rullbrickan \u00e4r utformad med kraftfulla, uppladdningsbara, 6 timmars 1800 mAh-batterier och har \"Double Battery Life\"-kapacitet f\u00f6r att se till att du aldrig mer beh\u00f6ver rulla i m\u00f6rkret igen.","og_url":"https:\/\/kicka.eu\/sv\/produkt\/glow-tray-x-vibes-guld\/","og_site_name":"Kicka","article_modified_time":"2023-11-11T20:47:58+00:00","og_image":[{"width":800,"height":800,"url":"https:\/\/kicka.eu\/wp-content\/uploads\/2022\/03\/20009.jpeg","type":"image\/jpeg"}],"twitter_card":"summary_large_image","schema":{"@context":"https:\/\/schema.org","@graph":[{"@type":"WebPage","@id":"https:\/\/kicka.eu\/sv\/produkt\/glow-tray-x-vibes-guld\/","url":"https:\/\/kicka.eu\/sv\/produkt\/glow-tray-x-vibes-guld\/","name":"Glow Tray X Vibes Guld - Kicka","isPartOf":{"@id":"https:\/\/kicka.eu\/sv\/#website"},"primaryImageOfPage":{"@id":"https:\/\/kicka.eu\/sv\/produkt\/glow-tray-x-vibes-guld\/#primaryimage"},"image":{"@id":"https:\/\/kicka.eu\/sv\/produkt\/glow-tray-x-vibes-guld\/#primaryimage"},"thumbnailUrl":"https:\/\/kicka.eu\/wp-content\/uploads\/2022\/03\/20009.jpeg","datePublished":"2023-05-18T20:26:39+00:00","dateModified":"2023-11-11T20:47:58+00:00","breadcrumb":{"@id":"https:\/\/kicka.eu\/sv\/produkt\/glow-tray-x-vibes-guld\/#breadcrumb"},"inLanguage":"sv-SE","potentialAction":[{"@type":"ReadAction","target":["https:\/\/kicka.eu\/sv\/produkt\/glow-tray-x-vibes-guld\/"]}]},{"@type":"ImageObject","inLanguage":"sv-SE","@id":"https:\/\/kicka.eu\/sv\/produkt\/glow-tray-x-vibes-guld\/#primaryimage","url":"https:\/\/kicka.eu\/wp-content\/uploads\/2022\/03\/20009.jpeg","contentUrl":"https:\/\/kicka.eu\/wp-content\/uploads\/2022\/03\/20009.jpeg","width":800,"height":800},{"@type":"BreadcrumbList","@id":"https:\/\/kicka.eu\/sv\/produkt\/glow-tray-x-vibes-guld\/#breadcrumb","itemListElement":[{"@type":"ListItem","position":1,"name":"Home","item":"https:\/\/kicka.eu\/sv\/"},{"@type":"ListItem","position":2,"name":"Shop","item":"https:\/\/kicka.eu\/sv\/shop\/"},{"@type":"ListItem","position":3,"name":"Glow Tray X Vibes Guld"}]},{"@type":"WebSite","@id":"https:\/\/kicka.eu\/sv\/#website","url":"https:\/\/kicka.eu\/sv\/","name":"Kicka","description":"Online Headshop","publisher":{"@id":"https:\/\/kicka.eu\/sv\/#organization"},"potentialAction":[{"@type":"SearchAction","target":{"@type":"EntryPoint","urlTemplate":"https:\/\/kicka.eu\/sv\/?s={search_term_string}"},"query-input":"required name=search_term_string"}],"inLanguage":"sv-SE"},{"@type":"Organization","@id":"https:\/\/kicka.eu\/sv\/#organization","name":"Kicka","url":"https:\/\/kicka.eu\/sv\/","logo":{"@type":"ImageObject","inLanguage":"sv-SE","@id":"https:\/\/kicka.eu\/sv\/#\/schema\/logo\/image\/","url":"https:\/\/kicka.eu\/wp-content\/uploads\/2023\/08\/Kicka-Logo.png","contentUrl":"https:\/\/kicka.eu\/wp-content\/uploads\/2023\/08\/Kicka-Logo.png","width":233,"height":233,"caption":"Kicka"},"image":{"@id":"https:\/\/kicka.eu\/sv\/#\/schema\/logo\/image\/"}}]}},"_links":{"self":[{"href":"https:\/\/kicka.eu\/sv\/wp-json\/wp\/v2\/product\/40958","targetHints":{"allow":["GET"]}}],"collection":[{"href":"https:\/\/kicka.eu\/sv\/wp-json\/wp\/v2\/product"}],"about":[{"href":"https:\/\/kicka.eu\/sv\/wp-json\/wp\/v2\/types\/product"}],"replies":[{"embeddable":true,"href":"https:\/\/kicka.eu\/sv\/wp-json\/wp\/v2\/comments?post=40958"}],"wp:featuredmedia":[{"embeddable":true,"href":"https:\/\/kicka.eu\/sv\/wp-json\/wp\/v2\/media\/483"}],"wp:attachment":[{"href":"https:\/\/kicka.eu\/sv\/wp-json\/wp\/v2\/media?parent=40958"}],"wp:term":[{"taxonomy":"product_cat","embeddable":true,"href":"https:\/\/kicka.eu\/sv\/wp-json\/wp\/v2\/product_cat?post=40958"},{"taxonomy":"product_tag","embeddable":true,"href":"https:\/\/kicka.eu\/sv\/wp-json\/wp\/v2\/product_tag?post=40958"}],"curies":[{"name":"wp","href":"https:\/\/api.w.org\/{rel}","templated":true}]}}