{"id":40948,"date":"2023-05-18T22:26:37","date_gmt":"2023-05-18T20:26:37","guid":{"rendered":"https:\/\/kicka.eu\/product\/g-pen-roam\/"},"modified":"2023-08-17T01:32:17","modified_gmt":"2023-08-16T23:32:17","slug":"g-pen-roam","status":"publish","type":"product","link":"https:\/\/kicka.eu\/sv\/produkt\/g-pen-roam\/","title":{"rendered":"G Pen Roam"},"content":{"rendered":"","protected":false},"excerpt":{"rendered":"<p>G Pen Roam levererar vattenfiltrering i en b\u00e4rbar koncentratf\u00f6r\u00e5ngare som \u00e4r byggt f\u00f6r att h\u00e5lla. En ergonomisk design g\u00f6r att du b\u00e4r str\u00f6mmen och rymmer ett glasr\u00f6r som renar och kyler dina drag. Kvartanken p\u00e5 v\u00e4vningen g\u00f6r ett fantastiskt jobb f\u00f6r att spara materialets smak, \u00e4ven med h\u00f6gtemperaturomr\u00e5det 204 \u00b0 C &#8211; 427 \u00b0 C. Drivs av ett 1300 mAh litiumjonbatteri, G Pen Roam laddar snabbt, kan anv\u00e4ndas under laddningsprocessen och h\u00e5ller sig levande f\u00f6r en hel dag med vaping.<br \/>\nSmooth Concentrate Hits<\/p>\n<p>Insidan av Roams bekv\u00e4ma hus \u00e4r deras glasr\u00f6rs vattenfiltreringssystem. Hydro-r\u00f6ret tj\u00e4nar som &#8221;\u00e5ngv\u00e4gen&#8221; f\u00f6r rammen och \u00e4r f\u00e4st direkt mot munstycket. F\u00f6r att h\u00e5lla hydro-r\u00f6ret s\u00e5 n\u00e4ra munstyckets Grenco-vetenskapen s\u00e4kerst\u00e4llde att du f\u00e5r f\u00e4rska dragningar med varje drag eftersom din \u00e5nga g\u00e5r direkt fr\u00e5n kammaren till dina l\u00e4ppar, utan tomt utrymme. G Pen Roam g\u00f6r att njuta av sl\u00e4ta koncentratdragen.<br \/>\nFull Quartz Tank<\/p>\n<p>F\u00f6r att hj\u00e4lpa till med att f\u00e5 smaken av ditt material ut, har G Pen Roam en fullst\u00e4ndig kvartstank. J\u00e4mf\u00f6rt med titanbeh\u00e5llare eller v\u00e4rmeelement, \u00e4r kvarts ett mycket b\u00e4ttre jobb att l\u00e5ta dig smaka dina drag och har en snabbare v\u00e4rme upp tid. ROAM-f\u00f6r\u00e5ngaren kommer snabbt till temperaturen p\u00e5 grund av kvartanken som arbetar i samband med 1300 mAh-batteriet. \u00c4ven med ett s\u00e5dant h\u00f6gtemperaturomr\u00e5de, kommer v\u00e4vningen att l\u00e5ta dig smaka p\u00e5 ditt material under sessioner, leverera en blandning av t\u00e4ta moln och provsmakning.<br \/>\nVad finns i boxen<\/p>\n<p>1x G Pen Roam<br \/>\n1x kvarts tank<br \/>\n1x tankskydd<br \/>\n1x munstycke<br \/>\n1x glasr\u00f6r<br \/>\n1x mikro-USB-laddningskabel<br \/>\n1x resefall<br \/>\n1x lastverktyg<br \/>\n1x reng\u00f6ringstips<\/p>\n","protected":false},"featured_media":432,"comment_status":"open","ping_status":"closed","template":"","meta":{"_acf_changed":false,"_et_pb_use_builder":"","_et_pb_old_content":"","_et_gb_content_width":"","om_disable_all_campaigns":false,"_monsterinsights_skip_tracking":false,"_monsterinsights_sitenote_active":false,"_monsterinsights_sitenote_note":"","_monsterinsights_sitenote_category":0,"_uf_show_specific_survey":0,"_uf_disable_surveys":false},"product_cat":[28],"product_tag":[29],"class_list":{"0":"post-40948","1":"product","2":"type-product","3":"status-publish","4":"has-post-thumbnail","6":"product_cat-vape","7":"product_tag-vaporizers","8":"pa_varumarken-g-pen","10":"first","11":"instock","12":"taxable","13":"shipping-taxable","14":"purchasable","15":"product-type-simple"},"acf":[],"yoast_head":"<!-- This site is optimized with the Yoast SEO plugin v22.8 - https:\/\/yoast.com\/wordpress\/plugins\/seo\/ -->\n<title>G Pen Roam - Kicka<\/title>\n<meta name=\"robots\" content=\"index, follow, max-snippet:-1, max-image-preview:large, max-video-preview:-1\" \/>\n<link rel=\"canonical\" href=\"https:\/\/kicka.eu\/sv\/produkt\/g-pen-roam\/\" \/>\n<meta property=\"og:locale\" content=\"sv_SE\" \/>\n<meta property=\"og:type\" content=\"article\" \/>\n<meta property=\"og:title\" content=\"G Pen Roam - Kicka\" \/>\n<meta property=\"og:description\" content=\"G Pen Roam levererar vattenfiltrering i en b\u00e4rbar koncentratf\u00f6r\u00e5ngare som \u00e4r byggt f\u00f6r att h\u00e5lla. En ergonomisk design g\u00f6r att du b\u00e4r str\u00f6mmen och rymmer ett glasr\u00f6r som renar och kyler dina drag. Kvartanken p\u00e5 v\u00e4vningen g\u00f6r ett fantastiskt jobb f\u00f6r att spara materialets smak, \u00e4ven med h\u00f6gtemperaturomr\u00e5det 204 \u00b0 C - 427 \u00b0 C. Drivs av ett 1300 mAh litiumjonbatteri, G Pen Roam laddar snabbt, kan anv\u00e4ndas under laddningsprocessen och h\u00e5ller sig levande f\u00f6r en hel dag med vaping. Smooth Concentrate Hits  Insidan av Roams bekv\u00e4ma hus \u00e4r deras glasr\u00f6rs vattenfiltreringssystem. Hydro-r\u00f6ret tj\u00e4nar som &quot;\u00e5ngv\u00e4gen&quot; f\u00f6r rammen och \u00e4r f\u00e4st direkt mot munstycket. F\u00f6r att h\u00e5lla hydro-r\u00f6ret s\u00e5 n\u00e4ra munstyckets Grenco-vetenskapen s\u00e4kerst\u00e4llde att du f\u00e5r f\u00e4rska dragningar med varje drag eftersom din \u00e5nga g\u00e5r direkt fr\u00e5n kammaren till dina l\u00e4ppar, utan tomt utrymme. G Pen Roam g\u00f6r att njuta av sl\u00e4ta koncentratdragen. Full Quartz Tank  F\u00f6r att hj\u00e4lpa till med att f\u00e5 smaken av ditt material ut, har G Pen Roam en fullst\u00e4ndig kvartstank. J\u00e4mf\u00f6rt med titanbeh\u00e5llare eller v\u00e4rmeelement, \u00e4r kvarts ett mycket b\u00e4ttre jobb att l\u00e5ta dig smaka dina drag och har en snabbare v\u00e4rme upp tid. ROAM-f\u00f6r\u00e5ngaren kommer snabbt till temperaturen p\u00e5 grund av kvartanken som arbetar i samband med 1300 mAh-batteriet. \u00c4ven med ett s\u00e5dant h\u00f6gtemperaturomr\u00e5de, kommer v\u00e4vningen att l\u00e5ta dig smaka p\u00e5 ditt material under sessioner, leverera en blandning av t\u00e4ta moln och provsmakning. Vad finns i boxen  1x G Pen Roam 1x kvarts tank 1x tankskydd 1x munstycke 1x glasr\u00f6r 1x mikro-USB-laddningskabel 1x resefall 1x lastverktyg 1x reng\u00f6ringstips\" \/>\n<meta property=\"og:url\" content=\"https:\/\/kicka.eu\/sv\/produkt\/g-pen-roam\/\" \/>\n<meta property=\"og:site_name\" content=\"Kicka\" \/>\n<meta property=\"article:modified_time\" content=\"2023-08-16T23:32:17+00:00\" \/>\n<meta property=\"og:image\" content=\"https:\/\/kicka.eu\/wp-content\/uploads\/2022\/03\/18985.jpeg\" \/>\n\t<meta property=\"og:image:width\" content=\"600\" \/>\n\t<meta property=\"og:image:height\" content=\"500\" \/>\n\t<meta property=\"og:image:type\" content=\"image\/jpeg\" \/>\n<meta name=\"twitter:card\" content=\"summary_large_image\" \/>\n<script type=\"application\/ld+json\" class=\"yoast-schema-graph\">{\"@context\":\"https:\/\/schema.org\",\"@graph\":[{\"@type\":\"WebPage\",\"@id\":\"https:\/\/kicka.eu\/sv\/produkt\/g-pen-roam\/\",\"url\":\"https:\/\/kicka.eu\/sv\/produkt\/g-pen-roam\/\",\"name\":\"G Pen Roam - Kicka\",\"isPartOf\":{\"@id\":\"https:\/\/kicka.eu\/sv\/#website\"},\"primaryImageOfPage\":{\"@id\":\"https:\/\/kicka.eu\/sv\/produkt\/g-pen-roam\/#primaryimage\"},\"image\":{\"@id\":\"https:\/\/kicka.eu\/sv\/produkt\/g-pen-roam\/#primaryimage\"},\"thumbnailUrl\":\"https:\/\/kicka.eu\/wp-content\/uploads\/2022\/03\/18985.jpeg\",\"datePublished\":\"2023-05-18T20:26:37+00:00\",\"dateModified\":\"2023-08-16T23:32:17+00:00\",\"breadcrumb\":{\"@id\":\"https:\/\/kicka.eu\/sv\/produkt\/g-pen-roam\/#breadcrumb\"},\"inLanguage\":\"sv-SE\",\"potentialAction\":[{\"@type\":\"ReadAction\",\"target\":[\"https:\/\/kicka.eu\/sv\/produkt\/g-pen-roam\/\"]}]},{\"@type\":\"ImageObject\",\"inLanguage\":\"sv-SE\",\"@id\":\"https:\/\/kicka.eu\/sv\/produkt\/g-pen-roam\/#primaryimage\",\"url\":\"https:\/\/kicka.eu\/wp-content\/uploads\/2022\/03\/18985.jpeg\",\"contentUrl\":\"https:\/\/kicka.eu\/wp-content\/uploads\/2022\/03\/18985.jpeg\",\"width\":600,\"height\":500},{\"@type\":\"BreadcrumbList\",\"@id\":\"https:\/\/kicka.eu\/sv\/produkt\/g-pen-roam\/#breadcrumb\",\"itemListElement\":[{\"@type\":\"ListItem\",\"position\":1,\"name\":\"Home\",\"item\":\"https:\/\/kicka.eu\/sv\/\"},{\"@type\":\"ListItem\",\"position\":2,\"name\":\"Shop\",\"item\":\"https:\/\/kicka.eu\/sv\/shop\/\"},{\"@type\":\"ListItem\",\"position\":3,\"name\":\"G Pen Roam\"}]},{\"@type\":\"WebSite\",\"@id\":\"https:\/\/kicka.eu\/sv\/#website\",\"url\":\"https:\/\/kicka.eu\/sv\/\",\"name\":\"Kicka\",\"description\":\"Online Headshop\",\"publisher\":{\"@id\":\"https:\/\/kicka.eu\/sv\/#organization\"},\"potentialAction\":[{\"@type\":\"SearchAction\",\"target\":{\"@type\":\"EntryPoint\",\"urlTemplate\":\"https:\/\/kicka.eu\/sv\/?s={search_term_string}\"},\"query-input\":\"required name=search_term_string\"}],\"inLanguage\":\"sv-SE\"},{\"@type\":\"Organization\",\"@id\":\"https:\/\/kicka.eu\/sv\/#organization\",\"name\":\"Kicka\",\"url\":\"https:\/\/kicka.eu\/sv\/\",\"logo\":{\"@type\":\"ImageObject\",\"inLanguage\":\"sv-SE\",\"@id\":\"https:\/\/kicka.eu\/sv\/#\/schema\/logo\/image\/\",\"url\":\"https:\/\/kicka.eu\/wp-content\/uploads\/2023\/08\/Kicka-Logo.png\",\"contentUrl\":\"https:\/\/kicka.eu\/wp-content\/uploads\/2023\/08\/Kicka-Logo.png\",\"width\":233,\"height\":233,\"caption\":\"Kicka\"},\"image\":{\"@id\":\"https:\/\/kicka.eu\/sv\/#\/schema\/logo\/image\/\"}}]}<\/script>\n<!-- \/ Yoast SEO plugin. -->","yoast_head_json":{"title":"G Pen Roam - Kicka","robots":{"index":"index","follow":"follow","max-snippet":"max-snippet:-1","max-image-preview":"max-image-preview:large","max-video-preview":"max-video-preview:-1"},"canonical":"https:\/\/kicka.eu\/sv\/produkt\/g-pen-roam\/","og_locale":"sv_SE","og_type":"article","og_title":"G Pen Roam - Kicka","og_description":"G Pen Roam levererar vattenfiltrering i en b\u00e4rbar koncentratf\u00f6r\u00e5ngare som \u00e4r byggt f\u00f6r att h\u00e5lla. En ergonomisk design g\u00f6r att du b\u00e4r str\u00f6mmen och rymmer ett glasr\u00f6r som renar och kyler dina drag. Kvartanken p\u00e5 v\u00e4vningen g\u00f6r ett fantastiskt jobb f\u00f6r att spara materialets smak, \u00e4ven med h\u00f6gtemperaturomr\u00e5det 204 \u00b0 C - 427 \u00b0 C. Drivs av ett 1300 mAh litiumjonbatteri, G Pen Roam laddar snabbt, kan anv\u00e4ndas under laddningsprocessen och h\u00e5ller sig levande f\u00f6r en hel dag med vaping. Smooth Concentrate Hits  Insidan av Roams bekv\u00e4ma hus \u00e4r deras glasr\u00f6rs vattenfiltreringssystem. Hydro-r\u00f6ret tj\u00e4nar som \"\u00e5ngv\u00e4gen\" f\u00f6r rammen och \u00e4r f\u00e4st direkt mot munstycket. F\u00f6r att h\u00e5lla hydro-r\u00f6ret s\u00e5 n\u00e4ra munstyckets Grenco-vetenskapen s\u00e4kerst\u00e4llde att du f\u00e5r f\u00e4rska dragningar med varje drag eftersom din \u00e5nga g\u00e5r direkt fr\u00e5n kammaren till dina l\u00e4ppar, utan tomt utrymme. G Pen Roam g\u00f6r att njuta av sl\u00e4ta koncentratdragen. Full Quartz Tank  F\u00f6r att hj\u00e4lpa till med att f\u00e5 smaken av ditt material ut, har G Pen Roam en fullst\u00e4ndig kvartstank. J\u00e4mf\u00f6rt med titanbeh\u00e5llare eller v\u00e4rmeelement, \u00e4r kvarts ett mycket b\u00e4ttre jobb att l\u00e5ta dig smaka dina drag och har en snabbare v\u00e4rme upp tid. ROAM-f\u00f6r\u00e5ngaren kommer snabbt till temperaturen p\u00e5 grund av kvartanken som arbetar i samband med 1300 mAh-batteriet. \u00c4ven med ett s\u00e5dant h\u00f6gtemperaturomr\u00e5de, kommer v\u00e4vningen att l\u00e5ta dig smaka p\u00e5 ditt material under sessioner, leverera en blandning av t\u00e4ta moln och provsmakning. Vad finns i boxen  1x G Pen Roam 1x kvarts tank 1x tankskydd 1x munstycke 1x glasr\u00f6r 1x mikro-USB-laddningskabel 1x resefall 1x lastverktyg 1x reng\u00f6ringstips","og_url":"https:\/\/kicka.eu\/sv\/produkt\/g-pen-roam\/","og_site_name":"Kicka","article_modified_time":"2023-08-16T23:32:17+00:00","og_image":[{"width":600,"height":500,"url":"https:\/\/kicka.eu\/wp-content\/uploads\/2022\/03\/18985.jpeg","type":"image\/jpeg"}],"twitter_card":"summary_large_image","schema":{"@context":"https:\/\/schema.org","@graph":[{"@type":"WebPage","@id":"https:\/\/kicka.eu\/sv\/produkt\/g-pen-roam\/","url":"https:\/\/kicka.eu\/sv\/produkt\/g-pen-roam\/","name":"G Pen Roam - Kicka","isPartOf":{"@id":"https:\/\/kicka.eu\/sv\/#website"},"primaryImageOfPage":{"@id":"https:\/\/kicka.eu\/sv\/produkt\/g-pen-roam\/#primaryimage"},"image":{"@id":"https:\/\/kicka.eu\/sv\/produkt\/g-pen-roam\/#primaryimage"},"thumbnailUrl":"https:\/\/kicka.eu\/wp-content\/uploads\/2022\/03\/18985.jpeg","datePublished":"2023-05-18T20:26:37+00:00","dateModified":"2023-08-16T23:32:17+00:00","breadcrumb":{"@id":"https:\/\/kicka.eu\/sv\/produkt\/g-pen-roam\/#breadcrumb"},"inLanguage":"sv-SE","potentialAction":[{"@type":"ReadAction","target":["https:\/\/kicka.eu\/sv\/produkt\/g-pen-roam\/"]}]},{"@type":"ImageObject","inLanguage":"sv-SE","@id":"https:\/\/kicka.eu\/sv\/produkt\/g-pen-roam\/#primaryimage","url":"https:\/\/kicka.eu\/wp-content\/uploads\/2022\/03\/18985.jpeg","contentUrl":"https:\/\/kicka.eu\/wp-content\/uploads\/2022\/03\/18985.jpeg","width":600,"height":500},{"@type":"BreadcrumbList","@id":"https:\/\/kicka.eu\/sv\/produkt\/g-pen-roam\/#breadcrumb","itemListElement":[{"@type":"ListItem","position":1,"name":"Home","item":"https:\/\/kicka.eu\/sv\/"},{"@type":"ListItem","position":2,"name":"Shop","item":"https:\/\/kicka.eu\/sv\/shop\/"},{"@type":"ListItem","position":3,"name":"G Pen Roam"}]},{"@type":"WebSite","@id":"https:\/\/kicka.eu\/sv\/#website","url":"https:\/\/kicka.eu\/sv\/","name":"Kicka","description":"Online Headshop","publisher":{"@id":"https:\/\/kicka.eu\/sv\/#organization"},"potentialAction":[{"@type":"SearchAction","target":{"@type":"EntryPoint","urlTemplate":"https:\/\/kicka.eu\/sv\/?s={search_term_string}"},"query-input":"required name=search_term_string"}],"inLanguage":"sv-SE"},{"@type":"Organization","@id":"https:\/\/kicka.eu\/sv\/#organization","name":"Kicka","url":"https:\/\/kicka.eu\/sv\/","logo":{"@type":"ImageObject","inLanguage":"sv-SE","@id":"https:\/\/kicka.eu\/sv\/#\/schema\/logo\/image\/","url":"https:\/\/kicka.eu\/wp-content\/uploads\/2023\/08\/Kicka-Logo.png","contentUrl":"https:\/\/kicka.eu\/wp-content\/uploads\/2023\/08\/Kicka-Logo.png","width":233,"height":233,"caption":"Kicka"},"image":{"@id":"https:\/\/kicka.eu\/sv\/#\/schema\/logo\/image\/"}}]}},"_links":{"self":[{"href":"https:\/\/kicka.eu\/sv\/wp-json\/wp\/v2\/product\/40948","targetHints":{"allow":["GET"]}}],"collection":[{"href":"https:\/\/kicka.eu\/sv\/wp-json\/wp\/v2\/product"}],"about":[{"href":"https:\/\/kicka.eu\/sv\/wp-json\/wp\/v2\/types\/product"}],"replies":[{"embeddable":true,"href":"https:\/\/kicka.eu\/sv\/wp-json\/wp\/v2\/comments?post=40948"}],"wp:featuredmedia":[{"embeddable":true,"href":"https:\/\/kicka.eu\/sv\/wp-json\/wp\/v2\/media\/432"}],"wp:attachment":[{"href":"https:\/\/kicka.eu\/sv\/wp-json\/wp\/v2\/media?parent=40948"}],"wp:term":[{"taxonomy":"product_cat","embeddable":true,"href":"https:\/\/kicka.eu\/sv\/wp-json\/wp\/v2\/product_cat?post=40948"},{"taxonomy":"product_tag","embeddable":true,"href":"https:\/\/kicka.eu\/sv\/wp-json\/wp\/v2\/product_tag?post=40948"}],"curies":[{"name":"wp","href":"https:\/\/api.w.org\/{rel}","templated":true}]}}