{"id":40921,"date":"2023-05-18T22:26:31","date_gmt":"2023-05-18T20:26:31","guid":{"rendered":"https:\/\/kicka.eu\/product\/elements-connoisseur-kingsize-slim\/"},"modified":"2024-02-02T22:55:29","modified_gmt":"2024-02-02T21:55:29","slug":"elements-connoisseur-kingsize-slim","status":"publish","type":"product","link":"https:\/\/kicka.eu\/sv\/produkt\/elements-connoisseur-kingsize-slim\/","title":{"rendered":"Elements Connoisseur Kingsize Slim"},"content":{"rendered":"","protected":false},"excerpt":{"rendered":"<p>Element Alla ris rullande papper \u00e4r ett f\u00f6rnuftigt och naturligt val. Elements garanterade ultra l\u00e5ngsamma brinnande papper trycks tills de \u00e4r om\u00f6jligt tunna, och sedan l\u00e4ggs ett litet lager av naturligt sockergummi till bladet. Elementen skapar nollaska n\u00e4r det brinner, bara en liten aska rings fr\u00e5n sockergummi karamellisering eftersom det r\u00f6ktas ner. Elements varum\u00e4rke magnetiskt f\u00f6rseglat pack h\u00e5ller dina papper i gott skick n\u00e4r du \u00e4r p\u00e5 spr\u00e5ng. Dessa king size-rullande papper inkluderar rispapperskoner och ett tungt band f\u00f6r att h\u00e5lla dispensern s\u00e4ker. Dessa Spliff-size-cigarettpapper, och tips kommer att f\u00e5 dig att rulla stora, l\u00e4ckra handrullade kottar av dina favoritknoppar med l\u00e4tthet.<\/p>\n","protected":false},"featured_media":41920,"comment_status":"open","ping_status":"closed","template":"","meta":{"_acf_changed":false,"_et_pb_use_builder":"","_et_pb_old_content":"","_et_gb_content_width":"","om_disable_all_campaigns":false,"_monsterinsights_skip_tracking":false,"_monsterinsights_sitenote_active":false,"_monsterinsights_sitenote_note":"","_monsterinsights_sitenote_category":0,"_uf_show_specific_survey":0,"_uf_disable_surveys":false},"product_cat":[32],"product_tag":[33],"class_list":{"0":"post-40921","1":"product","2":"type-product","3":"status-publish","4":"has-post-thumbnail","6":"product_cat-rullning","7":"product_tag-rullpapper","8":"pa_varumarken-elements","10":"first","11":"instock","12":"taxable","13":"shipping-taxable","14":"purchasable","15":"product-type-simple"},"acf":[],"yoast_head":"<!-- This site is optimized with the Yoast SEO plugin v22.8 - https:\/\/yoast.com\/wordpress\/plugins\/seo\/ -->\n<title>Elements Connoisseur Kingsize Slim - Kicka<\/title>\n<meta name=\"robots\" content=\"index, follow, max-snippet:-1, max-image-preview:large, max-video-preview:-1\" \/>\n<link rel=\"canonical\" href=\"https:\/\/kicka.eu\/sv\/produkt\/elements-connoisseur-kingsize-slim\/\" \/>\n<meta property=\"og:locale\" content=\"sv_SE\" \/>\n<meta property=\"og:type\" content=\"article\" \/>\n<meta property=\"og:title\" content=\"Elements Connoisseur Kingsize Slim - Kicka\" \/>\n<meta property=\"og:description\" content=\"Element Alla ris rullande papper \u00e4r ett f\u00f6rnuftigt och naturligt val. Elements garanterade ultra l\u00e5ngsamma brinnande papper trycks tills de \u00e4r om\u00f6jligt tunna, och sedan l\u00e4ggs ett litet lager av naturligt sockergummi till bladet. Elementen skapar nollaska n\u00e4r det brinner, bara en liten aska rings fr\u00e5n sockergummi karamellisering eftersom det r\u00f6ktas ner. Elements varum\u00e4rke magnetiskt f\u00f6rseglat pack h\u00e5ller dina papper i gott skick n\u00e4r du \u00e4r p\u00e5 spr\u00e5ng. Dessa king size-rullande papper inkluderar rispapperskoner och ett tungt band f\u00f6r att h\u00e5lla dispensern s\u00e4ker. Dessa Spliff-size-cigarettpapper, och tips kommer att f\u00e5 dig att rulla stora, l\u00e4ckra handrullade kottar av dina favoritknoppar med l\u00e4tthet.\" \/>\n<meta property=\"og:url\" content=\"https:\/\/kicka.eu\/sv\/produkt\/elements-connoisseur-kingsize-slim\/\" \/>\n<meta property=\"og:site_name\" content=\"Kicka\" \/>\n<meta property=\"article:modified_time\" content=\"2024-02-02T21:55:29+00:00\" \/>\n<meta property=\"og:image\" content=\"https:\/\/kicka.eu\/wp-content\/uploads\/2023\/05\/RL1031-removebg-preview-removebg-preview.jpg\" \/>\n\t<meta property=\"og:image:width\" content=\"500\" \/>\n\t<meta property=\"og:image:height\" content=\"500\" \/>\n\t<meta property=\"og:image:type\" content=\"image\/jpeg\" \/>\n<meta name=\"twitter:card\" content=\"summary_large_image\" \/>\n<meta name=\"twitter:label1\" content=\"Ber\u00e4knad l\u00e4stid\" \/>\n\t<meta name=\"twitter:data1\" content=\"1 minut\" \/>\n<script type=\"application\/ld+json\" class=\"yoast-schema-graph\">{\"@context\":\"https:\/\/schema.org\",\"@graph\":[{\"@type\":\"WebPage\",\"@id\":\"https:\/\/kicka.eu\/sv\/produkt\/elements-connoisseur-kingsize-slim\/\",\"url\":\"https:\/\/kicka.eu\/sv\/produkt\/elements-connoisseur-kingsize-slim\/\",\"name\":\"Elements Connoisseur Kingsize Slim - Kicka\",\"isPartOf\":{\"@id\":\"https:\/\/kicka.eu\/sv\/#website\"},\"primaryImageOfPage\":{\"@id\":\"https:\/\/kicka.eu\/sv\/produkt\/elements-connoisseur-kingsize-slim\/#primaryimage\"},\"image\":{\"@id\":\"https:\/\/kicka.eu\/sv\/produkt\/elements-connoisseur-kingsize-slim\/#primaryimage\"},\"thumbnailUrl\":\"https:\/\/kicka.eu\/wp-content\/uploads\/2023\/05\/RL1031-removebg-preview-removebg-preview.jpg\",\"datePublished\":\"2023-05-18T20:26:31+00:00\",\"dateModified\":\"2024-02-02T21:55:29+00:00\",\"breadcrumb\":{\"@id\":\"https:\/\/kicka.eu\/sv\/produkt\/elements-connoisseur-kingsize-slim\/#breadcrumb\"},\"inLanguage\":\"sv-SE\",\"potentialAction\":[{\"@type\":\"ReadAction\",\"target\":[\"https:\/\/kicka.eu\/sv\/produkt\/elements-connoisseur-kingsize-slim\/\"]}]},{\"@type\":\"ImageObject\",\"inLanguage\":\"sv-SE\",\"@id\":\"https:\/\/kicka.eu\/sv\/produkt\/elements-connoisseur-kingsize-slim\/#primaryimage\",\"url\":\"https:\/\/kicka.eu\/wp-content\/uploads\/2023\/05\/RL1031-removebg-preview-removebg-preview.jpg\",\"contentUrl\":\"https:\/\/kicka.eu\/wp-content\/uploads\/2023\/05\/RL1031-removebg-preview-removebg-preview.jpg\",\"width\":500,\"height\":500},{\"@type\":\"BreadcrumbList\",\"@id\":\"https:\/\/kicka.eu\/sv\/produkt\/elements-connoisseur-kingsize-slim\/#breadcrumb\",\"itemListElement\":[{\"@type\":\"ListItem\",\"position\":1,\"name\":\"Home\",\"item\":\"https:\/\/kicka.eu\/sv\/\"},{\"@type\":\"ListItem\",\"position\":2,\"name\":\"Shop\",\"item\":\"https:\/\/kicka.eu\/sv\/shop\/\"},{\"@type\":\"ListItem\",\"position\":3,\"name\":\"Elements Connoisseur Kingsize Slim\"}]},{\"@type\":\"WebSite\",\"@id\":\"https:\/\/kicka.eu\/sv\/#website\",\"url\":\"https:\/\/kicka.eu\/sv\/\",\"name\":\"Kicka\",\"description\":\"Online Headshop\",\"publisher\":{\"@id\":\"https:\/\/kicka.eu\/sv\/#organization\"},\"potentialAction\":[{\"@type\":\"SearchAction\",\"target\":{\"@type\":\"EntryPoint\",\"urlTemplate\":\"https:\/\/kicka.eu\/sv\/?s={search_term_string}\"},\"query-input\":\"required name=search_term_string\"}],\"inLanguage\":\"sv-SE\"},{\"@type\":\"Organization\",\"@id\":\"https:\/\/kicka.eu\/sv\/#organization\",\"name\":\"Kicka\",\"url\":\"https:\/\/kicka.eu\/sv\/\",\"logo\":{\"@type\":\"ImageObject\",\"inLanguage\":\"sv-SE\",\"@id\":\"https:\/\/kicka.eu\/sv\/#\/schema\/logo\/image\/\",\"url\":\"https:\/\/kicka.eu\/wp-content\/uploads\/2023\/08\/Kicka-Logo.png\",\"contentUrl\":\"https:\/\/kicka.eu\/wp-content\/uploads\/2023\/08\/Kicka-Logo.png\",\"width\":233,\"height\":233,\"caption\":\"Kicka\"},\"image\":{\"@id\":\"https:\/\/kicka.eu\/sv\/#\/schema\/logo\/image\/\"}}]}<\/script>\n<!-- \/ Yoast SEO plugin. -->","yoast_head_json":{"title":"Elements Connoisseur Kingsize Slim - Kicka","robots":{"index":"index","follow":"follow","max-snippet":"max-snippet:-1","max-image-preview":"max-image-preview:large","max-video-preview":"max-video-preview:-1"},"canonical":"https:\/\/kicka.eu\/sv\/produkt\/elements-connoisseur-kingsize-slim\/","og_locale":"sv_SE","og_type":"article","og_title":"Elements Connoisseur Kingsize Slim - Kicka","og_description":"Element Alla ris rullande papper \u00e4r ett f\u00f6rnuftigt och naturligt val. Elements garanterade ultra l\u00e5ngsamma brinnande papper trycks tills de \u00e4r om\u00f6jligt tunna, och sedan l\u00e4ggs ett litet lager av naturligt sockergummi till bladet. Elementen skapar nollaska n\u00e4r det brinner, bara en liten aska rings fr\u00e5n sockergummi karamellisering eftersom det r\u00f6ktas ner. Elements varum\u00e4rke magnetiskt f\u00f6rseglat pack h\u00e5ller dina papper i gott skick n\u00e4r du \u00e4r p\u00e5 spr\u00e5ng. Dessa king size-rullande papper inkluderar rispapperskoner och ett tungt band f\u00f6r att h\u00e5lla dispensern s\u00e4ker. Dessa Spliff-size-cigarettpapper, och tips kommer att f\u00e5 dig att rulla stora, l\u00e4ckra handrullade kottar av dina favoritknoppar med l\u00e4tthet.","og_url":"https:\/\/kicka.eu\/sv\/produkt\/elements-connoisseur-kingsize-slim\/","og_site_name":"Kicka","article_modified_time":"2024-02-02T21:55:29+00:00","og_image":[{"width":500,"height":500,"url":"https:\/\/kicka.eu\/wp-content\/uploads\/2023\/05\/RL1031-removebg-preview-removebg-preview.jpg","type":"image\/jpeg"}],"twitter_card":"summary_large_image","twitter_misc":{"Ber\u00e4knad l\u00e4stid":"1 minut"},"schema":{"@context":"https:\/\/schema.org","@graph":[{"@type":"WebPage","@id":"https:\/\/kicka.eu\/sv\/produkt\/elements-connoisseur-kingsize-slim\/","url":"https:\/\/kicka.eu\/sv\/produkt\/elements-connoisseur-kingsize-slim\/","name":"Elements Connoisseur Kingsize Slim - Kicka","isPartOf":{"@id":"https:\/\/kicka.eu\/sv\/#website"},"primaryImageOfPage":{"@id":"https:\/\/kicka.eu\/sv\/produkt\/elements-connoisseur-kingsize-slim\/#primaryimage"},"image":{"@id":"https:\/\/kicka.eu\/sv\/produkt\/elements-connoisseur-kingsize-slim\/#primaryimage"},"thumbnailUrl":"https:\/\/kicka.eu\/wp-content\/uploads\/2023\/05\/RL1031-removebg-preview-removebg-preview.jpg","datePublished":"2023-05-18T20:26:31+00:00","dateModified":"2024-02-02T21:55:29+00:00","breadcrumb":{"@id":"https:\/\/kicka.eu\/sv\/produkt\/elements-connoisseur-kingsize-slim\/#breadcrumb"},"inLanguage":"sv-SE","potentialAction":[{"@type":"ReadAction","target":["https:\/\/kicka.eu\/sv\/produkt\/elements-connoisseur-kingsize-slim\/"]}]},{"@type":"ImageObject","inLanguage":"sv-SE","@id":"https:\/\/kicka.eu\/sv\/produkt\/elements-connoisseur-kingsize-slim\/#primaryimage","url":"https:\/\/kicka.eu\/wp-content\/uploads\/2023\/05\/RL1031-removebg-preview-removebg-preview.jpg","contentUrl":"https:\/\/kicka.eu\/wp-content\/uploads\/2023\/05\/RL1031-removebg-preview-removebg-preview.jpg","width":500,"height":500},{"@type":"BreadcrumbList","@id":"https:\/\/kicka.eu\/sv\/produkt\/elements-connoisseur-kingsize-slim\/#breadcrumb","itemListElement":[{"@type":"ListItem","position":1,"name":"Home","item":"https:\/\/kicka.eu\/sv\/"},{"@type":"ListItem","position":2,"name":"Shop","item":"https:\/\/kicka.eu\/sv\/shop\/"},{"@type":"ListItem","position":3,"name":"Elements Connoisseur Kingsize Slim"}]},{"@type":"WebSite","@id":"https:\/\/kicka.eu\/sv\/#website","url":"https:\/\/kicka.eu\/sv\/","name":"Kicka","description":"Online Headshop","publisher":{"@id":"https:\/\/kicka.eu\/sv\/#organization"},"potentialAction":[{"@type":"SearchAction","target":{"@type":"EntryPoint","urlTemplate":"https:\/\/kicka.eu\/sv\/?s={search_term_string}"},"query-input":"required name=search_term_string"}],"inLanguage":"sv-SE"},{"@type":"Organization","@id":"https:\/\/kicka.eu\/sv\/#organization","name":"Kicka","url":"https:\/\/kicka.eu\/sv\/","logo":{"@type":"ImageObject","inLanguage":"sv-SE","@id":"https:\/\/kicka.eu\/sv\/#\/schema\/logo\/image\/","url":"https:\/\/kicka.eu\/wp-content\/uploads\/2023\/08\/Kicka-Logo.png","contentUrl":"https:\/\/kicka.eu\/wp-content\/uploads\/2023\/08\/Kicka-Logo.png","width":233,"height":233,"caption":"Kicka"},"image":{"@id":"https:\/\/kicka.eu\/sv\/#\/schema\/logo\/image\/"}}]}},"_links":{"self":[{"href":"https:\/\/kicka.eu\/sv\/wp-json\/wp\/v2\/product\/40921","targetHints":{"allow":["GET"]}}],"collection":[{"href":"https:\/\/kicka.eu\/sv\/wp-json\/wp\/v2\/product"}],"about":[{"href":"https:\/\/kicka.eu\/sv\/wp-json\/wp\/v2\/types\/product"}],"replies":[{"embeddable":true,"href":"https:\/\/kicka.eu\/sv\/wp-json\/wp\/v2\/comments?post=40921"}],"wp:featuredmedia":[{"embeddable":true,"href":"https:\/\/kicka.eu\/sv\/wp-json\/wp\/v2\/media\/41920"}],"wp:attachment":[{"href":"https:\/\/kicka.eu\/sv\/wp-json\/wp\/v2\/media?parent=40921"}],"wp:term":[{"taxonomy":"product_cat","embeddable":true,"href":"https:\/\/kicka.eu\/sv\/wp-json\/wp\/v2\/product_cat?post=40921"},{"taxonomy":"product_tag","embeddable":true,"href":"https:\/\/kicka.eu\/sv\/wp-json\/wp\/v2\/product_tag?post=40921"}],"curies":[{"name":"wp","href":"https:\/\/api.w.org\/{rel}","templated":true}]}}