{"id":40901,"date":"2023-05-18T22:26:26","date_gmt":"2023-05-18T20:26:26","guid":{"rendered":"https:\/\/kicka.eu\/product\/cookies-ziplock-smell-proof-bag-liten\/"},"modified":"2023-06-25T16:34:29","modified_gmt":"2023-06-25T14:34:29","slug":"cookies-ziplock-smell-proof-bag-liten","status":"publish","type":"product","link":"https:\/\/kicka.eu\/sv\/produkt\/cookies-ziplock-smell-proof-bag-liten\/","title":{"rendered":"Cookies Ziplock Smell Proof Bag Liten"},"content":{"rendered":"","protected":false},"excerpt":{"rendered":"<p>Cookies Luktfria v\u00e4skor \u00e4r utformade f\u00f6r att vara det ultimata i lukt- och barri\u00e4rskydd. De \u00e4r vattent\u00e4ta, luktiga och punkteringsbest\u00e4ndiga. Vi extrem f\u00f6rseglade kanterna med en extra bred, trippel pressad tjock t\u00e4tning. V\u00e5r slitstarka l\u00e5s dragkedja \u00e4r tre g\u00e5nger tjockare och mjukare \u00e4n en vanlig v\u00e4ska f\u00f6r att blockera lukt varje g\u00e5ng<\/p>\n","protected":false},"featured_media":527,"comment_status":"open","ping_status":"closed","template":"","meta":{"_acf_changed":false,"_et_pb_use_builder":"","_et_pb_old_content":"","_et_gb_content_width":"","om_disable_all_campaigns":false,"_monsterinsights_skip_tracking":false,"_monsterinsights_sitenote_active":false,"_monsterinsights_sitenote_note":"","_monsterinsights_sitenote_category":0,"_uf_show_specific_survey":0,"_uf_disable_surveys":false},"product_cat":[30],"product_tag":[36],"class_list":{"0":"post-40901","1":"product","2":"type-product","3":"status-publish","4":"has-post-thumbnail","6":"product_cat-tillbehor","7":"product_tag-forvaring","8":"pa_varumarken-cookies","10":"first","11":"instock","12":"taxable","13":"shipping-taxable","14":"purchasable","15":"product-type-simple"},"acf":[],"yoast_head":"<!-- This site is optimized with the Yoast SEO plugin v22.8 - https:\/\/yoast.com\/wordpress\/plugins\/seo\/ -->\n<title>Cookies Ziplock Smell Proof Bag Liten - Kicka<\/title>\n<meta name=\"robots\" content=\"index, follow, max-snippet:-1, max-image-preview:large, max-video-preview:-1\" \/>\n<link rel=\"canonical\" href=\"https:\/\/kicka.eu\/sv\/produkt\/cookies-ziplock-smell-proof-bag-liten\/\" \/>\n<meta property=\"og:locale\" content=\"sv_SE\" \/>\n<meta property=\"og:type\" content=\"article\" \/>\n<meta property=\"og:title\" content=\"Cookies Ziplock Smell Proof Bag Liten - Kicka\" \/>\n<meta property=\"og:description\" content=\"Cookies Luktfria v\u00e4skor \u00e4r utformade f\u00f6r att vara det ultimata i lukt- och barri\u00e4rskydd. De \u00e4r vattent\u00e4ta, luktiga och punkteringsbest\u00e4ndiga. Vi extrem f\u00f6rseglade kanterna med en extra bred, trippel pressad tjock t\u00e4tning. V\u00e5r slitstarka l\u00e5s dragkedja \u00e4r tre g\u00e5nger tjockare och mjukare \u00e4n en vanlig v\u00e4ska f\u00f6r att blockera lukt varje g\u00e5ng\" \/>\n<meta property=\"og:url\" content=\"https:\/\/kicka.eu\/sv\/produkt\/cookies-ziplock-smell-proof-bag-liten\/\" \/>\n<meta property=\"og:site_name\" content=\"Kicka\" \/>\n<meta property=\"article:modified_time\" content=\"2023-06-25T14:34:29+00:00\" \/>\n<meta property=\"og:image\" content=\"https:\/\/kicka.eu\/wp-content\/uploads\/2022\/03\/34403.jpeg\" \/>\n\t<meta property=\"og:image:width\" content=\"850\" \/>\n\t<meta property=\"og:image:height\" content=\"850\" \/>\n\t<meta property=\"og:image:type\" content=\"image\/jpeg\" \/>\n<meta name=\"twitter:card\" content=\"summary_large_image\" \/>\n<script type=\"application\/ld+json\" class=\"yoast-schema-graph\">{\"@context\":\"https:\/\/schema.org\",\"@graph\":[{\"@type\":\"WebPage\",\"@id\":\"https:\/\/kicka.eu\/sv\/produkt\/cookies-ziplock-smell-proof-bag-liten\/\",\"url\":\"https:\/\/kicka.eu\/sv\/produkt\/cookies-ziplock-smell-proof-bag-liten\/\",\"name\":\"Cookies Ziplock Smell Proof Bag Liten - Kicka\",\"isPartOf\":{\"@id\":\"https:\/\/kicka.eu\/sv\/#website\"},\"primaryImageOfPage\":{\"@id\":\"https:\/\/kicka.eu\/sv\/produkt\/cookies-ziplock-smell-proof-bag-liten\/#primaryimage\"},\"image\":{\"@id\":\"https:\/\/kicka.eu\/sv\/produkt\/cookies-ziplock-smell-proof-bag-liten\/#primaryimage\"},\"thumbnailUrl\":\"https:\/\/kicka.eu\/wp-content\/uploads\/2022\/03\/34403.jpeg\",\"datePublished\":\"2023-05-18T20:26:26+00:00\",\"dateModified\":\"2023-06-25T14:34:29+00:00\",\"breadcrumb\":{\"@id\":\"https:\/\/kicka.eu\/sv\/produkt\/cookies-ziplock-smell-proof-bag-liten\/#breadcrumb\"},\"inLanguage\":\"sv-SE\",\"potentialAction\":[{\"@type\":\"ReadAction\",\"target\":[\"https:\/\/kicka.eu\/sv\/produkt\/cookies-ziplock-smell-proof-bag-liten\/\"]}]},{\"@type\":\"ImageObject\",\"inLanguage\":\"sv-SE\",\"@id\":\"https:\/\/kicka.eu\/sv\/produkt\/cookies-ziplock-smell-proof-bag-liten\/#primaryimage\",\"url\":\"https:\/\/kicka.eu\/wp-content\/uploads\/2022\/03\/34403.jpeg\",\"contentUrl\":\"https:\/\/kicka.eu\/wp-content\/uploads\/2022\/03\/34403.jpeg\",\"width\":850,\"height\":850},{\"@type\":\"BreadcrumbList\",\"@id\":\"https:\/\/kicka.eu\/sv\/produkt\/cookies-ziplock-smell-proof-bag-liten\/#breadcrumb\",\"itemListElement\":[{\"@type\":\"ListItem\",\"position\":1,\"name\":\"Home\",\"item\":\"https:\/\/kicka.eu\/sv\/\"},{\"@type\":\"ListItem\",\"position\":2,\"name\":\"Shop\",\"item\":\"https:\/\/kicka.eu\/sv\/shop\/\"},{\"@type\":\"ListItem\",\"position\":3,\"name\":\"Cookies Ziplock Smell Proof Bag Liten\"}]},{\"@type\":\"WebSite\",\"@id\":\"https:\/\/kicka.eu\/sv\/#website\",\"url\":\"https:\/\/kicka.eu\/sv\/\",\"name\":\"Kicka\",\"description\":\"Online Headshop\",\"publisher\":{\"@id\":\"https:\/\/kicka.eu\/sv\/#organization\"},\"potentialAction\":[{\"@type\":\"SearchAction\",\"target\":{\"@type\":\"EntryPoint\",\"urlTemplate\":\"https:\/\/kicka.eu\/sv\/?s={search_term_string}\"},\"query-input\":\"required name=search_term_string\"}],\"inLanguage\":\"sv-SE\"},{\"@type\":\"Organization\",\"@id\":\"https:\/\/kicka.eu\/sv\/#organization\",\"name\":\"Kicka\",\"url\":\"https:\/\/kicka.eu\/sv\/\",\"logo\":{\"@type\":\"ImageObject\",\"inLanguage\":\"sv-SE\",\"@id\":\"https:\/\/kicka.eu\/sv\/#\/schema\/logo\/image\/\",\"url\":\"https:\/\/kicka.eu\/wp-content\/uploads\/2023\/08\/Kicka-Logo.png\",\"contentUrl\":\"https:\/\/kicka.eu\/wp-content\/uploads\/2023\/08\/Kicka-Logo.png\",\"width\":233,\"height\":233,\"caption\":\"Kicka\"},\"image\":{\"@id\":\"https:\/\/kicka.eu\/sv\/#\/schema\/logo\/image\/\"}}]}<\/script>\n<!-- \/ Yoast SEO plugin. -->","yoast_head_json":{"title":"Cookies Ziplock Smell Proof Bag Liten - Kicka","robots":{"index":"index","follow":"follow","max-snippet":"max-snippet:-1","max-image-preview":"max-image-preview:large","max-video-preview":"max-video-preview:-1"},"canonical":"https:\/\/kicka.eu\/sv\/produkt\/cookies-ziplock-smell-proof-bag-liten\/","og_locale":"sv_SE","og_type":"article","og_title":"Cookies Ziplock Smell Proof Bag Liten - Kicka","og_description":"Cookies Luktfria v\u00e4skor \u00e4r utformade f\u00f6r att vara det ultimata i lukt- och barri\u00e4rskydd. De \u00e4r vattent\u00e4ta, luktiga och punkteringsbest\u00e4ndiga. Vi extrem f\u00f6rseglade kanterna med en extra bred, trippel pressad tjock t\u00e4tning. V\u00e5r slitstarka l\u00e5s dragkedja \u00e4r tre g\u00e5nger tjockare och mjukare \u00e4n en vanlig v\u00e4ska f\u00f6r att blockera lukt varje g\u00e5ng","og_url":"https:\/\/kicka.eu\/sv\/produkt\/cookies-ziplock-smell-proof-bag-liten\/","og_site_name":"Kicka","article_modified_time":"2023-06-25T14:34:29+00:00","og_image":[{"width":850,"height":850,"url":"https:\/\/kicka.eu\/wp-content\/uploads\/2022\/03\/34403.jpeg","type":"image\/jpeg"}],"twitter_card":"summary_large_image","schema":{"@context":"https:\/\/schema.org","@graph":[{"@type":"WebPage","@id":"https:\/\/kicka.eu\/sv\/produkt\/cookies-ziplock-smell-proof-bag-liten\/","url":"https:\/\/kicka.eu\/sv\/produkt\/cookies-ziplock-smell-proof-bag-liten\/","name":"Cookies Ziplock Smell Proof Bag Liten - Kicka","isPartOf":{"@id":"https:\/\/kicka.eu\/sv\/#website"},"primaryImageOfPage":{"@id":"https:\/\/kicka.eu\/sv\/produkt\/cookies-ziplock-smell-proof-bag-liten\/#primaryimage"},"image":{"@id":"https:\/\/kicka.eu\/sv\/produkt\/cookies-ziplock-smell-proof-bag-liten\/#primaryimage"},"thumbnailUrl":"https:\/\/kicka.eu\/wp-content\/uploads\/2022\/03\/34403.jpeg","datePublished":"2023-05-18T20:26:26+00:00","dateModified":"2023-06-25T14:34:29+00:00","breadcrumb":{"@id":"https:\/\/kicka.eu\/sv\/produkt\/cookies-ziplock-smell-proof-bag-liten\/#breadcrumb"},"inLanguage":"sv-SE","potentialAction":[{"@type":"ReadAction","target":["https:\/\/kicka.eu\/sv\/produkt\/cookies-ziplock-smell-proof-bag-liten\/"]}]},{"@type":"ImageObject","inLanguage":"sv-SE","@id":"https:\/\/kicka.eu\/sv\/produkt\/cookies-ziplock-smell-proof-bag-liten\/#primaryimage","url":"https:\/\/kicka.eu\/wp-content\/uploads\/2022\/03\/34403.jpeg","contentUrl":"https:\/\/kicka.eu\/wp-content\/uploads\/2022\/03\/34403.jpeg","width":850,"height":850},{"@type":"BreadcrumbList","@id":"https:\/\/kicka.eu\/sv\/produkt\/cookies-ziplock-smell-proof-bag-liten\/#breadcrumb","itemListElement":[{"@type":"ListItem","position":1,"name":"Home","item":"https:\/\/kicka.eu\/sv\/"},{"@type":"ListItem","position":2,"name":"Shop","item":"https:\/\/kicka.eu\/sv\/shop\/"},{"@type":"ListItem","position":3,"name":"Cookies Ziplock Smell Proof Bag Liten"}]},{"@type":"WebSite","@id":"https:\/\/kicka.eu\/sv\/#website","url":"https:\/\/kicka.eu\/sv\/","name":"Kicka","description":"Online Headshop","publisher":{"@id":"https:\/\/kicka.eu\/sv\/#organization"},"potentialAction":[{"@type":"SearchAction","target":{"@type":"EntryPoint","urlTemplate":"https:\/\/kicka.eu\/sv\/?s={search_term_string}"},"query-input":"required name=search_term_string"}],"inLanguage":"sv-SE"},{"@type":"Organization","@id":"https:\/\/kicka.eu\/sv\/#organization","name":"Kicka","url":"https:\/\/kicka.eu\/sv\/","logo":{"@type":"ImageObject","inLanguage":"sv-SE","@id":"https:\/\/kicka.eu\/sv\/#\/schema\/logo\/image\/","url":"https:\/\/kicka.eu\/wp-content\/uploads\/2023\/08\/Kicka-Logo.png","contentUrl":"https:\/\/kicka.eu\/wp-content\/uploads\/2023\/08\/Kicka-Logo.png","width":233,"height":233,"caption":"Kicka"},"image":{"@id":"https:\/\/kicka.eu\/sv\/#\/schema\/logo\/image\/"}}]}},"_links":{"self":[{"href":"https:\/\/kicka.eu\/sv\/wp-json\/wp\/v2\/product\/40901","targetHints":{"allow":["GET"]}}],"collection":[{"href":"https:\/\/kicka.eu\/sv\/wp-json\/wp\/v2\/product"}],"about":[{"href":"https:\/\/kicka.eu\/sv\/wp-json\/wp\/v2\/types\/product"}],"replies":[{"embeddable":true,"href":"https:\/\/kicka.eu\/sv\/wp-json\/wp\/v2\/comments?post=40901"}],"wp:featuredmedia":[{"embeddable":true,"href":"https:\/\/kicka.eu\/sv\/wp-json\/wp\/v2\/media\/527"}],"wp:attachment":[{"href":"https:\/\/kicka.eu\/sv\/wp-json\/wp\/v2\/media?parent=40901"}],"wp:term":[{"taxonomy":"product_cat","embeddable":true,"href":"https:\/\/kicka.eu\/sv\/wp-json\/wp\/v2\/product_cat?post=40901"},{"taxonomy":"product_tag","embeddable":true,"href":"https:\/\/kicka.eu\/sv\/wp-json\/wp\/v2\/product_tag?post=40901"}],"curies":[{"name":"wp","href":"https:\/\/api.w.org\/{rel}","templated":true}]}}