{"id":40897,"date":"2023-05-18T22:26:25","date_gmt":"2023-05-18T20:26:25","guid":{"rendered":"https:\/\/kicka.eu\/product\/banana-bros-otto-guld-grinder\/"},"modified":"2023-05-18T22:26:25","modified_gmt":"2023-05-18T20:26:25","slug":"banana-bros-otto-guld-grinder","status":"publish","type":"product","link":"https:\/\/kicka.eu\/sv\/produkt\/banana-bros-otto-guld-grinder\/","title":{"rendered":"Banana Bros. Otto Guld Grinder"},"content":{"rendered":"","protected":false},"excerpt":{"rendered":"<p>Snygg och ergonomisk, Limited-Edition Gold Otto omvandlar torr \u00f6rt i koner p\u00e5 bara sekunder. Kunna slipa och packa 20-30 koner per laddning, fylls den h\u00e4r enheten automatiskt och j\u00e4mnt. Otto har konstruerat med en fj\u00e4derbelastad kvarn som efterliknar m\u00e4nniskans slipande gester, vilket m\u00f6jligg\u00f6r att dess inneh\u00e5ll \u00e4r malda f\u00f6r enhetlig perfektion.<br \/>\nOtto Gold Grinder Funktioner<\/p>\n<p>    Begr\u00e4nsad utg\u00e5va<br \/>\n    Mill &#038; Fyll i kontakten med en knapp<br \/>\n    AI justerar riktningen, hastighet och tryck<br \/>\n    \u00c4ven grind hindrar luftfickor och k\u00f6rningar<br \/>\n    Grinds &#038; Packs 20-30 kottar per avgift<br \/>\n    Kompatibel med alla korta, standard- eller kungliga kottar<br \/>\n    O-tratt ing\u00e5r<\/p>\n","protected":false},"featured_media":373,"comment_status":"open","ping_status":"closed","template":"","meta":{"_acf_changed":false,"_et_pb_use_builder":"","_et_pb_old_content":"","_et_gb_content_width":"","om_disable_all_campaigns":false,"_monsterinsights_skip_tracking":false,"_monsterinsights_sitenote_active":false,"_monsterinsights_sitenote_note":"","_monsterinsights_sitenote_category":0,"_uf_show_specific_survey":0,"_uf_disable_surveys":false},"product_cat":[30],"product_tag":[39],"class_list":{"0":"post-40897","1":"product","2":"type-product","3":"status-publish","4":"has-post-thumbnail","6":"product_cat-tillbehor","7":"product_tag-grinders","9":"first","10":"instock","11":"taxable","12":"shipping-taxable","13":"purchasable","14":"product-type-simple"},"acf":[],"yoast_head":"<!-- This site is optimized with the Yoast SEO plugin v22.8 - https:\/\/yoast.com\/wordpress\/plugins\/seo\/ -->\n<title>Banana Bros. Otto Guld Grinder - Kicka<\/title>\n<meta name=\"robots\" content=\"index, follow, max-snippet:-1, max-image-preview:large, max-video-preview:-1\" \/>\n<link rel=\"canonical\" href=\"https:\/\/kicka.eu\/sv\/produkt\/banana-bros-otto-guld-grinder\/\" \/>\n<meta property=\"og:locale\" content=\"sv_SE\" \/>\n<meta property=\"og:type\" content=\"article\" \/>\n<meta property=\"og:title\" content=\"Banana Bros. Otto Guld Grinder - Kicka\" \/>\n<meta property=\"og:description\" content=\"Snygg och ergonomisk, Limited-Edition Gold Otto omvandlar torr \u00f6rt i koner p\u00e5 bara sekunder. Kunna slipa och packa 20-30 koner per laddning, fylls den h\u00e4r enheten automatiskt och j\u00e4mnt. Otto har konstruerat med en fj\u00e4derbelastad kvarn som efterliknar m\u00e4nniskans slipande gester, vilket m\u00f6jligg\u00f6r att dess inneh\u00e5ll \u00e4r malda f\u00f6r enhetlig perfektion. Otto Gold Grinder Funktioner   Begr\u00e4nsad utg\u00e5va   Mill &amp; Fyll i kontakten med en knapp   AI justerar riktningen, hastighet och tryck   \u00c4ven grind hindrar luftfickor och k\u00f6rningar   Grinds &amp; Packs 20-30 kottar per avgift   Kompatibel med alla korta, standard- eller kungliga kottar   O-tratt ing\u00e5r\" \/>\n<meta property=\"og:url\" content=\"https:\/\/kicka.eu\/sv\/produkt\/banana-bros-otto-guld-grinder\/\" \/>\n<meta property=\"og:site_name\" content=\"Kicka\" \/>\n<meta property=\"og:image\" content=\"https:\/\/kicka.eu\/wp-content\/uploads\/2022\/03\/16925.jpeg\" \/>\n\t<meta property=\"og:image:width\" content=\"800\" \/>\n\t<meta property=\"og:image:height\" content=\"800\" \/>\n\t<meta property=\"og:image:type\" content=\"image\/jpeg\" \/>\n<meta name=\"twitter:card\" content=\"summary_large_image\" \/>\n<script type=\"application\/ld+json\" class=\"yoast-schema-graph\">{\"@context\":\"https:\/\/schema.org\",\"@graph\":[{\"@type\":\"WebPage\",\"@id\":\"https:\/\/kicka.eu\/sv\/produkt\/banana-bros-otto-guld-grinder\/\",\"url\":\"https:\/\/kicka.eu\/sv\/produkt\/banana-bros-otto-guld-grinder\/\",\"name\":\"Banana Bros. Otto Guld Grinder - Kicka\",\"isPartOf\":{\"@id\":\"https:\/\/kicka.eu\/sv\/#website\"},\"primaryImageOfPage\":{\"@id\":\"https:\/\/kicka.eu\/sv\/produkt\/banana-bros-otto-guld-grinder\/#primaryimage\"},\"image\":{\"@id\":\"https:\/\/kicka.eu\/sv\/produkt\/banana-bros-otto-guld-grinder\/#primaryimage\"},\"thumbnailUrl\":\"https:\/\/kicka.eu\/wp-content\/uploads\/2022\/03\/16925.jpeg\",\"datePublished\":\"2023-05-18T20:26:25+00:00\",\"dateModified\":\"2023-05-18T20:26:25+00:00\",\"breadcrumb\":{\"@id\":\"https:\/\/kicka.eu\/sv\/produkt\/banana-bros-otto-guld-grinder\/#breadcrumb\"},\"inLanguage\":\"sv-SE\",\"potentialAction\":[{\"@type\":\"ReadAction\",\"target\":[\"https:\/\/kicka.eu\/sv\/produkt\/banana-bros-otto-guld-grinder\/\"]}]},{\"@type\":\"ImageObject\",\"inLanguage\":\"sv-SE\",\"@id\":\"https:\/\/kicka.eu\/sv\/produkt\/banana-bros-otto-guld-grinder\/#primaryimage\",\"url\":\"https:\/\/kicka.eu\/wp-content\/uploads\/2022\/03\/16925.jpeg\",\"contentUrl\":\"https:\/\/kicka.eu\/wp-content\/uploads\/2022\/03\/16925.jpeg\",\"width\":800,\"height\":800},{\"@type\":\"BreadcrumbList\",\"@id\":\"https:\/\/kicka.eu\/sv\/produkt\/banana-bros-otto-guld-grinder\/#breadcrumb\",\"itemListElement\":[{\"@type\":\"ListItem\",\"position\":1,\"name\":\"Home\",\"item\":\"https:\/\/kicka.eu\/sv\/\"},{\"@type\":\"ListItem\",\"position\":2,\"name\":\"Shop\",\"item\":\"https:\/\/kicka.eu\/sv\/shop\/\"},{\"@type\":\"ListItem\",\"position\":3,\"name\":\"Banana Bros. Otto Guld Grinder\"}]},{\"@type\":\"WebSite\",\"@id\":\"https:\/\/kicka.eu\/sv\/#website\",\"url\":\"https:\/\/kicka.eu\/sv\/\",\"name\":\"Kicka\",\"description\":\"Online Headshop\",\"publisher\":{\"@id\":\"https:\/\/kicka.eu\/sv\/#organization\"},\"potentialAction\":[{\"@type\":\"SearchAction\",\"target\":{\"@type\":\"EntryPoint\",\"urlTemplate\":\"https:\/\/kicka.eu\/sv\/?s={search_term_string}\"},\"query-input\":\"required name=search_term_string\"}],\"inLanguage\":\"sv-SE\"},{\"@type\":\"Organization\",\"@id\":\"https:\/\/kicka.eu\/sv\/#organization\",\"name\":\"Kicka\",\"url\":\"https:\/\/kicka.eu\/sv\/\",\"logo\":{\"@type\":\"ImageObject\",\"inLanguage\":\"sv-SE\",\"@id\":\"https:\/\/kicka.eu\/sv\/#\/schema\/logo\/image\/\",\"url\":\"https:\/\/kicka.eu\/wp-content\/uploads\/2023\/08\/Kicka-Logo.png\",\"contentUrl\":\"https:\/\/kicka.eu\/wp-content\/uploads\/2023\/08\/Kicka-Logo.png\",\"width\":233,\"height\":233,\"caption\":\"Kicka\"},\"image\":{\"@id\":\"https:\/\/kicka.eu\/sv\/#\/schema\/logo\/image\/\"}}]}<\/script>\n<!-- \/ Yoast SEO plugin. -->","yoast_head_json":{"title":"Banana Bros. Otto Guld Grinder - Kicka","robots":{"index":"index","follow":"follow","max-snippet":"max-snippet:-1","max-image-preview":"max-image-preview:large","max-video-preview":"max-video-preview:-1"},"canonical":"https:\/\/kicka.eu\/sv\/produkt\/banana-bros-otto-guld-grinder\/","og_locale":"sv_SE","og_type":"article","og_title":"Banana Bros. Otto Guld Grinder - Kicka","og_description":"Snygg och ergonomisk, Limited-Edition Gold Otto omvandlar torr \u00f6rt i koner p\u00e5 bara sekunder. Kunna slipa och packa 20-30 koner per laddning, fylls den h\u00e4r enheten automatiskt och j\u00e4mnt. Otto har konstruerat med en fj\u00e4derbelastad kvarn som efterliknar m\u00e4nniskans slipande gester, vilket m\u00f6jligg\u00f6r att dess inneh\u00e5ll \u00e4r malda f\u00f6r enhetlig perfektion. Otto Gold Grinder Funktioner   Begr\u00e4nsad utg\u00e5va   Mill & Fyll i kontakten med en knapp   AI justerar riktningen, hastighet och tryck   \u00c4ven grind hindrar luftfickor och k\u00f6rningar   Grinds & Packs 20-30 kottar per avgift   Kompatibel med alla korta, standard- eller kungliga kottar   O-tratt ing\u00e5r","og_url":"https:\/\/kicka.eu\/sv\/produkt\/banana-bros-otto-guld-grinder\/","og_site_name":"Kicka","og_image":[{"width":800,"height":800,"url":"https:\/\/kicka.eu\/wp-content\/uploads\/2022\/03\/16925.jpeg","type":"image\/jpeg"}],"twitter_card":"summary_large_image","schema":{"@context":"https:\/\/schema.org","@graph":[{"@type":"WebPage","@id":"https:\/\/kicka.eu\/sv\/produkt\/banana-bros-otto-guld-grinder\/","url":"https:\/\/kicka.eu\/sv\/produkt\/banana-bros-otto-guld-grinder\/","name":"Banana Bros. Otto Guld Grinder - Kicka","isPartOf":{"@id":"https:\/\/kicka.eu\/sv\/#website"},"primaryImageOfPage":{"@id":"https:\/\/kicka.eu\/sv\/produkt\/banana-bros-otto-guld-grinder\/#primaryimage"},"image":{"@id":"https:\/\/kicka.eu\/sv\/produkt\/banana-bros-otto-guld-grinder\/#primaryimage"},"thumbnailUrl":"https:\/\/kicka.eu\/wp-content\/uploads\/2022\/03\/16925.jpeg","datePublished":"2023-05-18T20:26:25+00:00","dateModified":"2023-05-18T20:26:25+00:00","breadcrumb":{"@id":"https:\/\/kicka.eu\/sv\/produkt\/banana-bros-otto-guld-grinder\/#breadcrumb"},"inLanguage":"sv-SE","potentialAction":[{"@type":"ReadAction","target":["https:\/\/kicka.eu\/sv\/produkt\/banana-bros-otto-guld-grinder\/"]}]},{"@type":"ImageObject","inLanguage":"sv-SE","@id":"https:\/\/kicka.eu\/sv\/produkt\/banana-bros-otto-guld-grinder\/#primaryimage","url":"https:\/\/kicka.eu\/wp-content\/uploads\/2022\/03\/16925.jpeg","contentUrl":"https:\/\/kicka.eu\/wp-content\/uploads\/2022\/03\/16925.jpeg","width":800,"height":800},{"@type":"BreadcrumbList","@id":"https:\/\/kicka.eu\/sv\/produkt\/banana-bros-otto-guld-grinder\/#breadcrumb","itemListElement":[{"@type":"ListItem","position":1,"name":"Home","item":"https:\/\/kicka.eu\/sv\/"},{"@type":"ListItem","position":2,"name":"Shop","item":"https:\/\/kicka.eu\/sv\/shop\/"},{"@type":"ListItem","position":3,"name":"Banana Bros. Otto Guld Grinder"}]},{"@type":"WebSite","@id":"https:\/\/kicka.eu\/sv\/#website","url":"https:\/\/kicka.eu\/sv\/","name":"Kicka","description":"Online Headshop","publisher":{"@id":"https:\/\/kicka.eu\/sv\/#organization"},"potentialAction":[{"@type":"SearchAction","target":{"@type":"EntryPoint","urlTemplate":"https:\/\/kicka.eu\/sv\/?s={search_term_string}"},"query-input":"required name=search_term_string"}],"inLanguage":"sv-SE"},{"@type":"Organization","@id":"https:\/\/kicka.eu\/sv\/#organization","name":"Kicka","url":"https:\/\/kicka.eu\/sv\/","logo":{"@type":"ImageObject","inLanguage":"sv-SE","@id":"https:\/\/kicka.eu\/sv\/#\/schema\/logo\/image\/","url":"https:\/\/kicka.eu\/wp-content\/uploads\/2023\/08\/Kicka-Logo.png","contentUrl":"https:\/\/kicka.eu\/wp-content\/uploads\/2023\/08\/Kicka-Logo.png","width":233,"height":233,"caption":"Kicka"},"image":{"@id":"https:\/\/kicka.eu\/sv\/#\/schema\/logo\/image\/"}}]}},"_links":{"self":[{"href":"https:\/\/kicka.eu\/sv\/wp-json\/wp\/v2\/product\/40897","targetHints":{"allow":["GET"]}}],"collection":[{"href":"https:\/\/kicka.eu\/sv\/wp-json\/wp\/v2\/product"}],"about":[{"href":"https:\/\/kicka.eu\/sv\/wp-json\/wp\/v2\/types\/product"}],"replies":[{"embeddable":true,"href":"https:\/\/kicka.eu\/sv\/wp-json\/wp\/v2\/comments?post=40897"}],"wp:featuredmedia":[{"embeddable":true,"href":"https:\/\/kicka.eu\/sv\/wp-json\/wp\/v2\/media\/373"}],"wp:attachment":[{"href":"https:\/\/kicka.eu\/sv\/wp-json\/wp\/v2\/media?parent=40897"}],"wp:term":[{"taxonomy":"product_cat","embeddable":true,"href":"https:\/\/kicka.eu\/sv\/wp-json\/wp\/v2\/product_cat?post=40897"},{"taxonomy":"product_tag","embeddable":true,"href":"https:\/\/kicka.eu\/sv\/wp-json\/wp\/v2\/product_tag?post=40897"}],"curies":[{"name":"wp","href":"https:\/\/api.w.org\/{rel}","templated":true}]}}