{"id":40896,"date":"2023-05-18T22:26:25","date_gmt":"2023-05-18T20:26:25","guid":{"rendered":"https:\/\/kicka.eu\/product\/banana-bros-otto-grinder\/"},"modified":"2023-05-18T22:26:25","modified_gmt":"2023-05-18T20:26:25","slug":"banana-bros-otto-grinder","status":"publish","type":"product","link":"https:\/\/kicka.eu\/sv\/produkt\/banana-bros-otto-grinder\/","title":{"rendered":"Banana Bros. Otto Grinder"},"content":{"rendered":"","protected":false},"excerpt":{"rendered":"<p>Denna snygga utformade allt-i-ett-enhet kan mala och packa 20-30 koner per laddning, automatiskt och j\u00e4mnt fylla premiumkoner med effektivitet. Otto-kvarnen omvandlar torrt material f\u00f6r att kona p\u00e5 bara sekunder, leverera perfekta rullar varje g\u00e5ng. Med sin egen innovativa smarta slipningsteknik, Banana Bros. Utrustade Otto med en fj\u00e4derbelastad kvarn som efterliknar m\u00e4nskliga handslipningsbeh\u00e5llare, vilket s\u00e4kerst\u00e4ller att inneh\u00e5llet \u00e4r malet till enhetlig perfektion. 6 Premium Cones har 100% naturliga r\u00e5fiber och bredare l\u00e4ppar som till\u00e5ter inneh\u00e5ll att fylla hela v\u00e4gen till spetsen, vilket ger en j\u00e4mn br\u00e4nning med en \u00f6verl\u00e4gsen dragning. Definierad av design och effektivitet, g\u00f6r Otto-kvarnen att rulla l\u00e4tt s\u00e5 att du kan ta det lugnt.<br \/>\nPremiumkottar<\/p>\n<p>Otto Electric-kvarnen levereras med 6 premiumkottar som \u00e4r f\u00f6rsiktigt handrullade f\u00f6r p\u00e5litlig prestanda. L\u00e4ppen hos varje kon \u00e4r dimensionerad f\u00f6r s\u00f6ml\u00f6s fyllning, och en robustvalsad design f\u00f6rhindrar b\u00f6jning och k\u00f6rningar f\u00f6r att fr\u00e4mja optimal br\u00e4nning och luftfl\u00f6de. F\u00f6r att s\u00e4kerst\u00e4lla en h\u00f6gre niv\u00e5 av renhet, Banan Bros. Anv\u00e4nder 100% naturlig h\u00f6gkvalitativ r\u00e5fiber. Tillverkad med omsorg i Bali \u00e4r varje kon gratis gmos, klor och animaliska produkter. F\u00f6rv\u00e4nta dig full smak, aromer och effekter fr\u00e5n varje dragning med en l\u00e5ngsam, j\u00e4mn br\u00e4nning.<br \/>\nHur man anv\u00e4nder Otto-kvarnen<\/p>\n<p>Ladda bara kammaren med torr \u00f6rt och placera en premiumkegel i r\u00f6ret. F\u00e4st kvarnen p\u00e5 r\u00f6ret med anv\u00e4ndning av de magnetiska kontakterna som \u00e4r placerade under anordningen. H\u00e5ll str\u00f6mbrytaren ned f\u00f6r att sl\u00e5 p\u00e5 enheten och tryck sedan p\u00e5 den en g\u00e5ng f\u00f6r att b\u00f6rja slipa. Denna innovativa elkvarn kommer att k\u00e4nna av f\u00f6r\u00e4ndringar i materialet och g\u00f6ra justeringar f\u00f6r att s\u00e4kerst\u00e4lla perfekt konsistens. Konen kommer d\u00e5 att fyllas j\u00e4mnt med marken \u00f6rt. H\u00e4mta nu bara din f\u00f6rrullade kon och g\u00f6r dig redo att slappna av.<br \/>\nVAD FINNS I BOXEN:<\/p>\n<p>1x bananbros. Otto kvarn<br \/>\n1x f\u00e4rskt t\u00e4tningsr\u00f6r<br \/>\n1x extra t\u00e4tning<br \/>\n1x reng\u00f6ringsborste<br \/>\n1x USB Laddningskabel<br \/>\n1x cone retention halm<br \/>\n6x Premium Cones<br \/>\n1x m\u00e4tkopp<\/p>\n","protected":false},"featured_media":327,"comment_status":"open","ping_status":"closed","template":"","meta":{"_acf_changed":false,"_et_pb_use_builder":"","_et_pb_old_content":"","_et_gb_content_width":"","om_disable_all_campaigns":false,"_monsterinsights_skip_tracking":false,"_monsterinsights_sitenote_active":false,"_monsterinsights_sitenote_note":"","_monsterinsights_sitenote_category":0,"_uf_show_specific_survey":0,"_uf_disable_surveys":false},"product_cat":[30],"product_tag":[39],"class_list":{"0":"post-40896","1":"product","2":"type-product","3":"status-publish","4":"has-post-thumbnail","6":"product_cat-tillbehor","7":"product_tag-grinders","9":"first","10":"instock","11":"taxable","12":"shipping-taxable","13":"purchasable","14":"product-type-simple"},"acf":[],"yoast_head":"<!-- This site is optimized with the Yoast SEO plugin v22.8 - https:\/\/yoast.com\/wordpress\/plugins\/seo\/ -->\n<title>Banana Bros. Otto Grinder - Kicka<\/title>\n<meta name=\"robots\" content=\"index, follow, max-snippet:-1, max-image-preview:large, max-video-preview:-1\" \/>\n<link rel=\"canonical\" href=\"https:\/\/kicka.eu\/sv\/produkt\/banana-bros-otto-grinder\/\" \/>\n<meta property=\"og:locale\" content=\"sv_SE\" \/>\n<meta property=\"og:type\" content=\"article\" \/>\n<meta property=\"og:title\" content=\"Banana Bros. Otto Grinder - Kicka\" \/>\n<meta property=\"og:description\" content=\"Denna snygga utformade allt-i-ett-enhet kan mala och packa 20-30 koner per laddning, automatiskt och j\u00e4mnt fylla premiumkoner med effektivitet. Otto-kvarnen omvandlar torrt material f\u00f6r att kona p\u00e5 bara sekunder, leverera perfekta rullar varje g\u00e5ng. Med sin egen innovativa smarta slipningsteknik, Banana Bros. Utrustade Otto med en fj\u00e4derbelastad kvarn som efterliknar m\u00e4nskliga handslipningsbeh\u00e5llare, vilket s\u00e4kerst\u00e4ller att inneh\u00e5llet \u00e4r malet till enhetlig perfektion. 6 Premium Cones har 100% naturliga r\u00e5fiber och bredare l\u00e4ppar som till\u00e5ter inneh\u00e5ll att fylla hela v\u00e4gen till spetsen, vilket ger en j\u00e4mn br\u00e4nning med en \u00f6verl\u00e4gsen dragning. Definierad av design och effektivitet, g\u00f6r Otto-kvarnen att rulla l\u00e4tt s\u00e5 att du kan ta det lugnt. Premiumkottar Otto Electric-kvarnen levereras med 6 premiumkottar som \u00e4r f\u00f6rsiktigt handrullade f\u00f6r p\u00e5litlig prestanda. L\u00e4ppen hos varje kon \u00e4r dimensionerad f\u00f6r s\u00f6ml\u00f6s fyllning, och en robustvalsad design f\u00f6rhindrar b\u00f6jning och k\u00f6rningar f\u00f6r att fr\u00e4mja optimal br\u00e4nning och luftfl\u00f6de. F\u00f6r att s\u00e4kerst\u00e4lla en h\u00f6gre niv\u00e5 av renhet, Banan Bros. Anv\u00e4nder 100% naturlig h\u00f6gkvalitativ r\u00e5fiber. Tillverkad med omsorg i Bali \u00e4r varje kon gratis gmos, klor och animaliska produkter. F\u00f6rv\u00e4nta dig full smak, aromer och effekter fr\u00e5n varje dragning med en l\u00e5ngsam, j\u00e4mn br\u00e4nning. Hur man anv\u00e4nder Otto-kvarnen Ladda bara kammaren med torr \u00f6rt och placera en premiumkegel i r\u00f6ret. F\u00e4st kvarnen p\u00e5 r\u00f6ret med anv\u00e4ndning av de magnetiska kontakterna som \u00e4r placerade under anordningen. H\u00e5ll str\u00f6mbrytaren ned f\u00f6r att sl\u00e5 p\u00e5 enheten och tryck sedan p\u00e5 den en g\u00e5ng f\u00f6r att b\u00f6rja slipa. Denna innovativa elkvarn kommer att k\u00e4nna av f\u00f6r\u00e4ndringar i materialet och g\u00f6ra justeringar f\u00f6r att s\u00e4kerst\u00e4lla perfekt konsistens. Konen kommer d\u00e5 att fyllas j\u00e4mnt med marken \u00f6rt. H\u00e4mta nu bara din f\u00f6rrullade kon och g\u00f6r dig redo att slappna av. VAD FINNS I BOXEN: 1x bananbros. Otto kvarn 1x f\u00e4rskt t\u00e4tningsr\u00f6r 1x extra t\u00e4tning 1x reng\u00f6ringsborste 1x USB Laddningskabel 1x cone retention halm 6x Premium Cones 1x m\u00e4tkopp\" \/>\n<meta property=\"og:url\" content=\"https:\/\/kicka.eu\/sv\/produkt\/banana-bros-otto-grinder\/\" \/>\n<meta property=\"og:site_name\" content=\"Kicka\" \/>\n<meta property=\"og:image\" content=\"https:\/\/kicka.eu\/wp-content\/uploads\/2022\/03\/16559.jpeg\" \/>\n\t<meta property=\"og:image:width\" content=\"800\" \/>\n\t<meta property=\"og:image:height\" content=\"800\" \/>\n\t<meta property=\"og:image:type\" content=\"image\/jpeg\" \/>\n<meta name=\"twitter:card\" content=\"summary_large_image\" \/>\n<script type=\"application\/ld+json\" class=\"yoast-schema-graph\">{\"@context\":\"https:\/\/schema.org\",\"@graph\":[{\"@type\":\"WebPage\",\"@id\":\"https:\/\/kicka.eu\/sv\/produkt\/banana-bros-otto-grinder\/\",\"url\":\"https:\/\/kicka.eu\/sv\/produkt\/banana-bros-otto-grinder\/\",\"name\":\"Banana Bros. Otto Grinder - Kicka\",\"isPartOf\":{\"@id\":\"https:\/\/kicka.eu\/sv\/#website\"},\"primaryImageOfPage\":{\"@id\":\"https:\/\/kicka.eu\/sv\/produkt\/banana-bros-otto-grinder\/#primaryimage\"},\"image\":{\"@id\":\"https:\/\/kicka.eu\/sv\/produkt\/banana-bros-otto-grinder\/#primaryimage\"},\"thumbnailUrl\":\"https:\/\/kicka.eu\/wp-content\/uploads\/2022\/03\/16559.jpeg\",\"datePublished\":\"2023-05-18T20:26:25+00:00\",\"dateModified\":\"2023-05-18T20:26:25+00:00\",\"breadcrumb\":{\"@id\":\"https:\/\/kicka.eu\/sv\/produkt\/banana-bros-otto-grinder\/#breadcrumb\"},\"inLanguage\":\"sv-SE\",\"potentialAction\":[{\"@type\":\"ReadAction\",\"target\":[\"https:\/\/kicka.eu\/sv\/produkt\/banana-bros-otto-grinder\/\"]}]},{\"@type\":\"ImageObject\",\"inLanguage\":\"sv-SE\",\"@id\":\"https:\/\/kicka.eu\/sv\/produkt\/banana-bros-otto-grinder\/#primaryimage\",\"url\":\"https:\/\/kicka.eu\/wp-content\/uploads\/2022\/03\/16559.jpeg\",\"contentUrl\":\"https:\/\/kicka.eu\/wp-content\/uploads\/2022\/03\/16559.jpeg\",\"width\":800,\"height\":800},{\"@type\":\"BreadcrumbList\",\"@id\":\"https:\/\/kicka.eu\/sv\/produkt\/banana-bros-otto-grinder\/#breadcrumb\",\"itemListElement\":[{\"@type\":\"ListItem\",\"position\":1,\"name\":\"Home\",\"item\":\"https:\/\/kicka.eu\/sv\/\"},{\"@type\":\"ListItem\",\"position\":2,\"name\":\"Shop\",\"item\":\"https:\/\/kicka.eu\/sv\/shop\/\"},{\"@type\":\"ListItem\",\"position\":3,\"name\":\"Banana Bros. Otto Grinder\"}]},{\"@type\":\"WebSite\",\"@id\":\"https:\/\/kicka.eu\/sv\/#website\",\"url\":\"https:\/\/kicka.eu\/sv\/\",\"name\":\"Kicka\",\"description\":\"Online Headshop\",\"publisher\":{\"@id\":\"https:\/\/kicka.eu\/sv\/#organization\"},\"potentialAction\":[{\"@type\":\"SearchAction\",\"target\":{\"@type\":\"EntryPoint\",\"urlTemplate\":\"https:\/\/kicka.eu\/sv\/?s={search_term_string}\"},\"query-input\":\"required name=search_term_string\"}],\"inLanguage\":\"sv-SE\"},{\"@type\":\"Organization\",\"@id\":\"https:\/\/kicka.eu\/sv\/#organization\",\"name\":\"Kicka\",\"url\":\"https:\/\/kicka.eu\/sv\/\",\"logo\":{\"@type\":\"ImageObject\",\"inLanguage\":\"sv-SE\",\"@id\":\"https:\/\/kicka.eu\/sv\/#\/schema\/logo\/image\/\",\"url\":\"https:\/\/kicka.eu\/wp-content\/uploads\/2023\/08\/Kicka-Logo.png\",\"contentUrl\":\"https:\/\/kicka.eu\/wp-content\/uploads\/2023\/08\/Kicka-Logo.png\",\"width\":233,\"height\":233,\"caption\":\"Kicka\"},\"image\":{\"@id\":\"https:\/\/kicka.eu\/sv\/#\/schema\/logo\/image\/\"}}]}<\/script>\n<!-- \/ Yoast SEO plugin. -->","yoast_head_json":{"title":"Banana Bros. Otto Grinder - Kicka","robots":{"index":"index","follow":"follow","max-snippet":"max-snippet:-1","max-image-preview":"max-image-preview:large","max-video-preview":"max-video-preview:-1"},"canonical":"https:\/\/kicka.eu\/sv\/produkt\/banana-bros-otto-grinder\/","og_locale":"sv_SE","og_type":"article","og_title":"Banana Bros. Otto Grinder - Kicka","og_description":"Denna snygga utformade allt-i-ett-enhet kan mala och packa 20-30 koner per laddning, automatiskt och j\u00e4mnt fylla premiumkoner med effektivitet. Otto-kvarnen omvandlar torrt material f\u00f6r att kona p\u00e5 bara sekunder, leverera perfekta rullar varje g\u00e5ng. Med sin egen innovativa smarta slipningsteknik, Banana Bros. Utrustade Otto med en fj\u00e4derbelastad kvarn som efterliknar m\u00e4nskliga handslipningsbeh\u00e5llare, vilket s\u00e4kerst\u00e4ller att inneh\u00e5llet \u00e4r malet till enhetlig perfektion. 6 Premium Cones har 100% naturliga r\u00e5fiber och bredare l\u00e4ppar som till\u00e5ter inneh\u00e5ll att fylla hela v\u00e4gen till spetsen, vilket ger en j\u00e4mn br\u00e4nning med en \u00f6verl\u00e4gsen dragning. Definierad av design och effektivitet, g\u00f6r Otto-kvarnen att rulla l\u00e4tt s\u00e5 att du kan ta det lugnt. Premiumkottar Otto Electric-kvarnen levereras med 6 premiumkottar som \u00e4r f\u00f6rsiktigt handrullade f\u00f6r p\u00e5litlig prestanda. L\u00e4ppen hos varje kon \u00e4r dimensionerad f\u00f6r s\u00f6ml\u00f6s fyllning, och en robustvalsad design f\u00f6rhindrar b\u00f6jning och k\u00f6rningar f\u00f6r att fr\u00e4mja optimal br\u00e4nning och luftfl\u00f6de. F\u00f6r att s\u00e4kerst\u00e4lla en h\u00f6gre niv\u00e5 av renhet, Banan Bros. Anv\u00e4nder 100% naturlig h\u00f6gkvalitativ r\u00e5fiber. Tillverkad med omsorg i Bali \u00e4r varje kon gratis gmos, klor och animaliska produkter. F\u00f6rv\u00e4nta dig full smak, aromer och effekter fr\u00e5n varje dragning med en l\u00e5ngsam, j\u00e4mn br\u00e4nning. Hur man anv\u00e4nder Otto-kvarnen Ladda bara kammaren med torr \u00f6rt och placera en premiumkegel i r\u00f6ret. F\u00e4st kvarnen p\u00e5 r\u00f6ret med anv\u00e4ndning av de magnetiska kontakterna som \u00e4r placerade under anordningen. H\u00e5ll str\u00f6mbrytaren ned f\u00f6r att sl\u00e5 p\u00e5 enheten och tryck sedan p\u00e5 den en g\u00e5ng f\u00f6r att b\u00f6rja slipa. Denna innovativa elkvarn kommer att k\u00e4nna av f\u00f6r\u00e4ndringar i materialet och g\u00f6ra justeringar f\u00f6r att s\u00e4kerst\u00e4lla perfekt konsistens. Konen kommer d\u00e5 att fyllas j\u00e4mnt med marken \u00f6rt. H\u00e4mta nu bara din f\u00f6rrullade kon och g\u00f6r dig redo att slappna av. VAD FINNS I BOXEN: 1x bananbros. Otto kvarn 1x f\u00e4rskt t\u00e4tningsr\u00f6r 1x extra t\u00e4tning 1x reng\u00f6ringsborste 1x USB Laddningskabel 1x cone retention halm 6x Premium Cones 1x m\u00e4tkopp","og_url":"https:\/\/kicka.eu\/sv\/produkt\/banana-bros-otto-grinder\/","og_site_name":"Kicka","og_image":[{"width":800,"height":800,"url":"https:\/\/kicka.eu\/wp-content\/uploads\/2022\/03\/16559.jpeg","type":"image\/jpeg"}],"twitter_card":"summary_large_image","schema":{"@context":"https:\/\/schema.org","@graph":[{"@type":"WebPage","@id":"https:\/\/kicka.eu\/sv\/produkt\/banana-bros-otto-grinder\/","url":"https:\/\/kicka.eu\/sv\/produkt\/banana-bros-otto-grinder\/","name":"Banana Bros. Otto Grinder - Kicka","isPartOf":{"@id":"https:\/\/kicka.eu\/sv\/#website"},"primaryImageOfPage":{"@id":"https:\/\/kicka.eu\/sv\/produkt\/banana-bros-otto-grinder\/#primaryimage"},"image":{"@id":"https:\/\/kicka.eu\/sv\/produkt\/banana-bros-otto-grinder\/#primaryimage"},"thumbnailUrl":"https:\/\/kicka.eu\/wp-content\/uploads\/2022\/03\/16559.jpeg","datePublished":"2023-05-18T20:26:25+00:00","dateModified":"2023-05-18T20:26:25+00:00","breadcrumb":{"@id":"https:\/\/kicka.eu\/sv\/produkt\/banana-bros-otto-grinder\/#breadcrumb"},"inLanguage":"sv-SE","potentialAction":[{"@type":"ReadAction","target":["https:\/\/kicka.eu\/sv\/produkt\/banana-bros-otto-grinder\/"]}]},{"@type":"ImageObject","inLanguage":"sv-SE","@id":"https:\/\/kicka.eu\/sv\/produkt\/banana-bros-otto-grinder\/#primaryimage","url":"https:\/\/kicka.eu\/wp-content\/uploads\/2022\/03\/16559.jpeg","contentUrl":"https:\/\/kicka.eu\/wp-content\/uploads\/2022\/03\/16559.jpeg","width":800,"height":800},{"@type":"BreadcrumbList","@id":"https:\/\/kicka.eu\/sv\/produkt\/banana-bros-otto-grinder\/#breadcrumb","itemListElement":[{"@type":"ListItem","position":1,"name":"Home","item":"https:\/\/kicka.eu\/sv\/"},{"@type":"ListItem","position":2,"name":"Shop","item":"https:\/\/kicka.eu\/sv\/shop\/"},{"@type":"ListItem","position":3,"name":"Banana Bros. Otto Grinder"}]},{"@type":"WebSite","@id":"https:\/\/kicka.eu\/sv\/#website","url":"https:\/\/kicka.eu\/sv\/","name":"Kicka","description":"Online Headshop","publisher":{"@id":"https:\/\/kicka.eu\/sv\/#organization"},"potentialAction":[{"@type":"SearchAction","target":{"@type":"EntryPoint","urlTemplate":"https:\/\/kicka.eu\/sv\/?s={search_term_string}"},"query-input":"required name=search_term_string"}],"inLanguage":"sv-SE"},{"@type":"Organization","@id":"https:\/\/kicka.eu\/sv\/#organization","name":"Kicka","url":"https:\/\/kicka.eu\/sv\/","logo":{"@type":"ImageObject","inLanguage":"sv-SE","@id":"https:\/\/kicka.eu\/sv\/#\/schema\/logo\/image\/","url":"https:\/\/kicka.eu\/wp-content\/uploads\/2023\/08\/Kicka-Logo.png","contentUrl":"https:\/\/kicka.eu\/wp-content\/uploads\/2023\/08\/Kicka-Logo.png","width":233,"height":233,"caption":"Kicka"},"image":{"@id":"https:\/\/kicka.eu\/sv\/#\/schema\/logo\/image\/"}}]}},"_links":{"self":[{"href":"https:\/\/kicka.eu\/sv\/wp-json\/wp\/v2\/product\/40896","targetHints":{"allow":["GET"]}}],"collection":[{"href":"https:\/\/kicka.eu\/sv\/wp-json\/wp\/v2\/product"}],"about":[{"href":"https:\/\/kicka.eu\/sv\/wp-json\/wp\/v2\/types\/product"}],"replies":[{"embeddable":true,"href":"https:\/\/kicka.eu\/sv\/wp-json\/wp\/v2\/comments?post=40896"}],"wp:featuredmedia":[{"embeddable":true,"href":"https:\/\/kicka.eu\/sv\/wp-json\/wp\/v2\/media\/327"}],"wp:attachment":[{"href":"https:\/\/kicka.eu\/sv\/wp-json\/wp\/v2\/media?parent=40896"}],"wp:term":[{"taxonomy":"product_cat","embeddable":true,"href":"https:\/\/kicka.eu\/sv\/wp-json\/wp\/v2\/product_cat?post=40896"},{"taxonomy":"product_tag","embeddable":true,"href":"https:\/\/kicka.eu\/sv\/wp-json\/wp\/v2\/product_tag?post=40896"}],"curies":[{"name":"wp","href":"https:\/\/api.w.org\/{rel}","templated":true}]}}