{"id":40886,"date":"2023-05-18T22:26:23","date_gmt":"2023-05-18T20:26:23","guid":{"rendered":"https:\/\/kicka.eu\/product\/actitube-extra-slim-guld-6mm\/"},"modified":"2023-11-04T03:15:44","modified_gmt":"2023-11-04T02:15:44","slug":"actitube-extra-slim-guld-6mm","status":"publish","type":"product","link":"https:\/\/kicka.eu\/sv\/produkt\/actitube-extra-slim-guld-6mm\/","title":{"rendered":"Extra Slim Guld 6Mm"},"content":{"rendered":"","protected":false},"excerpt":{"rendered":"<p>F\u00f6r alla som tycker att Actitube-aktiverade koldioxidfilter tar bort f\u00f6r mycket av smaken kan du v\u00e4lja den nya extra smala fulla smaken. Detta fulla smakaktiverade kolfilter \u00e4r bara h\u00e4lften fylld med aktivt kol. Som ett resultat filtreras betydligt f\u00e4rre f\u00f6roreningar ut och smaken blir h\u00e5rdare. Vid 6 mm \u00e4r det den yngsta och minsta medlemmen av Actitube-familjen. P\u00e5 grund av den milda smaken av v\u00e5ra 7 mm och 8 mm aktiverade kolfilter tar m\u00e4nniskor ofta f\u00f6r stora puffar. Detta medf\u00f6r att ledningen \u00f6verhettas. Med 50% full smak fyller r\u00f6ken sm\u00e4lter mer intensiva och sm\u00e5 puffar \u00e4r tillr\u00e4ckligt f\u00f6r att f\u00e5 en stark smak.<\/p>\n","protected":false},"featured_media":546,"comment_status":"open","ping_status":"closed","template":"","meta":{"_acf_changed":false,"_et_pb_use_builder":"","_et_pb_old_content":"","_et_gb_content_width":"","om_disable_all_campaigns":false,"_monsterinsights_skip_tracking":false,"_monsterinsights_sitenote_active":false,"_monsterinsights_sitenote_note":"","_monsterinsights_sitenote_category":0,"_uf_show_specific_survey":0,"_uf_disable_surveys":false},"product_cat":[32],"product_tag":[55],"class_list":{"0":"post-40886","1":"product","2":"type-product","3":"status-publish","4":"has-post-thumbnail","6":"product_cat-rullning","7":"product_tag-filter","8":"pa_varumarken-actitube","10":"first","11":"instock","12":"taxable","13":"shipping-taxable","14":"purchasable","15":"product-type-simple"},"acf":[],"yoast_head":"<!-- This site is optimized with the Yoast SEO plugin v22.8 - https:\/\/yoast.com\/wordpress\/plugins\/seo\/ -->\n<title>Extra Slim Guld 6Mm - Kicka<\/title>\n<meta name=\"robots\" content=\"index, follow, max-snippet:-1, max-image-preview:large, max-video-preview:-1\" \/>\n<link rel=\"canonical\" href=\"https:\/\/kicka.eu\/sv\/produkt\/actitube-extra-slim-guld-6mm\/\" \/>\n<meta property=\"og:locale\" content=\"sv_SE\" \/>\n<meta property=\"og:type\" content=\"article\" \/>\n<meta property=\"og:title\" content=\"Extra Slim Guld 6Mm - Kicka\" \/>\n<meta property=\"og:description\" content=\"F\u00f6r alla som tycker att Actitube-aktiverade koldioxidfilter tar bort f\u00f6r mycket av smaken kan du v\u00e4lja den nya extra smala fulla smaken. Detta fulla smakaktiverade kolfilter \u00e4r bara h\u00e4lften fylld med aktivt kol. Som ett resultat filtreras betydligt f\u00e4rre f\u00f6roreningar ut och smaken blir h\u00e5rdare. Vid 6 mm \u00e4r det den yngsta och minsta medlemmen av Actitube-familjen. P\u00e5 grund av den milda smaken av v\u00e5ra 7 mm och 8 mm aktiverade kolfilter tar m\u00e4nniskor ofta f\u00f6r stora puffar. Detta medf\u00f6r att ledningen \u00f6verhettas. Med 50% full smak fyller r\u00f6ken sm\u00e4lter mer intensiva och sm\u00e5 puffar \u00e4r tillr\u00e4ckligt f\u00f6r att f\u00e5 en stark smak.\" \/>\n<meta property=\"og:url\" content=\"https:\/\/kicka.eu\/sv\/produkt\/actitube-extra-slim-guld-6mm\/\" \/>\n<meta property=\"og:site_name\" content=\"Kicka\" \/>\n<meta property=\"article:modified_time\" content=\"2023-11-04T02:15:44+00:00\" \/>\n<meta property=\"og:image\" content=\"https:\/\/kicka.eu\/wp-content\/uploads\/2022\/03\/40185.jpeg\" \/>\n\t<meta property=\"og:image:width\" content=\"850\" \/>\n\t<meta property=\"og:image:height\" content=\"850\" \/>\n\t<meta property=\"og:image:type\" content=\"image\/jpeg\" \/>\n<meta name=\"twitter:card\" content=\"summary_large_image\" \/>\n<script type=\"application\/ld+json\" class=\"yoast-schema-graph\">{\"@context\":\"https:\/\/schema.org\",\"@graph\":[{\"@type\":\"WebPage\",\"@id\":\"https:\/\/kicka.eu\/sv\/produkt\/actitube-extra-slim-guld-6mm\/\",\"url\":\"https:\/\/kicka.eu\/sv\/produkt\/actitube-extra-slim-guld-6mm\/\",\"name\":\"Extra Slim Guld 6Mm - Kicka\",\"isPartOf\":{\"@id\":\"https:\/\/kicka.eu\/sv\/#website\"},\"primaryImageOfPage\":{\"@id\":\"https:\/\/kicka.eu\/sv\/produkt\/actitube-extra-slim-guld-6mm\/#primaryimage\"},\"image\":{\"@id\":\"https:\/\/kicka.eu\/sv\/produkt\/actitube-extra-slim-guld-6mm\/#primaryimage\"},\"thumbnailUrl\":\"https:\/\/kicka.eu\/wp-content\/uploads\/2022\/03\/40185.jpeg\",\"datePublished\":\"2023-05-18T20:26:23+00:00\",\"dateModified\":\"2023-11-04T02:15:44+00:00\",\"breadcrumb\":{\"@id\":\"https:\/\/kicka.eu\/sv\/produkt\/actitube-extra-slim-guld-6mm\/#breadcrumb\"},\"inLanguage\":\"sv-SE\",\"potentialAction\":[{\"@type\":\"ReadAction\",\"target\":[\"https:\/\/kicka.eu\/sv\/produkt\/actitube-extra-slim-guld-6mm\/\"]}]},{\"@type\":\"ImageObject\",\"inLanguage\":\"sv-SE\",\"@id\":\"https:\/\/kicka.eu\/sv\/produkt\/actitube-extra-slim-guld-6mm\/#primaryimage\",\"url\":\"https:\/\/kicka.eu\/wp-content\/uploads\/2022\/03\/40185.jpeg\",\"contentUrl\":\"https:\/\/kicka.eu\/wp-content\/uploads\/2022\/03\/40185.jpeg\",\"width\":850,\"height\":850},{\"@type\":\"BreadcrumbList\",\"@id\":\"https:\/\/kicka.eu\/sv\/produkt\/actitube-extra-slim-guld-6mm\/#breadcrumb\",\"itemListElement\":[{\"@type\":\"ListItem\",\"position\":1,\"name\":\"Home\",\"item\":\"https:\/\/kicka.eu\/sv\/\"},{\"@type\":\"ListItem\",\"position\":2,\"name\":\"Shop\",\"item\":\"https:\/\/kicka.eu\/sv\/shop\/\"},{\"@type\":\"ListItem\",\"position\":3,\"name\":\"Extra Slim Guld 6Mm\"}]},{\"@type\":\"WebSite\",\"@id\":\"https:\/\/kicka.eu\/sv\/#website\",\"url\":\"https:\/\/kicka.eu\/sv\/\",\"name\":\"Kicka\",\"description\":\"Online Headshop\",\"publisher\":{\"@id\":\"https:\/\/kicka.eu\/sv\/#organization\"},\"potentialAction\":[{\"@type\":\"SearchAction\",\"target\":{\"@type\":\"EntryPoint\",\"urlTemplate\":\"https:\/\/kicka.eu\/sv\/?s={search_term_string}\"},\"query-input\":\"required name=search_term_string\"}],\"inLanguage\":\"sv-SE\"},{\"@type\":\"Organization\",\"@id\":\"https:\/\/kicka.eu\/sv\/#organization\",\"name\":\"Kicka\",\"url\":\"https:\/\/kicka.eu\/sv\/\",\"logo\":{\"@type\":\"ImageObject\",\"inLanguage\":\"sv-SE\",\"@id\":\"https:\/\/kicka.eu\/sv\/#\/schema\/logo\/image\/\",\"url\":\"https:\/\/kicka.eu\/wp-content\/uploads\/2023\/08\/Kicka-Logo.png\",\"contentUrl\":\"https:\/\/kicka.eu\/wp-content\/uploads\/2023\/08\/Kicka-Logo.png\",\"width\":233,\"height\":233,\"caption\":\"Kicka\"},\"image\":{\"@id\":\"https:\/\/kicka.eu\/sv\/#\/schema\/logo\/image\/\"}}]}<\/script>\n<!-- \/ Yoast SEO plugin. -->","yoast_head_json":{"title":"Extra Slim Guld 6Mm - Kicka","robots":{"index":"index","follow":"follow","max-snippet":"max-snippet:-1","max-image-preview":"max-image-preview:large","max-video-preview":"max-video-preview:-1"},"canonical":"https:\/\/kicka.eu\/sv\/produkt\/actitube-extra-slim-guld-6mm\/","og_locale":"sv_SE","og_type":"article","og_title":"Extra Slim Guld 6Mm - Kicka","og_description":"F\u00f6r alla som tycker att Actitube-aktiverade koldioxidfilter tar bort f\u00f6r mycket av smaken kan du v\u00e4lja den nya extra smala fulla smaken. Detta fulla smakaktiverade kolfilter \u00e4r bara h\u00e4lften fylld med aktivt kol. Som ett resultat filtreras betydligt f\u00e4rre f\u00f6roreningar ut och smaken blir h\u00e5rdare. Vid 6 mm \u00e4r det den yngsta och minsta medlemmen av Actitube-familjen. P\u00e5 grund av den milda smaken av v\u00e5ra 7 mm och 8 mm aktiverade kolfilter tar m\u00e4nniskor ofta f\u00f6r stora puffar. Detta medf\u00f6r att ledningen \u00f6verhettas. Med 50% full smak fyller r\u00f6ken sm\u00e4lter mer intensiva och sm\u00e5 puffar \u00e4r tillr\u00e4ckligt f\u00f6r att f\u00e5 en stark smak.","og_url":"https:\/\/kicka.eu\/sv\/produkt\/actitube-extra-slim-guld-6mm\/","og_site_name":"Kicka","article_modified_time":"2023-11-04T02:15:44+00:00","og_image":[{"width":850,"height":850,"url":"https:\/\/kicka.eu\/wp-content\/uploads\/2022\/03\/40185.jpeg","type":"image\/jpeg"}],"twitter_card":"summary_large_image","schema":{"@context":"https:\/\/schema.org","@graph":[{"@type":"WebPage","@id":"https:\/\/kicka.eu\/sv\/produkt\/actitube-extra-slim-guld-6mm\/","url":"https:\/\/kicka.eu\/sv\/produkt\/actitube-extra-slim-guld-6mm\/","name":"Extra Slim Guld 6Mm - Kicka","isPartOf":{"@id":"https:\/\/kicka.eu\/sv\/#website"},"primaryImageOfPage":{"@id":"https:\/\/kicka.eu\/sv\/produkt\/actitube-extra-slim-guld-6mm\/#primaryimage"},"image":{"@id":"https:\/\/kicka.eu\/sv\/produkt\/actitube-extra-slim-guld-6mm\/#primaryimage"},"thumbnailUrl":"https:\/\/kicka.eu\/wp-content\/uploads\/2022\/03\/40185.jpeg","datePublished":"2023-05-18T20:26:23+00:00","dateModified":"2023-11-04T02:15:44+00:00","breadcrumb":{"@id":"https:\/\/kicka.eu\/sv\/produkt\/actitube-extra-slim-guld-6mm\/#breadcrumb"},"inLanguage":"sv-SE","potentialAction":[{"@type":"ReadAction","target":["https:\/\/kicka.eu\/sv\/produkt\/actitube-extra-slim-guld-6mm\/"]}]},{"@type":"ImageObject","inLanguage":"sv-SE","@id":"https:\/\/kicka.eu\/sv\/produkt\/actitube-extra-slim-guld-6mm\/#primaryimage","url":"https:\/\/kicka.eu\/wp-content\/uploads\/2022\/03\/40185.jpeg","contentUrl":"https:\/\/kicka.eu\/wp-content\/uploads\/2022\/03\/40185.jpeg","width":850,"height":850},{"@type":"BreadcrumbList","@id":"https:\/\/kicka.eu\/sv\/produkt\/actitube-extra-slim-guld-6mm\/#breadcrumb","itemListElement":[{"@type":"ListItem","position":1,"name":"Home","item":"https:\/\/kicka.eu\/sv\/"},{"@type":"ListItem","position":2,"name":"Shop","item":"https:\/\/kicka.eu\/sv\/shop\/"},{"@type":"ListItem","position":3,"name":"Extra Slim Guld 6Mm"}]},{"@type":"WebSite","@id":"https:\/\/kicka.eu\/sv\/#website","url":"https:\/\/kicka.eu\/sv\/","name":"Kicka","description":"Online Headshop","publisher":{"@id":"https:\/\/kicka.eu\/sv\/#organization"},"potentialAction":[{"@type":"SearchAction","target":{"@type":"EntryPoint","urlTemplate":"https:\/\/kicka.eu\/sv\/?s={search_term_string}"},"query-input":"required name=search_term_string"}],"inLanguage":"sv-SE"},{"@type":"Organization","@id":"https:\/\/kicka.eu\/sv\/#organization","name":"Kicka","url":"https:\/\/kicka.eu\/sv\/","logo":{"@type":"ImageObject","inLanguage":"sv-SE","@id":"https:\/\/kicka.eu\/sv\/#\/schema\/logo\/image\/","url":"https:\/\/kicka.eu\/wp-content\/uploads\/2023\/08\/Kicka-Logo.png","contentUrl":"https:\/\/kicka.eu\/wp-content\/uploads\/2023\/08\/Kicka-Logo.png","width":233,"height":233,"caption":"Kicka"},"image":{"@id":"https:\/\/kicka.eu\/sv\/#\/schema\/logo\/image\/"}}]}},"_links":{"self":[{"href":"https:\/\/kicka.eu\/sv\/wp-json\/wp\/v2\/product\/40886","targetHints":{"allow":["GET"]}}],"collection":[{"href":"https:\/\/kicka.eu\/sv\/wp-json\/wp\/v2\/product"}],"about":[{"href":"https:\/\/kicka.eu\/sv\/wp-json\/wp\/v2\/types\/product"}],"replies":[{"embeddable":true,"href":"https:\/\/kicka.eu\/sv\/wp-json\/wp\/v2\/comments?post=40886"}],"wp:featuredmedia":[{"embeddable":true,"href":"https:\/\/kicka.eu\/sv\/wp-json\/wp\/v2\/media\/546"}],"wp:attachment":[{"href":"https:\/\/kicka.eu\/sv\/wp-json\/wp\/v2\/media?parent=40886"}],"wp:term":[{"taxonomy":"product_cat","embeddable":true,"href":"https:\/\/kicka.eu\/sv\/wp-json\/wp\/v2\/product_cat?post=40886"},{"taxonomy":"product_tag","embeddable":true,"href":"https:\/\/kicka.eu\/sv\/wp-json\/wp\/v2\/product_tag?post=40886"}],"curies":[{"name":"wp","href":"https:\/\/api.w.org\/{rel}","templated":true}]}}