{"id":40883,"date":"2023-05-18T22:26:22","date_gmt":"2023-05-18T20:26:22","guid":{"rendered":"https:\/\/kicka.eu\/product\/actitube-active-carbon-slim-filters\/"},"modified":"2023-12-14T20:56:03","modified_gmt":"2023-12-14T19:56:03","slug":"actitube-active-carbon-slim-filters","status":"publish","type":"product","link":"https:\/\/kicka.eu\/sv\/produkt\/actitube-active-carbon-slim-filters\/","title":{"rendered":"Active Carbon Slim Filters"},"content":{"rendered":"","protected":false},"excerpt":{"rendered":"<p>Genom att anv\u00e4nda ett Actitube-aktiverat kolfilter filtreras en stor del av de farliga \u00e4mnena det aktiva kolet och inte inandas. Detta kyler ocks\u00e5 ner r\u00f6ken och skapar en trevlig mild smak. Det f\u00f6rhindrar ocks\u00e5 det bittera eftersmak i munnen. N\u00e4r det anv\u00e4nds korrekt (ta sm\u00e5 drag) verkar effekten ofta vara \u00e4nnu starkare. F\u00f6r att s\u00e4kerst\u00e4lla b\u00e4sta m\u00f6jliga filtrering anv\u00e4nder Actitube endast det h\u00f6gsta kvaliteten aktivt kol i pelletsform (ingen kolbriki) och det fyller helt upp filtret (medan i d\u00e5ligt fyllda filter ser r\u00f6ken p\u00e5 ett s\u00e4tt runt kolet och Filtreringskapaciteten minskas drastiskt). Det aktiva kolet som anv\u00e4nds \u00e4r konsekvent av v\u00e4xt ursprung.<\/p>\n","protected":false},"featured_media":562,"comment_status":"open","ping_status":"closed","template":"","meta":{"_acf_changed":false,"_et_pb_use_builder":"on","_et_pb_old_content":"","_et_gb_content_width":"","om_disable_all_campaigns":false,"_monsterinsights_skip_tracking":false,"_monsterinsights_sitenote_active":false,"_monsterinsights_sitenote_note":"","_monsterinsights_sitenote_category":0,"_uf_show_specific_survey":0,"_uf_disable_surveys":false},"product_cat":[32],"product_tag":[55],"class_list":{"0":"post-40883","1":"product","2":"type-product","3":"status-publish","4":"has-post-thumbnail","6":"product_cat-rullning","7":"product_tag-filter","8":"pa_varumarken-actitube","10":"first","11":"instock","12":"featured","13":"taxable","14":"shipping-taxable","15":"purchasable","16":"product-type-simple"},"acf":[],"yoast_head":"<!-- This site is optimized with the Yoast SEO plugin v22.8 - https:\/\/yoast.com\/wordpress\/plugins\/seo\/ -->\n<title>Active Carbon Slim Filters - Kicka<\/title>\n<meta name=\"robots\" content=\"index, follow, max-snippet:-1, max-image-preview:large, max-video-preview:-1\" \/>\n<link rel=\"canonical\" href=\"https:\/\/kicka.eu\/sv\/produkt\/actitube-active-carbon-slim-filters\/\" \/>\n<meta property=\"og:locale\" content=\"sv_SE\" \/>\n<meta property=\"og:type\" content=\"article\" \/>\n<meta property=\"og:title\" content=\"Active Carbon Slim Filters - Kicka\" \/>\n<meta property=\"og:description\" content=\"Genom att anv\u00e4nda ett Actitube-aktiverat kolfilter filtreras en stor del av de farliga \u00e4mnena det aktiva kolet och inte inandas. Detta kyler ocks\u00e5 ner r\u00f6ken och skapar en trevlig mild smak. Det f\u00f6rhindrar ocks\u00e5 det bittera eftersmak i munnen. N\u00e4r det anv\u00e4nds korrekt (ta sm\u00e5 drag) verkar effekten ofta vara \u00e4nnu starkare. F\u00f6r att s\u00e4kerst\u00e4lla b\u00e4sta m\u00f6jliga filtrering anv\u00e4nder Actitube endast det h\u00f6gsta kvaliteten aktivt kol i pelletsform (ingen kolbriki) och det fyller helt upp filtret (medan i d\u00e5ligt fyllda filter ser r\u00f6ken p\u00e5 ett s\u00e4tt runt kolet och Filtreringskapaciteten minskas drastiskt). Det aktiva kolet som anv\u00e4nds \u00e4r konsekvent av v\u00e4xt ursprung.\" \/>\n<meta property=\"og:url\" content=\"https:\/\/kicka.eu\/sv\/produkt\/actitube-active-carbon-slim-filters\/\" \/>\n<meta property=\"og:site_name\" content=\"Kicka\" \/>\n<meta property=\"article:modified_time\" content=\"2023-12-14T19:56:03+00:00\" \/>\n<meta property=\"og:image\" content=\"https:\/\/kicka.eu\/wp-content\/uploads\/2022\/03\/RL1191.jpeg\" \/>\n\t<meta property=\"og:image:width\" content=\"850\" \/>\n\t<meta property=\"og:image:height\" content=\"850\" \/>\n\t<meta property=\"og:image:type\" content=\"image\/jpeg\" \/>\n<meta name=\"twitter:card\" content=\"summary_large_image\" \/>\n<script type=\"application\/ld+json\" class=\"yoast-schema-graph\">{\"@context\":\"https:\/\/schema.org\",\"@graph\":[{\"@type\":\"WebPage\",\"@id\":\"https:\/\/kicka.eu\/sv\/produkt\/actitube-active-carbon-slim-filters\/\",\"url\":\"https:\/\/kicka.eu\/sv\/produkt\/actitube-active-carbon-slim-filters\/\",\"name\":\"Active Carbon Slim Filters - Kicka\",\"isPartOf\":{\"@id\":\"https:\/\/kicka.eu\/sv\/#website\"},\"primaryImageOfPage\":{\"@id\":\"https:\/\/kicka.eu\/sv\/produkt\/actitube-active-carbon-slim-filters\/#primaryimage\"},\"image\":{\"@id\":\"https:\/\/kicka.eu\/sv\/produkt\/actitube-active-carbon-slim-filters\/#primaryimage\"},\"thumbnailUrl\":\"https:\/\/kicka.eu\/wp-content\/uploads\/2022\/03\/RL1191.jpeg\",\"datePublished\":\"2023-05-18T20:26:22+00:00\",\"dateModified\":\"2023-12-14T19:56:03+00:00\",\"breadcrumb\":{\"@id\":\"https:\/\/kicka.eu\/sv\/produkt\/actitube-active-carbon-slim-filters\/#breadcrumb\"},\"inLanguage\":\"sv-SE\",\"potentialAction\":[{\"@type\":\"ReadAction\",\"target\":[\"https:\/\/kicka.eu\/sv\/produkt\/actitube-active-carbon-slim-filters\/\"]}]},{\"@type\":\"ImageObject\",\"inLanguage\":\"sv-SE\",\"@id\":\"https:\/\/kicka.eu\/sv\/produkt\/actitube-active-carbon-slim-filters\/#primaryimage\",\"url\":\"https:\/\/kicka.eu\/wp-content\/uploads\/2022\/03\/RL1191.jpeg\",\"contentUrl\":\"https:\/\/kicka.eu\/wp-content\/uploads\/2022\/03\/RL1191.jpeg\",\"width\":850,\"height\":850},{\"@type\":\"BreadcrumbList\",\"@id\":\"https:\/\/kicka.eu\/sv\/produkt\/actitube-active-carbon-slim-filters\/#breadcrumb\",\"itemListElement\":[{\"@type\":\"ListItem\",\"position\":1,\"name\":\"Home\",\"item\":\"https:\/\/kicka.eu\/sv\/\"},{\"@type\":\"ListItem\",\"position\":2,\"name\":\"Shop\",\"item\":\"https:\/\/kicka.eu\/sv\/shop\/\"},{\"@type\":\"ListItem\",\"position\":3,\"name\":\"Active Carbon Slim Filters\"}]},{\"@type\":\"WebSite\",\"@id\":\"https:\/\/kicka.eu\/sv\/#website\",\"url\":\"https:\/\/kicka.eu\/sv\/\",\"name\":\"Kicka\",\"description\":\"Online Headshop\",\"publisher\":{\"@id\":\"https:\/\/kicka.eu\/sv\/#organization\"},\"potentialAction\":[{\"@type\":\"SearchAction\",\"target\":{\"@type\":\"EntryPoint\",\"urlTemplate\":\"https:\/\/kicka.eu\/sv\/?s={search_term_string}\"},\"query-input\":\"required name=search_term_string\"}],\"inLanguage\":\"sv-SE\"},{\"@type\":\"Organization\",\"@id\":\"https:\/\/kicka.eu\/sv\/#organization\",\"name\":\"Kicka\",\"url\":\"https:\/\/kicka.eu\/sv\/\",\"logo\":{\"@type\":\"ImageObject\",\"inLanguage\":\"sv-SE\",\"@id\":\"https:\/\/kicka.eu\/sv\/#\/schema\/logo\/image\/\",\"url\":\"https:\/\/kicka.eu\/wp-content\/uploads\/2023\/08\/Kicka-Logo.png\",\"contentUrl\":\"https:\/\/kicka.eu\/wp-content\/uploads\/2023\/08\/Kicka-Logo.png\",\"width\":233,\"height\":233,\"caption\":\"Kicka\"},\"image\":{\"@id\":\"https:\/\/kicka.eu\/sv\/#\/schema\/logo\/image\/\"}}]}<\/script>\n<!-- \/ Yoast SEO plugin. -->","yoast_head_json":{"title":"Active Carbon Slim Filters - Kicka","robots":{"index":"index","follow":"follow","max-snippet":"max-snippet:-1","max-image-preview":"max-image-preview:large","max-video-preview":"max-video-preview:-1"},"canonical":"https:\/\/kicka.eu\/sv\/produkt\/actitube-active-carbon-slim-filters\/","og_locale":"sv_SE","og_type":"article","og_title":"Active Carbon Slim Filters - Kicka","og_description":"Genom att anv\u00e4nda ett Actitube-aktiverat kolfilter filtreras en stor del av de farliga \u00e4mnena det aktiva kolet och inte inandas. Detta kyler ocks\u00e5 ner r\u00f6ken och skapar en trevlig mild smak. Det f\u00f6rhindrar ocks\u00e5 det bittera eftersmak i munnen. N\u00e4r det anv\u00e4nds korrekt (ta sm\u00e5 drag) verkar effekten ofta vara \u00e4nnu starkare. F\u00f6r att s\u00e4kerst\u00e4lla b\u00e4sta m\u00f6jliga filtrering anv\u00e4nder Actitube endast det h\u00f6gsta kvaliteten aktivt kol i pelletsform (ingen kolbriki) och det fyller helt upp filtret (medan i d\u00e5ligt fyllda filter ser r\u00f6ken p\u00e5 ett s\u00e4tt runt kolet och Filtreringskapaciteten minskas drastiskt). Det aktiva kolet som anv\u00e4nds \u00e4r konsekvent av v\u00e4xt ursprung.","og_url":"https:\/\/kicka.eu\/sv\/produkt\/actitube-active-carbon-slim-filters\/","og_site_name":"Kicka","article_modified_time":"2023-12-14T19:56:03+00:00","og_image":[{"width":850,"height":850,"url":"https:\/\/kicka.eu\/wp-content\/uploads\/2022\/03\/RL1191.jpeg","type":"image\/jpeg"}],"twitter_card":"summary_large_image","schema":{"@context":"https:\/\/schema.org","@graph":[{"@type":"WebPage","@id":"https:\/\/kicka.eu\/sv\/produkt\/actitube-active-carbon-slim-filters\/","url":"https:\/\/kicka.eu\/sv\/produkt\/actitube-active-carbon-slim-filters\/","name":"Active Carbon Slim Filters - Kicka","isPartOf":{"@id":"https:\/\/kicka.eu\/sv\/#website"},"primaryImageOfPage":{"@id":"https:\/\/kicka.eu\/sv\/produkt\/actitube-active-carbon-slim-filters\/#primaryimage"},"image":{"@id":"https:\/\/kicka.eu\/sv\/produkt\/actitube-active-carbon-slim-filters\/#primaryimage"},"thumbnailUrl":"https:\/\/kicka.eu\/wp-content\/uploads\/2022\/03\/RL1191.jpeg","datePublished":"2023-05-18T20:26:22+00:00","dateModified":"2023-12-14T19:56:03+00:00","breadcrumb":{"@id":"https:\/\/kicka.eu\/sv\/produkt\/actitube-active-carbon-slim-filters\/#breadcrumb"},"inLanguage":"sv-SE","potentialAction":[{"@type":"ReadAction","target":["https:\/\/kicka.eu\/sv\/produkt\/actitube-active-carbon-slim-filters\/"]}]},{"@type":"ImageObject","inLanguage":"sv-SE","@id":"https:\/\/kicka.eu\/sv\/produkt\/actitube-active-carbon-slim-filters\/#primaryimage","url":"https:\/\/kicka.eu\/wp-content\/uploads\/2022\/03\/RL1191.jpeg","contentUrl":"https:\/\/kicka.eu\/wp-content\/uploads\/2022\/03\/RL1191.jpeg","width":850,"height":850},{"@type":"BreadcrumbList","@id":"https:\/\/kicka.eu\/sv\/produkt\/actitube-active-carbon-slim-filters\/#breadcrumb","itemListElement":[{"@type":"ListItem","position":1,"name":"Home","item":"https:\/\/kicka.eu\/sv\/"},{"@type":"ListItem","position":2,"name":"Shop","item":"https:\/\/kicka.eu\/sv\/shop\/"},{"@type":"ListItem","position":3,"name":"Active Carbon Slim Filters"}]},{"@type":"WebSite","@id":"https:\/\/kicka.eu\/sv\/#website","url":"https:\/\/kicka.eu\/sv\/","name":"Kicka","description":"Online Headshop","publisher":{"@id":"https:\/\/kicka.eu\/sv\/#organization"},"potentialAction":[{"@type":"SearchAction","target":{"@type":"EntryPoint","urlTemplate":"https:\/\/kicka.eu\/sv\/?s={search_term_string}"},"query-input":"required name=search_term_string"}],"inLanguage":"sv-SE"},{"@type":"Organization","@id":"https:\/\/kicka.eu\/sv\/#organization","name":"Kicka","url":"https:\/\/kicka.eu\/sv\/","logo":{"@type":"ImageObject","inLanguage":"sv-SE","@id":"https:\/\/kicka.eu\/sv\/#\/schema\/logo\/image\/","url":"https:\/\/kicka.eu\/wp-content\/uploads\/2023\/08\/Kicka-Logo.png","contentUrl":"https:\/\/kicka.eu\/wp-content\/uploads\/2023\/08\/Kicka-Logo.png","width":233,"height":233,"caption":"Kicka"},"image":{"@id":"https:\/\/kicka.eu\/sv\/#\/schema\/logo\/image\/"}}]}},"_links":{"self":[{"href":"https:\/\/kicka.eu\/sv\/wp-json\/wp\/v2\/product\/40883","targetHints":{"allow":["GET"]}}],"collection":[{"href":"https:\/\/kicka.eu\/sv\/wp-json\/wp\/v2\/product"}],"about":[{"href":"https:\/\/kicka.eu\/sv\/wp-json\/wp\/v2\/types\/product"}],"replies":[{"embeddable":true,"href":"https:\/\/kicka.eu\/sv\/wp-json\/wp\/v2\/comments?post=40883"}],"wp:featuredmedia":[{"embeddable":true,"href":"https:\/\/kicka.eu\/sv\/wp-json\/wp\/v2\/media\/562"}],"wp:attachment":[{"href":"https:\/\/kicka.eu\/sv\/wp-json\/wp\/v2\/media?parent=40883"}],"wp:term":[{"taxonomy":"product_cat","embeddable":true,"href":"https:\/\/kicka.eu\/sv\/wp-json\/wp\/v2\/product_cat?post=40883"},{"taxonomy":"product_tag","embeddable":true,"href":"https:\/\/kicka.eu\/sv\/wp-json\/wp\/v2\/product_tag?post=40883"}],"curies":[{"name":"wp","href":"https:\/\/api.w.org\/{rel}","templated":true}]}}