{"id":43589,"date":"2024-01-06T17:00:46","date_gmt":"2024-01-06T16:00:46","guid":{"rendered":"https:\/\/kicka.eu\/?page_id=43589"},"modified":"2024-01-06T17:16:35","modified_gmt":"2024-01-06T16:16:35","slug":"login","status":"publish","type":"page","link":"https:\/\/kicka.eu\/sv\/login\/","title":{"rendered":"Login"},"content":{"rendered":"<p>[et_pb_section fb_built=&#8221;1&#8243; _builder_version=&#8221;4.16&#8243; global_colors_info=&#8221;{}&#8221;][et_pb_row _builder_version=&#8221;4.16&#8243; background_size=&#8221;initial&#8221; background_position=&#8221;top_left&#8221; background_repeat=&#8221;repeat&#8221; global_colors_info=&#8221;{}&#8221;][et_pb_column type=&#8221;4_4&#8243; _builder_version=&#8221;4.16&#8243; custom_padding=&#8221;|||&#8221; global_colors_info=&#8221;{}&#8221; custom_padding__hover=&#8221;|||&#8221;][et_pb_text _builder_version=&#8221;4.23.1&#8243; text_font=&#8221;||||||||&#8221; text_text_color=&#8221;#000000&#8243; text_font_size=&#8221;23px&#8221; header_font_size=&#8221;23px&#8221; text_orientation=&#8221;center&#8221; custom_margin=&#8221;5%||5px||false|false&#8221; custom_padding=&#8221;||||false|false&#8221; hover_enabled=&#8221;0&#8243; text_font_size_tablet=&#8221;17px&#8221; text_font_size_phone=&#8221;&#8221; text_font_size_last_edited=&#8221;on|tablet&#8221; global_colors_info=&#8221;{}&#8221; sticky_enabled=&#8221;0&#8243;]Logga in med ett klick[\/et_pb_text][et_pb_text _builder_version=&#8221;4.23.1&#8243; text_font=&#8221;||||||||&#8221; text_text_color=&#8221;#000000&#8243; header_font_size=&#8221;23px&#8221; text_orientation=&#8221;center&#8221; custom_margin=&#8221;||5px||false|false&#8221; custom_padding=&#8221;||5%||false|false&#8221; hover_enabled=&#8221;0&#8243; text_font_size_tablet=&#8221;17px&#8221; text_font_size_phone=&#8221;&#8221; text_font_size_last_edited=&#8221;on|desktop&#8221; global_colors_info=&#8221;{}&#8221; sticky_enabled=&#8221;0&#8243;]Ange din e-postadress f\u00f6r att f\u00e5 en s\u00e4ker inloggningsl\u00e4nk. Inget l\u00f6senord kr\u00e4vs.[\/et_pb_text][et_pb_text _builder_version=&#8221;4.21.2&#8243; background_size=&#8221;initial&#8221; background_position=&#8221;top_left&#8221; background_repeat=&#8221;repeat&#8221; global_colors_info=&#8221;{}&#8221;]\t<div id=\"magic-login-shortcode\">\n\t\t<div class=\"magic-login-form-header\">\n\t\t\t<p class=\"message\">Please enter your username or email address. You will receive an email message to log in.<\/p>\n\t\t<\/div>\n\t\t\t\t\t<form name=\"magicloginform\" class=\"magic-login-inline-login-form\" id=\"magicloginform\" action=\"\" method=\"post\" autocomplete=\"off\" data-ajax-url=\"https:\/\/kicka.eu\/wp-admin\/admin-ajax.php\">\n\t\t\t\t<p>\n\t\t\t\t\t\t\t\t\t\t\t<label for=\"user_login\">Username or Email Address<\/label>\n\t\t\t\t\t\t\t\t\t\t<input type=\"text\" name=\"log\" id=\"user_login\" class=\"input\" value=\"\" size=\"20\" autocapitalize=\"off\" autocomplete=\"username\" required \/>\n\t\t\t\t\t\t\t\t\t\t<input type=\"submit\" name=\"wp-submit\" id=\"wp-submit\" class=\"magic-login-submit button button-primary button-large\" value=\"Skicka mig l\u00e4nken\" \/>\n\t\t\t\t\t<input type=\"hidden\" name=\"redirect_to\" value=\"https:\/\/dosetest.com\/my-account\" \/>\n\t\t\t\t\t<input type=\"hidden\" name=\"testcookie\" value=\"1\" \/>\n\t\t\t<\/form>\n\t\t\t<\/div>\n\t[\/et_pb_text][\/et_pb_column][\/et_pb_row][\/et_pb_section]<\/p>\n","protected":false},"excerpt":{"rendered":"<p>Logga in med ett klickAnge din e-postadress f\u00f6r att f\u00e5 en s\u00e4ker inloggningsl\u00e4nk. Inget l\u00f6senord kr\u00e4vs.\t<div id=\"magic-login-shortcode\">\n\t\t<div class=\"magic-login-form-header\">\n\t\t\t<p class=\"message\">Please enter your username or email address. You will receive an email message to log in.<\/p>\n\t\t<\/div>\n\t\t\t\t\t<form name=\"magicloginform\" class=\"magic-login-inline-login-form\" id=\"magicloginform\" action=\"\" method=\"post\" autocomplete=\"off\" data-ajax-url=\"https:\/\/kicka.eu\/wp-admin\/admin-ajax.php\">\n\t\t\t\t<p>\n\t\t\t\t\t\t\t\t\t\t\t<label for=\"user_login\">Username or Email Address<\/label>\n\t\t\t\t\t\t\t\t\t\t<input type=\"text\" name=\"log\" id=\"user_login\" class=\"input\" value=\"\" size=\"20\" autocapitalize=\"off\" autocomplete=\"username\" required \/>\n\t\t\t\t\t\t\t\t\t\t<input type=\"submit\" name=\"wp-submit\" id=\"wp-submit\" class=\"magic-login-submit button button-primary button-large\" value=\"Skicka mig l\u00e4nken\" \/>\n\t\t\t\t\t<input type=\"hidden\" name=\"redirect_to\" value=\"https:\/\/dosetest.com\/my-account\" \/>\n\t\t\t\t\t<input type=\"hidden\" name=\"testcookie\" value=\"1\" \/>\n\t\t\t<\/form>\n\t\t\t<\/div>\n\t<\/p>\n","protected":false},"author":2,"featured_media":0,"parent":0,"menu_order":0,"comment_status":"closed","ping_status":"closed","template":"","meta":{"_acf_changed":false,"_et_pb_use_builder":"on","_et_pb_old_content":"","_et_gb_content_width":"","om_disable_all_campaigns":false,"_monsterinsights_skip_tracking":false,"_monsterinsights_sitenote_active":false,"_monsterinsights_sitenote_note":"","_monsterinsights_sitenote_category":0,"_uf_show_specific_survey":0,"_uf_disable_surveys":false,"footnotes":""},"class_list":["post-43589","page","type-page","status-publish","hentry"],"acf":[],"yoast_head":"<!-- This site is optimized with the Yoast SEO plugin v22.8 - https:\/\/yoast.com\/wordpress\/plugins\/seo\/ -->\n<title>Login - Kicka<\/title>\n<meta name=\"robots\" content=\"index, follow, max-snippet:-1, max-image-preview:large, max-video-preview:-1\" \/>\n<link rel=\"canonical\" href=\"https:\/\/kicka.eu\/sv\/login\/\" \/>\n<meta property=\"og:locale\" content=\"sv_SE\" \/>\n<meta property=\"og:type\" content=\"article\" \/>\n<meta property=\"og:title\" content=\"Login - Kicka\" \/>\n<meta property=\"og:description\" content=\"Logga in med ett klickAnge din e-postadress f\u00f6r att f\u00e5 en s\u00e4ker inloggningsl\u00e4nk. Inget l\u00f6senord kr\u00e4vs.\" \/>\n<meta property=\"og:url\" content=\"https:\/\/kicka.eu\/sv\/login\/\" \/>\n<meta property=\"og:site_name\" content=\"Kicka\" \/>\n<meta property=\"article:modified_time\" content=\"2024-01-06T16:16:35+00:00\" \/>\n<meta name=\"twitter:card\" content=\"summary_large_image\" \/>\n<meta name=\"twitter:label1\" content=\"Ber\u00e4knad l\u00e4stid\" \/>\n\t<meta name=\"twitter:data1\" content=\"1 minut\" \/>\n<script type=\"application\/ld+json\" class=\"yoast-schema-graph\">{\"@context\":\"https:\/\/schema.org\",\"@graph\":[{\"@type\":\"WebPage\",\"@id\":\"https:\/\/kicka.eu\/sv\/login\/\",\"url\":\"https:\/\/kicka.eu\/sv\/login\/\",\"name\":\"Login - Kicka\",\"isPartOf\":{\"@id\":\"https:\/\/kicka.eu\/sv\/#website\"},\"datePublished\":\"2024-01-06T16:00:46+00:00\",\"dateModified\":\"2024-01-06T16:16:35+00:00\",\"breadcrumb\":{\"@id\":\"https:\/\/kicka.eu\/sv\/login\/#breadcrumb\"},\"inLanguage\":\"sv-SE\",\"potentialAction\":[{\"@type\":\"ReadAction\",\"target\":[\"https:\/\/kicka.eu\/sv\/login\/\"]}]},{\"@type\":\"BreadcrumbList\",\"@id\":\"https:\/\/kicka.eu\/sv\/login\/#breadcrumb\",\"itemListElement\":[{\"@type\":\"ListItem\",\"position\":1,\"name\":\"Home\",\"item\":\"https:\/\/kicka.eu\/sv\/\"},{\"@type\":\"ListItem\",\"position\":2,\"name\":\"Login\"}]},{\"@type\":\"WebSite\",\"@id\":\"https:\/\/kicka.eu\/sv\/#website\",\"url\":\"https:\/\/kicka.eu\/sv\/\",\"name\":\"Kicka\",\"description\":\"Online Headshop\",\"publisher\":{\"@id\":\"https:\/\/kicka.eu\/sv\/#organization\"},\"potentialAction\":[{\"@type\":\"SearchAction\",\"target\":{\"@type\":\"EntryPoint\",\"urlTemplate\":\"https:\/\/kicka.eu\/sv\/?s={search_term_string}\"},\"query-input\":\"required name=search_term_string\"}],\"inLanguage\":\"sv-SE\"},{\"@type\":\"Organization\",\"@id\":\"https:\/\/kicka.eu\/sv\/#organization\",\"name\":\"Kicka\",\"url\":\"https:\/\/kicka.eu\/sv\/\",\"logo\":{\"@type\":\"ImageObject\",\"inLanguage\":\"sv-SE\",\"@id\":\"https:\/\/kicka.eu\/sv\/#\/schema\/logo\/image\/\",\"url\":\"https:\/\/kicka.eu\/wp-content\/uploads\/2023\/08\/Kicka-Logo.png\",\"contentUrl\":\"https:\/\/kicka.eu\/wp-content\/uploads\/2023\/08\/Kicka-Logo.png\",\"width\":233,\"height\":233,\"caption\":\"Kicka\"},\"image\":{\"@id\":\"https:\/\/kicka.eu\/sv\/#\/schema\/logo\/image\/\"}}]}<\/script>\n<!-- \/ Yoast SEO plugin. -->","yoast_head_json":{"title":"Login - Kicka","robots":{"index":"index","follow":"follow","max-snippet":"max-snippet:-1","max-image-preview":"max-image-preview:large","max-video-preview":"max-video-preview:-1"},"canonical":"https:\/\/kicka.eu\/sv\/login\/","og_locale":"sv_SE","og_type":"article","og_title":"Login - Kicka","og_description":"Logga in med ett klickAnge din e-postadress f\u00f6r att f\u00e5 en s\u00e4ker inloggningsl\u00e4nk. Inget l\u00f6senord kr\u00e4vs.","og_url":"https:\/\/kicka.eu\/sv\/login\/","og_site_name":"Kicka","article_modified_time":"2024-01-06T16:16:35+00:00","twitter_card":"summary_large_image","twitter_misc":{"Ber\u00e4knad l\u00e4stid":"1 minut"},"schema":{"@context":"https:\/\/schema.org","@graph":[{"@type":"WebPage","@id":"https:\/\/kicka.eu\/sv\/login\/","url":"https:\/\/kicka.eu\/sv\/login\/","name":"Login - Kicka","isPartOf":{"@id":"https:\/\/kicka.eu\/sv\/#website"},"datePublished":"2024-01-06T16:00:46+00:00","dateModified":"2024-01-06T16:16:35+00:00","breadcrumb":{"@id":"https:\/\/kicka.eu\/sv\/login\/#breadcrumb"},"inLanguage":"sv-SE","potentialAction":[{"@type":"ReadAction","target":["https:\/\/kicka.eu\/sv\/login\/"]}]},{"@type":"BreadcrumbList","@id":"https:\/\/kicka.eu\/sv\/login\/#breadcrumb","itemListElement":[{"@type":"ListItem","position":1,"name":"Home","item":"https:\/\/kicka.eu\/sv\/"},{"@type":"ListItem","position":2,"name":"Login"}]},{"@type":"WebSite","@id":"https:\/\/kicka.eu\/sv\/#website","url":"https:\/\/kicka.eu\/sv\/","name":"Kicka","description":"Online Headshop","publisher":{"@id":"https:\/\/kicka.eu\/sv\/#organization"},"potentialAction":[{"@type":"SearchAction","target":{"@type":"EntryPoint","urlTemplate":"https:\/\/kicka.eu\/sv\/?s={search_term_string}"},"query-input":"required name=search_term_string"}],"inLanguage":"sv-SE"},{"@type":"Organization","@id":"https:\/\/kicka.eu\/sv\/#organization","name":"Kicka","url":"https:\/\/kicka.eu\/sv\/","logo":{"@type":"ImageObject","inLanguage":"sv-SE","@id":"https:\/\/kicka.eu\/sv\/#\/schema\/logo\/image\/","url":"https:\/\/kicka.eu\/wp-content\/uploads\/2023\/08\/Kicka-Logo.png","contentUrl":"https:\/\/kicka.eu\/wp-content\/uploads\/2023\/08\/Kicka-Logo.png","width":233,"height":233,"caption":"Kicka"},"image":{"@id":"https:\/\/kicka.eu\/sv\/#\/schema\/logo\/image\/"}}]}},"_links":{"self":[{"href":"https:\/\/kicka.eu\/sv\/wp-json\/wp\/v2\/pages\/43589","targetHints":{"allow":["GET"]}}],"collection":[{"href":"https:\/\/kicka.eu\/sv\/wp-json\/wp\/v2\/pages"}],"about":[{"href":"https:\/\/kicka.eu\/sv\/wp-json\/wp\/v2\/types\/page"}],"author":[{"embeddable":true,"href":"https:\/\/kicka.eu\/sv\/wp-json\/wp\/v2\/users\/2"}],"replies":[{"embeddable":true,"href":"https:\/\/kicka.eu\/sv\/wp-json\/wp\/v2\/comments?post=43589"}],"version-history":[{"count":8,"href":"https:\/\/kicka.eu\/sv\/wp-json\/wp\/v2\/pages\/43589\/revisions"}],"predecessor-version":[{"id":43604,"href":"https:\/\/kicka.eu\/sv\/wp-json\/wp\/v2\/pages\/43589\/revisions\/43604"}],"wp:attachment":[{"href":"https:\/\/kicka.eu\/sv\/wp-json\/wp\/v2\/media?parent=43589"}],"curies":[{"name":"wp","href":"https:\/\/api.w.org\/{rel}","templated":true}]}}