{"id":1524,"date":"2022-04-17T21:54:59","date_gmt":"2022-04-17T19:54:59","guid":{"rendered":"https:\/\/kicka.eu\/?page_id=1524"},"modified":"2024-01-05T22:22:44","modified_gmt":"2024-01-05T21:22:44","slug":"faq","status":"publish","type":"page","link":"https:\/\/kicka.eu\/sv\/faq\/","title":{"rendered":"FAQ"},"content":{"rendered":"<p>[et_pb_section fb_built=&#8221;1&#8243; custom_padding_last_edited=&#8221;on|phone&#8221; _builder_version=&#8221;4.16&#8243; _module_preset=&#8221;default&#8221; custom_padding=&#8221;6.5%|48px|6.5%|48px|true|true&#8221; custom_padding_tablet=&#8221;6.5%|48px|6.5%|48px|true|true&#8221; custom_padding_phone=&#8221;|20px||20px|true|true&#8221; global_colors_info=&#8221;{}&#8221;][et_pb_row use_custom_gutter=&#8221;on&#8221; gutter_width=&#8221;2&#8243; _builder_version=&#8221;4.16&#8243; _module_preset=&#8221;default&#8221; background_enable_color=&#8221;off&#8221; width=&#8221;100%&#8221; max_width=&#8221;1330px&#8221; custom_padding=&#8221;||3.5%||false|false&#8221; global_colors_info=&#8221;{}&#8221;][et_pb_column type=&#8221;4_4&#8243; _builder_version=&#8221;4.16&#8243; _module_preset=&#8221;default&#8221; global_colors_info=&#8221;{}&#8221;][et_pb_text disabled_on=&#8221;off|off|off&#8221; _builder_version=&#8221;4.16&#8243; _module_preset=&#8221;default&#8221; text_font=&#8221;||||||||&#8221; text_text_color=&#8221;#000000&#8243; text_font_size=&#8221;55px&#8221; text_letter_spacing=&#8221;0.2px&#8221; text_line_height=&#8221;1.3em&#8221; text_orientation=&#8221;center&#8221; width=&#8221;100%&#8221; module_alignment=&#8221;center&#8221; custom_margin=&#8221;||||false|false&#8221; custom_padding=&#8221;||||false|false&#8221; link_option_url=&#8221;https:\/\/dosetest.com\/upgraded-bottles\/&#8221; global_colors_info=&#8221;{}&#8221;]<\/p>\n<p>Frequently asked questions<\/p>\n<p>[\/et_pb_text][\/et_pb_column][\/et_pb_row][et_pb_row _builder_version=&#8221;4.16&#8243; _module_preset=&#8221;default&#8221; width=&#8221;100%&#8221; max_width=&#8221;1330px&#8221; global_colors_info=&#8221;{}&#8221;][et_pb_column type=&#8221;4_4&#8243; _builder_version=&#8221;4.16&#8243; _module_preset=&#8221;default&#8221; global_colors_info=&#8221;{}&#8221;][et_pb_accordion open_toggle_background_color=&#8221;#FFFFFF&#8221; closed_toggle_background_color=&#8221;#ffffff&#8221; toggle_icon=&#8221;&#x42;||divi||400&#8243; icon_color=&#8221;rgba(83,91,124,0.4)&#8221; _builder_version=&#8221;4.16&#8243; _module_preset=&#8221;default&#8221; toggle_text_color=&#8221;#000000&#8243; toggle_level=&#8221;h6&#8243; toggle_font=&#8221;||||||||&#8221; toggle_text_align=&#8221;left&#8221; toggle_font_size=&#8221;20px&#8221; toggle_letter_spacing=&#8221;0.2px&#8221; toggle_line_height=&#8221;1.3em&#8221; body_font=&#8221;||||||||&#8221; body_text_color=&#8221;#000000&#8243; body_font_size=&#8221;17px&#8221; body_letter_spacing=&#8221;0.2px&#8221; body_line_height=&#8221;1.3em&#8221; module_alignment=&#8221;center&#8221; custom_margin=&#8221;||||false|false&#8221; custom_padding=&#8221;|||&#8221; border_radii=&#8221;on|15px|15px|15px|15px&#8221; border_width_all=&#8221;0px&#8221; border_color_all=&#8221;#d9d9d9&#8243; border_style_all=&#8221;solid&#8221; box_shadow_style=&#8221;preset1&#8243; box_shadow_color=&#8221;rgba(34,56,101,0.05)&#8221; global_colors_info=&#8221;{}&#8221;][et_pb_accordion_item title=&#8221;Hur l\u00e5ng tid tar det innan jag f\u00e5r min order?&#8221; _builder_version=&#8221;4.16&#8243; _module_preset=&#8221;default&#8221; body_font_size=&#8221;16px&#8221; custom_margin=&#8221;21px||21px||true|false&#8221; custom_padding=&#8221;25px|35px|25px|35px|true|true&#8221; global_colors_info=&#8221;{}&#8221; toggle_font=&#8221;||||||||&#8221; toggle_font_size=&#8221;21px&#8221; open=&#8221;off&#8221;]<\/p>\n<p>\u00a0V\u00e5ra leveranstider \u00e4r mellan 1-3 dagar.<\/p>\n<p>[\/et_pb_accordion_item][et_pb_accordion_item title=&#8221;Vad har ni f\u00f6r retur policy?&#8221; _builder_version=&#8221;4.16&#8243; _module_preset=&#8221;default&#8221; body_font_size=&#8221;16px&#8221; custom_margin=&#8221;21px||21px||true|false&#8221; custom_padding=&#8221;25px|35px|25px|35px|true|true&#8221; global_colors_info=&#8221;{}&#8221; toggle_font=&#8221;||||||||&#8221; toggle_font_size=&#8221;21px&#8221; open=&#8221;off&#8221;]<\/p>\n<p>Vi erbjuder 14 dagars \u00f6ppet k\u00f6p policy enligt lagen om distanshandel. Alla produkter som returneras ska vara oanv\u00e4nda samt o\u00f6ppnade.<\/p>\n<p>[\/et_pb_accordion_item][et_pb_accordion_item title=&#8221;Skickar ni fr\u00e5n Sverige?&#8221; _builder_version=&#8221;4.16&#8243; _module_preset=&#8221;default&#8221; body_font_size=&#8221;16px&#8221; custom_margin=&#8221;21px||21px||true|false&#8221; custom_padding=&#8221;25px|35px|25px|35px|true|true&#8221; global_colors_info=&#8221;{}&#8221; toggle_font=&#8221;||||||||&#8221; toggle_font_size=&#8221;21px&#8221; open=&#8221;off&#8221;]<\/p>\n<p>Kicka \u00e4r baserade i Sverige och skickar endast fr\u00e5n Sverige.<\/p>\n<p>[\/et_pb_accordion_item][et_pb_accordion_item title=&#8221;Vilka betalningss\u00e4tt erbjuder ni?&#8221; _builder_version=&#8221;4.16&#8243; _module_preset=&#8221;default&#8221; body_font_size=&#8221;16px&#8221; custom_margin=&#8221;21px||21px||true|false&#8221; custom_padding=&#8221;25px|35px|25px|35px|true|true&#8221; global_colors_info=&#8221;{}&#8221; toggle_font=&#8221;||||||||&#8221; toggle_font_size=&#8221;21px&#8221; open=&#8221;off&#8221;]<\/p>\n<p>Vi erbjuder i dagsl\u00e4get endast kortbetalningar som g\u00e5r via 3D-S.<\/p>\n<p>[\/et_pb_accordion_item][et_pb_accordion_item title=&#8221;Kan jag bli \u00e5terf\u00f6rs\u00e4ljare av era produkter?&#8221; _builder_version=&#8221;4.16&#8243; _module_preset=&#8221;default&#8221; body_font_size=&#8221;16px&#8221; custom_margin=&#8221;21px||21px||true|false&#8221; custom_padding=&#8221;25px|35px|25px|35px|true|true&#8221; global_colors_info=&#8221;{}&#8221; toggle_font=&#8221;||||||||&#8221; toggle_font_size=&#8221;21px&#8221; open=&#8221;off&#8221;]<\/p>\n<div class=\"mpfaq-ans\">\n<p>Absolut! Skicka dina kontaktuppgifter till v\u00e5r email s\u00e5 tar vi vidare kontakt via email f\u00f6r att registera ett wholesale konto \u00e5t er.<\/p>\n<\/div>\n<p>[\/et_pb_accordion_item][et_pb_accordion_item title=&#8221;Kan jag \u00e4ndra min order efter den \u00e4r lagd?&#8221; _builder_version=&#8221;4.16&#8243; _module_preset=&#8221;default&#8221; body_font_size=&#8221;16px&#8221; custom_margin=&#8221;21px||21px||true|false&#8221; custom_padding=&#8221;25px|35px|25px|35px|true|true&#8221; global_colors_info=&#8221;{}&#8221; toggle_font=&#8221;||||||||&#8221; toggle_font_size=&#8221;21px&#8221; open=&#8221;off&#8221;]<\/p>\n<p>Om du mejlar oss s\u00e5 snabbt som m\u00f6jligt s\u00e5 har vi i dem flesta fall m\u00f6jlighet att \u00e4ndra din order.<\/p>\n<p>[\/et_pb_accordion_item][et_pb_accordion_item title=&#8221;Hur kontaktar jag er?&#8221; open=&#8221;on&#8221; _builder_version=&#8221;4.16&#8243; _module_preset=&#8221;default&#8221; body_font_size=&#8221;16px&#8221; custom_margin=&#8221;21px||21px||true|false&#8221; custom_padding=&#8221;25px|35px|25px|35px|true|true&#8221; global_colors_info=&#8221;{}&#8221; toggle_font=&#8221;||||||||&#8221; toggle_font_size=&#8221;21px&#8221;]<\/p>\n<p>Du n\u00e5r v\u00e5ran kundtj\u00e4nst p\u00e5 Hej@kicka.se.<\/p>\n<p>Kicka<br \/>Box 519<br \/>291 25 Kristianstad<\/p>\n<p>[\/et_pb_accordion_item][\/et_pb_accordion][\/et_pb_column][\/et_pb_row][\/et_pb_section]<\/p>\n","protected":false},"excerpt":{"rendered":"<p>Frequently asked questions\u00a0V\u00e5ra leveranstider \u00e4r mellan 1-3 dagar.Vi erbjuder 14 dagars \u00f6ppet k\u00f6p policy enligt lagen om distanshandel. Alla produkter som returneras ska vara oanv\u00e4nda samt o\u00f6ppnade.Kicka \u00e4r baserade i Sverige och skickar endast fr\u00e5n Sverige.Vi erbjuder i dagsl\u00e4get endast kortbetalningar som g\u00e5r via 3D-S. Absolut! Skicka dina kontaktuppgifter till v\u00e5r email s\u00e5 tar vi [&hellip;]<\/p>\n","protected":false},"author":2,"featured_media":0,"parent":0,"menu_order":0,"comment_status":"closed","ping_status":"closed","template":"","meta":{"_acf_changed":false,"_et_pb_use_builder":"on","_et_pb_old_content":"","_et_gb_content_width":"","om_disable_all_campaigns":false,"_monsterinsights_skip_tracking":false,"_monsterinsights_sitenote_active":false,"_monsterinsights_sitenote_note":"","_monsterinsights_sitenote_category":0,"_uf_show_specific_survey":0,"_uf_disable_surveys":false,"footnotes":""},"class_list":["post-1524","page","type-page","status-publish","hentry"],"acf":[],"yoast_head":"<!-- This site is optimized with the Yoast SEO plugin v22.8 - https:\/\/yoast.com\/wordpress\/plugins\/seo\/ -->\n<title>FAQ - Kicka<\/title>\n<meta name=\"robots\" content=\"index, follow, max-snippet:-1, max-image-preview:large, max-video-preview:-1\" \/>\n<link rel=\"canonical\" href=\"https:\/\/kicka.eu\/sv\/faq\/\" \/>\n<meta property=\"og:locale\" content=\"sv_SE\" \/>\n<meta property=\"og:type\" content=\"article\" \/>\n<meta property=\"og:title\" content=\"FAQ - Kicka\" \/>\n<meta property=\"og:description\" content=\"Frequently asked questions\u00a0V\u00e5ra leveranstider \u00e4r mellan 1-3 dagar.Vi erbjuder 14 dagars \u00f6ppet k\u00f6p policy enligt lagen om distanshandel. Alla produkter som returneras ska vara oanv\u00e4nda samt o\u00f6ppnade.Kicka \u00e4r baserade i Sverige och skickar endast fr\u00e5n Sverige.Vi erbjuder i dagsl\u00e4get endast kortbetalningar som g\u00e5r via 3D-S. Absolut! Skicka dina kontaktuppgifter till v\u00e5r email s\u00e5 tar vi [&hellip;]\" \/>\n<meta property=\"og:url\" content=\"https:\/\/kicka.eu\/sv\/faq\/\" \/>\n<meta property=\"og:site_name\" content=\"Kicka\" \/>\n<meta property=\"article:modified_time\" content=\"2024-01-05T21:22:44+00:00\" \/>\n<meta name=\"twitter:card\" content=\"summary_large_image\" \/>\n<script type=\"application\/ld+json\" class=\"yoast-schema-graph\">{\"@context\":\"https:\/\/schema.org\",\"@graph\":[{\"@type\":\"WebPage\",\"@id\":\"https:\/\/kicka.eu\/sv\/faq\/\",\"url\":\"https:\/\/kicka.eu\/sv\/faq\/\",\"name\":\"FAQ - Kicka\",\"isPartOf\":{\"@id\":\"https:\/\/kicka.eu\/sv\/#website\"},\"datePublished\":\"2022-04-17T19:54:59+00:00\",\"dateModified\":\"2024-01-05T21:22:44+00:00\",\"breadcrumb\":{\"@id\":\"https:\/\/kicka.eu\/sv\/faq\/#breadcrumb\"},\"inLanguage\":\"sv-SE\",\"potentialAction\":[{\"@type\":\"ReadAction\",\"target\":[\"https:\/\/kicka.eu\/sv\/faq\/\"]}]},{\"@type\":\"BreadcrumbList\",\"@id\":\"https:\/\/kicka.eu\/sv\/faq\/#breadcrumb\",\"itemListElement\":[{\"@type\":\"ListItem\",\"position\":1,\"name\":\"Home\",\"item\":\"https:\/\/kicka.eu\/sv\/\"},{\"@type\":\"ListItem\",\"position\":2,\"name\":\"FAQ\"}]},{\"@type\":\"WebSite\",\"@id\":\"https:\/\/kicka.eu\/sv\/#website\",\"url\":\"https:\/\/kicka.eu\/sv\/\",\"name\":\"Kicka\",\"description\":\"Online Headshop\",\"publisher\":{\"@id\":\"https:\/\/kicka.eu\/sv\/#organization\"},\"potentialAction\":[{\"@type\":\"SearchAction\",\"target\":{\"@type\":\"EntryPoint\",\"urlTemplate\":\"https:\/\/kicka.eu\/sv\/?s={search_term_string}\"},\"query-input\":\"required name=search_term_string\"}],\"inLanguage\":\"sv-SE\"},{\"@type\":\"Organization\",\"@id\":\"https:\/\/kicka.eu\/sv\/#organization\",\"name\":\"Kicka\",\"url\":\"https:\/\/kicka.eu\/sv\/\",\"logo\":{\"@type\":\"ImageObject\",\"inLanguage\":\"sv-SE\",\"@id\":\"https:\/\/kicka.eu\/sv\/#\/schema\/logo\/image\/\",\"url\":\"https:\/\/kicka.eu\/wp-content\/uploads\/2023\/08\/Kicka-Logo.png\",\"contentUrl\":\"https:\/\/kicka.eu\/wp-content\/uploads\/2023\/08\/Kicka-Logo.png\",\"width\":233,\"height\":233,\"caption\":\"Kicka\"},\"image\":{\"@id\":\"https:\/\/kicka.eu\/sv\/#\/schema\/logo\/image\/\"}}]}<\/script>\n<!-- \/ Yoast SEO plugin. -->","yoast_head_json":{"title":"FAQ - Kicka","robots":{"index":"index","follow":"follow","max-snippet":"max-snippet:-1","max-image-preview":"max-image-preview:large","max-video-preview":"max-video-preview:-1"},"canonical":"https:\/\/kicka.eu\/sv\/faq\/","og_locale":"sv_SE","og_type":"article","og_title":"FAQ - Kicka","og_description":"Frequently asked questions\u00a0V\u00e5ra leveranstider \u00e4r mellan 1-3 dagar.Vi erbjuder 14 dagars \u00f6ppet k\u00f6p policy enligt lagen om distanshandel. Alla produkter som returneras ska vara oanv\u00e4nda samt o\u00f6ppnade.Kicka \u00e4r baserade i Sverige och skickar endast fr\u00e5n Sverige.Vi erbjuder i dagsl\u00e4get endast kortbetalningar som g\u00e5r via 3D-S. Absolut! Skicka dina kontaktuppgifter till v\u00e5r email s\u00e5 tar vi [&hellip;]","og_url":"https:\/\/kicka.eu\/sv\/faq\/","og_site_name":"Kicka","article_modified_time":"2024-01-05T21:22:44+00:00","twitter_card":"summary_large_image","schema":{"@context":"https:\/\/schema.org","@graph":[{"@type":"WebPage","@id":"https:\/\/kicka.eu\/sv\/faq\/","url":"https:\/\/kicka.eu\/sv\/faq\/","name":"FAQ - Kicka","isPartOf":{"@id":"https:\/\/kicka.eu\/sv\/#website"},"datePublished":"2022-04-17T19:54:59+00:00","dateModified":"2024-01-05T21:22:44+00:00","breadcrumb":{"@id":"https:\/\/kicka.eu\/sv\/faq\/#breadcrumb"},"inLanguage":"sv-SE","potentialAction":[{"@type":"ReadAction","target":["https:\/\/kicka.eu\/sv\/faq\/"]}]},{"@type":"BreadcrumbList","@id":"https:\/\/kicka.eu\/sv\/faq\/#breadcrumb","itemListElement":[{"@type":"ListItem","position":1,"name":"Home","item":"https:\/\/kicka.eu\/sv\/"},{"@type":"ListItem","position":2,"name":"FAQ"}]},{"@type":"WebSite","@id":"https:\/\/kicka.eu\/sv\/#website","url":"https:\/\/kicka.eu\/sv\/","name":"Kicka","description":"Online Headshop","publisher":{"@id":"https:\/\/kicka.eu\/sv\/#organization"},"potentialAction":[{"@type":"SearchAction","target":{"@type":"EntryPoint","urlTemplate":"https:\/\/kicka.eu\/sv\/?s={search_term_string}"},"query-input":"required name=search_term_string"}],"inLanguage":"sv-SE"},{"@type":"Organization","@id":"https:\/\/kicka.eu\/sv\/#organization","name":"Kicka","url":"https:\/\/kicka.eu\/sv\/","logo":{"@type":"ImageObject","inLanguage":"sv-SE","@id":"https:\/\/kicka.eu\/sv\/#\/schema\/logo\/image\/","url":"https:\/\/kicka.eu\/wp-content\/uploads\/2023\/08\/Kicka-Logo.png","contentUrl":"https:\/\/kicka.eu\/wp-content\/uploads\/2023\/08\/Kicka-Logo.png","width":233,"height":233,"caption":"Kicka"},"image":{"@id":"https:\/\/kicka.eu\/sv\/#\/schema\/logo\/image\/"}}]}},"_links":{"self":[{"href":"https:\/\/kicka.eu\/sv\/wp-json\/wp\/v2\/pages\/1524","targetHints":{"allow":["GET"]}}],"collection":[{"href":"https:\/\/kicka.eu\/sv\/wp-json\/wp\/v2\/pages"}],"about":[{"href":"https:\/\/kicka.eu\/sv\/wp-json\/wp\/v2\/types\/page"}],"author":[{"embeddable":true,"href":"https:\/\/kicka.eu\/sv\/wp-json\/wp\/v2\/users\/2"}],"replies":[{"embeddable":true,"href":"https:\/\/kicka.eu\/sv\/wp-json\/wp\/v2\/comments?post=1524"}],"version-history":[{"count":11,"href":"https:\/\/kicka.eu\/sv\/wp-json\/wp\/v2\/pages\/1524\/revisions"}],"predecessor-version":[{"id":43587,"href":"https:\/\/kicka.eu\/sv\/wp-json\/wp\/v2\/pages\/1524\/revisions\/43587"}],"wp:attachment":[{"href":"https:\/\/kicka.eu\/sv\/wp-json\/wp\/v2\/media?parent=1524"}],"curies":[{"name":"wp","href":"https:\/\/api.w.org\/{rel}","templated":true}]}}