{"id":1508,"date":"2022-04-17T21:25:51","date_gmt":"2022-04-17T19:25:51","guid":{"rendered":"https:\/\/kicka.eu\/?page_id=1508"},"modified":"2023-11-08T10:50:37","modified_gmt":"2023-11-08T09:50:37","slug":"allmana-villkor","status":"publish","type":"page","link":"https:\/\/kicka.eu\/sv\/allmana-villkor\/","title":{"rendered":"Allm\u00e4na Villkor"},"content":{"rendered":"<p>[et_pb_section fb_built=&#8221;1&#8243; _builder_version=&#8221;4.14.6&#8243; _module_preset=&#8221;default&#8221; hover_enabled=&#8221;0&#8243; global_colors_info=&#8221;{}&#8221; custom_padding=&#8221;|48px||48px|false|true&#8221; custom_padding_last_edited=&#8221;on|phone&#8221; sticky_enabled=&#8221;0&#8243; custom_padding_phone=&#8221;|20px||20px|false|true&#8221; custom_padding_tablet=&#8221;|48px||48px|false|true&#8221;][et_pb_row _builder_version=&#8221;4.14.6&#8243; _module_preset=&#8221;default&#8221; hover_enabled=&#8221;0&#8243; global_colors_info=&#8221;{}&#8221; width=&#8221;100%&#8221; max_width=&#8221;1330px&#8221; sticky_enabled=&#8221;0&#8243;][et_pb_column type=&#8221;4_4&#8243; _builder_version=&#8221;4.14.6&#8243; _module_preset=&#8221;default&#8221; global_colors_info=&#8221;{}&#8221;][et_pb_text _builder_version=&#8221;4.14.6&#8243; _module_preset=&#8221;default&#8221; global_colors_info=&#8221;{}&#8221;]<\/p>\n<h3>PRISER OCH BETALNING<\/h3>\n<p>Varje vara anges med pris inklusive moms. I kundvagnen kan man se det totala priset inklusive alla avgifter, moms, frakt och betalning. Betalningsvillkor finns angiven i kundvagnen beroende av valt betalningss\u00e4tt.<\/p>\n<p>Fraktvillkor finns angiven i kundvagnen beroende av valt frakts\u00e4tt.<\/p>\n<h3>\u00c5NGERR\u00c4TT<\/h3>\n<p>Vi f\u00f6ljer distansavtalslagen och d\u00e4rmed har du r\u00e4tt att returnera best\u00e4llda varor. Du \u00e5ngrar ditt k\u00f6p genom att inom 14 dagar fr\u00e5n att du mottagit din best\u00e4llning meddela oss. Artikeln ska returneras v\u00e4l emballerad, i fint skick och i originalkartong.<\/p>\n<p>F\u00f6r att anv\u00e4nda din \u00e5ngerr\u00e4tt f\u00e5r du inte ha \u00f6ppnat produkten\/skadat n\u00e5gon plombering, men naturligtvis f\u00f6rsiktigt unders\u00f6ka den. Om varan skadas eller kommer bort p\u00e5 grund av att du \u00e4r v\u00e5rdsl\u00f6s f\u00f6rlorar du \u00e5ngerr\u00e4tten.<\/p>\n<h3>PRIVAT POLICY<\/h3>\n<p>&#8221;N\u00e4r du l\u00e4gger din best\u00e4llning hos oss uppger du dina person\/. I samband med din registrering och best\u00e4llning godk\u00e4nner du att vi lagrar och anv\u00e4nder dina uppgifter i v\u00e5r verksamhet f\u00f6r att fullf\u00f6lja avtalet gentemot dig. Du har enligt Personuppgiftslagen r\u00e4tt att f\u00e5 den information som vi har registrerat om dig. Om den \u00e4r felaktig, ofullst\u00e4ndig eller irrelevant kan du beg\u00e4ra att informationen ska r\u00e4ttas eller tas bort. Kontakta oss i s\u00e5 fall via e-post.&#8221;<\/p>\n<h3>COOKIES<\/h3>\n<p>Denna webbutik anv\u00e4nder sig av cookies enligt Electronic Communications Act, 25 juli 2003. En cookie \u00e4r en liten textfil som lagras p\u00e5 din dator och som inneh\u00e5ller information f\u00f6r att hj\u00e4lpa webbutiken att identifiera och f\u00f6lja anv\u00e4ndare. Cookies finns som sessionscookies och som cookies som lagras permanent p\u00e5 din dator. Under tiden f\u00f6r ditt f\u00f6rsta bes\u00f6k i webbutiken blir din webbl\u00e4sare tilldelad en sessionscookie som \u00e4r unik och som anv\u00e4nds f\u00f6r att inte blanda ihop dig som anv\u00e4ndare med andra anv\u00e4ndare. F\u00f6r att kunna anv\u00e4nda webbutiken b\u00f6r du till\u00e5ta cookies i din webbl\u00e4sare. Denna typ av cookie anv\u00e4nds enbart f\u00f6r att ge dig som bes\u00f6kare en b\u00e4ttre upplevelse och support och lagrar inga personlig uppgifter om dig. Cookies kan raderas. I denna webbutik anv\u00e4nds cookies exempelvis f\u00f6r att h\u00e5lla koll p\u00e5 din kundvagn, dina inst\u00e4llningar och vilka sidor du bes\u00f6kt f\u00f6r att kunna ge dig en b\u00e4ttre kundupplevelse och support.<\/p>\n<h3>LEVERANSER<\/h3>\n<p>Leveranstiden anges i kundvagnen under respektive frakts\u00e4tt. Om en vara har avvikande leveranstid st\u00e5r det angivet vid respektive vara. Ej uth\u00e4mtade paket<\/p>\n<p>Ej h\u00e4mtade varor returneras till oss. F\u00f6r alla paket som inte l\u00f6ses ut f\u00f6rbeh\u00e5ller vi oss r\u00e4tten att debitera dig kostnader f\u00f6r returfrakt, expeditionsavgift och hanteringsavgift, f\u00f6r n\u00e4rvarande 200kr.<\/p>\n<h3>RETURER<\/h3>\n<p>Returer sker p\u00e5 din egen bekostnad utom om varan \u00e4r defekt eller om vi har packat fel. Returer ska skickas som brev eller paket, inte mot postf\u00f6rskott. Vid byten betalar vi den nya frakten fr\u00e5n oss till dig.<\/p>\n<p>N\u00e4r du utnyttjat din \u00e5ngerr\u00e4tt ska du,<\/p>\n<p>om det g\u00e4ller en vara: s\u00e4nda eller l\u00e4mna tillbaka den till oss<\/p>\n<p><strong>\u00c5terbetalningsskyldighet:<\/strong><\/p>\n<p>Vi ska, om du utnyttjat din \u00e5ngerr\u00e4tt, betala tillbaka vad du har betalat f\u00f6r varan snarast eller senast inom 7 dagar fr\u00e5n den dag d\u00e5 vi tog emot varan eller, om det \u00e4r en tj\u00e4nst, meddelandet om att du \u00e5ngrat dig. Du f\u00e5r sj\u00e4lv betala returkostnaderna n\u00e4r du s\u00e4nder tillbaka varan. Vi betalar alltid returkostnaden f\u00f6r att s\u00e4nda tillbaka s\u00e5 kallade ers\u00e4ttningsvaror.<\/p>\n<p>Se \u00e4ven konsumentverket och distansavtalslagen, samt EU:s gemensamma tvistl\u00f6sningssida<span>\u00a0<\/span><a href=\"http:\/\/ec.europa.eu\/odr\" target=\"_blank\" rel=\"noopener\">http:\/\/ec.europa.eu\/odr<\/a>.<\/p>\n<p>[\/et_pb_text][\/et_pb_column][\/et_pb_row][\/et_pb_section]<\/p>\n","protected":false},"excerpt":{"rendered":"<p>PRISER OCH BETALNING Varje vara anges med pris inklusive moms. I kundvagnen kan man se det totala priset inklusive alla avgifter, moms, frakt och betalning. Betalningsvillkor finns angiven i kundvagnen beroende av valt betalningss\u00e4tt. Fraktvillkor finns angiven i kundvagnen beroende av valt frakts\u00e4tt. \u00c5NGERR\u00c4TT Vi f\u00f6ljer distansavtalslagen och d\u00e4rmed har du r\u00e4tt att returnera best\u00e4llda [&hellip;]<\/p>\n","protected":false},"author":2,"featured_media":0,"parent":0,"menu_order":0,"comment_status":"closed","ping_status":"closed","template":"","meta":{"_acf_changed":false,"_et_pb_use_builder":"on","_et_pb_old_content":"","_et_gb_content_width":"","om_disable_all_campaigns":false,"_monsterinsights_skip_tracking":false,"_monsterinsights_sitenote_active":false,"_monsterinsights_sitenote_note":"","_monsterinsights_sitenote_category":0,"_uf_show_specific_survey":0,"_uf_disable_surveys":false,"footnotes":""},"class_list":["post-1508","page","type-page","status-publish","hentry"],"acf":[],"yoast_head":"<!-- This site is optimized with the Yoast SEO plugin v22.8 - https:\/\/yoast.com\/wordpress\/plugins\/seo\/ -->\n<title>Allm\u00e4na Villkor - Kicka<\/title>\n<meta name=\"robots\" content=\"index, follow, max-snippet:-1, max-image-preview:large, max-video-preview:-1\" \/>\n<link rel=\"canonical\" href=\"https:\/\/kicka.eu\/sv\/allmana-villkor\/\" \/>\n<meta property=\"og:locale\" content=\"sv_SE\" \/>\n<meta property=\"og:type\" content=\"article\" \/>\n<meta property=\"og:title\" content=\"Allm\u00e4na Villkor - Kicka\" \/>\n<meta property=\"og:description\" content=\"PRISER OCH BETALNING Varje vara anges med pris inklusive moms. I kundvagnen kan man se det totala priset inklusive alla avgifter, moms, frakt och betalning. Betalningsvillkor finns angiven i kundvagnen beroende av valt betalningss\u00e4tt. Fraktvillkor finns angiven i kundvagnen beroende av valt frakts\u00e4tt. \u00c5NGERR\u00c4TT Vi f\u00f6ljer distansavtalslagen och d\u00e4rmed har du r\u00e4tt att returnera best\u00e4llda [&hellip;]\" \/>\n<meta property=\"og:url\" content=\"https:\/\/kicka.eu\/sv\/allmana-villkor\/\" \/>\n<meta property=\"og:site_name\" content=\"Kicka\" \/>\n<meta property=\"article:modified_time\" content=\"2023-11-08T09:50:37+00:00\" \/>\n<meta name=\"twitter:card\" content=\"summary_large_image\" \/>\n<meta name=\"twitter:label1\" content=\"Ber\u00e4knad l\u00e4stid\" \/>\n\t<meta name=\"twitter:data1\" content=\"3 minuter\" \/>\n<script type=\"application\/ld+json\" class=\"yoast-schema-graph\">{\"@context\":\"https:\/\/schema.org\",\"@graph\":[{\"@type\":\"WebPage\",\"@id\":\"https:\/\/kicka.eu\/sv\/allmana-villkor\/\",\"url\":\"https:\/\/kicka.eu\/sv\/allmana-villkor\/\",\"name\":\"Allm\u00e4na Villkor - Kicka\",\"isPartOf\":{\"@id\":\"https:\/\/kicka.eu\/sv\/#website\"},\"datePublished\":\"2022-04-17T19:25:51+00:00\",\"dateModified\":\"2023-11-08T09:50:37+00:00\",\"breadcrumb\":{\"@id\":\"https:\/\/kicka.eu\/sv\/allmana-villkor\/#breadcrumb\"},\"inLanguage\":\"sv-SE\",\"potentialAction\":[{\"@type\":\"ReadAction\",\"target\":[\"https:\/\/kicka.eu\/sv\/allmana-villkor\/\"]}]},{\"@type\":\"BreadcrumbList\",\"@id\":\"https:\/\/kicka.eu\/sv\/allmana-villkor\/#breadcrumb\",\"itemListElement\":[{\"@type\":\"ListItem\",\"position\":1,\"name\":\"Home\",\"item\":\"https:\/\/kicka.eu\/sv\/\"},{\"@type\":\"ListItem\",\"position\":2,\"name\":\"Allm\u00e4na Villkor\"}]},{\"@type\":\"WebSite\",\"@id\":\"https:\/\/kicka.eu\/sv\/#website\",\"url\":\"https:\/\/kicka.eu\/sv\/\",\"name\":\"Kicka\",\"description\":\"Online Headshop\",\"publisher\":{\"@id\":\"https:\/\/kicka.eu\/sv\/#organization\"},\"potentialAction\":[{\"@type\":\"SearchAction\",\"target\":{\"@type\":\"EntryPoint\",\"urlTemplate\":\"https:\/\/kicka.eu\/sv\/?s={search_term_string}\"},\"query-input\":\"required name=search_term_string\"}],\"inLanguage\":\"sv-SE\"},{\"@type\":\"Organization\",\"@id\":\"https:\/\/kicka.eu\/sv\/#organization\",\"name\":\"Kicka\",\"url\":\"https:\/\/kicka.eu\/sv\/\",\"logo\":{\"@type\":\"ImageObject\",\"inLanguage\":\"sv-SE\",\"@id\":\"https:\/\/kicka.eu\/sv\/#\/schema\/logo\/image\/\",\"url\":\"https:\/\/kicka.eu\/wp-content\/uploads\/2023\/08\/Kicka-Logo.png\",\"contentUrl\":\"https:\/\/kicka.eu\/wp-content\/uploads\/2023\/08\/Kicka-Logo.png\",\"width\":233,\"height\":233,\"caption\":\"Kicka\"},\"image\":{\"@id\":\"https:\/\/kicka.eu\/sv\/#\/schema\/logo\/image\/\"}}]}<\/script>\n<!-- \/ Yoast SEO plugin. -->","yoast_head_json":{"title":"Allm\u00e4na Villkor - Kicka","robots":{"index":"index","follow":"follow","max-snippet":"max-snippet:-1","max-image-preview":"max-image-preview:large","max-video-preview":"max-video-preview:-1"},"canonical":"https:\/\/kicka.eu\/sv\/allmana-villkor\/","og_locale":"sv_SE","og_type":"article","og_title":"Allm\u00e4na Villkor - Kicka","og_description":"PRISER OCH BETALNING Varje vara anges med pris inklusive moms. I kundvagnen kan man se det totala priset inklusive alla avgifter, moms, frakt och betalning. Betalningsvillkor finns angiven i kundvagnen beroende av valt betalningss\u00e4tt. Fraktvillkor finns angiven i kundvagnen beroende av valt frakts\u00e4tt. \u00c5NGERR\u00c4TT Vi f\u00f6ljer distansavtalslagen och d\u00e4rmed har du r\u00e4tt att returnera best\u00e4llda [&hellip;]","og_url":"https:\/\/kicka.eu\/sv\/allmana-villkor\/","og_site_name":"Kicka","article_modified_time":"2023-11-08T09:50:37+00:00","twitter_card":"summary_large_image","twitter_misc":{"Ber\u00e4knad l\u00e4stid":"3 minuter"},"schema":{"@context":"https:\/\/schema.org","@graph":[{"@type":"WebPage","@id":"https:\/\/kicka.eu\/sv\/allmana-villkor\/","url":"https:\/\/kicka.eu\/sv\/allmana-villkor\/","name":"Allm\u00e4na Villkor - Kicka","isPartOf":{"@id":"https:\/\/kicka.eu\/sv\/#website"},"datePublished":"2022-04-17T19:25:51+00:00","dateModified":"2023-11-08T09:50:37+00:00","breadcrumb":{"@id":"https:\/\/kicka.eu\/sv\/allmana-villkor\/#breadcrumb"},"inLanguage":"sv-SE","potentialAction":[{"@type":"ReadAction","target":["https:\/\/kicka.eu\/sv\/allmana-villkor\/"]}]},{"@type":"BreadcrumbList","@id":"https:\/\/kicka.eu\/sv\/allmana-villkor\/#breadcrumb","itemListElement":[{"@type":"ListItem","position":1,"name":"Home","item":"https:\/\/kicka.eu\/sv\/"},{"@type":"ListItem","position":2,"name":"Allm\u00e4na Villkor"}]},{"@type":"WebSite","@id":"https:\/\/kicka.eu\/sv\/#website","url":"https:\/\/kicka.eu\/sv\/","name":"Kicka","description":"Online Headshop","publisher":{"@id":"https:\/\/kicka.eu\/sv\/#organization"},"potentialAction":[{"@type":"SearchAction","target":{"@type":"EntryPoint","urlTemplate":"https:\/\/kicka.eu\/sv\/?s={search_term_string}"},"query-input":"required name=search_term_string"}],"inLanguage":"sv-SE"},{"@type":"Organization","@id":"https:\/\/kicka.eu\/sv\/#organization","name":"Kicka","url":"https:\/\/kicka.eu\/sv\/","logo":{"@type":"ImageObject","inLanguage":"sv-SE","@id":"https:\/\/kicka.eu\/sv\/#\/schema\/logo\/image\/","url":"https:\/\/kicka.eu\/wp-content\/uploads\/2023\/08\/Kicka-Logo.png","contentUrl":"https:\/\/kicka.eu\/wp-content\/uploads\/2023\/08\/Kicka-Logo.png","width":233,"height":233,"caption":"Kicka"},"image":{"@id":"https:\/\/kicka.eu\/sv\/#\/schema\/logo\/image\/"}}]}},"_links":{"self":[{"href":"https:\/\/kicka.eu\/sv\/wp-json\/wp\/v2\/pages\/1508","targetHints":{"allow":["GET"]}}],"collection":[{"href":"https:\/\/kicka.eu\/sv\/wp-json\/wp\/v2\/pages"}],"about":[{"href":"https:\/\/kicka.eu\/sv\/wp-json\/wp\/v2\/types\/page"}],"author":[{"embeddable":true,"href":"https:\/\/kicka.eu\/sv\/wp-json\/wp\/v2\/users\/2"}],"replies":[{"embeddable":true,"href":"https:\/\/kicka.eu\/sv\/wp-json\/wp\/v2\/comments?post=1508"}],"version-history":[{"count":5,"href":"https:\/\/kicka.eu\/sv\/wp-json\/wp\/v2\/pages\/1508\/revisions"}],"predecessor-version":[{"id":43375,"href":"https:\/\/kicka.eu\/sv\/wp-json\/wp\/v2\/pages\/1508\/revisions\/43375"}],"wp:attachment":[{"href":"https:\/\/kicka.eu\/sv\/wp-json\/wp\/v2\/media?parent=1508"}],"curies":[{"name":"wp","href":"https:\/\/api.w.org\/{rel}","templated":true}]}}