{"id":41104,"date":"2023-05-18T22:27:12","date_gmt":"2023-05-18T20:27:12","guid":{"rendered":"https:\/\/kicka.eu\/product\/raw-lead-free-crystal-glass-ashtray-giftbox\/"},"modified":"2024-11-30T16:10:25","modified_gmt":"2024-11-30T15:10:25","slug":"raw-lead-free-crystal-glass-ashtray-giftbox","status":"publish","type":"product","link":"https:\/\/kicka.eu\/no\/produkt\/raw-lead-free-crystal-glass-ashtray-giftbox\/","title":{"rendered":"Raw Lead Free Crystal Glass Ashtray"},"content":{"rendered":"","protected":false},"excerpt":{"rendered":"<p>Denna tjocka, kristall, graverade askkoppen gjord av r\u00e5 \u00e4r en high end askkopp perfekt f\u00f6r huset. H\u00e5ll det h\u00e4r p\u00e5 rullande bord eller skrivbord, medan den h\u00e4r v\u00e4rmebest\u00e4ndiga kristallen h\u00e5ller alla de gemensamma, blunts, roaches eller aska.<\/p>\n","protected":false},"featured_media":524,"comment_status":"open","ping_status":"closed","template":"","meta":{"_acf_changed":false,"_et_pb_use_builder":"","_et_pb_old_content":"","_et_gb_content_width":"","om_disable_all_campaigns":false,"_monsterinsights_skip_tracking":false,"_monsterinsights_sitenote_active":false,"_monsterinsights_sitenote_note":"","_monsterinsights_sitenote_category":0,"_uf_show_specific_survey":0,"_uf_disable_surveys":false},"product_cat":[30],"product_tag":[49],"class_list":{"0":"post-41104","1":"product","2":"type-product","3":"status-publish","4":"has-post-thumbnail","6":"product_cat-tillbehor","7":"product_tag-askfat","8":"pa_varumarken-raw","10":"first","11":"onbackorder","12":"taxable","13":"shipping-taxable","14":"purchasable","15":"product-type-simple"},"acf":[],"yoast_head":"<!-- This site is optimized with the Yoast SEO plugin v22.8 - https:\/\/yoast.com\/wordpress\/plugins\/seo\/ -->\n<title>Raw Lead Free Crystal Glass Ashtray - Kicka<\/title>\n<meta name=\"robots\" content=\"index, follow, max-snippet:-1, max-image-preview:large, max-video-preview:-1\" \/>\n<link rel=\"canonical\" href=\"https:\/\/kicka.eu\/no\/produkt\/raw-lead-free-crystal-glass-ashtray-giftbox\/\" \/>\n<meta property=\"og:locale\" content=\"nb_NO\" \/>\n<meta property=\"og:type\" content=\"article\" \/>\n<meta property=\"og:title\" content=\"Raw Lead Free Crystal Glass Ashtray - Kicka\" \/>\n<meta property=\"og:description\" content=\"Denna tjocka, kristall, graverade askkoppen gjord av r\u00e5 \u00e4r en high end askkopp perfekt f\u00f6r huset. H\u00e5ll det h\u00e4r p\u00e5 rullande bord eller skrivbord, medan den h\u00e4r v\u00e4rmebest\u00e4ndiga kristallen h\u00e5ller alla de gemensamma, blunts, roaches eller aska.\" \/>\n<meta property=\"og:url\" content=\"https:\/\/kicka.eu\/no\/produkt\/raw-lead-free-crystal-glass-ashtray-giftbox\/\" \/>\n<meta property=\"og:site_name\" content=\"Kicka\" \/>\n<meta property=\"article:modified_time\" content=\"2024-11-30T15:10:25+00:00\" \/>\n<meta property=\"og:image\" content=\"https:\/\/kicka.eu\/wp-content\/uploads\/2022\/03\/34369.jpeg\" \/>\n\t<meta property=\"og:image:width\" content=\"850\" \/>\n\t<meta property=\"og:image:height\" content=\"850\" \/>\n\t<meta property=\"og:image:type\" content=\"image\/jpeg\" \/>\n<meta name=\"twitter:card\" content=\"summary_large_image\" \/>\n<script type=\"application\/ld+json\" class=\"yoast-schema-graph\">{\"@context\":\"https:\/\/schema.org\",\"@graph\":[{\"@type\":\"WebPage\",\"@id\":\"https:\/\/kicka.eu\/no\/produkt\/raw-lead-free-crystal-glass-ashtray-giftbox\/\",\"url\":\"https:\/\/kicka.eu\/no\/produkt\/raw-lead-free-crystal-glass-ashtray-giftbox\/\",\"name\":\"Raw Lead Free Crystal Glass Ashtray - Kicka\",\"isPartOf\":{\"@id\":\"https:\/\/kicka.eu\/no\/#website\"},\"primaryImageOfPage\":{\"@id\":\"https:\/\/kicka.eu\/no\/produkt\/raw-lead-free-crystal-glass-ashtray-giftbox\/#primaryimage\"},\"image\":{\"@id\":\"https:\/\/kicka.eu\/no\/produkt\/raw-lead-free-crystal-glass-ashtray-giftbox\/#primaryimage\"},\"thumbnailUrl\":\"https:\/\/kicka.eu\/wp-content\/uploads\/2022\/03\/34369.jpeg\",\"datePublished\":\"2023-05-18T20:27:12+00:00\",\"dateModified\":\"2024-11-30T15:10:25+00:00\",\"breadcrumb\":{\"@id\":\"https:\/\/kicka.eu\/no\/produkt\/raw-lead-free-crystal-glass-ashtray-giftbox\/#breadcrumb\"},\"inLanguage\":\"nb-NO\",\"potentialAction\":[{\"@type\":\"ReadAction\",\"target\":[\"https:\/\/kicka.eu\/no\/produkt\/raw-lead-free-crystal-glass-ashtray-giftbox\/\"]}]},{\"@type\":\"ImageObject\",\"inLanguage\":\"nb-NO\",\"@id\":\"https:\/\/kicka.eu\/no\/produkt\/raw-lead-free-crystal-glass-ashtray-giftbox\/#primaryimage\",\"url\":\"https:\/\/kicka.eu\/wp-content\/uploads\/2022\/03\/34369.jpeg\",\"contentUrl\":\"https:\/\/kicka.eu\/wp-content\/uploads\/2022\/03\/34369.jpeg\",\"width\":850,\"height\":850},{\"@type\":\"BreadcrumbList\",\"@id\":\"https:\/\/kicka.eu\/no\/produkt\/raw-lead-free-crystal-glass-ashtray-giftbox\/#breadcrumb\",\"itemListElement\":[{\"@type\":\"ListItem\",\"position\":1,\"name\":\"Home\",\"item\":\"https:\/\/kicka.eu\/no\/\"},{\"@type\":\"ListItem\",\"position\":2,\"name\":\"Butik\",\"item\":\"https:\/\/kicka.eu\/sv\/shop\/\"},{\"@type\":\"ListItem\",\"position\":3,\"name\":\"Raw Lead Free Crystal Glass Ashtray\"}]},{\"@type\":\"WebSite\",\"@id\":\"https:\/\/kicka.eu\/no\/#website\",\"url\":\"https:\/\/kicka.eu\/no\/\",\"name\":\"Kicka\",\"description\":\"Online Headshop\",\"publisher\":{\"@id\":\"https:\/\/kicka.eu\/no\/#organization\"},\"potentialAction\":[{\"@type\":\"SearchAction\",\"target\":{\"@type\":\"EntryPoint\",\"urlTemplate\":\"https:\/\/kicka.eu\/no\/?s={search_term_string}\"},\"query-input\":\"required name=search_term_string\"}],\"inLanguage\":\"nb-NO\"},{\"@type\":\"Organization\",\"@id\":\"https:\/\/kicka.eu\/no\/#organization\",\"name\":\"Kicka\",\"url\":\"https:\/\/kicka.eu\/no\/\",\"logo\":{\"@type\":\"ImageObject\",\"inLanguage\":\"nb-NO\",\"@id\":\"https:\/\/kicka.eu\/no\/#\/schema\/logo\/image\/\",\"url\":\"https:\/\/kicka.eu\/wp-content\/uploads\/2023\/08\/Kicka-Logo.png\",\"contentUrl\":\"https:\/\/kicka.eu\/wp-content\/uploads\/2023\/08\/Kicka-Logo.png\",\"width\":233,\"height\":233,\"caption\":\"Kicka\"},\"image\":{\"@id\":\"https:\/\/kicka.eu\/no\/#\/schema\/logo\/image\/\"}}]}<\/script>\n<!-- \/ Yoast SEO plugin. -->","yoast_head_json":{"title":"Raw Lead Free Crystal Glass Ashtray - Kicka","robots":{"index":"index","follow":"follow","max-snippet":"max-snippet:-1","max-image-preview":"max-image-preview:large","max-video-preview":"max-video-preview:-1"},"canonical":"https:\/\/kicka.eu\/no\/produkt\/raw-lead-free-crystal-glass-ashtray-giftbox\/","og_locale":"nb_NO","og_type":"article","og_title":"Raw Lead Free Crystal Glass Ashtray - Kicka","og_description":"Denna tjocka, kristall, graverade askkoppen gjord av r\u00e5 \u00e4r en high end askkopp perfekt f\u00f6r huset. H\u00e5ll det h\u00e4r p\u00e5 rullande bord eller skrivbord, medan den h\u00e4r v\u00e4rmebest\u00e4ndiga kristallen h\u00e5ller alla de gemensamma, blunts, roaches eller aska.","og_url":"https:\/\/kicka.eu\/no\/produkt\/raw-lead-free-crystal-glass-ashtray-giftbox\/","og_site_name":"Kicka","article_modified_time":"2024-11-30T15:10:25+00:00","og_image":[{"width":850,"height":850,"url":"https:\/\/kicka.eu\/wp-content\/uploads\/2022\/03\/34369.jpeg","type":"image\/jpeg"}],"twitter_card":"summary_large_image","schema":{"@context":"https:\/\/schema.org","@graph":[{"@type":"WebPage","@id":"https:\/\/kicka.eu\/no\/produkt\/raw-lead-free-crystal-glass-ashtray-giftbox\/","url":"https:\/\/kicka.eu\/no\/produkt\/raw-lead-free-crystal-glass-ashtray-giftbox\/","name":"Raw Lead Free Crystal Glass Ashtray - Kicka","isPartOf":{"@id":"https:\/\/kicka.eu\/no\/#website"},"primaryImageOfPage":{"@id":"https:\/\/kicka.eu\/no\/produkt\/raw-lead-free-crystal-glass-ashtray-giftbox\/#primaryimage"},"image":{"@id":"https:\/\/kicka.eu\/no\/produkt\/raw-lead-free-crystal-glass-ashtray-giftbox\/#primaryimage"},"thumbnailUrl":"https:\/\/kicka.eu\/wp-content\/uploads\/2022\/03\/34369.jpeg","datePublished":"2023-05-18T20:27:12+00:00","dateModified":"2024-11-30T15:10:25+00:00","breadcrumb":{"@id":"https:\/\/kicka.eu\/no\/produkt\/raw-lead-free-crystal-glass-ashtray-giftbox\/#breadcrumb"},"inLanguage":"nb-NO","potentialAction":[{"@type":"ReadAction","target":["https:\/\/kicka.eu\/no\/produkt\/raw-lead-free-crystal-glass-ashtray-giftbox\/"]}]},{"@type":"ImageObject","inLanguage":"nb-NO","@id":"https:\/\/kicka.eu\/no\/produkt\/raw-lead-free-crystal-glass-ashtray-giftbox\/#primaryimage","url":"https:\/\/kicka.eu\/wp-content\/uploads\/2022\/03\/34369.jpeg","contentUrl":"https:\/\/kicka.eu\/wp-content\/uploads\/2022\/03\/34369.jpeg","width":850,"height":850},{"@type":"BreadcrumbList","@id":"https:\/\/kicka.eu\/no\/produkt\/raw-lead-free-crystal-glass-ashtray-giftbox\/#breadcrumb","itemListElement":[{"@type":"ListItem","position":1,"name":"Home","item":"https:\/\/kicka.eu\/no\/"},{"@type":"ListItem","position":2,"name":"Butik","item":"https:\/\/kicka.eu\/sv\/shop\/"},{"@type":"ListItem","position":3,"name":"Raw Lead Free Crystal Glass Ashtray"}]},{"@type":"WebSite","@id":"https:\/\/kicka.eu\/no\/#website","url":"https:\/\/kicka.eu\/no\/","name":"Kicka","description":"Online Headshop","publisher":{"@id":"https:\/\/kicka.eu\/no\/#organization"},"potentialAction":[{"@type":"SearchAction","target":{"@type":"EntryPoint","urlTemplate":"https:\/\/kicka.eu\/no\/?s={search_term_string}"},"query-input":"required name=search_term_string"}],"inLanguage":"nb-NO"},{"@type":"Organization","@id":"https:\/\/kicka.eu\/no\/#organization","name":"Kicka","url":"https:\/\/kicka.eu\/no\/","logo":{"@type":"ImageObject","inLanguage":"nb-NO","@id":"https:\/\/kicka.eu\/no\/#\/schema\/logo\/image\/","url":"https:\/\/kicka.eu\/wp-content\/uploads\/2023\/08\/Kicka-Logo.png","contentUrl":"https:\/\/kicka.eu\/wp-content\/uploads\/2023\/08\/Kicka-Logo.png","width":233,"height":233,"caption":"Kicka"},"image":{"@id":"https:\/\/kicka.eu\/no\/#\/schema\/logo\/image\/"}}]}},"_links":{"self":[{"href":"https:\/\/kicka.eu\/no\/wp-json\/wp\/v2\/product\/41104","targetHints":{"allow":["GET"]}}],"collection":[{"href":"https:\/\/kicka.eu\/no\/wp-json\/wp\/v2\/product"}],"about":[{"href":"https:\/\/kicka.eu\/no\/wp-json\/wp\/v2\/types\/product"}],"replies":[{"embeddable":true,"href":"https:\/\/kicka.eu\/no\/wp-json\/wp\/v2\/comments?post=41104"}],"wp:featuredmedia":[{"embeddable":true,"href":"https:\/\/kicka.eu\/no\/wp-json\/wp\/v2\/media\/524"}],"wp:attachment":[{"href":"https:\/\/kicka.eu\/no\/wp-json\/wp\/v2\/media?parent=41104"}],"wp:term":[{"taxonomy":"product_cat","embeddable":true,"href":"https:\/\/kicka.eu\/no\/wp-json\/wp\/v2\/product_cat?post=41104"},{"taxonomy":"product_tag","embeddable":true,"href":"https:\/\/kicka.eu\/no\/wp-json\/wp\/v2\/product_tag?post=41104"}],"curies":[{"name":"wp","href":"https:\/\/api.w.org\/{rel}","templated":true}]}}