{"id":41101,"date":"2023-05-18T22:27:11","date_gmt":"2023-05-18T20:27:11","guid":{"rendered":"https:\/\/kicka.eu\/product\/raw-rolls-3-meters-slim\/"},"modified":"2024-08-18T17:21:19","modified_gmt":"2024-08-18T15:21:19","slug":"raw-rolls-3-meters-slim","status":"publish","type":"product","link":"https:\/\/kicka.eu\/no\/produkt\/raw-rolls-3-meters-slim\/","title":{"rendered":"Raw Rolls 3 Meters Slim"},"content":{"rendered":"","protected":false},"excerpt":{"rendered":"<p>R\u00e5rullar rullande papper p\u00e5 3 meter p\u00e5 en rulle, gjord av rent och obehandlat papper utan skadliga tillsatser. Den best\u00e5r av en blandning av oblekt fibrer, och \u00e4r d\u00e4rf\u00f6r ljusbrun i f\u00e4rg. Ett riktigt hantverkspapper i varje mening av ordet med \u00f6ver 100 \u00e5rs historia, som \u00e4r k\u00e4rleksfullt h\u00e4llt i varje f\u00f6rpackning av naturliga rullande papper som produceras. R\u00e5valspapper \u00e4r s\u00e5 tunt att du kan se igenom det. V\u00e4vnadspapperet har ett speciellt Crisscross vattenst\u00e4mpel. Detta specifika vattenm\u00e4rke garanterar att papperet brinner l\u00e5ngsamt och j\u00e4mnt.<\/p>\n","protected":false},"featured_media":41923,"comment_status":"open","ping_status":"closed","template":"","meta":{"_acf_changed":false,"_et_pb_use_builder":"","_et_pb_old_content":"","_et_gb_content_width":"","om_disable_all_campaigns":false,"_monsterinsights_skip_tracking":false,"_monsterinsights_sitenote_active":false,"_monsterinsights_sitenote_note":"","_monsterinsights_sitenote_category":0,"_uf_show_specific_survey":0,"_uf_disable_surveys":false},"product_cat":[32],"product_tag":[33],"class_list":{"0":"post-41101","1":"product","2":"type-product","3":"status-publish","4":"has-post-thumbnail","6":"product_cat-rullning","7":"product_tag-rullpapper","8":"pa_varumarken-raw","10":"first","11":"onbackorder","12":"taxable","13":"shipping-taxable","14":"purchasable","15":"product-type-simple"},"acf":[],"yoast_head":"<!-- This site is optimized with the Yoast SEO plugin v22.8 - https:\/\/yoast.com\/wordpress\/plugins\/seo\/ -->\n<title>Raw Rolls 3 Meters Slim - Kicka<\/title>\n<meta name=\"robots\" content=\"index, follow, max-snippet:-1, max-image-preview:large, max-video-preview:-1\" \/>\n<link rel=\"canonical\" href=\"https:\/\/kicka.eu\/no\/produkt\/raw-rolls-3-meters-slim\/\" \/>\n<meta property=\"og:locale\" content=\"nb_NO\" \/>\n<meta property=\"og:type\" content=\"article\" \/>\n<meta property=\"og:title\" content=\"Raw Rolls 3 Meters Slim - Kicka\" \/>\n<meta property=\"og:description\" content=\"R\u00e5rullar rullande papper p\u00e5 3 meter p\u00e5 en rulle, gjord av rent och obehandlat papper utan skadliga tillsatser. Den best\u00e5r av en blandning av oblekt fibrer, och \u00e4r d\u00e4rf\u00f6r ljusbrun i f\u00e4rg. Ett riktigt hantverkspapper i varje mening av ordet med \u00f6ver 100 \u00e5rs historia, som \u00e4r k\u00e4rleksfullt h\u00e4llt i varje f\u00f6rpackning av naturliga rullande papper som produceras. R\u00e5valspapper \u00e4r s\u00e5 tunt att du kan se igenom det. V\u00e4vnadspapperet har ett speciellt Crisscross vattenst\u00e4mpel. Detta specifika vattenm\u00e4rke garanterar att papperet brinner l\u00e5ngsamt och j\u00e4mnt.\" \/>\n<meta property=\"og:url\" content=\"https:\/\/kicka.eu\/no\/produkt\/raw-rolls-3-meters-slim\/\" \/>\n<meta property=\"og:site_name\" content=\"Kicka\" \/>\n<meta property=\"article:modified_time\" content=\"2024-08-18T15:21:19+00:00\" \/>\n<meta property=\"og:image\" content=\"https:\/\/kicka.eu\/wp-content\/uploads\/2023\/05\/RL1030-removebg-preview-removebg-preview.jpg\" \/>\n\t<meta property=\"og:image:width\" content=\"500\" \/>\n\t<meta property=\"og:image:height\" content=\"500\" \/>\n\t<meta property=\"og:image:type\" content=\"image\/jpeg\" \/>\n<meta name=\"twitter:card\" content=\"summary_large_image\" \/>\n<script type=\"application\/ld+json\" class=\"yoast-schema-graph\">{\"@context\":\"https:\/\/schema.org\",\"@graph\":[{\"@type\":\"WebPage\",\"@id\":\"https:\/\/kicka.eu\/no\/produkt\/raw-rolls-3-meters-slim\/\",\"url\":\"https:\/\/kicka.eu\/no\/produkt\/raw-rolls-3-meters-slim\/\",\"name\":\"Raw Rolls 3 Meters Slim - Kicka\",\"isPartOf\":{\"@id\":\"https:\/\/kicka.eu\/no\/#website\"},\"primaryImageOfPage\":{\"@id\":\"https:\/\/kicka.eu\/no\/produkt\/raw-rolls-3-meters-slim\/#primaryimage\"},\"image\":{\"@id\":\"https:\/\/kicka.eu\/no\/produkt\/raw-rolls-3-meters-slim\/#primaryimage\"},\"thumbnailUrl\":\"https:\/\/kicka.eu\/wp-content\/uploads\/2023\/05\/RL1030-removebg-preview-removebg-preview.jpg\",\"datePublished\":\"2023-05-18T20:27:11+00:00\",\"dateModified\":\"2024-08-18T15:21:19+00:00\",\"breadcrumb\":{\"@id\":\"https:\/\/kicka.eu\/no\/produkt\/raw-rolls-3-meters-slim\/#breadcrumb\"},\"inLanguage\":\"nb-NO\",\"potentialAction\":[{\"@type\":\"ReadAction\",\"target\":[\"https:\/\/kicka.eu\/no\/produkt\/raw-rolls-3-meters-slim\/\"]}]},{\"@type\":\"ImageObject\",\"inLanguage\":\"nb-NO\",\"@id\":\"https:\/\/kicka.eu\/no\/produkt\/raw-rolls-3-meters-slim\/#primaryimage\",\"url\":\"https:\/\/kicka.eu\/wp-content\/uploads\/2023\/05\/RL1030-removebg-preview-removebg-preview.jpg\",\"contentUrl\":\"https:\/\/kicka.eu\/wp-content\/uploads\/2023\/05\/RL1030-removebg-preview-removebg-preview.jpg\",\"width\":500,\"height\":500},{\"@type\":\"BreadcrumbList\",\"@id\":\"https:\/\/kicka.eu\/no\/produkt\/raw-rolls-3-meters-slim\/#breadcrumb\",\"itemListElement\":[{\"@type\":\"ListItem\",\"position\":1,\"name\":\"Home\",\"item\":\"https:\/\/kicka.eu\/no\/\"},{\"@type\":\"ListItem\",\"position\":2,\"name\":\"Butik\",\"item\":\"https:\/\/kicka.eu\/sv\/shop\/\"},{\"@type\":\"ListItem\",\"position\":3,\"name\":\"Raw Rolls 3 Meters Slim\"}]},{\"@type\":\"WebSite\",\"@id\":\"https:\/\/kicka.eu\/no\/#website\",\"url\":\"https:\/\/kicka.eu\/no\/\",\"name\":\"Kicka\",\"description\":\"Online Headshop\",\"publisher\":{\"@id\":\"https:\/\/kicka.eu\/no\/#organization\"},\"potentialAction\":[{\"@type\":\"SearchAction\",\"target\":{\"@type\":\"EntryPoint\",\"urlTemplate\":\"https:\/\/kicka.eu\/no\/?s={search_term_string}\"},\"query-input\":\"required name=search_term_string\"}],\"inLanguage\":\"nb-NO\"},{\"@type\":\"Organization\",\"@id\":\"https:\/\/kicka.eu\/no\/#organization\",\"name\":\"Kicka\",\"url\":\"https:\/\/kicka.eu\/no\/\",\"logo\":{\"@type\":\"ImageObject\",\"inLanguage\":\"nb-NO\",\"@id\":\"https:\/\/kicka.eu\/no\/#\/schema\/logo\/image\/\",\"url\":\"https:\/\/kicka.eu\/wp-content\/uploads\/2023\/08\/Kicka-Logo.png\",\"contentUrl\":\"https:\/\/kicka.eu\/wp-content\/uploads\/2023\/08\/Kicka-Logo.png\",\"width\":233,\"height\":233,\"caption\":\"Kicka\"},\"image\":{\"@id\":\"https:\/\/kicka.eu\/no\/#\/schema\/logo\/image\/\"}}]}<\/script>\n<!-- \/ Yoast SEO plugin. -->","yoast_head_json":{"title":"Raw Rolls 3 Meters Slim - Kicka","robots":{"index":"index","follow":"follow","max-snippet":"max-snippet:-1","max-image-preview":"max-image-preview:large","max-video-preview":"max-video-preview:-1"},"canonical":"https:\/\/kicka.eu\/no\/produkt\/raw-rolls-3-meters-slim\/","og_locale":"nb_NO","og_type":"article","og_title":"Raw Rolls 3 Meters Slim - Kicka","og_description":"R\u00e5rullar rullande papper p\u00e5 3 meter p\u00e5 en rulle, gjord av rent och obehandlat papper utan skadliga tillsatser. Den best\u00e5r av en blandning av oblekt fibrer, och \u00e4r d\u00e4rf\u00f6r ljusbrun i f\u00e4rg. Ett riktigt hantverkspapper i varje mening av ordet med \u00f6ver 100 \u00e5rs historia, som \u00e4r k\u00e4rleksfullt h\u00e4llt i varje f\u00f6rpackning av naturliga rullande papper som produceras. R\u00e5valspapper \u00e4r s\u00e5 tunt att du kan se igenom det. V\u00e4vnadspapperet har ett speciellt Crisscross vattenst\u00e4mpel. Detta specifika vattenm\u00e4rke garanterar att papperet brinner l\u00e5ngsamt och j\u00e4mnt.","og_url":"https:\/\/kicka.eu\/no\/produkt\/raw-rolls-3-meters-slim\/","og_site_name":"Kicka","article_modified_time":"2024-08-18T15:21:19+00:00","og_image":[{"width":500,"height":500,"url":"https:\/\/kicka.eu\/wp-content\/uploads\/2023\/05\/RL1030-removebg-preview-removebg-preview.jpg","type":"image\/jpeg"}],"twitter_card":"summary_large_image","schema":{"@context":"https:\/\/schema.org","@graph":[{"@type":"WebPage","@id":"https:\/\/kicka.eu\/no\/produkt\/raw-rolls-3-meters-slim\/","url":"https:\/\/kicka.eu\/no\/produkt\/raw-rolls-3-meters-slim\/","name":"Raw Rolls 3 Meters Slim - Kicka","isPartOf":{"@id":"https:\/\/kicka.eu\/no\/#website"},"primaryImageOfPage":{"@id":"https:\/\/kicka.eu\/no\/produkt\/raw-rolls-3-meters-slim\/#primaryimage"},"image":{"@id":"https:\/\/kicka.eu\/no\/produkt\/raw-rolls-3-meters-slim\/#primaryimage"},"thumbnailUrl":"https:\/\/kicka.eu\/wp-content\/uploads\/2023\/05\/RL1030-removebg-preview-removebg-preview.jpg","datePublished":"2023-05-18T20:27:11+00:00","dateModified":"2024-08-18T15:21:19+00:00","breadcrumb":{"@id":"https:\/\/kicka.eu\/no\/produkt\/raw-rolls-3-meters-slim\/#breadcrumb"},"inLanguage":"nb-NO","potentialAction":[{"@type":"ReadAction","target":["https:\/\/kicka.eu\/no\/produkt\/raw-rolls-3-meters-slim\/"]}]},{"@type":"ImageObject","inLanguage":"nb-NO","@id":"https:\/\/kicka.eu\/no\/produkt\/raw-rolls-3-meters-slim\/#primaryimage","url":"https:\/\/kicka.eu\/wp-content\/uploads\/2023\/05\/RL1030-removebg-preview-removebg-preview.jpg","contentUrl":"https:\/\/kicka.eu\/wp-content\/uploads\/2023\/05\/RL1030-removebg-preview-removebg-preview.jpg","width":500,"height":500},{"@type":"BreadcrumbList","@id":"https:\/\/kicka.eu\/no\/produkt\/raw-rolls-3-meters-slim\/#breadcrumb","itemListElement":[{"@type":"ListItem","position":1,"name":"Home","item":"https:\/\/kicka.eu\/no\/"},{"@type":"ListItem","position":2,"name":"Butik","item":"https:\/\/kicka.eu\/sv\/shop\/"},{"@type":"ListItem","position":3,"name":"Raw Rolls 3 Meters Slim"}]},{"@type":"WebSite","@id":"https:\/\/kicka.eu\/no\/#website","url":"https:\/\/kicka.eu\/no\/","name":"Kicka","description":"Online Headshop","publisher":{"@id":"https:\/\/kicka.eu\/no\/#organization"},"potentialAction":[{"@type":"SearchAction","target":{"@type":"EntryPoint","urlTemplate":"https:\/\/kicka.eu\/no\/?s={search_term_string}"},"query-input":"required name=search_term_string"}],"inLanguage":"nb-NO"},{"@type":"Organization","@id":"https:\/\/kicka.eu\/no\/#organization","name":"Kicka","url":"https:\/\/kicka.eu\/no\/","logo":{"@type":"ImageObject","inLanguage":"nb-NO","@id":"https:\/\/kicka.eu\/no\/#\/schema\/logo\/image\/","url":"https:\/\/kicka.eu\/wp-content\/uploads\/2023\/08\/Kicka-Logo.png","contentUrl":"https:\/\/kicka.eu\/wp-content\/uploads\/2023\/08\/Kicka-Logo.png","width":233,"height":233,"caption":"Kicka"},"image":{"@id":"https:\/\/kicka.eu\/no\/#\/schema\/logo\/image\/"}}]}},"_links":{"self":[{"href":"https:\/\/kicka.eu\/no\/wp-json\/wp\/v2\/product\/41101","targetHints":{"allow":["GET"]}}],"collection":[{"href":"https:\/\/kicka.eu\/no\/wp-json\/wp\/v2\/product"}],"about":[{"href":"https:\/\/kicka.eu\/no\/wp-json\/wp\/v2\/types\/product"}],"replies":[{"embeddable":true,"href":"https:\/\/kicka.eu\/no\/wp-json\/wp\/v2\/comments?post=41101"}],"wp:featuredmedia":[{"embeddable":true,"href":"https:\/\/kicka.eu\/no\/wp-json\/wp\/v2\/media\/41923"}],"wp:attachment":[{"href":"https:\/\/kicka.eu\/no\/wp-json\/wp\/v2\/media?parent=41101"}],"wp:term":[{"taxonomy":"product_cat","embeddable":true,"href":"https:\/\/kicka.eu\/no\/wp-json\/wp\/v2\/product_cat?post=41101"},{"taxonomy":"product_tag","embeddable":true,"href":"https:\/\/kicka.eu\/no\/wp-json\/wp\/v2\/product_tag?post=41101"}],"curies":[{"name":"wp","href":"https:\/\/api.w.org\/{rel}","templated":true}]}}