{"id":41093,"date":"2023-05-18T22:27:10","date_gmt":"2023-05-18T20:27:10","guid":{"rendered":"https:\/\/kicka.eu\/product\/raw-connoisseur-kingsize-med-prerolled-tips\/"},"modified":"2024-01-24T21:00:23","modified_gmt":"2024-01-24T20:00:23","slug":"raw-connoisseur-kingsize-med-prerolled-tips","status":"publish","type":"product","link":"https:\/\/kicka.eu\/no\/produkt\/raw-connoisseur-kingsize-med-prerolled-tips\/","title":{"rendered":"Raw Connoisseur Kingsize Med Prerolled Tips"},"content":{"rendered":"","protected":false},"excerpt":{"rendered":"<p>Raw Organic Connoisseur King size Slims har sina egna tips, och \u00e4r gjorda av ett mycket tunt papper som brinner rent och l\u00e5ngsamt. Det \u00e4r dags att g\u00e5 organiskt med dessa premium specialblandning rullande papper. Dessa verkligt revolutionerande papper \u00e4r v\u00e4rldens f\u00f6rsta ekologiska och veganska rullande papper. Odlas med endast f\u00f6rnybara och h\u00e5llbara metoder och bearbetas med milj\u00f6v\u00e4nliga metoder och f\u00f6rblir oblekt. Papper har rullande h\u00f6gsta patenterade, f\u00f6rebyggande vattenm\u00e4rkesystem med korsv\u00e4vm\u00f6nster och vertikala h\u00e5rdstoppslinjer, f\u00f6r att h\u00e5lla dina r\u00f6ker brinnande l\u00e5ngsamt och j\u00e4mnt, varje g\u00e5ng. Varje dislpay inneh\u00e5ller 24 broschyrer + filtertips.<\/p>\n","protected":false},"featured_media":568,"comment_status":"open","ping_status":"closed","template":"","meta":{"_acf_changed":false,"_et_pb_use_builder":"","_et_pb_old_content":"","_et_gb_content_width":"","om_disable_all_campaigns":false,"_monsterinsights_skip_tracking":false,"_monsterinsights_sitenote_active":false,"_monsterinsights_sitenote_note":"","_monsterinsights_sitenote_category":0,"_uf_show_specific_survey":0,"_uf_disable_surveys":false},"product_cat":[32],"product_tag":[33],"class_list":{"0":"post-41093","1":"product","2":"type-product","3":"status-publish","4":"has-post-thumbnail","6":"product_cat-rullning","7":"product_tag-rullpapper","8":"pa_varumarken-raw","10":"first","11":"instock","12":"taxable","13":"shipping-taxable","14":"purchasable","15":"product-type-simple"},"acf":[],"yoast_head":"<!-- This site is optimized with the Yoast SEO plugin v22.8 - https:\/\/yoast.com\/wordpress\/plugins\/seo\/ -->\n<title>Raw Connoisseur Kingsize Med Prerolled Tips - Kicka<\/title>\n<meta name=\"robots\" content=\"index, follow, max-snippet:-1, max-image-preview:large, max-video-preview:-1\" \/>\n<link rel=\"canonical\" href=\"https:\/\/kicka.eu\/no\/produkt\/raw-connoisseur-kingsize-med-prerolled-tips\/\" \/>\n<meta property=\"og:locale\" content=\"nb_NO\" \/>\n<meta property=\"og:type\" content=\"article\" \/>\n<meta property=\"og:title\" content=\"Raw Connoisseur Kingsize Med Prerolled Tips - Kicka\" \/>\n<meta property=\"og:description\" content=\"Raw Organic Connoisseur King size Slims har sina egna tips, och \u00e4r gjorda av ett mycket tunt papper som brinner rent och l\u00e5ngsamt. Det \u00e4r dags att g\u00e5 organiskt med dessa premium specialblandning rullande papper. Dessa verkligt revolutionerande papper \u00e4r v\u00e4rldens f\u00f6rsta ekologiska och veganska rullande papper. Odlas med endast f\u00f6rnybara och h\u00e5llbara metoder och bearbetas med milj\u00f6v\u00e4nliga metoder och f\u00f6rblir oblekt. Papper har rullande h\u00f6gsta patenterade, f\u00f6rebyggande vattenm\u00e4rkesystem med korsv\u00e4vm\u00f6nster och vertikala h\u00e5rdstoppslinjer, f\u00f6r att h\u00e5lla dina r\u00f6ker brinnande l\u00e5ngsamt och j\u00e4mnt, varje g\u00e5ng. Varje dislpay inneh\u00e5ller 24 broschyrer + filtertips.\" \/>\n<meta property=\"og:url\" content=\"https:\/\/kicka.eu\/no\/produkt\/raw-connoisseur-kingsize-med-prerolled-tips\/\" \/>\n<meta property=\"og:site_name\" content=\"Kicka\" \/>\n<meta property=\"article:modified_time\" content=\"2024-01-24T20:00:23+00:00\" \/>\n<meta property=\"og:image\" content=\"https:\/\/kicka.eu\/wp-content\/uploads\/2022\/03\/RL1865.jpeg\" \/>\n\t<meta property=\"og:image:width\" content=\"400\" \/>\n\t<meta property=\"og:image:height\" content=\"400\" \/>\n\t<meta property=\"og:image:type\" content=\"image\/jpeg\" \/>\n<meta name=\"twitter:card\" content=\"summary_large_image\" \/>\n<script type=\"application\/ld+json\" class=\"yoast-schema-graph\">{\"@context\":\"https:\/\/schema.org\",\"@graph\":[{\"@type\":\"WebPage\",\"@id\":\"https:\/\/kicka.eu\/no\/produkt\/raw-connoisseur-kingsize-med-prerolled-tips\/\",\"url\":\"https:\/\/kicka.eu\/no\/produkt\/raw-connoisseur-kingsize-med-prerolled-tips\/\",\"name\":\"Raw Connoisseur Kingsize Med Prerolled Tips - Kicka\",\"isPartOf\":{\"@id\":\"https:\/\/kicka.eu\/no\/#website\"},\"primaryImageOfPage\":{\"@id\":\"https:\/\/kicka.eu\/no\/produkt\/raw-connoisseur-kingsize-med-prerolled-tips\/#primaryimage\"},\"image\":{\"@id\":\"https:\/\/kicka.eu\/no\/produkt\/raw-connoisseur-kingsize-med-prerolled-tips\/#primaryimage\"},\"thumbnailUrl\":\"https:\/\/kicka.eu\/wp-content\/uploads\/2022\/03\/RL1865.jpeg\",\"datePublished\":\"2023-05-18T20:27:10+00:00\",\"dateModified\":\"2024-01-24T20:00:23+00:00\",\"breadcrumb\":{\"@id\":\"https:\/\/kicka.eu\/no\/produkt\/raw-connoisseur-kingsize-med-prerolled-tips\/#breadcrumb\"},\"inLanguage\":\"nb-NO\",\"potentialAction\":[{\"@type\":\"ReadAction\",\"target\":[\"https:\/\/kicka.eu\/no\/produkt\/raw-connoisseur-kingsize-med-prerolled-tips\/\"]}]},{\"@type\":\"ImageObject\",\"inLanguage\":\"nb-NO\",\"@id\":\"https:\/\/kicka.eu\/no\/produkt\/raw-connoisseur-kingsize-med-prerolled-tips\/#primaryimage\",\"url\":\"https:\/\/kicka.eu\/wp-content\/uploads\/2022\/03\/RL1865.jpeg\",\"contentUrl\":\"https:\/\/kicka.eu\/wp-content\/uploads\/2022\/03\/RL1865.jpeg\",\"width\":400,\"height\":400},{\"@type\":\"BreadcrumbList\",\"@id\":\"https:\/\/kicka.eu\/no\/produkt\/raw-connoisseur-kingsize-med-prerolled-tips\/#breadcrumb\",\"itemListElement\":[{\"@type\":\"ListItem\",\"position\":1,\"name\":\"Home\",\"item\":\"https:\/\/kicka.eu\/no\/\"},{\"@type\":\"ListItem\",\"position\":2,\"name\":\"Butik\",\"item\":\"https:\/\/kicka.eu\/sv\/shop\/\"},{\"@type\":\"ListItem\",\"position\":3,\"name\":\"Raw Connoisseur Kingsize Med Prerolled Tips\"}]},{\"@type\":\"WebSite\",\"@id\":\"https:\/\/kicka.eu\/no\/#website\",\"url\":\"https:\/\/kicka.eu\/no\/\",\"name\":\"Kicka\",\"description\":\"Online Headshop\",\"publisher\":{\"@id\":\"https:\/\/kicka.eu\/no\/#organization\"},\"potentialAction\":[{\"@type\":\"SearchAction\",\"target\":{\"@type\":\"EntryPoint\",\"urlTemplate\":\"https:\/\/kicka.eu\/no\/?s={search_term_string}\"},\"query-input\":\"required name=search_term_string\"}],\"inLanguage\":\"nb-NO\"},{\"@type\":\"Organization\",\"@id\":\"https:\/\/kicka.eu\/no\/#organization\",\"name\":\"Kicka\",\"url\":\"https:\/\/kicka.eu\/no\/\",\"logo\":{\"@type\":\"ImageObject\",\"inLanguage\":\"nb-NO\",\"@id\":\"https:\/\/kicka.eu\/no\/#\/schema\/logo\/image\/\",\"url\":\"https:\/\/kicka.eu\/wp-content\/uploads\/2023\/08\/Kicka-Logo.png\",\"contentUrl\":\"https:\/\/kicka.eu\/wp-content\/uploads\/2023\/08\/Kicka-Logo.png\",\"width\":233,\"height\":233,\"caption\":\"Kicka\"},\"image\":{\"@id\":\"https:\/\/kicka.eu\/no\/#\/schema\/logo\/image\/\"}}]}<\/script>\n<!-- \/ Yoast SEO plugin. -->","yoast_head_json":{"title":"Raw Connoisseur Kingsize Med Prerolled Tips - Kicka","robots":{"index":"index","follow":"follow","max-snippet":"max-snippet:-1","max-image-preview":"max-image-preview:large","max-video-preview":"max-video-preview:-1"},"canonical":"https:\/\/kicka.eu\/no\/produkt\/raw-connoisseur-kingsize-med-prerolled-tips\/","og_locale":"nb_NO","og_type":"article","og_title":"Raw Connoisseur Kingsize Med Prerolled Tips - Kicka","og_description":"Raw Organic Connoisseur King size Slims har sina egna tips, och \u00e4r gjorda av ett mycket tunt papper som brinner rent och l\u00e5ngsamt. Det \u00e4r dags att g\u00e5 organiskt med dessa premium specialblandning rullande papper. Dessa verkligt revolutionerande papper \u00e4r v\u00e4rldens f\u00f6rsta ekologiska och veganska rullande papper. Odlas med endast f\u00f6rnybara och h\u00e5llbara metoder och bearbetas med milj\u00f6v\u00e4nliga metoder och f\u00f6rblir oblekt. Papper har rullande h\u00f6gsta patenterade, f\u00f6rebyggande vattenm\u00e4rkesystem med korsv\u00e4vm\u00f6nster och vertikala h\u00e5rdstoppslinjer, f\u00f6r att h\u00e5lla dina r\u00f6ker brinnande l\u00e5ngsamt och j\u00e4mnt, varje g\u00e5ng. Varje dislpay inneh\u00e5ller 24 broschyrer + filtertips.","og_url":"https:\/\/kicka.eu\/no\/produkt\/raw-connoisseur-kingsize-med-prerolled-tips\/","og_site_name":"Kicka","article_modified_time":"2024-01-24T20:00:23+00:00","og_image":[{"width":400,"height":400,"url":"https:\/\/kicka.eu\/wp-content\/uploads\/2022\/03\/RL1865.jpeg","type":"image\/jpeg"}],"twitter_card":"summary_large_image","schema":{"@context":"https:\/\/schema.org","@graph":[{"@type":"WebPage","@id":"https:\/\/kicka.eu\/no\/produkt\/raw-connoisseur-kingsize-med-prerolled-tips\/","url":"https:\/\/kicka.eu\/no\/produkt\/raw-connoisseur-kingsize-med-prerolled-tips\/","name":"Raw Connoisseur Kingsize Med Prerolled Tips - Kicka","isPartOf":{"@id":"https:\/\/kicka.eu\/no\/#website"},"primaryImageOfPage":{"@id":"https:\/\/kicka.eu\/no\/produkt\/raw-connoisseur-kingsize-med-prerolled-tips\/#primaryimage"},"image":{"@id":"https:\/\/kicka.eu\/no\/produkt\/raw-connoisseur-kingsize-med-prerolled-tips\/#primaryimage"},"thumbnailUrl":"https:\/\/kicka.eu\/wp-content\/uploads\/2022\/03\/RL1865.jpeg","datePublished":"2023-05-18T20:27:10+00:00","dateModified":"2024-01-24T20:00:23+00:00","breadcrumb":{"@id":"https:\/\/kicka.eu\/no\/produkt\/raw-connoisseur-kingsize-med-prerolled-tips\/#breadcrumb"},"inLanguage":"nb-NO","potentialAction":[{"@type":"ReadAction","target":["https:\/\/kicka.eu\/no\/produkt\/raw-connoisseur-kingsize-med-prerolled-tips\/"]}]},{"@type":"ImageObject","inLanguage":"nb-NO","@id":"https:\/\/kicka.eu\/no\/produkt\/raw-connoisseur-kingsize-med-prerolled-tips\/#primaryimage","url":"https:\/\/kicka.eu\/wp-content\/uploads\/2022\/03\/RL1865.jpeg","contentUrl":"https:\/\/kicka.eu\/wp-content\/uploads\/2022\/03\/RL1865.jpeg","width":400,"height":400},{"@type":"BreadcrumbList","@id":"https:\/\/kicka.eu\/no\/produkt\/raw-connoisseur-kingsize-med-prerolled-tips\/#breadcrumb","itemListElement":[{"@type":"ListItem","position":1,"name":"Home","item":"https:\/\/kicka.eu\/no\/"},{"@type":"ListItem","position":2,"name":"Butik","item":"https:\/\/kicka.eu\/sv\/shop\/"},{"@type":"ListItem","position":3,"name":"Raw Connoisseur Kingsize Med Prerolled Tips"}]},{"@type":"WebSite","@id":"https:\/\/kicka.eu\/no\/#website","url":"https:\/\/kicka.eu\/no\/","name":"Kicka","description":"Online Headshop","publisher":{"@id":"https:\/\/kicka.eu\/no\/#organization"},"potentialAction":[{"@type":"SearchAction","target":{"@type":"EntryPoint","urlTemplate":"https:\/\/kicka.eu\/no\/?s={search_term_string}"},"query-input":"required name=search_term_string"}],"inLanguage":"nb-NO"},{"@type":"Organization","@id":"https:\/\/kicka.eu\/no\/#organization","name":"Kicka","url":"https:\/\/kicka.eu\/no\/","logo":{"@type":"ImageObject","inLanguage":"nb-NO","@id":"https:\/\/kicka.eu\/no\/#\/schema\/logo\/image\/","url":"https:\/\/kicka.eu\/wp-content\/uploads\/2023\/08\/Kicka-Logo.png","contentUrl":"https:\/\/kicka.eu\/wp-content\/uploads\/2023\/08\/Kicka-Logo.png","width":233,"height":233,"caption":"Kicka"},"image":{"@id":"https:\/\/kicka.eu\/no\/#\/schema\/logo\/image\/"}}]}},"_links":{"self":[{"href":"https:\/\/kicka.eu\/no\/wp-json\/wp\/v2\/product\/41093","targetHints":{"allow":["GET"]}}],"collection":[{"href":"https:\/\/kicka.eu\/no\/wp-json\/wp\/v2\/product"}],"about":[{"href":"https:\/\/kicka.eu\/no\/wp-json\/wp\/v2\/types\/product"}],"replies":[{"embeddable":true,"href":"https:\/\/kicka.eu\/no\/wp-json\/wp\/v2\/comments?post=41093"}],"wp:featuredmedia":[{"embeddable":true,"href":"https:\/\/kicka.eu\/no\/wp-json\/wp\/v2\/media\/568"}],"wp:attachment":[{"href":"https:\/\/kicka.eu\/no\/wp-json\/wp\/v2\/media?parent=41093"}],"wp:term":[{"taxonomy":"product_cat","embeddable":true,"href":"https:\/\/kicka.eu\/no\/wp-json\/wp\/v2\/product_cat?post=41093"},{"taxonomy":"product_tag","embeddable":true,"href":"https:\/\/kicka.eu\/no\/wp-json\/wp\/v2\/product_tag?post=41093"}],"curies":[{"name":"wp","href":"https:\/\/api.w.org\/{rel}","templated":true}]}}