{"id":41011,"date":"2023-05-18T22:26:51","date_gmt":"2023-05-18T20:26:51","guid":{"rendered":"https:\/\/kicka.eu\/product\/juicy-jays-kingsize-green-apple\/"},"modified":"2024-06-30T14:43:53","modified_gmt":"2024-06-30T12:43:53","slug":"juicy-jays-kingsize-green-apple","status":"publish","type":"product","link":"https:\/\/kicka.eu\/no\/produkt\/juicy-jays-kingsize-green-apple\/","title":{"rendered":"Juicy Jay&#8217;s Kingsize Green Apple"},"content":{"rendered":"","protected":false},"excerpt":{"rendered":"<p>Dessa saftiga JAYs gr\u00f6na \u00e4pple \u00e4r perfekta f\u00f6r parning med dina b\u00e4sta lagliga r\u00f6knings \u00f6rter. Rulla ditt fyllmedel i dessa rullande papper, och f\u00f6rbered dig f\u00f6r en fantastisk r\u00f6k som har anteckningar av saftiga \u00e4pplen som kompletterar v\u00e4xtbaseringen. Finns i ett 1 1\/4 och kung storlekspaket med 32 blad per f\u00f6rpackning och 24 f\u00f6rpackningar f\u00f6r en fullst\u00e4ndig l\u00e5da.<\/p>\n","protected":false},"featured_media":591,"comment_status":"open","ping_status":"closed","template":"","meta":{"_acf_changed":false,"_et_pb_use_builder":"","_et_pb_old_content":"","_et_gb_content_width":"","om_disable_all_campaigns":false,"_monsterinsights_skip_tracking":false,"_monsterinsights_sitenote_active":false,"_monsterinsights_sitenote_note":"","_monsterinsights_sitenote_category":0,"_uf_show_specific_survey":0,"_uf_disable_surveys":false},"product_cat":[32],"product_tag":[33],"class_list":{"0":"post-41011","1":"product","2":"type-product","3":"status-publish","4":"has-post-thumbnail","6":"product_cat-rullning","7":"product_tag-rullpapper","8":"pa_varumarken-juicy-jays","10":"first","11":"instock","12":"taxable","13":"shipping-taxable","14":"purchasable","15":"product-type-simple"},"acf":[],"yoast_head":"<!-- This site is optimized with the Yoast SEO plugin v22.8 - https:\/\/yoast.com\/wordpress\/plugins\/seo\/ -->\n<title>Juicy Jay&#039;s Kingsize Green Apple - Kicka<\/title>\n<meta name=\"robots\" content=\"index, follow, max-snippet:-1, max-image-preview:large, max-video-preview:-1\" \/>\n<link rel=\"canonical\" href=\"https:\/\/kicka.eu\/no\/produkt\/juicy-jays-kingsize-green-apple\/\" \/>\n<meta property=\"og:locale\" content=\"nb_NO\" \/>\n<meta property=\"og:type\" content=\"article\" \/>\n<meta property=\"og:title\" content=\"Juicy Jay&#039;s Kingsize Green Apple - Kicka\" \/>\n<meta property=\"og:description\" content=\"Dessa saftiga JAYs gr\u00f6na \u00e4pple \u00e4r perfekta f\u00f6r parning med dina b\u00e4sta lagliga r\u00f6knings \u00f6rter. Rulla ditt fyllmedel i dessa rullande papper, och f\u00f6rbered dig f\u00f6r en fantastisk r\u00f6k som har anteckningar av saftiga \u00e4pplen som kompletterar v\u00e4xtbaseringen. Finns i ett 1 1\/4 och kung storlekspaket med 32 blad per f\u00f6rpackning och 24 f\u00f6rpackningar f\u00f6r en fullst\u00e4ndig l\u00e5da.\" \/>\n<meta property=\"og:url\" content=\"https:\/\/kicka.eu\/no\/produkt\/juicy-jays-kingsize-green-apple\/\" \/>\n<meta property=\"og:site_name\" content=\"Kicka\" \/>\n<meta property=\"article:modified_time\" content=\"2024-06-30T12:43:53+00:00\" \/>\n<meta property=\"og:image\" content=\"https:\/\/kicka.eu\/wp-content\/uploads\/2022\/03\/RL2450.jpeg\" \/>\n\t<meta property=\"og:image:width\" content=\"850\" \/>\n\t<meta property=\"og:image:height\" content=\"850\" \/>\n\t<meta property=\"og:image:type\" content=\"image\/jpeg\" \/>\n<meta name=\"twitter:card\" content=\"summary_large_image\" \/>\n<script type=\"application\/ld+json\" class=\"yoast-schema-graph\">{\"@context\":\"https:\/\/schema.org\",\"@graph\":[{\"@type\":\"WebPage\",\"@id\":\"https:\/\/kicka.eu\/no\/produkt\/juicy-jays-kingsize-green-apple\/\",\"url\":\"https:\/\/kicka.eu\/no\/produkt\/juicy-jays-kingsize-green-apple\/\",\"name\":\"Juicy Jay's Kingsize Green Apple - Kicka\",\"isPartOf\":{\"@id\":\"https:\/\/kicka.eu\/no\/#website\"},\"primaryImageOfPage\":{\"@id\":\"https:\/\/kicka.eu\/no\/produkt\/juicy-jays-kingsize-green-apple\/#primaryimage\"},\"image\":{\"@id\":\"https:\/\/kicka.eu\/no\/produkt\/juicy-jays-kingsize-green-apple\/#primaryimage\"},\"thumbnailUrl\":\"https:\/\/kicka.eu\/wp-content\/uploads\/2022\/03\/RL2450.jpeg\",\"datePublished\":\"2023-05-18T20:26:51+00:00\",\"dateModified\":\"2024-06-30T12:43:53+00:00\",\"breadcrumb\":{\"@id\":\"https:\/\/kicka.eu\/no\/produkt\/juicy-jays-kingsize-green-apple\/#breadcrumb\"},\"inLanguage\":\"nb-NO\",\"potentialAction\":[{\"@type\":\"ReadAction\",\"target\":[\"https:\/\/kicka.eu\/no\/produkt\/juicy-jays-kingsize-green-apple\/\"]}]},{\"@type\":\"ImageObject\",\"inLanguage\":\"nb-NO\",\"@id\":\"https:\/\/kicka.eu\/no\/produkt\/juicy-jays-kingsize-green-apple\/#primaryimage\",\"url\":\"https:\/\/kicka.eu\/wp-content\/uploads\/2022\/03\/RL2450.jpeg\",\"contentUrl\":\"https:\/\/kicka.eu\/wp-content\/uploads\/2022\/03\/RL2450.jpeg\",\"width\":850,\"height\":850},{\"@type\":\"BreadcrumbList\",\"@id\":\"https:\/\/kicka.eu\/no\/produkt\/juicy-jays-kingsize-green-apple\/#breadcrumb\",\"itemListElement\":[{\"@type\":\"ListItem\",\"position\":1,\"name\":\"Home\",\"item\":\"https:\/\/kicka.eu\/no\/\"},{\"@type\":\"ListItem\",\"position\":2,\"name\":\"Butik\",\"item\":\"https:\/\/kicka.eu\/sv\/shop\/\"},{\"@type\":\"ListItem\",\"position\":3,\"name\":\"Juicy Jay&#8217;s Kingsize Green Apple\"}]},{\"@type\":\"WebSite\",\"@id\":\"https:\/\/kicka.eu\/no\/#website\",\"url\":\"https:\/\/kicka.eu\/no\/\",\"name\":\"Kicka\",\"description\":\"Online Headshop\",\"publisher\":{\"@id\":\"https:\/\/kicka.eu\/no\/#organization\"},\"potentialAction\":[{\"@type\":\"SearchAction\",\"target\":{\"@type\":\"EntryPoint\",\"urlTemplate\":\"https:\/\/kicka.eu\/no\/?s={search_term_string}\"},\"query-input\":\"required name=search_term_string\"}],\"inLanguage\":\"nb-NO\"},{\"@type\":\"Organization\",\"@id\":\"https:\/\/kicka.eu\/no\/#organization\",\"name\":\"Kicka\",\"url\":\"https:\/\/kicka.eu\/no\/\",\"logo\":{\"@type\":\"ImageObject\",\"inLanguage\":\"nb-NO\",\"@id\":\"https:\/\/kicka.eu\/no\/#\/schema\/logo\/image\/\",\"url\":\"https:\/\/kicka.eu\/wp-content\/uploads\/2023\/08\/Kicka-Logo.png\",\"contentUrl\":\"https:\/\/kicka.eu\/wp-content\/uploads\/2023\/08\/Kicka-Logo.png\",\"width\":233,\"height\":233,\"caption\":\"Kicka\"},\"image\":{\"@id\":\"https:\/\/kicka.eu\/no\/#\/schema\/logo\/image\/\"}}]}<\/script>\n<!-- \/ Yoast SEO plugin. -->","yoast_head_json":{"title":"Juicy Jay's Kingsize Green Apple - Kicka","robots":{"index":"index","follow":"follow","max-snippet":"max-snippet:-1","max-image-preview":"max-image-preview:large","max-video-preview":"max-video-preview:-1"},"canonical":"https:\/\/kicka.eu\/no\/produkt\/juicy-jays-kingsize-green-apple\/","og_locale":"nb_NO","og_type":"article","og_title":"Juicy Jay's Kingsize Green Apple - Kicka","og_description":"Dessa saftiga JAYs gr\u00f6na \u00e4pple \u00e4r perfekta f\u00f6r parning med dina b\u00e4sta lagliga r\u00f6knings \u00f6rter. Rulla ditt fyllmedel i dessa rullande papper, och f\u00f6rbered dig f\u00f6r en fantastisk r\u00f6k som har anteckningar av saftiga \u00e4pplen som kompletterar v\u00e4xtbaseringen. Finns i ett 1 1\/4 och kung storlekspaket med 32 blad per f\u00f6rpackning och 24 f\u00f6rpackningar f\u00f6r en fullst\u00e4ndig l\u00e5da.","og_url":"https:\/\/kicka.eu\/no\/produkt\/juicy-jays-kingsize-green-apple\/","og_site_name":"Kicka","article_modified_time":"2024-06-30T12:43:53+00:00","og_image":[{"width":850,"height":850,"url":"https:\/\/kicka.eu\/wp-content\/uploads\/2022\/03\/RL2450.jpeg","type":"image\/jpeg"}],"twitter_card":"summary_large_image","schema":{"@context":"https:\/\/schema.org","@graph":[{"@type":"WebPage","@id":"https:\/\/kicka.eu\/no\/produkt\/juicy-jays-kingsize-green-apple\/","url":"https:\/\/kicka.eu\/no\/produkt\/juicy-jays-kingsize-green-apple\/","name":"Juicy Jay's Kingsize Green Apple - Kicka","isPartOf":{"@id":"https:\/\/kicka.eu\/no\/#website"},"primaryImageOfPage":{"@id":"https:\/\/kicka.eu\/no\/produkt\/juicy-jays-kingsize-green-apple\/#primaryimage"},"image":{"@id":"https:\/\/kicka.eu\/no\/produkt\/juicy-jays-kingsize-green-apple\/#primaryimage"},"thumbnailUrl":"https:\/\/kicka.eu\/wp-content\/uploads\/2022\/03\/RL2450.jpeg","datePublished":"2023-05-18T20:26:51+00:00","dateModified":"2024-06-30T12:43:53+00:00","breadcrumb":{"@id":"https:\/\/kicka.eu\/no\/produkt\/juicy-jays-kingsize-green-apple\/#breadcrumb"},"inLanguage":"nb-NO","potentialAction":[{"@type":"ReadAction","target":["https:\/\/kicka.eu\/no\/produkt\/juicy-jays-kingsize-green-apple\/"]}]},{"@type":"ImageObject","inLanguage":"nb-NO","@id":"https:\/\/kicka.eu\/no\/produkt\/juicy-jays-kingsize-green-apple\/#primaryimage","url":"https:\/\/kicka.eu\/wp-content\/uploads\/2022\/03\/RL2450.jpeg","contentUrl":"https:\/\/kicka.eu\/wp-content\/uploads\/2022\/03\/RL2450.jpeg","width":850,"height":850},{"@type":"BreadcrumbList","@id":"https:\/\/kicka.eu\/no\/produkt\/juicy-jays-kingsize-green-apple\/#breadcrumb","itemListElement":[{"@type":"ListItem","position":1,"name":"Home","item":"https:\/\/kicka.eu\/no\/"},{"@type":"ListItem","position":2,"name":"Butik","item":"https:\/\/kicka.eu\/sv\/shop\/"},{"@type":"ListItem","position":3,"name":"Juicy Jay&#8217;s Kingsize Green Apple"}]},{"@type":"WebSite","@id":"https:\/\/kicka.eu\/no\/#website","url":"https:\/\/kicka.eu\/no\/","name":"Kicka","description":"Online Headshop","publisher":{"@id":"https:\/\/kicka.eu\/no\/#organization"},"potentialAction":[{"@type":"SearchAction","target":{"@type":"EntryPoint","urlTemplate":"https:\/\/kicka.eu\/no\/?s={search_term_string}"},"query-input":"required name=search_term_string"}],"inLanguage":"nb-NO"},{"@type":"Organization","@id":"https:\/\/kicka.eu\/no\/#organization","name":"Kicka","url":"https:\/\/kicka.eu\/no\/","logo":{"@type":"ImageObject","inLanguage":"nb-NO","@id":"https:\/\/kicka.eu\/no\/#\/schema\/logo\/image\/","url":"https:\/\/kicka.eu\/wp-content\/uploads\/2023\/08\/Kicka-Logo.png","contentUrl":"https:\/\/kicka.eu\/wp-content\/uploads\/2023\/08\/Kicka-Logo.png","width":233,"height":233,"caption":"Kicka"},"image":{"@id":"https:\/\/kicka.eu\/no\/#\/schema\/logo\/image\/"}}]}},"_links":{"self":[{"href":"https:\/\/kicka.eu\/no\/wp-json\/wp\/v2\/product\/41011","targetHints":{"allow":["GET"]}}],"collection":[{"href":"https:\/\/kicka.eu\/no\/wp-json\/wp\/v2\/product"}],"about":[{"href":"https:\/\/kicka.eu\/no\/wp-json\/wp\/v2\/types\/product"}],"replies":[{"embeddable":true,"href":"https:\/\/kicka.eu\/no\/wp-json\/wp\/v2\/comments?post=41011"}],"wp:featuredmedia":[{"embeddable":true,"href":"https:\/\/kicka.eu\/no\/wp-json\/wp\/v2\/media\/591"}],"wp:attachment":[{"href":"https:\/\/kicka.eu\/no\/wp-json\/wp\/v2\/media?parent=41011"}],"wp:term":[{"taxonomy":"product_cat","embeddable":true,"href":"https:\/\/kicka.eu\/no\/wp-json\/wp\/v2\/product_cat?post=41011"},{"taxonomy":"product_tag","embeddable":true,"href":"https:\/\/kicka.eu\/no\/wp-json\/wp\/v2\/product_tag?post=41011"}],"curies":[{"name":"wp","href":"https:\/\/api.w.org\/{rel}","templated":true}]}}