{"id":40992,"date":"2023-05-18T22:26:47","date_gmt":"2023-05-18T20:26:47","guid":{"rendered":"https:\/\/kicka.eu\/product\/higher-standards-heavy-duty-spoon\/"},"modified":"2024-01-24T21:37:01","modified_gmt":"2024-01-24T20:37:01","slug":"higher-standards-heavy-duty-spoon","status":"publish","type":"product","link":"https:\/\/kicka.eu\/no\/produkt\/higher-standards-heavy-duty-spoon\/","title":{"rendered":"Higher Standards Heavy Duty Spoon"},"content":{"rendered":"","protected":false},"excerpt":{"rendered":"<p>Detta slitstarka torra \u00f6rtr\u00f6r \u00e4r gjord med 3 mm tjockt, medicinskt borosilikatglas.<\/p>\n<p>Den har en extra stor sk\u00e5l, vilket g\u00f6r det m\u00f6jligt f\u00f6r dina kunder att producera rikliga m\u00e4ngder t\u00e4ta moln och l\u00e5ngvariga sessioner.<\/p>\n<p>Sidans karburatorh\u00e5l och stam \u00e4r konstruerade f\u00f6r optimal luftfl\u00f6de. Det flared munstycket skapar en luftt\u00e4t t\u00e4tning mellan glas och l\u00e4ppar f\u00f6r att inte f\u00e5 n\u00e5gra moln att sl\u00f6sa bort.<\/p>\n<p>Botten av den breda, platta basen s\u00e4kerst\u00e4ller inte bara det tunga skedglasr\u00f6ret f\u00f6rblir uppr\u00e4tt f\u00f6r enkel belastning, men det ger ett bekv\u00e4mt, ergonomiskt och s\u00e4kert grepp.<\/p>\n","protected":false},"featured_media":454,"comment_status":"open","ping_status":"closed","template":"","meta":{"_acf_changed":false,"_et_pb_use_builder":"","_et_pb_old_content":"","_et_gb_content_width":"","om_disable_all_campaigns":false,"_monsterinsights_skip_tracking":false,"_monsterinsights_sitenote_active":false,"_monsterinsights_sitenote_note":"","_monsterinsights_sitenote_category":0,"_uf_show_specific_survey":0,"_uf_disable_surveys":false},"product_cat":[41],"product_tag":[48],"class_list":{"0":"post-40992","1":"product","2":"type-product","3":"status-publish","4":"has-post-thumbnail","6":"product_cat-glas","7":"product_tag-spoon-pipe","8":"pa_varumarken-higher-standards","10":"first","11":"instock","12":"taxable","13":"shipping-taxable","14":"purchasable","15":"product-type-simple"},"acf":[],"yoast_head":"<!-- This site is optimized with the Yoast SEO plugin v22.8 - https:\/\/yoast.com\/wordpress\/plugins\/seo\/ -->\n<title>Higher Standards Heavy Duty Spoon - Kicka<\/title>\n<meta name=\"robots\" content=\"index, follow, max-snippet:-1, max-image-preview:large, max-video-preview:-1\" \/>\n<link rel=\"canonical\" href=\"https:\/\/kicka.eu\/no\/produkt\/higher-standards-heavy-duty-spoon\/\" \/>\n<meta property=\"og:locale\" content=\"nb_NO\" \/>\n<meta property=\"og:type\" content=\"article\" \/>\n<meta property=\"og:title\" content=\"Higher Standards Heavy Duty Spoon - Kicka\" \/>\n<meta property=\"og:description\" content=\"Detta slitstarka torra \u00f6rtr\u00f6r \u00e4r gjord med 3 mm tjockt, medicinskt borosilikatglas.  Den har en extra stor sk\u00e5l, vilket g\u00f6r det m\u00f6jligt f\u00f6r dina kunder att producera rikliga m\u00e4ngder t\u00e4ta moln och l\u00e5ngvariga sessioner.     Sidans karburatorh\u00e5l och stam \u00e4r konstruerade f\u00f6r optimal luftfl\u00f6de. Det flared munstycket skapar en luftt\u00e4t t\u00e4tning mellan glas och l\u00e4ppar f\u00f6r att inte f\u00e5 n\u00e5gra moln att sl\u00f6sa bort.       Botten av den breda, platta basen s\u00e4kerst\u00e4ller inte bara det tunga skedglasr\u00f6ret f\u00f6rblir uppr\u00e4tt f\u00f6r enkel belastning, men det ger ett bekv\u00e4mt, ergonomiskt och s\u00e4kert grepp.\" \/>\n<meta property=\"og:url\" content=\"https:\/\/kicka.eu\/no\/produkt\/higher-standards-heavy-duty-spoon\/\" \/>\n<meta property=\"og:site_name\" content=\"Kicka\" \/>\n<meta property=\"article:modified_time\" content=\"2024-01-24T20:37:01+00:00\" \/>\n<meta property=\"og:image\" content=\"https:\/\/kicka.eu\/wp-content\/uploads\/2022\/03\/19928.jpeg\" \/>\n\t<meta property=\"og:image:width\" content=\"800\" \/>\n\t<meta property=\"og:image:height\" content=\"800\" \/>\n\t<meta property=\"og:image:type\" content=\"image\/jpeg\" \/>\n<meta name=\"twitter:card\" content=\"summary_large_image\" \/>\n<script type=\"application\/ld+json\" class=\"yoast-schema-graph\">{\"@context\":\"https:\/\/schema.org\",\"@graph\":[{\"@type\":\"WebPage\",\"@id\":\"https:\/\/kicka.eu\/no\/produkt\/higher-standards-heavy-duty-spoon\/\",\"url\":\"https:\/\/kicka.eu\/no\/produkt\/higher-standards-heavy-duty-spoon\/\",\"name\":\"Higher Standards Heavy Duty Spoon - Kicka\",\"isPartOf\":{\"@id\":\"https:\/\/kicka.eu\/no\/#website\"},\"primaryImageOfPage\":{\"@id\":\"https:\/\/kicka.eu\/no\/produkt\/higher-standards-heavy-duty-spoon\/#primaryimage\"},\"image\":{\"@id\":\"https:\/\/kicka.eu\/no\/produkt\/higher-standards-heavy-duty-spoon\/#primaryimage\"},\"thumbnailUrl\":\"https:\/\/kicka.eu\/wp-content\/uploads\/2022\/03\/19928.jpeg\",\"datePublished\":\"2023-05-18T20:26:47+00:00\",\"dateModified\":\"2024-01-24T20:37:01+00:00\",\"breadcrumb\":{\"@id\":\"https:\/\/kicka.eu\/no\/produkt\/higher-standards-heavy-duty-spoon\/#breadcrumb\"},\"inLanguage\":\"nb-NO\",\"potentialAction\":[{\"@type\":\"ReadAction\",\"target\":[\"https:\/\/kicka.eu\/no\/produkt\/higher-standards-heavy-duty-spoon\/\"]}]},{\"@type\":\"ImageObject\",\"inLanguage\":\"nb-NO\",\"@id\":\"https:\/\/kicka.eu\/no\/produkt\/higher-standards-heavy-duty-spoon\/#primaryimage\",\"url\":\"https:\/\/kicka.eu\/wp-content\/uploads\/2022\/03\/19928.jpeg\",\"contentUrl\":\"https:\/\/kicka.eu\/wp-content\/uploads\/2022\/03\/19928.jpeg\",\"width\":800,\"height\":800},{\"@type\":\"BreadcrumbList\",\"@id\":\"https:\/\/kicka.eu\/no\/produkt\/higher-standards-heavy-duty-spoon\/#breadcrumb\",\"itemListElement\":[{\"@type\":\"ListItem\",\"position\":1,\"name\":\"Home\",\"item\":\"https:\/\/kicka.eu\/no\/\"},{\"@type\":\"ListItem\",\"position\":2,\"name\":\"Butik\",\"item\":\"https:\/\/kicka.eu\/sv\/shop\/\"},{\"@type\":\"ListItem\",\"position\":3,\"name\":\"Higher Standards Heavy Duty Spoon\"}]},{\"@type\":\"WebSite\",\"@id\":\"https:\/\/kicka.eu\/no\/#website\",\"url\":\"https:\/\/kicka.eu\/no\/\",\"name\":\"Kicka\",\"description\":\"Online Headshop\",\"publisher\":{\"@id\":\"https:\/\/kicka.eu\/no\/#organization\"},\"potentialAction\":[{\"@type\":\"SearchAction\",\"target\":{\"@type\":\"EntryPoint\",\"urlTemplate\":\"https:\/\/kicka.eu\/no\/?s={search_term_string}\"},\"query-input\":\"required name=search_term_string\"}],\"inLanguage\":\"nb-NO\"},{\"@type\":\"Organization\",\"@id\":\"https:\/\/kicka.eu\/no\/#organization\",\"name\":\"Kicka\",\"url\":\"https:\/\/kicka.eu\/no\/\",\"logo\":{\"@type\":\"ImageObject\",\"inLanguage\":\"nb-NO\",\"@id\":\"https:\/\/kicka.eu\/no\/#\/schema\/logo\/image\/\",\"url\":\"https:\/\/kicka.eu\/wp-content\/uploads\/2023\/08\/Kicka-Logo.png\",\"contentUrl\":\"https:\/\/kicka.eu\/wp-content\/uploads\/2023\/08\/Kicka-Logo.png\",\"width\":233,\"height\":233,\"caption\":\"Kicka\"},\"image\":{\"@id\":\"https:\/\/kicka.eu\/no\/#\/schema\/logo\/image\/\"}}]}<\/script>\n<!-- \/ Yoast SEO plugin. -->","yoast_head_json":{"title":"Higher Standards Heavy Duty Spoon - Kicka","robots":{"index":"index","follow":"follow","max-snippet":"max-snippet:-1","max-image-preview":"max-image-preview:large","max-video-preview":"max-video-preview:-1"},"canonical":"https:\/\/kicka.eu\/no\/produkt\/higher-standards-heavy-duty-spoon\/","og_locale":"nb_NO","og_type":"article","og_title":"Higher Standards Heavy Duty Spoon - Kicka","og_description":"Detta slitstarka torra \u00f6rtr\u00f6r \u00e4r gjord med 3 mm tjockt, medicinskt borosilikatglas.  Den har en extra stor sk\u00e5l, vilket g\u00f6r det m\u00f6jligt f\u00f6r dina kunder att producera rikliga m\u00e4ngder t\u00e4ta moln och l\u00e5ngvariga sessioner.     Sidans karburatorh\u00e5l och stam \u00e4r konstruerade f\u00f6r optimal luftfl\u00f6de. Det flared munstycket skapar en luftt\u00e4t t\u00e4tning mellan glas och l\u00e4ppar f\u00f6r att inte f\u00e5 n\u00e5gra moln att sl\u00f6sa bort.       Botten av den breda, platta basen s\u00e4kerst\u00e4ller inte bara det tunga skedglasr\u00f6ret f\u00f6rblir uppr\u00e4tt f\u00f6r enkel belastning, men det ger ett bekv\u00e4mt, ergonomiskt och s\u00e4kert grepp.","og_url":"https:\/\/kicka.eu\/no\/produkt\/higher-standards-heavy-duty-spoon\/","og_site_name":"Kicka","article_modified_time":"2024-01-24T20:37:01+00:00","og_image":[{"width":800,"height":800,"url":"https:\/\/kicka.eu\/wp-content\/uploads\/2022\/03\/19928.jpeg","type":"image\/jpeg"}],"twitter_card":"summary_large_image","schema":{"@context":"https:\/\/schema.org","@graph":[{"@type":"WebPage","@id":"https:\/\/kicka.eu\/no\/produkt\/higher-standards-heavy-duty-spoon\/","url":"https:\/\/kicka.eu\/no\/produkt\/higher-standards-heavy-duty-spoon\/","name":"Higher Standards Heavy Duty Spoon - Kicka","isPartOf":{"@id":"https:\/\/kicka.eu\/no\/#website"},"primaryImageOfPage":{"@id":"https:\/\/kicka.eu\/no\/produkt\/higher-standards-heavy-duty-spoon\/#primaryimage"},"image":{"@id":"https:\/\/kicka.eu\/no\/produkt\/higher-standards-heavy-duty-spoon\/#primaryimage"},"thumbnailUrl":"https:\/\/kicka.eu\/wp-content\/uploads\/2022\/03\/19928.jpeg","datePublished":"2023-05-18T20:26:47+00:00","dateModified":"2024-01-24T20:37:01+00:00","breadcrumb":{"@id":"https:\/\/kicka.eu\/no\/produkt\/higher-standards-heavy-duty-spoon\/#breadcrumb"},"inLanguage":"nb-NO","potentialAction":[{"@type":"ReadAction","target":["https:\/\/kicka.eu\/no\/produkt\/higher-standards-heavy-duty-spoon\/"]}]},{"@type":"ImageObject","inLanguage":"nb-NO","@id":"https:\/\/kicka.eu\/no\/produkt\/higher-standards-heavy-duty-spoon\/#primaryimage","url":"https:\/\/kicka.eu\/wp-content\/uploads\/2022\/03\/19928.jpeg","contentUrl":"https:\/\/kicka.eu\/wp-content\/uploads\/2022\/03\/19928.jpeg","width":800,"height":800},{"@type":"BreadcrumbList","@id":"https:\/\/kicka.eu\/no\/produkt\/higher-standards-heavy-duty-spoon\/#breadcrumb","itemListElement":[{"@type":"ListItem","position":1,"name":"Home","item":"https:\/\/kicka.eu\/no\/"},{"@type":"ListItem","position":2,"name":"Butik","item":"https:\/\/kicka.eu\/sv\/shop\/"},{"@type":"ListItem","position":3,"name":"Higher Standards Heavy Duty Spoon"}]},{"@type":"WebSite","@id":"https:\/\/kicka.eu\/no\/#website","url":"https:\/\/kicka.eu\/no\/","name":"Kicka","description":"Online Headshop","publisher":{"@id":"https:\/\/kicka.eu\/no\/#organization"},"potentialAction":[{"@type":"SearchAction","target":{"@type":"EntryPoint","urlTemplate":"https:\/\/kicka.eu\/no\/?s={search_term_string}"},"query-input":"required name=search_term_string"}],"inLanguage":"nb-NO"},{"@type":"Organization","@id":"https:\/\/kicka.eu\/no\/#organization","name":"Kicka","url":"https:\/\/kicka.eu\/no\/","logo":{"@type":"ImageObject","inLanguage":"nb-NO","@id":"https:\/\/kicka.eu\/no\/#\/schema\/logo\/image\/","url":"https:\/\/kicka.eu\/wp-content\/uploads\/2023\/08\/Kicka-Logo.png","contentUrl":"https:\/\/kicka.eu\/wp-content\/uploads\/2023\/08\/Kicka-Logo.png","width":233,"height":233,"caption":"Kicka"},"image":{"@id":"https:\/\/kicka.eu\/no\/#\/schema\/logo\/image\/"}}]}},"_links":{"self":[{"href":"https:\/\/kicka.eu\/no\/wp-json\/wp\/v2\/product\/40992","targetHints":{"allow":["GET"]}}],"collection":[{"href":"https:\/\/kicka.eu\/no\/wp-json\/wp\/v2\/product"}],"about":[{"href":"https:\/\/kicka.eu\/no\/wp-json\/wp\/v2\/types\/product"}],"replies":[{"embeddable":true,"href":"https:\/\/kicka.eu\/no\/wp-json\/wp\/v2\/comments?post=40992"}],"wp:featuredmedia":[{"embeddable":true,"href":"https:\/\/kicka.eu\/no\/wp-json\/wp\/v2\/media\/454"}],"wp:attachment":[{"href":"https:\/\/kicka.eu\/no\/wp-json\/wp\/v2\/media?parent=40992"}],"wp:term":[{"taxonomy":"product_cat","embeddable":true,"href":"https:\/\/kicka.eu\/no\/wp-json\/wp\/v2\/product_cat?post=40992"},{"taxonomy":"product_tag","embeddable":true,"href":"https:\/\/kicka.eu\/no\/wp-json\/wp\/v2\/product_tag?post=40992"}],"curies":[{"name":"wp","href":"https:\/\/api.w.org\/{rel}","templated":true}]}}