{"id":40917,"date":"2023-05-18T22:26:31","date_gmt":"2023-05-18T20:26:31","guid":{"rendered":"https:\/\/kicka.eu\/product\/dr-greenthumbs-s-x-g-pen-micro\/"},"modified":"2023-08-17T02:48:29","modified_gmt":"2023-08-17T00:48:29","slug":"dr-greenthumbs-s-x-g-pen-micro","status":"publish","type":"product","link":"https:\/\/kicka.eu\/no\/produkt\/dr-greenthumbs-s-x-g-pen-micro\/","title":{"rendered":"Dr. Greenthumb&#8217;s S X G Pen Micro+"},"content":{"rendered":"","protected":false},"excerpt":{"rendered":"<p>    Collab med Dr. Greenthumb s<br \/>\n    B\u00e4rbar f\u00f6r\u00e5ngare<br \/>\n    Dual-Channel Airflow<br \/>\n    Keramisk AirPath &#038; Plate V\u00e4rmare<br \/>\n    Kvartsfartyg<br \/>\n    Uppladdningsbart 850mAh Li-Ion Batteri<br \/>\n    USB-C Laddning<br \/>\n    Avgifter p\u00e5 90 minuter<br \/>\n    Matkvalitets silikonmunstycke<br \/>\n    3 Temperaturinst\u00e4llningar<br \/>\n    Haptisk \u00e5terkoppling<br \/>\n    Manuell aktivering<br \/>\n    10-sekunders automatisk v\u00e4rme<br \/>\n    510-kassettigenk\u00e4nningsteknik<br \/>\n    Inkluderar Hemp resefall<\/p>\n<p>G penna samarbetade med B-Real, Cypress Hill Frontman och Entrepren\u00f6r bakom Dr. Greenthumbs dispensar, f\u00f6r att reimaginera mikro + f\u00f6r\u00e5ngaren. Mikro + \u00e4r konstruerad med 510-patronigenk\u00e4nningsteknik som g\u00f6r det m\u00f6jligt f\u00f6r enheten att identifiera och justera mellan mikro + tanken och traditionella patroner. V\u00e4lj bara fr\u00e5n tre 510 patrontemperaturinst\u00e4llningar: 2,5V, 2,75V och 3,0V.<\/p>\n<p>MICRO + har dubbelkanal luftfl\u00f6de f\u00f6r maximal isolering och kylning. F\u00f6r att s\u00e4kerst\u00e4lla ren smak \u00e4r enheten utformad med en kvartsfodral och keramisk v\u00e4rmeplatta som ger konsekvent v\u00e4rmeapplikation. Enheten erbjuder b\u00e5de manuell aktivering och ett 10-sekunders automatiskt v\u00e4rmemodus.<\/p>\n<p>Micro + Sports ett uppladdningsbart och l\u00e5ngvarigt 850mAh Li-Ion Batteri. USB-C Laddningsfunktion g\u00f6r det m\u00f6jligt f\u00f6r Micro + att ladda upp s\u00e5 lite som 90 minuter.<\/p>\n","protected":false},"featured_media":508,"comment_status":"open","ping_status":"closed","template":"","meta":{"_acf_changed":false,"_et_pb_use_builder":"","_et_pb_old_content":"","_et_gb_content_width":"","om_disable_all_campaigns":false,"_monsterinsights_skip_tracking":false,"_monsterinsights_sitenote_active":false,"_monsterinsights_sitenote_note":"","_monsterinsights_sitenote_category":0,"_uf_show_specific_survey":0,"_uf_disable_surveys":false},"product_cat":[28],"product_tag":[29],"class_list":{"0":"post-40917","1":"product","2":"type-product","3":"status-publish","4":"has-post-thumbnail","6":"product_cat-vape","7":"product_tag-vaporizers","8":"pa_varumarken-g-pen","10":"first","11":"instock","12":"taxable","13":"shipping-taxable","14":"purchasable","15":"product-type-simple"},"acf":[],"yoast_head":"<!-- This site is optimized with the Yoast SEO plugin v22.8 - https:\/\/yoast.com\/wordpress\/plugins\/seo\/ -->\n<title>Dr. Greenthumb&#039;s S X G Pen Micro+ - Kicka<\/title>\n<meta name=\"robots\" content=\"index, follow, max-snippet:-1, max-image-preview:large, max-video-preview:-1\" \/>\n<link rel=\"canonical\" href=\"https:\/\/kicka.eu\/no\/produkt\/dr-greenthumbs-s-x-g-pen-micro\/\" \/>\n<meta property=\"og:locale\" content=\"nb_NO\" \/>\n<meta property=\"og:type\" content=\"article\" \/>\n<meta property=\"og:title\" content=\"Dr. Greenthumb&#039;s S X G Pen Micro+ - Kicka\" \/>\n<meta property=\"og:description\" content=\"Collab med Dr. Greenthumb s   B\u00e4rbar f\u00f6r\u00e5ngare   Dual-Channel Airflow   Keramisk AirPath &amp; Plate V\u00e4rmare   Kvartsfartyg   Uppladdningsbart 850mAh Li-Ion Batteri   USB-C Laddning   Avgifter p\u00e5 90 minuter   Matkvalitets silikonmunstycke   3 Temperaturinst\u00e4llningar   Haptisk \u00e5terkoppling   Manuell aktivering   10-sekunders automatisk v\u00e4rme   510-kassettigenk\u00e4nningsteknik   Inkluderar Hemp resefall  G penna samarbetade med B-Real, Cypress Hill Frontman och Entrepren\u00f6r bakom Dr. Greenthumbs dispensar, f\u00f6r att reimaginera mikro + f\u00f6r\u00e5ngaren. Mikro + \u00e4r konstruerad med 510-patronigenk\u00e4nningsteknik som g\u00f6r det m\u00f6jligt f\u00f6r enheten att identifiera och justera mellan mikro + tanken och traditionella patroner. V\u00e4lj bara fr\u00e5n tre 510 patrontemperaturinst\u00e4llningar: 2,5V, 2,75V och 3,0V.   MICRO + har dubbelkanal luftfl\u00f6de f\u00f6r maximal isolering och kylning. F\u00f6r att s\u00e4kerst\u00e4lla ren smak \u00e4r enheten utformad med en kvartsfodral och keramisk v\u00e4rmeplatta som ger konsekvent v\u00e4rmeapplikation. Enheten erbjuder b\u00e5de manuell aktivering och ett 10-sekunders automatiskt v\u00e4rmemodus.   Micro + Sports ett uppladdningsbart och l\u00e5ngvarigt 850mAh Li-Ion Batteri. USB-C Laddningsfunktion g\u00f6r det m\u00f6jligt f\u00f6r Micro + att ladda upp s\u00e5 lite som 90 minuter.\" \/>\n<meta property=\"og:url\" content=\"https:\/\/kicka.eu\/no\/produkt\/dr-greenthumbs-s-x-g-pen-micro\/\" \/>\n<meta property=\"og:site_name\" content=\"Kicka\" \/>\n<meta property=\"article:modified_time\" content=\"2023-08-17T00:48:29+00:00\" \/>\n<meta property=\"og:image\" content=\"https:\/\/kicka.eu\/wp-content\/uploads\/2022\/03\/20081.jpeg\" \/>\n\t<meta property=\"og:image:width\" content=\"850\" \/>\n\t<meta property=\"og:image:height\" content=\"850\" \/>\n\t<meta property=\"og:image:type\" content=\"image\/jpeg\" \/>\n<meta name=\"twitter:card\" content=\"summary_large_image\" \/>\n<script type=\"application\/ld+json\" class=\"yoast-schema-graph\">{\"@context\":\"https:\/\/schema.org\",\"@graph\":[{\"@type\":\"WebPage\",\"@id\":\"https:\/\/kicka.eu\/no\/produkt\/dr-greenthumbs-s-x-g-pen-micro\/\",\"url\":\"https:\/\/kicka.eu\/no\/produkt\/dr-greenthumbs-s-x-g-pen-micro\/\",\"name\":\"Dr. Greenthumb's S X G Pen Micro+ - Kicka\",\"isPartOf\":{\"@id\":\"https:\/\/kicka.eu\/no\/#website\"},\"primaryImageOfPage\":{\"@id\":\"https:\/\/kicka.eu\/no\/produkt\/dr-greenthumbs-s-x-g-pen-micro\/#primaryimage\"},\"image\":{\"@id\":\"https:\/\/kicka.eu\/no\/produkt\/dr-greenthumbs-s-x-g-pen-micro\/#primaryimage\"},\"thumbnailUrl\":\"https:\/\/kicka.eu\/wp-content\/uploads\/2022\/03\/20081.jpeg\",\"datePublished\":\"2023-05-18T20:26:31+00:00\",\"dateModified\":\"2023-08-17T00:48:29+00:00\",\"breadcrumb\":{\"@id\":\"https:\/\/kicka.eu\/no\/produkt\/dr-greenthumbs-s-x-g-pen-micro\/#breadcrumb\"},\"inLanguage\":\"nb-NO\",\"potentialAction\":[{\"@type\":\"ReadAction\",\"target\":[\"https:\/\/kicka.eu\/no\/produkt\/dr-greenthumbs-s-x-g-pen-micro\/\"]}]},{\"@type\":\"ImageObject\",\"inLanguage\":\"nb-NO\",\"@id\":\"https:\/\/kicka.eu\/no\/produkt\/dr-greenthumbs-s-x-g-pen-micro\/#primaryimage\",\"url\":\"https:\/\/kicka.eu\/wp-content\/uploads\/2022\/03\/20081.jpeg\",\"contentUrl\":\"https:\/\/kicka.eu\/wp-content\/uploads\/2022\/03\/20081.jpeg\",\"width\":850,\"height\":850},{\"@type\":\"BreadcrumbList\",\"@id\":\"https:\/\/kicka.eu\/no\/produkt\/dr-greenthumbs-s-x-g-pen-micro\/#breadcrumb\",\"itemListElement\":[{\"@type\":\"ListItem\",\"position\":1,\"name\":\"Home\",\"item\":\"https:\/\/kicka.eu\/no\/\"},{\"@type\":\"ListItem\",\"position\":2,\"name\":\"Butik\",\"item\":\"https:\/\/kicka.eu\/sv\/shop\/\"},{\"@type\":\"ListItem\",\"position\":3,\"name\":\"Dr. Greenthumb&#8217;s S X G Pen Micro+\"}]},{\"@type\":\"WebSite\",\"@id\":\"https:\/\/kicka.eu\/no\/#website\",\"url\":\"https:\/\/kicka.eu\/no\/\",\"name\":\"Kicka\",\"description\":\"Online Headshop\",\"publisher\":{\"@id\":\"https:\/\/kicka.eu\/no\/#organization\"},\"potentialAction\":[{\"@type\":\"SearchAction\",\"target\":{\"@type\":\"EntryPoint\",\"urlTemplate\":\"https:\/\/kicka.eu\/no\/?s={search_term_string}\"},\"query-input\":\"required name=search_term_string\"}],\"inLanguage\":\"nb-NO\"},{\"@type\":\"Organization\",\"@id\":\"https:\/\/kicka.eu\/no\/#organization\",\"name\":\"Kicka\",\"url\":\"https:\/\/kicka.eu\/no\/\",\"logo\":{\"@type\":\"ImageObject\",\"inLanguage\":\"nb-NO\",\"@id\":\"https:\/\/kicka.eu\/no\/#\/schema\/logo\/image\/\",\"url\":\"https:\/\/kicka.eu\/wp-content\/uploads\/2023\/08\/Kicka-Logo.png\",\"contentUrl\":\"https:\/\/kicka.eu\/wp-content\/uploads\/2023\/08\/Kicka-Logo.png\",\"width\":233,\"height\":233,\"caption\":\"Kicka\"},\"image\":{\"@id\":\"https:\/\/kicka.eu\/no\/#\/schema\/logo\/image\/\"}}]}<\/script>\n<!-- \/ Yoast SEO plugin. -->","yoast_head_json":{"title":"Dr. Greenthumb's S X G Pen Micro+ - Kicka","robots":{"index":"index","follow":"follow","max-snippet":"max-snippet:-1","max-image-preview":"max-image-preview:large","max-video-preview":"max-video-preview:-1"},"canonical":"https:\/\/kicka.eu\/no\/produkt\/dr-greenthumbs-s-x-g-pen-micro\/","og_locale":"nb_NO","og_type":"article","og_title":"Dr. Greenthumb's S X G Pen Micro+ - Kicka","og_description":"Collab med Dr. Greenthumb s   B\u00e4rbar f\u00f6r\u00e5ngare   Dual-Channel Airflow   Keramisk AirPath & Plate V\u00e4rmare   Kvartsfartyg   Uppladdningsbart 850mAh Li-Ion Batteri   USB-C Laddning   Avgifter p\u00e5 90 minuter   Matkvalitets silikonmunstycke   3 Temperaturinst\u00e4llningar   Haptisk \u00e5terkoppling   Manuell aktivering   10-sekunders automatisk v\u00e4rme   510-kassettigenk\u00e4nningsteknik   Inkluderar Hemp resefall  G penna samarbetade med B-Real, Cypress Hill Frontman och Entrepren\u00f6r bakom Dr. Greenthumbs dispensar, f\u00f6r att reimaginera mikro + f\u00f6r\u00e5ngaren. Mikro + \u00e4r konstruerad med 510-patronigenk\u00e4nningsteknik som g\u00f6r det m\u00f6jligt f\u00f6r enheten att identifiera och justera mellan mikro + tanken och traditionella patroner. V\u00e4lj bara fr\u00e5n tre 510 patrontemperaturinst\u00e4llningar: 2,5V, 2,75V och 3,0V.   MICRO + har dubbelkanal luftfl\u00f6de f\u00f6r maximal isolering och kylning. F\u00f6r att s\u00e4kerst\u00e4lla ren smak \u00e4r enheten utformad med en kvartsfodral och keramisk v\u00e4rmeplatta som ger konsekvent v\u00e4rmeapplikation. Enheten erbjuder b\u00e5de manuell aktivering och ett 10-sekunders automatiskt v\u00e4rmemodus.   Micro + Sports ett uppladdningsbart och l\u00e5ngvarigt 850mAh Li-Ion Batteri. USB-C Laddningsfunktion g\u00f6r det m\u00f6jligt f\u00f6r Micro + att ladda upp s\u00e5 lite som 90 minuter.","og_url":"https:\/\/kicka.eu\/no\/produkt\/dr-greenthumbs-s-x-g-pen-micro\/","og_site_name":"Kicka","article_modified_time":"2023-08-17T00:48:29+00:00","og_image":[{"width":850,"height":850,"url":"https:\/\/kicka.eu\/wp-content\/uploads\/2022\/03\/20081.jpeg","type":"image\/jpeg"}],"twitter_card":"summary_large_image","schema":{"@context":"https:\/\/schema.org","@graph":[{"@type":"WebPage","@id":"https:\/\/kicka.eu\/no\/produkt\/dr-greenthumbs-s-x-g-pen-micro\/","url":"https:\/\/kicka.eu\/no\/produkt\/dr-greenthumbs-s-x-g-pen-micro\/","name":"Dr. Greenthumb's S X G Pen Micro+ - Kicka","isPartOf":{"@id":"https:\/\/kicka.eu\/no\/#website"},"primaryImageOfPage":{"@id":"https:\/\/kicka.eu\/no\/produkt\/dr-greenthumbs-s-x-g-pen-micro\/#primaryimage"},"image":{"@id":"https:\/\/kicka.eu\/no\/produkt\/dr-greenthumbs-s-x-g-pen-micro\/#primaryimage"},"thumbnailUrl":"https:\/\/kicka.eu\/wp-content\/uploads\/2022\/03\/20081.jpeg","datePublished":"2023-05-18T20:26:31+00:00","dateModified":"2023-08-17T00:48:29+00:00","breadcrumb":{"@id":"https:\/\/kicka.eu\/no\/produkt\/dr-greenthumbs-s-x-g-pen-micro\/#breadcrumb"},"inLanguage":"nb-NO","potentialAction":[{"@type":"ReadAction","target":["https:\/\/kicka.eu\/no\/produkt\/dr-greenthumbs-s-x-g-pen-micro\/"]}]},{"@type":"ImageObject","inLanguage":"nb-NO","@id":"https:\/\/kicka.eu\/no\/produkt\/dr-greenthumbs-s-x-g-pen-micro\/#primaryimage","url":"https:\/\/kicka.eu\/wp-content\/uploads\/2022\/03\/20081.jpeg","contentUrl":"https:\/\/kicka.eu\/wp-content\/uploads\/2022\/03\/20081.jpeg","width":850,"height":850},{"@type":"BreadcrumbList","@id":"https:\/\/kicka.eu\/no\/produkt\/dr-greenthumbs-s-x-g-pen-micro\/#breadcrumb","itemListElement":[{"@type":"ListItem","position":1,"name":"Home","item":"https:\/\/kicka.eu\/no\/"},{"@type":"ListItem","position":2,"name":"Butik","item":"https:\/\/kicka.eu\/sv\/shop\/"},{"@type":"ListItem","position":3,"name":"Dr. Greenthumb&#8217;s S X G Pen Micro+"}]},{"@type":"WebSite","@id":"https:\/\/kicka.eu\/no\/#website","url":"https:\/\/kicka.eu\/no\/","name":"Kicka","description":"Online Headshop","publisher":{"@id":"https:\/\/kicka.eu\/no\/#organization"},"potentialAction":[{"@type":"SearchAction","target":{"@type":"EntryPoint","urlTemplate":"https:\/\/kicka.eu\/no\/?s={search_term_string}"},"query-input":"required name=search_term_string"}],"inLanguage":"nb-NO"},{"@type":"Organization","@id":"https:\/\/kicka.eu\/no\/#organization","name":"Kicka","url":"https:\/\/kicka.eu\/no\/","logo":{"@type":"ImageObject","inLanguage":"nb-NO","@id":"https:\/\/kicka.eu\/no\/#\/schema\/logo\/image\/","url":"https:\/\/kicka.eu\/wp-content\/uploads\/2023\/08\/Kicka-Logo.png","contentUrl":"https:\/\/kicka.eu\/wp-content\/uploads\/2023\/08\/Kicka-Logo.png","width":233,"height":233,"caption":"Kicka"},"image":{"@id":"https:\/\/kicka.eu\/no\/#\/schema\/logo\/image\/"}}]}},"_links":{"self":[{"href":"https:\/\/kicka.eu\/no\/wp-json\/wp\/v2\/product\/40917","targetHints":{"allow":["GET"]}}],"collection":[{"href":"https:\/\/kicka.eu\/no\/wp-json\/wp\/v2\/product"}],"about":[{"href":"https:\/\/kicka.eu\/no\/wp-json\/wp\/v2\/types\/product"}],"replies":[{"embeddable":true,"href":"https:\/\/kicka.eu\/no\/wp-json\/wp\/v2\/comments?post=40917"}],"wp:featuredmedia":[{"embeddable":true,"href":"https:\/\/kicka.eu\/no\/wp-json\/wp\/v2\/media\/508"}],"wp:attachment":[{"href":"https:\/\/kicka.eu\/no\/wp-json\/wp\/v2\/media?parent=40917"}],"wp:term":[{"taxonomy":"product_cat","embeddable":true,"href":"https:\/\/kicka.eu\/no\/wp-json\/wp\/v2\/product_cat?post=40917"},{"taxonomy":"product_tag","embeddable":true,"href":"https:\/\/kicka.eu\/no\/wp-json\/wp\/v2\/product_tag?post=40917"}],"curies":[{"name":"wp","href":"https:\/\/api.w.org\/{rel}","templated":true}]}}