{"id":40909,"date":"2023-05-18T22:26:27","date_gmt":"2023-05-18T20:26:27","guid":{"rendered":"https:\/\/kicka.eu\/product\/cookies-x-g-pen-micro-batteri\/"},"modified":"2023-08-17T02:51:20","modified_gmt":"2023-08-17T00:51:20","slug":"cookies-x-g-pen-micro-batteri","status":"publish","type":"product","link":"https:\/\/kicka.eu\/no\/produkt\/cookies-x-g-pen-micro-batteri\/","title":{"rendered":"Cookies X G Pen Micro+ Batteri"},"content":{"rendered":"","protected":false},"excerpt":{"rendered":"<p>Autentiskt ers\u00e4ttningsbatteri f\u00f6r cookies X G Pen Micro + b\u00e4rbar koncentratf\u00f6r\u00e5ngare. Detta 850 mAh-batteri har unik smart-chip-teknik som ger kontrollerad och konsekvent v\u00e4rmeapplikation, som inte brinner eller \u00f6verhettar dina dyrbara koncentrat.<\/p>\n<p>Cookies X Micro + -batteriet \u00e4r ocks\u00e5 konstruerat med 510-patronigenk\u00e4nningsteknik, vilket g\u00f6r att enheten kan identifiera och justera mellan cookies X Micro + Tank och traditionella patroner f\u00f6r en optimal f\u00f6r\u00e5ngningsupplevelse. Ansluten till en 510 patron kan cookies X G Pen Micro + -batteri leverera 3 olika niv\u00e5er av intensitet: 2,5 V, 2,75 V och 3,0 V.<\/p>\n<p>USB-C FAST Laddningsfunktion g\u00f6r det m\u00f6jligt f\u00f6r kakorna X Micro + 850MAh litiumjonbatteri att laddas i s\u00e5 lite som 90 minuter.<\/p>\n<p>Funktioner:<\/p>\n<p>    Detta batteri kan anv\u00e4ndas som ers\u00e4ttning f\u00f6r cookies X G Pen Micro + DAB-penna eller som en s\u00e4kerhetskopiering, om du vill anv\u00e4nda f\u00f6r\u00e5ngaren p\u00e5 spr\u00e5ngen under en l\u00e4ngre tid<\/p>\n<p>    Cookies X Micro + Batteriet \u00e4r kompatibelt med traditionella 510 patroner &#8211; det kommer automatiskt att anpassa sig mellan patroner och cookies x G Pen Micro + Tank, s\u00e5 du kan va dina egna koncentrat eller generiska<\/p>\n<p>    Sporting A Type-C USB-port, 850 mAh litiumjonbatteri kan laddas p\u00e5 s\u00e5 lite som 90 minuter. Genomf\u00f6ljande laddningsteknik g\u00f6r att enheten kan anv\u00e4ndas under laddning<\/p>\n<p>Vad finns i boxen:<\/p>\n<p>    1x cookies x g penna micro + batteri<\/p>\n","protected":false},"featured_media":510,"comment_status":"open","ping_status":"closed","template":"","meta":{"_acf_changed":false,"_et_pb_use_builder":"","_et_pb_old_content":"","_et_gb_content_width":"","om_disable_all_campaigns":false,"_monsterinsights_skip_tracking":false,"_monsterinsights_sitenote_active":false,"_monsterinsights_sitenote_note":"","_monsterinsights_sitenote_category":0,"_uf_show_specific_survey":0,"_uf_disable_surveys":false},"product_cat":[28],"product_tag":[37],"class_list":{"0":"post-40909","1":"product","2":"type-product","3":"status-publish","4":"has-post-thumbnail","6":"product_cat-vape","7":"product_tag-vaporizertillbehor","8":"pa_varumarken-g-pen","10":"first","11":"instock","12":"taxable","13":"shipping-taxable","14":"purchasable","15":"product-type-simple"},"acf":[],"yoast_head":"<!-- This site is optimized with the Yoast SEO plugin v22.8 - https:\/\/yoast.com\/wordpress\/plugins\/seo\/ -->\n<title>Cookies X G Pen Micro+ Batteri - Kicka<\/title>\n<meta name=\"robots\" content=\"index, follow, max-snippet:-1, max-image-preview:large, max-video-preview:-1\" \/>\n<link rel=\"canonical\" href=\"https:\/\/kicka.eu\/no\/produkt\/cookies-x-g-pen-micro-batteri\/\" \/>\n<meta property=\"og:locale\" content=\"nb_NO\" \/>\n<meta property=\"og:type\" content=\"article\" \/>\n<meta property=\"og:title\" content=\"Cookies X G Pen Micro+ Batteri - Kicka\" \/>\n<meta property=\"og:description\" content=\"Autentiskt ers\u00e4ttningsbatteri f\u00f6r cookies X G Pen Micro + b\u00e4rbar koncentratf\u00f6r\u00e5ngare. Detta 850 mAh-batteri har unik smart-chip-teknik som ger kontrollerad och konsekvent v\u00e4rmeapplikation, som inte brinner eller \u00f6verhettar dina dyrbara koncentrat.  Cookies X Micro + -batteriet \u00e4r ocks\u00e5 konstruerat med 510-patronigenk\u00e4nningsteknik, vilket g\u00f6r att enheten kan identifiera och justera mellan cookies X Micro + Tank och traditionella patroner f\u00f6r en optimal f\u00f6r\u00e5ngningsupplevelse. Ansluten till en 510 patron kan cookies X G Pen Micro + -batteri leverera 3 olika niv\u00e5er av intensitet: 2,5 V, 2,75 V och 3,0 V.  USB-C FAST Laddningsfunktion g\u00f6r det m\u00f6jligt f\u00f6r kakorna X Micro + 850MAh litiumjonbatteri att laddas i s\u00e5 lite som 90 minuter.  Funktioner:    Detta batteri kan anv\u00e4ndas som ers\u00e4ttning f\u00f6r cookies X G Pen Micro + DAB-penna eller som en s\u00e4kerhetskopiering, om du vill anv\u00e4nda f\u00f6r\u00e5ngaren p\u00e5 spr\u00e5ngen under en l\u00e4ngre tid    Cookies X Micro + Batteriet \u00e4r kompatibelt med traditionella 510 patroner - det kommer automatiskt att anpassa sig mellan patroner och cookies x G Pen Micro + Tank, s\u00e5 du kan va dina egna koncentrat eller generiska    Sporting A Type-C USB-port, 850 mAh litiumjonbatteri kan laddas p\u00e5 s\u00e5 lite som 90 minuter. Genomf\u00f6ljande laddningsteknik g\u00f6r att enheten kan anv\u00e4ndas under laddning  Vad finns i boxen:    1x cookies x g penna micro + batteri\" \/>\n<meta property=\"og:url\" content=\"https:\/\/kicka.eu\/no\/produkt\/cookies-x-g-pen-micro-batteri\/\" \/>\n<meta property=\"og:site_name\" content=\"Kicka\" \/>\n<meta property=\"article:modified_time\" content=\"2023-08-17T00:51:20+00:00\" \/>\n<meta property=\"og:image\" content=\"https:\/\/kicka.eu\/wp-content\/uploads\/2022\/03\/20084.jpeg\" \/>\n\t<meta property=\"og:image:width\" content=\"800\" \/>\n\t<meta property=\"og:image:height\" content=\"800\" \/>\n\t<meta property=\"og:image:type\" content=\"image\/jpeg\" \/>\n<meta name=\"twitter:card\" content=\"summary_large_image\" \/>\n<script type=\"application\/ld+json\" class=\"yoast-schema-graph\">{\"@context\":\"https:\/\/schema.org\",\"@graph\":[{\"@type\":\"WebPage\",\"@id\":\"https:\/\/kicka.eu\/no\/produkt\/cookies-x-g-pen-micro-batteri\/\",\"url\":\"https:\/\/kicka.eu\/no\/produkt\/cookies-x-g-pen-micro-batteri\/\",\"name\":\"Cookies X G Pen Micro+ Batteri - Kicka\",\"isPartOf\":{\"@id\":\"https:\/\/kicka.eu\/no\/#website\"},\"primaryImageOfPage\":{\"@id\":\"https:\/\/kicka.eu\/no\/produkt\/cookies-x-g-pen-micro-batteri\/#primaryimage\"},\"image\":{\"@id\":\"https:\/\/kicka.eu\/no\/produkt\/cookies-x-g-pen-micro-batteri\/#primaryimage\"},\"thumbnailUrl\":\"https:\/\/kicka.eu\/wp-content\/uploads\/2022\/03\/20084.jpeg\",\"datePublished\":\"2023-05-18T20:26:27+00:00\",\"dateModified\":\"2023-08-17T00:51:20+00:00\",\"breadcrumb\":{\"@id\":\"https:\/\/kicka.eu\/no\/produkt\/cookies-x-g-pen-micro-batteri\/#breadcrumb\"},\"inLanguage\":\"nb-NO\",\"potentialAction\":[{\"@type\":\"ReadAction\",\"target\":[\"https:\/\/kicka.eu\/no\/produkt\/cookies-x-g-pen-micro-batteri\/\"]}]},{\"@type\":\"ImageObject\",\"inLanguage\":\"nb-NO\",\"@id\":\"https:\/\/kicka.eu\/no\/produkt\/cookies-x-g-pen-micro-batteri\/#primaryimage\",\"url\":\"https:\/\/kicka.eu\/wp-content\/uploads\/2022\/03\/20084.jpeg\",\"contentUrl\":\"https:\/\/kicka.eu\/wp-content\/uploads\/2022\/03\/20084.jpeg\",\"width\":800,\"height\":800},{\"@type\":\"BreadcrumbList\",\"@id\":\"https:\/\/kicka.eu\/no\/produkt\/cookies-x-g-pen-micro-batteri\/#breadcrumb\",\"itemListElement\":[{\"@type\":\"ListItem\",\"position\":1,\"name\":\"Home\",\"item\":\"https:\/\/kicka.eu\/no\/\"},{\"@type\":\"ListItem\",\"position\":2,\"name\":\"Butik\",\"item\":\"https:\/\/kicka.eu\/sv\/shop\/\"},{\"@type\":\"ListItem\",\"position\":3,\"name\":\"Cookies X G Pen Micro+ Batteri\"}]},{\"@type\":\"WebSite\",\"@id\":\"https:\/\/kicka.eu\/no\/#website\",\"url\":\"https:\/\/kicka.eu\/no\/\",\"name\":\"Kicka\",\"description\":\"Online Headshop\",\"publisher\":{\"@id\":\"https:\/\/kicka.eu\/no\/#organization\"},\"potentialAction\":[{\"@type\":\"SearchAction\",\"target\":{\"@type\":\"EntryPoint\",\"urlTemplate\":\"https:\/\/kicka.eu\/no\/?s={search_term_string}\"},\"query-input\":\"required name=search_term_string\"}],\"inLanguage\":\"nb-NO\"},{\"@type\":\"Organization\",\"@id\":\"https:\/\/kicka.eu\/no\/#organization\",\"name\":\"Kicka\",\"url\":\"https:\/\/kicka.eu\/no\/\",\"logo\":{\"@type\":\"ImageObject\",\"inLanguage\":\"nb-NO\",\"@id\":\"https:\/\/kicka.eu\/no\/#\/schema\/logo\/image\/\",\"url\":\"https:\/\/kicka.eu\/wp-content\/uploads\/2023\/08\/Kicka-Logo.png\",\"contentUrl\":\"https:\/\/kicka.eu\/wp-content\/uploads\/2023\/08\/Kicka-Logo.png\",\"width\":233,\"height\":233,\"caption\":\"Kicka\"},\"image\":{\"@id\":\"https:\/\/kicka.eu\/no\/#\/schema\/logo\/image\/\"}}]}<\/script>\n<!-- \/ Yoast SEO plugin. -->","yoast_head_json":{"title":"Cookies X G Pen Micro+ Batteri - Kicka","robots":{"index":"index","follow":"follow","max-snippet":"max-snippet:-1","max-image-preview":"max-image-preview:large","max-video-preview":"max-video-preview:-1"},"canonical":"https:\/\/kicka.eu\/no\/produkt\/cookies-x-g-pen-micro-batteri\/","og_locale":"nb_NO","og_type":"article","og_title":"Cookies X G Pen Micro+ Batteri - Kicka","og_description":"Autentiskt ers\u00e4ttningsbatteri f\u00f6r cookies X G Pen Micro + b\u00e4rbar koncentratf\u00f6r\u00e5ngare. Detta 850 mAh-batteri har unik smart-chip-teknik som ger kontrollerad och konsekvent v\u00e4rmeapplikation, som inte brinner eller \u00f6verhettar dina dyrbara koncentrat.  Cookies X Micro + -batteriet \u00e4r ocks\u00e5 konstruerat med 510-patronigenk\u00e4nningsteknik, vilket g\u00f6r att enheten kan identifiera och justera mellan cookies X Micro + Tank och traditionella patroner f\u00f6r en optimal f\u00f6r\u00e5ngningsupplevelse. Ansluten till en 510 patron kan cookies X G Pen Micro + -batteri leverera 3 olika niv\u00e5er av intensitet: 2,5 V, 2,75 V och 3,0 V.  USB-C FAST Laddningsfunktion g\u00f6r det m\u00f6jligt f\u00f6r kakorna X Micro + 850MAh litiumjonbatteri att laddas i s\u00e5 lite som 90 minuter.  Funktioner:    Detta batteri kan anv\u00e4ndas som ers\u00e4ttning f\u00f6r cookies X G Pen Micro + DAB-penna eller som en s\u00e4kerhetskopiering, om du vill anv\u00e4nda f\u00f6r\u00e5ngaren p\u00e5 spr\u00e5ngen under en l\u00e4ngre tid    Cookies X Micro + Batteriet \u00e4r kompatibelt med traditionella 510 patroner - det kommer automatiskt att anpassa sig mellan patroner och cookies x G Pen Micro + Tank, s\u00e5 du kan va dina egna koncentrat eller generiska    Sporting A Type-C USB-port, 850 mAh litiumjonbatteri kan laddas p\u00e5 s\u00e5 lite som 90 minuter. Genomf\u00f6ljande laddningsteknik g\u00f6r att enheten kan anv\u00e4ndas under laddning  Vad finns i boxen:    1x cookies x g penna micro + batteri","og_url":"https:\/\/kicka.eu\/no\/produkt\/cookies-x-g-pen-micro-batteri\/","og_site_name":"Kicka","article_modified_time":"2023-08-17T00:51:20+00:00","og_image":[{"width":800,"height":800,"url":"https:\/\/kicka.eu\/wp-content\/uploads\/2022\/03\/20084.jpeg","type":"image\/jpeg"}],"twitter_card":"summary_large_image","schema":{"@context":"https:\/\/schema.org","@graph":[{"@type":"WebPage","@id":"https:\/\/kicka.eu\/no\/produkt\/cookies-x-g-pen-micro-batteri\/","url":"https:\/\/kicka.eu\/no\/produkt\/cookies-x-g-pen-micro-batteri\/","name":"Cookies X G Pen Micro+ Batteri - Kicka","isPartOf":{"@id":"https:\/\/kicka.eu\/no\/#website"},"primaryImageOfPage":{"@id":"https:\/\/kicka.eu\/no\/produkt\/cookies-x-g-pen-micro-batteri\/#primaryimage"},"image":{"@id":"https:\/\/kicka.eu\/no\/produkt\/cookies-x-g-pen-micro-batteri\/#primaryimage"},"thumbnailUrl":"https:\/\/kicka.eu\/wp-content\/uploads\/2022\/03\/20084.jpeg","datePublished":"2023-05-18T20:26:27+00:00","dateModified":"2023-08-17T00:51:20+00:00","breadcrumb":{"@id":"https:\/\/kicka.eu\/no\/produkt\/cookies-x-g-pen-micro-batteri\/#breadcrumb"},"inLanguage":"nb-NO","potentialAction":[{"@type":"ReadAction","target":["https:\/\/kicka.eu\/no\/produkt\/cookies-x-g-pen-micro-batteri\/"]}]},{"@type":"ImageObject","inLanguage":"nb-NO","@id":"https:\/\/kicka.eu\/no\/produkt\/cookies-x-g-pen-micro-batteri\/#primaryimage","url":"https:\/\/kicka.eu\/wp-content\/uploads\/2022\/03\/20084.jpeg","contentUrl":"https:\/\/kicka.eu\/wp-content\/uploads\/2022\/03\/20084.jpeg","width":800,"height":800},{"@type":"BreadcrumbList","@id":"https:\/\/kicka.eu\/no\/produkt\/cookies-x-g-pen-micro-batteri\/#breadcrumb","itemListElement":[{"@type":"ListItem","position":1,"name":"Home","item":"https:\/\/kicka.eu\/no\/"},{"@type":"ListItem","position":2,"name":"Butik","item":"https:\/\/kicka.eu\/sv\/shop\/"},{"@type":"ListItem","position":3,"name":"Cookies X G Pen Micro+ Batteri"}]},{"@type":"WebSite","@id":"https:\/\/kicka.eu\/no\/#website","url":"https:\/\/kicka.eu\/no\/","name":"Kicka","description":"Online Headshop","publisher":{"@id":"https:\/\/kicka.eu\/no\/#organization"},"potentialAction":[{"@type":"SearchAction","target":{"@type":"EntryPoint","urlTemplate":"https:\/\/kicka.eu\/no\/?s={search_term_string}"},"query-input":"required name=search_term_string"}],"inLanguage":"nb-NO"},{"@type":"Organization","@id":"https:\/\/kicka.eu\/no\/#organization","name":"Kicka","url":"https:\/\/kicka.eu\/no\/","logo":{"@type":"ImageObject","inLanguage":"nb-NO","@id":"https:\/\/kicka.eu\/no\/#\/schema\/logo\/image\/","url":"https:\/\/kicka.eu\/wp-content\/uploads\/2023\/08\/Kicka-Logo.png","contentUrl":"https:\/\/kicka.eu\/wp-content\/uploads\/2023\/08\/Kicka-Logo.png","width":233,"height":233,"caption":"Kicka"},"image":{"@id":"https:\/\/kicka.eu\/no\/#\/schema\/logo\/image\/"}}]}},"_links":{"self":[{"href":"https:\/\/kicka.eu\/no\/wp-json\/wp\/v2\/product\/40909","targetHints":{"allow":["GET"]}}],"collection":[{"href":"https:\/\/kicka.eu\/no\/wp-json\/wp\/v2\/product"}],"about":[{"href":"https:\/\/kicka.eu\/no\/wp-json\/wp\/v2\/types\/product"}],"replies":[{"embeddable":true,"href":"https:\/\/kicka.eu\/no\/wp-json\/wp\/v2\/comments?post=40909"}],"wp:featuredmedia":[{"embeddable":true,"href":"https:\/\/kicka.eu\/no\/wp-json\/wp\/v2\/media\/510"}],"wp:attachment":[{"href":"https:\/\/kicka.eu\/no\/wp-json\/wp\/v2\/media?parent=40909"}],"wp:term":[{"taxonomy":"product_cat","embeddable":true,"href":"https:\/\/kicka.eu\/no\/wp-json\/wp\/v2\/product_cat?post=40909"},{"taxonomy":"product_tag","embeddable":true,"href":"https:\/\/kicka.eu\/no\/wp-json\/wp\/v2\/product_tag?post=40909"}],"curies":[{"name":"wp","href":"https:\/\/api.w.org\/{rel}","templated":true}]}}