{"id":41150,"date":"2023-05-18T22:27:22","date_gmt":"2023-05-18T20:27:22","guid":{"rendered":"https:\/\/kicka.eu\/product\/vibes-cones-coffin-1-1-4-rice\/"},"modified":"2024-01-24T20:39:44","modified_gmt":"2024-01-24T19:39:44","slug":"vibes-cones-coffin-1-1-4-rice","status":"publish","type":"product","link":"https:\/\/kicka.eu\/fi\/produkt\/vibes-cones-coffin-1-1-4-rice\/","title":{"rendered":"Cones Coffin 1 1\/4 Rice"},"content":{"rendered":"","protected":false},"excerpt":{"rendered":"<p>F\u00f6r de som v\u00e4rderar l\u00e5ngsammare kottar \u00e4r viberna riskottar ett m\u00e5ste. Rispapper brinner l\u00e5ngsammare \u00e4n sin hampa motpart, s\u00e5 dina sessioner kan f\u00f6rl\u00e4ngas. En propriet\u00e4r luftfl\u00f6desdesign bidrar till att h\u00e5lla sig konsekvent.<\/p>\n","protected":false},"featured_media":379,"comment_status":"open","ping_status":"closed","template":"","meta":{"_acf_changed":false,"_et_pb_use_builder":"","_et_pb_old_content":"","_et_gb_content_width":"","om_disable_all_campaigns":false,"_monsterinsights_skip_tracking":false,"_monsterinsights_sitenote_active":false,"_monsterinsights_sitenote_note":"","_monsterinsights_sitenote_category":0,"_uf_show_specific_survey":0,"_uf_disable_surveys":false},"product_cat":[32],"product_tag":[35],"class_list":{"0":"post-41150","1":"product","2":"type-product","3":"status-publish","4":"has-post-thumbnail","6":"product_cat-rullning","7":"product_tag-cones","8":"pa_varumarken-vibes","10":"first","11":"instock","12":"taxable","13":"shipping-taxable","14":"purchasable","15":"product-type-simple"},"acf":[],"yoast_head":"<!-- This site is optimized with the Yoast SEO plugin v22.8 - https:\/\/yoast.com\/wordpress\/plugins\/seo\/ -->\n<title>Cones Coffin 1 1\/4 Rice - Kicka<\/title>\n<meta name=\"robots\" content=\"index, follow, max-snippet:-1, max-image-preview:large, max-video-preview:-1\" \/>\n<link rel=\"canonical\" href=\"https:\/\/kicka.eu\/fi\/produkt\/vibes-cones-coffin-1-1-4-rice\/\" \/>\n<meta property=\"og:locale\" content=\"fi_FI\" \/>\n<meta property=\"og:type\" content=\"article\" \/>\n<meta property=\"og:title\" content=\"Cones Coffin 1 1\/4 Rice - Kicka\" \/>\n<meta property=\"og:description\" content=\"F\u00f6r de som v\u00e4rderar l\u00e5ngsammare kottar \u00e4r viberna riskottar ett m\u00e5ste. Rispapper brinner l\u00e5ngsammare \u00e4n sin hampa motpart, s\u00e5 dina sessioner kan f\u00f6rl\u00e4ngas. En propriet\u00e4r luftfl\u00f6desdesign bidrar till att h\u00e5lla sig konsekvent.\" \/>\n<meta property=\"og:url\" content=\"https:\/\/kicka.eu\/fi\/produkt\/vibes-cones-coffin-1-1-4-rice\/\" \/>\n<meta property=\"og:site_name\" content=\"Kicka\" \/>\n<meta property=\"article:modified_time\" content=\"2024-01-24T19:39:44+00:00\" \/>\n<meta property=\"og:image\" content=\"https:\/\/kicka.eu\/wp-content\/uploads\/2022\/03\/18732.jpeg\" \/>\n\t<meta property=\"og:image:width\" content=\"800\" \/>\n\t<meta property=\"og:image:height\" content=\"800\" \/>\n\t<meta property=\"og:image:type\" content=\"image\/jpeg\" \/>\n<meta name=\"twitter:card\" content=\"summary_large_image\" \/>\n<script type=\"application\/ld+json\" class=\"yoast-schema-graph\">{\"@context\":\"https:\/\/schema.org\",\"@graph\":[{\"@type\":\"WebPage\",\"@id\":\"https:\/\/kicka.eu\/fi\/produkt\/vibes-cones-coffin-1-1-4-rice\/\",\"url\":\"https:\/\/kicka.eu\/fi\/produkt\/vibes-cones-coffin-1-1-4-rice\/\",\"name\":\"Cones Coffin 1 1\/4 Rice - Kicka\",\"isPartOf\":{\"@id\":\"https:\/\/kicka.eu\/fi\/#website\"},\"primaryImageOfPage\":{\"@id\":\"https:\/\/kicka.eu\/fi\/produkt\/vibes-cones-coffin-1-1-4-rice\/#primaryimage\"},\"image\":{\"@id\":\"https:\/\/kicka.eu\/fi\/produkt\/vibes-cones-coffin-1-1-4-rice\/#primaryimage\"},\"thumbnailUrl\":\"https:\/\/kicka.eu\/wp-content\/uploads\/2022\/03\/18732.jpeg\",\"datePublished\":\"2023-05-18T20:27:22+00:00\",\"dateModified\":\"2024-01-24T19:39:44+00:00\",\"breadcrumb\":{\"@id\":\"https:\/\/kicka.eu\/fi\/produkt\/vibes-cones-coffin-1-1-4-rice\/#breadcrumb\"},\"inLanguage\":\"fi\",\"potentialAction\":[{\"@type\":\"ReadAction\",\"target\":[\"https:\/\/kicka.eu\/fi\/produkt\/vibes-cones-coffin-1-1-4-rice\/\"]}]},{\"@type\":\"ImageObject\",\"inLanguage\":\"fi\",\"@id\":\"https:\/\/kicka.eu\/fi\/produkt\/vibes-cones-coffin-1-1-4-rice\/#primaryimage\",\"url\":\"https:\/\/kicka.eu\/wp-content\/uploads\/2022\/03\/18732.jpeg\",\"contentUrl\":\"https:\/\/kicka.eu\/wp-content\/uploads\/2022\/03\/18732.jpeg\",\"width\":800,\"height\":800},{\"@type\":\"BreadcrumbList\",\"@id\":\"https:\/\/kicka.eu\/fi\/produkt\/vibes-cones-coffin-1-1-4-rice\/#breadcrumb\",\"itemListElement\":[{\"@type\":\"ListItem\",\"position\":1,\"name\":\"Home\",\"item\":\"https:\/\/kicka.eu\/fi\/\"},{\"@type\":\"ListItem\",\"position\":2,\"name\":\"Shop\",\"item\":\"https:\/\/kicka.eu\/sv\/shop\/\"},{\"@type\":\"ListItem\",\"position\":3,\"name\":\"Cones Coffin 1 1\/4 Rice\"}]},{\"@type\":\"WebSite\",\"@id\":\"https:\/\/kicka.eu\/fi\/#website\",\"url\":\"https:\/\/kicka.eu\/fi\/\",\"name\":\"Kicka\",\"description\":\"Online Headshop\",\"publisher\":{\"@id\":\"https:\/\/kicka.eu\/fi\/#organization\"},\"potentialAction\":[{\"@type\":\"SearchAction\",\"target\":{\"@type\":\"EntryPoint\",\"urlTemplate\":\"https:\/\/kicka.eu\/fi\/?s={search_term_string}\"},\"query-input\":\"required name=search_term_string\"}],\"inLanguage\":\"fi\"},{\"@type\":\"Organization\",\"@id\":\"https:\/\/kicka.eu\/fi\/#organization\",\"name\":\"Kicka\",\"url\":\"https:\/\/kicka.eu\/fi\/\",\"logo\":{\"@type\":\"ImageObject\",\"inLanguage\":\"fi\",\"@id\":\"https:\/\/kicka.eu\/fi\/#\/schema\/logo\/image\/\",\"url\":\"https:\/\/kicka.eu\/wp-content\/uploads\/2023\/08\/Kicka-Logo.png\",\"contentUrl\":\"https:\/\/kicka.eu\/wp-content\/uploads\/2023\/08\/Kicka-Logo.png\",\"width\":233,\"height\":233,\"caption\":\"Kicka\"},\"image\":{\"@id\":\"https:\/\/kicka.eu\/fi\/#\/schema\/logo\/image\/\"}}]}<\/script>\n<!-- \/ Yoast SEO plugin. -->","yoast_head_json":{"title":"Cones Coffin 1 1\/4 Rice - Kicka","robots":{"index":"index","follow":"follow","max-snippet":"max-snippet:-1","max-image-preview":"max-image-preview:large","max-video-preview":"max-video-preview:-1"},"canonical":"https:\/\/kicka.eu\/fi\/produkt\/vibes-cones-coffin-1-1-4-rice\/","og_locale":"fi_FI","og_type":"article","og_title":"Cones Coffin 1 1\/4 Rice - Kicka","og_description":"F\u00f6r de som v\u00e4rderar l\u00e5ngsammare kottar \u00e4r viberna riskottar ett m\u00e5ste. Rispapper brinner l\u00e5ngsammare \u00e4n sin hampa motpart, s\u00e5 dina sessioner kan f\u00f6rl\u00e4ngas. En propriet\u00e4r luftfl\u00f6desdesign bidrar till att h\u00e5lla sig konsekvent.","og_url":"https:\/\/kicka.eu\/fi\/produkt\/vibes-cones-coffin-1-1-4-rice\/","og_site_name":"Kicka","article_modified_time":"2024-01-24T19:39:44+00:00","og_image":[{"width":800,"height":800,"url":"https:\/\/kicka.eu\/wp-content\/uploads\/2022\/03\/18732.jpeg","type":"image\/jpeg"}],"twitter_card":"summary_large_image","schema":{"@context":"https:\/\/schema.org","@graph":[{"@type":"WebPage","@id":"https:\/\/kicka.eu\/fi\/produkt\/vibes-cones-coffin-1-1-4-rice\/","url":"https:\/\/kicka.eu\/fi\/produkt\/vibes-cones-coffin-1-1-4-rice\/","name":"Cones Coffin 1 1\/4 Rice - Kicka","isPartOf":{"@id":"https:\/\/kicka.eu\/fi\/#website"},"primaryImageOfPage":{"@id":"https:\/\/kicka.eu\/fi\/produkt\/vibes-cones-coffin-1-1-4-rice\/#primaryimage"},"image":{"@id":"https:\/\/kicka.eu\/fi\/produkt\/vibes-cones-coffin-1-1-4-rice\/#primaryimage"},"thumbnailUrl":"https:\/\/kicka.eu\/wp-content\/uploads\/2022\/03\/18732.jpeg","datePublished":"2023-05-18T20:27:22+00:00","dateModified":"2024-01-24T19:39:44+00:00","breadcrumb":{"@id":"https:\/\/kicka.eu\/fi\/produkt\/vibes-cones-coffin-1-1-4-rice\/#breadcrumb"},"inLanguage":"fi","potentialAction":[{"@type":"ReadAction","target":["https:\/\/kicka.eu\/fi\/produkt\/vibes-cones-coffin-1-1-4-rice\/"]}]},{"@type":"ImageObject","inLanguage":"fi","@id":"https:\/\/kicka.eu\/fi\/produkt\/vibes-cones-coffin-1-1-4-rice\/#primaryimage","url":"https:\/\/kicka.eu\/wp-content\/uploads\/2022\/03\/18732.jpeg","contentUrl":"https:\/\/kicka.eu\/wp-content\/uploads\/2022\/03\/18732.jpeg","width":800,"height":800},{"@type":"BreadcrumbList","@id":"https:\/\/kicka.eu\/fi\/produkt\/vibes-cones-coffin-1-1-4-rice\/#breadcrumb","itemListElement":[{"@type":"ListItem","position":1,"name":"Home","item":"https:\/\/kicka.eu\/fi\/"},{"@type":"ListItem","position":2,"name":"Shop","item":"https:\/\/kicka.eu\/sv\/shop\/"},{"@type":"ListItem","position":3,"name":"Cones Coffin 1 1\/4 Rice"}]},{"@type":"WebSite","@id":"https:\/\/kicka.eu\/fi\/#website","url":"https:\/\/kicka.eu\/fi\/","name":"Kicka","description":"Online Headshop","publisher":{"@id":"https:\/\/kicka.eu\/fi\/#organization"},"potentialAction":[{"@type":"SearchAction","target":{"@type":"EntryPoint","urlTemplate":"https:\/\/kicka.eu\/fi\/?s={search_term_string}"},"query-input":"required name=search_term_string"}],"inLanguage":"fi"},{"@type":"Organization","@id":"https:\/\/kicka.eu\/fi\/#organization","name":"Kicka","url":"https:\/\/kicka.eu\/fi\/","logo":{"@type":"ImageObject","inLanguage":"fi","@id":"https:\/\/kicka.eu\/fi\/#\/schema\/logo\/image\/","url":"https:\/\/kicka.eu\/wp-content\/uploads\/2023\/08\/Kicka-Logo.png","contentUrl":"https:\/\/kicka.eu\/wp-content\/uploads\/2023\/08\/Kicka-Logo.png","width":233,"height":233,"caption":"Kicka"},"image":{"@id":"https:\/\/kicka.eu\/fi\/#\/schema\/logo\/image\/"}}]}},"_links":{"self":[{"href":"https:\/\/kicka.eu\/fi\/wp-json\/wp\/v2\/product\/41150","targetHints":{"allow":["GET"]}}],"collection":[{"href":"https:\/\/kicka.eu\/fi\/wp-json\/wp\/v2\/product"}],"about":[{"href":"https:\/\/kicka.eu\/fi\/wp-json\/wp\/v2\/types\/product"}],"replies":[{"embeddable":true,"href":"https:\/\/kicka.eu\/fi\/wp-json\/wp\/v2\/comments?post=41150"}],"wp:featuredmedia":[{"embeddable":true,"href":"https:\/\/kicka.eu\/fi\/wp-json\/wp\/v2\/media\/379"}],"wp:attachment":[{"href":"https:\/\/kicka.eu\/fi\/wp-json\/wp\/v2\/media?parent=41150"}],"wp:term":[{"taxonomy":"product_cat","embeddable":true,"href":"https:\/\/kicka.eu\/fi\/wp-json\/wp\/v2\/product_cat?post=41150"},{"taxonomy":"product_tag","embeddable":true,"href":"https:\/\/kicka.eu\/fi\/wp-json\/wp\/v2\/product_tag?post=41150"}],"curies":[{"name":"wp","href":"https:\/\/api.w.org\/{rel}","templated":true}]}}