{"id":41110,"date":"2023-05-18T22:27:13","date_gmt":"2023-05-18T20:27:13","guid":{"rendered":"https:\/\/kicka.eu\/product\/raw-cache-box-mini-tray-tralada\/"},"modified":"2024-01-24T20:50:17","modified_gmt":"2024-01-24T19:50:17","slug":"raw-cache-box-mini-tray-tralada","status":"publish","type":"product","link":"https:\/\/kicka.eu\/fi\/produkt\/raw-cache-box-mini-tray-tralada\/","title":{"rendered":"Cache Box Mini Tray + Tr\u00e4l\u00e5da"},"content":{"rendered":"","protected":false},"excerpt":{"rendered":"<p>F\u00e5r du skrek p\u00e5 f\u00f6r att l\u00e4mna alla dina rullande tillbeh\u00f6r runt huset? Vi gjorde den nya r\u00e5cacheboxen f\u00f6r det h\u00e4r exakta problemet! Inuti finns det utrymme att h\u00e5lla alla dina rullande tillbeh\u00f6r, s\u00e5 att du bara tar ut det du beh\u00f6ver anv\u00e4nda, s\u00e4tt tillbaka dem n\u00e4r du \u00e4r klar, kasta den \u00f6vre delen av och det \u00e4r det! Toppet h\u00e5lls magnetiskt, levereras med ett r\u00e5bricka och h\u00e5ller allt snyggt och st\u00e4dat. Vars\u00e5god!<\/p>\n","protected":false},"featured_media":541,"comment_status":"open","ping_status":"closed","template":"","meta":{"_acf_changed":false,"_et_pb_use_builder":"","_et_pb_old_content":"","_et_gb_content_width":"","om_disable_all_campaigns":false,"_monsterinsights_skip_tracking":false,"_monsterinsights_sitenote_active":false,"_monsterinsights_sitenote_note":"","_monsterinsights_sitenote_category":0,"_uf_show_specific_survey":0,"_uf_disable_surveys":false},"product_cat":[30],"product_tag":[36],"class_list":{"0":"post-41110","1":"product","2":"type-product","3":"status-publish","4":"has-post-thumbnail","6":"product_cat-tillbehor","7":"product_tag-forvaring","8":"pa_varumarken-raw","10":"first","11":"onbackorder","12":"taxable","13":"shipping-taxable","14":"purchasable","15":"product-type-simple"},"acf":[],"yoast_head":"<!-- This site is optimized with the Yoast SEO plugin v22.8 - https:\/\/yoast.com\/wordpress\/plugins\/seo\/ -->\n<title>Cache Box Mini Tray + Tr\u00e4l\u00e5da - Kicka<\/title>\n<meta name=\"robots\" content=\"index, follow, max-snippet:-1, max-image-preview:large, max-video-preview:-1\" \/>\n<link rel=\"canonical\" href=\"https:\/\/kicka.eu\/fi\/produkt\/raw-cache-box-mini-tray-tralada\/\" \/>\n<meta property=\"og:locale\" content=\"fi_FI\" \/>\n<meta property=\"og:type\" content=\"article\" \/>\n<meta property=\"og:title\" content=\"Cache Box Mini Tray + Tr\u00e4l\u00e5da - Kicka\" \/>\n<meta property=\"og:description\" content=\"F\u00e5r du skrek p\u00e5 f\u00f6r att l\u00e4mna alla dina rullande tillbeh\u00f6r runt huset? Vi gjorde den nya r\u00e5cacheboxen f\u00f6r det h\u00e4r exakta problemet! Inuti finns det utrymme att h\u00e5lla alla dina rullande tillbeh\u00f6r, s\u00e5 att du bara tar ut det du beh\u00f6ver anv\u00e4nda, s\u00e4tt tillbaka dem n\u00e4r du \u00e4r klar, kasta den \u00f6vre delen av och det \u00e4r det! Toppet h\u00e5lls magnetiskt, levereras med ett r\u00e5bricka och h\u00e5ller allt snyggt och st\u00e4dat. Vars\u00e5god!\" \/>\n<meta property=\"og:url\" content=\"https:\/\/kicka.eu\/fi\/produkt\/raw-cache-box-mini-tray-tralada\/\" \/>\n<meta property=\"og:site_name\" content=\"Kicka\" \/>\n<meta property=\"article:modified_time\" content=\"2024-01-24T19:50:17+00:00\" \/>\n<meta property=\"og:image\" content=\"https:\/\/kicka.eu\/wp-content\/uploads\/2022\/03\/37734.jpeg\" \/>\n\t<meta property=\"og:image:width\" content=\"850\" \/>\n\t<meta property=\"og:image:height\" content=\"850\" \/>\n\t<meta property=\"og:image:type\" content=\"image\/jpeg\" \/>\n<meta name=\"twitter:card\" content=\"summary_large_image\" \/>\n<script type=\"application\/ld+json\" class=\"yoast-schema-graph\">{\"@context\":\"https:\/\/schema.org\",\"@graph\":[{\"@type\":\"WebPage\",\"@id\":\"https:\/\/kicka.eu\/fi\/produkt\/raw-cache-box-mini-tray-tralada\/\",\"url\":\"https:\/\/kicka.eu\/fi\/produkt\/raw-cache-box-mini-tray-tralada\/\",\"name\":\"Cache Box Mini Tray + Tr\u00e4l\u00e5da - Kicka\",\"isPartOf\":{\"@id\":\"https:\/\/kicka.eu\/fi\/#website\"},\"primaryImageOfPage\":{\"@id\":\"https:\/\/kicka.eu\/fi\/produkt\/raw-cache-box-mini-tray-tralada\/#primaryimage\"},\"image\":{\"@id\":\"https:\/\/kicka.eu\/fi\/produkt\/raw-cache-box-mini-tray-tralada\/#primaryimage\"},\"thumbnailUrl\":\"https:\/\/kicka.eu\/wp-content\/uploads\/2022\/03\/37734.jpeg\",\"datePublished\":\"2023-05-18T20:27:13+00:00\",\"dateModified\":\"2024-01-24T19:50:17+00:00\",\"breadcrumb\":{\"@id\":\"https:\/\/kicka.eu\/fi\/produkt\/raw-cache-box-mini-tray-tralada\/#breadcrumb\"},\"inLanguage\":\"fi\",\"potentialAction\":[{\"@type\":\"ReadAction\",\"target\":[\"https:\/\/kicka.eu\/fi\/produkt\/raw-cache-box-mini-tray-tralada\/\"]}]},{\"@type\":\"ImageObject\",\"inLanguage\":\"fi\",\"@id\":\"https:\/\/kicka.eu\/fi\/produkt\/raw-cache-box-mini-tray-tralada\/#primaryimage\",\"url\":\"https:\/\/kicka.eu\/wp-content\/uploads\/2022\/03\/37734.jpeg\",\"contentUrl\":\"https:\/\/kicka.eu\/wp-content\/uploads\/2022\/03\/37734.jpeg\",\"width\":850,\"height\":850},{\"@type\":\"BreadcrumbList\",\"@id\":\"https:\/\/kicka.eu\/fi\/produkt\/raw-cache-box-mini-tray-tralada\/#breadcrumb\",\"itemListElement\":[{\"@type\":\"ListItem\",\"position\":1,\"name\":\"Home\",\"item\":\"https:\/\/kicka.eu\/fi\/\"},{\"@type\":\"ListItem\",\"position\":2,\"name\":\"Shop\",\"item\":\"https:\/\/kicka.eu\/sv\/shop\/\"},{\"@type\":\"ListItem\",\"position\":3,\"name\":\"Cache Box Mini Tray + Tr\u00e4l\u00e5da\"}]},{\"@type\":\"WebSite\",\"@id\":\"https:\/\/kicka.eu\/fi\/#website\",\"url\":\"https:\/\/kicka.eu\/fi\/\",\"name\":\"Kicka\",\"description\":\"Online Headshop\",\"publisher\":{\"@id\":\"https:\/\/kicka.eu\/fi\/#organization\"},\"potentialAction\":[{\"@type\":\"SearchAction\",\"target\":{\"@type\":\"EntryPoint\",\"urlTemplate\":\"https:\/\/kicka.eu\/fi\/?s={search_term_string}\"},\"query-input\":\"required name=search_term_string\"}],\"inLanguage\":\"fi\"},{\"@type\":\"Organization\",\"@id\":\"https:\/\/kicka.eu\/fi\/#organization\",\"name\":\"Kicka\",\"url\":\"https:\/\/kicka.eu\/fi\/\",\"logo\":{\"@type\":\"ImageObject\",\"inLanguage\":\"fi\",\"@id\":\"https:\/\/kicka.eu\/fi\/#\/schema\/logo\/image\/\",\"url\":\"https:\/\/kicka.eu\/wp-content\/uploads\/2023\/08\/Kicka-Logo.png\",\"contentUrl\":\"https:\/\/kicka.eu\/wp-content\/uploads\/2023\/08\/Kicka-Logo.png\",\"width\":233,\"height\":233,\"caption\":\"Kicka\"},\"image\":{\"@id\":\"https:\/\/kicka.eu\/fi\/#\/schema\/logo\/image\/\"}}]}<\/script>\n<!-- \/ Yoast SEO plugin. -->","yoast_head_json":{"title":"Cache Box Mini Tray + Tr\u00e4l\u00e5da - Kicka","robots":{"index":"index","follow":"follow","max-snippet":"max-snippet:-1","max-image-preview":"max-image-preview:large","max-video-preview":"max-video-preview:-1"},"canonical":"https:\/\/kicka.eu\/fi\/produkt\/raw-cache-box-mini-tray-tralada\/","og_locale":"fi_FI","og_type":"article","og_title":"Cache Box Mini Tray + Tr\u00e4l\u00e5da - Kicka","og_description":"F\u00e5r du skrek p\u00e5 f\u00f6r att l\u00e4mna alla dina rullande tillbeh\u00f6r runt huset? Vi gjorde den nya r\u00e5cacheboxen f\u00f6r det h\u00e4r exakta problemet! Inuti finns det utrymme att h\u00e5lla alla dina rullande tillbeh\u00f6r, s\u00e5 att du bara tar ut det du beh\u00f6ver anv\u00e4nda, s\u00e4tt tillbaka dem n\u00e4r du \u00e4r klar, kasta den \u00f6vre delen av och det \u00e4r det! Toppet h\u00e5lls magnetiskt, levereras med ett r\u00e5bricka och h\u00e5ller allt snyggt och st\u00e4dat. Vars\u00e5god!","og_url":"https:\/\/kicka.eu\/fi\/produkt\/raw-cache-box-mini-tray-tralada\/","og_site_name":"Kicka","article_modified_time":"2024-01-24T19:50:17+00:00","og_image":[{"width":850,"height":850,"url":"https:\/\/kicka.eu\/wp-content\/uploads\/2022\/03\/37734.jpeg","type":"image\/jpeg"}],"twitter_card":"summary_large_image","schema":{"@context":"https:\/\/schema.org","@graph":[{"@type":"WebPage","@id":"https:\/\/kicka.eu\/fi\/produkt\/raw-cache-box-mini-tray-tralada\/","url":"https:\/\/kicka.eu\/fi\/produkt\/raw-cache-box-mini-tray-tralada\/","name":"Cache Box Mini Tray + Tr\u00e4l\u00e5da - Kicka","isPartOf":{"@id":"https:\/\/kicka.eu\/fi\/#website"},"primaryImageOfPage":{"@id":"https:\/\/kicka.eu\/fi\/produkt\/raw-cache-box-mini-tray-tralada\/#primaryimage"},"image":{"@id":"https:\/\/kicka.eu\/fi\/produkt\/raw-cache-box-mini-tray-tralada\/#primaryimage"},"thumbnailUrl":"https:\/\/kicka.eu\/wp-content\/uploads\/2022\/03\/37734.jpeg","datePublished":"2023-05-18T20:27:13+00:00","dateModified":"2024-01-24T19:50:17+00:00","breadcrumb":{"@id":"https:\/\/kicka.eu\/fi\/produkt\/raw-cache-box-mini-tray-tralada\/#breadcrumb"},"inLanguage":"fi","potentialAction":[{"@type":"ReadAction","target":["https:\/\/kicka.eu\/fi\/produkt\/raw-cache-box-mini-tray-tralada\/"]}]},{"@type":"ImageObject","inLanguage":"fi","@id":"https:\/\/kicka.eu\/fi\/produkt\/raw-cache-box-mini-tray-tralada\/#primaryimage","url":"https:\/\/kicka.eu\/wp-content\/uploads\/2022\/03\/37734.jpeg","contentUrl":"https:\/\/kicka.eu\/wp-content\/uploads\/2022\/03\/37734.jpeg","width":850,"height":850},{"@type":"BreadcrumbList","@id":"https:\/\/kicka.eu\/fi\/produkt\/raw-cache-box-mini-tray-tralada\/#breadcrumb","itemListElement":[{"@type":"ListItem","position":1,"name":"Home","item":"https:\/\/kicka.eu\/fi\/"},{"@type":"ListItem","position":2,"name":"Shop","item":"https:\/\/kicka.eu\/sv\/shop\/"},{"@type":"ListItem","position":3,"name":"Cache Box Mini Tray + Tr\u00e4l\u00e5da"}]},{"@type":"WebSite","@id":"https:\/\/kicka.eu\/fi\/#website","url":"https:\/\/kicka.eu\/fi\/","name":"Kicka","description":"Online Headshop","publisher":{"@id":"https:\/\/kicka.eu\/fi\/#organization"},"potentialAction":[{"@type":"SearchAction","target":{"@type":"EntryPoint","urlTemplate":"https:\/\/kicka.eu\/fi\/?s={search_term_string}"},"query-input":"required name=search_term_string"}],"inLanguage":"fi"},{"@type":"Organization","@id":"https:\/\/kicka.eu\/fi\/#organization","name":"Kicka","url":"https:\/\/kicka.eu\/fi\/","logo":{"@type":"ImageObject","inLanguage":"fi","@id":"https:\/\/kicka.eu\/fi\/#\/schema\/logo\/image\/","url":"https:\/\/kicka.eu\/wp-content\/uploads\/2023\/08\/Kicka-Logo.png","contentUrl":"https:\/\/kicka.eu\/wp-content\/uploads\/2023\/08\/Kicka-Logo.png","width":233,"height":233,"caption":"Kicka"},"image":{"@id":"https:\/\/kicka.eu\/fi\/#\/schema\/logo\/image\/"}}]}},"_links":{"self":[{"href":"https:\/\/kicka.eu\/fi\/wp-json\/wp\/v2\/product\/41110","targetHints":{"allow":["GET"]}}],"collection":[{"href":"https:\/\/kicka.eu\/fi\/wp-json\/wp\/v2\/product"}],"about":[{"href":"https:\/\/kicka.eu\/fi\/wp-json\/wp\/v2\/types\/product"}],"replies":[{"embeddable":true,"href":"https:\/\/kicka.eu\/fi\/wp-json\/wp\/v2\/comments?post=41110"}],"wp:featuredmedia":[{"embeddable":true,"href":"https:\/\/kicka.eu\/fi\/wp-json\/wp\/v2\/media\/541"}],"wp:attachment":[{"href":"https:\/\/kicka.eu\/fi\/wp-json\/wp\/v2\/media?parent=41110"}],"wp:term":[{"taxonomy":"product_cat","embeddable":true,"href":"https:\/\/kicka.eu\/fi\/wp-json\/wp\/v2\/product_cat?post=41110"},{"taxonomy":"product_tag","embeddable":true,"href":"https:\/\/kicka.eu\/fi\/wp-json\/wp\/v2\/product_tag?post=41110"}],"curies":[{"name":"wp","href":"https:\/\/api.w.org\/{rel}","templated":true}]}}