{"id":41004,"date":"2023-05-18T22:26:50","date_gmt":"2023-05-18T20:26:50","guid":{"rendered":"https:\/\/kicka.eu\/product\/juicy-jays-original\/"},"modified":"2023-06-25T17:14:12","modified_gmt":"2023-06-25T15:14:12","slug":"juicy-jays-original","status":"publish","type":"product","link":"https:\/\/kicka.eu\/fi\/produkt\/juicy-jays-original\/","title":{"rendered":"Juicy Jay&#8217;s Original"},"content":{"rendered":"","protected":false},"excerpt":{"rendered":"<p>Varje saftig JAYs HEMP-omslag har en anv\u00e4ndbar limremsa som g\u00f6r det enkelt att rulla med s\u00e5v\u00e4l som ett f\u00f6rpackningsr\u00f6r.<\/p>\n","protected":false},"featured_media":582,"comment_status":"open","ping_status":"closed","template":"","meta":{"_acf_changed":false,"_et_pb_use_builder":"","_et_pb_old_content":"","_et_gb_content_width":"","om_disable_all_campaigns":false,"_monsterinsights_skip_tracking":false,"_monsterinsights_sitenote_active":false,"_monsterinsights_sitenote_note":"","_monsterinsights_sitenote_category":0,"_uf_show_specific_survey":0,"_uf_disable_surveys":false},"product_cat":[32],"product_tag":[57],"class_list":{"0":"post-41004","1":"product","2":"type-product","3":"status-publish","4":"has-post-thumbnail","6":"product_cat-rullning","7":"product_tag-hemp-wraps","8":"pa_varumarken-juicy-jays","10":"first","11":"instock","12":"taxable","13":"shipping-taxable","14":"purchasable","15":"product-type-simple"},"acf":[],"yoast_head":"<!-- This site is optimized with the Yoast SEO plugin v22.8 - https:\/\/yoast.com\/wordpress\/plugins\/seo\/ -->\n<title>Juicy Jay&#039;s Original - Kicka<\/title>\n<meta name=\"robots\" content=\"index, follow, max-snippet:-1, max-image-preview:large, max-video-preview:-1\" \/>\n<link rel=\"canonical\" href=\"https:\/\/kicka.eu\/fi\/produkt\/juicy-jays-original\/\" \/>\n<meta property=\"og:locale\" content=\"fi_FI\" \/>\n<meta property=\"og:type\" content=\"article\" \/>\n<meta property=\"og:title\" content=\"Juicy Jay&#039;s Original - Kicka\" \/>\n<meta property=\"og:description\" content=\"Varje saftig JAYs HEMP-omslag har en anv\u00e4ndbar limremsa som g\u00f6r det enkelt att rulla med s\u00e5v\u00e4l som ett f\u00f6rpackningsr\u00f6r.\" \/>\n<meta property=\"og:url\" content=\"https:\/\/kicka.eu\/fi\/produkt\/juicy-jays-original\/\" \/>\n<meta property=\"og:site_name\" content=\"Kicka\" \/>\n<meta property=\"article:modified_time\" content=\"2023-06-25T15:14:12+00:00\" \/>\n<meta property=\"og:image\" content=\"https:\/\/kicka.eu\/wp-content\/uploads\/2022\/03\/RL2242.jpeg\" \/>\n\t<meta property=\"og:image:width\" content=\"850\" \/>\n\t<meta property=\"og:image:height\" content=\"850\" \/>\n\t<meta property=\"og:image:type\" content=\"image\/jpeg\" \/>\n<meta name=\"twitter:card\" content=\"summary_large_image\" \/>\n<script type=\"application\/ld+json\" class=\"yoast-schema-graph\">{\"@context\":\"https:\/\/schema.org\",\"@graph\":[{\"@type\":\"WebPage\",\"@id\":\"https:\/\/kicka.eu\/fi\/produkt\/juicy-jays-original\/\",\"url\":\"https:\/\/kicka.eu\/fi\/produkt\/juicy-jays-original\/\",\"name\":\"Juicy Jay's Original - Kicka\",\"isPartOf\":{\"@id\":\"https:\/\/kicka.eu\/fi\/#website\"},\"primaryImageOfPage\":{\"@id\":\"https:\/\/kicka.eu\/fi\/produkt\/juicy-jays-original\/#primaryimage\"},\"image\":{\"@id\":\"https:\/\/kicka.eu\/fi\/produkt\/juicy-jays-original\/#primaryimage\"},\"thumbnailUrl\":\"https:\/\/kicka.eu\/wp-content\/uploads\/2022\/03\/RL2242.jpeg\",\"datePublished\":\"2023-05-18T20:26:50+00:00\",\"dateModified\":\"2023-06-25T15:14:12+00:00\",\"breadcrumb\":{\"@id\":\"https:\/\/kicka.eu\/fi\/produkt\/juicy-jays-original\/#breadcrumb\"},\"inLanguage\":\"fi\",\"potentialAction\":[{\"@type\":\"ReadAction\",\"target\":[\"https:\/\/kicka.eu\/fi\/produkt\/juicy-jays-original\/\"]}]},{\"@type\":\"ImageObject\",\"inLanguage\":\"fi\",\"@id\":\"https:\/\/kicka.eu\/fi\/produkt\/juicy-jays-original\/#primaryimage\",\"url\":\"https:\/\/kicka.eu\/wp-content\/uploads\/2022\/03\/RL2242.jpeg\",\"contentUrl\":\"https:\/\/kicka.eu\/wp-content\/uploads\/2022\/03\/RL2242.jpeg\",\"width\":850,\"height\":850},{\"@type\":\"BreadcrumbList\",\"@id\":\"https:\/\/kicka.eu\/fi\/produkt\/juicy-jays-original\/#breadcrumb\",\"itemListElement\":[{\"@type\":\"ListItem\",\"position\":1,\"name\":\"Home\",\"item\":\"https:\/\/kicka.eu\/fi\/\"},{\"@type\":\"ListItem\",\"position\":2,\"name\":\"Shop\",\"item\":\"https:\/\/kicka.eu\/sv\/shop\/\"},{\"@type\":\"ListItem\",\"position\":3,\"name\":\"Juicy Jay&#8217;s Original\"}]},{\"@type\":\"WebSite\",\"@id\":\"https:\/\/kicka.eu\/fi\/#website\",\"url\":\"https:\/\/kicka.eu\/fi\/\",\"name\":\"Kicka\",\"description\":\"Online Headshop\",\"publisher\":{\"@id\":\"https:\/\/kicka.eu\/fi\/#organization\"},\"potentialAction\":[{\"@type\":\"SearchAction\",\"target\":{\"@type\":\"EntryPoint\",\"urlTemplate\":\"https:\/\/kicka.eu\/fi\/?s={search_term_string}\"},\"query-input\":\"required name=search_term_string\"}],\"inLanguage\":\"fi\"},{\"@type\":\"Organization\",\"@id\":\"https:\/\/kicka.eu\/fi\/#organization\",\"name\":\"Kicka\",\"url\":\"https:\/\/kicka.eu\/fi\/\",\"logo\":{\"@type\":\"ImageObject\",\"inLanguage\":\"fi\",\"@id\":\"https:\/\/kicka.eu\/fi\/#\/schema\/logo\/image\/\",\"url\":\"https:\/\/kicka.eu\/wp-content\/uploads\/2023\/08\/Kicka-Logo.png\",\"contentUrl\":\"https:\/\/kicka.eu\/wp-content\/uploads\/2023\/08\/Kicka-Logo.png\",\"width\":233,\"height\":233,\"caption\":\"Kicka\"},\"image\":{\"@id\":\"https:\/\/kicka.eu\/fi\/#\/schema\/logo\/image\/\"}}]}<\/script>\n<!-- \/ Yoast SEO plugin. -->","yoast_head_json":{"title":"Juicy Jay's Original - Kicka","robots":{"index":"index","follow":"follow","max-snippet":"max-snippet:-1","max-image-preview":"max-image-preview:large","max-video-preview":"max-video-preview:-1"},"canonical":"https:\/\/kicka.eu\/fi\/produkt\/juicy-jays-original\/","og_locale":"fi_FI","og_type":"article","og_title":"Juicy Jay's Original - Kicka","og_description":"Varje saftig JAYs HEMP-omslag har en anv\u00e4ndbar limremsa som g\u00f6r det enkelt att rulla med s\u00e5v\u00e4l som ett f\u00f6rpackningsr\u00f6r.","og_url":"https:\/\/kicka.eu\/fi\/produkt\/juicy-jays-original\/","og_site_name":"Kicka","article_modified_time":"2023-06-25T15:14:12+00:00","og_image":[{"width":850,"height":850,"url":"https:\/\/kicka.eu\/wp-content\/uploads\/2022\/03\/RL2242.jpeg","type":"image\/jpeg"}],"twitter_card":"summary_large_image","schema":{"@context":"https:\/\/schema.org","@graph":[{"@type":"WebPage","@id":"https:\/\/kicka.eu\/fi\/produkt\/juicy-jays-original\/","url":"https:\/\/kicka.eu\/fi\/produkt\/juicy-jays-original\/","name":"Juicy Jay's Original - Kicka","isPartOf":{"@id":"https:\/\/kicka.eu\/fi\/#website"},"primaryImageOfPage":{"@id":"https:\/\/kicka.eu\/fi\/produkt\/juicy-jays-original\/#primaryimage"},"image":{"@id":"https:\/\/kicka.eu\/fi\/produkt\/juicy-jays-original\/#primaryimage"},"thumbnailUrl":"https:\/\/kicka.eu\/wp-content\/uploads\/2022\/03\/RL2242.jpeg","datePublished":"2023-05-18T20:26:50+00:00","dateModified":"2023-06-25T15:14:12+00:00","breadcrumb":{"@id":"https:\/\/kicka.eu\/fi\/produkt\/juicy-jays-original\/#breadcrumb"},"inLanguage":"fi","potentialAction":[{"@type":"ReadAction","target":["https:\/\/kicka.eu\/fi\/produkt\/juicy-jays-original\/"]}]},{"@type":"ImageObject","inLanguage":"fi","@id":"https:\/\/kicka.eu\/fi\/produkt\/juicy-jays-original\/#primaryimage","url":"https:\/\/kicka.eu\/wp-content\/uploads\/2022\/03\/RL2242.jpeg","contentUrl":"https:\/\/kicka.eu\/wp-content\/uploads\/2022\/03\/RL2242.jpeg","width":850,"height":850},{"@type":"BreadcrumbList","@id":"https:\/\/kicka.eu\/fi\/produkt\/juicy-jays-original\/#breadcrumb","itemListElement":[{"@type":"ListItem","position":1,"name":"Home","item":"https:\/\/kicka.eu\/fi\/"},{"@type":"ListItem","position":2,"name":"Shop","item":"https:\/\/kicka.eu\/sv\/shop\/"},{"@type":"ListItem","position":3,"name":"Juicy Jay&#8217;s Original"}]},{"@type":"WebSite","@id":"https:\/\/kicka.eu\/fi\/#website","url":"https:\/\/kicka.eu\/fi\/","name":"Kicka","description":"Online Headshop","publisher":{"@id":"https:\/\/kicka.eu\/fi\/#organization"},"potentialAction":[{"@type":"SearchAction","target":{"@type":"EntryPoint","urlTemplate":"https:\/\/kicka.eu\/fi\/?s={search_term_string}"},"query-input":"required name=search_term_string"}],"inLanguage":"fi"},{"@type":"Organization","@id":"https:\/\/kicka.eu\/fi\/#organization","name":"Kicka","url":"https:\/\/kicka.eu\/fi\/","logo":{"@type":"ImageObject","inLanguage":"fi","@id":"https:\/\/kicka.eu\/fi\/#\/schema\/logo\/image\/","url":"https:\/\/kicka.eu\/wp-content\/uploads\/2023\/08\/Kicka-Logo.png","contentUrl":"https:\/\/kicka.eu\/wp-content\/uploads\/2023\/08\/Kicka-Logo.png","width":233,"height":233,"caption":"Kicka"},"image":{"@id":"https:\/\/kicka.eu\/fi\/#\/schema\/logo\/image\/"}}]}},"_links":{"self":[{"href":"https:\/\/kicka.eu\/fi\/wp-json\/wp\/v2\/product\/41004","targetHints":{"allow":["GET"]}}],"collection":[{"href":"https:\/\/kicka.eu\/fi\/wp-json\/wp\/v2\/product"}],"about":[{"href":"https:\/\/kicka.eu\/fi\/wp-json\/wp\/v2\/types\/product"}],"replies":[{"embeddable":true,"href":"https:\/\/kicka.eu\/fi\/wp-json\/wp\/v2\/comments?post=41004"}],"wp:featuredmedia":[{"embeddable":true,"href":"https:\/\/kicka.eu\/fi\/wp-json\/wp\/v2\/media\/582"}],"wp:attachment":[{"href":"https:\/\/kicka.eu\/fi\/wp-json\/wp\/v2\/media?parent=41004"}],"wp:term":[{"taxonomy":"product_cat","embeddable":true,"href":"https:\/\/kicka.eu\/fi\/wp-json\/wp\/v2\/product_cat?post=41004"},{"taxonomy":"product_tag","embeddable":true,"href":"https:\/\/kicka.eu\/fi\/wp-json\/wp\/v2\/product_tag?post=41004"}],"curies":[{"name":"wp","href":"https:\/\/api.w.org\/{rel}","templated":true}]}}