{"id":41002,"date":"2023-05-18T22:26:49","date_gmt":"2023-05-18T20:26:49","guid":{"rendered":"https:\/\/kicka.eu\/product\/jonathan-adler-x-higher-standards-smolder-coasters\/"},"modified":"2024-01-24T21:35:05","modified_gmt":"2024-01-24T20:35:05","slug":"jonathan-adler-x-higher-standards-smolder-coasters","status":"publish","type":"product","link":"https:\/\/kicka.eu\/fi\/produkt\/jonathan-adler-x-higher-standards-smolder-coasters\/","title":{"rendered":"Jonathan Adler X Higher Standards Smolder Coasters"},"content":{"rendered":"","protected":false},"excerpt":{"rendered":"<p>Skydda ytor mot br\u00e4nnskador och cirklar med denna upps\u00e4ttning specialdesignade porslinskustar av Jonathan Adler f\u00f6r h\u00f6gre standarder. Varje l\u00e5da inneh\u00e5ller 4 underl\u00e4gg. Egenskaper Diameter: 10,2 cm Handgjorda glaserade l\u00e4ppar Design gjord av h\u00f6gfyrade porslinv\u00e4rme och slitstarkt handtv\u00e4tt<\/p>\n","protected":false},"featured_media":340,"comment_status":"open","ping_status":"closed","template":"","meta":{"_acf_changed":false,"_et_pb_use_builder":"","_et_pb_old_content":"","_et_gb_content_width":"","om_disable_all_campaigns":false,"_monsterinsights_skip_tracking":false,"_monsterinsights_sitenote_active":false,"_monsterinsights_sitenote_note":"","_monsterinsights_sitenote_category":0,"_uf_show_specific_survey":0,"_uf_disable_surveys":false},"product_cat":[30],"product_tag":[49],"class_list":{"0":"post-41002","1":"product","2":"type-product","3":"status-publish","4":"has-post-thumbnail","6":"product_cat-tillbehor","7":"product_tag-askfat","8":"pa_varumarken-higher-standards","10":"first","11":"onbackorder","12":"taxable","13":"shipping-taxable","14":"purchasable","15":"product-type-simple"},"acf":[],"yoast_head":"<!-- This site is optimized with the Yoast SEO plugin v22.8 - https:\/\/yoast.com\/wordpress\/plugins\/seo\/ -->\n<title>Jonathan Adler X Higher Standards Smolder Coasters - Kicka<\/title>\n<meta name=\"robots\" content=\"index, follow, max-snippet:-1, max-image-preview:large, max-video-preview:-1\" \/>\n<link rel=\"canonical\" href=\"https:\/\/kicka.eu\/fi\/produkt\/jonathan-adler-x-higher-standards-smolder-coasters\/\" \/>\n<meta property=\"og:locale\" content=\"fi_FI\" \/>\n<meta property=\"og:type\" content=\"article\" \/>\n<meta property=\"og:title\" content=\"Jonathan Adler X Higher Standards Smolder Coasters - Kicka\" \/>\n<meta property=\"og:description\" content=\"Skydda ytor mot br\u00e4nnskador och cirklar med denna upps\u00e4ttning specialdesignade porslinskustar av Jonathan Adler f\u00f6r h\u00f6gre standarder. Varje l\u00e5da inneh\u00e5ller 4 underl\u00e4gg. Egenskaper Diameter: 10,2 cm Handgjorda glaserade l\u00e4ppar Design gjord av h\u00f6gfyrade porslinv\u00e4rme och slitstarkt handtv\u00e4tt\" \/>\n<meta property=\"og:url\" content=\"https:\/\/kicka.eu\/fi\/produkt\/jonathan-adler-x-higher-standards-smolder-coasters\/\" \/>\n<meta property=\"og:site_name\" content=\"Kicka\" \/>\n<meta property=\"article:modified_time\" content=\"2024-01-24T20:35:05+00:00\" \/>\n<meta property=\"og:image\" content=\"https:\/\/kicka.eu\/wp-content\/uploads\/2022\/03\/16724.jpeg\" \/>\n\t<meta property=\"og:image:width\" content=\"800\" \/>\n\t<meta property=\"og:image:height\" content=\"800\" \/>\n\t<meta property=\"og:image:type\" content=\"image\/jpeg\" \/>\n<meta name=\"twitter:card\" content=\"summary_large_image\" \/>\n<script type=\"application\/ld+json\" class=\"yoast-schema-graph\">{\"@context\":\"https:\/\/schema.org\",\"@graph\":[{\"@type\":\"WebPage\",\"@id\":\"https:\/\/kicka.eu\/fi\/produkt\/jonathan-adler-x-higher-standards-smolder-coasters\/\",\"url\":\"https:\/\/kicka.eu\/fi\/produkt\/jonathan-adler-x-higher-standards-smolder-coasters\/\",\"name\":\"Jonathan Adler X Higher Standards Smolder Coasters - Kicka\",\"isPartOf\":{\"@id\":\"https:\/\/kicka.eu\/fi\/#website\"},\"primaryImageOfPage\":{\"@id\":\"https:\/\/kicka.eu\/fi\/produkt\/jonathan-adler-x-higher-standards-smolder-coasters\/#primaryimage\"},\"image\":{\"@id\":\"https:\/\/kicka.eu\/fi\/produkt\/jonathan-adler-x-higher-standards-smolder-coasters\/#primaryimage\"},\"thumbnailUrl\":\"https:\/\/kicka.eu\/wp-content\/uploads\/2022\/03\/16724.jpeg\",\"datePublished\":\"2023-05-18T20:26:49+00:00\",\"dateModified\":\"2024-01-24T20:35:05+00:00\",\"breadcrumb\":{\"@id\":\"https:\/\/kicka.eu\/fi\/produkt\/jonathan-adler-x-higher-standards-smolder-coasters\/#breadcrumb\"},\"inLanguage\":\"fi\",\"potentialAction\":[{\"@type\":\"ReadAction\",\"target\":[\"https:\/\/kicka.eu\/fi\/produkt\/jonathan-adler-x-higher-standards-smolder-coasters\/\"]}]},{\"@type\":\"ImageObject\",\"inLanguage\":\"fi\",\"@id\":\"https:\/\/kicka.eu\/fi\/produkt\/jonathan-adler-x-higher-standards-smolder-coasters\/#primaryimage\",\"url\":\"https:\/\/kicka.eu\/wp-content\/uploads\/2022\/03\/16724.jpeg\",\"contentUrl\":\"https:\/\/kicka.eu\/wp-content\/uploads\/2022\/03\/16724.jpeg\",\"width\":800,\"height\":800},{\"@type\":\"BreadcrumbList\",\"@id\":\"https:\/\/kicka.eu\/fi\/produkt\/jonathan-adler-x-higher-standards-smolder-coasters\/#breadcrumb\",\"itemListElement\":[{\"@type\":\"ListItem\",\"position\":1,\"name\":\"Home\",\"item\":\"https:\/\/kicka.eu\/fi\/\"},{\"@type\":\"ListItem\",\"position\":2,\"name\":\"Shop\",\"item\":\"https:\/\/kicka.eu\/sv\/shop\/\"},{\"@type\":\"ListItem\",\"position\":3,\"name\":\"Jonathan Adler X Higher Standards Smolder Coasters\"}]},{\"@type\":\"WebSite\",\"@id\":\"https:\/\/kicka.eu\/fi\/#website\",\"url\":\"https:\/\/kicka.eu\/fi\/\",\"name\":\"Kicka\",\"description\":\"Online Headshop\",\"publisher\":{\"@id\":\"https:\/\/kicka.eu\/fi\/#organization\"},\"potentialAction\":[{\"@type\":\"SearchAction\",\"target\":{\"@type\":\"EntryPoint\",\"urlTemplate\":\"https:\/\/kicka.eu\/fi\/?s={search_term_string}\"},\"query-input\":\"required name=search_term_string\"}],\"inLanguage\":\"fi\"},{\"@type\":\"Organization\",\"@id\":\"https:\/\/kicka.eu\/fi\/#organization\",\"name\":\"Kicka\",\"url\":\"https:\/\/kicka.eu\/fi\/\",\"logo\":{\"@type\":\"ImageObject\",\"inLanguage\":\"fi\",\"@id\":\"https:\/\/kicka.eu\/fi\/#\/schema\/logo\/image\/\",\"url\":\"https:\/\/kicka.eu\/wp-content\/uploads\/2023\/08\/Kicka-Logo.png\",\"contentUrl\":\"https:\/\/kicka.eu\/wp-content\/uploads\/2023\/08\/Kicka-Logo.png\",\"width\":233,\"height\":233,\"caption\":\"Kicka\"},\"image\":{\"@id\":\"https:\/\/kicka.eu\/fi\/#\/schema\/logo\/image\/\"}}]}<\/script>\n<!-- \/ Yoast SEO plugin. -->","yoast_head_json":{"title":"Jonathan Adler X Higher Standards Smolder Coasters - Kicka","robots":{"index":"index","follow":"follow","max-snippet":"max-snippet:-1","max-image-preview":"max-image-preview:large","max-video-preview":"max-video-preview:-1"},"canonical":"https:\/\/kicka.eu\/fi\/produkt\/jonathan-adler-x-higher-standards-smolder-coasters\/","og_locale":"fi_FI","og_type":"article","og_title":"Jonathan Adler X Higher Standards Smolder Coasters - Kicka","og_description":"Skydda ytor mot br\u00e4nnskador och cirklar med denna upps\u00e4ttning specialdesignade porslinskustar av Jonathan Adler f\u00f6r h\u00f6gre standarder. Varje l\u00e5da inneh\u00e5ller 4 underl\u00e4gg. Egenskaper Diameter: 10,2 cm Handgjorda glaserade l\u00e4ppar Design gjord av h\u00f6gfyrade porslinv\u00e4rme och slitstarkt handtv\u00e4tt","og_url":"https:\/\/kicka.eu\/fi\/produkt\/jonathan-adler-x-higher-standards-smolder-coasters\/","og_site_name":"Kicka","article_modified_time":"2024-01-24T20:35:05+00:00","og_image":[{"width":800,"height":800,"url":"https:\/\/kicka.eu\/wp-content\/uploads\/2022\/03\/16724.jpeg","type":"image\/jpeg"}],"twitter_card":"summary_large_image","schema":{"@context":"https:\/\/schema.org","@graph":[{"@type":"WebPage","@id":"https:\/\/kicka.eu\/fi\/produkt\/jonathan-adler-x-higher-standards-smolder-coasters\/","url":"https:\/\/kicka.eu\/fi\/produkt\/jonathan-adler-x-higher-standards-smolder-coasters\/","name":"Jonathan Adler X Higher Standards Smolder Coasters - Kicka","isPartOf":{"@id":"https:\/\/kicka.eu\/fi\/#website"},"primaryImageOfPage":{"@id":"https:\/\/kicka.eu\/fi\/produkt\/jonathan-adler-x-higher-standards-smolder-coasters\/#primaryimage"},"image":{"@id":"https:\/\/kicka.eu\/fi\/produkt\/jonathan-adler-x-higher-standards-smolder-coasters\/#primaryimage"},"thumbnailUrl":"https:\/\/kicka.eu\/wp-content\/uploads\/2022\/03\/16724.jpeg","datePublished":"2023-05-18T20:26:49+00:00","dateModified":"2024-01-24T20:35:05+00:00","breadcrumb":{"@id":"https:\/\/kicka.eu\/fi\/produkt\/jonathan-adler-x-higher-standards-smolder-coasters\/#breadcrumb"},"inLanguage":"fi","potentialAction":[{"@type":"ReadAction","target":["https:\/\/kicka.eu\/fi\/produkt\/jonathan-adler-x-higher-standards-smolder-coasters\/"]}]},{"@type":"ImageObject","inLanguage":"fi","@id":"https:\/\/kicka.eu\/fi\/produkt\/jonathan-adler-x-higher-standards-smolder-coasters\/#primaryimage","url":"https:\/\/kicka.eu\/wp-content\/uploads\/2022\/03\/16724.jpeg","contentUrl":"https:\/\/kicka.eu\/wp-content\/uploads\/2022\/03\/16724.jpeg","width":800,"height":800},{"@type":"BreadcrumbList","@id":"https:\/\/kicka.eu\/fi\/produkt\/jonathan-adler-x-higher-standards-smolder-coasters\/#breadcrumb","itemListElement":[{"@type":"ListItem","position":1,"name":"Home","item":"https:\/\/kicka.eu\/fi\/"},{"@type":"ListItem","position":2,"name":"Shop","item":"https:\/\/kicka.eu\/sv\/shop\/"},{"@type":"ListItem","position":3,"name":"Jonathan Adler X Higher Standards Smolder Coasters"}]},{"@type":"WebSite","@id":"https:\/\/kicka.eu\/fi\/#website","url":"https:\/\/kicka.eu\/fi\/","name":"Kicka","description":"Online Headshop","publisher":{"@id":"https:\/\/kicka.eu\/fi\/#organization"},"potentialAction":[{"@type":"SearchAction","target":{"@type":"EntryPoint","urlTemplate":"https:\/\/kicka.eu\/fi\/?s={search_term_string}"},"query-input":"required name=search_term_string"}],"inLanguage":"fi"},{"@type":"Organization","@id":"https:\/\/kicka.eu\/fi\/#organization","name":"Kicka","url":"https:\/\/kicka.eu\/fi\/","logo":{"@type":"ImageObject","inLanguage":"fi","@id":"https:\/\/kicka.eu\/fi\/#\/schema\/logo\/image\/","url":"https:\/\/kicka.eu\/wp-content\/uploads\/2023\/08\/Kicka-Logo.png","contentUrl":"https:\/\/kicka.eu\/wp-content\/uploads\/2023\/08\/Kicka-Logo.png","width":233,"height":233,"caption":"Kicka"},"image":{"@id":"https:\/\/kicka.eu\/fi\/#\/schema\/logo\/image\/"}}]}},"_links":{"self":[{"href":"https:\/\/kicka.eu\/fi\/wp-json\/wp\/v2\/product\/41002","targetHints":{"allow":["GET"]}}],"collection":[{"href":"https:\/\/kicka.eu\/fi\/wp-json\/wp\/v2\/product"}],"about":[{"href":"https:\/\/kicka.eu\/fi\/wp-json\/wp\/v2\/types\/product"}],"replies":[{"embeddable":true,"href":"https:\/\/kicka.eu\/fi\/wp-json\/wp\/v2\/comments?post=41002"}],"wp:featuredmedia":[{"embeddable":true,"href":"https:\/\/kicka.eu\/fi\/wp-json\/wp\/v2\/media\/340"}],"wp:attachment":[{"href":"https:\/\/kicka.eu\/fi\/wp-json\/wp\/v2\/media?parent=41002"}],"wp:term":[{"taxonomy":"product_cat","embeddable":true,"href":"https:\/\/kicka.eu\/fi\/wp-json\/wp\/v2\/product_cat?post=41002"},{"taxonomy":"product_tag","embeddable":true,"href":"https:\/\/kicka.eu\/fi\/wp-json\/wp\/v2\/product_tag?post=41002"}],"curies":[{"name":"wp","href":"https:\/\/api.w.org\/{rel}","templated":true}]}}