{"id":40912,"date":"2023-05-18T22:26:28","date_gmt":"2023-05-18T20:26:28","guid":{"rendered":"https:\/\/kicka.eu\/product\/cookies-x-g-pen-roam-vaporizer\/"},"modified":"2023-08-17T02:50:17","modified_gmt":"2023-08-17T00:50:17","slug":"cookies-x-g-pen-roam-vaporizer","status":"publish","type":"product","link":"https:\/\/kicka.eu\/fi\/produkt\/cookies-x-g-pen-roam-vaporizer\/","title":{"rendered":"Cookies X G Pen Roam Vaporizer"},"content":{"rendered":"","protected":false},"excerpt":{"rendered":"<p>Kakorna X G Pen Roam \u00e4r en begr\u00e4nsad upplaga av den kraftiga koncentratf\u00f6r\u00e5ngaren med kakor &#8221;Original Colourway and Logo.<\/p>\n<p>G Pen Roam kombinerar vattenfiltrering, en full kvarts tank och ett kraftfullt 1300 mAh-batteri, allt som i en kompakt kropp gjordes i en h\u00e5llbar och l\u00e4tt aluminiumlegering. Kvartanken p\u00e5 v\u00e4vningen g\u00f6r ett fantastiskt jobb f\u00f6r att spara materialets smak, medan glasr\u00f6ret renar och kyler dina drag. Njut av de smidigaste tr\u00e4ffarna fr\u00e5n vandra, \u00e4ven med h\u00f6gt temperaturomr\u00e5de p\u00e5 204 \u00b0 C &#8211; 427 \u00b0 C.<\/p>\n<p>Funktioner<\/p>\n<p>    Cookies inspirerad design<\/p>\n<p>    H\u00e5llbar b\u00e4rbar koncentratf\u00f6r\u00e5ngare<\/p>\n<p>    Full temperaturkontroll mellan 204 \u00b0 -427 \u00b0 C<\/p>\n<p>    Full Quartz Tank<\/p>\n<p>    Glashydro-r\u00f6r vattenfiltreringssystem<\/p>\n<p>    Genomg\u00e5ende laddning<\/p>\n<p>    1300 mAh batteri<\/p>\n<p>    Haptisk \u00e5terkoppling<\/p>\n<p>Vad finns i boxen<\/p>\n<p>    1x cookies x g penna veam f\u00f6r\u00e5ngare<\/p>\n<p>    1x kvarts tank<\/p>\n<p>    1x tankskydd<\/p>\n<p>    1x munstycke<\/p>\n<p>    1x glasr\u00f6r<\/p>\n<p>    1x mikro-USB-laddningskabel<\/p>\n<p>    1x resefall<\/p>\n<p>    1x lastverktyg<\/p>\n<p>    1x reng\u00f6ringstips<\/p>\n","protected":false},"featured_media":456,"comment_status":"open","ping_status":"closed","template":"","meta":{"_acf_changed":false,"_et_pb_use_builder":"","_et_pb_old_content":"","_et_gb_content_width":"","om_disable_all_campaigns":false,"_monsterinsights_skip_tracking":false,"_monsterinsights_sitenote_active":false,"_monsterinsights_sitenote_note":"","_monsterinsights_sitenote_category":0,"_uf_show_specific_survey":0,"_uf_disable_surveys":false},"product_cat":[28],"product_tag":[29],"class_list":{"0":"post-40912","1":"product","2":"type-product","3":"status-publish","4":"has-post-thumbnail","6":"product_cat-vape","7":"product_tag-vaporizers","8":"pa_varumarken-g-pen","10":"first","11":"instock","12":"taxable","13":"shipping-taxable","14":"purchasable","15":"product-type-simple"},"acf":[],"yoast_head":"<!-- This site is optimized with the Yoast SEO plugin v22.8 - https:\/\/yoast.com\/wordpress\/plugins\/seo\/ -->\n<title>Cookies X G Pen Roam Vaporizer - Kicka<\/title>\n<meta name=\"robots\" content=\"index, follow, max-snippet:-1, max-image-preview:large, max-video-preview:-1\" \/>\n<link rel=\"canonical\" href=\"https:\/\/kicka.eu\/fi\/produkt\/cookies-x-g-pen-roam-vaporizer\/\" \/>\n<meta property=\"og:locale\" content=\"fi_FI\" \/>\n<meta property=\"og:type\" content=\"article\" \/>\n<meta property=\"og:title\" content=\"Cookies X G Pen Roam Vaporizer - Kicka\" \/>\n<meta property=\"og:description\" content=\"Kakorna X G Pen Roam \u00e4r en begr\u00e4nsad upplaga av den kraftiga koncentratf\u00f6r\u00e5ngaren med kakor &quot;Original Colourway and Logo.     G Pen Roam kombinerar vattenfiltrering, en full kvarts tank och ett kraftfullt 1300 mAh-batteri, allt som i en kompakt kropp gjordes i en h\u00e5llbar och l\u00e4tt aluminiumlegering. Kvartanken p\u00e5 v\u00e4vningen g\u00f6r ett fantastiskt jobb f\u00f6r att spara materialets smak, medan glasr\u00f6ret renar och kyler dina drag. Njut av de smidigaste tr\u00e4ffarna fr\u00e5n vandra, \u00e4ven med h\u00f6gt temperaturomr\u00e5de p\u00e5 204 \u00b0 C - 427 \u00b0 C.  Funktioner    Cookies inspirerad design    H\u00e5llbar b\u00e4rbar koncentratf\u00f6r\u00e5ngare    Full temperaturkontroll mellan 204 \u00b0 -427 \u00b0 C    Full Quartz Tank    Glashydro-r\u00f6r vattenfiltreringssystem    Genomg\u00e5ende laddning    1300 mAh batteri    Haptisk \u00e5terkoppling  Vad finns i boxen    1x cookies x g penna veam f\u00f6r\u00e5ngare    1x kvarts tank    1x tankskydd    1x munstycke    1x glasr\u00f6r    1x mikro-USB-laddningskabel    1x resefall    1x lastverktyg    1x reng\u00f6ringstips\" \/>\n<meta property=\"og:url\" content=\"https:\/\/kicka.eu\/fi\/produkt\/cookies-x-g-pen-roam-vaporizer\/\" \/>\n<meta property=\"og:site_name\" content=\"Kicka\" \/>\n<meta property=\"article:modified_time\" content=\"2023-08-17T00:50:17+00:00\" \/>\n<meta property=\"og:image\" content=\"https:\/\/kicka.eu\/wp-content\/uploads\/2022\/03\/19938.jpeg\" \/>\n\t<meta property=\"og:image:width\" content=\"1020\" \/>\n\t<meta property=\"og:image:height\" content=\"850\" \/>\n\t<meta property=\"og:image:type\" content=\"image\/jpeg\" \/>\n<meta name=\"twitter:card\" content=\"summary_large_image\" \/>\n<script type=\"application\/ld+json\" class=\"yoast-schema-graph\">{\"@context\":\"https:\/\/schema.org\",\"@graph\":[{\"@type\":\"WebPage\",\"@id\":\"https:\/\/kicka.eu\/fi\/produkt\/cookies-x-g-pen-roam-vaporizer\/\",\"url\":\"https:\/\/kicka.eu\/fi\/produkt\/cookies-x-g-pen-roam-vaporizer\/\",\"name\":\"Cookies X G Pen Roam Vaporizer - Kicka\",\"isPartOf\":{\"@id\":\"https:\/\/kicka.eu\/fi\/#website\"},\"primaryImageOfPage\":{\"@id\":\"https:\/\/kicka.eu\/fi\/produkt\/cookies-x-g-pen-roam-vaporizer\/#primaryimage\"},\"image\":{\"@id\":\"https:\/\/kicka.eu\/fi\/produkt\/cookies-x-g-pen-roam-vaporizer\/#primaryimage\"},\"thumbnailUrl\":\"https:\/\/kicka.eu\/wp-content\/uploads\/2022\/03\/19938.jpeg\",\"datePublished\":\"2023-05-18T20:26:28+00:00\",\"dateModified\":\"2023-08-17T00:50:17+00:00\",\"breadcrumb\":{\"@id\":\"https:\/\/kicka.eu\/fi\/produkt\/cookies-x-g-pen-roam-vaporizer\/#breadcrumb\"},\"inLanguage\":\"fi\",\"potentialAction\":[{\"@type\":\"ReadAction\",\"target\":[\"https:\/\/kicka.eu\/fi\/produkt\/cookies-x-g-pen-roam-vaporizer\/\"]}]},{\"@type\":\"ImageObject\",\"inLanguage\":\"fi\",\"@id\":\"https:\/\/kicka.eu\/fi\/produkt\/cookies-x-g-pen-roam-vaporizer\/#primaryimage\",\"url\":\"https:\/\/kicka.eu\/wp-content\/uploads\/2022\/03\/19938.jpeg\",\"contentUrl\":\"https:\/\/kicka.eu\/wp-content\/uploads\/2022\/03\/19938.jpeg\",\"width\":1020,\"height\":850},{\"@type\":\"BreadcrumbList\",\"@id\":\"https:\/\/kicka.eu\/fi\/produkt\/cookies-x-g-pen-roam-vaporizer\/#breadcrumb\",\"itemListElement\":[{\"@type\":\"ListItem\",\"position\":1,\"name\":\"Home\",\"item\":\"https:\/\/kicka.eu\/fi\/\"},{\"@type\":\"ListItem\",\"position\":2,\"name\":\"Shop\",\"item\":\"https:\/\/kicka.eu\/sv\/shop\/\"},{\"@type\":\"ListItem\",\"position\":3,\"name\":\"Cookies X G Pen Roam Vaporizer\"}]},{\"@type\":\"WebSite\",\"@id\":\"https:\/\/kicka.eu\/fi\/#website\",\"url\":\"https:\/\/kicka.eu\/fi\/\",\"name\":\"Kicka\",\"description\":\"Online Headshop\",\"publisher\":{\"@id\":\"https:\/\/kicka.eu\/fi\/#organization\"},\"potentialAction\":[{\"@type\":\"SearchAction\",\"target\":{\"@type\":\"EntryPoint\",\"urlTemplate\":\"https:\/\/kicka.eu\/fi\/?s={search_term_string}\"},\"query-input\":\"required name=search_term_string\"}],\"inLanguage\":\"fi\"},{\"@type\":\"Organization\",\"@id\":\"https:\/\/kicka.eu\/fi\/#organization\",\"name\":\"Kicka\",\"url\":\"https:\/\/kicka.eu\/fi\/\",\"logo\":{\"@type\":\"ImageObject\",\"inLanguage\":\"fi\",\"@id\":\"https:\/\/kicka.eu\/fi\/#\/schema\/logo\/image\/\",\"url\":\"https:\/\/kicka.eu\/wp-content\/uploads\/2023\/08\/Kicka-Logo.png\",\"contentUrl\":\"https:\/\/kicka.eu\/wp-content\/uploads\/2023\/08\/Kicka-Logo.png\",\"width\":233,\"height\":233,\"caption\":\"Kicka\"},\"image\":{\"@id\":\"https:\/\/kicka.eu\/fi\/#\/schema\/logo\/image\/\"}}]}<\/script>\n<!-- \/ Yoast SEO plugin. -->","yoast_head_json":{"title":"Cookies X G Pen Roam Vaporizer - Kicka","robots":{"index":"index","follow":"follow","max-snippet":"max-snippet:-1","max-image-preview":"max-image-preview:large","max-video-preview":"max-video-preview:-1"},"canonical":"https:\/\/kicka.eu\/fi\/produkt\/cookies-x-g-pen-roam-vaporizer\/","og_locale":"fi_FI","og_type":"article","og_title":"Cookies X G Pen Roam Vaporizer - Kicka","og_description":"Kakorna X G Pen Roam \u00e4r en begr\u00e4nsad upplaga av den kraftiga koncentratf\u00f6r\u00e5ngaren med kakor \"Original Colourway and Logo.     G Pen Roam kombinerar vattenfiltrering, en full kvarts tank och ett kraftfullt 1300 mAh-batteri, allt som i en kompakt kropp gjordes i en h\u00e5llbar och l\u00e4tt aluminiumlegering. Kvartanken p\u00e5 v\u00e4vningen g\u00f6r ett fantastiskt jobb f\u00f6r att spara materialets smak, medan glasr\u00f6ret renar och kyler dina drag. Njut av de smidigaste tr\u00e4ffarna fr\u00e5n vandra, \u00e4ven med h\u00f6gt temperaturomr\u00e5de p\u00e5 204 \u00b0 C - 427 \u00b0 C.  Funktioner    Cookies inspirerad design    H\u00e5llbar b\u00e4rbar koncentratf\u00f6r\u00e5ngare    Full temperaturkontroll mellan 204 \u00b0 -427 \u00b0 C    Full Quartz Tank    Glashydro-r\u00f6r vattenfiltreringssystem    Genomg\u00e5ende laddning    1300 mAh batteri    Haptisk \u00e5terkoppling  Vad finns i boxen    1x cookies x g penna veam f\u00f6r\u00e5ngare    1x kvarts tank    1x tankskydd    1x munstycke    1x glasr\u00f6r    1x mikro-USB-laddningskabel    1x resefall    1x lastverktyg    1x reng\u00f6ringstips","og_url":"https:\/\/kicka.eu\/fi\/produkt\/cookies-x-g-pen-roam-vaporizer\/","og_site_name":"Kicka","article_modified_time":"2023-08-17T00:50:17+00:00","og_image":[{"width":1020,"height":850,"url":"https:\/\/kicka.eu\/wp-content\/uploads\/2022\/03\/19938.jpeg","type":"image\/jpeg"}],"twitter_card":"summary_large_image","schema":{"@context":"https:\/\/schema.org","@graph":[{"@type":"WebPage","@id":"https:\/\/kicka.eu\/fi\/produkt\/cookies-x-g-pen-roam-vaporizer\/","url":"https:\/\/kicka.eu\/fi\/produkt\/cookies-x-g-pen-roam-vaporizer\/","name":"Cookies X G Pen Roam Vaporizer - Kicka","isPartOf":{"@id":"https:\/\/kicka.eu\/fi\/#website"},"primaryImageOfPage":{"@id":"https:\/\/kicka.eu\/fi\/produkt\/cookies-x-g-pen-roam-vaporizer\/#primaryimage"},"image":{"@id":"https:\/\/kicka.eu\/fi\/produkt\/cookies-x-g-pen-roam-vaporizer\/#primaryimage"},"thumbnailUrl":"https:\/\/kicka.eu\/wp-content\/uploads\/2022\/03\/19938.jpeg","datePublished":"2023-05-18T20:26:28+00:00","dateModified":"2023-08-17T00:50:17+00:00","breadcrumb":{"@id":"https:\/\/kicka.eu\/fi\/produkt\/cookies-x-g-pen-roam-vaporizer\/#breadcrumb"},"inLanguage":"fi","potentialAction":[{"@type":"ReadAction","target":["https:\/\/kicka.eu\/fi\/produkt\/cookies-x-g-pen-roam-vaporizer\/"]}]},{"@type":"ImageObject","inLanguage":"fi","@id":"https:\/\/kicka.eu\/fi\/produkt\/cookies-x-g-pen-roam-vaporizer\/#primaryimage","url":"https:\/\/kicka.eu\/wp-content\/uploads\/2022\/03\/19938.jpeg","contentUrl":"https:\/\/kicka.eu\/wp-content\/uploads\/2022\/03\/19938.jpeg","width":1020,"height":850},{"@type":"BreadcrumbList","@id":"https:\/\/kicka.eu\/fi\/produkt\/cookies-x-g-pen-roam-vaporizer\/#breadcrumb","itemListElement":[{"@type":"ListItem","position":1,"name":"Home","item":"https:\/\/kicka.eu\/fi\/"},{"@type":"ListItem","position":2,"name":"Shop","item":"https:\/\/kicka.eu\/sv\/shop\/"},{"@type":"ListItem","position":3,"name":"Cookies X G Pen Roam Vaporizer"}]},{"@type":"WebSite","@id":"https:\/\/kicka.eu\/fi\/#website","url":"https:\/\/kicka.eu\/fi\/","name":"Kicka","description":"Online Headshop","publisher":{"@id":"https:\/\/kicka.eu\/fi\/#organization"},"potentialAction":[{"@type":"SearchAction","target":{"@type":"EntryPoint","urlTemplate":"https:\/\/kicka.eu\/fi\/?s={search_term_string}"},"query-input":"required name=search_term_string"}],"inLanguage":"fi"},{"@type":"Organization","@id":"https:\/\/kicka.eu\/fi\/#organization","name":"Kicka","url":"https:\/\/kicka.eu\/fi\/","logo":{"@type":"ImageObject","inLanguage":"fi","@id":"https:\/\/kicka.eu\/fi\/#\/schema\/logo\/image\/","url":"https:\/\/kicka.eu\/wp-content\/uploads\/2023\/08\/Kicka-Logo.png","contentUrl":"https:\/\/kicka.eu\/wp-content\/uploads\/2023\/08\/Kicka-Logo.png","width":233,"height":233,"caption":"Kicka"},"image":{"@id":"https:\/\/kicka.eu\/fi\/#\/schema\/logo\/image\/"}}]}},"_links":{"self":[{"href":"https:\/\/kicka.eu\/fi\/wp-json\/wp\/v2\/product\/40912","targetHints":{"allow":["GET"]}}],"collection":[{"href":"https:\/\/kicka.eu\/fi\/wp-json\/wp\/v2\/product"}],"about":[{"href":"https:\/\/kicka.eu\/fi\/wp-json\/wp\/v2\/types\/product"}],"replies":[{"embeddable":true,"href":"https:\/\/kicka.eu\/fi\/wp-json\/wp\/v2\/comments?post=40912"}],"wp:featuredmedia":[{"embeddable":true,"href":"https:\/\/kicka.eu\/fi\/wp-json\/wp\/v2\/media\/456"}],"wp:attachment":[{"href":"https:\/\/kicka.eu\/fi\/wp-json\/wp\/v2\/media?parent=40912"}],"wp:term":[{"taxonomy":"product_cat","embeddable":true,"href":"https:\/\/kicka.eu\/fi\/wp-json\/wp\/v2\/product_cat?post=40912"},{"taxonomy":"product_tag","embeddable":true,"href":"https:\/\/kicka.eu\/fi\/wp-json\/wp\/v2\/product_tag?post=40912"}],"curies":[{"name":"wp","href":"https:\/\/api.w.org\/{rel}","templated":true}]}}